{"id":166272,"date":"2022-11-11T07:39:01","date_gmt":"2022-11-11T06:39:01","guid":{"rendered":"https:\/\/marktxxl.de\/markt\/produkt\/skandika-led-lampe-kiruna-retro-outdoor-campinglampe-mit-powerbank-stufenlos-dimmbar-kabellos-akku-aufladbar-usb-warm-und-kaltweiss-75h-leuchtzeit\/"},"modified":"2023-04-11T04:51:21","modified_gmt":"2023-04-11T02:51:21","slug":"skandika-led-lampe-kiruna-retro-outdoor-campinglampe-mit-powerbank-stufenlos-dimmbar-kabellos-akku-aufladbar-usb-warm-und-kaltweiss-75h-leuchtzeit","status":"publish","type":"product","link":"https:\/\/marktxxl.de\/markt\/produkt\/skandika-led-lampe-kiruna-retro-outdoor-campinglampe-mit-powerbank-stufenlos-dimmbar-kabellos-akku-aufladbar-usb-warm-und-kaltweiss-75h-leuchtzeit\/","title":{"rendered":"Skandika LED-Lampe Kiruna | Retro Outdoor Campinglampe mit Powerbank, stufenlos dimmbar, kabellos, Akku, aufladbar, USB\u2026"},"content":{"rendered":"<p>\u2714 MULTITALENT: Die Outdoor-Laterne hat eine starke Lichtleistung von 370 Lumen. Die integrierte Powerbank sorgt daf\u00fcr, dass USB-Ger\u00e4te wie zum Beispiel Smartphones aufgeladen werden k\u00f6nnen \u2013 ist das nicht praktisch im Campingurlaub?<br \/>\n\u2714 AUFLADBARE AKKUS: Der Akku h\u00e4lt dank der 5000 mAh Akkukapazit\u00e4t und den energiesparenden LEDs bis zu 75 h und ist \u00fcber USB wiederaufladbar.<br \/>\n\u2714 DIMMBAR &amp; LICHTFARBE: Das Licht ist stufenlos zwischen 5 und 100 % dimmbar. Die Farbtemperatur kann zwischen 2200 und 6500 Kelvin eingestellt werden, so kann zwischen warmwei\u00dfen und helles kaltwei\u00dfen Licht gew\u00e4hlt werden. Inklusive Leuchtmittel.<br \/>\n\u2714 NAT\u00dcRLICHES DESIGN: Das Hanfseil als auch der Bambussockel lassen die Laterne einerseits besonders stylisch aussehen, beg\u00fcnstigen andererseits auch die Langlebigkeit. Zudem ist sowohl Hanf als auch Bambus ein nachwachsender, nachhaltiger und ressourcenschonender Werkstoff.<br \/>\n\u2714 VIELSEITIG EINSETZBAR: Ob beim Campen als Campingzubeh\u00f6r im Zelt oder Wohnwagen, drau\u00dfen im Garten auf dem Tisch oder im Wohnzimmer oder Schlafzimmer, Kiruna ist ein toller Deko-Artikel, der Licht f\u00fcr eine gem\u00fctliche Atmosph\u00e4re liefert. Kiruna kann durch die Ringaufh\u00e4ngung oder das Seil im Zelt aufgehangen werden.<br \/>\n<div class=\"main-cross-sell\" data-asin=\"B0BB7HFNGZ\">\n\n\t<div class=\"WooZone-cross-sell-loader\">\n\t\t<div>\n\t\t\t<div id=\"floatingBarsG\">\n\t\t\t\t<div class=\"blockG\" id=\"rotateG_01\"><\/div>\n\t\t\t\t<div class=\"blockG\" id=\"rotateG_02\"><\/div>\n\t\t\t\t<div class=\"blockG\" id=\"rotateG_03\"><\/div>\n\t\t\t\t<div class=\"blockG\" id=\"rotateG_04\"><\/div>\n\t\t\t\t<div class=\"blockG\" id=\"rotateG_05\"><\/div>\n\t\t\t\t<div class=\"blockG\" id=\"rotateG_06\"><\/div>\n\t\t\t\t<div class=\"blockG\" id=\"rotateG_07\"><\/div>\n\t\t\t\t<div class=\"blockG\" id=\"rotateG_08\"><\/div>\n\t\t\t<\/div>\n\t\t\t<div class=\"WooZone-cross-sell-loader-text\"><\/div>\n\t\t<\/div>\n\t<\/div>\n\n\t\t\n<\/div>\n<div style=\"clear:both;\"><\/div><\/p>\n","protected":false},"excerpt":{"rendered":"<p>\u2714 MULTITALENT: Die Outdoor-Laterne hat eine starke Lichtleistung von 370 Lumen. Die integrierte Powerbank sorgt daf\u00fcr, dass USB-Ger\u00e4te wie zum Beispiel Smartphones aufgeladen werden k\u00f6nnen \u2013 ist das nicht praktisch im Campingurlaub?<br \/>\n\u2714 AUFLADBARE AKKUS: Der Akku h\u00e4lt dank der 5000 mAh Akkukapazit\u00e4t und den energiesparenden LEDs bis zu 75 h und ist \u00fcber USB wiederaufladbar.<br \/>\n\u2714 DIMMBAR &amp; LICHTFARBE: Das Licht ist stufenlos zwischen 5 und 100 % dimmbar. Die Farbtemperatur kann zwischen 2200 und 6500 Kelvin eingestellt werden, so kann zwischen warmwei\u00dfen und helles kaltwei\u00dfen Licht gew\u00e4hlt werden. Inklusive Leuchtmittel.<\/p>\n","protected":false},"featured_media":166273,"comment_status":"open","ping_status":"closed","template":"","meta":[],"product_brand":[],"product_cat":[2108],"product_tag":[],"class_list":{"0":"post-166272","1":"product","2":"type-product","3":"status-publish","4":"has-post-thumbnail","6":"product_cat-beleuchtung","7":"pa_brand-skandika","8":"pa_brand-thames-hudson","9":"pa_manufacturer-skandika","10":"pa_model-80001x","12":"first","13":"instock","14":"shipping-taxable","15":"purchasable","16":"product-type-simple","17":"customify-col","18":"product-has-gallery"},"yoast_head":"<!-- This site is optimized with the Yoast SEO plugin v27.4 - https:\/\/yoast.com\/product\/yoast-seo-wordpress\/ -->\n<title>Skandika LED-Lampe Kiruna | Retro Outdoor Campinglampe mit Powerbank, stufenlos dimmbar, kabellos, Akku, aufladbar, USB\u2026 - Markt-XXL<\/title>\n<meta name=\"description\" content=\"Markt-XXL Skandika LED-Lampe Kiruna | Retro Outdoor Campinglampe mit Powerbank, stufenlos dimmbar, kabellos, Akku, aufladbar, USB\u2026\" \/>\n<meta name=\"robots\" content=\"index, follow, max-snippet:-1, max-image-preview:large, max-video-preview:-1\" \/>\n<link rel=\"canonical\" href=\"https:\/\/marktxxl.de\/markt\/produkt\/skandika-led-lampe-kiruna-retro-outdoor-campinglampe-mit-powerbank-stufenlos-dimmbar-kabellos-akku-aufladbar-usb-warm-und-kaltweiss-75h-leuchtzeit\/\" \/>\n<meta property=\"og:locale\" content=\"de_DE\" \/>\n<meta property=\"og:type\" content=\"article\" \/>\n<meta property=\"og:title\" content=\"Skandika LED-Lampe Kiruna | Retro Outdoor Campinglampe mit Powerbank, stufenlos dimmbar, kabellos, Akku, aufladbar, USB\u2026 - Markt-XXL\" \/>\n<meta property=\"og:description\" content=\"Markt-XXL Skandika LED-Lampe Kiruna | Retro Outdoor Campinglampe mit Powerbank, stufenlos dimmbar, kabellos, Akku, aufladbar, USB\u2026\" \/>\n<meta property=\"og:url\" content=\"https:\/\/marktxxl.de\/markt\/produkt\/skandika-led-lampe-kiruna-retro-outdoor-campinglampe-mit-powerbank-stufenlos-dimmbar-kabellos-akku-aufladbar-usb-warm-und-kaltweiss-75h-leuchtzeit\/\" \/>\n<meta property=\"og:site_name\" content=\"Markt-XXL\" \/>\n<meta property=\"article:modified_time\" content=\"2023-04-11T02:51:21+00:00\" \/>\n<meta property=\"og:image\" content=\"https:\/\/m.media-amazon.com\/images\/I\/419nwKvAYFL._SL500_.jpg\" \/>\n\t<meta property=\"og:image:width\" content=\"500\" \/>\n\t<meta property=\"og:image:height\" content=\"500\" \/>\n\t<meta property=\"og:image:type\" content=\"image\/jpeg\" \/>\n<meta name=\"twitter:card\" content=\"summary_large_image\" \/>\n<meta name=\"twitter:label1\" content=\"Gesch\u00e4tzte Lesezeit\" \/>\n\t<meta name=\"twitter:data1\" content=\"1\u00a0Minute\" \/>\n<script type=\"application\/ld+json\" class=\"yoast-schema-graph\">{\"@context\":\"https:\\\/\\\/schema.org\",\"@graph\":[{\"@type\":\"WebPage\",\"@id\":\"https:\\\/\\\/marktxxl.de\\\/markt\\\/produkt\\\/skandika-led-lampe-kiruna-retro-outdoor-campinglampe-mit-powerbank-stufenlos-dimmbar-kabellos-akku-aufladbar-usb-warm-und-kaltweiss-75h-leuchtzeit\\\/\",\"url\":\"https:\\\/\\\/marktxxl.de\\\/markt\\\/produkt\\\/skandika-led-lampe-kiruna-retro-outdoor-campinglampe-mit-powerbank-stufenlos-dimmbar-kabellos-akku-aufladbar-usb-warm-und-kaltweiss-75h-leuchtzeit\\\/\",\"name\":\"Skandika LED-Lampe Kiruna | Retro Outdoor Campinglampe mit Powerbank, stufenlos dimmbar, kabellos, Akku, aufladbar, USB\u2026 - Markt-XXL\",\"isPartOf\":{\"@id\":\"https:\\\/\\\/marktxxl.de\\\/markt\\\/#website\"},\"primaryImageOfPage\":{\"@id\":\"https:\\\/\\\/marktxxl.de\\\/markt\\\/produkt\\\/skandika-led-lampe-kiruna-retro-outdoor-campinglampe-mit-powerbank-stufenlos-dimmbar-kabellos-akku-aufladbar-usb-warm-und-kaltweiss-75h-leuchtzeit\\\/#primaryimage\"},\"image\":{\"@id\":\"https:\\\/\\\/marktxxl.de\\\/markt\\\/produkt\\\/skandika-led-lampe-kiruna-retro-outdoor-campinglampe-mit-powerbank-stufenlos-dimmbar-kabellos-akku-aufladbar-usb-warm-und-kaltweiss-75h-leuchtzeit\\\/#primaryimage\"},\"thumbnailUrl\":\"https:\\\/\\\/m.media-amazon.com\\\/images\\\/I\\\/419nwKvAYFL._SL500_.jpg\",\"datePublished\":\"2022-11-11T06:39:01+00:00\",\"dateModified\":\"2023-04-11T02:51:21+00:00\",\"description\":\"Markt-XXL Skandika LED-Lampe Kiruna | Retro Outdoor Campinglampe mit Powerbank, stufenlos dimmbar, kabellos, Akku, aufladbar, USB\u2026\",\"breadcrumb\":{\"@id\":\"https:\\\/\\\/marktxxl.de\\\/markt\\\/produkt\\\/skandika-led-lampe-kiruna-retro-outdoor-campinglampe-mit-powerbank-stufenlos-dimmbar-kabellos-akku-aufladbar-usb-warm-und-kaltweiss-75h-leuchtzeit\\\/#breadcrumb\"},\"inLanguage\":\"de\",\"potentialAction\":[{\"@type\":\"ReadAction\",\"target\":[\"https:\\\/\\\/marktxxl.de\\\/markt\\\/produkt\\\/skandika-led-lampe-kiruna-retro-outdoor-campinglampe-mit-powerbank-stufenlos-dimmbar-kabellos-akku-aufladbar-usb-warm-und-kaltweiss-75h-leuchtzeit\\\/\"]}]},{\"@type\":\"ImageObject\",\"inLanguage\":\"de\",\"@id\":\"https:\\\/\\\/marktxxl.de\\\/markt\\\/produkt\\\/skandika-led-lampe-kiruna-retro-outdoor-campinglampe-mit-powerbank-stufenlos-dimmbar-kabellos-akku-aufladbar-usb-warm-und-kaltweiss-75h-leuchtzeit\\\/#primaryimage\",\"url\":\"https:\\\/\\\/m.media-amazon.com\\\/images\\\/I\\\/419nwKvAYFL._SL500_.jpg\",\"contentUrl\":\"https:\\\/\\\/m.media-amazon.com\\\/images\\\/I\\\/419nwKvAYFL._SL500_.jpg\",\"width\":500,\"height\":500},{\"@type\":\"BreadcrumbList\",\"@id\":\"https:\\\/\\\/marktxxl.de\\\/markt\\\/produkt\\\/skandika-led-lampe-kiruna-retro-outdoor-campinglampe-mit-powerbank-stufenlos-dimmbar-kabellos-akku-aufladbar-usb-warm-und-kaltweiss-75h-leuchtzeit\\\/#breadcrumb\",\"itemListElement\":[{\"@type\":\"ListItem\",\"position\":1,\"name\":\"Startseite\",\"item\":\"https:\\\/\\\/marktxxl.de\\\/markt\\\/\"},{\"@type\":\"ListItem\",\"position\":2,\"name\":\"Markt\",\"item\":\"https:\\\/\\\/marktxxl.de\\\/markt\\\/\"},{\"@type\":\"ListItem\",\"position\":3,\"name\":\"Skandika LED-Lampe Kiruna | Retro Outdoor Campinglampe mit Powerbank, stufenlos dimmbar, kabellos, Akku, aufladbar, USB\u2026\"}]},{\"@type\":\"WebSite\",\"@id\":\"https:\\\/\\\/marktxxl.de\\\/markt\\\/#website\",\"url\":\"https:\\\/\\\/marktxxl.de\\\/markt\\\/\",\"name\":\"Markt-XXL\",\"description\":\"Ihr Markt Online\",\"publisher\":{\"@id\":\"https:\\\/\\\/marktxxl.de\\\/markt\\\/#organization\"},\"potentialAction\":[{\"@type\":\"SearchAction\",\"target\":{\"@type\":\"EntryPoint\",\"urlTemplate\":\"https:\\\/\\\/marktxxl.de\\\/markt\\\/?s={search_term_string}\"},\"query-input\":{\"@type\":\"PropertyValueSpecification\",\"valueRequired\":true,\"valueName\":\"search_term_string\"}}],\"inLanguage\":\"de\"},{\"@type\":\"Organization\",\"@id\":\"https:\\\/\\\/marktxxl.de\\\/markt\\\/#organization\",\"name\":\"Markt-XXL\",\"url\":\"https:\\\/\\\/marktxxl.de\\\/markt\\\/\",\"logo\":{\"@type\":\"ImageObject\",\"inLanguage\":\"de\",\"@id\":\"https:\\\/\\\/marktxxl.de\\\/markt\\\/#\\\/schema\\\/logo\\\/image\\\/\",\"url\":\"https:\\\/\\\/marktxxl.de\\\/markt\\\/wp-content\\\/uploads\\\/sites\\\/3\\\/2020\\\/12\\\/logo.png\",\"contentUrl\":\"https:\\\/\\\/marktxxl.de\\\/markt\\\/wp-content\\\/uploads\\\/sites\\\/3\\\/2020\\\/12\\\/logo.png\",\"width\":200,\"height\":70,\"caption\":\"Markt-XXL\"},\"image\":{\"@id\":\"https:\\\/\\\/marktxxl.de\\\/markt\\\/#\\\/schema\\\/logo\\\/image\\\/\"}}]}<\/script>\n<!-- \/ Yoast SEO plugin. -->","yoast_head_json":{"title":"Skandika LED-Lampe Kiruna | Retro Outdoor Campinglampe mit Powerbank, stufenlos dimmbar, kabellos, Akku, aufladbar, USB\u2026 - Markt-XXL","description":"Markt-XXL Skandika LED-Lampe Kiruna | Retro Outdoor Campinglampe mit Powerbank, stufenlos dimmbar, kabellos, Akku, aufladbar, USB\u2026","robots":{"index":"index","follow":"follow","max-snippet":"max-snippet:-1","max-image-preview":"max-image-preview:large","max-video-preview":"max-video-preview:-1"},"canonical":"https:\/\/marktxxl.de\/markt\/produkt\/skandika-led-lampe-kiruna-retro-outdoor-campinglampe-mit-powerbank-stufenlos-dimmbar-kabellos-akku-aufladbar-usb-warm-und-kaltweiss-75h-leuchtzeit\/","og_locale":"de_DE","og_type":"article","og_title":"Skandika LED-Lampe Kiruna | Retro Outdoor Campinglampe mit Powerbank, stufenlos dimmbar, kabellos, Akku, aufladbar, USB\u2026 - Markt-XXL","og_description":"Markt-XXL Skandika LED-Lampe Kiruna | Retro Outdoor Campinglampe mit Powerbank, stufenlos dimmbar, kabellos, Akku, aufladbar, USB\u2026","og_url":"https:\/\/marktxxl.de\/markt\/produkt\/skandika-led-lampe-kiruna-retro-outdoor-campinglampe-mit-powerbank-stufenlos-dimmbar-kabellos-akku-aufladbar-usb-warm-und-kaltweiss-75h-leuchtzeit\/","og_site_name":"Markt-XXL","article_modified_time":"2023-04-11T02:51:21+00:00","og_image":[{"width":500,"height":500,"url":"https:\/\/m.media-amazon.com\/images\/I\/419nwKvAYFL._SL500_.jpg","type":"image\/jpeg"}],"twitter_card":"summary_large_image","twitter_misc":{"Gesch\u00e4tzte Lesezeit":"1\u00a0Minute"},"schema":{"@context":"https:\/\/schema.org","@graph":[{"@type":"WebPage","@id":"https:\/\/marktxxl.de\/markt\/produkt\/skandika-led-lampe-kiruna-retro-outdoor-campinglampe-mit-powerbank-stufenlos-dimmbar-kabellos-akku-aufladbar-usb-warm-und-kaltweiss-75h-leuchtzeit\/","url":"https:\/\/marktxxl.de\/markt\/produkt\/skandika-led-lampe-kiruna-retro-outdoor-campinglampe-mit-powerbank-stufenlos-dimmbar-kabellos-akku-aufladbar-usb-warm-und-kaltweiss-75h-leuchtzeit\/","name":"Skandika LED-Lampe Kiruna | Retro Outdoor Campinglampe mit Powerbank, stufenlos dimmbar, kabellos, Akku, aufladbar, USB\u2026 - Markt-XXL","isPartOf":{"@id":"https:\/\/marktxxl.de\/markt\/#website"},"primaryImageOfPage":{"@id":"https:\/\/marktxxl.de\/markt\/produkt\/skandika-led-lampe-kiruna-retro-outdoor-campinglampe-mit-powerbank-stufenlos-dimmbar-kabellos-akku-aufladbar-usb-warm-und-kaltweiss-75h-leuchtzeit\/#primaryimage"},"image":{"@id":"https:\/\/marktxxl.de\/markt\/produkt\/skandika-led-lampe-kiruna-retro-outdoor-campinglampe-mit-powerbank-stufenlos-dimmbar-kabellos-akku-aufladbar-usb-warm-und-kaltweiss-75h-leuchtzeit\/#primaryimage"},"thumbnailUrl":"https:\/\/m.media-amazon.com\/images\/I\/419nwKvAYFL._SL500_.jpg","datePublished":"2022-11-11T06:39:01+00:00","dateModified":"2023-04-11T02:51:21+00:00","description":"Markt-XXL Skandika LED-Lampe Kiruna | Retro Outdoor Campinglampe mit Powerbank, stufenlos dimmbar, kabellos, Akku, aufladbar, USB\u2026","breadcrumb":{"@id":"https:\/\/marktxxl.de\/markt\/produkt\/skandika-led-lampe-kiruna-retro-outdoor-campinglampe-mit-powerbank-stufenlos-dimmbar-kabellos-akku-aufladbar-usb-warm-und-kaltweiss-75h-leuchtzeit\/#breadcrumb"},"inLanguage":"de","potentialAction":[{"@type":"ReadAction","target":["https:\/\/marktxxl.de\/markt\/produkt\/skandika-led-lampe-kiruna-retro-outdoor-campinglampe-mit-powerbank-stufenlos-dimmbar-kabellos-akku-aufladbar-usb-warm-und-kaltweiss-75h-leuchtzeit\/"]}]},{"@type":"ImageObject","inLanguage":"de","@id":"https:\/\/marktxxl.de\/markt\/produkt\/skandika-led-lampe-kiruna-retro-outdoor-campinglampe-mit-powerbank-stufenlos-dimmbar-kabellos-akku-aufladbar-usb-warm-und-kaltweiss-75h-leuchtzeit\/#primaryimage","url":"https:\/\/m.media-amazon.com\/images\/I\/419nwKvAYFL._SL500_.jpg","contentUrl":"https:\/\/m.media-amazon.com\/images\/I\/419nwKvAYFL._SL500_.jpg","width":500,"height":500},{"@type":"BreadcrumbList","@id":"https:\/\/marktxxl.de\/markt\/produkt\/skandika-led-lampe-kiruna-retro-outdoor-campinglampe-mit-powerbank-stufenlos-dimmbar-kabellos-akku-aufladbar-usb-warm-und-kaltweiss-75h-leuchtzeit\/#breadcrumb","itemListElement":[{"@type":"ListItem","position":1,"name":"Startseite","item":"https:\/\/marktxxl.de\/markt\/"},{"@type":"ListItem","position":2,"name":"Markt","item":"https:\/\/marktxxl.de\/markt\/"},{"@type":"ListItem","position":3,"name":"Skandika LED-Lampe Kiruna | Retro Outdoor Campinglampe mit Powerbank, stufenlos dimmbar, kabellos, Akku, aufladbar, USB\u2026"}]},{"@type":"WebSite","@id":"https:\/\/marktxxl.de\/markt\/#website","url":"https:\/\/marktxxl.de\/markt\/","name":"Markt-XXL","description":"Ihr Markt Online","publisher":{"@id":"https:\/\/marktxxl.de\/markt\/#organization"},"potentialAction":[{"@type":"SearchAction","target":{"@type":"EntryPoint","urlTemplate":"https:\/\/marktxxl.de\/markt\/?s={search_term_string}"},"query-input":{"@type":"PropertyValueSpecification","valueRequired":true,"valueName":"search_term_string"}}],"inLanguage":"de"},{"@type":"Organization","@id":"https:\/\/marktxxl.de\/markt\/#organization","name":"Markt-XXL","url":"https:\/\/marktxxl.de\/markt\/","logo":{"@type":"ImageObject","inLanguage":"de","@id":"https:\/\/marktxxl.de\/markt\/#\/schema\/logo\/image\/","url":"https:\/\/marktxxl.de\/markt\/wp-content\/uploads\/sites\/3\/2020\/12\/logo.png","contentUrl":"https:\/\/marktxxl.de\/markt\/wp-content\/uploads\/sites\/3\/2020\/12\/logo.png","width":200,"height":70,"caption":"Markt-XXL"},"image":{"@id":"https:\/\/marktxxl.de\/markt\/#\/schema\/logo\/image\/"}}]}},"_links":{"self":[{"href":"https:\/\/marktxxl.de\/markt\/wp-json\/wp\/v2\/product\/166272","targetHints":{"allow":["GET"]}}],"collection":[{"href":"https:\/\/marktxxl.de\/markt\/wp-json\/wp\/v2\/product"}],"about":[{"href":"https:\/\/marktxxl.de\/markt\/wp-json\/wp\/v2\/types\/product"}],"replies":[{"embeddable":true,"href":"https:\/\/marktxxl.de\/markt\/wp-json\/wp\/v2\/comments?post=166272"}],"wp:featuredmedia":[{"embeddable":true,"href":"https:\/\/marktxxl.de\/markt\/wp-json\/wp\/v2\/media\/166273"}],"wp:attachment":[{"href":"https:\/\/marktxxl.de\/markt\/wp-json\/wp\/v2\/media?parent=166272"}],"wp:term":[{"taxonomy":"product_brand","embeddable":true,"href":"https:\/\/marktxxl.de\/markt\/wp-json\/wp\/v2\/product_brand?post=166272"},{"taxonomy":"product_cat","embeddable":true,"href":"https:\/\/marktxxl.de\/markt\/wp-json\/wp\/v2\/product_cat?post=166272"},{"taxonomy":"product_tag","embeddable":true,"href":"https:\/\/marktxxl.de\/markt\/wp-json\/wp\/v2\/product_tag?post=166272"}],"curies":[{"name":"wp","href":"https:\/\/api.w.org\/{rel}","templated":true}]}}