{"id":166248,"date":"2022-11-11T07:38:35","date_gmt":"2022-11-11T06:38:35","guid":{"rendered":"https:\/\/marktxxl.de\/markt\/produkt\/tassendruck-katzen-tasse-mit-spruch-xx-cat-tier-geschenk-idee-fellnase\/"},"modified":"2023-04-11T04:51:20","modified_gmt":"2023-04-11T02:51:20","slug":"tassendruck-katzen-tasse-mit-spruch-xx-cat-tier-geschenk-idee-fellnase","status":"publish","type":"product","link":"https:\/\/marktxxl.de\/markt\/produkt\/tassendruck-katzen-tasse-mit-spruch-xx-cat-tier-geschenk-idee-fellnase\/","title":{"rendered":"Tassendruck Katzen-Tasse mit Spruch Best Cat Dad Ever &#8211; Cat\/Tier\/Geschenk-Idee\/Fellnase\/Innen &amp; Henkel Schwarz"},"content":{"rendered":"<p>Bedruckte Fototasse aus hochwertiger Keramik mit Spruch f\u00fcr die Katzen-Liebhaber &#8211; Eine tolle Geschenkidee f\u00fcr das Herrchen oder das Frauchen<br \/>\nWundersch\u00f6ner gl\u00e4nzend bedruckter Kaffeebecher mit coolem Text passend zu jedem Anlass, f\u00fcr die Arbeit das B\u00fcro oder zu Hause &#8211; die Geschenkidee f\u00fcr Kollegin oder Kollege, Chef, Freunde oder Familie<br \/>\nSp\u00fclmaschinenfest (f\u00fcr mehr als 1000 Sp\u00fclungen) und Mikrowellen geeignet &#8211; H\u00f6he: 9,5 cm &#8211; \u00d8 8 cm &#8211; Gewicht: 350g &#8211; F\u00fcllmenge 300ml<br \/>\nDurch den Druck Links und Rechts vom Henkel ist diese Tasse besonders f\u00fcr Links- und Rechtsh\u00e4nder geeignet<br \/>\nTassendruck &#8211; seit \u00fcber 20 Jahren ihr Spezialist f\u00fcrBedruckte Trinkgef\u00e4\u00dfe aller Art in Deutschland &#8211; Viele andere Tassen, finden Sie bei uns im Amazon Shop<br \/>\n<div class=\"main-cross-sell\" data-asin=\"B07PDGTBJ4\">\n\n\t<div class=\"WooZone-cross-sell-loader\">\n\t\t<div>\n\t\t\t<div id=\"floatingBarsG\">\n\t\t\t\t<div class=\"blockG\" id=\"rotateG_01\"><\/div>\n\t\t\t\t<div class=\"blockG\" id=\"rotateG_02\"><\/div>\n\t\t\t\t<div class=\"blockG\" id=\"rotateG_03\"><\/div>\n\t\t\t\t<div class=\"blockG\" id=\"rotateG_04\"><\/div>\n\t\t\t\t<div class=\"blockG\" id=\"rotateG_05\"><\/div>\n\t\t\t\t<div class=\"blockG\" id=\"rotateG_06\"><\/div>\n\t\t\t\t<div class=\"blockG\" id=\"rotateG_07\"><\/div>\n\t\t\t\t<div class=\"blockG\" id=\"rotateG_08\"><\/div>\n\t\t\t<\/div>\n\t\t\t<div class=\"WooZone-cross-sell-loader-text\"><\/div>\n\t\t<\/div>\n\t<\/div>\n\n\t\t\n<\/div>\n<div style=\"clear:both;\"><\/div><\/p>\n","protected":false},"excerpt":{"rendered":"<p>Bedruckte Fototasse aus hochwertiger Keramik mit Spruch f\u00fcr die Katzen-Liebhaber &#8211; Eine tolle Geschenkidee f\u00fcr das Herrchen oder das Frauchen<br \/>\nWundersch\u00f6ner gl\u00e4nzend bedruckter Kaffeebecher mit coolem Text passend zu jedem Anlass, f\u00fcr die Arbeit das B\u00fcro oder zu Hause &#8211; die Geschenkidee f\u00fcr Kollegin oder Kollege, Chef, Freunde oder Familie<br \/>\nSp\u00fclmaschinenfest (f\u00fcr mehr als 1000 Sp\u00fclungen) und Mikrowellen geeignet &#8211; H\u00f6he: 9,5 cm &#8211; \u00d8 8 cm &#8211; Gewicht: 350g &#8211; F\u00fcllmenge 300ml<\/p>\n","protected":false},"featured_media":166249,"comment_status":"open","ping_status":"closed","template":"","meta":[],"product_brand":[],"product_cat":[2108],"product_tag":[],"class_list":{"0":"post-166248","1":"product","2":"type-product","3":"status-publish","4":"has-post-thumbnail","6":"product_cat-beleuchtung","7":"pa_brand-tassendruck","8":"pa_height-95-millimeter","9":"pa_length-8-zentimeter","10":"pa_manufacturer-tassendruck","11":"pa_weight-0-771617917-pfund","12":"pa_width-8-zentimeter","14":"first","15":"instock","16":"shipping-taxable","17":"purchasable","18":"product-type-simple","19":"customify-col","20":"product-has-gallery"},"yoast_head":"<!-- This site is optimized with the Yoast SEO plugin v27.3 - https:\/\/yoast.com\/product\/yoast-seo-wordpress\/ -->\n<title>Tassendruck Katzen-Tasse mit Spruch Best Cat Dad Ever - Cat\/Tier\/Geschenk-Idee\/Fellnase\/Innen &amp; Henkel Schwarz - Markt-XXL<\/title>\n<meta name=\"description\" content=\"Markt-XXL Tassendruck Katzen-Tasse mit Spruch Best Cat Dad Ever - Cat\/Tier\/Geschenk-Idee\/Fellnase\/Innen &amp; Henkel Schwarz\" \/>\n<meta name=\"robots\" content=\"index, follow, max-snippet:-1, max-image-preview:large, max-video-preview:-1\" \/>\n<link rel=\"canonical\" href=\"https:\/\/marktxxl.de\/markt\/produkt\/tassendruck-katzen-tasse-mit-spruch-xx-cat-tier-geschenk-idee-fellnase\/\" \/>\n<meta property=\"og:locale\" content=\"de_DE\" \/>\n<meta property=\"og:type\" content=\"article\" \/>\n<meta property=\"og:title\" content=\"Tassendruck Katzen-Tasse mit Spruch Best Cat Dad Ever - Cat\/Tier\/Geschenk-Idee\/Fellnase\/Innen &amp; Henkel Schwarz - Markt-XXL\" \/>\n<meta property=\"og:description\" content=\"Markt-XXL Tassendruck Katzen-Tasse mit Spruch Best Cat Dad Ever - Cat\/Tier\/Geschenk-Idee\/Fellnase\/Innen &amp; Henkel Schwarz\" \/>\n<meta property=\"og:url\" content=\"https:\/\/marktxxl.de\/markt\/produkt\/tassendruck-katzen-tasse-mit-spruch-xx-cat-tier-geschenk-idee-fellnase\/\" \/>\n<meta property=\"og:site_name\" content=\"Markt-XXL\" \/>\n<meta property=\"article:modified_time\" content=\"2023-04-11T02:51:20+00:00\" \/>\n<meta property=\"og:image\" content=\"https:\/\/m.media-amazon.com\/images\/I\/51A0Jw0ooYL._SL500_.jpg\" \/>\n\t<meta property=\"og:image:width\" content=\"500\" \/>\n\t<meta property=\"og:image:height\" content=\"500\" \/>\n\t<meta property=\"og:image:type\" content=\"image\/jpeg\" \/>\n<meta name=\"twitter:card\" content=\"summary_large_image\" \/>\n<meta name=\"twitter:label1\" content=\"Gesch\u00e4tzte Lesezeit\" \/>\n\t<meta name=\"twitter:data1\" content=\"1\u00a0Minute\" \/>\n<script type=\"application\/ld+json\" class=\"yoast-schema-graph\">{\"@context\":\"https:\\\/\\\/schema.org\",\"@graph\":[{\"@type\":\"WebPage\",\"@id\":\"https:\\\/\\\/marktxxl.de\\\/markt\\\/produkt\\\/tassendruck-katzen-tasse-mit-spruch-xx-cat-tier-geschenk-idee-fellnase\\\/\",\"url\":\"https:\\\/\\\/marktxxl.de\\\/markt\\\/produkt\\\/tassendruck-katzen-tasse-mit-spruch-xx-cat-tier-geschenk-idee-fellnase\\\/\",\"name\":\"Tassendruck Katzen-Tasse mit Spruch Best Cat Dad Ever - Cat\\\/Tier\\\/Geschenk-Idee\\\/Fellnase\\\/Innen &amp; Henkel Schwarz - Markt-XXL\",\"isPartOf\":{\"@id\":\"https:\\\/\\\/marktxxl.de\\\/markt\\\/#website\"},\"primaryImageOfPage\":{\"@id\":\"https:\\\/\\\/marktxxl.de\\\/markt\\\/produkt\\\/tassendruck-katzen-tasse-mit-spruch-xx-cat-tier-geschenk-idee-fellnase\\\/#primaryimage\"},\"image\":{\"@id\":\"https:\\\/\\\/marktxxl.de\\\/markt\\\/produkt\\\/tassendruck-katzen-tasse-mit-spruch-xx-cat-tier-geschenk-idee-fellnase\\\/#primaryimage\"},\"thumbnailUrl\":\"https:\\\/\\\/m.media-amazon.com\\\/images\\\/I\\\/51A0Jw0ooYL._SL500_.jpg\",\"datePublished\":\"2022-11-11T06:38:35+00:00\",\"dateModified\":\"2023-04-11T02:51:20+00:00\",\"description\":\"Markt-XXL Tassendruck Katzen-Tasse mit Spruch Best Cat Dad Ever - Cat\\\/Tier\\\/Geschenk-Idee\\\/Fellnase\\\/Innen &amp; Henkel Schwarz\",\"breadcrumb\":{\"@id\":\"https:\\\/\\\/marktxxl.de\\\/markt\\\/produkt\\\/tassendruck-katzen-tasse-mit-spruch-xx-cat-tier-geschenk-idee-fellnase\\\/#breadcrumb\"},\"inLanguage\":\"de\",\"potentialAction\":[{\"@type\":\"ReadAction\",\"target\":[\"https:\\\/\\\/marktxxl.de\\\/markt\\\/produkt\\\/tassendruck-katzen-tasse-mit-spruch-xx-cat-tier-geschenk-idee-fellnase\\\/\"]}]},{\"@type\":\"ImageObject\",\"inLanguage\":\"de\",\"@id\":\"https:\\\/\\\/marktxxl.de\\\/markt\\\/produkt\\\/tassendruck-katzen-tasse-mit-spruch-xx-cat-tier-geschenk-idee-fellnase\\\/#primaryimage\",\"url\":\"https:\\\/\\\/m.media-amazon.com\\\/images\\\/I\\\/51A0Jw0ooYL._SL500_.jpg\",\"contentUrl\":\"https:\\\/\\\/m.media-amazon.com\\\/images\\\/I\\\/51A0Jw0ooYL._SL500_.jpg\",\"width\":500,\"height\":500},{\"@type\":\"BreadcrumbList\",\"@id\":\"https:\\\/\\\/marktxxl.de\\\/markt\\\/produkt\\\/tassendruck-katzen-tasse-mit-spruch-xx-cat-tier-geschenk-idee-fellnase\\\/#breadcrumb\",\"itemListElement\":[{\"@type\":\"ListItem\",\"position\":1,\"name\":\"Startseite\",\"item\":\"https:\\\/\\\/marktxxl.de\\\/markt\\\/\"},{\"@type\":\"ListItem\",\"position\":2,\"name\":\"Markt\",\"item\":\"https:\\\/\\\/marktxxl.de\\\/markt\\\/\"},{\"@type\":\"ListItem\",\"position\":3,\"name\":\"Tassendruck Katzen-Tasse mit Spruch Best Cat Dad Ever &#8211; Cat\\\/Tier\\\/Geschenk-Idee\\\/Fellnase\\\/Innen &amp; Henkel Schwarz\"}]},{\"@type\":\"WebSite\",\"@id\":\"https:\\\/\\\/marktxxl.de\\\/markt\\\/#website\",\"url\":\"https:\\\/\\\/marktxxl.de\\\/markt\\\/\",\"name\":\"Markt-XXL\",\"description\":\"Ihr Markt Online\",\"publisher\":{\"@id\":\"https:\\\/\\\/marktxxl.de\\\/markt\\\/#organization\"},\"potentialAction\":[{\"@type\":\"SearchAction\",\"target\":{\"@type\":\"EntryPoint\",\"urlTemplate\":\"https:\\\/\\\/marktxxl.de\\\/markt\\\/?s={search_term_string}\"},\"query-input\":{\"@type\":\"PropertyValueSpecification\",\"valueRequired\":true,\"valueName\":\"search_term_string\"}}],\"inLanguage\":\"de\"},{\"@type\":\"Organization\",\"@id\":\"https:\\\/\\\/marktxxl.de\\\/markt\\\/#organization\",\"name\":\"Markt-XXL\",\"url\":\"https:\\\/\\\/marktxxl.de\\\/markt\\\/\",\"logo\":{\"@type\":\"ImageObject\",\"inLanguage\":\"de\",\"@id\":\"https:\\\/\\\/marktxxl.de\\\/markt\\\/#\\\/schema\\\/logo\\\/image\\\/\",\"url\":\"https:\\\/\\\/marktxxl.de\\\/markt\\\/wp-content\\\/uploads\\\/sites\\\/3\\\/2020\\\/12\\\/logo.png\",\"contentUrl\":\"https:\\\/\\\/marktxxl.de\\\/markt\\\/wp-content\\\/uploads\\\/sites\\\/3\\\/2020\\\/12\\\/logo.png\",\"width\":200,\"height\":70,\"caption\":\"Markt-XXL\"},\"image\":{\"@id\":\"https:\\\/\\\/marktxxl.de\\\/markt\\\/#\\\/schema\\\/logo\\\/image\\\/\"}}]}<\/script>\n<!-- \/ Yoast SEO plugin. -->","yoast_head_json":{"title":"Tassendruck Katzen-Tasse mit Spruch Best Cat Dad Ever - Cat\/Tier\/Geschenk-Idee\/Fellnase\/Innen &amp; Henkel Schwarz - Markt-XXL","description":"Markt-XXL Tassendruck Katzen-Tasse mit Spruch Best Cat Dad Ever - Cat\/Tier\/Geschenk-Idee\/Fellnase\/Innen &amp; Henkel Schwarz","robots":{"index":"index","follow":"follow","max-snippet":"max-snippet:-1","max-image-preview":"max-image-preview:large","max-video-preview":"max-video-preview:-1"},"canonical":"https:\/\/marktxxl.de\/markt\/produkt\/tassendruck-katzen-tasse-mit-spruch-xx-cat-tier-geschenk-idee-fellnase\/","og_locale":"de_DE","og_type":"article","og_title":"Tassendruck Katzen-Tasse mit Spruch Best Cat Dad Ever - Cat\/Tier\/Geschenk-Idee\/Fellnase\/Innen &amp; Henkel Schwarz - Markt-XXL","og_description":"Markt-XXL Tassendruck Katzen-Tasse mit Spruch Best Cat Dad Ever - Cat\/Tier\/Geschenk-Idee\/Fellnase\/Innen &amp; Henkel Schwarz","og_url":"https:\/\/marktxxl.de\/markt\/produkt\/tassendruck-katzen-tasse-mit-spruch-xx-cat-tier-geschenk-idee-fellnase\/","og_site_name":"Markt-XXL","article_modified_time":"2023-04-11T02:51:20+00:00","og_image":[{"width":500,"height":500,"url":"https:\/\/m.media-amazon.com\/images\/I\/51A0Jw0ooYL._SL500_.jpg","type":"image\/jpeg"}],"twitter_card":"summary_large_image","twitter_misc":{"Gesch\u00e4tzte Lesezeit":"1\u00a0Minute"},"schema":{"@context":"https:\/\/schema.org","@graph":[{"@type":"WebPage","@id":"https:\/\/marktxxl.de\/markt\/produkt\/tassendruck-katzen-tasse-mit-spruch-xx-cat-tier-geschenk-idee-fellnase\/","url":"https:\/\/marktxxl.de\/markt\/produkt\/tassendruck-katzen-tasse-mit-spruch-xx-cat-tier-geschenk-idee-fellnase\/","name":"Tassendruck Katzen-Tasse mit Spruch Best Cat Dad Ever - Cat\/Tier\/Geschenk-Idee\/Fellnase\/Innen &amp; Henkel Schwarz - Markt-XXL","isPartOf":{"@id":"https:\/\/marktxxl.de\/markt\/#website"},"primaryImageOfPage":{"@id":"https:\/\/marktxxl.de\/markt\/produkt\/tassendruck-katzen-tasse-mit-spruch-xx-cat-tier-geschenk-idee-fellnase\/#primaryimage"},"image":{"@id":"https:\/\/marktxxl.de\/markt\/produkt\/tassendruck-katzen-tasse-mit-spruch-xx-cat-tier-geschenk-idee-fellnase\/#primaryimage"},"thumbnailUrl":"https:\/\/m.media-amazon.com\/images\/I\/51A0Jw0ooYL._SL500_.jpg","datePublished":"2022-11-11T06:38:35+00:00","dateModified":"2023-04-11T02:51:20+00:00","description":"Markt-XXL Tassendruck Katzen-Tasse mit Spruch Best Cat Dad Ever - Cat\/Tier\/Geschenk-Idee\/Fellnase\/Innen &amp; Henkel Schwarz","breadcrumb":{"@id":"https:\/\/marktxxl.de\/markt\/produkt\/tassendruck-katzen-tasse-mit-spruch-xx-cat-tier-geschenk-idee-fellnase\/#breadcrumb"},"inLanguage":"de","potentialAction":[{"@type":"ReadAction","target":["https:\/\/marktxxl.de\/markt\/produkt\/tassendruck-katzen-tasse-mit-spruch-xx-cat-tier-geschenk-idee-fellnase\/"]}]},{"@type":"ImageObject","inLanguage":"de","@id":"https:\/\/marktxxl.de\/markt\/produkt\/tassendruck-katzen-tasse-mit-spruch-xx-cat-tier-geschenk-idee-fellnase\/#primaryimage","url":"https:\/\/m.media-amazon.com\/images\/I\/51A0Jw0ooYL._SL500_.jpg","contentUrl":"https:\/\/m.media-amazon.com\/images\/I\/51A0Jw0ooYL._SL500_.jpg","width":500,"height":500},{"@type":"BreadcrumbList","@id":"https:\/\/marktxxl.de\/markt\/produkt\/tassendruck-katzen-tasse-mit-spruch-xx-cat-tier-geschenk-idee-fellnase\/#breadcrumb","itemListElement":[{"@type":"ListItem","position":1,"name":"Startseite","item":"https:\/\/marktxxl.de\/markt\/"},{"@type":"ListItem","position":2,"name":"Markt","item":"https:\/\/marktxxl.de\/markt\/"},{"@type":"ListItem","position":3,"name":"Tassendruck Katzen-Tasse mit Spruch Best Cat Dad Ever &#8211; Cat\/Tier\/Geschenk-Idee\/Fellnase\/Innen &amp; Henkel Schwarz"}]},{"@type":"WebSite","@id":"https:\/\/marktxxl.de\/markt\/#website","url":"https:\/\/marktxxl.de\/markt\/","name":"Markt-XXL","description":"Ihr Markt Online","publisher":{"@id":"https:\/\/marktxxl.de\/markt\/#organization"},"potentialAction":[{"@type":"SearchAction","target":{"@type":"EntryPoint","urlTemplate":"https:\/\/marktxxl.de\/markt\/?s={search_term_string}"},"query-input":{"@type":"PropertyValueSpecification","valueRequired":true,"valueName":"search_term_string"}}],"inLanguage":"de"},{"@type":"Organization","@id":"https:\/\/marktxxl.de\/markt\/#organization","name":"Markt-XXL","url":"https:\/\/marktxxl.de\/markt\/","logo":{"@type":"ImageObject","inLanguage":"de","@id":"https:\/\/marktxxl.de\/markt\/#\/schema\/logo\/image\/","url":"https:\/\/marktxxl.de\/markt\/wp-content\/uploads\/sites\/3\/2020\/12\/logo.png","contentUrl":"https:\/\/marktxxl.de\/markt\/wp-content\/uploads\/sites\/3\/2020\/12\/logo.png","width":200,"height":70,"caption":"Markt-XXL"},"image":{"@id":"https:\/\/marktxxl.de\/markt\/#\/schema\/logo\/image\/"}}]}},"_links":{"self":[{"href":"https:\/\/marktxxl.de\/markt\/wp-json\/wp\/v2\/product\/166248","targetHints":{"allow":["GET"]}}],"collection":[{"href":"https:\/\/marktxxl.de\/markt\/wp-json\/wp\/v2\/product"}],"about":[{"href":"https:\/\/marktxxl.de\/markt\/wp-json\/wp\/v2\/types\/product"}],"replies":[{"embeddable":true,"href":"https:\/\/marktxxl.de\/markt\/wp-json\/wp\/v2\/comments?post=166248"}],"wp:featuredmedia":[{"embeddable":true,"href":"https:\/\/marktxxl.de\/markt\/wp-json\/wp\/v2\/media\/166249"}],"wp:attachment":[{"href":"https:\/\/marktxxl.de\/markt\/wp-json\/wp\/v2\/media?parent=166248"}],"wp:term":[{"taxonomy":"product_brand","embeddable":true,"href":"https:\/\/marktxxl.de\/markt\/wp-json\/wp\/v2\/product_brand?post=166248"},{"taxonomy":"product_cat","embeddable":true,"href":"https:\/\/marktxxl.de\/markt\/wp-json\/wp\/v2\/product_cat?post=166248"},{"taxonomy":"product_tag","embeddable":true,"href":"https:\/\/marktxxl.de\/markt\/wp-json\/wp\/v2\/product_tag?post=166248"}],"curies":[{"name":"wp","href":"https:\/\/api.w.org\/{rel}","templated":true}]}}