{"id":166229,"date":"2022-11-11T07:38:00","date_gmt":"2022-11-11T06:38:00","guid":{"rendered":"https:\/\/marktxxl.de\/markt\/produkt\/disney-nightmare-before-christmas-sally-baby-body-hose-stirnband-set\/"},"modified":"2023-04-11T04:51:20","modified_gmt":"2023-04-11T02:51:20","slug":"disney-nightmare-before-christmas-sally-baby-body-hose-stirnband-set","status":"publish","type":"product","link":"https:\/\/marktxxl.de\/markt\/produkt\/disney-nightmare-before-christmas-sally-baby-body-hose-stirnband-set\/","title":{"rendered":"Disney Nightmare Before Christmas Sally Baby Body Hose &amp; Stirnband Set"},"content":{"rendered":"<p>Disney Nightmare Before Christmas Neugeborenes \/ S\u00e4ugling niedliches und stilvolles dreiteiliges Layette-Set, bestehend aus einem kurz\u00e4rmeligen Creeper, einer Hose und einem Knoten-Stirnband<br \/>\nMit Jack Skellingtons Partner Sally mit Spinnen, Sternen und den Worten &#8220;Scream Queen&#8221; auf blauem Bodysuit; Themierter Allover-Patchwork-Print auf Hose<br \/>\nGer\u00fcschte \u00c4rmel; elastischer Bund f\u00fcr eine bessere Passform; Glitzer-Siebdruck-Design; kontrastierender Picot-Rand; 3-Druckknopf-Verschluss f\u00fcr schnelles Windelwechseln<br \/>\nPerfekt sowohl f\u00fcr s\u00fc\u00dfe als auch Freizeitkleidung und als Teil eines formellen Outfits, Pyjamas zum Schlafen, f\u00fcr den Alltag, zum Krabbeln und Spielen im Innenbereich, als Geschenk f\u00fcr Babypartys oder als Geburtstagsgeschenk<br \/>\nMaschinenw\u00e4sche kalt, offizielles Lizenzprodukt<br \/>\n<div class=\"main-cross-sell\" data-asin=\"B09197HXZM\">\n\n\t<div class=\"WooZone-cross-sell-loader\">\n\t\t<div>\n\t\t\t<div id=\"floatingBarsG\">\n\t\t\t\t<div class=\"blockG\" id=\"rotateG_01\"><\/div>\n\t\t\t\t<div class=\"blockG\" id=\"rotateG_02\"><\/div>\n\t\t\t\t<div class=\"blockG\" id=\"rotateG_03\"><\/div>\n\t\t\t\t<div class=\"blockG\" id=\"rotateG_04\"><\/div>\n\t\t\t\t<div class=\"blockG\" id=\"rotateG_05\"><\/div>\n\t\t\t\t<div class=\"blockG\" id=\"rotateG_06\"><\/div>\n\t\t\t\t<div class=\"blockG\" id=\"rotateG_07\"><\/div>\n\t\t\t\t<div class=\"blockG\" id=\"rotateG_08\"><\/div>\n\t\t\t<\/div>\n\t\t\t<div class=\"WooZone-cross-sell-loader-text\"><\/div>\n\t\t<\/div>\n\t<\/div>\n\n\t\t\n<\/div>\n<div style=\"clear:both;\"><\/div><\/p>\n","protected":false},"excerpt":{"rendered":"<p>Disney Nightmare Before Christmas Neugeborenes \/ S\u00e4ugling niedliches und stilvolles dreiteiliges Layette-Set, bestehend aus einem kurz\u00e4rmeligen Creeper, einer Hose und einem Knoten-Stirnband<br \/>\nMit Jack Skellingtons Partner Sally mit Spinnen, Sternen und den Worten &#8220;Scream Queen&#8221; auf blauem Bodysuit; Themierter Allover-Patchwork-Print auf Hose<br \/>\nGer\u00fcschte \u00c4rmel; elastischer Bund f\u00fcr eine bessere Passform; Glitzer-Siebdruck-Design; kontrastierender Picot-Rand; 3-Druckknopf-Verschluss f\u00fcr schnelles Windelwechseln<\/p>\n","protected":false},"featured_media":166230,"comment_status":"open","ping_status":"closed","template":"","meta":[],"product_brand":[],"product_cat":[4054,1186],"product_tag":[],"class_list":{"0":"post-166229","1":"product","2":"type-product","3":"status-publish","4":"has-post-thumbnail","6":"product_cat-baby-bekleidung","7":"product_cat-bekleidung","8":"pa_binding-textilien","9":"pa_brand-disney","10":"pa_manufacturer-bentex-group-inc","12":"first","13":"instock","14":"shipping-taxable","15":"purchasable","16":"product-type-simple","17":"customify-col","18":"product-has-gallery"},"yoast_head":"<!-- This site is optimized with the Yoast SEO plugin v27.3 - https:\/\/yoast.com\/product\/yoast-seo-wordpress\/ -->\n<title>Disney Nightmare Before Christmas Sally Baby Body Hose &amp; Stirnband Set - Markt-XXL<\/title>\n<meta name=\"description\" content=\"Markt-XXL Disney Nightmare Before Christmas Sally Baby Body Hose &amp; Stirnband Set\" \/>\n<meta name=\"robots\" content=\"index, follow, max-snippet:-1, max-image-preview:large, max-video-preview:-1\" \/>\n<link rel=\"canonical\" href=\"https:\/\/marktxxl.de\/markt\/produkt\/disney-nightmare-before-christmas-sally-baby-body-hose-stirnband-set\/\" \/>\n<meta property=\"og:locale\" content=\"de_DE\" \/>\n<meta property=\"og:type\" content=\"article\" \/>\n<meta property=\"og:title\" content=\"Disney Nightmare Before Christmas Sally Baby Body Hose &amp; Stirnband Set - Markt-XXL\" \/>\n<meta property=\"og:description\" content=\"Markt-XXL Disney Nightmare Before Christmas Sally Baby Body Hose &amp; Stirnband Set\" \/>\n<meta property=\"og:url\" content=\"https:\/\/marktxxl.de\/markt\/produkt\/disney-nightmare-before-christmas-sally-baby-body-hose-stirnband-set\/\" \/>\n<meta property=\"og:site_name\" content=\"Markt-XXL\" \/>\n<meta property=\"article:modified_time\" content=\"2023-04-11T02:51:20+00:00\" \/>\n<meta property=\"og:image\" content=\"https:\/\/m.media-amazon.com\/images\/I\/51-5i-j7QNL._SL500_.jpg\" \/>\n\t<meta property=\"og:image:width\" content=\"500\" \/>\n\t<meta property=\"og:image:height\" content=\"500\" \/>\n\t<meta property=\"og:image:type\" content=\"image\/jpeg\" \/>\n<meta name=\"twitter:card\" content=\"summary_large_image\" \/>\n<meta name=\"twitter:label1\" content=\"Gesch\u00e4tzte Lesezeit\" \/>\n\t<meta name=\"twitter:data1\" content=\"1\u00a0Minute\" \/>\n<script type=\"application\/ld+json\" class=\"yoast-schema-graph\">{\"@context\":\"https:\\\/\\\/schema.org\",\"@graph\":[{\"@type\":\"WebPage\",\"@id\":\"https:\\\/\\\/marktxxl.de\\\/markt\\\/produkt\\\/disney-nightmare-before-christmas-sally-baby-body-hose-stirnband-set\\\/\",\"url\":\"https:\\\/\\\/marktxxl.de\\\/markt\\\/produkt\\\/disney-nightmare-before-christmas-sally-baby-body-hose-stirnband-set\\\/\",\"name\":\"Disney Nightmare Before Christmas Sally Baby Body Hose &amp; Stirnband Set - Markt-XXL\",\"isPartOf\":{\"@id\":\"https:\\\/\\\/marktxxl.de\\\/markt\\\/#website\"},\"primaryImageOfPage\":{\"@id\":\"https:\\\/\\\/marktxxl.de\\\/markt\\\/produkt\\\/disney-nightmare-before-christmas-sally-baby-body-hose-stirnband-set\\\/#primaryimage\"},\"image\":{\"@id\":\"https:\\\/\\\/marktxxl.de\\\/markt\\\/produkt\\\/disney-nightmare-before-christmas-sally-baby-body-hose-stirnband-set\\\/#primaryimage\"},\"thumbnailUrl\":\"https:\\\/\\\/m.media-amazon.com\\\/images\\\/I\\\/51-5i-j7QNL._SL500_.jpg\",\"datePublished\":\"2022-11-11T06:38:00+00:00\",\"dateModified\":\"2023-04-11T02:51:20+00:00\",\"description\":\"Markt-XXL Disney Nightmare Before Christmas Sally Baby Body Hose &amp; Stirnband Set\",\"breadcrumb\":{\"@id\":\"https:\\\/\\\/marktxxl.de\\\/markt\\\/produkt\\\/disney-nightmare-before-christmas-sally-baby-body-hose-stirnband-set\\\/#breadcrumb\"},\"inLanguage\":\"de\",\"potentialAction\":[{\"@type\":\"ReadAction\",\"target\":[\"https:\\\/\\\/marktxxl.de\\\/markt\\\/produkt\\\/disney-nightmare-before-christmas-sally-baby-body-hose-stirnband-set\\\/\"]}]},{\"@type\":\"ImageObject\",\"inLanguage\":\"de\",\"@id\":\"https:\\\/\\\/marktxxl.de\\\/markt\\\/produkt\\\/disney-nightmare-before-christmas-sally-baby-body-hose-stirnband-set\\\/#primaryimage\",\"url\":\"https:\\\/\\\/m.media-amazon.com\\\/images\\\/I\\\/51-5i-j7QNL._SL500_.jpg\",\"contentUrl\":\"https:\\\/\\\/m.media-amazon.com\\\/images\\\/I\\\/51-5i-j7QNL._SL500_.jpg\",\"width\":500,\"height\":500},{\"@type\":\"BreadcrumbList\",\"@id\":\"https:\\\/\\\/marktxxl.de\\\/markt\\\/produkt\\\/disney-nightmare-before-christmas-sally-baby-body-hose-stirnband-set\\\/#breadcrumb\",\"itemListElement\":[{\"@type\":\"ListItem\",\"position\":1,\"name\":\"Startseite\",\"item\":\"https:\\\/\\\/marktxxl.de\\\/markt\\\/\"},{\"@type\":\"ListItem\",\"position\":2,\"name\":\"Markt\",\"item\":\"https:\\\/\\\/marktxxl.de\\\/markt\\\/\"},{\"@type\":\"ListItem\",\"position\":3,\"name\":\"Disney Nightmare Before Christmas Sally Baby Body Hose &amp; Stirnband Set\"}]},{\"@type\":\"WebSite\",\"@id\":\"https:\\\/\\\/marktxxl.de\\\/markt\\\/#website\",\"url\":\"https:\\\/\\\/marktxxl.de\\\/markt\\\/\",\"name\":\"Markt-XXL\",\"description\":\"Ihr Markt Online\",\"publisher\":{\"@id\":\"https:\\\/\\\/marktxxl.de\\\/markt\\\/#organization\"},\"potentialAction\":[{\"@type\":\"SearchAction\",\"target\":{\"@type\":\"EntryPoint\",\"urlTemplate\":\"https:\\\/\\\/marktxxl.de\\\/markt\\\/?s={search_term_string}\"},\"query-input\":{\"@type\":\"PropertyValueSpecification\",\"valueRequired\":true,\"valueName\":\"search_term_string\"}}],\"inLanguage\":\"de\"},{\"@type\":\"Organization\",\"@id\":\"https:\\\/\\\/marktxxl.de\\\/markt\\\/#organization\",\"name\":\"Markt-XXL\",\"url\":\"https:\\\/\\\/marktxxl.de\\\/markt\\\/\",\"logo\":{\"@type\":\"ImageObject\",\"inLanguage\":\"de\",\"@id\":\"https:\\\/\\\/marktxxl.de\\\/markt\\\/#\\\/schema\\\/logo\\\/image\\\/\",\"url\":\"https:\\\/\\\/marktxxl.de\\\/markt\\\/wp-content\\\/uploads\\\/sites\\\/3\\\/2020\\\/12\\\/logo.png\",\"contentUrl\":\"https:\\\/\\\/marktxxl.de\\\/markt\\\/wp-content\\\/uploads\\\/sites\\\/3\\\/2020\\\/12\\\/logo.png\",\"width\":200,\"height\":70,\"caption\":\"Markt-XXL\"},\"image\":{\"@id\":\"https:\\\/\\\/marktxxl.de\\\/markt\\\/#\\\/schema\\\/logo\\\/image\\\/\"}}]}<\/script>\n<!-- \/ Yoast SEO plugin. -->","yoast_head_json":{"title":"Disney Nightmare Before Christmas Sally Baby Body Hose &amp; Stirnband Set - Markt-XXL","description":"Markt-XXL Disney Nightmare Before Christmas Sally Baby Body Hose &amp; Stirnband Set","robots":{"index":"index","follow":"follow","max-snippet":"max-snippet:-1","max-image-preview":"max-image-preview:large","max-video-preview":"max-video-preview:-1"},"canonical":"https:\/\/marktxxl.de\/markt\/produkt\/disney-nightmare-before-christmas-sally-baby-body-hose-stirnband-set\/","og_locale":"de_DE","og_type":"article","og_title":"Disney Nightmare Before Christmas Sally Baby Body Hose &amp; Stirnband Set - Markt-XXL","og_description":"Markt-XXL Disney Nightmare Before Christmas Sally Baby Body Hose &amp; Stirnband Set","og_url":"https:\/\/marktxxl.de\/markt\/produkt\/disney-nightmare-before-christmas-sally-baby-body-hose-stirnband-set\/","og_site_name":"Markt-XXL","article_modified_time":"2023-04-11T02:51:20+00:00","og_image":[{"width":500,"height":500,"url":"https:\/\/m.media-amazon.com\/images\/I\/51-5i-j7QNL._SL500_.jpg","type":"image\/jpeg"}],"twitter_card":"summary_large_image","twitter_misc":{"Gesch\u00e4tzte Lesezeit":"1\u00a0Minute"},"schema":{"@context":"https:\/\/schema.org","@graph":[{"@type":"WebPage","@id":"https:\/\/marktxxl.de\/markt\/produkt\/disney-nightmare-before-christmas-sally-baby-body-hose-stirnband-set\/","url":"https:\/\/marktxxl.de\/markt\/produkt\/disney-nightmare-before-christmas-sally-baby-body-hose-stirnband-set\/","name":"Disney Nightmare Before Christmas Sally Baby Body Hose &amp; Stirnband Set - Markt-XXL","isPartOf":{"@id":"https:\/\/marktxxl.de\/markt\/#website"},"primaryImageOfPage":{"@id":"https:\/\/marktxxl.de\/markt\/produkt\/disney-nightmare-before-christmas-sally-baby-body-hose-stirnband-set\/#primaryimage"},"image":{"@id":"https:\/\/marktxxl.de\/markt\/produkt\/disney-nightmare-before-christmas-sally-baby-body-hose-stirnband-set\/#primaryimage"},"thumbnailUrl":"https:\/\/m.media-amazon.com\/images\/I\/51-5i-j7QNL._SL500_.jpg","datePublished":"2022-11-11T06:38:00+00:00","dateModified":"2023-04-11T02:51:20+00:00","description":"Markt-XXL Disney Nightmare Before Christmas Sally Baby Body Hose &amp; Stirnband Set","breadcrumb":{"@id":"https:\/\/marktxxl.de\/markt\/produkt\/disney-nightmare-before-christmas-sally-baby-body-hose-stirnband-set\/#breadcrumb"},"inLanguage":"de","potentialAction":[{"@type":"ReadAction","target":["https:\/\/marktxxl.de\/markt\/produkt\/disney-nightmare-before-christmas-sally-baby-body-hose-stirnband-set\/"]}]},{"@type":"ImageObject","inLanguage":"de","@id":"https:\/\/marktxxl.de\/markt\/produkt\/disney-nightmare-before-christmas-sally-baby-body-hose-stirnband-set\/#primaryimage","url":"https:\/\/m.media-amazon.com\/images\/I\/51-5i-j7QNL._SL500_.jpg","contentUrl":"https:\/\/m.media-amazon.com\/images\/I\/51-5i-j7QNL._SL500_.jpg","width":500,"height":500},{"@type":"BreadcrumbList","@id":"https:\/\/marktxxl.de\/markt\/produkt\/disney-nightmare-before-christmas-sally-baby-body-hose-stirnband-set\/#breadcrumb","itemListElement":[{"@type":"ListItem","position":1,"name":"Startseite","item":"https:\/\/marktxxl.de\/markt\/"},{"@type":"ListItem","position":2,"name":"Markt","item":"https:\/\/marktxxl.de\/markt\/"},{"@type":"ListItem","position":3,"name":"Disney Nightmare Before Christmas Sally Baby Body Hose &amp; Stirnband Set"}]},{"@type":"WebSite","@id":"https:\/\/marktxxl.de\/markt\/#website","url":"https:\/\/marktxxl.de\/markt\/","name":"Markt-XXL","description":"Ihr Markt Online","publisher":{"@id":"https:\/\/marktxxl.de\/markt\/#organization"},"potentialAction":[{"@type":"SearchAction","target":{"@type":"EntryPoint","urlTemplate":"https:\/\/marktxxl.de\/markt\/?s={search_term_string}"},"query-input":{"@type":"PropertyValueSpecification","valueRequired":true,"valueName":"search_term_string"}}],"inLanguage":"de"},{"@type":"Organization","@id":"https:\/\/marktxxl.de\/markt\/#organization","name":"Markt-XXL","url":"https:\/\/marktxxl.de\/markt\/","logo":{"@type":"ImageObject","inLanguage":"de","@id":"https:\/\/marktxxl.de\/markt\/#\/schema\/logo\/image\/","url":"https:\/\/marktxxl.de\/markt\/wp-content\/uploads\/sites\/3\/2020\/12\/logo.png","contentUrl":"https:\/\/marktxxl.de\/markt\/wp-content\/uploads\/sites\/3\/2020\/12\/logo.png","width":200,"height":70,"caption":"Markt-XXL"},"image":{"@id":"https:\/\/marktxxl.de\/markt\/#\/schema\/logo\/image\/"}}]}},"_links":{"self":[{"href":"https:\/\/marktxxl.de\/markt\/wp-json\/wp\/v2\/product\/166229","targetHints":{"allow":["GET"]}}],"collection":[{"href":"https:\/\/marktxxl.de\/markt\/wp-json\/wp\/v2\/product"}],"about":[{"href":"https:\/\/marktxxl.de\/markt\/wp-json\/wp\/v2\/types\/product"}],"replies":[{"embeddable":true,"href":"https:\/\/marktxxl.de\/markt\/wp-json\/wp\/v2\/comments?post=166229"}],"wp:featuredmedia":[{"embeddable":true,"href":"https:\/\/marktxxl.de\/markt\/wp-json\/wp\/v2\/media\/166230"}],"wp:attachment":[{"href":"https:\/\/marktxxl.de\/markt\/wp-json\/wp\/v2\/media?parent=166229"}],"wp:term":[{"taxonomy":"product_brand","embeddable":true,"href":"https:\/\/marktxxl.de\/markt\/wp-json\/wp\/v2\/product_brand?post=166229"},{"taxonomy":"product_cat","embeddable":true,"href":"https:\/\/marktxxl.de\/markt\/wp-json\/wp\/v2\/product_cat?post=166229"},{"taxonomy":"product_tag","embeddable":true,"href":"https:\/\/marktxxl.de\/markt\/wp-json\/wp\/v2\/product_tag?post=166229"}],"curies":[{"name":"wp","href":"https:\/\/api.w.org\/{rel}","templated":true}]}}