{"id":166191,"date":"2022-11-11T07:36:19","date_gmt":"2022-11-11T06:36:19","guid":{"rendered":"https:\/\/marktxxl.de\/markt\/produkt\/uwell-nunchaku-coils-4er-pack-verdampferkoepfe\/"},"modified":"2023-04-11T04:51:19","modified_gmt":"2023-04-11T02:51:19","slug":"uwell-nunchaku-coils-4er-pack-verdampferkoepfe","status":"publish","type":"product","link":"https:\/\/marktxxl.de\/markt\/produkt\/uwell-nunchaku-coils-4er-pack-verdampferkoepfe\/","title":{"rendered":"Uwell Nuncha Verdampferk\u00f6pfe 0.25\/0.4 Ohm 4er Pack, Zubeh\u00f6r\/Widerstand:0.25 Ohm"},"content":{"rendered":"<p>Uwell Nunchaku Verdampferk\u00f6pfe 0.25 \/ 0.4 Ohm 4er-Pack (Artikel enth\u00e4lt kein Nikotin)<br \/>\nL\u00e4sst die Performance Ihres Nunchaku Verdampfers nach, ist der Geschmack nicht mehr so vollmundig und l\u00e4sst die Dampfdichte nach? Dann sollten Sie Ihrem Uwell Nunchaku einen neuen Verdampferkopf g\u00f6nnen. In den Sets zu je vier St\u00fcck erhalten Sie den passenden Ersatz an Coils f\u00fcr den Nunchaku Verdampfer &#8211; je nach Vorliebe k\u00f6nnen Sie zwischen einem Widerstand von 0.25 oder 0.4 Ohm w\u00e4hlen. Diese Original Uwell Verdampferk\u00f6pfe zum Subohm-Dampfen zeichnen sich durch eine dichte Dampfentwicklung und de<br \/>\nn unvergleichlich guten Geschmack aus.<br \/>\nLieferumfang: 1 x 4er Pack Uwell Nunchaku Verdampferk\u00f6pfe mit 0.25 Ohm oder 0.4 Ohm nach Wahl<br \/>\n<div class=\"main-cross-sell\" data-asin=\"B07DGYQCRN\">\n\n\t<div class=\"WooZone-cross-sell-loader\">\n\t\t<div>\n\t\t\t<div id=\"floatingBarsG\">\n\t\t\t\t<div class=\"blockG\" id=\"rotateG_01\"><\/div>\n\t\t\t\t<div class=\"blockG\" id=\"rotateG_02\"><\/div>\n\t\t\t\t<div class=\"blockG\" id=\"rotateG_03\"><\/div>\n\t\t\t\t<div class=\"blockG\" id=\"rotateG_04\"><\/div>\n\t\t\t\t<div class=\"blockG\" id=\"rotateG_05\"><\/div>\n\t\t\t\t<div class=\"blockG\" id=\"rotateG_06\"><\/div>\n\t\t\t\t<div class=\"blockG\" id=\"rotateG_07\"><\/div>\n\t\t\t\t<div class=\"blockG\" id=\"rotateG_08\"><\/div>\n\t\t\t<\/div>\n\t\t\t<div class=\"WooZone-cross-sell-loader-text\"><\/div>\n\t\t<\/div>\n\t<\/div>\n\n\t\t\n<\/div>\n<div style=\"clear:both;\"><\/div><\/p>\n","protected":false},"excerpt":{"rendered":"<p>Uwell Nunchaku Verdampferk\u00f6pfe 0.25 \/ 0.4 Ohm 4er-Pack (Artikel enth\u00e4lt kein Nikotin)<br \/>\nL\u00e4sst die Performance Ihres Nunchaku Verdampfers nach, ist der Geschmack nicht mehr so vollmundig und l\u00e4sst die Dampfdichte nach? Dann sollten Sie Ihrem Uwell Nunchaku einen neuen Verdampferkopf g\u00f6nnen. In den Sets zu je vier St\u00fcck erhalten Sie den passenden Ersatz an Coils f\u00fcr den Nunchaku Verdampfer &#8211; je nach Vorliebe k\u00f6nnen Sie zwischen einem Widerstand von 0.25 oder 0.4 Ohm w\u00e4hlen. Diese Original Uwell Verdampferk\u00f6pfe zum Subohm-Dampfen zeichnen sich durch eine dichte Dampfentwicklung und de<br \/>\nn unvergleichlich guten Geschmack aus.<\/p>\n","protected":false},"featured_media":166192,"comment_status":"open","ping_status":"closed","template":"","meta":[],"product_brand":[],"product_cat":[566,5626],"product_tag":[],"class_list":{"0":"post-166191","1":"product","2":"type-product","3":"status-publish","4":"has-post-thumbnail","6":"product_cat-drogerie-koerperpflege","7":"product_cat-elektronische-zigaretten-shishas-zubehoer","8":"pa_brand-uwell","9":"pa_manufacturer-uwell","11":"first","12":"instock","13":"shipping-taxable","14":"purchasable","15":"product-type-simple","16":"customify-col","17":"product-has-gallery"},"yoast_head":"<!-- This site is optimized with the Yoast SEO plugin v27.3 - https:\/\/yoast.com\/product\/yoast-seo-wordpress\/ -->\n<title>Uwell Nuncha Verdampferk\u00f6pfe 0.25\/0.4 Ohm 4er Pack, Zubeh\u00f6r\/Widerstand:0.25 Ohm - Markt-XXL<\/title>\n<meta name=\"description\" content=\"Markt-XXL Uwell Nuncha Verdampferk\u00f6pfe 0.25\/0.4 Ohm 4er Pack, Zubeh\u00f6r\/Widerstand:0.25 Ohm\" \/>\n<meta name=\"robots\" content=\"index, follow, max-snippet:-1, max-image-preview:large, max-video-preview:-1\" \/>\n<link rel=\"canonical\" href=\"https:\/\/marktxxl.de\/markt\/produkt\/uwell-nunchaku-coils-4er-pack-verdampferkoepfe\/\" \/>\n<meta property=\"og:locale\" content=\"de_DE\" \/>\n<meta property=\"og:type\" content=\"article\" \/>\n<meta property=\"og:title\" content=\"Uwell Nuncha Verdampferk\u00f6pfe 0.25\/0.4 Ohm 4er Pack, Zubeh\u00f6r\/Widerstand:0.25 Ohm - Markt-XXL\" \/>\n<meta property=\"og:description\" content=\"Markt-XXL Uwell Nuncha Verdampferk\u00f6pfe 0.25\/0.4 Ohm 4er Pack, Zubeh\u00f6r\/Widerstand:0.25 Ohm\" \/>\n<meta property=\"og:url\" content=\"https:\/\/marktxxl.de\/markt\/produkt\/uwell-nunchaku-coils-4er-pack-verdampferkoepfe\/\" \/>\n<meta property=\"og:site_name\" content=\"Markt-XXL\" \/>\n<meta property=\"article:modified_time\" content=\"2023-04-11T02:51:19+00:00\" \/>\n<meta property=\"og:image\" content=\"https:\/\/m.media-amazon.com\/images\/I\/41MiUHq9VxL._SL500_.jpg\" \/>\n\t<meta property=\"og:image:width\" content=\"500\" \/>\n\t<meta property=\"og:image:height\" content=\"312\" \/>\n\t<meta property=\"og:image:type\" content=\"image\/jpeg\" \/>\n<meta name=\"twitter:card\" content=\"summary_large_image\" \/>\n<meta name=\"twitter:label1\" content=\"Gesch\u00e4tzte Lesezeit\" \/>\n\t<meta name=\"twitter:data1\" content=\"1\u00a0Minute\" \/>\n<script type=\"application\/ld+json\" class=\"yoast-schema-graph\">{\"@context\":\"https:\\\/\\\/schema.org\",\"@graph\":[{\"@type\":\"WebPage\",\"@id\":\"https:\\\/\\\/marktxxl.de\\\/markt\\\/produkt\\\/uwell-nunchaku-coils-4er-pack-verdampferkoepfe\\\/\",\"url\":\"https:\\\/\\\/marktxxl.de\\\/markt\\\/produkt\\\/uwell-nunchaku-coils-4er-pack-verdampferkoepfe\\\/\",\"name\":\"Uwell Nuncha Verdampferk\u00f6pfe 0.25\\\/0.4 Ohm 4er Pack, Zubeh\u00f6r\\\/Widerstand:0.25 Ohm - Markt-XXL\",\"isPartOf\":{\"@id\":\"https:\\\/\\\/marktxxl.de\\\/markt\\\/#website\"},\"primaryImageOfPage\":{\"@id\":\"https:\\\/\\\/marktxxl.de\\\/markt\\\/produkt\\\/uwell-nunchaku-coils-4er-pack-verdampferkoepfe\\\/#primaryimage\"},\"image\":{\"@id\":\"https:\\\/\\\/marktxxl.de\\\/markt\\\/produkt\\\/uwell-nunchaku-coils-4er-pack-verdampferkoepfe\\\/#primaryimage\"},\"thumbnailUrl\":\"https:\\\/\\\/m.media-amazon.com\\\/images\\\/I\\\/41MiUHq9VxL._SL500_.jpg\",\"datePublished\":\"2022-11-11T06:36:19+00:00\",\"dateModified\":\"2023-04-11T02:51:19+00:00\",\"description\":\"Markt-XXL Uwell Nuncha Verdampferk\u00f6pfe 0.25\\\/0.4 Ohm 4er Pack, Zubeh\u00f6r\\\/Widerstand:0.25 Ohm\",\"breadcrumb\":{\"@id\":\"https:\\\/\\\/marktxxl.de\\\/markt\\\/produkt\\\/uwell-nunchaku-coils-4er-pack-verdampferkoepfe\\\/#breadcrumb\"},\"inLanguage\":\"de\",\"potentialAction\":[{\"@type\":\"ReadAction\",\"target\":[\"https:\\\/\\\/marktxxl.de\\\/markt\\\/produkt\\\/uwell-nunchaku-coils-4er-pack-verdampferkoepfe\\\/\"]}]},{\"@type\":\"ImageObject\",\"inLanguage\":\"de\",\"@id\":\"https:\\\/\\\/marktxxl.de\\\/markt\\\/produkt\\\/uwell-nunchaku-coils-4er-pack-verdampferkoepfe\\\/#primaryimage\",\"url\":\"https:\\\/\\\/m.media-amazon.com\\\/images\\\/I\\\/41MiUHq9VxL._SL500_.jpg\",\"contentUrl\":\"https:\\\/\\\/m.media-amazon.com\\\/images\\\/I\\\/41MiUHq9VxL._SL500_.jpg\",\"width\":500,\"height\":312},{\"@type\":\"BreadcrumbList\",\"@id\":\"https:\\\/\\\/marktxxl.de\\\/markt\\\/produkt\\\/uwell-nunchaku-coils-4er-pack-verdampferkoepfe\\\/#breadcrumb\",\"itemListElement\":[{\"@type\":\"ListItem\",\"position\":1,\"name\":\"Startseite\",\"item\":\"https:\\\/\\\/marktxxl.de\\\/markt\\\/\"},{\"@type\":\"ListItem\",\"position\":2,\"name\":\"Markt\",\"item\":\"https:\\\/\\\/marktxxl.de\\\/markt\\\/\"},{\"@type\":\"ListItem\",\"position\":3,\"name\":\"Uwell Nuncha Verdampferk\u00f6pfe 0.25\\\/0.4 Ohm 4er Pack, Zubeh\u00f6r\\\/Widerstand:0.25 Ohm\"}]},{\"@type\":\"WebSite\",\"@id\":\"https:\\\/\\\/marktxxl.de\\\/markt\\\/#website\",\"url\":\"https:\\\/\\\/marktxxl.de\\\/markt\\\/\",\"name\":\"Markt-XXL\",\"description\":\"Ihr Markt Online\",\"publisher\":{\"@id\":\"https:\\\/\\\/marktxxl.de\\\/markt\\\/#organization\"},\"potentialAction\":[{\"@type\":\"SearchAction\",\"target\":{\"@type\":\"EntryPoint\",\"urlTemplate\":\"https:\\\/\\\/marktxxl.de\\\/markt\\\/?s={search_term_string}\"},\"query-input\":{\"@type\":\"PropertyValueSpecification\",\"valueRequired\":true,\"valueName\":\"search_term_string\"}}],\"inLanguage\":\"de\"},{\"@type\":\"Organization\",\"@id\":\"https:\\\/\\\/marktxxl.de\\\/markt\\\/#organization\",\"name\":\"Markt-XXL\",\"url\":\"https:\\\/\\\/marktxxl.de\\\/markt\\\/\",\"logo\":{\"@type\":\"ImageObject\",\"inLanguage\":\"de\",\"@id\":\"https:\\\/\\\/marktxxl.de\\\/markt\\\/#\\\/schema\\\/logo\\\/image\\\/\",\"url\":\"https:\\\/\\\/marktxxl.de\\\/markt\\\/wp-content\\\/uploads\\\/sites\\\/3\\\/2020\\\/12\\\/logo.png\",\"contentUrl\":\"https:\\\/\\\/marktxxl.de\\\/markt\\\/wp-content\\\/uploads\\\/sites\\\/3\\\/2020\\\/12\\\/logo.png\",\"width\":200,\"height\":70,\"caption\":\"Markt-XXL\"},\"image\":{\"@id\":\"https:\\\/\\\/marktxxl.de\\\/markt\\\/#\\\/schema\\\/logo\\\/image\\\/\"}}]}<\/script>\n<!-- \/ Yoast SEO plugin. -->","yoast_head_json":{"title":"Uwell Nuncha Verdampferk\u00f6pfe 0.25\/0.4 Ohm 4er Pack, Zubeh\u00f6r\/Widerstand:0.25 Ohm - Markt-XXL","description":"Markt-XXL Uwell Nuncha Verdampferk\u00f6pfe 0.25\/0.4 Ohm 4er Pack, Zubeh\u00f6r\/Widerstand:0.25 Ohm","robots":{"index":"index","follow":"follow","max-snippet":"max-snippet:-1","max-image-preview":"max-image-preview:large","max-video-preview":"max-video-preview:-1"},"canonical":"https:\/\/marktxxl.de\/markt\/produkt\/uwell-nunchaku-coils-4er-pack-verdampferkoepfe\/","og_locale":"de_DE","og_type":"article","og_title":"Uwell Nuncha Verdampferk\u00f6pfe 0.25\/0.4 Ohm 4er Pack, Zubeh\u00f6r\/Widerstand:0.25 Ohm - Markt-XXL","og_description":"Markt-XXL Uwell Nuncha Verdampferk\u00f6pfe 0.25\/0.4 Ohm 4er Pack, Zubeh\u00f6r\/Widerstand:0.25 Ohm","og_url":"https:\/\/marktxxl.de\/markt\/produkt\/uwell-nunchaku-coils-4er-pack-verdampferkoepfe\/","og_site_name":"Markt-XXL","article_modified_time":"2023-04-11T02:51:19+00:00","og_image":[{"width":500,"height":312,"url":"https:\/\/m.media-amazon.com\/images\/I\/41MiUHq9VxL._SL500_.jpg","type":"image\/jpeg"}],"twitter_card":"summary_large_image","twitter_misc":{"Gesch\u00e4tzte Lesezeit":"1\u00a0Minute"},"schema":{"@context":"https:\/\/schema.org","@graph":[{"@type":"WebPage","@id":"https:\/\/marktxxl.de\/markt\/produkt\/uwell-nunchaku-coils-4er-pack-verdampferkoepfe\/","url":"https:\/\/marktxxl.de\/markt\/produkt\/uwell-nunchaku-coils-4er-pack-verdampferkoepfe\/","name":"Uwell Nuncha Verdampferk\u00f6pfe 0.25\/0.4 Ohm 4er Pack, Zubeh\u00f6r\/Widerstand:0.25 Ohm - Markt-XXL","isPartOf":{"@id":"https:\/\/marktxxl.de\/markt\/#website"},"primaryImageOfPage":{"@id":"https:\/\/marktxxl.de\/markt\/produkt\/uwell-nunchaku-coils-4er-pack-verdampferkoepfe\/#primaryimage"},"image":{"@id":"https:\/\/marktxxl.de\/markt\/produkt\/uwell-nunchaku-coils-4er-pack-verdampferkoepfe\/#primaryimage"},"thumbnailUrl":"https:\/\/m.media-amazon.com\/images\/I\/41MiUHq9VxL._SL500_.jpg","datePublished":"2022-11-11T06:36:19+00:00","dateModified":"2023-04-11T02:51:19+00:00","description":"Markt-XXL Uwell Nuncha Verdampferk\u00f6pfe 0.25\/0.4 Ohm 4er Pack, Zubeh\u00f6r\/Widerstand:0.25 Ohm","breadcrumb":{"@id":"https:\/\/marktxxl.de\/markt\/produkt\/uwell-nunchaku-coils-4er-pack-verdampferkoepfe\/#breadcrumb"},"inLanguage":"de","potentialAction":[{"@type":"ReadAction","target":["https:\/\/marktxxl.de\/markt\/produkt\/uwell-nunchaku-coils-4er-pack-verdampferkoepfe\/"]}]},{"@type":"ImageObject","inLanguage":"de","@id":"https:\/\/marktxxl.de\/markt\/produkt\/uwell-nunchaku-coils-4er-pack-verdampferkoepfe\/#primaryimage","url":"https:\/\/m.media-amazon.com\/images\/I\/41MiUHq9VxL._SL500_.jpg","contentUrl":"https:\/\/m.media-amazon.com\/images\/I\/41MiUHq9VxL._SL500_.jpg","width":500,"height":312},{"@type":"BreadcrumbList","@id":"https:\/\/marktxxl.de\/markt\/produkt\/uwell-nunchaku-coils-4er-pack-verdampferkoepfe\/#breadcrumb","itemListElement":[{"@type":"ListItem","position":1,"name":"Startseite","item":"https:\/\/marktxxl.de\/markt\/"},{"@type":"ListItem","position":2,"name":"Markt","item":"https:\/\/marktxxl.de\/markt\/"},{"@type":"ListItem","position":3,"name":"Uwell Nuncha Verdampferk\u00f6pfe 0.25\/0.4 Ohm 4er Pack, Zubeh\u00f6r\/Widerstand:0.25 Ohm"}]},{"@type":"WebSite","@id":"https:\/\/marktxxl.de\/markt\/#website","url":"https:\/\/marktxxl.de\/markt\/","name":"Markt-XXL","description":"Ihr Markt Online","publisher":{"@id":"https:\/\/marktxxl.de\/markt\/#organization"},"potentialAction":[{"@type":"SearchAction","target":{"@type":"EntryPoint","urlTemplate":"https:\/\/marktxxl.de\/markt\/?s={search_term_string}"},"query-input":{"@type":"PropertyValueSpecification","valueRequired":true,"valueName":"search_term_string"}}],"inLanguage":"de"},{"@type":"Organization","@id":"https:\/\/marktxxl.de\/markt\/#organization","name":"Markt-XXL","url":"https:\/\/marktxxl.de\/markt\/","logo":{"@type":"ImageObject","inLanguage":"de","@id":"https:\/\/marktxxl.de\/markt\/#\/schema\/logo\/image\/","url":"https:\/\/marktxxl.de\/markt\/wp-content\/uploads\/sites\/3\/2020\/12\/logo.png","contentUrl":"https:\/\/marktxxl.de\/markt\/wp-content\/uploads\/sites\/3\/2020\/12\/logo.png","width":200,"height":70,"caption":"Markt-XXL"},"image":{"@id":"https:\/\/marktxxl.de\/markt\/#\/schema\/logo\/image\/"}}]}},"_links":{"self":[{"href":"https:\/\/marktxxl.de\/markt\/wp-json\/wp\/v2\/product\/166191","targetHints":{"allow":["GET"]}}],"collection":[{"href":"https:\/\/marktxxl.de\/markt\/wp-json\/wp\/v2\/product"}],"about":[{"href":"https:\/\/marktxxl.de\/markt\/wp-json\/wp\/v2\/types\/product"}],"replies":[{"embeddable":true,"href":"https:\/\/marktxxl.de\/markt\/wp-json\/wp\/v2\/comments?post=166191"}],"wp:featuredmedia":[{"embeddable":true,"href":"https:\/\/marktxxl.de\/markt\/wp-json\/wp\/v2\/media\/166192"}],"wp:attachment":[{"href":"https:\/\/marktxxl.de\/markt\/wp-json\/wp\/v2\/media?parent=166191"}],"wp:term":[{"taxonomy":"product_brand","embeddable":true,"href":"https:\/\/marktxxl.de\/markt\/wp-json\/wp\/v2\/product_brand?post=166191"},{"taxonomy":"product_cat","embeddable":true,"href":"https:\/\/marktxxl.de\/markt\/wp-json\/wp\/v2\/product_cat?post=166191"},{"taxonomy":"product_tag","embeddable":true,"href":"https:\/\/marktxxl.de\/markt\/wp-json\/wp\/v2\/product_tag?post=166191"}],"curies":[{"name":"wp","href":"https:\/\/api.w.org\/{rel}","templated":true}]}}