{"id":166115,"date":"2022-11-11T07:31:04","date_gmt":"2022-11-11T06:31:04","guid":{"rendered":"https:\/\/marktxxl.de\/markt\/produkt\/elutong-kleinkinder-abs-rutschfeste-socken-grip-non-slip-grip-baby-socks-12-paare-0-5-jahre-neugeborene-non-skip-suesse-einfarbige-socken-for-jungen-und-maedchen\/"},"modified":"2023-04-11T04:51:18","modified_gmt":"2023-04-11T02:51:18","slug":"elutong-kleinkinder-abs-rutschfeste-socken-grip-non-slip-grip-baby-socks-12-paare-0-5-jahre-neugeborene-non-skip-suesse-einfarbige-socken-for-jungen-und-maedchen","status":"publish","type":"product","link":"https:\/\/marktxxl.de\/markt\/produkt\/elutong-kleinkinder-abs-rutschfeste-socken-grip-non-slip-grip-baby-socks-12-paare-0-5-jahre-neugeborene-non-skip-suesse-einfarbige-socken-for-jungen-und-maedchen\/","title":{"rendered":"ELUTONG Kleinkinder ABS rutschfeste Socken Grip Non Slip Grip Baby Socks -12 Paare 0-5 Jahre Neugeborene Non Skip S\u00fc\u00dfe\u2026"},"content":{"rendered":"<p>\u2714 Rutschfestes Design: Unsere Babysocken bestehen aus hochwertiger Baumwolle, Ferse und Sohle haben eine sichere rutschfeste Grifffl\u00e4che (die rutschfeste Grifffl\u00e4che ist dauerhaft fixiert und f\u00e4llt nicht ab). Es kann Ihrem Kind helfen, das Gleichgewicht beim Krabbeln, Gehen oder Laufen auf glatten Oberfl\u00e4chen wie Holzb\u00f6den, Fliesen und im Freien zu halten.<br \/>\n\u2714 Reinigen und sch\u00fctzen Sie Ihre F\u00fc\u00dfe: Das antibakterielle Material der rutschfesten Socken kann nicht nur Schwei\u00df aufnehmen, um Ihre F\u00fc\u00dfe sauber zu halten, sondern auch desodoriert. All diese Eigenschaften sind die beste Wahl f\u00fcr empfindliche Haut.<br \/>\n\u2714 95% Baumwolle, 5% Polyester<br \/>\n\u2714 Pflegehinweis: Waschmaschinen- und trocknergeeignet (40\u00b0C): Nach vielen Tests bleichen unsere Socken nicht aus und gehen auch beim Waschen in Wasser unter 40\u00b0C nicht ein.<br \/>\n\u2714 Pflegehinweis: Waschmaschinen- und trocknergeeignet (40\u00b0C): Nach vielen Tests bleichen unsere Socken nicht aus und gehen auch beim Waschen in Wasser unter 40\u00b0C nicht ein.<br \/>\n\u2714 Erf\u00fcllen Sie die Wachstumsbed\u00fcrfnisse Ihres Kindes: Im Alter von 1-3 Jahren beginnt sich der Bogen Ihres Babys zu bilden. Die t\u00e4glichen Aktivit\u00e4ten betreffen haupts\u00e4chlich den Vorfu\u00df und die Ferse. Wir haben das rutschfeste Material im Fu\u00dfgew\u00f6lbebereich der Socken entfernt, um Babys zu helfen, ihre Fu\u00dfgew\u00f6lbe zu entwickeln, ohne auf Rutschfestigkeit oder Komfort zu verzichten.<br \/>\n<div class=\"main-cross-sell\" data-asin=\"B09GJZLF5V\">\n\n\t<div class=\"WooZone-cross-sell-loader\">\n\t\t<div>\n\t\t\t<div id=\"floatingBarsG\">\n\t\t\t\t<div class=\"blockG\" id=\"rotateG_01\"><\/div>\n\t\t\t\t<div class=\"blockG\" id=\"rotateG_02\"><\/div>\n\t\t\t\t<div class=\"blockG\" id=\"rotateG_03\"><\/div>\n\t\t\t\t<div class=\"blockG\" id=\"rotateG_04\"><\/div>\n\t\t\t\t<div class=\"blockG\" id=\"rotateG_05\"><\/div>\n\t\t\t\t<div class=\"blockG\" id=\"rotateG_06\"><\/div>\n\t\t\t\t<div class=\"blockG\" id=\"rotateG_07\"><\/div>\n\t\t\t\t<div class=\"blockG\" id=\"rotateG_08\"><\/div>\n\t\t\t<\/div>\n\t\t\t<div class=\"WooZone-cross-sell-loader-text\"><\/div>\n\t\t<\/div>\n\t<\/div>\n\n\t\t\n<\/div>\n<div style=\"clear:both;\"><\/div><\/p>\n","protected":false},"excerpt":{"rendered":"<p>\u2714 Rutschfestes Design: Unsere Babysocken bestehen aus hochwertiger Baumwolle, Ferse und Sohle haben eine sichere rutschfeste Grifffl\u00e4che (die rutschfeste Grifffl\u00e4che ist dauerhaft fixiert und f\u00e4llt nicht ab). Es kann Ihrem Kind helfen, das Gleichgewicht beim Krabbeln, Gehen oder Laufen auf glatten Oberfl\u00e4chen wie Holzb\u00f6den, Fliesen und im Freien zu halten.<br \/>\n\u2714 Reinigen und sch\u00fctzen Sie Ihre F\u00fc\u00dfe: Das antibakterielle Material der rutschfesten Socken kann nicht nur Schwei\u00df aufnehmen, um Ihre F\u00fc\u00dfe sauber zu halten, sondern auch desodoriert. All diese Eigenschaften sind die beste Wahl f\u00fcr empfindliche Haut.<br \/>\n\u2714 95% Baumwolle, 5% Polyester<\/p>\n","protected":false},"featured_media":166116,"comment_status":"open","ping_status":"closed","template":"","meta":[],"product_brand":[],"product_cat":[4054,1186],"product_tag":[],"class_list":{"0":"post-166115","1":"product","2":"type-product","3":"status-publish","4":"has-post-thumbnail","6":"product_cat-baby-bekleidung","7":"product_cat-bekleidung","8":"pa_brand-elutong","10":"first","11":"instock","12":"shipping-taxable","13":"purchasable","14":"product-type-simple","15":"customify-col","16":"product-has-gallery"},"yoast_head":"<!-- This site is optimized with the Yoast SEO plugin v27.4 - https:\/\/yoast.com\/product\/yoast-seo-wordpress\/ -->\n<title>ELUTONG Kleinkinder ABS rutschfeste Socken Grip Non Slip Grip Baby Socks -12 Paare 0-5 Jahre Neugeborene Non Skip S\u00fc\u00dfe\u2026 - Markt-XXL<\/title>\n<meta name=\"description\" content=\"Markt-XXL ELUTONG Kleinkinder ABS rutschfeste Socken Grip Non Slip Grip Baby Socks -12 Paare 0-5 Jahre Neugeborene Non Skip S\u00fc\u00dfe\u2026\" \/>\n<meta name=\"robots\" content=\"index, follow, max-snippet:-1, max-image-preview:large, max-video-preview:-1\" \/>\n<link rel=\"canonical\" href=\"https:\/\/marktxxl.de\/markt\/produkt\/elutong-kleinkinder-abs-rutschfeste-socken-grip-non-slip-grip-baby-socks-12-paare-0-5-jahre-neugeborene-non-skip-suesse-einfarbige-socken-for-jungen-und-maedchen\/\" \/>\n<meta property=\"og:locale\" content=\"de_DE\" \/>\n<meta property=\"og:type\" content=\"article\" \/>\n<meta property=\"og:title\" content=\"ELUTONG Kleinkinder ABS rutschfeste Socken Grip Non Slip Grip Baby Socks -12 Paare 0-5 Jahre Neugeborene Non Skip S\u00fc\u00dfe\u2026 - Markt-XXL\" \/>\n<meta property=\"og:description\" content=\"Markt-XXL ELUTONG Kleinkinder ABS rutschfeste Socken Grip Non Slip Grip Baby Socks -12 Paare 0-5 Jahre Neugeborene Non Skip S\u00fc\u00dfe\u2026\" \/>\n<meta property=\"og:url\" content=\"https:\/\/marktxxl.de\/markt\/produkt\/elutong-kleinkinder-abs-rutschfeste-socken-grip-non-slip-grip-baby-socks-12-paare-0-5-jahre-neugeborene-non-skip-suesse-einfarbige-socken-for-jungen-und-maedchen\/\" \/>\n<meta property=\"og:site_name\" content=\"Markt-XXL\" \/>\n<meta property=\"article:modified_time\" content=\"2023-04-11T02:51:18+00:00\" \/>\n<meta property=\"og:image\" content=\"https:\/\/m.media-amazon.com\/images\/I\/51ZlbrPScdL._SL500_.jpg\" \/>\n\t<meta property=\"og:image:width\" content=\"500\" \/>\n\t<meta property=\"og:image:height\" content=\"500\" \/>\n\t<meta property=\"og:image:type\" content=\"image\/jpeg\" \/>\n<meta name=\"twitter:card\" content=\"summary_large_image\" \/>\n<meta name=\"twitter:label1\" content=\"Gesch\u00e4tzte Lesezeit\" \/>\n\t<meta name=\"twitter:data1\" content=\"1\u00a0Minute\" \/>\n<script type=\"application\/ld+json\" class=\"yoast-schema-graph\">{\"@context\":\"https:\\\/\\\/schema.org\",\"@graph\":[{\"@type\":\"WebPage\",\"@id\":\"https:\\\/\\\/marktxxl.de\\\/markt\\\/produkt\\\/elutong-kleinkinder-abs-rutschfeste-socken-grip-non-slip-grip-baby-socks-12-paare-0-5-jahre-neugeborene-non-skip-suesse-einfarbige-socken-for-jungen-und-maedchen\\\/\",\"url\":\"https:\\\/\\\/marktxxl.de\\\/markt\\\/produkt\\\/elutong-kleinkinder-abs-rutschfeste-socken-grip-non-slip-grip-baby-socks-12-paare-0-5-jahre-neugeborene-non-skip-suesse-einfarbige-socken-for-jungen-und-maedchen\\\/\",\"name\":\"ELUTONG Kleinkinder ABS rutschfeste Socken Grip Non Slip Grip Baby Socks -12 Paare 0-5 Jahre Neugeborene Non Skip S\u00fc\u00dfe\u2026 - Markt-XXL\",\"isPartOf\":{\"@id\":\"https:\\\/\\\/marktxxl.de\\\/markt\\\/#website\"},\"primaryImageOfPage\":{\"@id\":\"https:\\\/\\\/marktxxl.de\\\/markt\\\/produkt\\\/elutong-kleinkinder-abs-rutschfeste-socken-grip-non-slip-grip-baby-socks-12-paare-0-5-jahre-neugeborene-non-skip-suesse-einfarbige-socken-for-jungen-und-maedchen\\\/#primaryimage\"},\"image\":{\"@id\":\"https:\\\/\\\/marktxxl.de\\\/markt\\\/produkt\\\/elutong-kleinkinder-abs-rutschfeste-socken-grip-non-slip-grip-baby-socks-12-paare-0-5-jahre-neugeborene-non-skip-suesse-einfarbige-socken-for-jungen-und-maedchen\\\/#primaryimage\"},\"thumbnailUrl\":\"https:\\\/\\\/m.media-amazon.com\\\/images\\\/I\\\/51ZlbrPScdL._SL500_.jpg\",\"datePublished\":\"2022-11-11T06:31:04+00:00\",\"dateModified\":\"2023-04-11T02:51:18+00:00\",\"description\":\"Markt-XXL ELUTONG Kleinkinder ABS rutschfeste Socken Grip Non Slip Grip Baby Socks -12 Paare 0-5 Jahre Neugeborene Non Skip S\u00fc\u00dfe\u2026\",\"breadcrumb\":{\"@id\":\"https:\\\/\\\/marktxxl.de\\\/markt\\\/produkt\\\/elutong-kleinkinder-abs-rutschfeste-socken-grip-non-slip-grip-baby-socks-12-paare-0-5-jahre-neugeborene-non-skip-suesse-einfarbige-socken-for-jungen-und-maedchen\\\/#breadcrumb\"},\"inLanguage\":\"de\",\"potentialAction\":[{\"@type\":\"ReadAction\",\"target\":[\"https:\\\/\\\/marktxxl.de\\\/markt\\\/produkt\\\/elutong-kleinkinder-abs-rutschfeste-socken-grip-non-slip-grip-baby-socks-12-paare-0-5-jahre-neugeborene-non-skip-suesse-einfarbige-socken-for-jungen-und-maedchen\\\/\"]}]},{\"@type\":\"ImageObject\",\"inLanguage\":\"de\",\"@id\":\"https:\\\/\\\/marktxxl.de\\\/markt\\\/produkt\\\/elutong-kleinkinder-abs-rutschfeste-socken-grip-non-slip-grip-baby-socks-12-paare-0-5-jahre-neugeborene-non-skip-suesse-einfarbige-socken-for-jungen-und-maedchen\\\/#primaryimage\",\"url\":\"https:\\\/\\\/m.media-amazon.com\\\/images\\\/I\\\/51ZlbrPScdL._SL500_.jpg\",\"contentUrl\":\"https:\\\/\\\/m.media-amazon.com\\\/images\\\/I\\\/51ZlbrPScdL._SL500_.jpg\",\"width\":500,\"height\":500},{\"@type\":\"BreadcrumbList\",\"@id\":\"https:\\\/\\\/marktxxl.de\\\/markt\\\/produkt\\\/elutong-kleinkinder-abs-rutschfeste-socken-grip-non-slip-grip-baby-socks-12-paare-0-5-jahre-neugeborene-non-skip-suesse-einfarbige-socken-for-jungen-und-maedchen\\\/#breadcrumb\",\"itemListElement\":[{\"@type\":\"ListItem\",\"position\":1,\"name\":\"Startseite\",\"item\":\"https:\\\/\\\/marktxxl.de\\\/markt\\\/\"},{\"@type\":\"ListItem\",\"position\":2,\"name\":\"Markt\",\"item\":\"https:\\\/\\\/marktxxl.de\\\/markt\\\/\"},{\"@type\":\"ListItem\",\"position\":3,\"name\":\"ELUTONG Kleinkinder ABS rutschfeste Socken Grip Non Slip Grip Baby Socks -12 Paare 0-5 Jahre Neugeborene Non Skip S\u00fc\u00dfe\u2026\"}]},{\"@type\":\"WebSite\",\"@id\":\"https:\\\/\\\/marktxxl.de\\\/markt\\\/#website\",\"url\":\"https:\\\/\\\/marktxxl.de\\\/markt\\\/\",\"name\":\"Markt-XXL\",\"description\":\"Ihr Markt Online\",\"publisher\":{\"@id\":\"https:\\\/\\\/marktxxl.de\\\/markt\\\/#organization\"},\"potentialAction\":[{\"@type\":\"SearchAction\",\"target\":{\"@type\":\"EntryPoint\",\"urlTemplate\":\"https:\\\/\\\/marktxxl.de\\\/markt\\\/?s={search_term_string}\"},\"query-input\":{\"@type\":\"PropertyValueSpecification\",\"valueRequired\":true,\"valueName\":\"search_term_string\"}}],\"inLanguage\":\"de\"},{\"@type\":\"Organization\",\"@id\":\"https:\\\/\\\/marktxxl.de\\\/markt\\\/#organization\",\"name\":\"Markt-XXL\",\"url\":\"https:\\\/\\\/marktxxl.de\\\/markt\\\/\",\"logo\":{\"@type\":\"ImageObject\",\"inLanguage\":\"de\",\"@id\":\"https:\\\/\\\/marktxxl.de\\\/markt\\\/#\\\/schema\\\/logo\\\/image\\\/\",\"url\":\"https:\\\/\\\/marktxxl.de\\\/markt\\\/wp-content\\\/uploads\\\/sites\\\/3\\\/2020\\\/12\\\/logo.png\",\"contentUrl\":\"https:\\\/\\\/marktxxl.de\\\/markt\\\/wp-content\\\/uploads\\\/sites\\\/3\\\/2020\\\/12\\\/logo.png\",\"width\":200,\"height\":70,\"caption\":\"Markt-XXL\"},\"image\":{\"@id\":\"https:\\\/\\\/marktxxl.de\\\/markt\\\/#\\\/schema\\\/logo\\\/image\\\/\"}}]}<\/script>\n<!-- \/ Yoast SEO plugin. -->","yoast_head_json":{"title":"ELUTONG Kleinkinder ABS rutschfeste Socken Grip Non Slip Grip Baby Socks -12 Paare 0-5 Jahre Neugeborene Non Skip S\u00fc\u00dfe\u2026 - Markt-XXL","description":"Markt-XXL ELUTONG Kleinkinder ABS rutschfeste Socken Grip Non Slip Grip Baby Socks -12 Paare 0-5 Jahre Neugeborene Non Skip S\u00fc\u00dfe\u2026","robots":{"index":"index","follow":"follow","max-snippet":"max-snippet:-1","max-image-preview":"max-image-preview:large","max-video-preview":"max-video-preview:-1"},"canonical":"https:\/\/marktxxl.de\/markt\/produkt\/elutong-kleinkinder-abs-rutschfeste-socken-grip-non-slip-grip-baby-socks-12-paare-0-5-jahre-neugeborene-non-skip-suesse-einfarbige-socken-for-jungen-und-maedchen\/","og_locale":"de_DE","og_type":"article","og_title":"ELUTONG Kleinkinder ABS rutschfeste Socken Grip Non Slip Grip Baby Socks -12 Paare 0-5 Jahre Neugeborene Non Skip S\u00fc\u00dfe\u2026 - Markt-XXL","og_description":"Markt-XXL ELUTONG Kleinkinder ABS rutschfeste Socken Grip Non Slip Grip Baby Socks -12 Paare 0-5 Jahre Neugeborene Non Skip S\u00fc\u00dfe\u2026","og_url":"https:\/\/marktxxl.de\/markt\/produkt\/elutong-kleinkinder-abs-rutschfeste-socken-grip-non-slip-grip-baby-socks-12-paare-0-5-jahre-neugeborene-non-skip-suesse-einfarbige-socken-for-jungen-und-maedchen\/","og_site_name":"Markt-XXL","article_modified_time":"2023-04-11T02:51:18+00:00","og_image":[{"width":500,"height":500,"url":"https:\/\/m.media-amazon.com\/images\/I\/51ZlbrPScdL._SL500_.jpg","type":"image\/jpeg"}],"twitter_card":"summary_large_image","twitter_misc":{"Gesch\u00e4tzte Lesezeit":"1\u00a0Minute"},"schema":{"@context":"https:\/\/schema.org","@graph":[{"@type":"WebPage","@id":"https:\/\/marktxxl.de\/markt\/produkt\/elutong-kleinkinder-abs-rutschfeste-socken-grip-non-slip-grip-baby-socks-12-paare-0-5-jahre-neugeborene-non-skip-suesse-einfarbige-socken-for-jungen-und-maedchen\/","url":"https:\/\/marktxxl.de\/markt\/produkt\/elutong-kleinkinder-abs-rutschfeste-socken-grip-non-slip-grip-baby-socks-12-paare-0-5-jahre-neugeborene-non-skip-suesse-einfarbige-socken-for-jungen-und-maedchen\/","name":"ELUTONG Kleinkinder ABS rutschfeste Socken Grip Non Slip Grip Baby Socks -12 Paare 0-5 Jahre Neugeborene Non Skip S\u00fc\u00dfe\u2026 - Markt-XXL","isPartOf":{"@id":"https:\/\/marktxxl.de\/markt\/#website"},"primaryImageOfPage":{"@id":"https:\/\/marktxxl.de\/markt\/produkt\/elutong-kleinkinder-abs-rutschfeste-socken-grip-non-slip-grip-baby-socks-12-paare-0-5-jahre-neugeborene-non-skip-suesse-einfarbige-socken-for-jungen-und-maedchen\/#primaryimage"},"image":{"@id":"https:\/\/marktxxl.de\/markt\/produkt\/elutong-kleinkinder-abs-rutschfeste-socken-grip-non-slip-grip-baby-socks-12-paare-0-5-jahre-neugeborene-non-skip-suesse-einfarbige-socken-for-jungen-und-maedchen\/#primaryimage"},"thumbnailUrl":"https:\/\/m.media-amazon.com\/images\/I\/51ZlbrPScdL._SL500_.jpg","datePublished":"2022-11-11T06:31:04+00:00","dateModified":"2023-04-11T02:51:18+00:00","description":"Markt-XXL ELUTONG Kleinkinder ABS rutschfeste Socken Grip Non Slip Grip Baby Socks -12 Paare 0-5 Jahre Neugeborene Non Skip S\u00fc\u00dfe\u2026","breadcrumb":{"@id":"https:\/\/marktxxl.de\/markt\/produkt\/elutong-kleinkinder-abs-rutschfeste-socken-grip-non-slip-grip-baby-socks-12-paare-0-5-jahre-neugeborene-non-skip-suesse-einfarbige-socken-for-jungen-und-maedchen\/#breadcrumb"},"inLanguage":"de","potentialAction":[{"@type":"ReadAction","target":["https:\/\/marktxxl.de\/markt\/produkt\/elutong-kleinkinder-abs-rutschfeste-socken-grip-non-slip-grip-baby-socks-12-paare-0-5-jahre-neugeborene-non-skip-suesse-einfarbige-socken-for-jungen-und-maedchen\/"]}]},{"@type":"ImageObject","inLanguage":"de","@id":"https:\/\/marktxxl.de\/markt\/produkt\/elutong-kleinkinder-abs-rutschfeste-socken-grip-non-slip-grip-baby-socks-12-paare-0-5-jahre-neugeborene-non-skip-suesse-einfarbige-socken-for-jungen-und-maedchen\/#primaryimage","url":"https:\/\/m.media-amazon.com\/images\/I\/51ZlbrPScdL._SL500_.jpg","contentUrl":"https:\/\/m.media-amazon.com\/images\/I\/51ZlbrPScdL._SL500_.jpg","width":500,"height":500},{"@type":"BreadcrumbList","@id":"https:\/\/marktxxl.de\/markt\/produkt\/elutong-kleinkinder-abs-rutschfeste-socken-grip-non-slip-grip-baby-socks-12-paare-0-5-jahre-neugeborene-non-skip-suesse-einfarbige-socken-for-jungen-und-maedchen\/#breadcrumb","itemListElement":[{"@type":"ListItem","position":1,"name":"Startseite","item":"https:\/\/marktxxl.de\/markt\/"},{"@type":"ListItem","position":2,"name":"Markt","item":"https:\/\/marktxxl.de\/markt\/"},{"@type":"ListItem","position":3,"name":"ELUTONG Kleinkinder ABS rutschfeste Socken Grip Non Slip Grip Baby Socks -12 Paare 0-5 Jahre Neugeborene Non Skip S\u00fc\u00dfe\u2026"}]},{"@type":"WebSite","@id":"https:\/\/marktxxl.de\/markt\/#website","url":"https:\/\/marktxxl.de\/markt\/","name":"Markt-XXL","description":"Ihr Markt Online","publisher":{"@id":"https:\/\/marktxxl.de\/markt\/#organization"},"potentialAction":[{"@type":"SearchAction","target":{"@type":"EntryPoint","urlTemplate":"https:\/\/marktxxl.de\/markt\/?s={search_term_string}"},"query-input":{"@type":"PropertyValueSpecification","valueRequired":true,"valueName":"search_term_string"}}],"inLanguage":"de"},{"@type":"Organization","@id":"https:\/\/marktxxl.de\/markt\/#organization","name":"Markt-XXL","url":"https:\/\/marktxxl.de\/markt\/","logo":{"@type":"ImageObject","inLanguage":"de","@id":"https:\/\/marktxxl.de\/markt\/#\/schema\/logo\/image\/","url":"https:\/\/marktxxl.de\/markt\/wp-content\/uploads\/sites\/3\/2020\/12\/logo.png","contentUrl":"https:\/\/marktxxl.de\/markt\/wp-content\/uploads\/sites\/3\/2020\/12\/logo.png","width":200,"height":70,"caption":"Markt-XXL"},"image":{"@id":"https:\/\/marktxxl.de\/markt\/#\/schema\/logo\/image\/"}}]}},"_links":{"self":[{"href":"https:\/\/marktxxl.de\/markt\/wp-json\/wp\/v2\/product\/166115","targetHints":{"allow":["GET"]}}],"collection":[{"href":"https:\/\/marktxxl.de\/markt\/wp-json\/wp\/v2\/product"}],"about":[{"href":"https:\/\/marktxxl.de\/markt\/wp-json\/wp\/v2\/types\/product"}],"replies":[{"embeddable":true,"href":"https:\/\/marktxxl.de\/markt\/wp-json\/wp\/v2\/comments?post=166115"}],"wp:featuredmedia":[{"embeddable":true,"href":"https:\/\/marktxxl.de\/markt\/wp-json\/wp\/v2\/media\/166116"}],"wp:attachment":[{"href":"https:\/\/marktxxl.de\/markt\/wp-json\/wp\/v2\/media?parent=166115"}],"wp:term":[{"taxonomy":"product_brand","embeddable":true,"href":"https:\/\/marktxxl.de\/markt\/wp-json\/wp\/v2\/product_brand?post=166115"},{"taxonomy":"product_cat","embeddable":true,"href":"https:\/\/marktxxl.de\/markt\/wp-json\/wp\/v2\/product_cat?post=166115"},{"taxonomy":"product_tag","embeddable":true,"href":"https:\/\/marktxxl.de\/markt\/wp-json\/wp\/v2\/product_tag?post=166115"}],"curies":[{"name":"wp","href":"https:\/\/api.w.org\/{rel}","templated":true}]}}