{"id":166040,"date":"2022-11-11T07:27:19","date_gmt":"2022-11-11T06:27:19","guid":{"rendered":"https:\/\/marktxxl.de\/markt\/produkt\/disney-boys-3-pack-t-shirts-wide-variety-includes-lion-king-cars-incredibles\/"},"modified":"2023-04-11T04:51:17","modified_gmt":"2023-04-11T02:51:17","slug":"disney-boys-3-pack-t-shirts-wide-variety-includes-lion-king-cars-incredibles","status":"publish","type":"product","link":"https:\/\/marktxxl.de\/markt\/produkt\/disney-boys-3-pack-t-shirts-wide-variety-includes-lion-king-cars-incredibles\/","title":{"rendered":"Disney Boys 3-Pack T-Shirts: Wide Variety Includes Lion King, Cars, Incredibles"},"content":{"rendered":"<p>Disney-Charaktere: Diese Shirts verf\u00fcgen \u00fcber eine Reihe von aufregenden und lustigen Designs mit all Ihren Lieblings-Disney-Film-Charakteren.<br \/>\nWeiche Materialien: Unsere Hemden und Shorts sind aus hochwertiger Baumwolle und Polyester hergestellt und bieten ein weiches und dennoch strapazierf\u00e4higes Material, das f\u00fcr lang anhaltenden Komfort sorgt, egal auf welchen Abenteuern Ihr kleiner Prinz auftritt. Und da sie alle maschinenwaschbar sind, ist das Aufr\u00e4umen nach diesen Abenteuern einfacher denn je.<br \/>\nGr\u00f6\u00dfere Vielfalt: W\u00e4hlen Sie aus einer breiten Sammlung von Disney-Figuren und Farben, so dass Sie sicher sein, dass Sie die finden, die perfekt f\u00fcr den Stil und die Pers\u00f6nlichkeit Ihres Jungen ist. Und da dieses Set 3 verschiedene Artikel enth\u00e4lt, k\u00f6nnen Sie es f\u00fcr noch mehr entz\u00fcckende Outfits und Sorten kombinieren.<br \/>\nTolles Geschenk: Mit der Popularit\u00e4t der neuesten Disney-Filme ist eine Packung Disney-Shirts ein perfektes Geschenk f\u00fcr jeden Jungen. Beleuchten Sie einen Geburtstag oder Urlaub, indem Sie geben, was sicher zu seinen neuen Lieblings-Shirts und Shorts wird!<br \/>\nAufregendes Bekleidungs-Set: Jeder Fan von Disney wird dieses Set f\u00fcr Jungen lieben, das 3 verschiedene Arten von Hemden enth\u00e4lt, die eine Vielzahl von Disney-Figuren zeigen. W\u00e4hlen Sie aus verschiedenen Charakteren wie Vaiana, K\u00f6nig der L\u00f6wen, Garde der L\u00f6wen, Autos, Monsters Inc., Incredibles 2, Toy Story, Puppy Dog Pals und Mickey Mouse.<br \/>\n<div class=\"main-cross-sell\" data-asin=\"B07R6JLGSX\">\n\n\t<div class=\"WooZone-cross-sell-loader\">\n\t\t<div>\n\t\t\t<div id=\"floatingBarsG\">\n\t\t\t\t<div class=\"blockG\" id=\"rotateG_01\"><\/div>\n\t\t\t\t<div class=\"blockG\" id=\"rotateG_02\"><\/div>\n\t\t\t\t<div class=\"blockG\" id=\"rotateG_03\"><\/div>\n\t\t\t\t<div class=\"blockG\" id=\"rotateG_04\"><\/div>\n\t\t\t\t<div class=\"blockG\" id=\"rotateG_05\"><\/div>\n\t\t\t\t<div class=\"blockG\" id=\"rotateG_06\"><\/div>\n\t\t\t\t<div class=\"blockG\" id=\"rotateG_07\"><\/div>\n\t\t\t\t<div class=\"blockG\" id=\"rotateG_08\"><\/div>\n\t\t\t<\/div>\n\t\t\t<div class=\"WooZone-cross-sell-loader-text\"><\/div>\n\t\t<\/div>\n\t<\/div>\n\n\t\t\n<\/div>\n<div style=\"clear:both;\"><\/div><\/p>\n","protected":false},"excerpt":{"rendered":"<p>Disney-Charaktere: Diese Shirts verf\u00fcgen \u00fcber eine Reihe von aufregenden und lustigen Designs mit all Ihren Lieblings-Disney-Film-Charakteren.<br \/>\nWeiche Materialien: Unsere Hemden und Shorts sind aus hochwertiger Baumwolle und Polyester hergestellt und bieten ein weiches und dennoch strapazierf\u00e4higes Material, das f\u00fcr lang anhaltenden Komfort sorgt, egal auf welchen Abenteuern Ihr kleiner Prinz auftritt. Und da sie alle maschinenwaschbar sind, ist das Aufr\u00e4umen nach diesen Abenteuern einfacher denn je.<br \/>\nGr\u00f6\u00dfere Vielfalt: W\u00e4hlen Sie aus einer breiten Sammlung von Disney-Figuren und Farben, so dass Sie sicher sein, dass Sie die finden, die perfekt f\u00fcr den Stil und die Pers\u00f6nlichkeit Ihres Jungen ist. Und da dieses Set 3 verschiedene Artikel enth\u00e4lt, k\u00f6nnen Sie es f\u00fcr noch mehr entz\u00fcckende Outfits und Sorten kombinieren.<\/p>\n","protected":false},"featured_media":166041,"comment_status":"open","ping_status":"closed","template":"","meta":[],"product_brand":[],"product_cat":[1186,4034],"product_tag":[],"class_list":{"0":"post-166040","1":"product","2":"type-product","3":"status-publish","4":"has-post-thumbnail","6":"product_cat-bekleidung","7":"product_cat-jungen","8":"pa_binding-textilien","9":"pa_brand-disney","11":"first","12":"instock","13":"shipping-taxable","14":"purchasable","15":"product-type-simple","16":"customify-col","17":"product-has-gallery"},"yoast_head":"<!-- This site is optimized with the Yoast SEO plugin v27.4 - https:\/\/yoast.com\/product\/yoast-seo-wordpress\/ -->\n<title>Disney Boys 3-Pack T-Shirts: Wide Variety Includes Lion King, Cars, Incredibles - Markt-XXL<\/title>\n<meta name=\"description\" content=\"Markt-XXL Disney Boys 3-Pack T-Shirts: Wide Variety Includes Lion King, Cars, Incredibles\" \/>\n<meta name=\"robots\" content=\"index, follow, max-snippet:-1, max-image-preview:large, max-video-preview:-1\" \/>\n<link rel=\"canonical\" href=\"https:\/\/marktxxl.de\/markt\/produkt\/disney-boys-3-pack-t-shirts-wide-variety-includes-lion-king-cars-incredibles\/\" \/>\n<meta property=\"og:locale\" content=\"de_DE\" \/>\n<meta property=\"og:type\" content=\"article\" \/>\n<meta property=\"og:title\" content=\"Disney Boys 3-Pack T-Shirts: Wide Variety Includes Lion King, Cars, Incredibles - Markt-XXL\" \/>\n<meta property=\"og:description\" content=\"Markt-XXL Disney Boys 3-Pack T-Shirts: Wide Variety Includes Lion King, Cars, Incredibles\" \/>\n<meta property=\"og:url\" content=\"https:\/\/marktxxl.de\/markt\/produkt\/disney-boys-3-pack-t-shirts-wide-variety-includes-lion-king-cars-incredibles\/\" \/>\n<meta property=\"og:site_name\" content=\"Markt-XXL\" \/>\n<meta property=\"article:modified_time\" content=\"2023-04-11T02:51:17+00:00\" \/>\n<meta property=\"og:image\" content=\"https:\/\/m.media-amazon.com\/images\/I\/41TXmdrSX5L._SL500_.jpg\" \/>\n\t<meta property=\"og:image:width\" content=\"500\" \/>\n\t<meta property=\"og:image:height\" content=\"500\" \/>\n\t<meta property=\"og:image:type\" content=\"image\/jpeg\" \/>\n<meta name=\"twitter:card\" content=\"summary_large_image\" \/>\n<meta name=\"twitter:label1\" content=\"Gesch\u00e4tzte Lesezeit\" \/>\n\t<meta name=\"twitter:data1\" content=\"1\u00a0Minute\" \/>\n<script type=\"application\/ld+json\" class=\"yoast-schema-graph\">{\"@context\":\"https:\\\/\\\/schema.org\",\"@graph\":[{\"@type\":\"WebPage\",\"@id\":\"https:\\\/\\\/marktxxl.de\\\/markt\\\/produkt\\\/disney-boys-3-pack-t-shirts-wide-variety-includes-lion-king-cars-incredibles\\\/\",\"url\":\"https:\\\/\\\/marktxxl.de\\\/markt\\\/produkt\\\/disney-boys-3-pack-t-shirts-wide-variety-includes-lion-king-cars-incredibles\\\/\",\"name\":\"Disney Boys 3-Pack T-Shirts: Wide Variety Includes Lion King, Cars, Incredibles - Markt-XXL\",\"isPartOf\":{\"@id\":\"https:\\\/\\\/marktxxl.de\\\/markt\\\/#website\"},\"primaryImageOfPage\":{\"@id\":\"https:\\\/\\\/marktxxl.de\\\/markt\\\/produkt\\\/disney-boys-3-pack-t-shirts-wide-variety-includes-lion-king-cars-incredibles\\\/#primaryimage\"},\"image\":{\"@id\":\"https:\\\/\\\/marktxxl.de\\\/markt\\\/produkt\\\/disney-boys-3-pack-t-shirts-wide-variety-includes-lion-king-cars-incredibles\\\/#primaryimage\"},\"thumbnailUrl\":\"https:\\\/\\\/m.media-amazon.com\\\/images\\\/I\\\/41TXmdrSX5L._SL500_.jpg\",\"datePublished\":\"2022-11-11T06:27:19+00:00\",\"dateModified\":\"2023-04-11T02:51:17+00:00\",\"description\":\"Markt-XXL Disney Boys 3-Pack T-Shirts: Wide Variety Includes Lion King, Cars, Incredibles\",\"breadcrumb\":{\"@id\":\"https:\\\/\\\/marktxxl.de\\\/markt\\\/produkt\\\/disney-boys-3-pack-t-shirts-wide-variety-includes-lion-king-cars-incredibles\\\/#breadcrumb\"},\"inLanguage\":\"de\",\"potentialAction\":[{\"@type\":\"ReadAction\",\"target\":[\"https:\\\/\\\/marktxxl.de\\\/markt\\\/produkt\\\/disney-boys-3-pack-t-shirts-wide-variety-includes-lion-king-cars-incredibles\\\/\"]}]},{\"@type\":\"ImageObject\",\"inLanguage\":\"de\",\"@id\":\"https:\\\/\\\/marktxxl.de\\\/markt\\\/produkt\\\/disney-boys-3-pack-t-shirts-wide-variety-includes-lion-king-cars-incredibles\\\/#primaryimage\",\"url\":\"https:\\\/\\\/m.media-amazon.com\\\/images\\\/I\\\/41TXmdrSX5L._SL500_.jpg\",\"contentUrl\":\"https:\\\/\\\/m.media-amazon.com\\\/images\\\/I\\\/41TXmdrSX5L._SL500_.jpg\",\"width\":500,\"height\":500},{\"@type\":\"BreadcrumbList\",\"@id\":\"https:\\\/\\\/marktxxl.de\\\/markt\\\/produkt\\\/disney-boys-3-pack-t-shirts-wide-variety-includes-lion-king-cars-incredibles\\\/#breadcrumb\",\"itemListElement\":[{\"@type\":\"ListItem\",\"position\":1,\"name\":\"Startseite\",\"item\":\"https:\\\/\\\/marktxxl.de\\\/markt\\\/\"},{\"@type\":\"ListItem\",\"position\":2,\"name\":\"Markt\",\"item\":\"https:\\\/\\\/marktxxl.de\\\/markt\\\/\"},{\"@type\":\"ListItem\",\"position\":3,\"name\":\"Disney Boys 3-Pack T-Shirts: Wide Variety Includes Lion King, Cars, Incredibles\"}]},{\"@type\":\"WebSite\",\"@id\":\"https:\\\/\\\/marktxxl.de\\\/markt\\\/#website\",\"url\":\"https:\\\/\\\/marktxxl.de\\\/markt\\\/\",\"name\":\"Markt-XXL\",\"description\":\"Ihr Markt Online\",\"publisher\":{\"@id\":\"https:\\\/\\\/marktxxl.de\\\/markt\\\/#organization\"},\"potentialAction\":[{\"@type\":\"SearchAction\",\"target\":{\"@type\":\"EntryPoint\",\"urlTemplate\":\"https:\\\/\\\/marktxxl.de\\\/markt\\\/?s={search_term_string}\"},\"query-input\":{\"@type\":\"PropertyValueSpecification\",\"valueRequired\":true,\"valueName\":\"search_term_string\"}}],\"inLanguage\":\"de\"},{\"@type\":\"Organization\",\"@id\":\"https:\\\/\\\/marktxxl.de\\\/markt\\\/#organization\",\"name\":\"Markt-XXL\",\"url\":\"https:\\\/\\\/marktxxl.de\\\/markt\\\/\",\"logo\":{\"@type\":\"ImageObject\",\"inLanguage\":\"de\",\"@id\":\"https:\\\/\\\/marktxxl.de\\\/markt\\\/#\\\/schema\\\/logo\\\/image\\\/\",\"url\":\"https:\\\/\\\/marktxxl.de\\\/markt\\\/wp-content\\\/uploads\\\/sites\\\/3\\\/2020\\\/12\\\/logo.png\",\"contentUrl\":\"https:\\\/\\\/marktxxl.de\\\/markt\\\/wp-content\\\/uploads\\\/sites\\\/3\\\/2020\\\/12\\\/logo.png\",\"width\":200,\"height\":70,\"caption\":\"Markt-XXL\"},\"image\":{\"@id\":\"https:\\\/\\\/marktxxl.de\\\/markt\\\/#\\\/schema\\\/logo\\\/image\\\/\"}}]}<\/script>\n<!-- \/ Yoast SEO plugin. -->","yoast_head_json":{"title":"Disney Boys 3-Pack T-Shirts: Wide Variety Includes Lion King, Cars, Incredibles - Markt-XXL","description":"Markt-XXL Disney Boys 3-Pack T-Shirts: Wide Variety Includes Lion King, Cars, Incredibles","robots":{"index":"index","follow":"follow","max-snippet":"max-snippet:-1","max-image-preview":"max-image-preview:large","max-video-preview":"max-video-preview:-1"},"canonical":"https:\/\/marktxxl.de\/markt\/produkt\/disney-boys-3-pack-t-shirts-wide-variety-includes-lion-king-cars-incredibles\/","og_locale":"de_DE","og_type":"article","og_title":"Disney Boys 3-Pack T-Shirts: Wide Variety Includes Lion King, Cars, Incredibles - Markt-XXL","og_description":"Markt-XXL Disney Boys 3-Pack T-Shirts: Wide Variety Includes Lion King, Cars, Incredibles","og_url":"https:\/\/marktxxl.de\/markt\/produkt\/disney-boys-3-pack-t-shirts-wide-variety-includes-lion-king-cars-incredibles\/","og_site_name":"Markt-XXL","article_modified_time":"2023-04-11T02:51:17+00:00","og_image":[{"width":500,"height":500,"url":"https:\/\/m.media-amazon.com\/images\/I\/41TXmdrSX5L._SL500_.jpg","type":"image\/jpeg"}],"twitter_card":"summary_large_image","twitter_misc":{"Gesch\u00e4tzte Lesezeit":"1\u00a0Minute"},"schema":{"@context":"https:\/\/schema.org","@graph":[{"@type":"WebPage","@id":"https:\/\/marktxxl.de\/markt\/produkt\/disney-boys-3-pack-t-shirts-wide-variety-includes-lion-king-cars-incredibles\/","url":"https:\/\/marktxxl.de\/markt\/produkt\/disney-boys-3-pack-t-shirts-wide-variety-includes-lion-king-cars-incredibles\/","name":"Disney Boys 3-Pack T-Shirts: Wide Variety Includes Lion King, Cars, Incredibles - Markt-XXL","isPartOf":{"@id":"https:\/\/marktxxl.de\/markt\/#website"},"primaryImageOfPage":{"@id":"https:\/\/marktxxl.de\/markt\/produkt\/disney-boys-3-pack-t-shirts-wide-variety-includes-lion-king-cars-incredibles\/#primaryimage"},"image":{"@id":"https:\/\/marktxxl.de\/markt\/produkt\/disney-boys-3-pack-t-shirts-wide-variety-includes-lion-king-cars-incredibles\/#primaryimage"},"thumbnailUrl":"https:\/\/m.media-amazon.com\/images\/I\/41TXmdrSX5L._SL500_.jpg","datePublished":"2022-11-11T06:27:19+00:00","dateModified":"2023-04-11T02:51:17+00:00","description":"Markt-XXL Disney Boys 3-Pack T-Shirts: Wide Variety Includes Lion King, Cars, Incredibles","breadcrumb":{"@id":"https:\/\/marktxxl.de\/markt\/produkt\/disney-boys-3-pack-t-shirts-wide-variety-includes-lion-king-cars-incredibles\/#breadcrumb"},"inLanguage":"de","potentialAction":[{"@type":"ReadAction","target":["https:\/\/marktxxl.de\/markt\/produkt\/disney-boys-3-pack-t-shirts-wide-variety-includes-lion-king-cars-incredibles\/"]}]},{"@type":"ImageObject","inLanguage":"de","@id":"https:\/\/marktxxl.de\/markt\/produkt\/disney-boys-3-pack-t-shirts-wide-variety-includes-lion-king-cars-incredibles\/#primaryimage","url":"https:\/\/m.media-amazon.com\/images\/I\/41TXmdrSX5L._SL500_.jpg","contentUrl":"https:\/\/m.media-amazon.com\/images\/I\/41TXmdrSX5L._SL500_.jpg","width":500,"height":500},{"@type":"BreadcrumbList","@id":"https:\/\/marktxxl.de\/markt\/produkt\/disney-boys-3-pack-t-shirts-wide-variety-includes-lion-king-cars-incredibles\/#breadcrumb","itemListElement":[{"@type":"ListItem","position":1,"name":"Startseite","item":"https:\/\/marktxxl.de\/markt\/"},{"@type":"ListItem","position":2,"name":"Markt","item":"https:\/\/marktxxl.de\/markt\/"},{"@type":"ListItem","position":3,"name":"Disney Boys 3-Pack T-Shirts: Wide Variety Includes Lion King, Cars, Incredibles"}]},{"@type":"WebSite","@id":"https:\/\/marktxxl.de\/markt\/#website","url":"https:\/\/marktxxl.de\/markt\/","name":"Markt-XXL","description":"Ihr Markt Online","publisher":{"@id":"https:\/\/marktxxl.de\/markt\/#organization"},"potentialAction":[{"@type":"SearchAction","target":{"@type":"EntryPoint","urlTemplate":"https:\/\/marktxxl.de\/markt\/?s={search_term_string}"},"query-input":{"@type":"PropertyValueSpecification","valueRequired":true,"valueName":"search_term_string"}}],"inLanguage":"de"},{"@type":"Organization","@id":"https:\/\/marktxxl.de\/markt\/#organization","name":"Markt-XXL","url":"https:\/\/marktxxl.de\/markt\/","logo":{"@type":"ImageObject","inLanguage":"de","@id":"https:\/\/marktxxl.de\/markt\/#\/schema\/logo\/image\/","url":"https:\/\/marktxxl.de\/markt\/wp-content\/uploads\/sites\/3\/2020\/12\/logo.png","contentUrl":"https:\/\/marktxxl.de\/markt\/wp-content\/uploads\/sites\/3\/2020\/12\/logo.png","width":200,"height":70,"caption":"Markt-XXL"},"image":{"@id":"https:\/\/marktxxl.de\/markt\/#\/schema\/logo\/image\/"}}]}},"_links":{"self":[{"href":"https:\/\/marktxxl.de\/markt\/wp-json\/wp\/v2\/product\/166040","targetHints":{"allow":["GET"]}}],"collection":[{"href":"https:\/\/marktxxl.de\/markt\/wp-json\/wp\/v2\/product"}],"about":[{"href":"https:\/\/marktxxl.de\/markt\/wp-json\/wp\/v2\/types\/product"}],"replies":[{"embeddable":true,"href":"https:\/\/marktxxl.de\/markt\/wp-json\/wp\/v2\/comments?post=166040"}],"wp:featuredmedia":[{"embeddable":true,"href":"https:\/\/marktxxl.de\/markt\/wp-json\/wp\/v2\/media\/166041"}],"wp:attachment":[{"href":"https:\/\/marktxxl.de\/markt\/wp-json\/wp\/v2\/media?parent=166040"}],"wp:term":[{"taxonomy":"product_brand","embeddable":true,"href":"https:\/\/marktxxl.de\/markt\/wp-json\/wp\/v2\/product_brand?post=166040"},{"taxonomy":"product_cat","embeddable":true,"href":"https:\/\/marktxxl.de\/markt\/wp-json\/wp\/v2\/product_cat?post=166040"},{"taxonomy":"product_tag","embeddable":true,"href":"https:\/\/marktxxl.de\/markt\/wp-json\/wp\/v2\/product_tag?post=166040"}],"curies":[{"name":"wp","href":"https:\/\/api.w.org\/{rel}","templated":true}]}}