{"id":165906,"date":"2022-11-11T07:20:45","date_gmt":"2022-11-11T06:20:45","guid":{"rendered":"https:\/\/marktxxl.de\/markt\/produkt\/asanana-parfuemzerstaeuber-nachfuellbar-befuelltechnik-ohne-trichter-leer-parfuem-zerstaeuber-spruehflasche-fuer-reise-handtasche-unterwegs-5ml-2\/"},"modified":"2023-04-11T04:51:14","modified_gmt":"2023-04-11T02:51:14","slug":"asanana-parfuemzerstaeuber-nachfuellbar-befuelltechnik-ohne-trichter-leer-parfuem-zerstaeuber-spruehflasche-fuer-reise-handtasche-unterwegs-5ml-2","status":"publish","type":"product","link":"https:\/\/marktxxl.de\/markt\/produkt\/asanana-parfuemzerstaeuber-nachfuellbar-befuelltechnik-ohne-trichter-leer-parfuem-zerstaeuber-spruehflasche-fuer-reise-handtasche-unterwegs-5ml-2\/","title":{"rendered":"AsaNana Parf\u00fcmzerst\u00e4uber nachf\u00fcllbar, Bef\u00fclltechnik ohne Trichter leer Parf\u00fcm Zerst\u00e4uber Spr\u00fchflasche f\u00fcr Reise\u2026"},"content":{"rendered":"<p>\u3010Bef\u00fclltechnik ohne Trichter\u3011Mit diesem Parf\u00fcmzerst\u00e4uber k\u00f6nnen Sie das Parf\u00fcm in Sekunden ohne Trichter schnelle kleckserfrei bef\u00fcllen, somit Ihr kostbares Parf\u00fcm nicht verschwendet wird.<br \/>\n\u3010Anwendbares Parf\u00fcm\u3011Die Parf\u00fcmspr\u00fchflasche ist geeignet f\u00fcr diese Parf\u00fcms mit abnehmbarem Pumpkopf. Sein Pumprohr sollte gr\u00f6\u00dfer oder gleich 4 mm sein und deren Durchmesser weniger als 4 mm sein.<br \/>\n\u3010Mehr intimer Details\u3011Das Parf\u00fcm ist sehr fein zerst\u00e4ubt und damit spart viel Parf\u00fcm. Hochpr\u00e4zises Metalldruckventil kann nach voller Bef\u00fcllung automatisch verschlie\u00dfen und den Auslauf effektiv verhindern, sogar kann w\u00e4hrend des Fluges den Druck aushalten.<br \/>\n\u3010Perfekt f\u00fcr unterwegs \u3011Die Parf\u00fcmzerst\u00e4uber ist kompakt und platzsparend, perfekt in Handtasche, Handgep\u00e4ck, Jacket oder Mantel mitzunehmen &#8212; eine ideale Entscheidung f\u00fcr unterwegs.<br \/>\n\u3010Zufriedenstellender Service\u3011Wir bieten 1 Jahr Garantie. Wenn Sie Fragen zum Produkt haben, k\u00f6nnen Sie sich jederzeit an uns wenden. Wir werden Ihnen so schnell wie m\u00f6glich die beste L\u00f6sung anbieten.<br \/>\n<div class=\"main-cross-sell\" data-asin=\"B07TXGQ9GS\">\n\n\t<div class=\"WooZone-cross-sell-loader\">\n\t\t<div>\n\t\t\t<div id=\"floatingBarsG\">\n\t\t\t\t<div class=\"blockG\" id=\"rotateG_01\"><\/div>\n\t\t\t\t<div class=\"blockG\" id=\"rotateG_02\"><\/div>\n\t\t\t\t<div class=\"blockG\" id=\"rotateG_03\"><\/div>\n\t\t\t\t<div class=\"blockG\" id=\"rotateG_04\"><\/div>\n\t\t\t\t<div class=\"blockG\" id=\"rotateG_05\"><\/div>\n\t\t\t\t<div class=\"blockG\" id=\"rotateG_06\"><\/div>\n\t\t\t\t<div class=\"blockG\" id=\"rotateG_07\"><\/div>\n\t\t\t\t<div class=\"blockG\" id=\"rotateG_08\"><\/div>\n\t\t\t<\/div>\n\t\t\t<div class=\"WooZone-cross-sell-loader-text\"><\/div>\n\t\t<\/div>\n\t<\/div>\n\n\t\t\n<\/div>\n<div style=\"clear:both;\"><\/div><\/p>\n","protected":false},"excerpt":{"rendered":"<p>\u3010Bef\u00fclltechnik ohne Trichter\u3011Mit diesem Parf\u00fcmzerst\u00e4uber k\u00f6nnen Sie das Parf\u00fcm in Sekunden ohne Trichter schnelle kleckserfrei bef\u00fcllen, somit Ihr kostbares Parf\u00fcm nicht verschwendet wird.<br \/>\n\u3010Anwendbares Parf\u00fcm\u3011Die Parf\u00fcmspr\u00fchflasche ist geeignet f\u00fcr diese Parf\u00fcms mit abnehmbarem Pumpkopf. Sein Pumprohr sollte gr\u00f6\u00dfer oder gleich 4 mm sein und deren Durchmesser weniger als 4 mm sein.<br \/>\n\u3010Mehr intimer Details\u3011Das Parf\u00fcm ist sehr fein zerst\u00e4ubt und damit spart viel Parf\u00fcm. Hochpr\u00e4zises Metalldruckventil kann nach voller Bef\u00fcllung automatisch verschlie\u00dfen und den Auslauf effektiv verhindern, sogar kann w\u00e4hrend des Fluges den Druck aushalten.<\/p>\n","protected":false},"featured_media":165907,"comment_status":"open","ping_status":"closed","template":"","meta":[],"product_brand":[],"product_cat":[2858,7726],"product_tag":[],"class_list":{"0":"post-165906","1":"product","2":"type-product","3":"status-publish","4":"has-post-thumbnail","6":"product_cat-beauty","7":"product_cat-zubehoer-beauty","8":"pa_brand-asanana","9":"pa_height-3-46456-zoll","10":"pa_languages-unbekannt-deutsch","11":"pa_length-0-70866-zoll","12":"pa_manufacturer-chuanxin","13":"pa_model-cxasa001","14":"pa_weight-0-05070632026-pounds","15":"pa_width-0-70866-zoll","17":"first","18":"instock","19":"shipping-taxable","20":"purchasable","21":"product-type-simple","22":"customify-col","23":"product-has-gallery"},"yoast_head":"<!-- This site is optimized with the Yoast SEO plugin v27.4 - https:\/\/yoast.com\/product\/yoast-seo-wordpress\/ -->\n<title>AsaNana Parf\u00fcmzerst\u00e4uber nachf\u00fcllbar, Bef\u00fclltechnik ohne Trichter leer Parf\u00fcm Zerst\u00e4uber Spr\u00fchflasche f\u00fcr Reise\u2026 - Markt-XXL<\/title>\n<meta name=\"description\" content=\"Markt-XXL AsaNana Parf\u00fcmzerst\u00e4uber nachf\u00fcllbar, Bef\u00fclltechnik ohne Trichter leer Parf\u00fcm Zerst\u00e4uber Spr\u00fchflasche f\u00fcr Reise\u2026\" \/>\n<meta name=\"robots\" content=\"index, follow, max-snippet:-1, max-image-preview:large, max-video-preview:-1\" \/>\n<link rel=\"canonical\" href=\"https:\/\/marktxxl.de\/markt\/produkt\/asanana-parfuemzerstaeuber-nachfuellbar-befuelltechnik-ohne-trichter-leer-parfuem-zerstaeuber-spruehflasche-fuer-reise-handtasche-unterwegs-5ml-2\/\" \/>\n<meta property=\"og:locale\" content=\"de_DE\" \/>\n<meta property=\"og:type\" content=\"article\" \/>\n<meta property=\"og:title\" content=\"AsaNana Parf\u00fcmzerst\u00e4uber nachf\u00fcllbar, Bef\u00fclltechnik ohne Trichter leer Parf\u00fcm Zerst\u00e4uber Spr\u00fchflasche f\u00fcr Reise\u2026 - Markt-XXL\" \/>\n<meta property=\"og:description\" content=\"Markt-XXL AsaNana Parf\u00fcmzerst\u00e4uber nachf\u00fcllbar, Bef\u00fclltechnik ohne Trichter leer Parf\u00fcm Zerst\u00e4uber Spr\u00fchflasche f\u00fcr Reise\u2026\" \/>\n<meta property=\"og:url\" content=\"https:\/\/marktxxl.de\/markt\/produkt\/asanana-parfuemzerstaeuber-nachfuellbar-befuelltechnik-ohne-trichter-leer-parfuem-zerstaeuber-spruehflasche-fuer-reise-handtasche-unterwegs-5ml-2\/\" \/>\n<meta property=\"og:site_name\" content=\"Markt-XXL\" \/>\n<meta property=\"article:modified_time\" content=\"2023-04-11T02:51:14+00:00\" \/>\n<meta property=\"og:image\" content=\"https:\/\/m.media-amazon.com\/images\/I\/31S6m6Z0IaL._SL500_.jpg\" \/>\n\t<meta property=\"og:image:width\" content=\"500\" \/>\n\t<meta property=\"og:image:height\" content=\"500\" \/>\n\t<meta property=\"og:image:type\" content=\"image\/jpeg\" \/>\n<meta name=\"twitter:card\" content=\"summary_large_image\" \/>\n<meta name=\"twitter:label1\" content=\"Gesch\u00e4tzte Lesezeit\" \/>\n\t<meta name=\"twitter:data1\" content=\"1\u00a0Minute\" \/>\n<script type=\"application\/ld+json\" class=\"yoast-schema-graph\">{\"@context\":\"https:\\\/\\\/schema.org\",\"@graph\":[{\"@type\":\"WebPage\",\"@id\":\"https:\\\/\\\/marktxxl.de\\\/markt\\\/produkt\\\/asanana-parfuemzerstaeuber-nachfuellbar-befuelltechnik-ohne-trichter-leer-parfuem-zerstaeuber-spruehflasche-fuer-reise-handtasche-unterwegs-5ml-2\\\/\",\"url\":\"https:\\\/\\\/marktxxl.de\\\/markt\\\/produkt\\\/asanana-parfuemzerstaeuber-nachfuellbar-befuelltechnik-ohne-trichter-leer-parfuem-zerstaeuber-spruehflasche-fuer-reise-handtasche-unterwegs-5ml-2\\\/\",\"name\":\"AsaNana Parf\u00fcmzerst\u00e4uber nachf\u00fcllbar, Bef\u00fclltechnik ohne Trichter leer Parf\u00fcm Zerst\u00e4uber Spr\u00fchflasche f\u00fcr Reise\u2026 - Markt-XXL\",\"isPartOf\":{\"@id\":\"https:\\\/\\\/marktxxl.de\\\/markt\\\/#website\"},\"primaryImageOfPage\":{\"@id\":\"https:\\\/\\\/marktxxl.de\\\/markt\\\/produkt\\\/asanana-parfuemzerstaeuber-nachfuellbar-befuelltechnik-ohne-trichter-leer-parfuem-zerstaeuber-spruehflasche-fuer-reise-handtasche-unterwegs-5ml-2\\\/#primaryimage\"},\"image\":{\"@id\":\"https:\\\/\\\/marktxxl.de\\\/markt\\\/produkt\\\/asanana-parfuemzerstaeuber-nachfuellbar-befuelltechnik-ohne-trichter-leer-parfuem-zerstaeuber-spruehflasche-fuer-reise-handtasche-unterwegs-5ml-2\\\/#primaryimage\"},\"thumbnailUrl\":\"https:\\\/\\\/m.media-amazon.com\\\/images\\\/I\\\/31S6m6Z0IaL._SL500_.jpg\",\"datePublished\":\"2022-11-11T06:20:45+00:00\",\"dateModified\":\"2023-04-11T02:51:14+00:00\",\"description\":\"Markt-XXL AsaNana Parf\u00fcmzerst\u00e4uber nachf\u00fcllbar, Bef\u00fclltechnik ohne Trichter leer Parf\u00fcm Zerst\u00e4uber Spr\u00fchflasche f\u00fcr Reise\u2026\",\"breadcrumb\":{\"@id\":\"https:\\\/\\\/marktxxl.de\\\/markt\\\/produkt\\\/asanana-parfuemzerstaeuber-nachfuellbar-befuelltechnik-ohne-trichter-leer-parfuem-zerstaeuber-spruehflasche-fuer-reise-handtasche-unterwegs-5ml-2\\\/#breadcrumb\"},\"inLanguage\":\"de\",\"potentialAction\":[{\"@type\":\"ReadAction\",\"target\":[\"https:\\\/\\\/marktxxl.de\\\/markt\\\/produkt\\\/asanana-parfuemzerstaeuber-nachfuellbar-befuelltechnik-ohne-trichter-leer-parfuem-zerstaeuber-spruehflasche-fuer-reise-handtasche-unterwegs-5ml-2\\\/\"]}]},{\"@type\":\"ImageObject\",\"inLanguage\":\"de\",\"@id\":\"https:\\\/\\\/marktxxl.de\\\/markt\\\/produkt\\\/asanana-parfuemzerstaeuber-nachfuellbar-befuelltechnik-ohne-trichter-leer-parfuem-zerstaeuber-spruehflasche-fuer-reise-handtasche-unterwegs-5ml-2\\\/#primaryimage\",\"url\":\"https:\\\/\\\/m.media-amazon.com\\\/images\\\/I\\\/31S6m6Z0IaL._SL500_.jpg\",\"contentUrl\":\"https:\\\/\\\/m.media-amazon.com\\\/images\\\/I\\\/31S6m6Z0IaL._SL500_.jpg\",\"width\":500,\"height\":500},{\"@type\":\"BreadcrumbList\",\"@id\":\"https:\\\/\\\/marktxxl.de\\\/markt\\\/produkt\\\/asanana-parfuemzerstaeuber-nachfuellbar-befuelltechnik-ohne-trichter-leer-parfuem-zerstaeuber-spruehflasche-fuer-reise-handtasche-unterwegs-5ml-2\\\/#breadcrumb\",\"itemListElement\":[{\"@type\":\"ListItem\",\"position\":1,\"name\":\"Startseite\",\"item\":\"https:\\\/\\\/marktxxl.de\\\/markt\\\/\"},{\"@type\":\"ListItem\",\"position\":2,\"name\":\"Markt\",\"item\":\"https:\\\/\\\/marktxxl.de\\\/markt\\\/\"},{\"@type\":\"ListItem\",\"position\":3,\"name\":\"AsaNana Parf\u00fcmzerst\u00e4uber nachf\u00fcllbar, Bef\u00fclltechnik ohne Trichter leer Parf\u00fcm Zerst\u00e4uber Spr\u00fchflasche f\u00fcr Reise\u2026\"}]},{\"@type\":\"WebSite\",\"@id\":\"https:\\\/\\\/marktxxl.de\\\/markt\\\/#website\",\"url\":\"https:\\\/\\\/marktxxl.de\\\/markt\\\/\",\"name\":\"Markt-XXL\",\"description\":\"Ihr Markt Online\",\"publisher\":{\"@id\":\"https:\\\/\\\/marktxxl.de\\\/markt\\\/#organization\"},\"potentialAction\":[{\"@type\":\"SearchAction\",\"target\":{\"@type\":\"EntryPoint\",\"urlTemplate\":\"https:\\\/\\\/marktxxl.de\\\/markt\\\/?s={search_term_string}\"},\"query-input\":{\"@type\":\"PropertyValueSpecification\",\"valueRequired\":true,\"valueName\":\"search_term_string\"}}],\"inLanguage\":\"de\"},{\"@type\":\"Organization\",\"@id\":\"https:\\\/\\\/marktxxl.de\\\/markt\\\/#organization\",\"name\":\"Markt-XXL\",\"url\":\"https:\\\/\\\/marktxxl.de\\\/markt\\\/\",\"logo\":{\"@type\":\"ImageObject\",\"inLanguage\":\"de\",\"@id\":\"https:\\\/\\\/marktxxl.de\\\/markt\\\/#\\\/schema\\\/logo\\\/image\\\/\",\"url\":\"https:\\\/\\\/marktxxl.de\\\/markt\\\/wp-content\\\/uploads\\\/sites\\\/3\\\/2020\\\/12\\\/logo.png\",\"contentUrl\":\"https:\\\/\\\/marktxxl.de\\\/markt\\\/wp-content\\\/uploads\\\/sites\\\/3\\\/2020\\\/12\\\/logo.png\",\"width\":200,\"height\":70,\"caption\":\"Markt-XXL\"},\"image\":{\"@id\":\"https:\\\/\\\/marktxxl.de\\\/markt\\\/#\\\/schema\\\/logo\\\/image\\\/\"}}]}<\/script>\n<!-- \/ Yoast SEO plugin. -->","yoast_head_json":{"title":"AsaNana Parf\u00fcmzerst\u00e4uber nachf\u00fcllbar, Bef\u00fclltechnik ohne Trichter leer Parf\u00fcm Zerst\u00e4uber Spr\u00fchflasche f\u00fcr Reise\u2026 - Markt-XXL","description":"Markt-XXL AsaNana Parf\u00fcmzerst\u00e4uber nachf\u00fcllbar, Bef\u00fclltechnik ohne Trichter leer Parf\u00fcm Zerst\u00e4uber Spr\u00fchflasche f\u00fcr Reise\u2026","robots":{"index":"index","follow":"follow","max-snippet":"max-snippet:-1","max-image-preview":"max-image-preview:large","max-video-preview":"max-video-preview:-1"},"canonical":"https:\/\/marktxxl.de\/markt\/produkt\/asanana-parfuemzerstaeuber-nachfuellbar-befuelltechnik-ohne-trichter-leer-parfuem-zerstaeuber-spruehflasche-fuer-reise-handtasche-unterwegs-5ml-2\/","og_locale":"de_DE","og_type":"article","og_title":"AsaNana Parf\u00fcmzerst\u00e4uber nachf\u00fcllbar, Bef\u00fclltechnik ohne Trichter leer Parf\u00fcm Zerst\u00e4uber Spr\u00fchflasche f\u00fcr Reise\u2026 - Markt-XXL","og_description":"Markt-XXL AsaNana Parf\u00fcmzerst\u00e4uber nachf\u00fcllbar, Bef\u00fclltechnik ohne Trichter leer Parf\u00fcm Zerst\u00e4uber Spr\u00fchflasche f\u00fcr Reise\u2026","og_url":"https:\/\/marktxxl.de\/markt\/produkt\/asanana-parfuemzerstaeuber-nachfuellbar-befuelltechnik-ohne-trichter-leer-parfuem-zerstaeuber-spruehflasche-fuer-reise-handtasche-unterwegs-5ml-2\/","og_site_name":"Markt-XXL","article_modified_time":"2023-04-11T02:51:14+00:00","og_image":[{"width":500,"height":500,"url":"https:\/\/m.media-amazon.com\/images\/I\/31S6m6Z0IaL._SL500_.jpg","type":"image\/jpeg"}],"twitter_card":"summary_large_image","twitter_misc":{"Gesch\u00e4tzte Lesezeit":"1\u00a0Minute"},"schema":{"@context":"https:\/\/schema.org","@graph":[{"@type":"WebPage","@id":"https:\/\/marktxxl.de\/markt\/produkt\/asanana-parfuemzerstaeuber-nachfuellbar-befuelltechnik-ohne-trichter-leer-parfuem-zerstaeuber-spruehflasche-fuer-reise-handtasche-unterwegs-5ml-2\/","url":"https:\/\/marktxxl.de\/markt\/produkt\/asanana-parfuemzerstaeuber-nachfuellbar-befuelltechnik-ohne-trichter-leer-parfuem-zerstaeuber-spruehflasche-fuer-reise-handtasche-unterwegs-5ml-2\/","name":"AsaNana Parf\u00fcmzerst\u00e4uber nachf\u00fcllbar, Bef\u00fclltechnik ohne Trichter leer Parf\u00fcm Zerst\u00e4uber Spr\u00fchflasche f\u00fcr Reise\u2026 - Markt-XXL","isPartOf":{"@id":"https:\/\/marktxxl.de\/markt\/#website"},"primaryImageOfPage":{"@id":"https:\/\/marktxxl.de\/markt\/produkt\/asanana-parfuemzerstaeuber-nachfuellbar-befuelltechnik-ohne-trichter-leer-parfuem-zerstaeuber-spruehflasche-fuer-reise-handtasche-unterwegs-5ml-2\/#primaryimage"},"image":{"@id":"https:\/\/marktxxl.de\/markt\/produkt\/asanana-parfuemzerstaeuber-nachfuellbar-befuelltechnik-ohne-trichter-leer-parfuem-zerstaeuber-spruehflasche-fuer-reise-handtasche-unterwegs-5ml-2\/#primaryimage"},"thumbnailUrl":"https:\/\/m.media-amazon.com\/images\/I\/31S6m6Z0IaL._SL500_.jpg","datePublished":"2022-11-11T06:20:45+00:00","dateModified":"2023-04-11T02:51:14+00:00","description":"Markt-XXL AsaNana Parf\u00fcmzerst\u00e4uber nachf\u00fcllbar, Bef\u00fclltechnik ohne Trichter leer Parf\u00fcm Zerst\u00e4uber Spr\u00fchflasche f\u00fcr Reise\u2026","breadcrumb":{"@id":"https:\/\/marktxxl.de\/markt\/produkt\/asanana-parfuemzerstaeuber-nachfuellbar-befuelltechnik-ohne-trichter-leer-parfuem-zerstaeuber-spruehflasche-fuer-reise-handtasche-unterwegs-5ml-2\/#breadcrumb"},"inLanguage":"de","potentialAction":[{"@type":"ReadAction","target":["https:\/\/marktxxl.de\/markt\/produkt\/asanana-parfuemzerstaeuber-nachfuellbar-befuelltechnik-ohne-trichter-leer-parfuem-zerstaeuber-spruehflasche-fuer-reise-handtasche-unterwegs-5ml-2\/"]}]},{"@type":"ImageObject","inLanguage":"de","@id":"https:\/\/marktxxl.de\/markt\/produkt\/asanana-parfuemzerstaeuber-nachfuellbar-befuelltechnik-ohne-trichter-leer-parfuem-zerstaeuber-spruehflasche-fuer-reise-handtasche-unterwegs-5ml-2\/#primaryimage","url":"https:\/\/m.media-amazon.com\/images\/I\/31S6m6Z0IaL._SL500_.jpg","contentUrl":"https:\/\/m.media-amazon.com\/images\/I\/31S6m6Z0IaL._SL500_.jpg","width":500,"height":500},{"@type":"BreadcrumbList","@id":"https:\/\/marktxxl.de\/markt\/produkt\/asanana-parfuemzerstaeuber-nachfuellbar-befuelltechnik-ohne-trichter-leer-parfuem-zerstaeuber-spruehflasche-fuer-reise-handtasche-unterwegs-5ml-2\/#breadcrumb","itemListElement":[{"@type":"ListItem","position":1,"name":"Startseite","item":"https:\/\/marktxxl.de\/markt\/"},{"@type":"ListItem","position":2,"name":"Markt","item":"https:\/\/marktxxl.de\/markt\/"},{"@type":"ListItem","position":3,"name":"AsaNana Parf\u00fcmzerst\u00e4uber nachf\u00fcllbar, Bef\u00fclltechnik ohne Trichter leer Parf\u00fcm Zerst\u00e4uber Spr\u00fchflasche f\u00fcr Reise\u2026"}]},{"@type":"WebSite","@id":"https:\/\/marktxxl.de\/markt\/#website","url":"https:\/\/marktxxl.de\/markt\/","name":"Markt-XXL","description":"Ihr Markt Online","publisher":{"@id":"https:\/\/marktxxl.de\/markt\/#organization"},"potentialAction":[{"@type":"SearchAction","target":{"@type":"EntryPoint","urlTemplate":"https:\/\/marktxxl.de\/markt\/?s={search_term_string}"},"query-input":{"@type":"PropertyValueSpecification","valueRequired":true,"valueName":"search_term_string"}}],"inLanguage":"de"},{"@type":"Organization","@id":"https:\/\/marktxxl.de\/markt\/#organization","name":"Markt-XXL","url":"https:\/\/marktxxl.de\/markt\/","logo":{"@type":"ImageObject","inLanguage":"de","@id":"https:\/\/marktxxl.de\/markt\/#\/schema\/logo\/image\/","url":"https:\/\/marktxxl.de\/markt\/wp-content\/uploads\/sites\/3\/2020\/12\/logo.png","contentUrl":"https:\/\/marktxxl.de\/markt\/wp-content\/uploads\/sites\/3\/2020\/12\/logo.png","width":200,"height":70,"caption":"Markt-XXL"},"image":{"@id":"https:\/\/marktxxl.de\/markt\/#\/schema\/logo\/image\/"}}]}},"_links":{"self":[{"href":"https:\/\/marktxxl.de\/markt\/wp-json\/wp\/v2\/product\/165906","targetHints":{"allow":["GET"]}}],"collection":[{"href":"https:\/\/marktxxl.de\/markt\/wp-json\/wp\/v2\/product"}],"about":[{"href":"https:\/\/marktxxl.de\/markt\/wp-json\/wp\/v2\/types\/product"}],"replies":[{"embeddable":true,"href":"https:\/\/marktxxl.de\/markt\/wp-json\/wp\/v2\/comments?post=165906"}],"wp:featuredmedia":[{"embeddable":true,"href":"https:\/\/marktxxl.de\/markt\/wp-json\/wp\/v2\/media\/165907"}],"wp:attachment":[{"href":"https:\/\/marktxxl.de\/markt\/wp-json\/wp\/v2\/media?parent=165906"}],"wp:term":[{"taxonomy":"product_brand","embeddable":true,"href":"https:\/\/marktxxl.de\/markt\/wp-json\/wp\/v2\/product_brand?post=165906"},{"taxonomy":"product_cat","embeddable":true,"href":"https:\/\/marktxxl.de\/markt\/wp-json\/wp\/v2\/product_cat?post=165906"},{"taxonomy":"product_tag","embeddable":true,"href":"https:\/\/marktxxl.de\/markt\/wp-json\/wp\/v2\/product_tag?post=165906"}],"curies":[{"name":"wp","href":"https:\/\/api.w.org\/{rel}","templated":true}]}}