{"id":165888,"date":"2022-11-11T07:20:25","date_gmt":"2022-11-11T06:20:25","guid":{"rendered":"https:\/\/marktxxl.de\/markt\/produkt\/schultertasche-umhaengetasche-durchsichtige-tasche-kulturbeutel-damen-kulturtasche-zum-aufhaengen-kosmetiktasche-portable-schminktasche-klein-waschtasche-zum-reise-einstellbare-laenge\/"},"modified":"2023-04-11T04:51:14","modified_gmt":"2023-04-11T02:51:14","slug":"schultertasche-umhaengetasche-durchsichtige-tasche-kulturbeutel-damen-kulturtasche-zum-aufhaengen-kosmetiktasche-portable-schminktasche-klein-waschtasche-zum-reise-einstellbare-laenge","status":"publish","type":"product","link":"https:\/\/marktxxl.de\/markt\/produkt\/schultertasche-umhaengetasche-durchsichtige-tasche-kulturbeutel-damen-kulturtasche-zum-aufhaengen-kosmetiktasche-portable-schminktasche-klein-waschtasche-zum-reise-einstellbare-laenge\/","title":{"rendered":"Schultertasche Umh\u00e4ngetasche Durchsichtige Tasche Kulturbeutel Damen Kulturtasche zum Aufh\u00e4ngen Kosmetiktasche Portable\u2026"},"content":{"rendered":"<p>\u2b50Durchsichtige Taschen f\u00fcr die Reise: Praktisch zum Aufbewahren einiger Reiseutensilien wie Mobiltelefone, Brieftaschen, Kosmetika, Make-up-Pinsel, Schl\u00fcssel, Buskarten, kleine Spiegel usw. Der Rei\u00dfverschluss ist stark und Sie k\u00f6nnen leicht finden, was Sie brauchen.<br \/>\n\u2b50Verstellbarer Riemen: Die Riemenl\u00e4nge der Umh\u00e4ngetasche betr\u00e4gt 74-136 cm und Sie k\u00f6nnen die L\u00e4nge nach Belieben anpassen. Und der Riemen ist abnehmbar, sodass Sie ihn durch Riemen in anderen Farben ersetzen k\u00f6nnen, um eine Vielzahl von Stilen zu erzielen.<br \/>\n\u2b50Geeignete Gr\u00f6\u00dfe: Die Haupttasche ist ca. 23 \u00d7 17,5 \u00d7 6 cm gro\u00df. Die Seitentasche hat eine Gr\u00f6\u00dfe von ca. 17,5\u00d717cm. Nicht zu gro\u00df oder zu klein, leicht, f\u00fcr den t\u00e4glichen Gebrauch geeignet. Und weil der Riemen verstellbar ist, ist sie nicht nur eine Umh\u00e4ngetasche, sondern auch eine Messenger- und Handtasche.<br \/>\n\u2b50Multifunktional: Das Oberfl\u00e4chenmaterial ist wasserdicht. Die Aufbewahrungstasche kann beim Outdoor-Sport verwendet werden, Sie k\u00f6nnen Ihre Handt\u00fccher auch in der Dusche aufbewahren oder Ihren Reisepass und Ihre Flugtickets aufbewahren, damit Sie sie beim Einsteigen in das Flugzeug schnell wiederfinden.<br \/>\n\u2b50Praktisches Geschenk: Modische, transparente Umh\u00e4ngetasche eignet sich sehr gut als Weihnachtsgeschenk oder Geburtstagsgeschenk f\u00fcr M\u00e4dchen, Frauen, Freunde, Familie. Wenn Sie mit dem Hund Gassi gehen, kann die Aufbewahrungstasche auch eine Rolle spielen.<br \/>\n<div class=\"main-cross-sell\" data-asin=\"B09NPRTNCQ\">\n\n\t<div class=\"WooZone-cross-sell-loader\">\n\t\t<div>\n\t\t\t<div id=\"floatingBarsG\">\n\t\t\t\t<div class=\"blockG\" id=\"rotateG_01\"><\/div>\n\t\t\t\t<div class=\"blockG\" id=\"rotateG_02\"><\/div>\n\t\t\t\t<div class=\"blockG\" id=\"rotateG_03\"><\/div>\n\t\t\t\t<div class=\"blockG\" id=\"rotateG_04\"><\/div>\n\t\t\t\t<div class=\"blockG\" id=\"rotateG_05\"><\/div>\n\t\t\t\t<div class=\"blockG\" id=\"rotateG_06\"><\/div>\n\t\t\t\t<div class=\"blockG\" id=\"rotateG_07\"><\/div>\n\t\t\t\t<div class=\"blockG\" id=\"rotateG_08\"><\/div>\n\t\t\t<\/div>\n\t\t\t<div class=\"WooZone-cross-sell-loader-text\"><\/div>\n\t\t<\/div>\n\t<\/div>\n\n\t\t\n<\/div>\n<div style=\"clear:both;\"><\/div><\/p>\n","protected":false},"excerpt":{"rendered":"<p>\u2b50Durchsichtige Taschen f\u00fcr die Reise: Praktisch zum Aufbewahren einiger Reiseutensilien wie Mobiltelefone, Brieftaschen, Kosmetika, Make-up-Pinsel, Schl\u00fcssel, Buskarten, kleine Spiegel usw. Der Rei\u00dfverschluss ist stark und Sie k\u00f6nnen leicht finden, was Sie brauchen.<br \/>\n\u2b50Verstellbarer Riemen: Die Riemenl\u00e4nge der Umh\u00e4ngetasche betr\u00e4gt 74-136 cm und Sie k\u00f6nnen die L\u00e4nge nach Belieben anpassen. Und der Riemen ist abnehmbar, sodass Sie ihn durch Riemen in anderen Farben ersetzen k\u00f6nnen, um eine Vielzahl von Stilen zu erzielen.<br \/>\n\u2b50Geeignete Gr\u00f6\u00dfe: Die Haupttasche ist ca. 23 \u00d7 17,5 \u00d7 6 cm gro\u00df. Die Seitentasche hat eine Gr\u00f6\u00dfe von ca. 17,5\u00d717cm. Nicht zu gro\u00df oder zu klein, leicht, f\u00fcr den t\u00e4glichen Gebrauch geeignet. Und weil der Riemen verstellbar ist, ist sie nicht nur eine Umh\u00e4ngetasche, sondern auch eine Messenger- und Handtasche.<\/p>\n","protected":false},"featured_media":165889,"comment_status":"open","ping_status":"closed","template":"","meta":[],"product_brand":[],"product_cat":[2858,7726],"product_tag":[],"class_list":{"0":"post-165888","1":"product","2":"type-product","3":"status-publish","4":"has-post-thumbnail","6":"product_cat-beauty","7":"product_cat-zubehoer-beauty","8":"pa_brand-wangjiangda","9":"pa_color-transparent","10":"pa_height-9-448818888-zoll","11":"pa_length-7-87401574-zoll","12":"pa_weight-0-2866009406-pfund","13":"pa_width-2-362204722-zoll","15":"first","16":"instock","17":"shipping-taxable","18":"purchasable","19":"product-type-simple","20":"customify-col","21":"product-has-gallery"},"yoast_head":"<!-- This site is optimized with the Yoast SEO plugin v27.4 - https:\/\/yoast.com\/product\/yoast-seo-wordpress\/ -->\n<title>Schultertasche Umh\u00e4ngetasche Durchsichtige Tasche Kulturbeutel Damen Kulturtasche zum Aufh\u00e4ngen Kosmetiktasche Portable\u2026 - Markt-XXL<\/title>\n<meta name=\"description\" content=\"Markt-XXL Schultertasche Umh\u00e4ngetasche Durchsichtige Tasche Kulturbeutel Damen Kulturtasche zum Aufh\u00e4ngen Kosmetiktasche Portable\u2026\" \/>\n<meta name=\"robots\" content=\"index, follow, max-snippet:-1, max-image-preview:large, max-video-preview:-1\" \/>\n<link rel=\"canonical\" href=\"https:\/\/marktxxl.de\/markt\/produkt\/schultertasche-umhaengetasche-durchsichtige-tasche-kulturbeutel-damen-kulturtasche-zum-aufhaengen-kosmetiktasche-portable-schminktasche-klein-waschtasche-zum-reise-einstellbare-laenge\/\" \/>\n<meta property=\"og:locale\" content=\"de_DE\" \/>\n<meta property=\"og:type\" content=\"article\" \/>\n<meta property=\"og:title\" content=\"Schultertasche Umh\u00e4ngetasche Durchsichtige Tasche Kulturbeutel Damen Kulturtasche zum Aufh\u00e4ngen Kosmetiktasche Portable\u2026 - Markt-XXL\" \/>\n<meta property=\"og:description\" content=\"Markt-XXL Schultertasche Umh\u00e4ngetasche Durchsichtige Tasche Kulturbeutel Damen Kulturtasche zum Aufh\u00e4ngen Kosmetiktasche Portable\u2026\" \/>\n<meta property=\"og:url\" content=\"https:\/\/marktxxl.de\/markt\/produkt\/schultertasche-umhaengetasche-durchsichtige-tasche-kulturbeutel-damen-kulturtasche-zum-aufhaengen-kosmetiktasche-portable-schminktasche-klein-waschtasche-zum-reise-einstellbare-laenge\/\" \/>\n<meta property=\"og:site_name\" content=\"Markt-XXL\" \/>\n<meta property=\"article:modified_time\" content=\"2023-04-11T02:51:14+00:00\" \/>\n<meta property=\"og:image\" content=\"https:\/\/m.media-amazon.com\/images\/I\/414qh8VweZL._SL500_.jpg\" \/>\n\t<meta property=\"og:image:width\" content=\"500\" \/>\n\t<meta property=\"og:image:height\" content=\"500\" \/>\n\t<meta property=\"og:image:type\" content=\"image\/jpeg\" \/>\n<meta name=\"twitter:card\" content=\"summary_large_image\" \/>\n<meta name=\"twitter:label1\" content=\"Gesch\u00e4tzte Lesezeit\" \/>\n\t<meta name=\"twitter:data1\" content=\"1\u00a0Minute\" \/>\n<script type=\"application\/ld+json\" class=\"yoast-schema-graph\">{\"@context\":\"https:\\\/\\\/schema.org\",\"@graph\":[{\"@type\":\"WebPage\",\"@id\":\"https:\\\/\\\/marktxxl.de\\\/markt\\\/produkt\\\/schultertasche-umhaengetasche-durchsichtige-tasche-kulturbeutel-damen-kulturtasche-zum-aufhaengen-kosmetiktasche-portable-schminktasche-klein-waschtasche-zum-reise-einstellbare-laenge\\\/\",\"url\":\"https:\\\/\\\/marktxxl.de\\\/markt\\\/produkt\\\/schultertasche-umhaengetasche-durchsichtige-tasche-kulturbeutel-damen-kulturtasche-zum-aufhaengen-kosmetiktasche-portable-schminktasche-klein-waschtasche-zum-reise-einstellbare-laenge\\\/\",\"name\":\"Schultertasche Umh\u00e4ngetasche Durchsichtige Tasche Kulturbeutel Damen Kulturtasche zum Aufh\u00e4ngen Kosmetiktasche Portable\u2026 - Markt-XXL\",\"isPartOf\":{\"@id\":\"https:\\\/\\\/marktxxl.de\\\/markt\\\/#website\"},\"primaryImageOfPage\":{\"@id\":\"https:\\\/\\\/marktxxl.de\\\/markt\\\/produkt\\\/schultertasche-umhaengetasche-durchsichtige-tasche-kulturbeutel-damen-kulturtasche-zum-aufhaengen-kosmetiktasche-portable-schminktasche-klein-waschtasche-zum-reise-einstellbare-laenge\\\/#primaryimage\"},\"image\":{\"@id\":\"https:\\\/\\\/marktxxl.de\\\/markt\\\/produkt\\\/schultertasche-umhaengetasche-durchsichtige-tasche-kulturbeutel-damen-kulturtasche-zum-aufhaengen-kosmetiktasche-portable-schminktasche-klein-waschtasche-zum-reise-einstellbare-laenge\\\/#primaryimage\"},\"thumbnailUrl\":\"https:\\\/\\\/m.media-amazon.com\\\/images\\\/I\\\/414qh8VweZL._SL500_.jpg\",\"datePublished\":\"2022-11-11T06:20:25+00:00\",\"dateModified\":\"2023-04-11T02:51:14+00:00\",\"description\":\"Markt-XXL Schultertasche Umh\u00e4ngetasche Durchsichtige Tasche Kulturbeutel Damen Kulturtasche zum Aufh\u00e4ngen Kosmetiktasche Portable\u2026\",\"breadcrumb\":{\"@id\":\"https:\\\/\\\/marktxxl.de\\\/markt\\\/produkt\\\/schultertasche-umhaengetasche-durchsichtige-tasche-kulturbeutel-damen-kulturtasche-zum-aufhaengen-kosmetiktasche-portable-schminktasche-klein-waschtasche-zum-reise-einstellbare-laenge\\\/#breadcrumb\"},\"inLanguage\":\"de\",\"potentialAction\":[{\"@type\":\"ReadAction\",\"target\":[\"https:\\\/\\\/marktxxl.de\\\/markt\\\/produkt\\\/schultertasche-umhaengetasche-durchsichtige-tasche-kulturbeutel-damen-kulturtasche-zum-aufhaengen-kosmetiktasche-portable-schminktasche-klein-waschtasche-zum-reise-einstellbare-laenge\\\/\"]}]},{\"@type\":\"ImageObject\",\"inLanguage\":\"de\",\"@id\":\"https:\\\/\\\/marktxxl.de\\\/markt\\\/produkt\\\/schultertasche-umhaengetasche-durchsichtige-tasche-kulturbeutel-damen-kulturtasche-zum-aufhaengen-kosmetiktasche-portable-schminktasche-klein-waschtasche-zum-reise-einstellbare-laenge\\\/#primaryimage\",\"url\":\"https:\\\/\\\/m.media-amazon.com\\\/images\\\/I\\\/414qh8VweZL._SL500_.jpg\",\"contentUrl\":\"https:\\\/\\\/m.media-amazon.com\\\/images\\\/I\\\/414qh8VweZL._SL500_.jpg\",\"width\":500,\"height\":500},{\"@type\":\"BreadcrumbList\",\"@id\":\"https:\\\/\\\/marktxxl.de\\\/markt\\\/produkt\\\/schultertasche-umhaengetasche-durchsichtige-tasche-kulturbeutel-damen-kulturtasche-zum-aufhaengen-kosmetiktasche-portable-schminktasche-klein-waschtasche-zum-reise-einstellbare-laenge\\\/#breadcrumb\",\"itemListElement\":[{\"@type\":\"ListItem\",\"position\":1,\"name\":\"Startseite\",\"item\":\"https:\\\/\\\/marktxxl.de\\\/markt\\\/\"},{\"@type\":\"ListItem\",\"position\":2,\"name\":\"Markt\",\"item\":\"https:\\\/\\\/marktxxl.de\\\/markt\\\/\"},{\"@type\":\"ListItem\",\"position\":3,\"name\":\"Schultertasche Umh\u00e4ngetasche Durchsichtige Tasche Kulturbeutel Damen Kulturtasche zum Aufh\u00e4ngen Kosmetiktasche Portable\u2026\"}]},{\"@type\":\"WebSite\",\"@id\":\"https:\\\/\\\/marktxxl.de\\\/markt\\\/#website\",\"url\":\"https:\\\/\\\/marktxxl.de\\\/markt\\\/\",\"name\":\"Markt-XXL\",\"description\":\"Ihr Markt Online\",\"publisher\":{\"@id\":\"https:\\\/\\\/marktxxl.de\\\/markt\\\/#organization\"},\"potentialAction\":[{\"@type\":\"SearchAction\",\"target\":{\"@type\":\"EntryPoint\",\"urlTemplate\":\"https:\\\/\\\/marktxxl.de\\\/markt\\\/?s={search_term_string}\"},\"query-input\":{\"@type\":\"PropertyValueSpecification\",\"valueRequired\":true,\"valueName\":\"search_term_string\"}}],\"inLanguage\":\"de\"},{\"@type\":\"Organization\",\"@id\":\"https:\\\/\\\/marktxxl.de\\\/markt\\\/#organization\",\"name\":\"Markt-XXL\",\"url\":\"https:\\\/\\\/marktxxl.de\\\/markt\\\/\",\"logo\":{\"@type\":\"ImageObject\",\"inLanguage\":\"de\",\"@id\":\"https:\\\/\\\/marktxxl.de\\\/markt\\\/#\\\/schema\\\/logo\\\/image\\\/\",\"url\":\"https:\\\/\\\/marktxxl.de\\\/markt\\\/wp-content\\\/uploads\\\/sites\\\/3\\\/2020\\\/12\\\/logo.png\",\"contentUrl\":\"https:\\\/\\\/marktxxl.de\\\/markt\\\/wp-content\\\/uploads\\\/sites\\\/3\\\/2020\\\/12\\\/logo.png\",\"width\":200,\"height\":70,\"caption\":\"Markt-XXL\"},\"image\":{\"@id\":\"https:\\\/\\\/marktxxl.de\\\/markt\\\/#\\\/schema\\\/logo\\\/image\\\/\"}}]}<\/script>\n<!-- \/ Yoast SEO plugin. -->","yoast_head_json":{"title":"Schultertasche Umh\u00e4ngetasche Durchsichtige Tasche Kulturbeutel Damen Kulturtasche zum Aufh\u00e4ngen Kosmetiktasche Portable\u2026 - Markt-XXL","description":"Markt-XXL Schultertasche Umh\u00e4ngetasche Durchsichtige Tasche Kulturbeutel Damen Kulturtasche zum Aufh\u00e4ngen Kosmetiktasche Portable\u2026","robots":{"index":"index","follow":"follow","max-snippet":"max-snippet:-1","max-image-preview":"max-image-preview:large","max-video-preview":"max-video-preview:-1"},"canonical":"https:\/\/marktxxl.de\/markt\/produkt\/schultertasche-umhaengetasche-durchsichtige-tasche-kulturbeutel-damen-kulturtasche-zum-aufhaengen-kosmetiktasche-portable-schminktasche-klein-waschtasche-zum-reise-einstellbare-laenge\/","og_locale":"de_DE","og_type":"article","og_title":"Schultertasche Umh\u00e4ngetasche Durchsichtige Tasche Kulturbeutel Damen Kulturtasche zum Aufh\u00e4ngen Kosmetiktasche Portable\u2026 - Markt-XXL","og_description":"Markt-XXL Schultertasche Umh\u00e4ngetasche Durchsichtige Tasche Kulturbeutel Damen Kulturtasche zum Aufh\u00e4ngen Kosmetiktasche Portable\u2026","og_url":"https:\/\/marktxxl.de\/markt\/produkt\/schultertasche-umhaengetasche-durchsichtige-tasche-kulturbeutel-damen-kulturtasche-zum-aufhaengen-kosmetiktasche-portable-schminktasche-klein-waschtasche-zum-reise-einstellbare-laenge\/","og_site_name":"Markt-XXL","article_modified_time":"2023-04-11T02:51:14+00:00","og_image":[{"width":500,"height":500,"url":"https:\/\/m.media-amazon.com\/images\/I\/414qh8VweZL._SL500_.jpg","type":"image\/jpeg"}],"twitter_card":"summary_large_image","twitter_misc":{"Gesch\u00e4tzte Lesezeit":"1\u00a0Minute"},"schema":{"@context":"https:\/\/schema.org","@graph":[{"@type":"WebPage","@id":"https:\/\/marktxxl.de\/markt\/produkt\/schultertasche-umhaengetasche-durchsichtige-tasche-kulturbeutel-damen-kulturtasche-zum-aufhaengen-kosmetiktasche-portable-schminktasche-klein-waschtasche-zum-reise-einstellbare-laenge\/","url":"https:\/\/marktxxl.de\/markt\/produkt\/schultertasche-umhaengetasche-durchsichtige-tasche-kulturbeutel-damen-kulturtasche-zum-aufhaengen-kosmetiktasche-portable-schminktasche-klein-waschtasche-zum-reise-einstellbare-laenge\/","name":"Schultertasche Umh\u00e4ngetasche Durchsichtige Tasche Kulturbeutel Damen Kulturtasche zum Aufh\u00e4ngen Kosmetiktasche Portable\u2026 - Markt-XXL","isPartOf":{"@id":"https:\/\/marktxxl.de\/markt\/#website"},"primaryImageOfPage":{"@id":"https:\/\/marktxxl.de\/markt\/produkt\/schultertasche-umhaengetasche-durchsichtige-tasche-kulturbeutel-damen-kulturtasche-zum-aufhaengen-kosmetiktasche-portable-schminktasche-klein-waschtasche-zum-reise-einstellbare-laenge\/#primaryimage"},"image":{"@id":"https:\/\/marktxxl.de\/markt\/produkt\/schultertasche-umhaengetasche-durchsichtige-tasche-kulturbeutel-damen-kulturtasche-zum-aufhaengen-kosmetiktasche-portable-schminktasche-klein-waschtasche-zum-reise-einstellbare-laenge\/#primaryimage"},"thumbnailUrl":"https:\/\/m.media-amazon.com\/images\/I\/414qh8VweZL._SL500_.jpg","datePublished":"2022-11-11T06:20:25+00:00","dateModified":"2023-04-11T02:51:14+00:00","description":"Markt-XXL Schultertasche Umh\u00e4ngetasche Durchsichtige Tasche Kulturbeutel Damen Kulturtasche zum Aufh\u00e4ngen Kosmetiktasche Portable\u2026","breadcrumb":{"@id":"https:\/\/marktxxl.de\/markt\/produkt\/schultertasche-umhaengetasche-durchsichtige-tasche-kulturbeutel-damen-kulturtasche-zum-aufhaengen-kosmetiktasche-portable-schminktasche-klein-waschtasche-zum-reise-einstellbare-laenge\/#breadcrumb"},"inLanguage":"de","potentialAction":[{"@type":"ReadAction","target":["https:\/\/marktxxl.de\/markt\/produkt\/schultertasche-umhaengetasche-durchsichtige-tasche-kulturbeutel-damen-kulturtasche-zum-aufhaengen-kosmetiktasche-portable-schminktasche-klein-waschtasche-zum-reise-einstellbare-laenge\/"]}]},{"@type":"ImageObject","inLanguage":"de","@id":"https:\/\/marktxxl.de\/markt\/produkt\/schultertasche-umhaengetasche-durchsichtige-tasche-kulturbeutel-damen-kulturtasche-zum-aufhaengen-kosmetiktasche-portable-schminktasche-klein-waschtasche-zum-reise-einstellbare-laenge\/#primaryimage","url":"https:\/\/m.media-amazon.com\/images\/I\/414qh8VweZL._SL500_.jpg","contentUrl":"https:\/\/m.media-amazon.com\/images\/I\/414qh8VweZL._SL500_.jpg","width":500,"height":500},{"@type":"BreadcrumbList","@id":"https:\/\/marktxxl.de\/markt\/produkt\/schultertasche-umhaengetasche-durchsichtige-tasche-kulturbeutel-damen-kulturtasche-zum-aufhaengen-kosmetiktasche-portable-schminktasche-klein-waschtasche-zum-reise-einstellbare-laenge\/#breadcrumb","itemListElement":[{"@type":"ListItem","position":1,"name":"Startseite","item":"https:\/\/marktxxl.de\/markt\/"},{"@type":"ListItem","position":2,"name":"Markt","item":"https:\/\/marktxxl.de\/markt\/"},{"@type":"ListItem","position":3,"name":"Schultertasche Umh\u00e4ngetasche Durchsichtige Tasche Kulturbeutel Damen Kulturtasche zum Aufh\u00e4ngen Kosmetiktasche Portable\u2026"}]},{"@type":"WebSite","@id":"https:\/\/marktxxl.de\/markt\/#website","url":"https:\/\/marktxxl.de\/markt\/","name":"Markt-XXL","description":"Ihr Markt Online","publisher":{"@id":"https:\/\/marktxxl.de\/markt\/#organization"},"potentialAction":[{"@type":"SearchAction","target":{"@type":"EntryPoint","urlTemplate":"https:\/\/marktxxl.de\/markt\/?s={search_term_string}"},"query-input":{"@type":"PropertyValueSpecification","valueRequired":true,"valueName":"search_term_string"}}],"inLanguage":"de"},{"@type":"Organization","@id":"https:\/\/marktxxl.de\/markt\/#organization","name":"Markt-XXL","url":"https:\/\/marktxxl.de\/markt\/","logo":{"@type":"ImageObject","inLanguage":"de","@id":"https:\/\/marktxxl.de\/markt\/#\/schema\/logo\/image\/","url":"https:\/\/marktxxl.de\/markt\/wp-content\/uploads\/sites\/3\/2020\/12\/logo.png","contentUrl":"https:\/\/marktxxl.de\/markt\/wp-content\/uploads\/sites\/3\/2020\/12\/logo.png","width":200,"height":70,"caption":"Markt-XXL"},"image":{"@id":"https:\/\/marktxxl.de\/markt\/#\/schema\/logo\/image\/"}}]}},"_links":{"self":[{"href":"https:\/\/marktxxl.de\/markt\/wp-json\/wp\/v2\/product\/165888","targetHints":{"allow":["GET"]}}],"collection":[{"href":"https:\/\/marktxxl.de\/markt\/wp-json\/wp\/v2\/product"}],"about":[{"href":"https:\/\/marktxxl.de\/markt\/wp-json\/wp\/v2\/types\/product"}],"replies":[{"embeddable":true,"href":"https:\/\/marktxxl.de\/markt\/wp-json\/wp\/v2\/comments?post=165888"}],"wp:featuredmedia":[{"embeddable":true,"href":"https:\/\/marktxxl.de\/markt\/wp-json\/wp\/v2\/media\/165889"}],"wp:attachment":[{"href":"https:\/\/marktxxl.de\/markt\/wp-json\/wp\/v2\/media?parent=165888"}],"wp:term":[{"taxonomy":"product_brand","embeddable":true,"href":"https:\/\/marktxxl.de\/markt\/wp-json\/wp\/v2\/product_brand?post=165888"},{"taxonomy":"product_cat","embeddable":true,"href":"https:\/\/marktxxl.de\/markt\/wp-json\/wp\/v2\/product_cat?post=165888"},{"taxonomy":"product_tag","embeddable":true,"href":"https:\/\/marktxxl.de\/markt\/wp-json\/wp\/v2\/product_tag?post=165888"}],"curies":[{"name":"wp","href":"https:\/\/api.w.org\/{rel}","templated":true}]}}