{"id":165881,"date":"2022-11-11T07:20:15","date_gmt":"2022-11-11T06:20:15","guid":{"rendered":"https:\/\/marktxxl.de\/markt\/produkt\/bellixe-beauty-make-up-schwamm-kein-latex-weich-3-stueck\/"},"modified":"2023-04-11T04:51:14","modified_gmt":"2023-04-11T02:51:14","slug":"bellixe-beauty-make-up-schwamm-kein-latex-weich-3-stueck","status":"publish","type":"product","link":"https:\/\/marktxxl.de\/markt\/produkt\/bellixe-beauty-make-up-schwamm-kein-latex-weich-3-stueck\/","title":{"rendered":"Bellixe Beauty Make-up-Schwamm, kein Latex, weich, 3 St\u00fcck"},"content":{"rendered":"<p>\u2714 \ufe0f Klassische Schwamm-Mischmaschine in einem Set \u2013 Dieses Kosmetik-Schwamm-Mixer-Set beinhaltet 3 hochwertige Make-up-Schw\u00e4mme. Sie sind das perfekte Make-up-Make-up-Schwamm Applikator Werkzeug zum Verblenden \u2013 Grundierung, Puder, Creme, fl\u00fcssige Kosmetika \u2013 der Schl\u00fcssel zu gut gemischten, airbrush-makellosen Looks den ganzen Tag.<br \/>\n\u2714\ufe0f Nahtlose Blendung + Konturierung \u2013 Dieses Mixer-Set ist f\u00fcr die Schaffung der perfekten Basis und die einfache Geb\u00e4udeabdeckung. Klassisches, abgerundetes Ende des Schwammes ist ideal zum Verblenden von Kosmetika auf gro\u00dfen Fl\u00e4chen wie Stirn, Wangen und Hals, w\u00e4hrend die pr\u00e4zise Spitze kleine Makel und Unvollkommenheiten abdeckt. Verwenden Sie die flache Kante um die Nase, den Kiefer und die Augen zum Konturieren und Backen.<br \/>\n\u2714 \ufe0f Latexfreier Schwamm \u2013 Hergestellt aus antiallergischem Schwamm, 100% keine Reizung auf empfindlicher Haut, sicher f\u00fcr alle Hauttypen. Ideal f\u00fcr Make-up-Profis und Anf\u00e4nger, jedes Alter und Geschlecht<br \/>\n\u2714 \ufe0f Nass und trocken verwenden \u2013 der Schwammmixer dehnt sich aus, wenn er in Wasser einweicht, verwenden Sie ihn feucht f\u00fcr ein taufrisches Licht. Schmal nach Luft trocknen f\u00fcr eine vollst\u00e4ndige Deckung. Einfach aber effektiv in der Anwendung, nehmen Sie jede Art von Make-up auf und mischen Sie Produkte mit der Haut mit weniger Einweichen<br \/>\n\u2714 \ufe0f Make-up-Routine-Optimierung \u2013 Diese Schw\u00e4mme funktionieren m\u00fchelos zum Gl\u00e4tten von Make-up f\u00fcr randlose Mischung, schaffen eine vollst\u00e4ndige Abdeckung und taufe Oberfl\u00e4che, bieten eine makellose Make-up-Anwendung, um Ihnen zu helfen, Ihren besten auszusehen, jeden Tag, optimieren Sie Ihre Beauty-Routine durch die Verwendung dieses multifunktionalen Sch\u00f6nheits-Schwamms.<br \/>\n<div class=\"main-cross-sell\" data-asin=\"B07L75WTLD\">\n\n\t<div class=\"WooZone-cross-sell-loader\">\n\t\t<div>\n\t\t\t<div id=\"floatingBarsG\">\n\t\t\t\t<div class=\"blockG\" id=\"rotateG_01\"><\/div>\n\t\t\t\t<div class=\"blockG\" id=\"rotateG_02\"><\/div>\n\t\t\t\t<div class=\"blockG\" id=\"rotateG_03\"><\/div>\n\t\t\t\t<div class=\"blockG\" id=\"rotateG_04\"><\/div>\n\t\t\t\t<div class=\"blockG\" id=\"rotateG_05\"><\/div>\n\t\t\t\t<div class=\"blockG\" id=\"rotateG_06\"><\/div>\n\t\t\t\t<div class=\"blockG\" id=\"rotateG_07\"><\/div>\n\t\t\t\t<div class=\"blockG\" id=\"rotateG_08\"><\/div>\n\t\t\t<\/div>\n\t\t\t<div class=\"WooZone-cross-sell-loader-text\"><\/div>\n\t\t<\/div>\n\t<\/div>\n\n\t\t\n<\/div>\n<div style=\"clear:both;\"><\/div><\/p>\n","protected":false},"excerpt":{"rendered":"<p>\u2714 \ufe0f Klassische Schwamm-Mischmaschine in einem Set \u2013 Dieses Kosmetik-Schwamm-Mixer-Set beinhaltet 3 hochwertige Make-up-Schw\u00e4mme. Sie sind das perfekte Make-up-Make-up-Schwamm Applikator Werkzeug zum Verblenden \u2013 Grundierung, Puder, Creme, fl\u00fcssige Kosmetika \u2013 der Schl\u00fcssel zu gut gemischten, airbrush-makellosen Looks den ganzen Tag.<br \/>\n\u2714\ufe0f Nahtlose Blendung + Konturierung \u2013 Dieses Mixer-Set ist f\u00fcr die Schaffung der perfekten Basis und die einfache Geb\u00e4udeabdeckung. Klassisches, abgerundetes Ende des Schwammes ist ideal zum Verblenden von Kosmetika auf gro\u00dfen Fl\u00e4chen wie Stirn, Wangen und Hals, w\u00e4hrend die pr\u00e4zise Spitze kleine Makel und Unvollkommenheiten abdeckt. Verwenden Sie die flache Kante um die Nase, den Kiefer und die Augen zum Konturieren und Backen.<br \/>\n\u2714 \ufe0f Latexfreier Schwamm \u2013 Hergestellt aus antiallergischem Schwamm, 100% keine Reizung auf empfindlicher Haut, sicher f\u00fcr alle Hauttypen. Ideal f\u00fcr Make-up-Profis und Anf\u00e4nger, jedes Alter und Geschlecht<\/p>\n","protected":false},"featured_media":165882,"comment_status":"open","ping_status":"closed","template":"","meta":[],"product_brand":[],"product_cat":[2858,7726],"product_tag":[],"class_list":{"0":"post-165881","1":"product","2":"type-product","3":"status-publish","4":"has-post-thumbnail","6":"product_cat-beauty","7":"product_cat-zubehoer-beauty","8":"pa_binding-misc","9":"pa_brand-bellixe","10":"pa_color-3makeup-sponge","11":"pa_size-3-stueck-1er-pack","13":"first","14":"instock","15":"shipping-taxable","16":"purchasable","17":"product-type-simple","18":"customify-col","19":"product-has-gallery"},"yoast_head":"<!-- This site is optimized with the Yoast SEO plugin v27.3 - https:\/\/yoast.com\/product\/yoast-seo-wordpress\/ -->\n<title>Bellixe Beauty Make-up-Schwamm, kein Latex, weich, 3 St\u00fcck - Markt-XXL<\/title>\n<meta name=\"description\" content=\"Markt-XXL Bellixe Beauty Make-up-Schwamm, kein Latex, weich, 3 St\u00fcck\" \/>\n<meta name=\"robots\" content=\"index, follow, max-snippet:-1, max-image-preview:large, max-video-preview:-1\" \/>\n<link rel=\"canonical\" href=\"https:\/\/marktxxl.de\/markt\/produkt\/bellixe-beauty-make-up-schwamm-kein-latex-weich-3-stueck\/\" \/>\n<meta property=\"og:locale\" content=\"de_DE\" \/>\n<meta property=\"og:type\" content=\"article\" \/>\n<meta property=\"og:title\" content=\"Bellixe Beauty Make-up-Schwamm, kein Latex, weich, 3 St\u00fcck - Markt-XXL\" \/>\n<meta property=\"og:description\" content=\"Markt-XXL Bellixe Beauty Make-up-Schwamm, kein Latex, weich, 3 St\u00fcck\" \/>\n<meta property=\"og:url\" content=\"https:\/\/marktxxl.de\/markt\/produkt\/bellixe-beauty-make-up-schwamm-kein-latex-weich-3-stueck\/\" \/>\n<meta property=\"og:site_name\" content=\"Markt-XXL\" \/>\n<meta property=\"article:modified_time\" content=\"2023-04-11T02:51:14+00:00\" \/>\n<meta property=\"og:image\" content=\"https:\/\/m.media-amazon.com\/images\/I\/31LVEOwxZGL._SL500_.jpg\" \/>\n\t<meta property=\"og:image:width\" content=\"500\" \/>\n\t<meta property=\"og:image:height\" content=\"343\" \/>\n\t<meta property=\"og:image:type\" content=\"image\/jpeg\" \/>\n<meta name=\"twitter:card\" content=\"summary_large_image\" \/>\n<meta name=\"twitter:label1\" content=\"Gesch\u00e4tzte Lesezeit\" \/>\n\t<meta name=\"twitter:data1\" content=\"1\u00a0Minute\" \/>\n<script type=\"application\/ld+json\" class=\"yoast-schema-graph\">{\"@context\":\"https:\\\/\\\/schema.org\",\"@graph\":[{\"@type\":\"WebPage\",\"@id\":\"https:\\\/\\\/marktxxl.de\\\/markt\\\/produkt\\\/bellixe-beauty-make-up-schwamm-kein-latex-weich-3-stueck\\\/\",\"url\":\"https:\\\/\\\/marktxxl.de\\\/markt\\\/produkt\\\/bellixe-beauty-make-up-schwamm-kein-latex-weich-3-stueck\\\/\",\"name\":\"Bellixe Beauty Make-up-Schwamm, kein Latex, weich, 3 St\u00fcck - Markt-XXL\",\"isPartOf\":{\"@id\":\"https:\\\/\\\/marktxxl.de\\\/markt\\\/#website\"},\"primaryImageOfPage\":{\"@id\":\"https:\\\/\\\/marktxxl.de\\\/markt\\\/produkt\\\/bellixe-beauty-make-up-schwamm-kein-latex-weich-3-stueck\\\/#primaryimage\"},\"image\":{\"@id\":\"https:\\\/\\\/marktxxl.de\\\/markt\\\/produkt\\\/bellixe-beauty-make-up-schwamm-kein-latex-weich-3-stueck\\\/#primaryimage\"},\"thumbnailUrl\":\"https:\\\/\\\/m.media-amazon.com\\\/images\\\/I\\\/31LVEOwxZGL._SL500_.jpg\",\"datePublished\":\"2022-11-11T06:20:15+00:00\",\"dateModified\":\"2023-04-11T02:51:14+00:00\",\"description\":\"Markt-XXL Bellixe Beauty Make-up-Schwamm, kein Latex, weich, 3 St\u00fcck\",\"breadcrumb\":{\"@id\":\"https:\\\/\\\/marktxxl.de\\\/markt\\\/produkt\\\/bellixe-beauty-make-up-schwamm-kein-latex-weich-3-stueck\\\/#breadcrumb\"},\"inLanguage\":\"de\",\"potentialAction\":[{\"@type\":\"ReadAction\",\"target\":[\"https:\\\/\\\/marktxxl.de\\\/markt\\\/produkt\\\/bellixe-beauty-make-up-schwamm-kein-latex-weich-3-stueck\\\/\"]}]},{\"@type\":\"ImageObject\",\"inLanguage\":\"de\",\"@id\":\"https:\\\/\\\/marktxxl.de\\\/markt\\\/produkt\\\/bellixe-beauty-make-up-schwamm-kein-latex-weich-3-stueck\\\/#primaryimage\",\"url\":\"https:\\\/\\\/m.media-amazon.com\\\/images\\\/I\\\/31LVEOwxZGL._SL500_.jpg\",\"contentUrl\":\"https:\\\/\\\/m.media-amazon.com\\\/images\\\/I\\\/31LVEOwxZGL._SL500_.jpg\",\"width\":500,\"height\":343},{\"@type\":\"BreadcrumbList\",\"@id\":\"https:\\\/\\\/marktxxl.de\\\/markt\\\/produkt\\\/bellixe-beauty-make-up-schwamm-kein-latex-weich-3-stueck\\\/#breadcrumb\",\"itemListElement\":[{\"@type\":\"ListItem\",\"position\":1,\"name\":\"Startseite\",\"item\":\"https:\\\/\\\/marktxxl.de\\\/markt\\\/\"},{\"@type\":\"ListItem\",\"position\":2,\"name\":\"Markt\",\"item\":\"https:\\\/\\\/marktxxl.de\\\/markt\\\/\"},{\"@type\":\"ListItem\",\"position\":3,\"name\":\"Bellixe Beauty Make-up-Schwamm, kein Latex, weich, 3 St\u00fcck\"}]},{\"@type\":\"WebSite\",\"@id\":\"https:\\\/\\\/marktxxl.de\\\/markt\\\/#website\",\"url\":\"https:\\\/\\\/marktxxl.de\\\/markt\\\/\",\"name\":\"Markt-XXL\",\"description\":\"Ihr Markt Online\",\"publisher\":{\"@id\":\"https:\\\/\\\/marktxxl.de\\\/markt\\\/#organization\"},\"potentialAction\":[{\"@type\":\"SearchAction\",\"target\":{\"@type\":\"EntryPoint\",\"urlTemplate\":\"https:\\\/\\\/marktxxl.de\\\/markt\\\/?s={search_term_string}\"},\"query-input\":{\"@type\":\"PropertyValueSpecification\",\"valueRequired\":true,\"valueName\":\"search_term_string\"}}],\"inLanguage\":\"de\"},{\"@type\":\"Organization\",\"@id\":\"https:\\\/\\\/marktxxl.de\\\/markt\\\/#organization\",\"name\":\"Markt-XXL\",\"url\":\"https:\\\/\\\/marktxxl.de\\\/markt\\\/\",\"logo\":{\"@type\":\"ImageObject\",\"inLanguage\":\"de\",\"@id\":\"https:\\\/\\\/marktxxl.de\\\/markt\\\/#\\\/schema\\\/logo\\\/image\\\/\",\"url\":\"https:\\\/\\\/marktxxl.de\\\/markt\\\/wp-content\\\/uploads\\\/sites\\\/3\\\/2020\\\/12\\\/logo.png\",\"contentUrl\":\"https:\\\/\\\/marktxxl.de\\\/markt\\\/wp-content\\\/uploads\\\/sites\\\/3\\\/2020\\\/12\\\/logo.png\",\"width\":200,\"height\":70,\"caption\":\"Markt-XXL\"},\"image\":{\"@id\":\"https:\\\/\\\/marktxxl.de\\\/markt\\\/#\\\/schema\\\/logo\\\/image\\\/\"}}]}<\/script>\n<!-- \/ Yoast SEO plugin. -->","yoast_head_json":{"title":"Bellixe Beauty Make-up-Schwamm, kein Latex, weich, 3 St\u00fcck - Markt-XXL","description":"Markt-XXL Bellixe Beauty Make-up-Schwamm, kein Latex, weich, 3 St\u00fcck","robots":{"index":"index","follow":"follow","max-snippet":"max-snippet:-1","max-image-preview":"max-image-preview:large","max-video-preview":"max-video-preview:-1"},"canonical":"https:\/\/marktxxl.de\/markt\/produkt\/bellixe-beauty-make-up-schwamm-kein-latex-weich-3-stueck\/","og_locale":"de_DE","og_type":"article","og_title":"Bellixe Beauty Make-up-Schwamm, kein Latex, weich, 3 St\u00fcck - Markt-XXL","og_description":"Markt-XXL Bellixe Beauty Make-up-Schwamm, kein Latex, weich, 3 St\u00fcck","og_url":"https:\/\/marktxxl.de\/markt\/produkt\/bellixe-beauty-make-up-schwamm-kein-latex-weich-3-stueck\/","og_site_name":"Markt-XXL","article_modified_time":"2023-04-11T02:51:14+00:00","og_image":[{"width":500,"height":343,"url":"https:\/\/m.media-amazon.com\/images\/I\/31LVEOwxZGL._SL500_.jpg","type":"image\/jpeg"}],"twitter_card":"summary_large_image","twitter_misc":{"Gesch\u00e4tzte Lesezeit":"1\u00a0Minute"},"schema":{"@context":"https:\/\/schema.org","@graph":[{"@type":"WebPage","@id":"https:\/\/marktxxl.de\/markt\/produkt\/bellixe-beauty-make-up-schwamm-kein-latex-weich-3-stueck\/","url":"https:\/\/marktxxl.de\/markt\/produkt\/bellixe-beauty-make-up-schwamm-kein-latex-weich-3-stueck\/","name":"Bellixe Beauty Make-up-Schwamm, kein Latex, weich, 3 St\u00fcck - Markt-XXL","isPartOf":{"@id":"https:\/\/marktxxl.de\/markt\/#website"},"primaryImageOfPage":{"@id":"https:\/\/marktxxl.de\/markt\/produkt\/bellixe-beauty-make-up-schwamm-kein-latex-weich-3-stueck\/#primaryimage"},"image":{"@id":"https:\/\/marktxxl.de\/markt\/produkt\/bellixe-beauty-make-up-schwamm-kein-latex-weich-3-stueck\/#primaryimage"},"thumbnailUrl":"https:\/\/m.media-amazon.com\/images\/I\/31LVEOwxZGL._SL500_.jpg","datePublished":"2022-11-11T06:20:15+00:00","dateModified":"2023-04-11T02:51:14+00:00","description":"Markt-XXL Bellixe Beauty Make-up-Schwamm, kein Latex, weich, 3 St\u00fcck","breadcrumb":{"@id":"https:\/\/marktxxl.de\/markt\/produkt\/bellixe-beauty-make-up-schwamm-kein-latex-weich-3-stueck\/#breadcrumb"},"inLanguage":"de","potentialAction":[{"@type":"ReadAction","target":["https:\/\/marktxxl.de\/markt\/produkt\/bellixe-beauty-make-up-schwamm-kein-latex-weich-3-stueck\/"]}]},{"@type":"ImageObject","inLanguage":"de","@id":"https:\/\/marktxxl.de\/markt\/produkt\/bellixe-beauty-make-up-schwamm-kein-latex-weich-3-stueck\/#primaryimage","url":"https:\/\/m.media-amazon.com\/images\/I\/31LVEOwxZGL._SL500_.jpg","contentUrl":"https:\/\/m.media-amazon.com\/images\/I\/31LVEOwxZGL._SL500_.jpg","width":500,"height":343},{"@type":"BreadcrumbList","@id":"https:\/\/marktxxl.de\/markt\/produkt\/bellixe-beauty-make-up-schwamm-kein-latex-weich-3-stueck\/#breadcrumb","itemListElement":[{"@type":"ListItem","position":1,"name":"Startseite","item":"https:\/\/marktxxl.de\/markt\/"},{"@type":"ListItem","position":2,"name":"Markt","item":"https:\/\/marktxxl.de\/markt\/"},{"@type":"ListItem","position":3,"name":"Bellixe Beauty Make-up-Schwamm, kein Latex, weich, 3 St\u00fcck"}]},{"@type":"WebSite","@id":"https:\/\/marktxxl.de\/markt\/#website","url":"https:\/\/marktxxl.de\/markt\/","name":"Markt-XXL","description":"Ihr Markt Online","publisher":{"@id":"https:\/\/marktxxl.de\/markt\/#organization"},"potentialAction":[{"@type":"SearchAction","target":{"@type":"EntryPoint","urlTemplate":"https:\/\/marktxxl.de\/markt\/?s={search_term_string}"},"query-input":{"@type":"PropertyValueSpecification","valueRequired":true,"valueName":"search_term_string"}}],"inLanguage":"de"},{"@type":"Organization","@id":"https:\/\/marktxxl.de\/markt\/#organization","name":"Markt-XXL","url":"https:\/\/marktxxl.de\/markt\/","logo":{"@type":"ImageObject","inLanguage":"de","@id":"https:\/\/marktxxl.de\/markt\/#\/schema\/logo\/image\/","url":"https:\/\/marktxxl.de\/markt\/wp-content\/uploads\/sites\/3\/2020\/12\/logo.png","contentUrl":"https:\/\/marktxxl.de\/markt\/wp-content\/uploads\/sites\/3\/2020\/12\/logo.png","width":200,"height":70,"caption":"Markt-XXL"},"image":{"@id":"https:\/\/marktxxl.de\/markt\/#\/schema\/logo\/image\/"}}]}},"_links":{"self":[{"href":"https:\/\/marktxxl.de\/markt\/wp-json\/wp\/v2\/product\/165881","targetHints":{"allow":["GET"]}}],"collection":[{"href":"https:\/\/marktxxl.de\/markt\/wp-json\/wp\/v2\/product"}],"about":[{"href":"https:\/\/marktxxl.de\/markt\/wp-json\/wp\/v2\/types\/product"}],"replies":[{"embeddable":true,"href":"https:\/\/marktxxl.de\/markt\/wp-json\/wp\/v2\/comments?post=165881"}],"wp:featuredmedia":[{"embeddable":true,"href":"https:\/\/marktxxl.de\/markt\/wp-json\/wp\/v2\/media\/165882"}],"wp:attachment":[{"href":"https:\/\/marktxxl.de\/markt\/wp-json\/wp\/v2\/media?parent=165881"}],"wp:term":[{"taxonomy":"product_brand","embeddable":true,"href":"https:\/\/marktxxl.de\/markt\/wp-json\/wp\/v2\/product_brand?post=165881"},{"taxonomy":"product_cat","embeddable":true,"href":"https:\/\/marktxxl.de\/markt\/wp-json\/wp\/v2\/product_cat?post=165881"},{"taxonomy":"product_tag","embeddable":true,"href":"https:\/\/marktxxl.de\/markt\/wp-json\/wp\/v2\/product_tag?post=165881"}],"curies":[{"name":"wp","href":"https:\/\/api.w.org\/{rel}","templated":true}]}}