{"id":165816,"date":"2022-11-11T07:17:38","date_gmt":"2022-11-11T06:17:38","guid":{"rendered":"https:\/\/marktxxl.de\/markt\/produkt\/20-stueck-aluminium-leer-doeschen-rund-reise-cremedose-tiegel-fuer-creme-lotion-masken-kosmetik-nagelkunst%ef%bc%8820ml%ef%bc%89\/"},"modified":"2023-04-11T04:51:13","modified_gmt":"2023-04-11T02:51:13","slug":"20-stueck-aluminium-leer-doeschen-rund-reise-cremedose-tiegel-fuer-creme-lotion-masken-kosmetik-nagelkunst%ef%bc%8820ml%ef%bc%89","status":"publish","type":"product","link":"https:\/\/marktxxl.de\/markt\/produkt\/20-stueck-aluminium-leer-doeschen-rund-reise-cremedose-tiegel-fuer-creme-lotion-masken-kosmetik-nagelkunst%ef%bc%8820ml%ef%bc%89\/","title":{"rendered":"20 St\u00fcck Aluminium Leer D\u00f6schen Rund Reise Cremedose Tiegel f\u00fcr Creme Lotion Masken Kosmetik Nagelkunst\uff0820ml\uff09"},"content":{"rendered":"<p>Hohe Qualit\u00e4t &#8211; Diese Creme Aluminium D\u00f6schen sind aus hochwertigem Aluminium gefertigt, das robust und langlebig ist und nicht rostet. Und die Gl\u00e4ser k\u00f6nnen Ihre Waren vor \u00dcberbelichtung durch Licht, Sonne und mehr sch\u00fctzen<br \/>\nGute Abdichtung &#8211; Auf der Oberseite der Gef\u00e4\u00dfe befindet sich ein Schaumstoffpad, um eine bessere Abdichtung zu gew\u00e4hrleisten und ein Auslaufen zu verhindern. Das Design des Schraubverschlusses erleichtert das \u00d6ffnen und Schlie\u00dfen<br \/>\nLeichtgewichts &#8211; Die Leer Creme Container sind leicht und robust, leicht zu transportieren und eignen sich ideal zum Aufbewahren von Gegenst\u00e4nden. Und wir stellen eine Kiste bereit, in der die D\u00f6schen aufbewahrt werden k\u00f6nnen<br \/>\nLeicht zu unterscheiden &#8211; Es enth\u00e4lt 20Pcs 20ml Kosmetik D\u00f6schen. Und wir bieten ein 1 Blatt Etikett an, um Ihnen zu helfen, die Dinge zu unterscheiden<br \/>\nBreiter Gebrauch &#8211; Diese Leere Tiegel eignen sich ideal f\u00fcr hausgemachten Lippenbalsam, Salbe und Creme. Und kann auch zum Aufbewahren von Kunsthandwerk, Mini-Kerzen, Kosmetika, Kr\u00e4utern, Nailart, Haken, Perlen, Kn\u00f6pfen, Salben usw<br \/>\n<div class=\"main-cross-sell\" data-asin=\"B07MT9523Y\">\n\n\t<div class=\"WooZone-cross-sell-loader\">\n\t\t<div>\n\t\t\t<div id=\"floatingBarsG\">\n\t\t\t\t<div class=\"blockG\" id=\"rotateG_01\"><\/div>\n\t\t\t\t<div class=\"blockG\" id=\"rotateG_02\"><\/div>\n\t\t\t\t<div class=\"blockG\" id=\"rotateG_03\"><\/div>\n\t\t\t\t<div class=\"blockG\" id=\"rotateG_04\"><\/div>\n\t\t\t\t<div class=\"blockG\" id=\"rotateG_05\"><\/div>\n\t\t\t\t<div class=\"blockG\" id=\"rotateG_06\"><\/div>\n\t\t\t\t<div class=\"blockG\" id=\"rotateG_07\"><\/div>\n\t\t\t\t<div class=\"blockG\" id=\"rotateG_08\"><\/div>\n\t\t\t<\/div>\n\t\t\t<div class=\"WooZone-cross-sell-loader-text\"><\/div>\n\t\t<\/div>\n\t<\/div>\n\n\t\t\n<\/div>\n<div style=\"clear:both;\"><\/div><\/p>\n","protected":false},"excerpt":{"rendered":"<p>Hohe Qualit\u00e4t &#8211; Diese Creme Aluminium D\u00f6schen sind aus hochwertigem Aluminium gefertigt, das robust und langlebig ist und nicht rostet. Und die Gl\u00e4ser k\u00f6nnen Ihre Waren vor \u00dcberbelichtung durch Licht, Sonne und mehr sch\u00fctzen<br \/>\nGute Abdichtung &#8211; Auf der Oberseite der Gef\u00e4\u00dfe befindet sich ein Schaumstoffpad, um eine bessere Abdichtung zu gew\u00e4hrleisten und ein Auslaufen zu verhindern. Das Design des Schraubverschlusses erleichtert das \u00d6ffnen und Schlie\u00dfen<br \/>\nLeichtgewichts &#8211; Die Leer Creme Container sind leicht und robust, leicht zu transportieren und eignen sich ideal zum Aufbewahren von Gegenst\u00e4nden. Und wir stellen eine Kiste bereit, in der die D\u00f6schen aufbewahrt werden k\u00f6nnen<\/p>\n","protected":false},"featured_media":165817,"comment_status":"open","ping_status":"closed","template":"","meta":[],"product_brand":[],"product_cat":[2858,7726],"product_tag":[],"class_list":{"0":"post-165816","1":"product","2":"type-product","3":"status-publish","4":"has-post-thumbnail","6":"product_cat-beauty","7":"product_cat-zubehoer-beauty","8":"pa_brand-busch-jaeger-3","9":"pa_brand-melliex","10":"pa_height-0-787401574-zoll","11":"pa_length-1-5699999983986-zoll","12":"pa_size-20ml","13":"pa_width-1-5699999983986-zoll","15":"first","16":"instock","17":"shipping-taxable","18":"purchasable","19":"product-type-simple","20":"customify-col","21":"product-has-gallery"},"yoast_head":"<!-- This site is optimized with the Yoast SEO plugin v27.4 - https:\/\/yoast.com\/product\/yoast-seo-wordpress\/ -->\n<title>20 St\u00fcck Aluminium Leer D\u00f6schen Rund Reise Cremedose Tiegel f\u00fcr Creme Lotion Masken Kosmetik Nagelkunst\uff0820ml\uff09 - Markt-XXL<\/title>\n<meta name=\"description\" content=\"Markt-XXL 20 St\u00fcck Aluminium Leer D\u00f6schen Rund Reise Cremedose Tiegel f\u00fcr Creme Lotion Masken Kosmetik Nagelkunst\uff0820ml\uff09\" \/>\n<meta name=\"robots\" content=\"index, follow, max-snippet:-1, max-image-preview:large, max-video-preview:-1\" \/>\n<link rel=\"canonical\" href=\"https:\/\/marktxxl.de\/markt\/produkt\/20-stueck-aluminium-leer-doeschen-rund-reise-cremedose-tiegel-fuer-creme-lotion-masken-kosmetik-nagelkunst\uff0820ml\uff09\/\" \/>\n<meta property=\"og:locale\" content=\"de_DE\" \/>\n<meta property=\"og:type\" content=\"article\" \/>\n<meta property=\"og:title\" content=\"20 St\u00fcck Aluminium Leer D\u00f6schen Rund Reise Cremedose Tiegel f\u00fcr Creme Lotion Masken Kosmetik Nagelkunst\uff0820ml\uff09 - Markt-XXL\" \/>\n<meta property=\"og:description\" content=\"Markt-XXL 20 St\u00fcck Aluminium Leer D\u00f6schen Rund Reise Cremedose Tiegel f\u00fcr Creme Lotion Masken Kosmetik Nagelkunst\uff0820ml\uff09\" \/>\n<meta property=\"og:url\" content=\"https:\/\/marktxxl.de\/markt\/produkt\/20-stueck-aluminium-leer-doeschen-rund-reise-cremedose-tiegel-fuer-creme-lotion-masken-kosmetik-nagelkunst\uff0820ml\uff09\/\" \/>\n<meta property=\"og:site_name\" content=\"Markt-XXL\" \/>\n<meta property=\"article:modified_time\" content=\"2023-04-11T02:51:13+00:00\" \/>\n<meta property=\"og:image\" content=\"https:\/\/m.media-amazon.com\/images\/I\/51DezPi2JFL._SL500_.jpg\" \/>\n\t<meta property=\"og:image:width\" content=\"500\" \/>\n\t<meta property=\"og:image:height\" content=\"500\" \/>\n\t<meta property=\"og:image:type\" content=\"image\/jpeg\" \/>\n<meta name=\"twitter:card\" content=\"summary_large_image\" \/>\n<meta name=\"twitter:label1\" content=\"Gesch\u00e4tzte Lesezeit\" \/>\n\t<meta name=\"twitter:data1\" content=\"1\u00a0Minute\" \/>\n<script type=\"application\/ld+json\" class=\"yoast-schema-graph\">{\"@context\":\"https:\\\/\\\/schema.org\",\"@graph\":[{\"@type\":\"WebPage\",\"@id\":\"https:\\\/\\\/marktxxl.de\\\/markt\\\/produkt\\\/20-stueck-aluminium-leer-doeschen-rund-reise-cremedose-tiegel-fuer-creme-lotion-masken-kosmetik-nagelkunst%ef%bc%8820ml%ef%bc%89\\\/\",\"url\":\"https:\\\/\\\/marktxxl.de\\\/markt\\\/produkt\\\/20-stueck-aluminium-leer-doeschen-rund-reise-cremedose-tiegel-fuer-creme-lotion-masken-kosmetik-nagelkunst%ef%bc%8820ml%ef%bc%89\\\/\",\"name\":\"20 St\u00fcck Aluminium Leer D\u00f6schen Rund Reise Cremedose Tiegel f\u00fcr Creme Lotion Masken Kosmetik Nagelkunst\uff0820ml\uff09 - Markt-XXL\",\"isPartOf\":{\"@id\":\"https:\\\/\\\/marktxxl.de\\\/markt\\\/#website\"},\"primaryImageOfPage\":{\"@id\":\"https:\\\/\\\/marktxxl.de\\\/markt\\\/produkt\\\/20-stueck-aluminium-leer-doeschen-rund-reise-cremedose-tiegel-fuer-creme-lotion-masken-kosmetik-nagelkunst%ef%bc%8820ml%ef%bc%89\\\/#primaryimage\"},\"image\":{\"@id\":\"https:\\\/\\\/marktxxl.de\\\/markt\\\/produkt\\\/20-stueck-aluminium-leer-doeschen-rund-reise-cremedose-tiegel-fuer-creme-lotion-masken-kosmetik-nagelkunst%ef%bc%8820ml%ef%bc%89\\\/#primaryimage\"},\"thumbnailUrl\":\"https:\\\/\\\/m.media-amazon.com\\\/images\\\/I\\\/51DezPi2JFL._SL500_.jpg\",\"datePublished\":\"2022-11-11T06:17:38+00:00\",\"dateModified\":\"2023-04-11T02:51:13+00:00\",\"description\":\"Markt-XXL 20 St\u00fcck Aluminium Leer D\u00f6schen Rund Reise Cremedose Tiegel f\u00fcr Creme Lotion Masken Kosmetik Nagelkunst\uff0820ml\uff09\",\"breadcrumb\":{\"@id\":\"https:\\\/\\\/marktxxl.de\\\/markt\\\/produkt\\\/20-stueck-aluminium-leer-doeschen-rund-reise-cremedose-tiegel-fuer-creme-lotion-masken-kosmetik-nagelkunst%ef%bc%8820ml%ef%bc%89\\\/#breadcrumb\"},\"inLanguage\":\"de\",\"potentialAction\":[{\"@type\":\"ReadAction\",\"target\":[\"https:\\\/\\\/marktxxl.de\\\/markt\\\/produkt\\\/20-stueck-aluminium-leer-doeschen-rund-reise-cremedose-tiegel-fuer-creme-lotion-masken-kosmetik-nagelkunst%ef%bc%8820ml%ef%bc%89\\\/\"]}]},{\"@type\":\"ImageObject\",\"inLanguage\":\"de\",\"@id\":\"https:\\\/\\\/marktxxl.de\\\/markt\\\/produkt\\\/20-stueck-aluminium-leer-doeschen-rund-reise-cremedose-tiegel-fuer-creme-lotion-masken-kosmetik-nagelkunst%ef%bc%8820ml%ef%bc%89\\\/#primaryimage\",\"url\":\"https:\\\/\\\/m.media-amazon.com\\\/images\\\/I\\\/51DezPi2JFL._SL500_.jpg\",\"contentUrl\":\"https:\\\/\\\/m.media-amazon.com\\\/images\\\/I\\\/51DezPi2JFL._SL500_.jpg\",\"width\":500,\"height\":500},{\"@type\":\"BreadcrumbList\",\"@id\":\"https:\\\/\\\/marktxxl.de\\\/markt\\\/produkt\\\/20-stueck-aluminium-leer-doeschen-rund-reise-cremedose-tiegel-fuer-creme-lotion-masken-kosmetik-nagelkunst%ef%bc%8820ml%ef%bc%89\\\/#breadcrumb\",\"itemListElement\":[{\"@type\":\"ListItem\",\"position\":1,\"name\":\"Startseite\",\"item\":\"https:\\\/\\\/marktxxl.de\\\/markt\\\/\"},{\"@type\":\"ListItem\",\"position\":2,\"name\":\"Markt\",\"item\":\"https:\\\/\\\/marktxxl.de\\\/markt\\\/\"},{\"@type\":\"ListItem\",\"position\":3,\"name\":\"20 St\u00fcck Aluminium Leer D\u00f6schen Rund Reise Cremedose Tiegel f\u00fcr Creme Lotion Masken Kosmetik Nagelkunst\uff0820ml\uff09\"}]},{\"@type\":\"WebSite\",\"@id\":\"https:\\\/\\\/marktxxl.de\\\/markt\\\/#website\",\"url\":\"https:\\\/\\\/marktxxl.de\\\/markt\\\/\",\"name\":\"Markt-XXL\",\"description\":\"Ihr Markt Online\",\"publisher\":{\"@id\":\"https:\\\/\\\/marktxxl.de\\\/markt\\\/#organization\"},\"potentialAction\":[{\"@type\":\"SearchAction\",\"target\":{\"@type\":\"EntryPoint\",\"urlTemplate\":\"https:\\\/\\\/marktxxl.de\\\/markt\\\/?s={search_term_string}\"},\"query-input\":{\"@type\":\"PropertyValueSpecification\",\"valueRequired\":true,\"valueName\":\"search_term_string\"}}],\"inLanguage\":\"de\"},{\"@type\":\"Organization\",\"@id\":\"https:\\\/\\\/marktxxl.de\\\/markt\\\/#organization\",\"name\":\"Markt-XXL\",\"url\":\"https:\\\/\\\/marktxxl.de\\\/markt\\\/\",\"logo\":{\"@type\":\"ImageObject\",\"inLanguage\":\"de\",\"@id\":\"https:\\\/\\\/marktxxl.de\\\/markt\\\/#\\\/schema\\\/logo\\\/image\\\/\",\"url\":\"https:\\\/\\\/marktxxl.de\\\/markt\\\/wp-content\\\/uploads\\\/sites\\\/3\\\/2020\\\/12\\\/logo.png\",\"contentUrl\":\"https:\\\/\\\/marktxxl.de\\\/markt\\\/wp-content\\\/uploads\\\/sites\\\/3\\\/2020\\\/12\\\/logo.png\",\"width\":200,\"height\":70,\"caption\":\"Markt-XXL\"},\"image\":{\"@id\":\"https:\\\/\\\/marktxxl.de\\\/markt\\\/#\\\/schema\\\/logo\\\/image\\\/\"}}]}<\/script>\n<!-- \/ Yoast SEO plugin. -->","yoast_head_json":{"title":"20 St\u00fcck Aluminium Leer D\u00f6schen Rund Reise Cremedose Tiegel f\u00fcr Creme Lotion Masken Kosmetik Nagelkunst\uff0820ml\uff09 - Markt-XXL","description":"Markt-XXL 20 St\u00fcck Aluminium Leer D\u00f6schen Rund Reise Cremedose Tiegel f\u00fcr Creme Lotion Masken Kosmetik Nagelkunst\uff0820ml\uff09","robots":{"index":"index","follow":"follow","max-snippet":"max-snippet:-1","max-image-preview":"max-image-preview:large","max-video-preview":"max-video-preview:-1"},"canonical":"https:\/\/marktxxl.de\/markt\/produkt\/20-stueck-aluminium-leer-doeschen-rund-reise-cremedose-tiegel-fuer-creme-lotion-masken-kosmetik-nagelkunst\uff0820ml\uff09\/","og_locale":"de_DE","og_type":"article","og_title":"20 St\u00fcck Aluminium Leer D\u00f6schen Rund Reise Cremedose Tiegel f\u00fcr Creme Lotion Masken Kosmetik Nagelkunst\uff0820ml\uff09 - Markt-XXL","og_description":"Markt-XXL 20 St\u00fcck Aluminium Leer D\u00f6schen Rund Reise Cremedose Tiegel f\u00fcr Creme Lotion Masken Kosmetik Nagelkunst\uff0820ml\uff09","og_url":"https:\/\/marktxxl.de\/markt\/produkt\/20-stueck-aluminium-leer-doeschen-rund-reise-cremedose-tiegel-fuer-creme-lotion-masken-kosmetik-nagelkunst\uff0820ml\uff09\/","og_site_name":"Markt-XXL","article_modified_time":"2023-04-11T02:51:13+00:00","og_image":[{"width":500,"height":500,"url":"https:\/\/m.media-amazon.com\/images\/I\/51DezPi2JFL._SL500_.jpg","type":"image\/jpeg"}],"twitter_card":"summary_large_image","twitter_misc":{"Gesch\u00e4tzte Lesezeit":"1\u00a0Minute"},"schema":{"@context":"https:\/\/schema.org","@graph":[{"@type":"WebPage","@id":"https:\/\/marktxxl.de\/markt\/produkt\/20-stueck-aluminium-leer-doeschen-rund-reise-cremedose-tiegel-fuer-creme-lotion-masken-kosmetik-nagelkunst%ef%bc%8820ml%ef%bc%89\/","url":"https:\/\/marktxxl.de\/markt\/produkt\/20-stueck-aluminium-leer-doeschen-rund-reise-cremedose-tiegel-fuer-creme-lotion-masken-kosmetik-nagelkunst%ef%bc%8820ml%ef%bc%89\/","name":"20 St\u00fcck Aluminium Leer D\u00f6schen Rund Reise Cremedose Tiegel f\u00fcr Creme Lotion Masken Kosmetik Nagelkunst\uff0820ml\uff09 - Markt-XXL","isPartOf":{"@id":"https:\/\/marktxxl.de\/markt\/#website"},"primaryImageOfPage":{"@id":"https:\/\/marktxxl.de\/markt\/produkt\/20-stueck-aluminium-leer-doeschen-rund-reise-cremedose-tiegel-fuer-creme-lotion-masken-kosmetik-nagelkunst%ef%bc%8820ml%ef%bc%89\/#primaryimage"},"image":{"@id":"https:\/\/marktxxl.de\/markt\/produkt\/20-stueck-aluminium-leer-doeschen-rund-reise-cremedose-tiegel-fuer-creme-lotion-masken-kosmetik-nagelkunst%ef%bc%8820ml%ef%bc%89\/#primaryimage"},"thumbnailUrl":"https:\/\/m.media-amazon.com\/images\/I\/51DezPi2JFL._SL500_.jpg","datePublished":"2022-11-11T06:17:38+00:00","dateModified":"2023-04-11T02:51:13+00:00","description":"Markt-XXL 20 St\u00fcck Aluminium Leer D\u00f6schen Rund Reise Cremedose Tiegel f\u00fcr Creme Lotion Masken Kosmetik Nagelkunst\uff0820ml\uff09","breadcrumb":{"@id":"https:\/\/marktxxl.de\/markt\/produkt\/20-stueck-aluminium-leer-doeschen-rund-reise-cremedose-tiegel-fuer-creme-lotion-masken-kosmetik-nagelkunst%ef%bc%8820ml%ef%bc%89\/#breadcrumb"},"inLanguage":"de","potentialAction":[{"@type":"ReadAction","target":["https:\/\/marktxxl.de\/markt\/produkt\/20-stueck-aluminium-leer-doeschen-rund-reise-cremedose-tiegel-fuer-creme-lotion-masken-kosmetik-nagelkunst%ef%bc%8820ml%ef%bc%89\/"]}]},{"@type":"ImageObject","inLanguage":"de","@id":"https:\/\/marktxxl.de\/markt\/produkt\/20-stueck-aluminium-leer-doeschen-rund-reise-cremedose-tiegel-fuer-creme-lotion-masken-kosmetik-nagelkunst%ef%bc%8820ml%ef%bc%89\/#primaryimage","url":"https:\/\/m.media-amazon.com\/images\/I\/51DezPi2JFL._SL500_.jpg","contentUrl":"https:\/\/m.media-amazon.com\/images\/I\/51DezPi2JFL._SL500_.jpg","width":500,"height":500},{"@type":"BreadcrumbList","@id":"https:\/\/marktxxl.de\/markt\/produkt\/20-stueck-aluminium-leer-doeschen-rund-reise-cremedose-tiegel-fuer-creme-lotion-masken-kosmetik-nagelkunst%ef%bc%8820ml%ef%bc%89\/#breadcrumb","itemListElement":[{"@type":"ListItem","position":1,"name":"Startseite","item":"https:\/\/marktxxl.de\/markt\/"},{"@type":"ListItem","position":2,"name":"Markt","item":"https:\/\/marktxxl.de\/markt\/"},{"@type":"ListItem","position":3,"name":"20 St\u00fcck Aluminium Leer D\u00f6schen Rund Reise Cremedose Tiegel f\u00fcr Creme Lotion Masken Kosmetik Nagelkunst\uff0820ml\uff09"}]},{"@type":"WebSite","@id":"https:\/\/marktxxl.de\/markt\/#website","url":"https:\/\/marktxxl.de\/markt\/","name":"Markt-XXL","description":"Ihr Markt Online","publisher":{"@id":"https:\/\/marktxxl.de\/markt\/#organization"},"potentialAction":[{"@type":"SearchAction","target":{"@type":"EntryPoint","urlTemplate":"https:\/\/marktxxl.de\/markt\/?s={search_term_string}"},"query-input":{"@type":"PropertyValueSpecification","valueRequired":true,"valueName":"search_term_string"}}],"inLanguage":"de"},{"@type":"Organization","@id":"https:\/\/marktxxl.de\/markt\/#organization","name":"Markt-XXL","url":"https:\/\/marktxxl.de\/markt\/","logo":{"@type":"ImageObject","inLanguage":"de","@id":"https:\/\/marktxxl.de\/markt\/#\/schema\/logo\/image\/","url":"https:\/\/marktxxl.de\/markt\/wp-content\/uploads\/sites\/3\/2020\/12\/logo.png","contentUrl":"https:\/\/marktxxl.de\/markt\/wp-content\/uploads\/sites\/3\/2020\/12\/logo.png","width":200,"height":70,"caption":"Markt-XXL"},"image":{"@id":"https:\/\/marktxxl.de\/markt\/#\/schema\/logo\/image\/"}}]}},"_links":{"self":[{"href":"https:\/\/marktxxl.de\/markt\/wp-json\/wp\/v2\/product\/165816","targetHints":{"allow":["GET"]}}],"collection":[{"href":"https:\/\/marktxxl.de\/markt\/wp-json\/wp\/v2\/product"}],"about":[{"href":"https:\/\/marktxxl.de\/markt\/wp-json\/wp\/v2\/types\/product"}],"replies":[{"embeddable":true,"href":"https:\/\/marktxxl.de\/markt\/wp-json\/wp\/v2\/comments?post=165816"}],"wp:featuredmedia":[{"embeddable":true,"href":"https:\/\/marktxxl.de\/markt\/wp-json\/wp\/v2\/media\/165817"}],"wp:attachment":[{"href":"https:\/\/marktxxl.de\/markt\/wp-json\/wp\/v2\/media?parent=165816"}],"wp:term":[{"taxonomy":"product_brand","embeddable":true,"href":"https:\/\/marktxxl.de\/markt\/wp-json\/wp\/v2\/product_brand?post=165816"},{"taxonomy":"product_cat","embeddable":true,"href":"https:\/\/marktxxl.de\/markt\/wp-json\/wp\/v2\/product_cat?post=165816"},{"taxonomy":"product_tag","embeddable":true,"href":"https:\/\/marktxxl.de\/markt\/wp-json\/wp\/v2\/product_tag?post=165816"}],"curies":[{"name":"wp","href":"https:\/\/api.w.org\/{rel}","templated":true}]}}