{"id":165805,"date":"2022-11-11T07:17:17","date_gmt":"2022-11-11T06:17:17","guid":{"rendered":"https:\/\/marktxxl.de\/markt\/produkt\/neonail-uv-nagellack-rubber-base-manicure-pedicure-72-ml\/"},"modified":"2023-04-11T04:51:13","modified_gmt":"2023-04-11T02:51:13","slug":"neonail-uv-nagellack-rubber-base-manicure-pedicure-72-ml","status":"publish","type":"product","link":"https:\/\/marktxxl.de\/markt\/produkt\/neonail-uv-nagellack-rubber-base-manicure-pedicure-72-ml\/","title":{"rendered":"NEONAIL UV Nagellack Rubber Base Manicure &amp; Pedicure 7,2 ml"},"content":{"rendered":"<p>Entdecke die Neuheit von NEONAIL, die deine Manik\u00fcre auf ein neues Level hebt \u2013 hier ist die Rubber Base, eine Base mit tollen Eigenschaften, die dir das Nageldesign erleichtern. Sie zeichnet sich durch eine hohe Flexibilit\u00e4t aus, wodurch sie sich dem Naturnagel perfekt anpasst.<br \/>\nDie Rubber Base eignet sich sowohl f\u00fcr die Manik\u00fcre als auch f\u00fcr die Pedik\u00fcre. \u00dcberzeuge dich davon, warum sie so besonders ist!<br \/>\nWarum du die Rubber Base Manicure&amp;Pedicure lieb gewinnen wirst: Mitteldicke Konsistenz, die das Auftragen erleichtert; Pflegende Eigenschaften, da die Base mit Vitamin B3, Kollagen, Baumwoll- und Sojamilchproteinen angereichert ist;<br \/>\nIdeale Formel f\u00fcr d\u00fcnne, \u00fcberstrapazierte und br\u00fcchige N\u00e4gel; Hervorragende Haftung ohne Primer; Naturnagelverst\u00e4rkung, sie eignet sich f\u00fcr den Aufbau der Nagelplatte und die Verl\u00e4ngerung bis zu 4 mm; Einfache Anwendung \u2013 ein kurzer, konturierter Pinsel l\u00e4sst das Produkt schnell auftragen;<br \/>\nZeitersparnis \u2013 bei einem Refill wird die Rubber Base nur aufgef\u00fcllt, ohne die Altmodellage von den N\u00e4geln entfernen zu m\u00fcssen<br \/>\n<div class=\"main-cross-sell\" data-asin=\"B09CD5KC8S\">\n\n\t<div class=\"WooZone-cross-sell-loader\">\n\t\t<div>\n\t\t\t<div id=\"floatingBarsG\">\n\t\t\t\t<div class=\"blockG\" id=\"rotateG_01\"><\/div>\n\t\t\t\t<div class=\"blockG\" id=\"rotateG_02\"><\/div>\n\t\t\t\t<div class=\"blockG\" id=\"rotateG_03\"><\/div>\n\t\t\t\t<div class=\"blockG\" id=\"rotateG_04\"><\/div>\n\t\t\t\t<div class=\"blockG\" id=\"rotateG_05\"><\/div>\n\t\t\t\t<div class=\"blockG\" id=\"rotateG_06\"><\/div>\n\t\t\t\t<div class=\"blockG\" id=\"rotateG_07\"><\/div>\n\t\t\t\t<div class=\"blockG\" id=\"rotateG_08\"><\/div>\n\t\t\t<\/div>\n\t\t\t<div class=\"WooZone-cross-sell-loader-text\"><\/div>\n\t\t<\/div>\n\t<\/div>\n\n\t\t\n<\/div>\n<div style=\"clear:both;\"><\/div><\/p>\n","protected":false},"excerpt":{"rendered":"<p>Entdecke die Neuheit von NEONAIL, die deine Manik\u00fcre auf ein neues Level hebt \u2013 hier ist die Rubber Base, eine Base mit tollen Eigenschaften, die dir das Nageldesign erleichtern. Sie zeichnet sich durch eine hohe Flexibilit\u00e4t aus, wodurch sie sich dem Naturnagel perfekt anpasst.<br \/>\nDie Rubber Base eignet sich sowohl f\u00fcr die Manik\u00fcre als auch f\u00fcr die Pedik\u00fcre. \u00dcberzeuge dich davon, warum sie so besonders ist!<br \/>\nWarum du die Rubber Base Manicure&amp;Pedicure lieb gewinnen wirst: Mitteldicke Konsistenz, die das Auftragen erleichtert; Pflegende Eigenschaften, da die Base mit Vitamin B3, Kollagen, Baumwoll- und Sojamilchproteinen angereichert ist;<\/p>\n","protected":false},"featured_media":165806,"comment_status":"open","ping_status":"closed","template":"","meta":[],"product_brand":[],"product_cat":[2858,7659],"product_tag":[],"class_list":{"0":"post-165805","1":"product","2":"type-product","3":"status-publish","4":"has-post-thumbnail","6":"product_cat-beauty","7":"product_cat-manikuere-pedikuere","8":"pa_binding-badartikel","9":"pa_brand-neonail","10":"pa_languages-audiodeskription-arabisch","11":"pa_manufacturer-neonail","12":"pa_size-7-2-ml-1er-pack","14":"first","15":"instock","16":"shipping-taxable","17":"purchasable","18":"product-type-simple","19":"customify-col","20":"product-has-gallery"},"yoast_head":"<!-- This site is optimized with the Yoast SEO plugin v27.3 - https:\/\/yoast.com\/product\/yoast-seo-wordpress\/ -->\n<title>NEONAIL UV Nagellack Rubber Base Manicure &amp; Pedicure 7,2 ml - Markt-XXL<\/title>\n<meta name=\"description\" content=\"Markt-XXL NEONAIL UV Nagellack Rubber Base Manicure &amp; Pedicure 7,2 ml\" \/>\n<meta name=\"robots\" content=\"index, follow, max-snippet:-1, max-image-preview:large, max-video-preview:-1\" \/>\n<link rel=\"canonical\" href=\"https:\/\/marktxxl.de\/markt\/produkt\/neonail-uv-nagellack-rubber-base-manicure-pedicure-72-ml\/\" \/>\n<meta property=\"og:locale\" content=\"de_DE\" \/>\n<meta property=\"og:type\" content=\"article\" \/>\n<meta property=\"og:title\" content=\"NEONAIL UV Nagellack Rubber Base Manicure &amp; Pedicure 7,2 ml - Markt-XXL\" \/>\n<meta property=\"og:description\" content=\"Markt-XXL NEONAIL UV Nagellack Rubber Base Manicure &amp; Pedicure 7,2 ml\" \/>\n<meta property=\"og:url\" content=\"https:\/\/marktxxl.de\/markt\/produkt\/neonail-uv-nagellack-rubber-base-manicure-pedicure-72-ml\/\" \/>\n<meta property=\"og:site_name\" content=\"Markt-XXL\" \/>\n<meta property=\"article:modified_time\" content=\"2023-04-11T02:51:13+00:00\" \/>\n<meta property=\"og:image\" content=\"https:\/\/m.media-amazon.com\/images\/I\/31IIzUzXeDL._SL500_.jpg\" \/>\n\t<meta property=\"og:image:width\" content=\"500\" \/>\n\t<meta property=\"og:image:height\" content=\"500\" \/>\n\t<meta property=\"og:image:type\" content=\"image\/jpeg\" \/>\n<meta name=\"twitter:card\" content=\"summary_large_image\" \/>\n<meta name=\"twitter:label1\" content=\"Gesch\u00e4tzte Lesezeit\" \/>\n\t<meta name=\"twitter:data1\" content=\"1\u00a0Minute\" \/>\n<script type=\"application\/ld+json\" class=\"yoast-schema-graph\">{\"@context\":\"https:\\\/\\\/schema.org\",\"@graph\":[{\"@type\":\"WebPage\",\"@id\":\"https:\\\/\\\/marktxxl.de\\\/markt\\\/produkt\\\/neonail-uv-nagellack-rubber-base-manicure-pedicure-72-ml\\\/\",\"url\":\"https:\\\/\\\/marktxxl.de\\\/markt\\\/produkt\\\/neonail-uv-nagellack-rubber-base-manicure-pedicure-72-ml\\\/\",\"name\":\"NEONAIL UV Nagellack Rubber Base Manicure &amp; Pedicure 7,2 ml - Markt-XXL\",\"isPartOf\":{\"@id\":\"https:\\\/\\\/marktxxl.de\\\/markt\\\/#website\"},\"primaryImageOfPage\":{\"@id\":\"https:\\\/\\\/marktxxl.de\\\/markt\\\/produkt\\\/neonail-uv-nagellack-rubber-base-manicure-pedicure-72-ml\\\/#primaryimage\"},\"image\":{\"@id\":\"https:\\\/\\\/marktxxl.de\\\/markt\\\/produkt\\\/neonail-uv-nagellack-rubber-base-manicure-pedicure-72-ml\\\/#primaryimage\"},\"thumbnailUrl\":\"https:\\\/\\\/m.media-amazon.com\\\/images\\\/I\\\/31IIzUzXeDL._SL500_.jpg\",\"datePublished\":\"2022-11-11T06:17:17+00:00\",\"dateModified\":\"2023-04-11T02:51:13+00:00\",\"description\":\"Markt-XXL NEONAIL UV Nagellack Rubber Base Manicure &amp; Pedicure 7,2 ml\",\"breadcrumb\":{\"@id\":\"https:\\\/\\\/marktxxl.de\\\/markt\\\/produkt\\\/neonail-uv-nagellack-rubber-base-manicure-pedicure-72-ml\\\/#breadcrumb\"},\"inLanguage\":\"de\",\"potentialAction\":[{\"@type\":\"ReadAction\",\"target\":[\"https:\\\/\\\/marktxxl.de\\\/markt\\\/produkt\\\/neonail-uv-nagellack-rubber-base-manicure-pedicure-72-ml\\\/\"]}]},{\"@type\":\"ImageObject\",\"inLanguage\":\"de\",\"@id\":\"https:\\\/\\\/marktxxl.de\\\/markt\\\/produkt\\\/neonail-uv-nagellack-rubber-base-manicure-pedicure-72-ml\\\/#primaryimage\",\"url\":\"https:\\\/\\\/m.media-amazon.com\\\/images\\\/I\\\/31IIzUzXeDL._SL500_.jpg\",\"contentUrl\":\"https:\\\/\\\/m.media-amazon.com\\\/images\\\/I\\\/31IIzUzXeDL._SL500_.jpg\",\"width\":500,\"height\":500},{\"@type\":\"BreadcrumbList\",\"@id\":\"https:\\\/\\\/marktxxl.de\\\/markt\\\/produkt\\\/neonail-uv-nagellack-rubber-base-manicure-pedicure-72-ml\\\/#breadcrumb\",\"itemListElement\":[{\"@type\":\"ListItem\",\"position\":1,\"name\":\"Startseite\",\"item\":\"https:\\\/\\\/marktxxl.de\\\/markt\\\/\"},{\"@type\":\"ListItem\",\"position\":2,\"name\":\"Markt\",\"item\":\"https:\\\/\\\/marktxxl.de\\\/markt\\\/\"},{\"@type\":\"ListItem\",\"position\":3,\"name\":\"NEONAIL UV Nagellack Rubber Base Manicure &amp; Pedicure 7,2 ml\"}]},{\"@type\":\"WebSite\",\"@id\":\"https:\\\/\\\/marktxxl.de\\\/markt\\\/#website\",\"url\":\"https:\\\/\\\/marktxxl.de\\\/markt\\\/\",\"name\":\"Markt-XXL\",\"description\":\"Ihr Markt Online\",\"publisher\":{\"@id\":\"https:\\\/\\\/marktxxl.de\\\/markt\\\/#organization\"},\"potentialAction\":[{\"@type\":\"SearchAction\",\"target\":{\"@type\":\"EntryPoint\",\"urlTemplate\":\"https:\\\/\\\/marktxxl.de\\\/markt\\\/?s={search_term_string}\"},\"query-input\":{\"@type\":\"PropertyValueSpecification\",\"valueRequired\":true,\"valueName\":\"search_term_string\"}}],\"inLanguage\":\"de\"},{\"@type\":\"Organization\",\"@id\":\"https:\\\/\\\/marktxxl.de\\\/markt\\\/#organization\",\"name\":\"Markt-XXL\",\"url\":\"https:\\\/\\\/marktxxl.de\\\/markt\\\/\",\"logo\":{\"@type\":\"ImageObject\",\"inLanguage\":\"de\",\"@id\":\"https:\\\/\\\/marktxxl.de\\\/markt\\\/#\\\/schema\\\/logo\\\/image\\\/\",\"url\":\"https:\\\/\\\/marktxxl.de\\\/markt\\\/wp-content\\\/uploads\\\/sites\\\/3\\\/2020\\\/12\\\/logo.png\",\"contentUrl\":\"https:\\\/\\\/marktxxl.de\\\/markt\\\/wp-content\\\/uploads\\\/sites\\\/3\\\/2020\\\/12\\\/logo.png\",\"width\":200,\"height\":70,\"caption\":\"Markt-XXL\"},\"image\":{\"@id\":\"https:\\\/\\\/marktxxl.de\\\/markt\\\/#\\\/schema\\\/logo\\\/image\\\/\"}}]}<\/script>\n<!-- \/ Yoast SEO plugin. -->","yoast_head_json":{"title":"NEONAIL UV Nagellack Rubber Base Manicure &amp; Pedicure 7,2 ml - Markt-XXL","description":"Markt-XXL NEONAIL UV Nagellack Rubber Base Manicure &amp; Pedicure 7,2 ml","robots":{"index":"index","follow":"follow","max-snippet":"max-snippet:-1","max-image-preview":"max-image-preview:large","max-video-preview":"max-video-preview:-1"},"canonical":"https:\/\/marktxxl.de\/markt\/produkt\/neonail-uv-nagellack-rubber-base-manicure-pedicure-72-ml\/","og_locale":"de_DE","og_type":"article","og_title":"NEONAIL UV Nagellack Rubber Base Manicure &amp; Pedicure 7,2 ml - Markt-XXL","og_description":"Markt-XXL NEONAIL UV Nagellack Rubber Base Manicure &amp; Pedicure 7,2 ml","og_url":"https:\/\/marktxxl.de\/markt\/produkt\/neonail-uv-nagellack-rubber-base-manicure-pedicure-72-ml\/","og_site_name":"Markt-XXL","article_modified_time":"2023-04-11T02:51:13+00:00","og_image":[{"width":500,"height":500,"url":"https:\/\/m.media-amazon.com\/images\/I\/31IIzUzXeDL._SL500_.jpg","type":"image\/jpeg"}],"twitter_card":"summary_large_image","twitter_misc":{"Gesch\u00e4tzte Lesezeit":"1\u00a0Minute"},"schema":{"@context":"https:\/\/schema.org","@graph":[{"@type":"WebPage","@id":"https:\/\/marktxxl.de\/markt\/produkt\/neonail-uv-nagellack-rubber-base-manicure-pedicure-72-ml\/","url":"https:\/\/marktxxl.de\/markt\/produkt\/neonail-uv-nagellack-rubber-base-manicure-pedicure-72-ml\/","name":"NEONAIL UV Nagellack Rubber Base Manicure &amp; Pedicure 7,2 ml - Markt-XXL","isPartOf":{"@id":"https:\/\/marktxxl.de\/markt\/#website"},"primaryImageOfPage":{"@id":"https:\/\/marktxxl.de\/markt\/produkt\/neonail-uv-nagellack-rubber-base-manicure-pedicure-72-ml\/#primaryimage"},"image":{"@id":"https:\/\/marktxxl.de\/markt\/produkt\/neonail-uv-nagellack-rubber-base-manicure-pedicure-72-ml\/#primaryimage"},"thumbnailUrl":"https:\/\/m.media-amazon.com\/images\/I\/31IIzUzXeDL._SL500_.jpg","datePublished":"2022-11-11T06:17:17+00:00","dateModified":"2023-04-11T02:51:13+00:00","description":"Markt-XXL NEONAIL UV Nagellack Rubber Base Manicure &amp; Pedicure 7,2 ml","breadcrumb":{"@id":"https:\/\/marktxxl.de\/markt\/produkt\/neonail-uv-nagellack-rubber-base-manicure-pedicure-72-ml\/#breadcrumb"},"inLanguage":"de","potentialAction":[{"@type":"ReadAction","target":["https:\/\/marktxxl.de\/markt\/produkt\/neonail-uv-nagellack-rubber-base-manicure-pedicure-72-ml\/"]}]},{"@type":"ImageObject","inLanguage":"de","@id":"https:\/\/marktxxl.de\/markt\/produkt\/neonail-uv-nagellack-rubber-base-manicure-pedicure-72-ml\/#primaryimage","url":"https:\/\/m.media-amazon.com\/images\/I\/31IIzUzXeDL._SL500_.jpg","contentUrl":"https:\/\/m.media-amazon.com\/images\/I\/31IIzUzXeDL._SL500_.jpg","width":500,"height":500},{"@type":"BreadcrumbList","@id":"https:\/\/marktxxl.de\/markt\/produkt\/neonail-uv-nagellack-rubber-base-manicure-pedicure-72-ml\/#breadcrumb","itemListElement":[{"@type":"ListItem","position":1,"name":"Startseite","item":"https:\/\/marktxxl.de\/markt\/"},{"@type":"ListItem","position":2,"name":"Markt","item":"https:\/\/marktxxl.de\/markt\/"},{"@type":"ListItem","position":3,"name":"NEONAIL UV Nagellack Rubber Base Manicure &amp; Pedicure 7,2 ml"}]},{"@type":"WebSite","@id":"https:\/\/marktxxl.de\/markt\/#website","url":"https:\/\/marktxxl.de\/markt\/","name":"Markt-XXL","description":"Ihr Markt Online","publisher":{"@id":"https:\/\/marktxxl.de\/markt\/#organization"},"potentialAction":[{"@type":"SearchAction","target":{"@type":"EntryPoint","urlTemplate":"https:\/\/marktxxl.de\/markt\/?s={search_term_string}"},"query-input":{"@type":"PropertyValueSpecification","valueRequired":true,"valueName":"search_term_string"}}],"inLanguage":"de"},{"@type":"Organization","@id":"https:\/\/marktxxl.de\/markt\/#organization","name":"Markt-XXL","url":"https:\/\/marktxxl.de\/markt\/","logo":{"@type":"ImageObject","inLanguage":"de","@id":"https:\/\/marktxxl.de\/markt\/#\/schema\/logo\/image\/","url":"https:\/\/marktxxl.de\/markt\/wp-content\/uploads\/sites\/3\/2020\/12\/logo.png","contentUrl":"https:\/\/marktxxl.de\/markt\/wp-content\/uploads\/sites\/3\/2020\/12\/logo.png","width":200,"height":70,"caption":"Markt-XXL"},"image":{"@id":"https:\/\/marktxxl.de\/markt\/#\/schema\/logo\/image\/"}}]}},"_links":{"self":[{"href":"https:\/\/marktxxl.de\/markt\/wp-json\/wp\/v2\/product\/165805","targetHints":{"allow":["GET"]}}],"collection":[{"href":"https:\/\/marktxxl.de\/markt\/wp-json\/wp\/v2\/product"}],"about":[{"href":"https:\/\/marktxxl.de\/markt\/wp-json\/wp\/v2\/types\/product"}],"replies":[{"embeddable":true,"href":"https:\/\/marktxxl.de\/markt\/wp-json\/wp\/v2\/comments?post=165805"}],"wp:featuredmedia":[{"embeddable":true,"href":"https:\/\/marktxxl.de\/markt\/wp-json\/wp\/v2\/media\/165806"}],"wp:attachment":[{"href":"https:\/\/marktxxl.de\/markt\/wp-json\/wp\/v2\/media?parent=165805"}],"wp:term":[{"taxonomy":"product_brand","embeddable":true,"href":"https:\/\/marktxxl.de\/markt\/wp-json\/wp\/v2\/product_brand?post=165805"},{"taxonomy":"product_cat","embeddable":true,"href":"https:\/\/marktxxl.de\/markt\/wp-json\/wp\/v2\/product_cat?post=165805"},{"taxonomy":"product_tag","embeddable":true,"href":"https:\/\/marktxxl.de\/markt\/wp-json\/wp\/v2\/product_tag?post=165805"}],"curies":[{"name":"wp","href":"https:\/\/api.w.org\/{rel}","templated":true}]}}