{"id":165777,"date":"2022-11-11T07:16:35","date_gmt":"2022-11-11T06:16:35","guid":{"rendered":"https:\/\/marktxxl.de\/markt\/produkt\/nagelfraeser-electribrite-nagelfeile-fuer-acryl-gel-und-naturnaegel-20000u-min-einstellbarer-geschwindigkeit-gelnaegel-pedikuereset-elektrisch-fuer-den-hobbynagler-nagelstudio-und-diy-manikuer\/"},"modified":"2023-04-11T04:51:13","modified_gmt":"2023-04-11T02:51:13","slug":"nagelfraeser-electribrite-nagelfeile-fuer-acryl-gel-und-naturnaegel-20000u-min-einstellbarer-geschwindigkeit-gelnaegel-pedikuereset-elektrisch-fuer-den-hobbynagler-nagelstudio-und-diy-manikuer","status":"publish","type":"product","link":"https:\/\/marktxxl.de\/markt\/produkt\/nagelfraeser-electribrite-nagelfeile-fuer-acryl-gel-und-naturnaegel-20000u-min-einstellbarer-geschwindigkeit-gelnaegel-pedikuereset-elektrisch-fuer-den-hobbynagler-nagelstudio-und-diy-manikuer\/","title":{"rendered":"Nagelfr\u00e4ser, ElectriBrite Nagelfeile f\u00fcr Acryl-, Gel- und Naturn\u00e4gel 20000u\/Min einstellbarer Geschwindigkeit, Geln\u00e4gel\u2026"},"content":{"rendered":"<p>\u2765 \u3010Multi-Funktionen\u3011 Elektrische Nagelfr\u00e4ser professionell f\u00fcr Acryl-, Gel- und Naturn\u00e4gel. 6 St\u00fcck Bits, 36 Schleifb\u00e4nder und ein Acryl Nagelknipser, mit dem richtige Aufsatz behandet man die verschiedenen Problemzonen ( Hornhaut, Schwielen, H\u00fchneraugen, Hyperkeratose Nagellack entfernen, Gelacryln\u00e4gel abfeilen und so weiter)<br \/>\n\u2765 \u3010Wiederaufladbares USB-Design und einstellbare Geschwindigkeit\u3011Diese Nagelfeile ben\u00f6tigt keine Batterien, es wird mit dem beigelegten Ladekabel aufgeladen. Mittels Zwei Drehrichtungen einfach durch Dr\u00fccken der Vorw\u00e4rts- und R\u00fcckw\u00e4rts-Taste steuern sowie verschiedene Geschwindigkeitsstufen, die Geschwindigkeit per Dreh Regler am Kabel regeln l\u00e4sst.<br \/>\n\u2765 \u3010Langlebig und Ruhig\u3011Geringe Vibration, geringe Hitze und geringe Ger\u00e4uschentwicklung, mit einem hochwertigen, sto\u00dfd\u00e4mpfenden Lager und einem Pr\u00e4zisionsmotor mit 20000 U \/ min ausgestattet, extrem leise und geschmeidig zu arbeiten, ohne Vibrationen zu verursachen, und eine Aluminiumlegierungsschale abzuk\u00fchlen.<br \/>\n\u2765 \u3010Tragbar\u3011Das Nagelfr\u00e4ser set ist leicht, einfach in Ihre Handtasche, Ihr Gep\u00e4ck und so weiterr, bequem \u00fcberall hin mitnehmen und Manik\u00fcre,Pedik\u00fcre ganz bequem zu Hause.<br \/>\n\u2765 \u3010Einfach zu verwenden\u3011Die Funktionen und die kleinen Aufs\u00e4tze sind kurz in einer Anleitung erl\u00e4utert. Man ist da sehr schnell drin umd kommt mit dem Ger\u00e4t gut klar. Au\u00dferdem liegt gut in der Hand.<br \/>\n<div class=\"main-cross-sell\" data-asin=\"B081L231PK\">\n\n\t<div class=\"WooZone-cross-sell-loader\">\n\t\t<div>\n\t\t\t<div id=\"floatingBarsG\">\n\t\t\t\t<div class=\"blockG\" id=\"rotateG_01\"><\/div>\n\t\t\t\t<div class=\"blockG\" id=\"rotateG_02\"><\/div>\n\t\t\t\t<div class=\"blockG\" id=\"rotateG_03\"><\/div>\n\t\t\t\t<div class=\"blockG\" id=\"rotateG_04\"><\/div>\n\t\t\t\t<div class=\"blockG\" id=\"rotateG_05\"><\/div>\n\t\t\t\t<div class=\"blockG\" id=\"rotateG_06\"><\/div>\n\t\t\t\t<div class=\"blockG\" id=\"rotateG_07\"><\/div>\n\t\t\t\t<div class=\"blockG\" id=\"rotateG_08\"><\/div>\n\t\t\t<\/div>\n\t\t\t<div class=\"WooZone-cross-sell-loader-text\"><\/div>\n\t\t<\/div>\n\t<\/div>\n\n\t\t\n<\/div>\n<div style=\"clear:both;\"><\/div><\/p>\n","protected":false},"excerpt":{"rendered":"<p>\u2765 \u3010Multi-Funktionen\u3011 Elektrische Nagelfr\u00e4ser professionell f\u00fcr Acryl-, Gel- und Naturn\u00e4gel. 6 St\u00fcck Bits, 36 Schleifb\u00e4nder und ein Acryl Nagelknipser, mit dem richtige Aufsatz behandet man die verschiedenen Problemzonen ( Hornhaut, Schwielen, H\u00fchneraugen, Hyperkeratose Nagellack entfernen, Gelacryln\u00e4gel abfeilen und so weiter)<br \/>\n\u2765 \u3010Wiederaufladbares USB-Design und einstellbare Geschwindigkeit\u3011Diese Nagelfeile ben\u00f6tigt keine Batterien, es wird mit dem beigelegten Ladekabel aufgeladen. Mittels Zwei Drehrichtungen einfach durch Dr\u00fccken der Vorw\u00e4rts- und R\u00fcckw\u00e4rts-Taste steuern sowie verschiedene Geschwindigkeitsstufen, die Geschwindigkeit per Dreh Regler am Kabel regeln l\u00e4sst.<br \/>\n\u2765 \u3010Langlebig und Ruhig\u3011Geringe Vibration, geringe Hitze und geringe Ger\u00e4uschentwicklung, mit einem hochwertigen, sto\u00dfd\u00e4mpfenden Lager und einem Pr\u00e4zisionsmotor mit 20000 U \/ min ausgestattet, extrem leise und geschmeidig zu arbeiten, ohne Vibrationen zu verursachen, und eine Aluminiumlegierungsschale abzuk\u00fchlen.<\/p>\n","protected":false},"featured_media":165778,"comment_status":"open","ping_status":"closed","template":"","meta":[],"product_brand":[],"product_cat":[2858,7659],"product_tag":[],"class_list":{"0":"post-165777","1":"product","2":"type-product","3":"status-publish","4":"has-post-thumbnail","6":"product_cat-beauty","7":"product_cat-manikuere-pedikuere","8":"pa_binding-misc","9":"pa_brand-electribrite","10":"pa_color-grau","11":"pa_height-3-93700787-zoll","12":"pa_languages-unbekannt-deutsch","13":"pa_length-7-9527558974-zoll","14":"pa_manufacturer-electribrite","15":"pa_size-44-stueck-1er-pack","16":"pa_weight-0-661386786-pfund","17":"pa_width-0-787401574-zoll","19":"first","20":"instock","21":"shipping-taxable","22":"purchasable","23":"product-type-simple","24":"customify-col","25":"product-has-gallery"},"yoast_head":"<!-- This site is optimized with the Yoast SEO plugin v27.4 - https:\/\/yoast.com\/product\/yoast-seo-wordpress\/ -->\n<title>Nagelfr\u00e4ser, ElectriBrite Nagelfeile f\u00fcr Acryl-, Gel- und Naturn\u00e4gel 20000u\/Min einstellbarer Geschwindigkeit, Geln\u00e4gel\u2026 - Markt-XXL<\/title>\n<meta name=\"description\" content=\"Markt-XXL Nagelfr\u00e4ser, ElectriBrite Nagelfeile f\u00fcr Acryl-, Gel- und Naturn\u00e4gel 20000u\/Min einstellbarer Geschwindigkeit, Geln\u00e4gel\u2026\" \/>\n<meta name=\"robots\" content=\"index, follow, max-snippet:-1, max-image-preview:large, max-video-preview:-1\" \/>\n<link rel=\"canonical\" href=\"https:\/\/marktxxl.de\/markt\/produkt\/nagelfraeser-electribrite-nagelfeile-fuer-acryl-gel-und-naturnaegel-20000u-min-einstellbarer-geschwindigkeit-gelnaegel-pedikuereset-elektrisch-fuer-den-hobbynagler-nagelstudio-und-diy-manikuer\/\" \/>\n<meta property=\"og:locale\" content=\"de_DE\" \/>\n<meta property=\"og:type\" content=\"article\" \/>\n<meta property=\"og:title\" content=\"Nagelfr\u00e4ser, ElectriBrite Nagelfeile f\u00fcr Acryl-, Gel- und Naturn\u00e4gel 20000u\/Min einstellbarer Geschwindigkeit, Geln\u00e4gel\u2026 - Markt-XXL\" \/>\n<meta property=\"og:description\" content=\"Markt-XXL Nagelfr\u00e4ser, ElectriBrite Nagelfeile f\u00fcr Acryl-, Gel- und Naturn\u00e4gel 20000u\/Min einstellbarer Geschwindigkeit, Geln\u00e4gel\u2026\" \/>\n<meta property=\"og:url\" content=\"https:\/\/marktxxl.de\/markt\/produkt\/nagelfraeser-electribrite-nagelfeile-fuer-acryl-gel-und-naturnaegel-20000u-min-einstellbarer-geschwindigkeit-gelnaegel-pedikuereset-elektrisch-fuer-den-hobbynagler-nagelstudio-und-diy-manikuer\/\" \/>\n<meta property=\"og:site_name\" content=\"Markt-XXL\" \/>\n<meta property=\"article:modified_time\" content=\"2023-04-11T02:51:13+00:00\" \/>\n<meta property=\"og:image\" content=\"https:\/\/m.media-amazon.com\/images\/I\/41Um8bB6VkL._SL500_.jpg\" \/>\n\t<meta property=\"og:image:width\" content=\"500\" \/>\n\t<meta property=\"og:image:height\" content=\"500\" \/>\n\t<meta property=\"og:image:type\" content=\"image\/jpeg\" \/>\n<meta name=\"twitter:card\" content=\"summary_large_image\" \/>\n<meta name=\"twitter:label1\" content=\"Gesch\u00e4tzte Lesezeit\" \/>\n\t<meta name=\"twitter:data1\" content=\"1\u00a0Minute\" \/>\n<script type=\"application\/ld+json\" class=\"yoast-schema-graph\">{\"@context\":\"https:\\\/\\\/schema.org\",\"@graph\":[{\"@type\":\"WebPage\",\"@id\":\"https:\\\/\\\/marktxxl.de\\\/markt\\\/produkt\\\/nagelfraeser-electribrite-nagelfeile-fuer-acryl-gel-und-naturnaegel-20000u-min-einstellbarer-geschwindigkeit-gelnaegel-pedikuereset-elektrisch-fuer-den-hobbynagler-nagelstudio-und-diy-manikuer\\\/\",\"url\":\"https:\\\/\\\/marktxxl.de\\\/markt\\\/produkt\\\/nagelfraeser-electribrite-nagelfeile-fuer-acryl-gel-und-naturnaegel-20000u-min-einstellbarer-geschwindigkeit-gelnaegel-pedikuereset-elektrisch-fuer-den-hobbynagler-nagelstudio-und-diy-manikuer\\\/\",\"name\":\"Nagelfr\u00e4ser, ElectriBrite Nagelfeile f\u00fcr Acryl-, Gel- und Naturn\u00e4gel 20000u\\\/Min einstellbarer Geschwindigkeit, Geln\u00e4gel\u2026 - Markt-XXL\",\"isPartOf\":{\"@id\":\"https:\\\/\\\/marktxxl.de\\\/markt\\\/#website\"},\"primaryImageOfPage\":{\"@id\":\"https:\\\/\\\/marktxxl.de\\\/markt\\\/produkt\\\/nagelfraeser-electribrite-nagelfeile-fuer-acryl-gel-und-naturnaegel-20000u-min-einstellbarer-geschwindigkeit-gelnaegel-pedikuereset-elektrisch-fuer-den-hobbynagler-nagelstudio-und-diy-manikuer\\\/#primaryimage\"},\"image\":{\"@id\":\"https:\\\/\\\/marktxxl.de\\\/markt\\\/produkt\\\/nagelfraeser-electribrite-nagelfeile-fuer-acryl-gel-und-naturnaegel-20000u-min-einstellbarer-geschwindigkeit-gelnaegel-pedikuereset-elektrisch-fuer-den-hobbynagler-nagelstudio-und-diy-manikuer\\\/#primaryimage\"},\"thumbnailUrl\":\"https:\\\/\\\/m.media-amazon.com\\\/images\\\/I\\\/41Um8bB6VkL._SL500_.jpg\",\"datePublished\":\"2022-11-11T06:16:35+00:00\",\"dateModified\":\"2023-04-11T02:51:13+00:00\",\"description\":\"Markt-XXL Nagelfr\u00e4ser, ElectriBrite Nagelfeile f\u00fcr Acryl-, Gel- und Naturn\u00e4gel 20000u\\\/Min einstellbarer Geschwindigkeit, Geln\u00e4gel\u2026\",\"breadcrumb\":{\"@id\":\"https:\\\/\\\/marktxxl.de\\\/markt\\\/produkt\\\/nagelfraeser-electribrite-nagelfeile-fuer-acryl-gel-und-naturnaegel-20000u-min-einstellbarer-geschwindigkeit-gelnaegel-pedikuereset-elektrisch-fuer-den-hobbynagler-nagelstudio-und-diy-manikuer\\\/#breadcrumb\"},\"inLanguage\":\"de\",\"potentialAction\":[{\"@type\":\"ReadAction\",\"target\":[\"https:\\\/\\\/marktxxl.de\\\/markt\\\/produkt\\\/nagelfraeser-electribrite-nagelfeile-fuer-acryl-gel-und-naturnaegel-20000u-min-einstellbarer-geschwindigkeit-gelnaegel-pedikuereset-elektrisch-fuer-den-hobbynagler-nagelstudio-und-diy-manikuer\\\/\"]}]},{\"@type\":\"ImageObject\",\"inLanguage\":\"de\",\"@id\":\"https:\\\/\\\/marktxxl.de\\\/markt\\\/produkt\\\/nagelfraeser-electribrite-nagelfeile-fuer-acryl-gel-und-naturnaegel-20000u-min-einstellbarer-geschwindigkeit-gelnaegel-pedikuereset-elektrisch-fuer-den-hobbynagler-nagelstudio-und-diy-manikuer\\\/#primaryimage\",\"url\":\"https:\\\/\\\/m.media-amazon.com\\\/images\\\/I\\\/41Um8bB6VkL._SL500_.jpg\",\"contentUrl\":\"https:\\\/\\\/m.media-amazon.com\\\/images\\\/I\\\/41Um8bB6VkL._SL500_.jpg\",\"width\":500,\"height\":500},{\"@type\":\"BreadcrumbList\",\"@id\":\"https:\\\/\\\/marktxxl.de\\\/markt\\\/produkt\\\/nagelfraeser-electribrite-nagelfeile-fuer-acryl-gel-und-naturnaegel-20000u-min-einstellbarer-geschwindigkeit-gelnaegel-pedikuereset-elektrisch-fuer-den-hobbynagler-nagelstudio-und-diy-manikuer\\\/#breadcrumb\",\"itemListElement\":[{\"@type\":\"ListItem\",\"position\":1,\"name\":\"Startseite\",\"item\":\"https:\\\/\\\/marktxxl.de\\\/markt\\\/\"},{\"@type\":\"ListItem\",\"position\":2,\"name\":\"Markt\",\"item\":\"https:\\\/\\\/marktxxl.de\\\/markt\\\/\"},{\"@type\":\"ListItem\",\"position\":3,\"name\":\"Nagelfr\u00e4ser, ElectriBrite Nagelfeile f\u00fcr Acryl-, Gel- und Naturn\u00e4gel 20000u\\\/Min einstellbarer Geschwindigkeit, Geln\u00e4gel\u2026\"}]},{\"@type\":\"WebSite\",\"@id\":\"https:\\\/\\\/marktxxl.de\\\/markt\\\/#website\",\"url\":\"https:\\\/\\\/marktxxl.de\\\/markt\\\/\",\"name\":\"Markt-XXL\",\"description\":\"Ihr Markt Online\",\"publisher\":{\"@id\":\"https:\\\/\\\/marktxxl.de\\\/markt\\\/#organization\"},\"potentialAction\":[{\"@type\":\"SearchAction\",\"target\":{\"@type\":\"EntryPoint\",\"urlTemplate\":\"https:\\\/\\\/marktxxl.de\\\/markt\\\/?s={search_term_string}\"},\"query-input\":{\"@type\":\"PropertyValueSpecification\",\"valueRequired\":true,\"valueName\":\"search_term_string\"}}],\"inLanguage\":\"de\"},{\"@type\":\"Organization\",\"@id\":\"https:\\\/\\\/marktxxl.de\\\/markt\\\/#organization\",\"name\":\"Markt-XXL\",\"url\":\"https:\\\/\\\/marktxxl.de\\\/markt\\\/\",\"logo\":{\"@type\":\"ImageObject\",\"inLanguage\":\"de\",\"@id\":\"https:\\\/\\\/marktxxl.de\\\/markt\\\/#\\\/schema\\\/logo\\\/image\\\/\",\"url\":\"https:\\\/\\\/marktxxl.de\\\/markt\\\/wp-content\\\/uploads\\\/sites\\\/3\\\/2020\\\/12\\\/logo.png\",\"contentUrl\":\"https:\\\/\\\/marktxxl.de\\\/markt\\\/wp-content\\\/uploads\\\/sites\\\/3\\\/2020\\\/12\\\/logo.png\",\"width\":200,\"height\":70,\"caption\":\"Markt-XXL\"},\"image\":{\"@id\":\"https:\\\/\\\/marktxxl.de\\\/markt\\\/#\\\/schema\\\/logo\\\/image\\\/\"}}]}<\/script>\n<!-- \/ Yoast SEO plugin. -->","yoast_head_json":{"title":"Nagelfr\u00e4ser, ElectriBrite Nagelfeile f\u00fcr Acryl-, Gel- und Naturn\u00e4gel 20000u\/Min einstellbarer Geschwindigkeit, Geln\u00e4gel\u2026 - Markt-XXL","description":"Markt-XXL Nagelfr\u00e4ser, ElectriBrite Nagelfeile f\u00fcr Acryl-, Gel- und Naturn\u00e4gel 20000u\/Min einstellbarer Geschwindigkeit, Geln\u00e4gel\u2026","robots":{"index":"index","follow":"follow","max-snippet":"max-snippet:-1","max-image-preview":"max-image-preview:large","max-video-preview":"max-video-preview:-1"},"canonical":"https:\/\/marktxxl.de\/markt\/produkt\/nagelfraeser-electribrite-nagelfeile-fuer-acryl-gel-und-naturnaegel-20000u-min-einstellbarer-geschwindigkeit-gelnaegel-pedikuereset-elektrisch-fuer-den-hobbynagler-nagelstudio-und-diy-manikuer\/","og_locale":"de_DE","og_type":"article","og_title":"Nagelfr\u00e4ser, ElectriBrite Nagelfeile f\u00fcr Acryl-, Gel- und Naturn\u00e4gel 20000u\/Min einstellbarer Geschwindigkeit, Geln\u00e4gel\u2026 - Markt-XXL","og_description":"Markt-XXL Nagelfr\u00e4ser, ElectriBrite Nagelfeile f\u00fcr Acryl-, Gel- und Naturn\u00e4gel 20000u\/Min einstellbarer Geschwindigkeit, Geln\u00e4gel\u2026","og_url":"https:\/\/marktxxl.de\/markt\/produkt\/nagelfraeser-electribrite-nagelfeile-fuer-acryl-gel-und-naturnaegel-20000u-min-einstellbarer-geschwindigkeit-gelnaegel-pedikuereset-elektrisch-fuer-den-hobbynagler-nagelstudio-und-diy-manikuer\/","og_site_name":"Markt-XXL","article_modified_time":"2023-04-11T02:51:13+00:00","og_image":[{"width":500,"height":500,"url":"https:\/\/m.media-amazon.com\/images\/I\/41Um8bB6VkL._SL500_.jpg","type":"image\/jpeg"}],"twitter_card":"summary_large_image","twitter_misc":{"Gesch\u00e4tzte Lesezeit":"1\u00a0Minute"},"schema":{"@context":"https:\/\/schema.org","@graph":[{"@type":"WebPage","@id":"https:\/\/marktxxl.de\/markt\/produkt\/nagelfraeser-electribrite-nagelfeile-fuer-acryl-gel-und-naturnaegel-20000u-min-einstellbarer-geschwindigkeit-gelnaegel-pedikuereset-elektrisch-fuer-den-hobbynagler-nagelstudio-und-diy-manikuer\/","url":"https:\/\/marktxxl.de\/markt\/produkt\/nagelfraeser-electribrite-nagelfeile-fuer-acryl-gel-und-naturnaegel-20000u-min-einstellbarer-geschwindigkeit-gelnaegel-pedikuereset-elektrisch-fuer-den-hobbynagler-nagelstudio-und-diy-manikuer\/","name":"Nagelfr\u00e4ser, ElectriBrite Nagelfeile f\u00fcr Acryl-, Gel- und Naturn\u00e4gel 20000u\/Min einstellbarer Geschwindigkeit, Geln\u00e4gel\u2026 - Markt-XXL","isPartOf":{"@id":"https:\/\/marktxxl.de\/markt\/#website"},"primaryImageOfPage":{"@id":"https:\/\/marktxxl.de\/markt\/produkt\/nagelfraeser-electribrite-nagelfeile-fuer-acryl-gel-und-naturnaegel-20000u-min-einstellbarer-geschwindigkeit-gelnaegel-pedikuereset-elektrisch-fuer-den-hobbynagler-nagelstudio-und-diy-manikuer\/#primaryimage"},"image":{"@id":"https:\/\/marktxxl.de\/markt\/produkt\/nagelfraeser-electribrite-nagelfeile-fuer-acryl-gel-und-naturnaegel-20000u-min-einstellbarer-geschwindigkeit-gelnaegel-pedikuereset-elektrisch-fuer-den-hobbynagler-nagelstudio-und-diy-manikuer\/#primaryimage"},"thumbnailUrl":"https:\/\/m.media-amazon.com\/images\/I\/41Um8bB6VkL._SL500_.jpg","datePublished":"2022-11-11T06:16:35+00:00","dateModified":"2023-04-11T02:51:13+00:00","description":"Markt-XXL Nagelfr\u00e4ser, ElectriBrite Nagelfeile f\u00fcr Acryl-, Gel- und Naturn\u00e4gel 20000u\/Min einstellbarer Geschwindigkeit, Geln\u00e4gel\u2026","breadcrumb":{"@id":"https:\/\/marktxxl.de\/markt\/produkt\/nagelfraeser-electribrite-nagelfeile-fuer-acryl-gel-und-naturnaegel-20000u-min-einstellbarer-geschwindigkeit-gelnaegel-pedikuereset-elektrisch-fuer-den-hobbynagler-nagelstudio-und-diy-manikuer\/#breadcrumb"},"inLanguage":"de","potentialAction":[{"@type":"ReadAction","target":["https:\/\/marktxxl.de\/markt\/produkt\/nagelfraeser-electribrite-nagelfeile-fuer-acryl-gel-und-naturnaegel-20000u-min-einstellbarer-geschwindigkeit-gelnaegel-pedikuereset-elektrisch-fuer-den-hobbynagler-nagelstudio-und-diy-manikuer\/"]}]},{"@type":"ImageObject","inLanguage":"de","@id":"https:\/\/marktxxl.de\/markt\/produkt\/nagelfraeser-electribrite-nagelfeile-fuer-acryl-gel-und-naturnaegel-20000u-min-einstellbarer-geschwindigkeit-gelnaegel-pedikuereset-elektrisch-fuer-den-hobbynagler-nagelstudio-und-diy-manikuer\/#primaryimage","url":"https:\/\/m.media-amazon.com\/images\/I\/41Um8bB6VkL._SL500_.jpg","contentUrl":"https:\/\/m.media-amazon.com\/images\/I\/41Um8bB6VkL._SL500_.jpg","width":500,"height":500},{"@type":"BreadcrumbList","@id":"https:\/\/marktxxl.de\/markt\/produkt\/nagelfraeser-electribrite-nagelfeile-fuer-acryl-gel-und-naturnaegel-20000u-min-einstellbarer-geschwindigkeit-gelnaegel-pedikuereset-elektrisch-fuer-den-hobbynagler-nagelstudio-und-diy-manikuer\/#breadcrumb","itemListElement":[{"@type":"ListItem","position":1,"name":"Startseite","item":"https:\/\/marktxxl.de\/markt\/"},{"@type":"ListItem","position":2,"name":"Markt","item":"https:\/\/marktxxl.de\/markt\/"},{"@type":"ListItem","position":3,"name":"Nagelfr\u00e4ser, ElectriBrite Nagelfeile f\u00fcr Acryl-, Gel- und Naturn\u00e4gel 20000u\/Min einstellbarer Geschwindigkeit, Geln\u00e4gel\u2026"}]},{"@type":"WebSite","@id":"https:\/\/marktxxl.de\/markt\/#website","url":"https:\/\/marktxxl.de\/markt\/","name":"Markt-XXL","description":"Ihr Markt Online","publisher":{"@id":"https:\/\/marktxxl.de\/markt\/#organization"},"potentialAction":[{"@type":"SearchAction","target":{"@type":"EntryPoint","urlTemplate":"https:\/\/marktxxl.de\/markt\/?s={search_term_string}"},"query-input":{"@type":"PropertyValueSpecification","valueRequired":true,"valueName":"search_term_string"}}],"inLanguage":"de"},{"@type":"Organization","@id":"https:\/\/marktxxl.de\/markt\/#organization","name":"Markt-XXL","url":"https:\/\/marktxxl.de\/markt\/","logo":{"@type":"ImageObject","inLanguage":"de","@id":"https:\/\/marktxxl.de\/markt\/#\/schema\/logo\/image\/","url":"https:\/\/marktxxl.de\/markt\/wp-content\/uploads\/sites\/3\/2020\/12\/logo.png","contentUrl":"https:\/\/marktxxl.de\/markt\/wp-content\/uploads\/sites\/3\/2020\/12\/logo.png","width":200,"height":70,"caption":"Markt-XXL"},"image":{"@id":"https:\/\/marktxxl.de\/markt\/#\/schema\/logo\/image\/"}}]}},"_links":{"self":[{"href":"https:\/\/marktxxl.de\/markt\/wp-json\/wp\/v2\/product\/165777","targetHints":{"allow":["GET"]}}],"collection":[{"href":"https:\/\/marktxxl.de\/markt\/wp-json\/wp\/v2\/product"}],"about":[{"href":"https:\/\/marktxxl.de\/markt\/wp-json\/wp\/v2\/types\/product"}],"replies":[{"embeddable":true,"href":"https:\/\/marktxxl.de\/markt\/wp-json\/wp\/v2\/comments?post=165777"}],"wp:featuredmedia":[{"embeddable":true,"href":"https:\/\/marktxxl.de\/markt\/wp-json\/wp\/v2\/media\/165778"}],"wp:attachment":[{"href":"https:\/\/marktxxl.de\/markt\/wp-json\/wp\/v2\/media?parent=165777"}],"wp:term":[{"taxonomy":"product_brand","embeddable":true,"href":"https:\/\/marktxxl.de\/markt\/wp-json\/wp\/v2\/product_brand?post=165777"},{"taxonomy":"product_cat","embeddable":true,"href":"https:\/\/marktxxl.de\/markt\/wp-json\/wp\/v2\/product_cat?post=165777"},{"taxonomy":"product_tag","embeddable":true,"href":"https:\/\/marktxxl.de\/markt\/wp-json\/wp\/v2\/product_tag?post=165777"}],"curies":[{"name":"wp","href":"https:\/\/api.w.org\/{rel}","templated":true}]}}