{"id":165649,"date":"2022-11-11T07:10:57","date_gmt":"2022-11-11T06:10:57","guid":{"rendered":"https:\/\/marktxxl.de\/markt\/produkt\/tassenbrennerei-tasse-mit-spruch-wenn-opa-es-nicht-reparieren-kann-spuelmaschinenfest-geschenk-fuer-opa\/"},"modified":"2023-04-11T04:51:11","modified_gmt":"2023-04-11T02:51:11","slug":"tassenbrennerei-tasse-mit-spruch-wenn-opa-es-nicht-reparieren-kann-spuelmaschinenfest-geschenk-fuer-opa","status":"publish","type":"product","link":"https:\/\/marktxxl.de\/markt\/produkt\/tassenbrennerei-tasse-mit-spruch-wenn-opa-es-nicht-reparieren-kann-spuelmaschinenfest-geschenk-fuer-opa\/","title":{"rendered":"Tassenbrennerei Tasse mit Spruch Wenn Opa es Nicht Reparieren kann &#8211; Geburtagsgeschenk, Geschenk f\u00fcr Opa, Gro\u00dfeltern\u2026"},"content":{"rendered":"<p>\ud83d\udc9fWir geben zwei Jahre Garantie auf den Druck unserer Opa Spr\u00fcche Tasse. \u2705Sp\u00fclmaschinenfest \u2705Mikrowellenfest \u2705 hohe Langlebigkeit und Farbbrillanz. \u2705Durchmesser: 80mm, H\u00f6he: 96mm \u2705Fassungsverm\u00f6gen: 330ml<br \/>\n\ud83d\udc9fIn Deutschland mit Liebe gestaltet und in Handarbeit bedruckt. \u2705Motiv beidseitig bedruckt. \u2705Unsere Becher sind nicht nur ein Accessoire sondern k\u00f6nnen auch in der Gastronomie oder Hotel eingesetzt werden.<br \/>\n\ud83d\udc9fIdeales Geschenk f\u00fcr Opa, den besten Opa der Welt. Schenke deinem Gro\u00dfvater diese sch\u00f6ne Tasse zu Weihnachten als Weihnachtsgeschenk oder zum Geburtstag als Geburtstagsgeschenk.<br \/>\n\ud83d\udc9fPers\u00f6nliche, originelle und lustige Geschenke f\u00fcr Opa und Gro\u00dfeltern kommen immer gut an, auch am Vatertag hat doch auch dein Opa ein Geschenk verdient.<br \/>\n\ud83d\udc9fUnsere Kaffeebecher schm\u00fccken jeden Schreibtisch im B\u00fcro oder den E\u00dfzimmertisch. Unsere Spr\u00fcche Tassen machen Morgen f\u00fcr Morgen Spa\u00df, Freude und lassen den Kaffee gleich besser schmecken. Immer eine sch\u00f6ne Geschenkidee.<br \/>\n<div class=\"main-cross-sell\" data-asin=\"B07HYBR95J\">\n\n\t<div class=\"WooZone-cross-sell-loader\">\n\t\t<div>\n\t\t\t<div id=\"floatingBarsG\">\n\t\t\t\t<div class=\"blockG\" id=\"rotateG_01\"><\/div>\n\t\t\t\t<div class=\"blockG\" id=\"rotateG_02\"><\/div>\n\t\t\t\t<div class=\"blockG\" id=\"rotateG_03\"><\/div>\n\t\t\t\t<div class=\"blockG\" id=\"rotateG_04\"><\/div>\n\t\t\t\t<div class=\"blockG\" id=\"rotateG_05\"><\/div>\n\t\t\t\t<div class=\"blockG\" id=\"rotateG_06\"><\/div>\n\t\t\t\t<div class=\"blockG\" id=\"rotateG_07\"><\/div>\n\t\t\t\t<div class=\"blockG\" id=\"rotateG_08\"><\/div>\n\t\t\t<\/div>\n\t\t\t<div class=\"WooZone-cross-sell-loader-text\"><\/div>\n\t\t<\/div>\n\t<\/div>\n\n\t\t\n<\/div>\n<div style=\"clear:both;\"><\/div><\/p>\n","protected":false},"excerpt":{"rendered":"<p>\ud83d\udc9fWir geben zwei Jahre Garantie auf den Druck unserer Opa Spr\u00fcche Tasse. \u2705Sp\u00fclmaschinenfest \u2705Mikrowellenfest \u2705 hohe Langlebigkeit und Farbbrillanz. \u2705Durchmesser: 80mm, H\u00f6he: 96mm \u2705Fassungsverm\u00f6gen: 330ml<br \/>\n\ud83d\udc9fIn Deutschland mit Liebe gestaltet und in Handarbeit bedruckt. \u2705Motiv beidseitig bedruckt. \u2705Unsere Becher sind nicht nur ein Accessoire sondern k\u00f6nnen auch in der Gastronomie oder Hotel eingesetzt werden.<br \/>\n\ud83d\udc9fIdeales Geschenk f\u00fcr Opa, den besten Opa der Welt. Schenke deinem Gro\u00dfvater diese sch\u00f6ne Tasse zu Weihnachten als Weihnachtsgeschenk oder zum Geburtstag als Geburtstagsgeschenk.<\/p>\n","protected":false},"featured_media":165650,"comment_status":"open","ping_status":"closed","template":"","meta":[],"product_brand":[],"product_cat":[2108,15622],"product_tag":[],"class_list":{"0":"post-165649","1":"product","2":"type-product","3":"status-publish","4":"has-post-thumbnail","6":"product_cat-beleuchtung","7":"product_cat-lichterketten","8":"pa_brand-tassenbrennerei","9":"pa_manufacturer-tassenbrennerei","10":"pa_weight-0-7495716908-pounds","12":"first","13":"instock","14":"shipping-taxable","15":"purchasable","16":"product-type-simple","17":"customify-col","18":"product-has-gallery"},"yoast_head":"<!-- This site is optimized with the Yoast SEO plugin v27.4 - https:\/\/yoast.com\/product\/yoast-seo-wordpress\/ -->\n<title>Tassenbrennerei Tasse mit Spruch Wenn Opa es Nicht Reparieren kann - Geburtagsgeschenk, Geschenk f\u00fcr Opa, Gro\u00dfeltern\u2026 - Markt-XXL<\/title>\n<meta name=\"description\" content=\"Markt-XXL Tassenbrennerei Tasse mit Spruch Wenn Opa es Nicht Reparieren kann - Geburtagsgeschenk, Geschenk f\u00fcr Opa, Gro\u00dfeltern\u2026\" \/>\n<meta name=\"robots\" content=\"index, follow, max-snippet:-1, max-image-preview:large, max-video-preview:-1\" \/>\n<link rel=\"canonical\" href=\"https:\/\/marktxxl.de\/markt\/produkt\/tassenbrennerei-tasse-mit-spruch-wenn-opa-es-nicht-reparieren-kann-spuelmaschinenfest-geschenk-fuer-opa\/\" \/>\n<meta property=\"og:locale\" content=\"de_DE\" \/>\n<meta property=\"og:type\" content=\"article\" \/>\n<meta property=\"og:title\" content=\"Tassenbrennerei Tasse mit Spruch Wenn Opa es Nicht Reparieren kann - Geburtagsgeschenk, Geschenk f\u00fcr Opa, Gro\u00dfeltern\u2026 - Markt-XXL\" \/>\n<meta property=\"og:description\" content=\"Markt-XXL Tassenbrennerei Tasse mit Spruch Wenn Opa es Nicht Reparieren kann - Geburtagsgeschenk, Geschenk f\u00fcr Opa, Gro\u00dfeltern\u2026\" \/>\n<meta property=\"og:url\" content=\"https:\/\/marktxxl.de\/markt\/produkt\/tassenbrennerei-tasse-mit-spruch-wenn-opa-es-nicht-reparieren-kann-spuelmaschinenfest-geschenk-fuer-opa\/\" \/>\n<meta property=\"og:site_name\" content=\"Markt-XXL\" \/>\n<meta property=\"article:modified_time\" content=\"2023-04-11T02:51:11+00:00\" \/>\n<meta property=\"og:image\" content=\"https:\/\/m.media-amazon.com\/images\/I\/41fVdzi55ZL._SL500_.jpg\" \/>\n\t<meta property=\"og:image:width\" content=\"500\" \/>\n\t<meta property=\"og:image:height\" content=\"500\" \/>\n\t<meta property=\"og:image:type\" content=\"image\/jpeg\" \/>\n<meta name=\"twitter:card\" content=\"summary_large_image\" \/>\n<meta name=\"twitter:label1\" content=\"Gesch\u00e4tzte Lesezeit\" \/>\n\t<meta name=\"twitter:data1\" content=\"1\u00a0Minute\" \/>\n<script type=\"application\/ld+json\" class=\"yoast-schema-graph\">{\"@context\":\"https:\\\/\\\/schema.org\",\"@graph\":[{\"@type\":\"WebPage\",\"@id\":\"https:\\\/\\\/marktxxl.de\\\/markt\\\/produkt\\\/tassenbrennerei-tasse-mit-spruch-wenn-opa-es-nicht-reparieren-kann-spuelmaschinenfest-geschenk-fuer-opa\\\/\",\"url\":\"https:\\\/\\\/marktxxl.de\\\/markt\\\/produkt\\\/tassenbrennerei-tasse-mit-spruch-wenn-opa-es-nicht-reparieren-kann-spuelmaschinenfest-geschenk-fuer-opa\\\/\",\"name\":\"Tassenbrennerei Tasse mit Spruch Wenn Opa es Nicht Reparieren kann - Geburtagsgeschenk, Geschenk f\u00fcr Opa, Gro\u00dfeltern\u2026 - Markt-XXL\",\"isPartOf\":{\"@id\":\"https:\\\/\\\/marktxxl.de\\\/markt\\\/#website\"},\"primaryImageOfPage\":{\"@id\":\"https:\\\/\\\/marktxxl.de\\\/markt\\\/produkt\\\/tassenbrennerei-tasse-mit-spruch-wenn-opa-es-nicht-reparieren-kann-spuelmaschinenfest-geschenk-fuer-opa\\\/#primaryimage\"},\"image\":{\"@id\":\"https:\\\/\\\/marktxxl.de\\\/markt\\\/produkt\\\/tassenbrennerei-tasse-mit-spruch-wenn-opa-es-nicht-reparieren-kann-spuelmaschinenfest-geschenk-fuer-opa\\\/#primaryimage\"},\"thumbnailUrl\":\"https:\\\/\\\/m.media-amazon.com\\\/images\\\/I\\\/41fVdzi55ZL._SL500_.jpg\",\"datePublished\":\"2022-11-11T06:10:57+00:00\",\"dateModified\":\"2023-04-11T02:51:11+00:00\",\"description\":\"Markt-XXL Tassenbrennerei Tasse mit Spruch Wenn Opa es Nicht Reparieren kann - Geburtagsgeschenk, Geschenk f\u00fcr Opa, Gro\u00dfeltern\u2026\",\"breadcrumb\":{\"@id\":\"https:\\\/\\\/marktxxl.de\\\/markt\\\/produkt\\\/tassenbrennerei-tasse-mit-spruch-wenn-opa-es-nicht-reparieren-kann-spuelmaschinenfest-geschenk-fuer-opa\\\/#breadcrumb\"},\"inLanguage\":\"de\",\"potentialAction\":[{\"@type\":\"ReadAction\",\"target\":[\"https:\\\/\\\/marktxxl.de\\\/markt\\\/produkt\\\/tassenbrennerei-tasse-mit-spruch-wenn-opa-es-nicht-reparieren-kann-spuelmaschinenfest-geschenk-fuer-opa\\\/\"]}]},{\"@type\":\"ImageObject\",\"inLanguage\":\"de\",\"@id\":\"https:\\\/\\\/marktxxl.de\\\/markt\\\/produkt\\\/tassenbrennerei-tasse-mit-spruch-wenn-opa-es-nicht-reparieren-kann-spuelmaschinenfest-geschenk-fuer-opa\\\/#primaryimage\",\"url\":\"https:\\\/\\\/m.media-amazon.com\\\/images\\\/I\\\/41fVdzi55ZL._SL500_.jpg\",\"contentUrl\":\"https:\\\/\\\/m.media-amazon.com\\\/images\\\/I\\\/41fVdzi55ZL._SL500_.jpg\",\"width\":500,\"height\":500},{\"@type\":\"BreadcrumbList\",\"@id\":\"https:\\\/\\\/marktxxl.de\\\/markt\\\/produkt\\\/tassenbrennerei-tasse-mit-spruch-wenn-opa-es-nicht-reparieren-kann-spuelmaschinenfest-geschenk-fuer-opa\\\/#breadcrumb\",\"itemListElement\":[{\"@type\":\"ListItem\",\"position\":1,\"name\":\"Startseite\",\"item\":\"https:\\\/\\\/marktxxl.de\\\/markt\\\/\"},{\"@type\":\"ListItem\",\"position\":2,\"name\":\"Markt\",\"item\":\"https:\\\/\\\/marktxxl.de\\\/markt\\\/\"},{\"@type\":\"ListItem\",\"position\":3,\"name\":\"Tassenbrennerei Tasse mit Spruch Wenn Opa es Nicht Reparieren kann &#8211; Geburtagsgeschenk, Geschenk f\u00fcr Opa, Gro\u00dfeltern\u2026\"}]},{\"@type\":\"WebSite\",\"@id\":\"https:\\\/\\\/marktxxl.de\\\/markt\\\/#website\",\"url\":\"https:\\\/\\\/marktxxl.de\\\/markt\\\/\",\"name\":\"Markt-XXL\",\"description\":\"Ihr Markt Online\",\"publisher\":{\"@id\":\"https:\\\/\\\/marktxxl.de\\\/markt\\\/#organization\"},\"potentialAction\":[{\"@type\":\"SearchAction\",\"target\":{\"@type\":\"EntryPoint\",\"urlTemplate\":\"https:\\\/\\\/marktxxl.de\\\/markt\\\/?s={search_term_string}\"},\"query-input\":{\"@type\":\"PropertyValueSpecification\",\"valueRequired\":true,\"valueName\":\"search_term_string\"}}],\"inLanguage\":\"de\"},{\"@type\":\"Organization\",\"@id\":\"https:\\\/\\\/marktxxl.de\\\/markt\\\/#organization\",\"name\":\"Markt-XXL\",\"url\":\"https:\\\/\\\/marktxxl.de\\\/markt\\\/\",\"logo\":{\"@type\":\"ImageObject\",\"inLanguage\":\"de\",\"@id\":\"https:\\\/\\\/marktxxl.de\\\/markt\\\/#\\\/schema\\\/logo\\\/image\\\/\",\"url\":\"https:\\\/\\\/marktxxl.de\\\/markt\\\/wp-content\\\/uploads\\\/sites\\\/3\\\/2020\\\/12\\\/logo.png\",\"contentUrl\":\"https:\\\/\\\/marktxxl.de\\\/markt\\\/wp-content\\\/uploads\\\/sites\\\/3\\\/2020\\\/12\\\/logo.png\",\"width\":200,\"height\":70,\"caption\":\"Markt-XXL\"},\"image\":{\"@id\":\"https:\\\/\\\/marktxxl.de\\\/markt\\\/#\\\/schema\\\/logo\\\/image\\\/\"}}]}<\/script>\n<!-- \/ Yoast SEO plugin. -->","yoast_head_json":{"title":"Tassenbrennerei Tasse mit Spruch Wenn Opa es Nicht Reparieren kann - Geburtagsgeschenk, Geschenk f\u00fcr Opa, Gro\u00dfeltern\u2026 - Markt-XXL","description":"Markt-XXL Tassenbrennerei Tasse mit Spruch Wenn Opa es Nicht Reparieren kann - Geburtagsgeschenk, Geschenk f\u00fcr Opa, Gro\u00dfeltern\u2026","robots":{"index":"index","follow":"follow","max-snippet":"max-snippet:-1","max-image-preview":"max-image-preview:large","max-video-preview":"max-video-preview:-1"},"canonical":"https:\/\/marktxxl.de\/markt\/produkt\/tassenbrennerei-tasse-mit-spruch-wenn-opa-es-nicht-reparieren-kann-spuelmaschinenfest-geschenk-fuer-opa\/","og_locale":"de_DE","og_type":"article","og_title":"Tassenbrennerei Tasse mit Spruch Wenn Opa es Nicht Reparieren kann - Geburtagsgeschenk, Geschenk f\u00fcr Opa, Gro\u00dfeltern\u2026 - Markt-XXL","og_description":"Markt-XXL Tassenbrennerei Tasse mit Spruch Wenn Opa es Nicht Reparieren kann - Geburtagsgeschenk, Geschenk f\u00fcr Opa, Gro\u00dfeltern\u2026","og_url":"https:\/\/marktxxl.de\/markt\/produkt\/tassenbrennerei-tasse-mit-spruch-wenn-opa-es-nicht-reparieren-kann-spuelmaschinenfest-geschenk-fuer-opa\/","og_site_name":"Markt-XXL","article_modified_time":"2023-04-11T02:51:11+00:00","og_image":[{"width":500,"height":500,"url":"https:\/\/m.media-amazon.com\/images\/I\/41fVdzi55ZL._SL500_.jpg","type":"image\/jpeg"}],"twitter_card":"summary_large_image","twitter_misc":{"Gesch\u00e4tzte Lesezeit":"1\u00a0Minute"},"schema":{"@context":"https:\/\/schema.org","@graph":[{"@type":"WebPage","@id":"https:\/\/marktxxl.de\/markt\/produkt\/tassenbrennerei-tasse-mit-spruch-wenn-opa-es-nicht-reparieren-kann-spuelmaschinenfest-geschenk-fuer-opa\/","url":"https:\/\/marktxxl.de\/markt\/produkt\/tassenbrennerei-tasse-mit-spruch-wenn-opa-es-nicht-reparieren-kann-spuelmaschinenfest-geschenk-fuer-opa\/","name":"Tassenbrennerei Tasse mit Spruch Wenn Opa es Nicht Reparieren kann - Geburtagsgeschenk, Geschenk f\u00fcr Opa, Gro\u00dfeltern\u2026 - Markt-XXL","isPartOf":{"@id":"https:\/\/marktxxl.de\/markt\/#website"},"primaryImageOfPage":{"@id":"https:\/\/marktxxl.de\/markt\/produkt\/tassenbrennerei-tasse-mit-spruch-wenn-opa-es-nicht-reparieren-kann-spuelmaschinenfest-geschenk-fuer-opa\/#primaryimage"},"image":{"@id":"https:\/\/marktxxl.de\/markt\/produkt\/tassenbrennerei-tasse-mit-spruch-wenn-opa-es-nicht-reparieren-kann-spuelmaschinenfest-geschenk-fuer-opa\/#primaryimage"},"thumbnailUrl":"https:\/\/m.media-amazon.com\/images\/I\/41fVdzi55ZL._SL500_.jpg","datePublished":"2022-11-11T06:10:57+00:00","dateModified":"2023-04-11T02:51:11+00:00","description":"Markt-XXL Tassenbrennerei Tasse mit Spruch Wenn Opa es Nicht Reparieren kann - Geburtagsgeschenk, Geschenk f\u00fcr Opa, Gro\u00dfeltern\u2026","breadcrumb":{"@id":"https:\/\/marktxxl.de\/markt\/produkt\/tassenbrennerei-tasse-mit-spruch-wenn-opa-es-nicht-reparieren-kann-spuelmaschinenfest-geschenk-fuer-opa\/#breadcrumb"},"inLanguage":"de","potentialAction":[{"@type":"ReadAction","target":["https:\/\/marktxxl.de\/markt\/produkt\/tassenbrennerei-tasse-mit-spruch-wenn-opa-es-nicht-reparieren-kann-spuelmaschinenfest-geschenk-fuer-opa\/"]}]},{"@type":"ImageObject","inLanguage":"de","@id":"https:\/\/marktxxl.de\/markt\/produkt\/tassenbrennerei-tasse-mit-spruch-wenn-opa-es-nicht-reparieren-kann-spuelmaschinenfest-geschenk-fuer-opa\/#primaryimage","url":"https:\/\/m.media-amazon.com\/images\/I\/41fVdzi55ZL._SL500_.jpg","contentUrl":"https:\/\/m.media-amazon.com\/images\/I\/41fVdzi55ZL._SL500_.jpg","width":500,"height":500},{"@type":"BreadcrumbList","@id":"https:\/\/marktxxl.de\/markt\/produkt\/tassenbrennerei-tasse-mit-spruch-wenn-opa-es-nicht-reparieren-kann-spuelmaschinenfest-geschenk-fuer-opa\/#breadcrumb","itemListElement":[{"@type":"ListItem","position":1,"name":"Startseite","item":"https:\/\/marktxxl.de\/markt\/"},{"@type":"ListItem","position":2,"name":"Markt","item":"https:\/\/marktxxl.de\/markt\/"},{"@type":"ListItem","position":3,"name":"Tassenbrennerei Tasse mit Spruch Wenn Opa es Nicht Reparieren kann &#8211; Geburtagsgeschenk, Geschenk f\u00fcr Opa, Gro\u00dfeltern\u2026"}]},{"@type":"WebSite","@id":"https:\/\/marktxxl.de\/markt\/#website","url":"https:\/\/marktxxl.de\/markt\/","name":"Markt-XXL","description":"Ihr Markt Online","publisher":{"@id":"https:\/\/marktxxl.de\/markt\/#organization"},"potentialAction":[{"@type":"SearchAction","target":{"@type":"EntryPoint","urlTemplate":"https:\/\/marktxxl.de\/markt\/?s={search_term_string}"},"query-input":{"@type":"PropertyValueSpecification","valueRequired":true,"valueName":"search_term_string"}}],"inLanguage":"de"},{"@type":"Organization","@id":"https:\/\/marktxxl.de\/markt\/#organization","name":"Markt-XXL","url":"https:\/\/marktxxl.de\/markt\/","logo":{"@type":"ImageObject","inLanguage":"de","@id":"https:\/\/marktxxl.de\/markt\/#\/schema\/logo\/image\/","url":"https:\/\/marktxxl.de\/markt\/wp-content\/uploads\/sites\/3\/2020\/12\/logo.png","contentUrl":"https:\/\/marktxxl.de\/markt\/wp-content\/uploads\/sites\/3\/2020\/12\/logo.png","width":200,"height":70,"caption":"Markt-XXL"},"image":{"@id":"https:\/\/marktxxl.de\/markt\/#\/schema\/logo\/image\/"}}]}},"_links":{"self":[{"href":"https:\/\/marktxxl.de\/markt\/wp-json\/wp\/v2\/product\/165649","targetHints":{"allow":["GET"]}}],"collection":[{"href":"https:\/\/marktxxl.de\/markt\/wp-json\/wp\/v2\/product"}],"about":[{"href":"https:\/\/marktxxl.de\/markt\/wp-json\/wp\/v2\/types\/product"}],"replies":[{"embeddable":true,"href":"https:\/\/marktxxl.de\/markt\/wp-json\/wp\/v2\/comments?post=165649"}],"wp:featuredmedia":[{"embeddable":true,"href":"https:\/\/marktxxl.de\/markt\/wp-json\/wp\/v2\/media\/165650"}],"wp:attachment":[{"href":"https:\/\/marktxxl.de\/markt\/wp-json\/wp\/v2\/media?parent=165649"}],"wp:term":[{"taxonomy":"product_brand","embeddable":true,"href":"https:\/\/marktxxl.de\/markt\/wp-json\/wp\/v2\/product_brand?post=165649"},{"taxonomy":"product_cat","embeddable":true,"href":"https:\/\/marktxxl.de\/markt\/wp-json\/wp\/v2\/product_cat?post=165649"},{"taxonomy":"product_tag","embeddable":true,"href":"https:\/\/marktxxl.de\/markt\/wp-json\/wp\/v2\/product_tag?post=165649"}],"curies":[{"name":"wp","href":"https:\/\/api.w.org\/{rel}","templated":true}]}}