{"id":165624,"date":"2022-11-11T07:08:12","date_gmt":"2022-11-11T06:08:12","guid":{"rendered":"https:\/\/marktxxl.de\/markt\/produkt\/life-is-good-damen-crusher-vee-t-shirt-french-daisy-crusher-vee-blumen\/"},"modified":"2023-04-10T04:59:11","modified_gmt":"2023-04-10T02:59:11","slug":"life-is-good-damen-crusher-vee-t-shirt-french-daisy-crusher-vee-blumen","status":"publish","type":"product","link":"https:\/\/marktxxl.de\/markt\/produkt\/life-is-good-damen-crusher-vee-t-shirt-french-daisy-crusher-vee-blumen\/","title":{"rendered":"Life Is Good Damen Crusher Vee T-Shirt French Daisy Crusher Vee: Blumen."},"content":{"rendered":"<p>Sofort-Klassiker passieren nicht nur. 20 Jahre haben damit verbracht, das Original Crusher Tee zu perfektionieren, und sein l\u00e4ssiger Stil hat die bleibende Kraft, es zu beweisen. Waschbar f\u00fcr die t\u00e4gliche Weichheit, so einfach wie Sie.<br \/>\nStoff: einfarbig: 100 % aus den USA gewachsene Baumwolle, Heather Farben: 80 % aus den USA gewachsene Baumwolle\/20 % Polyester.<br \/>\nPassform: Klassische Passform, die den K\u00f6rper kaum schr\u00e4gt und f\u00fcr eine schmeichelhafte Silhouette sorgt. Kleidungsst\u00fcck gewaschen f\u00fcr Weichheit.<br \/>\nMerkmale: leichte Taillenform, Baumwolle\/Spandex Ripp am Hals und selbstgewebtes Band von Schulter zu Schulter. Gedruckte Grafik Do what you love, love what you do, locker patch.<br \/>\nKinder in Bedarf: 10% der Nettogewinne gehen an Kinder in Not<br \/>\n<div class=\"main-cross-sell\" data-asin=\"B07ZG9YNG2\">\n\n\t<div class=\"WooZone-cross-sell-loader\">\n\t\t<div>\n\t\t\t<div id=\"floatingBarsG\">\n\t\t\t\t<div class=\"blockG\" id=\"rotateG_01\"><\/div>\n\t\t\t\t<div class=\"blockG\" id=\"rotateG_02\"><\/div>\n\t\t\t\t<div class=\"blockG\" id=\"rotateG_03\"><\/div>\n\t\t\t\t<div class=\"blockG\" id=\"rotateG_04\"><\/div>\n\t\t\t\t<div class=\"blockG\" id=\"rotateG_05\"><\/div>\n\t\t\t\t<div class=\"blockG\" id=\"rotateG_06\"><\/div>\n\t\t\t\t<div class=\"blockG\" id=\"rotateG_07\"><\/div>\n\t\t\t\t<div class=\"blockG\" id=\"rotateG_08\"><\/div>\n\t\t\t<\/div>\n\t\t\t<div class=\"WooZone-cross-sell-loader-text\"><\/div>\n\t\t<\/div>\n\t<\/div>\n\n\t\t\n<\/div>\n<div style=\"clear:both;\"><\/div><\/p>\n","protected":false},"excerpt":{"rendered":"<p>Sofort-Klassiker passieren nicht nur. 20 Jahre haben damit verbracht, das Original Crusher Tee zu perfektionieren, und sein l\u00e4ssiger Stil hat die bleibende Kraft, es zu beweisen. Waschbar f\u00fcr die t\u00e4gliche Weichheit, so einfach wie Sie.<br \/>\nStoff: einfarbig: 100 % aus den USA gewachsene Baumwolle, Heather Farben: 80 % aus den USA gewachsene Baumwolle\/20 % Polyester.<br \/>\nPassform: Klassische Passform, die den K\u00f6rper kaum schr\u00e4gt und f\u00fcr eine schmeichelhafte Silhouette sorgt. Kleidungsst\u00fcck gewaschen f\u00fcr Weichheit.<\/p>\n","protected":false},"featured_media":165625,"comment_status":"open","ping_status":"closed","template":"","meta":[],"product_brand":[],"product_cat":[1186,4069],"product_tag":[],"class_list":{"0":"post-165624","1":"product","2":"type-product","3":"status-publish","4":"has-post-thumbnail","6":"product_cat-bekleidung","7":"product_cat-spezielle-anlaesse","8":"pa_binding-textilien","9":"pa_brand-life-is-good","10":"pa_color-blau-vintage","11":"pa_manufacturer-the-life-is-good-company","12":"pa_model-44476","13":"pa_size-m","15":"first","16":"instock","17":"shipping-taxable","18":"purchasable","19":"product-type-simple","20":"customify-col","21":"product-has-gallery"},"yoast_head":"<!-- This site is optimized with the Yoast SEO plugin v27.4 - https:\/\/yoast.com\/product\/yoast-seo-wordpress\/ -->\n<title>Life Is Good Damen Crusher Vee T-Shirt French Daisy Crusher Vee: Blumen. - Markt-XXL<\/title>\n<meta name=\"description\" content=\"Markt-XXL Life Is Good Damen Crusher Vee T-Shirt French Daisy Crusher Vee: Blumen.\" \/>\n<meta name=\"robots\" content=\"index, follow, max-snippet:-1, max-image-preview:large, max-video-preview:-1\" \/>\n<link rel=\"canonical\" href=\"https:\/\/marktxxl.de\/markt\/produkt\/life-is-good-damen-crusher-vee-t-shirt-french-daisy-crusher-vee-blumen\/\" \/>\n<meta property=\"og:locale\" content=\"de_DE\" \/>\n<meta property=\"og:type\" content=\"article\" \/>\n<meta property=\"og:title\" content=\"Life Is Good Damen Crusher Vee T-Shirt French Daisy Crusher Vee: Blumen. - Markt-XXL\" \/>\n<meta property=\"og:description\" content=\"Markt-XXL Life Is Good Damen Crusher Vee T-Shirt French Daisy Crusher Vee: Blumen.\" \/>\n<meta property=\"og:url\" content=\"https:\/\/marktxxl.de\/markt\/produkt\/life-is-good-damen-crusher-vee-t-shirt-french-daisy-crusher-vee-blumen\/\" \/>\n<meta property=\"og:site_name\" content=\"Markt-XXL\" \/>\n<meta property=\"article:modified_time\" content=\"2023-04-10T02:59:11+00:00\" \/>\n<meta property=\"og:image\" content=\"https:\/\/m.media-amazon.com\/images\/I\/41ALCE3qw0L._SL500_.jpg\" \/>\n\t<meta property=\"og:image:width\" content=\"385\" \/>\n\t<meta property=\"og:image:height\" content=\"500\" \/>\n\t<meta property=\"og:image:type\" content=\"image\/jpeg\" \/>\n<meta name=\"twitter:card\" content=\"summary_large_image\" \/>\n<meta name=\"twitter:label1\" content=\"Gesch\u00e4tzte Lesezeit\" \/>\n\t<meta name=\"twitter:data1\" content=\"1\u00a0Minute\" \/>\n<script type=\"application\/ld+json\" class=\"yoast-schema-graph\">{\"@context\":\"https:\\\/\\\/schema.org\",\"@graph\":[{\"@type\":\"WebPage\",\"@id\":\"https:\\\/\\\/marktxxl.de\\\/markt\\\/produkt\\\/life-is-good-damen-crusher-vee-t-shirt-french-daisy-crusher-vee-blumen\\\/\",\"url\":\"https:\\\/\\\/marktxxl.de\\\/markt\\\/produkt\\\/life-is-good-damen-crusher-vee-t-shirt-french-daisy-crusher-vee-blumen\\\/\",\"name\":\"Life Is Good Damen Crusher Vee T-Shirt French Daisy Crusher Vee: Blumen. - Markt-XXL\",\"isPartOf\":{\"@id\":\"https:\\\/\\\/marktxxl.de\\\/markt\\\/#website\"},\"primaryImageOfPage\":{\"@id\":\"https:\\\/\\\/marktxxl.de\\\/markt\\\/produkt\\\/life-is-good-damen-crusher-vee-t-shirt-french-daisy-crusher-vee-blumen\\\/#primaryimage\"},\"image\":{\"@id\":\"https:\\\/\\\/marktxxl.de\\\/markt\\\/produkt\\\/life-is-good-damen-crusher-vee-t-shirt-french-daisy-crusher-vee-blumen\\\/#primaryimage\"},\"thumbnailUrl\":\"https:\\\/\\\/m.media-amazon.com\\\/images\\\/I\\\/41ALCE3qw0L._SL500_.jpg\",\"datePublished\":\"2022-11-11T06:08:12+00:00\",\"dateModified\":\"2023-04-10T02:59:11+00:00\",\"description\":\"Markt-XXL Life Is Good Damen Crusher Vee T-Shirt French Daisy Crusher Vee: Blumen.\",\"breadcrumb\":{\"@id\":\"https:\\\/\\\/marktxxl.de\\\/markt\\\/produkt\\\/life-is-good-damen-crusher-vee-t-shirt-french-daisy-crusher-vee-blumen\\\/#breadcrumb\"},\"inLanguage\":\"de\",\"potentialAction\":[{\"@type\":\"ReadAction\",\"target\":[\"https:\\\/\\\/marktxxl.de\\\/markt\\\/produkt\\\/life-is-good-damen-crusher-vee-t-shirt-french-daisy-crusher-vee-blumen\\\/\"]}]},{\"@type\":\"ImageObject\",\"inLanguage\":\"de\",\"@id\":\"https:\\\/\\\/marktxxl.de\\\/markt\\\/produkt\\\/life-is-good-damen-crusher-vee-t-shirt-french-daisy-crusher-vee-blumen\\\/#primaryimage\",\"url\":\"https:\\\/\\\/m.media-amazon.com\\\/images\\\/I\\\/41ALCE3qw0L._SL500_.jpg\",\"contentUrl\":\"https:\\\/\\\/m.media-amazon.com\\\/images\\\/I\\\/41ALCE3qw0L._SL500_.jpg\",\"width\":385,\"height\":500},{\"@type\":\"BreadcrumbList\",\"@id\":\"https:\\\/\\\/marktxxl.de\\\/markt\\\/produkt\\\/life-is-good-damen-crusher-vee-t-shirt-french-daisy-crusher-vee-blumen\\\/#breadcrumb\",\"itemListElement\":[{\"@type\":\"ListItem\",\"position\":1,\"name\":\"Startseite\",\"item\":\"https:\\\/\\\/marktxxl.de\\\/markt\\\/\"},{\"@type\":\"ListItem\",\"position\":2,\"name\":\"Markt\",\"item\":\"https:\\\/\\\/marktxxl.de\\\/markt\\\/\"},{\"@type\":\"ListItem\",\"position\":3,\"name\":\"Life Is Good Damen Crusher Vee T-Shirt French Daisy Crusher Vee: Blumen.\"}]},{\"@type\":\"WebSite\",\"@id\":\"https:\\\/\\\/marktxxl.de\\\/markt\\\/#website\",\"url\":\"https:\\\/\\\/marktxxl.de\\\/markt\\\/\",\"name\":\"Markt-XXL\",\"description\":\"Ihr Markt Online\",\"publisher\":{\"@id\":\"https:\\\/\\\/marktxxl.de\\\/markt\\\/#organization\"},\"potentialAction\":[{\"@type\":\"SearchAction\",\"target\":{\"@type\":\"EntryPoint\",\"urlTemplate\":\"https:\\\/\\\/marktxxl.de\\\/markt\\\/?s={search_term_string}\"},\"query-input\":{\"@type\":\"PropertyValueSpecification\",\"valueRequired\":true,\"valueName\":\"search_term_string\"}}],\"inLanguage\":\"de\"},{\"@type\":\"Organization\",\"@id\":\"https:\\\/\\\/marktxxl.de\\\/markt\\\/#organization\",\"name\":\"Markt-XXL\",\"url\":\"https:\\\/\\\/marktxxl.de\\\/markt\\\/\",\"logo\":{\"@type\":\"ImageObject\",\"inLanguage\":\"de\",\"@id\":\"https:\\\/\\\/marktxxl.de\\\/markt\\\/#\\\/schema\\\/logo\\\/image\\\/\",\"url\":\"https:\\\/\\\/marktxxl.de\\\/markt\\\/wp-content\\\/uploads\\\/sites\\\/3\\\/2020\\\/12\\\/logo.png\",\"contentUrl\":\"https:\\\/\\\/marktxxl.de\\\/markt\\\/wp-content\\\/uploads\\\/sites\\\/3\\\/2020\\\/12\\\/logo.png\",\"width\":200,\"height\":70,\"caption\":\"Markt-XXL\"},\"image\":{\"@id\":\"https:\\\/\\\/marktxxl.de\\\/markt\\\/#\\\/schema\\\/logo\\\/image\\\/\"}}]}<\/script>\n<!-- \/ Yoast SEO plugin. -->","yoast_head_json":{"title":"Life Is Good Damen Crusher Vee T-Shirt French Daisy Crusher Vee: Blumen. - Markt-XXL","description":"Markt-XXL Life Is Good Damen Crusher Vee T-Shirt French Daisy Crusher Vee: Blumen.","robots":{"index":"index","follow":"follow","max-snippet":"max-snippet:-1","max-image-preview":"max-image-preview:large","max-video-preview":"max-video-preview:-1"},"canonical":"https:\/\/marktxxl.de\/markt\/produkt\/life-is-good-damen-crusher-vee-t-shirt-french-daisy-crusher-vee-blumen\/","og_locale":"de_DE","og_type":"article","og_title":"Life Is Good Damen Crusher Vee T-Shirt French Daisy Crusher Vee: Blumen. - Markt-XXL","og_description":"Markt-XXL Life Is Good Damen Crusher Vee T-Shirt French Daisy Crusher Vee: Blumen.","og_url":"https:\/\/marktxxl.de\/markt\/produkt\/life-is-good-damen-crusher-vee-t-shirt-french-daisy-crusher-vee-blumen\/","og_site_name":"Markt-XXL","article_modified_time":"2023-04-10T02:59:11+00:00","og_image":[{"width":385,"height":500,"url":"https:\/\/m.media-amazon.com\/images\/I\/41ALCE3qw0L._SL500_.jpg","type":"image\/jpeg"}],"twitter_card":"summary_large_image","twitter_misc":{"Gesch\u00e4tzte Lesezeit":"1\u00a0Minute"},"schema":{"@context":"https:\/\/schema.org","@graph":[{"@type":"WebPage","@id":"https:\/\/marktxxl.de\/markt\/produkt\/life-is-good-damen-crusher-vee-t-shirt-french-daisy-crusher-vee-blumen\/","url":"https:\/\/marktxxl.de\/markt\/produkt\/life-is-good-damen-crusher-vee-t-shirt-french-daisy-crusher-vee-blumen\/","name":"Life Is Good Damen Crusher Vee T-Shirt French Daisy Crusher Vee: Blumen. - Markt-XXL","isPartOf":{"@id":"https:\/\/marktxxl.de\/markt\/#website"},"primaryImageOfPage":{"@id":"https:\/\/marktxxl.de\/markt\/produkt\/life-is-good-damen-crusher-vee-t-shirt-french-daisy-crusher-vee-blumen\/#primaryimage"},"image":{"@id":"https:\/\/marktxxl.de\/markt\/produkt\/life-is-good-damen-crusher-vee-t-shirt-french-daisy-crusher-vee-blumen\/#primaryimage"},"thumbnailUrl":"https:\/\/m.media-amazon.com\/images\/I\/41ALCE3qw0L._SL500_.jpg","datePublished":"2022-11-11T06:08:12+00:00","dateModified":"2023-04-10T02:59:11+00:00","description":"Markt-XXL Life Is Good Damen Crusher Vee T-Shirt French Daisy Crusher Vee: Blumen.","breadcrumb":{"@id":"https:\/\/marktxxl.de\/markt\/produkt\/life-is-good-damen-crusher-vee-t-shirt-french-daisy-crusher-vee-blumen\/#breadcrumb"},"inLanguage":"de","potentialAction":[{"@type":"ReadAction","target":["https:\/\/marktxxl.de\/markt\/produkt\/life-is-good-damen-crusher-vee-t-shirt-french-daisy-crusher-vee-blumen\/"]}]},{"@type":"ImageObject","inLanguage":"de","@id":"https:\/\/marktxxl.de\/markt\/produkt\/life-is-good-damen-crusher-vee-t-shirt-french-daisy-crusher-vee-blumen\/#primaryimage","url":"https:\/\/m.media-amazon.com\/images\/I\/41ALCE3qw0L._SL500_.jpg","contentUrl":"https:\/\/m.media-amazon.com\/images\/I\/41ALCE3qw0L._SL500_.jpg","width":385,"height":500},{"@type":"BreadcrumbList","@id":"https:\/\/marktxxl.de\/markt\/produkt\/life-is-good-damen-crusher-vee-t-shirt-french-daisy-crusher-vee-blumen\/#breadcrumb","itemListElement":[{"@type":"ListItem","position":1,"name":"Startseite","item":"https:\/\/marktxxl.de\/markt\/"},{"@type":"ListItem","position":2,"name":"Markt","item":"https:\/\/marktxxl.de\/markt\/"},{"@type":"ListItem","position":3,"name":"Life Is Good Damen Crusher Vee T-Shirt French Daisy Crusher Vee: Blumen."}]},{"@type":"WebSite","@id":"https:\/\/marktxxl.de\/markt\/#website","url":"https:\/\/marktxxl.de\/markt\/","name":"Markt-XXL","description":"Ihr Markt Online","publisher":{"@id":"https:\/\/marktxxl.de\/markt\/#organization"},"potentialAction":[{"@type":"SearchAction","target":{"@type":"EntryPoint","urlTemplate":"https:\/\/marktxxl.de\/markt\/?s={search_term_string}"},"query-input":{"@type":"PropertyValueSpecification","valueRequired":true,"valueName":"search_term_string"}}],"inLanguage":"de"},{"@type":"Organization","@id":"https:\/\/marktxxl.de\/markt\/#organization","name":"Markt-XXL","url":"https:\/\/marktxxl.de\/markt\/","logo":{"@type":"ImageObject","inLanguage":"de","@id":"https:\/\/marktxxl.de\/markt\/#\/schema\/logo\/image\/","url":"https:\/\/marktxxl.de\/markt\/wp-content\/uploads\/sites\/3\/2020\/12\/logo.png","contentUrl":"https:\/\/marktxxl.de\/markt\/wp-content\/uploads\/sites\/3\/2020\/12\/logo.png","width":200,"height":70,"caption":"Markt-XXL"},"image":{"@id":"https:\/\/marktxxl.de\/markt\/#\/schema\/logo\/image\/"}}]}},"_links":{"self":[{"href":"https:\/\/marktxxl.de\/markt\/wp-json\/wp\/v2\/product\/165624","targetHints":{"allow":["GET"]}}],"collection":[{"href":"https:\/\/marktxxl.de\/markt\/wp-json\/wp\/v2\/product"}],"about":[{"href":"https:\/\/marktxxl.de\/markt\/wp-json\/wp\/v2\/types\/product"}],"replies":[{"embeddable":true,"href":"https:\/\/marktxxl.de\/markt\/wp-json\/wp\/v2\/comments?post=165624"}],"wp:featuredmedia":[{"embeddable":true,"href":"https:\/\/marktxxl.de\/markt\/wp-json\/wp\/v2\/media\/165625"}],"wp:attachment":[{"href":"https:\/\/marktxxl.de\/markt\/wp-json\/wp\/v2\/media?parent=165624"}],"wp:term":[{"taxonomy":"product_brand","embeddable":true,"href":"https:\/\/marktxxl.de\/markt\/wp-json\/wp\/v2\/product_brand?post=165624"},{"taxonomy":"product_cat","embeddable":true,"href":"https:\/\/marktxxl.de\/markt\/wp-json\/wp\/v2\/product_cat?post=165624"},{"taxonomy":"product_tag","embeddable":true,"href":"https:\/\/marktxxl.de\/markt\/wp-json\/wp\/v2\/product_tag?post=165624"}],"curies":[{"name":"wp","href":"https:\/\/api.w.org\/{rel}","templated":true}]}}