{"id":165608,"date":"2022-11-11T07:07:30","date_gmt":"2022-11-11T06:07:30","guid":{"rendered":"https:\/\/marktxxl.de\/markt\/produkt\/amozmcom-weinflaschen-lichterkette-mit-kork-20-leds-batteriebetrieben-led-lichterkette-fuer-heimwerker-party-dekoration-weihnachten-halloween-hochzeit-warmweiss\/"},"modified":"2023-04-10T04:59:11","modified_gmt":"2023-04-10T02:59:11","slug":"amozmcom-weinflaschen-lichterkette-mit-kork-20-leds-batteriebetrieben-led-lichterkette-fuer-heimwerker-party-dekoration-weihnachten-halloween-hochzeit-warmweiss","status":"publish","type":"product","link":"https:\/\/marktxxl.de\/markt\/produkt\/amozmcom-weinflaschen-lichterkette-mit-kork-20-leds-batteriebetrieben-led-lichterkette-fuer-heimwerker-party-dekoration-weihnachten-halloween-hochzeit-warmweiss\/","title":{"rendered":"Amozmcom Weinflaschen-Lichterkette mit Kork, 20 LEDs, batteriebetrieben, LED-Lichterkette f\u00fcr Heimwerker, Party\u2026"},"content":{"rendered":"<p>Recycling-Flaschen mit Romanze (Flasche nicht im Lieferumfang enthalten): Das beliebteste warme Wei\u00df kann aufgrund von Kupferdraht leicht an jede Form angepasst werden. Gut f\u00fcr DIY-Dekorationen, Hochzeit, Party, Abendessen, Halloween, Weihnachten, Innen- und Au\u00dfendekorationen, Schlafzimmer, Hochzeit, Grill, Halloween, Weihnachten, quadratisch, Garten. Auch eine tolle Weinflaschen-Lichter mit Kork f\u00fcr viele andere Projekte oder Handwerk von allen LED-Dekorationen.<br \/>\nBatteriebetrieben und sparend: Es gibt 20 LED-Flaschenlichter, jede Batterie-Lichterkette kommt mit 20 superhellen LEDs und 2 Meter L\u00e4nge, die von 3 LR44-Batterien betrieben werden (60 Batterien in der Lichterkette), extra 4 St\u00fcck LR44 f\u00fcr Standby-Batterie. (Hinweis: Die Batterien k\u00f6nnen w\u00e4hrend des langen Transports tot sein, bitte ersetzen Sie die Batterie, wenn n\u00f6tig).<br \/>\n\u3010Einfach zu installieren\u3011: Unsere LED-Licht-Korkgr\u00f6\u00dfe hat einen Durchmesser von 1,9 cm und eine H\u00f6he von 4,4 cm, passend f\u00fcr die meisten Weinflaschen, Whiskey-Flaschen, Bierflaschen und andere Flaschen. Sie m\u00fcssen nicht den Schraubenzieher \u00f6ffnen, um das Batteriegeh\u00e4use zu \u00f6ffnen, drehen Sie einfach die obere Kappe, um die neuen Batterien zu ersetzen. Ohne die Stromversorgung zu verbinden. Genie\u00dfen Sie diese erstaunlichen leuchtenden Lichterkette (Bitte beachten Sie, dass die Batterien ersetzt werden m\u00fcssen, wenn die Lichter schwach werden.)<br \/>\n\u3010Sicher und energieeffizient: Niederspannung und w\u00e4rmeisolierter Kupferdraht machen es nach Gebrauch nicht zu \u00fcberhitzen, gute W\u00e4rmeableitung und niedriger Energieverbrauch, keine Notwendigkeit, sich Sorgen zu machen, dass Ihre Kinder oder Haustiere es ber\u00fchren. Sicher zu ber\u00fchren (Kabel und LEDs sind wasserdicht, Batteriegeh\u00e4use ist nicht wasserdicht).<br \/>\n<div class=\"main-cross-sell\" data-asin=\"B07XHRTTGW\">\n\n\t<div class=\"WooZone-cross-sell-loader\">\n\t\t<div>\n\t\t\t<div id=\"floatingBarsG\">\n\t\t\t\t<div class=\"blockG\" id=\"rotateG_01\"><\/div>\n\t\t\t\t<div class=\"blockG\" id=\"rotateG_02\"><\/div>\n\t\t\t\t<div class=\"blockG\" id=\"rotateG_03\"><\/div>\n\t\t\t\t<div class=\"blockG\" id=\"rotateG_04\"><\/div>\n\t\t\t\t<div class=\"blockG\" id=\"rotateG_05\"><\/div>\n\t\t\t\t<div class=\"blockG\" id=\"rotateG_06\"><\/div>\n\t\t\t\t<div class=\"blockG\" id=\"rotateG_07\"><\/div>\n\t\t\t\t<div class=\"blockG\" id=\"rotateG_08\"><\/div>\n\t\t\t<\/div>\n\t\t\t<div class=\"WooZone-cross-sell-loader-text\"><\/div>\n\t\t<\/div>\n\t<\/div>\n\n\t\t\n<\/div>\n<div style=\"clear:both;\"><\/div><\/p>\n","protected":false},"excerpt":{"rendered":"<p>Recycling-Flaschen mit Romanze (Flasche nicht im Lieferumfang enthalten): Das beliebteste warme Wei\u00df kann aufgrund von Kupferdraht leicht an jede Form angepasst werden. Gut f\u00fcr DIY-Dekorationen, Hochzeit, Party, Abendessen, Halloween, Weihnachten, Innen- und Au\u00dfendekorationen, Schlafzimmer, Hochzeit, Grill, Halloween, Weihnachten, quadratisch, Garten. Auch eine tolle Weinflaschen-Lichter mit Kork f\u00fcr viele andere Projekte oder Handwerk von allen LED-Dekorationen.<br \/>\nBatteriebetrieben und sparend: Es gibt 20 LED-Flaschenlichter, jede Batterie-Lichterkette kommt mit 20 superhellen LEDs und 2 Meter L\u00e4nge, die von 3 LR44-Batterien betrieben werden (60 Batterien in der Lichterkette), extra 4 St\u00fcck LR44 f\u00fcr Standby-Batterie. (Hinweis: Die Batterien k\u00f6nnen w\u00e4hrend des langen Transports tot sein, bitte ersetzen Sie die Batterie, wenn n\u00f6tig).<br \/>\n\u3010Einfach zu installieren\u3011: Unsere LED-Licht-Korkgr\u00f6\u00dfe hat einen Durchmesser von 1,9 cm und eine H\u00f6he von 4,4 cm, passend f\u00fcr die meisten Weinflaschen, Whiskey-Flaschen, Bierflaschen und andere Flaschen. Sie m\u00fcssen nicht den Schraubenzieher \u00f6ffnen, um das Batteriegeh\u00e4use zu \u00f6ffnen, drehen Sie einfach die obere Kappe, um die neuen Batterien zu ersetzen. Ohne die Stromversorgung zu verbinden. Genie\u00dfen Sie diese erstaunlichen leuchtenden Lichterkette (Bitte beachten Sie, dass die Batterien ersetzt werden m\u00fcssen, wenn die Lichter schwach werden.)<\/p>\n","protected":false},"featured_media":165609,"comment_status":"open","ping_status":"closed","template":"","meta":[],"product_brand":[],"product_cat":[2108,15622],"product_tag":[],"class_list":{"0":"post-165608","1":"product","2":"type-product","3":"status-publish","4":"has-post-thumbnail","6":"product_cat-beleuchtung","7":"product_cat-lichterketten","8":"pa_binding-haushaltswaren","9":"pa_brand-fensty","10":"pa_color-weiss","11":"pa_height-1-zoll","12":"pa_length-78-zoll","13":"pa_manufacturer-amozmcom","14":"pa_size-78-7in","15":"pa_weight-1-pfund","16":"pa_width-1-zoll","18":"first","19":"instock","20":"shipping-taxable","21":"purchasable","22":"product-type-simple","23":"customify-col","24":"product-has-gallery"},"yoast_head":"<!-- This site is optimized with the Yoast SEO plugin v27.4 - https:\/\/yoast.com\/product\/yoast-seo-wordpress\/ -->\n<title>Amozmcom Weinflaschen-Lichterkette mit Kork, 20 LEDs, batteriebetrieben, LED-Lichterkette f\u00fcr Heimwerker, Party\u2026 - Markt-XXL<\/title>\n<meta name=\"description\" content=\"Markt-XXL Amozmcom Weinflaschen-Lichterkette mit Kork, 20 LEDs, batteriebetrieben, LED-Lichterkette f\u00fcr Heimwerker, Party\u2026\" \/>\n<meta name=\"robots\" content=\"index, follow, max-snippet:-1, max-image-preview:large, max-video-preview:-1\" \/>\n<link rel=\"canonical\" href=\"https:\/\/marktxxl.de\/markt\/produkt\/amozmcom-weinflaschen-lichterkette-mit-kork-20-leds-batteriebetrieben-led-lichterkette-fuer-heimwerker-party-dekoration-weihnachten-halloween-hochzeit-warmweiss\/\" \/>\n<meta property=\"og:locale\" content=\"de_DE\" \/>\n<meta property=\"og:type\" content=\"article\" \/>\n<meta property=\"og:title\" content=\"Amozmcom Weinflaschen-Lichterkette mit Kork, 20 LEDs, batteriebetrieben, LED-Lichterkette f\u00fcr Heimwerker, Party\u2026 - Markt-XXL\" \/>\n<meta property=\"og:description\" content=\"Markt-XXL Amozmcom Weinflaschen-Lichterkette mit Kork, 20 LEDs, batteriebetrieben, LED-Lichterkette f\u00fcr Heimwerker, Party\u2026\" \/>\n<meta property=\"og:url\" content=\"https:\/\/marktxxl.de\/markt\/produkt\/amozmcom-weinflaschen-lichterkette-mit-kork-20-leds-batteriebetrieben-led-lichterkette-fuer-heimwerker-party-dekoration-weihnachten-halloween-hochzeit-warmweiss\/\" \/>\n<meta property=\"og:site_name\" content=\"Markt-XXL\" \/>\n<meta property=\"article:modified_time\" content=\"2023-04-10T02:59:11+00:00\" \/>\n<meta property=\"og:image\" content=\"https:\/\/m.media-amazon.com\/images\/I\/51QCeexjp5L._SL500_.jpg\" \/>\n\t<meta property=\"og:image:width\" content=\"500\" \/>\n\t<meta property=\"og:image:height\" content=\"496\" \/>\n\t<meta property=\"og:image:type\" content=\"image\/jpeg\" \/>\n<meta name=\"twitter:card\" content=\"summary_large_image\" \/>\n<meta name=\"twitter:label1\" content=\"Gesch\u00e4tzte Lesezeit\" \/>\n\t<meta name=\"twitter:data1\" content=\"1\u00a0Minute\" \/>\n<script type=\"application\/ld+json\" class=\"yoast-schema-graph\">{\"@context\":\"https:\\\/\\\/schema.org\",\"@graph\":[{\"@type\":\"WebPage\",\"@id\":\"https:\\\/\\\/marktxxl.de\\\/markt\\\/produkt\\\/amozmcom-weinflaschen-lichterkette-mit-kork-20-leds-batteriebetrieben-led-lichterkette-fuer-heimwerker-party-dekoration-weihnachten-halloween-hochzeit-warmweiss\\\/\",\"url\":\"https:\\\/\\\/marktxxl.de\\\/markt\\\/produkt\\\/amozmcom-weinflaschen-lichterkette-mit-kork-20-leds-batteriebetrieben-led-lichterkette-fuer-heimwerker-party-dekoration-weihnachten-halloween-hochzeit-warmweiss\\\/\",\"name\":\"Amozmcom Weinflaschen-Lichterkette mit Kork, 20 LEDs, batteriebetrieben, LED-Lichterkette f\u00fcr Heimwerker, Party\u2026 - Markt-XXL\",\"isPartOf\":{\"@id\":\"https:\\\/\\\/marktxxl.de\\\/markt\\\/#website\"},\"primaryImageOfPage\":{\"@id\":\"https:\\\/\\\/marktxxl.de\\\/markt\\\/produkt\\\/amozmcom-weinflaschen-lichterkette-mit-kork-20-leds-batteriebetrieben-led-lichterkette-fuer-heimwerker-party-dekoration-weihnachten-halloween-hochzeit-warmweiss\\\/#primaryimage\"},\"image\":{\"@id\":\"https:\\\/\\\/marktxxl.de\\\/markt\\\/produkt\\\/amozmcom-weinflaschen-lichterkette-mit-kork-20-leds-batteriebetrieben-led-lichterkette-fuer-heimwerker-party-dekoration-weihnachten-halloween-hochzeit-warmweiss\\\/#primaryimage\"},\"thumbnailUrl\":\"https:\\\/\\\/m.media-amazon.com\\\/images\\\/I\\\/51QCeexjp5L._SL500_.jpg\",\"datePublished\":\"2022-11-11T06:07:30+00:00\",\"dateModified\":\"2023-04-10T02:59:11+00:00\",\"description\":\"Markt-XXL Amozmcom Weinflaschen-Lichterkette mit Kork, 20 LEDs, batteriebetrieben, LED-Lichterkette f\u00fcr Heimwerker, Party\u2026\",\"breadcrumb\":{\"@id\":\"https:\\\/\\\/marktxxl.de\\\/markt\\\/produkt\\\/amozmcom-weinflaschen-lichterkette-mit-kork-20-leds-batteriebetrieben-led-lichterkette-fuer-heimwerker-party-dekoration-weihnachten-halloween-hochzeit-warmweiss\\\/#breadcrumb\"},\"inLanguage\":\"de\",\"potentialAction\":[{\"@type\":\"ReadAction\",\"target\":[\"https:\\\/\\\/marktxxl.de\\\/markt\\\/produkt\\\/amozmcom-weinflaschen-lichterkette-mit-kork-20-leds-batteriebetrieben-led-lichterkette-fuer-heimwerker-party-dekoration-weihnachten-halloween-hochzeit-warmweiss\\\/\"]}]},{\"@type\":\"ImageObject\",\"inLanguage\":\"de\",\"@id\":\"https:\\\/\\\/marktxxl.de\\\/markt\\\/produkt\\\/amozmcom-weinflaschen-lichterkette-mit-kork-20-leds-batteriebetrieben-led-lichterkette-fuer-heimwerker-party-dekoration-weihnachten-halloween-hochzeit-warmweiss\\\/#primaryimage\",\"url\":\"https:\\\/\\\/m.media-amazon.com\\\/images\\\/I\\\/51QCeexjp5L._SL500_.jpg\",\"contentUrl\":\"https:\\\/\\\/m.media-amazon.com\\\/images\\\/I\\\/51QCeexjp5L._SL500_.jpg\",\"width\":500,\"height\":496},{\"@type\":\"BreadcrumbList\",\"@id\":\"https:\\\/\\\/marktxxl.de\\\/markt\\\/produkt\\\/amozmcom-weinflaschen-lichterkette-mit-kork-20-leds-batteriebetrieben-led-lichterkette-fuer-heimwerker-party-dekoration-weihnachten-halloween-hochzeit-warmweiss\\\/#breadcrumb\",\"itemListElement\":[{\"@type\":\"ListItem\",\"position\":1,\"name\":\"Startseite\",\"item\":\"https:\\\/\\\/marktxxl.de\\\/markt\\\/\"},{\"@type\":\"ListItem\",\"position\":2,\"name\":\"Markt\",\"item\":\"https:\\\/\\\/marktxxl.de\\\/markt\\\/\"},{\"@type\":\"ListItem\",\"position\":3,\"name\":\"Amozmcom Weinflaschen-Lichterkette mit Kork, 20 LEDs, batteriebetrieben, LED-Lichterkette f\u00fcr Heimwerker, Party\u2026\"}]},{\"@type\":\"WebSite\",\"@id\":\"https:\\\/\\\/marktxxl.de\\\/markt\\\/#website\",\"url\":\"https:\\\/\\\/marktxxl.de\\\/markt\\\/\",\"name\":\"Markt-XXL\",\"description\":\"Ihr Markt Online\",\"publisher\":{\"@id\":\"https:\\\/\\\/marktxxl.de\\\/markt\\\/#organization\"},\"potentialAction\":[{\"@type\":\"SearchAction\",\"target\":{\"@type\":\"EntryPoint\",\"urlTemplate\":\"https:\\\/\\\/marktxxl.de\\\/markt\\\/?s={search_term_string}\"},\"query-input\":{\"@type\":\"PropertyValueSpecification\",\"valueRequired\":true,\"valueName\":\"search_term_string\"}}],\"inLanguage\":\"de\"},{\"@type\":\"Organization\",\"@id\":\"https:\\\/\\\/marktxxl.de\\\/markt\\\/#organization\",\"name\":\"Markt-XXL\",\"url\":\"https:\\\/\\\/marktxxl.de\\\/markt\\\/\",\"logo\":{\"@type\":\"ImageObject\",\"inLanguage\":\"de\",\"@id\":\"https:\\\/\\\/marktxxl.de\\\/markt\\\/#\\\/schema\\\/logo\\\/image\\\/\",\"url\":\"https:\\\/\\\/marktxxl.de\\\/markt\\\/wp-content\\\/uploads\\\/sites\\\/3\\\/2020\\\/12\\\/logo.png\",\"contentUrl\":\"https:\\\/\\\/marktxxl.de\\\/markt\\\/wp-content\\\/uploads\\\/sites\\\/3\\\/2020\\\/12\\\/logo.png\",\"width\":200,\"height\":70,\"caption\":\"Markt-XXL\"},\"image\":{\"@id\":\"https:\\\/\\\/marktxxl.de\\\/markt\\\/#\\\/schema\\\/logo\\\/image\\\/\"}}]}<\/script>\n<!-- \/ Yoast SEO plugin. -->","yoast_head_json":{"title":"Amozmcom Weinflaschen-Lichterkette mit Kork, 20 LEDs, batteriebetrieben, LED-Lichterkette f\u00fcr Heimwerker, Party\u2026 - Markt-XXL","description":"Markt-XXL Amozmcom Weinflaschen-Lichterkette mit Kork, 20 LEDs, batteriebetrieben, LED-Lichterkette f\u00fcr Heimwerker, Party\u2026","robots":{"index":"index","follow":"follow","max-snippet":"max-snippet:-1","max-image-preview":"max-image-preview:large","max-video-preview":"max-video-preview:-1"},"canonical":"https:\/\/marktxxl.de\/markt\/produkt\/amozmcom-weinflaschen-lichterkette-mit-kork-20-leds-batteriebetrieben-led-lichterkette-fuer-heimwerker-party-dekoration-weihnachten-halloween-hochzeit-warmweiss\/","og_locale":"de_DE","og_type":"article","og_title":"Amozmcom Weinflaschen-Lichterkette mit Kork, 20 LEDs, batteriebetrieben, LED-Lichterkette f\u00fcr Heimwerker, Party\u2026 - Markt-XXL","og_description":"Markt-XXL Amozmcom Weinflaschen-Lichterkette mit Kork, 20 LEDs, batteriebetrieben, LED-Lichterkette f\u00fcr Heimwerker, Party\u2026","og_url":"https:\/\/marktxxl.de\/markt\/produkt\/amozmcom-weinflaschen-lichterkette-mit-kork-20-leds-batteriebetrieben-led-lichterkette-fuer-heimwerker-party-dekoration-weihnachten-halloween-hochzeit-warmweiss\/","og_site_name":"Markt-XXL","article_modified_time":"2023-04-10T02:59:11+00:00","og_image":[{"width":500,"height":496,"url":"https:\/\/m.media-amazon.com\/images\/I\/51QCeexjp5L._SL500_.jpg","type":"image\/jpeg"}],"twitter_card":"summary_large_image","twitter_misc":{"Gesch\u00e4tzte Lesezeit":"1\u00a0Minute"},"schema":{"@context":"https:\/\/schema.org","@graph":[{"@type":"WebPage","@id":"https:\/\/marktxxl.de\/markt\/produkt\/amozmcom-weinflaschen-lichterkette-mit-kork-20-leds-batteriebetrieben-led-lichterkette-fuer-heimwerker-party-dekoration-weihnachten-halloween-hochzeit-warmweiss\/","url":"https:\/\/marktxxl.de\/markt\/produkt\/amozmcom-weinflaschen-lichterkette-mit-kork-20-leds-batteriebetrieben-led-lichterkette-fuer-heimwerker-party-dekoration-weihnachten-halloween-hochzeit-warmweiss\/","name":"Amozmcom Weinflaschen-Lichterkette mit Kork, 20 LEDs, batteriebetrieben, LED-Lichterkette f\u00fcr Heimwerker, Party\u2026 - Markt-XXL","isPartOf":{"@id":"https:\/\/marktxxl.de\/markt\/#website"},"primaryImageOfPage":{"@id":"https:\/\/marktxxl.de\/markt\/produkt\/amozmcom-weinflaschen-lichterkette-mit-kork-20-leds-batteriebetrieben-led-lichterkette-fuer-heimwerker-party-dekoration-weihnachten-halloween-hochzeit-warmweiss\/#primaryimage"},"image":{"@id":"https:\/\/marktxxl.de\/markt\/produkt\/amozmcom-weinflaschen-lichterkette-mit-kork-20-leds-batteriebetrieben-led-lichterkette-fuer-heimwerker-party-dekoration-weihnachten-halloween-hochzeit-warmweiss\/#primaryimage"},"thumbnailUrl":"https:\/\/m.media-amazon.com\/images\/I\/51QCeexjp5L._SL500_.jpg","datePublished":"2022-11-11T06:07:30+00:00","dateModified":"2023-04-10T02:59:11+00:00","description":"Markt-XXL Amozmcom Weinflaschen-Lichterkette mit Kork, 20 LEDs, batteriebetrieben, LED-Lichterkette f\u00fcr Heimwerker, Party\u2026","breadcrumb":{"@id":"https:\/\/marktxxl.de\/markt\/produkt\/amozmcom-weinflaschen-lichterkette-mit-kork-20-leds-batteriebetrieben-led-lichterkette-fuer-heimwerker-party-dekoration-weihnachten-halloween-hochzeit-warmweiss\/#breadcrumb"},"inLanguage":"de","potentialAction":[{"@type":"ReadAction","target":["https:\/\/marktxxl.de\/markt\/produkt\/amozmcom-weinflaschen-lichterkette-mit-kork-20-leds-batteriebetrieben-led-lichterkette-fuer-heimwerker-party-dekoration-weihnachten-halloween-hochzeit-warmweiss\/"]}]},{"@type":"ImageObject","inLanguage":"de","@id":"https:\/\/marktxxl.de\/markt\/produkt\/amozmcom-weinflaschen-lichterkette-mit-kork-20-leds-batteriebetrieben-led-lichterkette-fuer-heimwerker-party-dekoration-weihnachten-halloween-hochzeit-warmweiss\/#primaryimage","url":"https:\/\/m.media-amazon.com\/images\/I\/51QCeexjp5L._SL500_.jpg","contentUrl":"https:\/\/m.media-amazon.com\/images\/I\/51QCeexjp5L._SL500_.jpg","width":500,"height":496},{"@type":"BreadcrumbList","@id":"https:\/\/marktxxl.de\/markt\/produkt\/amozmcom-weinflaschen-lichterkette-mit-kork-20-leds-batteriebetrieben-led-lichterkette-fuer-heimwerker-party-dekoration-weihnachten-halloween-hochzeit-warmweiss\/#breadcrumb","itemListElement":[{"@type":"ListItem","position":1,"name":"Startseite","item":"https:\/\/marktxxl.de\/markt\/"},{"@type":"ListItem","position":2,"name":"Markt","item":"https:\/\/marktxxl.de\/markt\/"},{"@type":"ListItem","position":3,"name":"Amozmcom Weinflaschen-Lichterkette mit Kork, 20 LEDs, batteriebetrieben, LED-Lichterkette f\u00fcr Heimwerker, Party\u2026"}]},{"@type":"WebSite","@id":"https:\/\/marktxxl.de\/markt\/#website","url":"https:\/\/marktxxl.de\/markt\/","name":"Markt-XXL","description":"Ihr Markt Online","publisher":{"@id":"https:\/\/marktxxl.de\/markt\/#organization"},"potentialAction":[{"@type":"SearchAction","target":{"@type":"EntryPoint","urlTemplate":"https:\/\/marktxxl.de\/markt\/?s={search_term_string}"},"query-input":{"@type":"PropertyValueSpecification","valueRequired":true,"valueName":"search_term_string"}}],"inLanguage":"de"},{"@type":"Organization","@id":"https:\/\/marktxxl.de\/markt\/#organization","name":"Markt-XXL","url":"https:\/\/marktxxl.de\/markt\/","logo":{"@type":"ImageObject","inLanguage":"de","@id":"https:\/\/marktxxl.de\/markt\/#\/schema\/logo\/image\/","url":"https:\/\/marktxxl.de\/markt\/wp-content\/uploads\/sites\/3\/2020\/12\/logo.png","contentUrl":"https:\/\/marktxxl.de\/markt\/wp-content\/uploads\/sites\/3\/2020\/12\/logo.png","width":200,"height":70,"caption":"Markt-XXL"},"image":{"@id":"https:\/\/marktxxl.de\/markt\/#\/schema\/logo\/image\/"}}]}},"_links":{"self":[{"href":"https:\/\/marktxxl.de\/markt\/wp-json\/wp\/v2\/product\/165608","targetHints":{"allow":["GET"]}}],"collection":[{"href":"https:\/\/marktxxl.de\/markt\/wp-json\/wp\/v2\/product"}],"about":[{"href":"https:\/\/marktxxl.de\/markt\/wp-json\/wp\/v2\/types\/product"}],"replies":[{"embeddable":true,"href":"https:\/\/marktxxl.de\/markt\/wp-json\/wp\/v2\/comments?post=165608"}],"wp:featuredmedia":[{"embeddable":true,"href":"https:\/\/marktxxl.de\/markt\/wp-json\/wp\/v2\/media\/165609"}],"wp:attachment":[{"href":"https:\/\/marktxxl.de\/markt\/wp-json\/wp\/v2\/media?parent=165608"}],"wp:term":[{"taxonomy":"product_brand","embeddable":true,"href":"https:\/\/marktxxl.de\/markt\/wp-json\/wp\/v2\/product_brand?post=165608"},{"taxonomy":"product_cat","embeddable":true,"href":"https:\/\/marktxxl.de\/markt\/wp-json\/wp\/v2\/product_cat?post=165608"},{"taxonomy":"product_tag","embeddable":true,"href":"https:\/\/marktxxl.de\/markt\/wp-json\/wp\/v2\/product_tag?post=165608"}],"curies":[{"name":"wp","href":"https:\/\/api.w.org\/{rel}","templated":true}]}}