{"id":165556,"date":"2022-11-11T06:59:51","date_gmt":"2022-11-11T05:59:51","guid":{"rendered":"https:\/\/marktxxl.de\/markt\/produkt\/columbia-herren-low-drag-offshore-ss-shirt\/"},"modified":"2023-04-08T04:20:07","modified_gmt":"2023-04-08T02:20:07","slug":"columbia-herren-low-drag-offshore-ss-shirt","status":"publish","type":"product","link":"https:\/\/marktxxl.de\/markt\/produkt\/columbia-herren-low-drag-offshore-ss-shirt\/","title":{"rendered":"Columbia Herren Low Drag Offshore Ss Shirt"},"content":{"rendered":"<p>Omni-Shade: UV-Schutz auf h\u00f6chstem Niveau, Omni-Shade-Materialien blockieren UVA- und UVB-Strahlen, um Sonnenbrand und langfristige Hautsch\u00e4den zu verhindern. Die eng gewebte Konstruktion bietet dauerhaften Sonnenschutz gegen das volle Spektrum der Sonne<br \/>\nOmni-Wick: Die ultimative Technologie f\u00fcr den Feuchtigkeitstransport. Omni-Wick leitet Feuchtigkeit schnell von der Haut in den Stoff, wo sie sich \u00fcber die Oberfl\u00e4che verteilt, um schnell zu verdunsten \u2013 f\u00fcr eine trockene Passform, die Sie k\u00fchl und bequem h\u00e4lt<br \/>\nLuftig k\u00fchl: Dieses schnell trocknende Shirt aus Ripstop-Polyester verf\u00fcgt \u00fcber Netzfutter an der R\u00fcckseite, um eine k\u00fchlende Brise zu erm\u00f6glichen<br \/>\nF\u00fcr Fische: Dieses Shirt wurde speziell f\u00fcr Aktion entwickelt und verf\u00fcgt \u00fcber eine antimikrobielle Behandlung, um Ger\u00fcche einzufangen und zu neutralisieren, damit Sie den ganzen Tag \u00fcber frisch bleiben<br \/>\nLeistungsdetails: Ein Rutenhalter bietet freih\u00e4ndigen Komfort, w\u00e4hrend zwei selbstentleerende Brusttaschen kleine Ausr\u00fcstung und Ausr\u00fcstung in der N\u00e4he halten<br \/>\nOmni-Shade UV-Schutzfaktor 40<br \/>\nOmni-Wick Advanced Verdunstung<br \/>\nAntimikrobiell, zum Schutz der Kleidung vor Bakterien<br \/>\nSchnell trocknender Stoff<br \/>\n<div class=\"main-cross-sell\" data-asin=\"B00QRVNIWI\">\n\n\t<div class=\"WooZone-cross-sell-loader\">\n\t\t<div>\n\t\t\t<div id=\"floatingBarsG\">\n\t\t\t\t<div class=\"blockG\" id=\"rotateG_01\"><\/div>\n\t\t\t\t<div class=\"blockG\" id=\"rotateG_02\"><\/div>\n\t\t\t\t<div class=\"blockG\" id=\"rotateG_03\"><\/div>\n\t\t\t\t<div class=\"blockG\" id=\"rotateG_04\"><\/div>\n\t\t\t\t<div class=\"blockG\" id=\"rotateG_05\"><\/div>\n\t\t\t\t<div class=\"blockG\" id=\"rotateG_06\"><\/div>\n\t\t\t\t<div class=\"blockG\" id=\"rotateG_07\"><\/div>\n\t\t\t\t<div class=\"blockG\" id=\"rotateG_08\"><\/div>\n\t\t\t<\/div>\n\t\t\t<div class=\"WooZone-cross-sell-loader-text\"><\/div>\n\t\t<\/div>\n\t<\/div>\n\n\t\t\n<\/div>\n<div style=\"clear:both;\"><\/div><\/p>\n","protected":false},"excerpt":{"rendered":"<p>Omni-Shade: UV-Schutz auf h\u00f6chstem Niveau, Omni-Shade-Materialien blockieren UVA- und UVB-Strahlen, um Sonnenbrand und langfristige Hautsch\u00e4den zu verhindern. Die eng gewebte Konstruktion bietet dauerhaften Sonnenschutz gegen das volle Spektrum der Sonne<br \/>\nOmni-Wick: Die ultimative Technologie f\u00fcr den Feuchtigkeitstransport. Omni-Wick leitet Feuchtigkeit schnell von der Haut in den Stoff, wo sie sich \u00fcber die Oberfl\u00e4che verteilt, um schnell zu verdunsten \u2013 f\u00fcr eine trockene Passform, die Sie k\u00fchl und bequem h\u00e4lt<br \/>\nLuftig k\u00fchl: Dieses schnell trocknende Shirt aus Ripstop-Polyester verf\u00fcgt \u00fcber Netzfutter an der R\u00fcckseite, um eine k\u00fchlende Brise zu erm\u00f6glichen<\/p>\n","protected":false},"featured_media":165557,"comment_status":"open","ping_status":"closed","template":"","meta":[],"product_brand":[],"product_cat":[1186,4069],"product_tag":[],"class_list":{"0":"post-165556","1":"product","2":"type-product","3":"status-publish","4":"has-post-thumbnail","6":"product_cat-bekleidung","7":"product_cat-spezielle-anlaesse","8":"pa_binding-textilien","9":"pa_brand-columbia","10":"pa_color-schwarz","11":"pa_height-2-zoll","12":"pa_length-16-zoll","13":"pa_manufacturer-columbia-sporting-goods","14":"pa_model-44454","15":"pa_size-s","16":"pa_width-12-zoll","18":"first","19":"instock","20":"shipping-taxable","21":"purchasable","22":"product-type-simple","23":"customify-col","24":"product-has-gallery"},"yoast_head":"<!-- This site is optimized with the Yoast SEO plugin v27.3 - https:\/\/yoast.com\/product\/yoast-seo-wordpress\/ -->\n<title>Columbia Herren Low Drag Offshore Ss Shirt - Markt-XXL<\/title>\n<meta name=\"description\" content=\"Markt-XXL Columbia Herren Low Drag Offshore Ss Shirt\" \/>\n<meta name=\"robots\" content=\"index, follow, max-snippet:-1, max-image-preview:large, max-video-preview:-1\" \/>\n<link rel=\"canonical\" href=\"https:\/\/marktxxl.de\/markt\/produkt\/columbia-herren-low-drag-offshore-ss-shirt\/\" \/>\n<meta property=\"og:locale\" content=\"de_DE\" \/>\n<meta property=\"og:type\" content=\"article\" \/>\n<meta property=\"og:title\" content=\"Columbia Herren Low Drag Offshore Ss Shirt - Markt-XXL\" \/>\n<meta property=\"og:description\" content=\"Markt-XXL Columbia Herren Low Drag Offshore Ss Shirt\" \/>\n<meta property=\"og:url\" content=\"https:\/\/marktxxl.de\/markt\/produkt\/columbia-herren-low-drag-offshore-ss-shirt\/\" \/>\n<meta property=\"og:site_name\" content=\"Markt-XXL\" \/>\n<meta property=\"article:modified_time\" content=\"2023-04-08T02:20:07+00:00\" \/>\n<meta property=\"og:image\" content=\"https:\/\/m.media-amazon.com\/images\/I\/413I0IVR3-S._SL500_.jpg\" \/>\n\t<meta property=\"og:image:width\" content=\"476\" \/>\n\t<meta property=\"og:image:height\" content=\"500\" \/>\n\t<meta property=\"og:image:type\" content=\"image\/jpeg\" \/>\n<meta name=\"twitter:card\" content=\"summary_large_image\" \/>\n<meta name=\"twitter:label1\" content=\"Gesch\u00e4tzte Lesezeit\" \/>\n\t<meta name=\"twitter:data1\" content=\"1\u00a0Minute\" \/>\n<script type=\"application\/ld+json\" class=\"yoast-schema-graph\">{\"@context\":\"https:\\\/\\\/schema.org\",\"@graph\":[{\"@type\":\"WebPage\",\"@id\":\"https:\\\/\\\/marktxxl.de\\\/markt\\\/produkt\\\/columbia-herren-low-drag-offshore-ss-shirt\\\/\",\"url\":\"https:\\\/\\\/marktxxl.de\\\/markt\\\/produkt\\\/columbia-herren-low-drag-offshore-ss-shirt\\\/\",\"name\":\"Columbia Herren Low Drag Offshore Ss Shirt - Markt-XXL\",\"isPartOf\":{\"@id\":\"https:\\\/\\\/marktxxl.de\\\/markt\\\/#website\"},\"primaryImageOfPage\":{\"@id\":\"https:\\\/\\\/marktxxl.de\\\/markt\\\/produkt\\\/columbia-herren-low-drag-offshore-ss-shirt\\\/#primaryimage\"},\"image\":{\"@id\":\"https:\\\/\\\/marktxxl.de\\\/markt\\\/produkt\\\/columbia-herren-low-drag-offshore-ss-shirt\\\/#primaryimage\"},\"thumbnailUrl\":\"https:\\\/\\\/m.media-amazon.com\\\/images\\\/I\\\/413I0IVR3-S._SL500_.jpg\",\"datePublished\":\"2022-11-11T05:59:51+00:00\",\"dateModified\":\"2023-04-08T02:20:07+00:00\",\"description\":\"Markt-XXL Columbia Herren Low Drag Offshore Ss Shirt\",\"breadcrumb\":{\"@id\":\"https:\\\/\\\/marktxxl.de\\\/markt\\\/produkt\\\/columbia-herren-low-drag-offshore-ss-shirt\\\/#breadcrumb\"},\"inLanguage\":\"de\",\"potentialAction\":[{\"@type\":\"ReadAction\",\"target\":[\"https:\\\/\\\/marktxxl.de\\\/markt\\\/produkt\\\/columbia-herren-low-drag-offshore-ss-shirt\\\/\"]}]},{\"@type\":\"ImageObject\",\"inLanguage\":\"de\",\"@id\":\"https:\\\/\\\/marktxxl.de\\\/markt\\\/produkt\\\/columbia-herren-low-drag-offshore-ss-shirt\\\/#primaryimage\",\"url\":\"https:\\\/\\\/m.media-amazon.com\\\/images\\\/I\\\/413I0IVR3-S._SL500_.jpg\",\"contentUrl\":\"https:\\\/\\\/m.media-amazon.com\\\/images\\\/I\\\/413I0IVR3-S._SL500_.jpg\",\"width\":476,\"height\":500},{\"@type\":\"BreadcrumbList\",\"@id\":\"https:\\\/\\\/marktxxl.de\\\/markt\\\/produkt\\\/columbia-herren-low-drag-offshore-ss-shirt\\\/#breadcrumb\",\"itemListElement\":[{\"@type\":\"ListItem\",\"position\":1,\"name\":\"Startseite\",\"item\":\"https:\\\/\\\/marktxxl.de\\\/markt\\\/\"},{\"@type\":\"ListItem\",\"position\":2,\"name\":\"Markt\",\"item\":\"https:\\\/\\\/marktxxl.de\\\/markt\\\/\"},{\"@type\":\"ListItem\",\"position\":3,\"name\":\"Columbia Herren Low Drag Offshore Ss Shirt\"}]},{\"@type\":\"WebSite\",\"@id\":\"https:\\\/\\\/marktxxl.de\\\/markt\\\/#website\",\"url\":\"https:\\\/\\\/marktxxl.de\\\/markt\\\/\",\"name\":\"Markt-XXL\",\"description\":\"Ihr Markt Online\",\"publisher\":{\"@id\":\"https:\\\/\\\/marktxxl.de\\\/markt\\\/#organization\"},\"potentialAction\":[{\"@type\":\"SearchAction\",\"target\":{\"@type\":\"EntryPoint\",\"urlTemplate\":\"https:\\\/\\\/marktxxl.de\\\/markt\\\/?s={search_term_string}\"},\"query-input\":{\"@type\":\"PropertyValueSpecification\",\"valueRequired\":true,\"valueName\":\"search_term_string\"}}],\"inLanguage\":\"de\"},{\"@type\":\"Organization\",\"@id\":\"https:\\\/\\\/marktxxl.de\\\/markt\\\/#organization\",\"name\":\"Markt-XXL\",\"url\":\"https:\\\/\\\/marktxxl.de\\\/markt\\\/\",\"logo\":{\"@type\":\"ImageObject\",\"inLanguage\":\"de\",\"@id\":\"https:\\\/\\\/marktxxl.de\\\/markt\\\/#\\\/schema\\\/logo\\\/image\\\/\",\"url\":\"https:\\\/\\\/marktxxl.de\\\/markt\\\/wp-content\\\/uploads\\\/sites\\\/3\\\/2020\\\/12\\\/logo.png\",\"contentUrl\":\"https:\\\/\\\/marktxxl.de\\\/markt\\\/wp-content\\\/uploads\\\/sites\\\/3\\\/2020\\\/12\\\/logo.png\",\"width\":200,\"height\":70,\"caption\":\"Markt-XXL\"},\"image\":{\"@id\":\"https:\\\/\\\/marktxxl.de\\\/markt\\\/#\\\/schema\\\/logo\\\/image\\\/\"}}]}<\/script>\n<!-- \/ Yoast SEO plugin. -->","yoast_head_json":{"title":"Columbia Herren Low Drag Offshore Ss Shirt - Markt-XXL","description":"Markt-XXL Columbia Herren Low Drag Offshore Ss Shirt","robots":{"index":"index","follow":"follow","max-snippet":"max-snippet:-1","max-image-preview":"max-image-preview:large","max-video-preview":"max-video-preview:-1"},"canonical":"https:\/\/marktxxl.de\/markt\/produkt\/columbia-herren-low-drag-offshore-ss-shirt\/","og_locale":"de_DE","og_type":"article","og_title":"Columbia Herren Low Drag Offshore Ss Shirt - Markt-XXL","og_description":"Markt-XXL Columbia Herren Low Drag Offshore Ss Shirt","og_url":"https:\/\/marktxxl.de\/markt\/produkt\/columbia-herren-low-drag-offshore-ss-shirt\/","og_site_name":"Markt-XXL","article_modified_time":"2023-04-08T02:20:07+00:00","og_image":[{"width":476,"height":500,"url":"https:\/\/m.media-amazon.com\/images\/I\/413I0IVR3-S._SL500_.jpg","type":"image\/jpeg"}],"twitter_card":"summary_large_image","twitter_misc":{"Gesch\u00e4tzte Lesezeit":"1\u00a0Minute"},"schema":{"@context":"https:\/\/schema.org","@graph":[{"@type":"WebPage","@id":"https:\/\/marktxxl.de\/markt\/produkt\/columbia-herren-low-drag-offshore-ss-shirt\/","url":"https:\/\/marktxxl.de\/markt\/produkt\/columbia-herren-low-drag-offshore-ss-shirt\/","name":"Columbia Herren Low Drag Offshore Ss Shirt - Markt-XXL","isPartOf":{"@id":"https:\/\/marktxxl.de\/markt\/#website"},"primaryImageOfPage":{"@id":"https:\/\/marktxxl.de\/markt\/produkt\/columbia-herren-low-drag-offshore-ss-shirt\/#primaryimage"},"image":{"@id":"https:\/\/marktxxl.de\/markt\/produkt\/columbia-herren-low-drag-offshore-ss-shirt\/#primaryimage"},"thumbnailUrl":"https:\/\/m.media-amazon.com\/images\/I\/413I0IVR3-S._SL500_.jpg","datePublished":"2022-11-11T05:59:51+00:00","dateModified":"2023-04-08T02:20:07+00:00","description":"Markt-XXL Columbia Herren Low Drag Offshore Ss Shirt","breadcrumb":{"@id":"https:\/\/marktxxl.de\/markt\/produkt\/columbia-herren-low-drag-offshore-ss-shirt\/#breadcrumb"},"inLanguage":"de","potentialAction":[{"@type":"ReadAction","target":["https:\/\/marktxxl.de\/markt\/produkt\/columbia-herren-low-drag-offshore-ss-shirt\/"]}]},{"@type":"ImageObject","inLanguage":"de","@id":"https:\/\/marktxxl.de\/markt\/produkt\/columbia-herren-low-drag-offshore-ss-shirt\/#primaryimage","url":"https:\/\/m.media-amazon.com\/images\/I\/413I0IVR3-S._SL500_.jpg","contentUrl":"https:\/\/m.media-amazon.com\/images\/I\/413I0IVR3-S._SL500_.jpg","width":476,"height":500},{"@type":"BreadcrumbList","@id":"https:\/\/marktxxl.de\/markt\/produkt\/columbia-herren-low-drag-offshore-ss-shirt\/#breadcrumb","itemListElement":[{"@type":"ListItem","position":1,"name":"Startseite","item":"https:\/\/marktxxl.de\/markt\/"},{"@type":"ListItem","position":2,"name":"Markt","item":"https:\/\/marktxxl.de\/markt\/"},{"@type":"ListItem","position":3,"name":"Columbia Herren Low Drag Offshore Ss Shirt"}]},{"@type":"WebSite","@id":"https:\/\/marktxxl.de\/markt\/#website","url":"https:\/\/marktxxl.de\/markt\/","name":"Markt-XXL","description":"Ihr Markt Online","publisher":{"@id":"https:\/\/marktxxl.de\/markt\/#organization"},"potentialAction":[{"@type":"SearchAction","target":{"@type":"EntryPoint","urlTemplate":"https:\/\/marktxxl.de\/markt\/?s={search_term_string}"},"query-input":{"@type":"PropertyValueSpecification","valueRequired":true,"valueName":"search_term_string"}}],"inLanguage":"de"},{"@type":"Organization","@id":"https:\/\/marktxxl.de\/markt\/#organization","name":"Markt-XXL","url":"https:\/\/marktxxl.de\/markt\/","logo":{"@type":"ImageObject","inLanguage":"de","@id":"https:\/\/marktxxl.de\/markt\/#\/schema\/logo\/image\/","url":"https:\/\/marktxxl.de\/markt\/wp-content\/uploads\/sites\/3\/2020\/12\/logo.png","contentUrl":"https:\/\/marktxxl.de\/markt\/wp-content\/uploads\/sites\/3\/2020\/12\/logo.png","width":200,"height":70,"caption":"Markt-XXL"},"image":{"@id":"https:\/\/marktxxl.de\/markt\/#\/schema\/logo\/image\/"}}]}},"_links":{"self":[{"href":"https:\/\/marktxxl.de\/markt\/wp-json\/wp\/v2\/product\/165556","targetHints":{"allow":["GET"]}}],"collection":[{"href":"https:\/\/marktxxl.de\/markt\/wp-json\/wp\/v2\/product"}],"about":[{"href":"https:\/\/marktxxl.de\/markt\/wp-json\/wp\/v2\/types\/product"}],"replies":[{"embeddable":true,"href":"https:\/\/marktxxl.de\/markt\/wp-json\/wp\/v2\/comments?post=165556"}],"wp:featuredmedia":[{"embeddable":true,"href":"https:\/\/marktxxl.de\/markt\/wp-json\/wp\/v2\/media\/165557"}],"wp:attachment":[{"href":"https:\/\/marktxxl.de\/markt\/wp-json\/wp\/v2\/media?parent=165556"}],"wp:term":[{"taxonomy":"product_brand","embeddable":true,"href":"https:\/\/marktxxl.de\/markt\/wp-json\/wp\/v2\/product_brand?post=165556"},{"taxonomy":"product_cat","embeddable":true,"href":"https:\/\/marktxxl.de\/markt\/wp-json\/wp\/v2\/product_cat?post=165556"},{"taxonomy":"product_tag","embeddable":true,"href":"https:\/\/marktxxl.de\/markt\/wp-json\/wp\/v2\/product_tag?post=165556"}],"curies":[{"name":"wp","href":"https:\/\/api.w.org\/{rel}","templated":true}]}}