{"id":165342,"date":"2022-11-11T06:50:01","date_gmt":"2022-11-11T05:50:01","guid":{"rendered":"https:\/\/marktxxl.de\/markt\/produkt\/kitchbai-usb-dokumentenkamera-und-visualizer-8mp-2448p-webcam-vorlagen-bis-a3-mit-3-stufen-led-licht-bildumkehr-autofokus-faltbar-dual-mikrofonen-fuer-webkonferenzen-mit-zoom-skype-teams-obs\/"},"modified":"2023-04-08T04:19:14","modified_gmt":"2023-04-08T02:19:14","slug":"kitchbai-usb-dokumentenkamera-und-visualizer-8mp-2448p-webcam-vorlagen-bis-a3-mit-3-stufen-led-licht-bildumkehr-autofokus-faltbar-dual-mikrofonen-fuer-webkonferenzen-mit-zoom-skype-teams-obs","status":"publish","type":"product","link":"https:\/\/marktxxl.de\/markt\/produkt\/kitchbai-usb-dokumentenkamera-und-visualizer-8mp-2448p-webcam-vorlagen-bis-a3-mit-3-stufen-led-licht-bildumkehr-autofokus-faltbar-dual-mikrofonen-fuer-webkonferenzen-mit-zoom-skype-teams-obs\/","title":{"rendered":"Kitchbai USB Dokumentenkamera und Visualizer 8MP, 2448P Webcam, Vorlagen bis A3 mit 3-Stufen-LED-Licht, Bildumkehr\u2026"},"content":{"rendered":"<p>8MP Dokumentenkamera mit einstellbarer Bildumkehr: Im Videochat oder bei der Bildausgabe kann das Bild nach links\/rechts und oben\/unten frei angepasst werden; Sie k\u00f6nnen das umgekehrte Bild, das im Ger\u00e4t angezeigt wird, auch manuell in ein normales Bild umwandeln. Die erste USB-Kamera, die die Bildumkehr manuell einstellen kann<br \/>\nAnpassbare Bildhelligkeit: Die USB-Dokumentenkamera verf\u00fcgt \u00fcber Helligkeitstasten. Sie k\u00f6nnen die Bildhelligkeit manuell um 10 Grad anpassen, um sicherzustellen, dass Sie ein klares Bild erhalten. 3 Helligkeitsstufen einstellbar, wodurch Aufnahmeprobleme bei schwierigen Lichtverh\u00e4ltnissen beseitigt werden k\u00f6nnen, sodass Sie Objekte in dunklen und hellen Umgebungen aufnehmen k\u00f6nnen, und es kann auch eine Selfie-Ausf\u00fcllfunktion erreicht werden<br \/>\nFaltbarer USB Visualizer f\u00fcr den Unterricht: eingebettetes Design, nimmt nach dem Zusammenklappen wenig Platz ein, leicht zu tragen; Multi-Joint-Unterst\u00fctzung mit frei drehbarer Multi-Winkel-USB-Kamera kann 2D- und 3D-Objekte besser erfassen und hochaufl\u00f6sende Bilder und Videos aufnehmen. Maximale Abdeckfl\u00e4che: 16,5&#8243; x 116&#8243; Zoll (A3-Papier)<br \/>\n2448P Dokumenten kamera f\u00fcr Lehrer mit 30 Bildern pro Sekunde: Mit einem High-End-Bildsensor gibt sie Bilder und Videos in ultrahoher Aufl\u00f6sung live mit bis zu 2448P Megapixeln aus. Dr\u00fccken Sie die Fokustaste einmal, um die Dokumentenkamera einmal automatisch zu fokussieren. Bewegt man das Objekt unter das Objektiv, wird die Kamera nicht willk\u00fcrlich automatisch fokussiert und das Bild tanzt. Makro kann Objekte bis zu einer Entfernung von 3,94 Zoll erfassen<br \/>\nPlug-n-Play und hohe Kompatibilit\u00e4t: Die Kitchbai-Kamera wird mit einem USB-C-Kabel geliefert, das einen sofortigen Plug-and-Play-Betrieb f\u00fcr Fernunterricht und Webkonferenzen erm\u00f6glicht. Es gilt f\u00fcr Windows PCS (Windows 7\/8\/10\/11), Macs (OS10.11 oder h\u00f6her) und Chromebooks (38.00 oder h\u00f6her) und funktioniert mit Tiktok, Google Meet, Skype-Microsoft Teams, Zoom<br \/>\n<div class=\"main-cross-sell\" data-asin=\"B0BB2Q8RK6\">\n\n\t<div class=\"WooZone-cross-sell-loader\">\n\t\t<div>\n\t\t\t<div id=\"floatingBarsG\">\n\t\t\t\t<div class=\"blockG\" id=\"rotateG_01\"><\/div>\n\t\t\t\t<div class=\"blockG\" id=\"rotateG_02\"><\/div>\n\t\t\t\t<div class=\"blockG\" id=\"rotateG_03\"><\/div>\n\t\t\t\t<div class=\"blockG\" id=\"rotateG_04\"><\/div>\n\t\t\t\t<div class=\"blockG\" id=\"rotateG_05\"><\/div>\n\t\t\t\t<div class=\"blockG\" id=\"rotateG_06\"><\/div>\n\t\t\t\t<div class=\"blockG\" id=\"rotateG_07\"><\/div>\n\t\t\t\t<div class=\"blockG\" id=\"rotateG_08\"><\/div>\n\t\t\t<\/div>\n\t\t\t<div class=\"WooZone-cross-sell-loader-text\"><\/div>\n\t\t<\/div>\n\t<\/div>\n\n\t\t\n<\/div>\n<div style=\"clear:both;\"><\/div><\/p>\n","protected":false},"excerpt":{"rendered":"<p>8MP Dokumentenkamera mit einstellbarer Bildumkehr: Im Videochat oder bei der Bildausgabe kann das Bild nach links\/rechts und oben\/unten frei angepasst werden; Sie k\u00f6nnen das umgekehrte Bild, das im Ger\u00e4t angezeigt wird, auch manuell in ein normales Bild umwandeln. Die erste USB-Kamera, die die Bildumkehr manuell einstellen kann<br \/>\nAnpassbare Bildhelligkeit: Die USB-Dokumentenkamera verf\u00fcgt \u00fcber Helligkeitstasten. Sie k\u00f6nnen die Bildhelligkeit manuell um 10 Grad anpassen, um sicherzustellen, dass Sie ein klares Bild erhalten. 3 Helligkeitsstufen einstellbar, wodurch Aufnahmeprobleme bei schwierigen Lichtverh\u00e4ltnissen beseitigt werden k\u00f6nnen, sodass Sie Objekte in dunklen und hellen Umgebungen aufnehmen k\u00f6nnen, und es kann auch eine Selfie-Ausf\u00fcllfunktion erreicht werden<br \/>\nFaltbarer USB Visualizer f\u00fcr den Unterricht: eingebettetes Design, nimmt nach dem Zusammenklappen wenig Platz ein, leicht zu tragen; Multi-Joint-Unterst\u00fctzung mit frei drehbarer Multi-Winkel-USB-Kamera kann 2D- und 3D-Objekte besser erfassen und hochaufl\u00f6sende Bilder und Videos aufnehmen. Maximale Abdeckfl\u00e4che: 16,5&#8243; x 116&#8243; Zoll (A3-Papier)<\/p>\n","protected":false},"featured_media":165343,"comment_status":"open","ping_status":"closed","template":"","meta":[],"product_brand":[],"product_cat":[504,8208],"product_tag":[],"class_list":{"0":"post-165342","1":"product","2":"type-product","3":"status-publish","4":"has-post-thumbnail","6":"product_cat-buerobedarf-schreibwaren","7":"product_cat-bueroelektronik","8":"pa_binding-unbekannter-einband","9":"pa_brand-kitchbai","10":"pa_manufacturer-kitchbai","11":"pa_model-kb-700","12":"pa_warranty-lebenslang","14":"first","15":"instock","16":"shipping-taxable","17":"purchasable","18":"product-type-simple","19":"customify-col","20":"product-has-gallery"},"yoast_head":"<!-- This site is optimized with the Yoast SEO plugin v27.3 - https:\/\/yoast.com\/product\/yoast-seo-wordpress\/ -->\n<title>Kitchbai USB Dokumentenkamera und Visualizer 8MP, 2448P Webcam, Vorlagen bis A3 mit 3-Stufen-LED-Licht, Bildumkehr\u2026 - Markt-XXL<\/title>\n<meta name=\"description\" content=\"Markt-XXL Kitchbai USB Dokumentenkamera und Visualizer 8MP, 2448P Webcam, Vorlagen bis A3 mit 3-Stufen-LED-Licht, Bildumkehr\u2026\" \/>\n<meta name=\"robots\" content=\"index, follow, max-snippet:-1, max-image-preview:large, max-video-preview:-1\" \/>\n<link rel=\"canonical\" href=\"https:\/\/marktxxl.de\/markt\/produkt\/kitchbai-usb-dokumentenkamera-und-visualizer-8mp-2448p-webcam-vorlagen-bis-a3-mit-3-stufen-led-licht-bildumkehr-autofokus-faltbar-dual-mikrofonen-fuer-webkonferenzen-mit-zoom-skype-teams-obs\/\" \/>\n<meta property=\"og:locale\" content=\"de_DE\" \/>\n<meta property=\"og:type\" content=\"article\" \/>\n<meta property=\"og:title\" content=\"Kitchbai USB Dokumentenkamera und Visualizer 8MP, 2448P Webcam, Vorlagen bis A3 mit 3-Stufen-LED-Licht, Bildumkehr\u2026 - Markt-XXL\" \/>\n<meta property=\"og:description\" content=\"Markt-XXL Kitchbai USB Dokumentenkamera und Visualizer 8MP, 2448P Webcam, Vorlagen bis A3 mit 3-Stufen-LED-Licht, Bildumkehr\u2026\" \/>\n<meta property=\"og:url\" content=\"https:\/\/marktxxl.de\/markt\/produkt\/kitchbai-usb-dokumentenkamera-und-visualizer-8mp-2448p-webcam-vorlagen-bis-a3-mit-3-stufen-led-licht-bildumkehr-autofokus-faltbar-dual-mikrofonen-fuer-webkonferenzen-mit-zoom-skype-teams-obs\/\" \/>\n<meta property=\"og:site_name\" content=\"Markt-XXL\" \/>\n<meta property=\"article:modified_time\" content=\"2023-04-08T02:19:14+00:00\" \/>\n<meta property=\"og:image\" content=\"https:\/\/m.media-amazon.com\/images\/I\/31VpsuYUfIL._SL500_.jpg\" \/>\n\t<meta property=\"og:image:width\" content=\"500\" \/>\n\t<meta property=\"og:image:height\" content=\"500\" \/>\n\t<meta property=\"og:image:type\" content=\"image\/jpeg\" \/>\n<meta name=\"twitter:card\" content=\"summary_large_image\" \/>\n<meta name=\"twitter:label1\" content=\"Gesch\u00e4tzte Lesezeit\" \/>\n\t<meta name=\"twitter:data1\" content=\"1\u00a0Minute\" \/>\n<script type=\"application\/ld+json\" class=\"yoast-schema-graph\">{\"@context\":\"https:\\\/\\\/schema.org\",\"@graph\":[{\"@type\":\"WebPage\",\"@id\":\"https:\\\/\\\/marktxxl.de\\\/markt\\\/produkt\\\/kitchbai-usb-dokumentenkamera-und-visualizer-8mp-2448p-webcam-vorlagen-bis-a3-mit-3-stufen-led-licht-bildumkehr-autofokus-faltbar-dual-mikrofonen-fuer-webkonferenzen-mit-zoom-skype-teams-obs\\\/\",\"url\":\"https:\\\/\\\/marktxxl.de\\\/markt\\\/produkt\\\/kitchbai-usb-dokumentenkamera-und-visualizer-8mp-2448p-webcam-vorlagen-bis-a3-mit-3-stufen-led-licht-bildumkehr-autofokus-faltbar-dual-mikrofonen-fuer-webkonferenzen-mit-zoom-skype-teams-obs\\\/\",\"name\":\"Kitchbai USB Dokumentenkamera und Visualizer 8MP, 2448P Webcam, Vorlagen bis A3 mit 3-Stufen-LED-Licht, Bildumkehr\u2026 - Markt-XXL\",\"isPartOf\":{\"@id\":\"https:\\\/\\\/marktxxl.de\\\/markt\\\/#website\"},\"primaryImageOfPage\":{\"@id\":\"https:\\\/\\\/marktxxl.de\\\/markt\\\/produkt\\\/kitchbai-usb-dokumentenkamera-und-visualizer-8mp-2448p-webcam-vorlagen-bis-a3-mit-3-stufen-led-licht-bildumkehr-autofokus-faltbar-dual-mikrofonen-fuer-webkonferenzen-mit-zoom-skype-teams-obs\\\/#primaryimage\"},\"image\":{\"@id\":\"https:\\\/\\\/marktxxl.de\\\/markt\\\/produkt\\\/kitchbai-usb-dokumentenkamera-und-visualizer-8mp-2448p-webcam-vorlagen-bis-a3-mit-3-stufen-led-licht-bildumkehr-autofokus-faltbar-dual-mikrofonen-fuer-webkonferenzen-mit-zoom-skype-teams-obs\\\/#primaryimage\"},\"thumbnailUrl\":\"https:\\\/\\\/m.media-amazon.com\\\/images\\\/I\\\/31VpsuYUfIL._SL500_.jpg\",\"datePublished\":\"2022-11-11T05:50:01+00:00\",\"dateModified\":\"2023-04-08T02:19:14+00:00\",\"description\":\"Markt-XXL Kitchbai USB Dokumentenkamera und Visualizer 8MP, 2448P Webcam, Vorlagen bis A3 mit 3-Stufen-LED-Licht, Bildumkehr\u2026\",\"breadcrumb\":{\"@id\":\"https:\\\/\\\/marktxxl.de\\\/markt\\\/produkt\\\/kitchbai-usb-dokumentenkamera-und-visualizer-8mp-2448p-webcam-vorlagen-bis-a3-mit-3-stufen-led-licht-bildumkehr-autofokus-faltbar-dual-mikrofonen-fuer-webkonferenzen-mit-zoom-skype-teams-obs\\\/#breadcrumb\"},\"inLanguage\":\"de\",\"potentialAction\":[{\"@type\":\"ReadAction\",\"target\":[\"https:\\\/\\\/marktxxl.de\\\/markt\\\/produkt\\\/kitchbai-usb-dokumentenkamera-und-visualizer-8mp-2448p-webcam-vorlagen-bis-a3-mit-3-stufen-led-licht-bildumkehr-autofokus-faltbar-dual-mikrofonen-fuer-webkonferenzen-mit-zoom-skype-teams-obs\\\/\"]}]},{\"@type\":\"ImageObject\",\"inLanguage\":\"de\",\"@id\":\"https:\\\/\\\/marktxxl.de\\\/markt\\\/produkt\\\/kitchbai-usb-dokumentenkamera-und-visualizer-8mp-2448p-webcam-vorlagen-bis-a3-mit-3-stufen-led-licht-bildumkehr-autofokus-faltbar-dual-mikrofonen-fuer-webkonferenzen-mit-zoom-skype-teams-obs\\\/#primaryimage\",\"url\":\"https:\\\/\\\/m.media-amazon.com\\\/images\\\/I\\\/31VpsuYUfIL._SL500_.jpg\",\"contentUrl\":\"https:\\\/\\\/m.media-amazon.com\\\/images\\\/I\\\/31VpsuYUfIL._SL500_.jpg\",\"width\":500,\"height\":500},{\"@type\":\"BreadcrumbList\",\"@id\":\"https:\\\/\\\/marktxxl.de\\\/markt\\\/produkt\\\/kitchbai-usb-dokumentenkamera-und-visualizer-8mp-2448p-webcam-vorlagen-bis-a3-mit-3-stufen-led-licht-bildumkehr-autofokus-faltbar-dual-mikrofonen-fuer-webkonferenzen-mit-zoom-skype-teams-obs\\\/#breadcrumb\",\"itemListElement\":[{\"@type\":\"ListItem\",\"position\":1,\"name\":\"Startseite\",\"item\":\"https:\\\/\\\/marktxxl.de\\\/markt\\\/\"},{\"@type\":\"ListItem\",\"position\":2,\"name\":\"Markt\",\"item\":\"https:\\\/\\\/marktxxl.de\\\/markt\\\/\"},{\"@type\":\"ListItem\",\"position\":3,\"name\":\"Kitchbai USB Dokumentenkamera und Visualizer 8MP, 2448P Webcam, Vorlagen bis A3 mit 3-Stufen-LED-Licht, Bildumkehr\u2026\"}]},{\"@type\":\"WebSite\",\"@id\":\"https:\\\/\\\/marktxxl.de\\\/markt\\\/#website\",\"url\":\"https:\\\/\\\/marktxxl.de\\\/markt\\\/\",\"name\":\"Markt-XXL\",\"description\":\"Ihr Markt Online\",\"publisher\":{\"@id\":\"https:\\\/\\\/marktxxl.de\\\/markt\\\/#organization\"},\"potentialAction\":[{\"@type\":\"SearchAction\",\"target\":{\"@type\":\"EntryPoint\",\"urlTemplate\":\"https:\\\/\\\/marktxxl.de\\\/markt\\\/?s={search_term_string}\"},\"query-input\":{\"@type\":\"PropertyValueSpecification\",\"valueRequired\":true,\"valueName\":\"search_term_string\"}}],\"inLanguage\":\"de\"},{\"@type\":\"Organization\",\"@id\":\"https:\\\/\\\/marktxxl.de\\\/markt\\\/#organization\",\"name\":\"Markt-XXL\",\"url\":\"https:\\\/\\\/marktxxl.de\\\/markt\\\/\",\"logo\":{\"@type\":\"ImageObject\",\"inLanguage\":\"de\",\"@id\":\"https:\\\/\\\/marktxxl.de\\\/markt\\\/#\\\/schema\\\/logo\\\/image\\\/\",\"url\":\"https:\\\/\\\/marktxxl.de\\\/markt\\\/wp-content\\\/uploads\\\/sites\\\/3\\\/2020\\\/12\\\/logo.png\",\"contentUrl\":\"https:\\\/\\\/marktxxl.de\\\/markt\\\/wp-content\\\/uploads\\\/sites\\\/3\\\/2020\\\/12\\\/logo.png\",\"width\":200,\"height\":70,\"caption\":\"Markt-XXL\"},\"image\":{\"@id\":\"https:\\\/\\\/marktxxl.de\\\/markt\\\/#\\\/schema\\\/logo\\\/image\\\/\"}}]}<\/script>\n<!-- \/ Yoast SEO plugin. -->","yoast_head_json":{"title":"Kitchbai USB Dokumentenkamera und Visualizer 8MP, 2448P Webcam, Vorlagen bis A3 mit 3-Stufen-LED-Licht, Bildumkehr\u2026 - Markt-XXL","description":"Markt-XXL Kitchbai USB Dokumentenkamera und Visualizer 8MP, 2448P Webcam, Vorlagen bis A3 mit 3-Stufen-LED-Licht, Bildumkehr\u2026","robots":{"index":"index","follow":"follow","max-snippet":"max-snippet:-1","max-image-preview":"max-image-preview:large","max-video-preview":"max-video-preview:-1"},"canonical":"https:\/\/marktxxl.de\/markt\/produkt\/kitchbai-usb-dokumentenkamera-und-visualizer-8mp-2448p-webcam-vorlagen-bis-a3-mit-3-stufen-led-licht-bildumkehr-autofokus-faltbar-dual-mikrofonen-fuer-webkonferenzen-mit-zoom-skype-teams-obs\/","og_locale":"de_DE","og_type":"article","og_title":"Kitchbai USB Dokumentenkamera und Visualizer 8MP, 2448P Webcam, Vorlagen bis A3 mit 3-Stufen-LED-Licht, Bildumkehr\u2026 - Markt-XXL","og_description":"Markt-XXL Kitchbai USB Dokumentenkamera und Visualizer 8MP, 2448P Webcam, Vorlagen bis A3 mit 3-Stufen-LED-Licht, Bildumkehr\u2026","og_url":"https:\/\/marktxxl.de\/markt\/produkt\/kitchbai-usb-dokumentenkamera-und-visualizer-8mp-2448p-webcam-vorlagen-bis-a3-mit-3-stufen-led-licht-bildumkehr-autofokus-faltbar-dual-mikrofonen-fuer-webkonferenzen-mit-zoom-skype-teams-obs\/","og_site_name":"Markt-XXL","article_modified_time":"2023-04-08T02:19:14+00:00","og_image":[{"width":500,"height":500,"url":"https:\/\/m.media-amazon.com\/images\/I\/31VpsuYUfIL._SL500_.jpg","type":"image\/jpeg"}],"twitter_card":"summary_large_image","twitter_misc":{"Gesch\u00e4tzte Lesezeit":"1\u00a0Minute"},"schema":{"@context":"https:\/\/schema.org","@graph":[{"@type":"WebPage","@id":"https:\/\/marktxxl.de\/markt\/produkt\/kitchbai-usb-dokumentenkamera-und-visualizer-8mp-2448p-webcam-vorlagen-bis-a3-mit-3-stufen-led-licht-bildumkehr-autofokus-faltbar-dual-mikrofonen-fuer-webkonferenzen-mit-zoom-skype-teams-obs\/","url":"https:\/\/marktxxl.de\/markt\/produkt\/kitchbai-usb-dokumentenkamera-und-visualizer-8mp-2448p-webcam-vorlagen-bis-a3-mit-3-stufen-led-licht-bildumkehr-autofokus-faltbar-dual-mikrofonen-fuer-webkonferenzen-mit-zoom-skype-teams-obs\/","name":"Kitchbai USB Dokumentenkamera und Visualizer 8MP, 2448P Webcam, Vorlagen bis A3 mit 3-Stufen-LED-Licht, Bildumkehr\u2026 - Markt-XXL","isPartOf":{"@id":"https:\/\/marktxxl.de\/markt\/#website"},"primaryImageOfPage":{"@id":"https:\/\/marktxxl.de\/markt\/produkt\/kitchbai-usb-dokumentenkamera-und-visualizer-8mp-2448p-webcam-vorlagen-bis-a3-mit-3-stufen-led-licht-bildumkehr-autofokus-faltbar-dual-mikrofonen-fuer-webkonferenzen-mit-zoom-skype-teams-obs\/#primaryimage"},"image":{"@id":"https:\/\/marktxxl.de\/markt\/produkt\/kitchbai-usb-dokumentenkamera-und-visualizer-8mp-2448p-webcam-vorlagen-bis-a3-mit-3-stufen-led-licht-bildumkehr-autofokus-faltbar-dual-mikrofonen-fuer-webkonferenzen-mit-zoom-skype-teams-obs\/#primaryimage"},"thumbnailUrl":"https:\/\/m.media-amazon.com\/images\/I\/31VpsuYUfIL._SL500_.jpg","datePublished":"2022-11-11T05:50:01+00:00","dateModified":"2023-04-08T02:19:14+00:00","description":"Markt-XXL Kitchbai USB Dokumentenkamera und Visualizer 8MP, 2448P Webcam, Vorlagen bis A3 mit 3-Stufen-LED-Licht, Bildumkehr\u2026","breadcrumb":{"@id":"https:\/\/marktxxl.de\/markt\/produkt\/kitchbai-usb-dokumentenkamera-und-visualizer-8mp-2448p-webcam-vorlagen-bis-a3-mit-3-stufen-led-licht-bildumkehr-autofokus-faltbar-dual-mikrofonen-fuer-webkonferenzen-mit-zoom-skype-teams-obs\/#breadcrumb"},"inLanguage":"de","potentialAction":[{"@type":"ReadAction","target":["https:\/\/marktxxl.de\/markt\/produkt\/kitchbai-usb-dokumentenkamera-und-visualizer-8mp-2448p-webcam-vorlagen-bis-a3-mit-3-stufen-led-licht-bildumkehr-autofokus-faltbar-dual-mikrofonen-fuer-webkonferenzen-mit-zoom-skype-teams-obs\/"]}]},{"@type":"ImageObject","inLanguage":"de","@id":"https:\/\/marktxxl.de\/markt\/produkt\/kitchbai-usb-dokumentenkamera-und-visualizer-8mp-2448p-webcam-vorlagen-bis-a3-mit-3-stufen-led-licht-bildumkehr-autofokus-faltbar-dual-mikrofonen-fuer-webkonferenzen-mit-zoom-skype-teams-obs\/#primaryimage","url":"https:\/\/m.media-amazon.com\/images\/I\/31VpsuYUfIL._SL500_.jpg","contentUrl":"https:\/\/m.media-amazon.com\/images\/I\/31VpsuYUfIL._SL500_.jpg","width":500,"height":500},{"@type":"BreadcrumbList","@id":"https:\/\/marktxxl.de\/markt\/produkt\/kitchbai-usb-dokumentenkamera-und-visualizer-8mp-2448p-webcam-vorlagen-bis-a3-mit-3-stufen-led-licht-bildumkehr-autofokus-faltbar-dual-mikrofonen-fuer-webkonferenzen-mit-zoom-skype-teams-obs\/#breadcrumb","itemListElement":[{"@type":"ListItem","position":1,"name":"Startseite","item":"https:\/\/marktxxl.de\/markt\/"},{"@type":"ListItem","position":2,"name":"Markt","item":"https:\/\/marktxxl.de\/markt\/"},{"@type":"ListItem","position":3,"name":"Kitchbai USB Dokumentenkamera und Visualizer 8MP, 2448P Webcam, Vorlagen bis A3 mit 3-Stufen-LED-Licht, Bildumkehr\u2026"}]},{"@type":"WebSite","@id":"https:\/\/marktxxl.de\/markt\/#website","url":"https:\/\/marktxxl.de\/markt\/","name":"Markt-XXL","description":"Ihr Markt Online","publisher":{"@id":"https:\/\/marktxxl.de\/markt\/#organization"},"potentialAction":[{"@type":"SearchAction","target":{"@type":"EntryPoint","urlTemplate":"https:\/\/marktxxl.de\/markt\/?s={search_term_string}"},"query-input":{"@type":"PropertyValueSpecification","valueRequired":true,"valueName":"search_term_string"}}],"inLanguage":"de"},{"@type":"Organization","@id":"https:\/\/marktxxl.de\/markt\/#organization","name":"Markt-XXL","url":"https:\/\/marktxxl.de\/markt\/","logo":{"@type":"ImageObject","inLanguage":"de","@id":"https:\/\/marktxxl.de\/markt\/#\/schema\/logo\/image\/","url":"https:\/\/marktxxl.de\/markt\/wp-content\/uploads\/sites\/3\/2020\/12\/logo.png","contentUrl":"https:\/\/marktxxl.de\/markt\/wp-content\/uploads\/sites\/3\/2020\/12\/logo.png","width":200,"height":70,"caption":"Markt-XXL"},"image":{"@id":"https:\/\/marktxxl.de\/markt\/#\/schema\/logo\/image\/"}}]}},"_links":{"self":[{"href":"https:\/\/marktxxl.de\/markt\/wp-json\/wp\/v2\/product\/165342","targetHints":{"allow":["GET"]}}],"collection":[{"href":"https:\/\/marktxxl.de\/markt\/wp-json\/wp\/v2\/product"}],"about":[{"href":"https:\/\/marktxxl.de\/markt\/wp-json\/wp\/v2\/types\/product"}],"replies":[{"embeddable":true,"href":"https:\/\/marktxxl.de\/markt\/wp-json\/wp\/v2\/comments?post=165342"}],"wp:featuredmedia":[{"embeddable":true,"href":"https:\/\/marktxxl.de\/markt\/wp-json\/wp\/v2\/media\/165343"}],"wp:attachment":[{"href":"https:\/\/marktxxl.de\/markt\/wp-json\/wp\/v2\/media?parent=165342"}],"wp:term":[{"taxonomy":"product_brand","embeddable":true,"href":"https:\/\/marktxxl.de\/markt\/wp-json\/wp\/v2\/product_brand?post=165342"},{"taxonomy":"product_cat","embeddable":true,"href":"https:\/\/marktxxl.de\/markt\/wp-json\/wp\/v2\/product_cat?post=165342"},{"taxonomy":"product_tag","embeddable":true,"href":"https:\/\/marktxxl.de\/markt\/wp-json\/wp\/v2\/product_tag?post=165342"}],"curies":[{"name":"wp","href":"https:\/\/api.w.org\/{rel}","templated":true}]}}