{"id":165291,"date":"2022-11-11T06:48:14","date_gmt":"2022-11-11T05:48:14","guid":{"rendered":"https:\/\/marktxxl.de\/markt\/produkt\/texas-instruments-ti-primaire-plus-schulrechner-2-zeilig-nur-mit-franzoesischer-anleitung-und-sprache\/"},"modified":"2023-04-08T04:19:14","modified_gmt":"2023-04-08T02:19:14","slug":"texas-instruments-ti-primaire-plus-schulrechner-2-zeilig-nur-mit-franzoesischer-anleitung-und-sprache","status":"publish","type":"product","link":"https:\/\/marktxxl.de\/markt\/produkt\/texas-instruments-ti-primaire-plus-schulrechner-2-zeilig-nur-mit-franzoesischer-anleitung-und-sprache\/","title":{"rendered":"Texas Instruments TI-PRIMAIRE PLUS Schulrechner (2-zeilig), nur mit franz\u00f6sischer Anleitung und Sprache"},"content":{"rendered":"<p>Vorteilhafte \u00fcbungen &#8211; Der TI Primair Plus Schulrechner besitzt interaktive L\u00f6sungen und kann in einen \u00dcbungsmodus gesetzt werden &#8211; damit auch das Kopfrechnen f\u00fcr die Sch\u00fcler nicht zu kurz kommt<br \/>\nBessere \u00fcbersicht &#8211; Der Rechner besitzt eine zweizeilige Displayanzeige mit je 12 Zeichen pro Zeile, f\u00fcr eine Bessere \u00fcbersicht und eine optimale \u00dcberpr\u00fcfung der Rechenergebnisse in der Schule<br \/>\nOptimale energieversorgung &#8211; Die Stromversorgung des Taschenrechners ist sowohl solar- als auch batteriebetrieben. Bei schlechten Lichtverh\u00e4ltnissen kann der Rechner auf die Batterie zur\u00fcckgreifen<br \/>\nStylisches Design &#8211; Mit einer Abmessung von (L) 158 x (P) 80 x (H) 19 mm passt er perfekt in jeden Schulranzen. Das Design in den Farben blau und wei\u00df macht den Rechner zu einem echten Hingucker<br \/>\nLieferumfang &#8211; TI-Primaire Plus \u00dcbungsrechner<br \/>\n<div class=\"main-cross-sell\" data-asin=\"B00KHIC1ZW\">\n\n\t<div class=\"WooZone-cross-sell-loader\">\n\t\t<div>\n\t\t\t<div id=\"floatingBarsG\">\n\t\t\t\t<div class=\"blockG\" id=\"rotateG_01\"><\/div>\n\t\t\t\t<div class=\"blockG\" id=\"rotateG_02\"><\/div>\n\t\t\t\t<div class=\"blockG\" id=\"rotateG_03\"><\/div>\n\t\t\t\t<div class=\"blockG\" id=\"rotateG_04\"><\/div>\n\t\t\t\t<div class=\"blockG\" id=\"rotateG_05\"><\/div>\n\t\t\t\t<div class=\"blockG\" id=\"rotateG_06\"><\/div>\n\t\t\t\t<div class=\"blockG\" id=\"rotateG_07\"><\/div>\n\t\t\t\t<div class=\"blockG\" id=\"rotateG_08\"><\/div>\n\t\t\t<\/div>\n\t\t\t<div class=\"WooZone-cross-sell-loader-text\"><\/div>\n\t\t<\/div>\n\t<\/div>\n\n\t\t\n<\/div>\n<div style=\"clear:both;\"><\/div><\/p>\n","protected":false},"excerpt":{"rendered":"<p>Vorteilhafte \u00fcbungen &#8211; Der TI Primair Plus Schulrechner besitzt interaktive L\u00f6sungen und kann in einen \u00dcbungsmodus gesetzt werden &#8211; damit auch das Kopfrechnen f\u00fcr die Sch\u00fcler nicht zu kurz kommt<br \/>\nBessere \u00fcbersicht &#8211; Der Rechner besitzt eine zweizeilige Displayanzeige mit je 12 Zeichen pro Zeile, f\u00fcr eine Bessere \u00fcbersicht und eine optimale \u00dcberpr\u00fcfung der Rechenergebnisse in der Schule<br \/>\nOptimale energieversorgung &#8211; Die Stromversorgung des Taschenrechners ist sowohl solar- als auch batteriebetrieben. Bei schlechten Lichtverh\u00e4ltnissen kann der Rechner auf die Batterie zur\u00fcckgreifen<\/p>\n","protected":false},"featured_media":165292,"comment_status":"open","ping_status":"closed","template":"","meta":[],"product_brand":[],"product_cat":[504,8208],"product_tag":[],"class_list":{"0":"post-165291","1":"product","2":"type-product","3":"status-publish","4":"has-post-thumbnail","6":"product_cat-buerobedarf-schreibwaren","7":"product_cat-bueroelektronik","8":"pa_binding-buerobedarf-schreibwaren","9":"pa_brand-texdr","10":"pa_color-weiss","11":"pa_height-0-75-zoll","12":"pa_languages-handbuch-franzoesisch-menue-franzoesisch","13":"pa_length-6-22-zoll","14":"pa_manufacturer-texas-instruments","15":"pa_model-primaire-tbl-1e2","16":"pa_warranty-gesetzlich","17":"pa_weight-0-26-pfund","18":"pa_width-3-15-zoll","20":"first","21":"instock","22":"shipping-taxable","23":"purchasable","24":"product-type-simple","25":"customify-col","26":"product-has-gallery"},"yoast_head":"<!-- This site is optimized with the Yoast SEO plugin v27.4 - https:\/\/yoast.com\/product\/yoast-seo-wordpress\/ -->\n<title>Texas Instruments TI-PRIMAIRE PLUS Schulrechner (2-zeilig), nur mit franz\u00f6sischer Anleitung und Sprache - Markt-XXL<\/title>\n<meta name=\"description\" content=\"Markt-XXL Texas Instruments TI-PRIMAIRE PLUS Schulrechner (2-zeilig), nur mit franz\u00f6sischer Anleitung und Sprache\" \/>\n<meta name=\"robots\" content=\"index, follow, max-snippet:-1, max-image-preview:large, max-video-preview:-1\" \/>\n<link rel=\"canonical\" href=\"https:\/\/marktxxl.de\/markt\/produkt\/texas-instruments-ti-primaire-plus-schulrechner-2-zeilig-nur-mit-franzoesischer-anleitung-und-sprache\/\" \/>\n<meta property=\"og:locale\" content=\"de_DE\" \/>\n<meta property=\"og:type\" content=\"article\" \/>\n<meta property=\"og:title\" content=\"Texas Instruments TI-PRIMAIRE PLUS Schulrechner (2-zeilig), nur mit franz\u00f6sischer Anleitung und Sprache - Markt-XXL\" \/>\n<meta property=\"og:description\" content=\"Markt-XXL Texas Instruments TI-PRIMAIRE PLUS Schulrechner (2-zeilig), nur mit franz\u00f6sischer Anleitung und Sprache\" \/>\n<meta property=\"og:url\" content=\"https:\/\/marktxxl.de\/markt\/produkt\/texas-instruments-ti-primaire-plus-schulrechner-2-zeilig-nur-mit-franzoesischer-anleitung-und-sprache\/\" \/>\n<meta property=\"og:site_name\" content=\"Markt-XXL\" \/>\n<meta property=\"article:modified_time\" content=\"2023-04-08T02:19:14+00:00\" \/>\n<meta property=\"og:image\" content=\"https:\/\/m.media-amazon.com\/images\/I\/41-5GPzNTTL._SL500_.jpg\" \/>\n\t<meta property=\"og:image:width\" content=\"272\" \/>\n\t<meta property=\"og:image:height\" content=\"500\" \/>\n\t<meta property=\"og:image:type\" content=\"image\/jpeg\" \/>\n<meta name=\"twitter:card\" content=\"summary_large_image\" \/>\n<meta name=\"twitter:label1\" content=\"Gesch\u00e4tzte Lesezeit\" \/>\n\t<meta name=\"twitter:data1\" content=\"1\u00a0Minute\" \/>\n<script type=\"application\/ld+json\" class=\"yoast-schema-graph\">{\"@context\":\"https:\\\/\\\/schema.org\",\"@graph\":[{\"@type\":\"WebPage\",\"@id\":\"https:\\\/\\\/marktxxl.de\\\/markt\\\/produkt\\\/texas-instruments-ti-primaire-plus-schulrechner-2-zeilig-nur-mit-franzoesischer-anleitung-und-sprache\\\/\",\"url\":\"https:\\\/\\\/marktxxl.de\\\/markt\\\/produkt\\\/texas-instruments-ti-primaire-plus-schulrechner-2-zeilig-nur-mit-franzoesischer-anleitung-und-sprache\\\/\",\"name\":\"Texas Instruments TI-PRIMAIRE PLUS Schulrechner (2-zeilig), nur mit franz\u00f6sischer Anleitung und Sprache - Markt-XXL\",\"isPartOf\":{\"@id\":\"https:\\\/\\\/marktxxl.de\\\/markt\\\/#website\"},\"primaryImageOfPage\":{\"@id\":\"https:\\\/\\\/marktxxl.de\\\/markt\\\/produkt\\\/texas-instruments-ti-primaire-plus-schulrechner-2-zeilig-nur-mit-franzoesischer-anleitung-und-sprache\\\/#primaryimage\"},\"image\":{\"@id\":\"https:\\\/\\\/marktxxl.de\\\/markt\\\/produkt\\\/texas-instruments-ti-primaire-plus-schulrechner-2-zeilig-nur-mit-franzoesischer-anleitung-und-sprache\\\/#primaryimage\"},\"thumbnailUrl\":\"https:\\\/\\\/m.media-amazon.com\\\/images\\\/I\\\/41-5GPzNTTL._SL500_.jpg\",\"datePublished\":\"2022-11-11T05:48:14+00:00\",\"dateModified\":\"2023-04-08T02:19:14+00:00\",\"description\":\"Markt-XXL Texas Instruments TI-PRIMAIRE PLUS Schulrechner (2-zeilig), nur mit franz\u00f6sischer Anleitung und Sprache\",\"breadcrumb\":{\"@id\":\"https:\\\/\\\/marktxxl.de\\\/markt\\\/produkt\\\/texas-instruments-ti-primaire-plus-schulrechner-2-zeilig-nur-mit-franzoesischer-anleitung-und-sprache\\\/#breadcrumb\"},\"inLanguage\":\"de\",\"potentialAction\":[{\"@type\":\"ReadAction\",\"target\":[\"https:\\\/\\\/marktxxl.de\\\/markt\\\/produkt\\\/texas-instruments-ti-primaire-plus-schulrechner-2-zeilig-nur-mit-franzoesischer-anleitung-und-sprache\\\/\"]}]},{\"@type\":\"ImageObject\",\"inLanguage\":\"de\",\"@id\":\"https:\\\/\\\/marktxxl.de\\\/markt\\\/produkt\\\/texas-instruments-ti-primaire-plus-schulrechner-2-zeilig-nur-mit-franzoesischer-anleitung-und-sprache\\\/#primaryimage\",\"url\":\"https:\\\/\\\/m.media-amazon.com\\\/images\\\/I\\\/41-5GPzNTTL._SL500_.jpg\",\"contentUrl\":\"https:\\\/\\\/m.media-amazon.com\\\/images\\\/I\\\/41-5GPzNTTL._SL500_.jpg\",\"width\":272,\"height\":500},{\"@type\":\"BreadcrumbList\",\"@id\":\"https:\\\/\\\/marktxxl.de\\\/markt\\\/produkt\\\/texas-instruments-ti-primaire-plus-schulrechner-2-zeilig-nur-mit-franzoesischer-anleitung-und-sprache\\\/#breadcrumb\",\"itemListElement\":[{\"@type\":\"ListItem\",\"position\":1,\"name\":\"Startseite\",\"item\":\"https:\\\/\\\/marktxxl.de\\\/markt\\\/\"},{\"@type\":\"ListItem\",\"position\":2,\"name\":\"Markt\",\"item\":\"https:\\\/\\\/marktxxl.de\\\/markt\\\/\"},{\"@type\":\"ListItem\",\"position\":3,\"name\":\"Texas Instruments TI-PRIMAIRE PLUS Schulrechner (2-zeilig), nur mit franz\u00f6sischer Anleitung und Sprache\"}]},{\"@type\":\"WebSite\",\"@id\":\"https:\\\/\\\/marktxxl.de\\\/markt\\\/#website\",\"url\":\"https:\\\/\\\/marktxxl.de\\\/markt\\\/\",\"name\":\"Markt-XXL\",\"description\":\"Ihr Markt Online\",\"publisher\":{\"@id\":\"https:\\\/\\\/marktxxl.de\\\/markt\\\/#organization\"},\"potentialAction\":[{\"@type\":\"SearchAction\",\"target\":{\"@type\":\"EntryPoint\",\"urlTemplate\":\"https:\\\/\\\/marktxxl.de\\\/markt\\\/?s={search_term_string}\"},\"query-input\":{\"@type\":\"PropertyValueSpecification\",\"valueRequired\":true,\"valueName\":\"search_term_string\"}}],\"inLanguage\":\"de\"},{\"@type\":\"Organization\",\"@id\":\"https:\\\/\\\/marktxxl.de\\\/markt\\\/#organization\",\"name\":\"Markt-XXL\",\"url\":\"https:\\\/\\\/marktxxl.de\\\/markt\\\/\",\"logo\":{\"@type\":\"ImageObject\",\"inLanguage\":\"de\",\"@id\":\"https:\\\/\\\/marktxxl.de\\\/markt\\\/#\\\/schema\\\/logo\\\/image\\\/\",\"url\":\"https:\\\/\\\/marktxxl.de\\\/markt\\\/wp-content\\\/uploads\\\/sites\\\/3\\\/2020\\\/12\\\/logo.png\",\"contentUrl\":\"https:\\\/\\\/marktxxl.de\\\/markt\\\/wp-content\\\/uploads\\\/sites\\\/3\\\/2020\\\/12\\\/logo.png\",\"width\":200,\"height\":70,\"caption\":\"Markt-XXL\"},\"image\":{\"@id\":\"https:\\\/\\\/marktxxl.de\\\/markt\\\/#\\\/schema\\\/logo\\\/image\\\/\"}}]}<\/script>\n<!-- \/ Yoast SEO plugin. -->","yoast_head_json":{"title":"Texas Instruments TI-PRIMAIRE PLUS Schulrechner (2-zeilig), nur mit franz\u00f6sischer Anleitung und Sprache - Markt-XXL","description":"Markt-XXL Texas Instruments TI-PRIMAIRE PLUS Schulrechner (2-zeilig), nur mit franz\u00f6sischer Anleitung und Sprache","robots":{"index":"index","follow":"follow","max-snippet":"max-snippet:-1","max-image-preview":"max-image-preview:large","max-video-preview":"max-video-preview:-1"},"canonical":"https:\/\/marktxxl.de\/markt\/produkt\/texas-instruments-ti-primaire-plus-schulrechner-2-zeilig-nur-mit-franzoesischer-anleitung-und-sprache\/","og_locale":"de_DE","og_type":"article","og_title":"Texas Instruments TI-PRIMAIRE PLUS Schulrechner (2-zeilig), nur mit franz\u00f6sischer Anleitung und Sprache - Markt-XXL","og_description":"Markt-XXL Texas Instruments TI-PRIMAIRE PLUS Schulrechner (2-zeilig), nur mit franz\u00f6sischer Anleitung und Sprache","og_url":"https:\/\/marktxxl.de\/markt\/produkt\/texas-instruments-ti-primaire-plus-schulrechner-2-zeilig-nur-mit-franzoesischer-anleitung-und-sprache\/","og_site_name":"Markt-XXL","article_modified_time":"2023-04-08T02:19:14+00:00","og_image":[{"width":272,"height":500,"url":"https:\/\/m.media-amazon.com\/images\/I\/41-5GPzNTTL._SL500_.jpg","type":"image\/jpeg"}],"twitter_card":"summary_large_image","twitter_misc":{"Gesch\u00e4tzte Lesezeit":"1\u00a0Minute"},"schema":{"@context":"https:\/\/schema.org","@graph":[{"@type":"WebPage","@id":"https:\/\/marktxxl.de\/markt\/produkt\/texas-instruments-ti-primaire-plus-schulrechner-2-zeilig-nur-mit-franzoesischer-anleitung-und-sprache\/","url":"https:\/\/marktxxl.de\/markt\/produkt\/texas-instruments-ti-primaire-plus-schulrechner-2-zeilig-nur-mit-franzoesischer-anleitung-und-sprache\/","name":"Texas Instruments TI-PRIMAIRE PLUS Schulrechner (2-zeilig), nur mit franz\u00f6sischer Anleitung und Sprache - Markt-XXL","isPartOf":{"@id":"https:\/\/marktxxl.de\/markt\/#website"},"primaryImageOfPage":{"@id":"https:\/\/marktxxl.de\/markt\/produkt\/texas-instruments-ti-primaire-plus-schulrechner-2-zeilig-nur-mit-franzoesischer-anleitung-und-sprache\/#primaryimage"},"image":{"@id":"https:\/\/marktxxl.de\/markt\/produkt\/texas-instruments-ti-primaire-plus-schulrechner-2-zeilig-nur-mit-franzoesischer-anleitung-und-sprache\/#primaryimage"},"thumbnailUrl":"https:\/\/m.media-amazon.com\/images\/I\/41-5GPzNTTL._SL500_.jpg","datePublished":"2022-11-11T05:48:14+00:00","dateModified":"2023-04-08T02:19:14+00:00","description":"Markt-XXL Texas Instruments TI-PRIMAIRE PLUS Schulrechner (2-zeilig), nur mit franz\u00f6sischer Anleitung und Sprache","breadcrumb":{"@id":"https:\/\/marktxxl.de\/markt\/produkt\/texas-instruments-ti-primaire-plus-schulrechner-2-zeilig-nur-mit-franzoesischer-anleitung-und-sprache\/#breadcrumb"},"inLanguage":"de","potentialAction":[{"@type":"ReadAction","target":["https:\/\/marktxxl.de\/markt\/produkt\/texas-instruments-ti-primaire-plus-schulrechner-2-zeilig-nur-mit-franzoesischer-anleitung-und-sprache\/"]}]},{"@type":"ImageObject","inLanguage":"de","@id":"https:\/\/marktxxl.de\/markt\/produkt\/texas-instruments-ti-primaire-plus-schulrechner-2-zeilig-nur-mit-franzoesischer-anleitung-und-sprache\/#primaryimage","url":"https:\/\/m.media-amazon.com\/images\/I\/41-5GPzNTTL._SL500_.jpg","contentUrl":"https:\/\/m.media-amazon.com\/images\/I\/41-5GPzNTTL._SL500_.jpg","width":272,"height":500},{"@type":"BreadcrumbList","@id":"https:\/\/marktxxl.de\/markt\/produkt\/texas-instruments-ti-primaire-plus-schulrechner-2-zeilig-nur-mit-franzoesischer-anleitung-und-sprache\/#breadcrumb","itemListElement":[{"@type":"ListItem","position":1,"name":"Startseite","item":"https:\/\/marktxxl.de\/markt\/"},{"@type":"ListItem","position":2,"name":"Markt","item":"https:\/\/marktxxl.de\/markt\/"},{"@type":"ListItem","position":3,"name":"Texas Instruments TI-PRIMAIRE PLUS Schulrechner (2-zeilig), nur mit franz\u00f6sischer Anleitung und Sprache"}]},{"@type":"WebSite","@id":"https:\/\/marktxxl.de\/markt\/#website","url":"https:\/\/marktxxl.de\/markt\/","name":"Markt-XXL","description":"Ihr Markt Online","publisher":{"@id":"https:\/\/marktxxl.de\/markt\/#organization"},"potentialAction":[{"@type":"SearchAction","target":{"@type":"EntryPoint","urlTemplate":"https:\/\/marktxxl.de\/markt\/?s={search_term_string}"},"query-input":{"@type":"PropertyValueSpecification","valueRequired":true,"valueName":"search_term_string"}}],"inLanguage":"de"},{"@type":"Organization","@id":"https:\/\/marktxxl.de\/markt\/#organization","name":"Markt-XXL","url":"https:\/\/marktxxl.de\/markt\/","logo":{"@type":"ImageObject","inLanguage":"de","@id":"https:\/\/marktxxl.de\/markt\/#\/schema\/logo\/image\/","url":"https:\/\/marktxxl.de\/markt\/wp-content\/uploads\/sites\/3\/2020\/12\/logo.png","contentUrl":"https:\/\/marktxxl.de\/markt\/wp-content\/uploads\/sites\/3\/2020\/12\/logo.png","width":200,"height":70,"caption":"Markt-XXL"},"image":{"@id":"https:\/\/marktxxl.de\/markt\/#\/schema\/logo\/image\/"}}]}},"_links":{"self":[{"href":"https:\/\/marktxxl.de\/markt\/wp-json\/wp\/v2\/product\/165291","targetHints":{"allow":["GET"]}}],"collection":[{"href":"https:\/\/marktxxl.de\/markt\/wp-json\/wp\/v2\/product"}],"about":[{"href":"https:\/\/marktxxl.de\/markt\/wp-json\/wp\/v2\/types\/product"}],"replies":[{"embeddable":true,"href":"https:\/\/marktxxl.de\/markt\/wp-json\/wp\/v2\/comments?post=165291"}],"wp:featuredmedia":[{"embeddable":true,"href":"https:\/\/marktxxl.de\/markt\/wp-json\/wp\/v2\/media\/165292"}],"wp:attachment":[{"href":"https:\/\/marktxxl.de\/markt\/wp-json\/wp\/v2\/media?parent=165291"}],"wp:term":[{"taxonomy":"product_brand","embeddable":true,"href":"https:\/\/marktxxl.de\/markt\/wp-json\/wp\/v2\/product_brand?post=165291"},{"taxonomy":"product_cat","embeddable":true,"href":"https:\/\/marktxxl.de\/markt\/wp-json\/wp\/v2\/product_cat?post=165291"},{"taxonomy":"product_tag","embeddable":true,"href":"https:\/\/marktxxl.de\/markt\/wp-json\/wp\/v2\/product_tag?post=165291"}],"curies":[{"name":"wp","href":"https:\/\/api.w.org\/{rel}","templated":true}]}}