{"id":165188,"date":"2022-11-11T06:22:09","date_gmt":"2022-11-11T05:22:09","guid":{"rendered":"https:\/\/marktxxl.de\/markt\/produkt\/angler-fischer-angeln-angel-gutschein-angelsport-anglergeschenk-3d-klappkarte-pop-up-karte-glueckwunschkarte-grusskarte-geschenkkarte\/"},"modified":"2023-04-08T04:19:13","modified_gmt":"2023-04-08T02:19:13","slug":"angler-fischer-angeln-angel-gutschein-angelsport-anglergeschenk-3d-klappkarte-pop-up-karte-glueckwunschkarte-grusskarte-geschenkkarte","status":"publish","type":"product","link":"https:\/\/marktxxl.de\/markt\/produkt\/angler-fischer-angeln-angel-gutschein-angelsport-anglergeschenk-3d-klappkarte-pop-up-karte-glueckwunschkarte-grusskarte-geschenkkarte\/","title":{"rendered":"design3dkarten Pop-Up Karte f\u00fcr Angler &#8211; Gl\u00fcckwunschkarte zum Geburtstag, Angelschein oder Ruhestand. Ideal als\u2026"},"content":{"rendered":"<p>QUALIT\u00c4T &#8211; 3d Klappkarte Angler von design3dkarten. Hergestellt aus hochwertigem italienischem Papier (Fedrigoni \/ Cordenons) aus einer nachhaltigen Waldwirtschaft mit FSC Zertifizierung.<br \/>\nDIE KARTE F\u00dcR DEN BESONDEREN ANLASS &#8211; zaubert dem Betrachter beim \u00d6ffnen der Karte durch ihr einzigartiges Design ein L\u00e4cheln auf das Gesicht.<br \/>\nFORMAT, LIEFERUMFANG &#8211; ca. 14cm x 17cm, Umschlag: 14,5cm x 17,5cm, Gewicht: 39g, Lieferumfang: 3D Karte, Umschlag, Schutzh\u00fclle<br \/>\nHERSTELLUNG &#8211; am PC entworfen, per Laser ausgeschnitten und in Handarbeit mit viel liebe zum Detail stellen wir unsere Karten nach deutschem Qualit\u00e4tsstandard her. Wir sind ein kleiner Familienbetrieb und arbeiten unter fairen und famili\u00e4ren Arbeitsbedingungen<br \/>\nVERSANDKOSTENFREIE Lieferung nach Deutschland! Schauen Sie sich auch unsere weiteren Motive an, vielleicht haben wir die passende Karte f\u00fcr Ihren n\u00e4chsten Anlass.<br \/>\n<div class=\"main-cross-sell\" data-asin=\"B08BPH8PY4\">\n\n\t<div class=\"WooZone-cross-sell-loader\">\n\t\t<div>\n\t\t\t<div id=\"floatingBarsG\">\n\t\t\t\t<div class=\"blockG\" id=\"rotateG_01\"><\/div>\n\t\t\t\t<div class=\"blockG\" id=\"rotateG_02\"><\/div>\n\t\t\t\t<div class=\"blockG\" id=\"rotateG_03\"><\/div>\n\t\t\t\t<div class=\"blockG\" id=\"rotateG_04\"><\/div>\n\t\t\t\t<div class=\"blockG\" id=\"rotateG_05\"><\/div>\n\t\t\t\t<div class=\"blockG\" id=\"rotateG_06\"><\/div>\n\t\t\t\t<div class=\"blockG\" id=\"rotateG_07\"><\/div>\n\t\t\t\t<div class=\"blockG\" id=\"rotateG_08\"><\/div>\n\t\t\t<\/div>\n\t\t\t<div class=\"WooZone-cross-sell-loader-text\"><\/div>\n\t\t<\/div>\n\t<\/div>\n\n\t\t\n<\/div>\n<div style=\"clear:both;\"><\/div><\/p>\n","protected":false},"excerpt":{"rendered":"<p>QUALIT\u00c4T &#8211; 3d Klappkarte Angler von design3dkarten. Hergestellt aus hochwertigem italienischem Papier (Fedrigoni \/ Cordenons) aus einer nachhaltigen Waldwirtschaft mit FSC Zertifizierung.<br \/>\nDIE KARTE F\u00dcR DEN BESONDEREN ANLASS &#8211; zaubert dem Betrachter beim \u00d6ffnen der Karte durch ihr einzigartiges Design ein L\u00e4cheln auf das Gesicht.<br \/>\nFORMAT, LIEFERUMFANG &#8211; ca. 14cm x 17cm, Umschlag: 14,5cm x 17,5cm, Gewicht: 39g, Lieferumfang: 3D Karte, Umschlag, Schutzh\u00fclle<\/p>\n","protected":false},"featured_media":165189,"comment_status":"open","ping_status":"closed","template":"","meta":[],"product_brand":[],"product_cat":[504],"product_tag":[],"class_list":{"0":"post-165188","1":"product","2":"type-product","3":"status-publish","4":"has-post-thumbnail","6":"product_cat-buerobedarf-schreibwaren","7":"pa_brand-design3dkarten","8":"pa_manufacturer-design3dkarten","10":"first","11":"instock","12":"shipping-taxable","13":"purchasable","14":"product-type-simple","15":"customify-col","16":"product-has-gallery"},"yoast_head":"<!-- This site is optimized with the Yoast SEO plugin v27.4 - https:\/\/yoast.com\/product\/yoast-seo-wordpress\/ -->\n<title>design3dkarten Pop-Up Karte f\u00fcr Angler - Gl\u00fcckwunschkarte zum Geburtstag, Angelschein oder Ruhestand. Ideal als\u2026 - Markt-XXL<\/title>\n<meta name=\"description\" content=\"Markt-XXL design3dkarten Pop-Up Karte f\u00fcr Angler - Gl\u00fcckwunschkarte zum Geburtstag, Angelschein oder Ruhestand. Ideal als\u2026\" \/>\n<meta name=\"robots\" content=\"index, follow, max-snippet:-1, max-image-preview:large, max-video-preview:-1\" \/>\n<link rel=\"canonical\" href=\"https:\/\/marktxxl.de\/markt\/produkt\/angler-fischer-angeln-angel-gutschein-angelsport-anglergeschenk-3d-klappkarte-pop-up-karte-glueckwunschkarte-grusskarte-geschenkkarte\/\" \/>\n<meta property=\"og:locale\" content=\"de_DE\" \/>\n<meta property=\"og:type\" content=\"article\" \/>\n<meta property=\"og:title\" content=\"design3dkarten Pop-Up Karte f\u00fcr Angler - Gl\u00fcckwunschkarte zum Geburtstag, Angelschein oder Ruhestand. Ideal als\u2026 - Markt-XXL\" \/>\n<meta property=\"og:description\" content=\"Markt-XXL design3dkarten Pop-Up Karte f\u00fcr Angler - Gl\u00fcckwunschkarte zum Geburtstag, Angelschein oder Ruhestand. Ideal als\u2026\" \/>\n<meta property=\"og:url\" content=\"https:\/\/marktxxl.de\/markt\/produkt\/angler-fischer-angeln-angel-gutschein-angelsport-anglergeschenk-3d-klappkarte-pop-up-karte-glueckwunschkarte-grusskarte-geschenkkarte\/\" \/>\n<meta property=\"og:site_name\" content=\"Markt-XXL\" \/>\n<meta property=\"article:modified_time\" content=\"2023-04-08T02:19:13+00:00\" \/>\n<meta property=\"og:image\" content=\"https:\/\/m.media-amazon.com\/images\/I\/31LkoiskDIL._SL500_.jpg\" \/>\n\t<meta property=\"og:image:width\" content=\"500\" \/>\n\t<meta property=\"og:image:height\" content=\"334\" \/>\n\t<meta property=\"og:image:type\" content=\"image\/jpeg\" \/>\n<meta name=\"twitter:card\" content=\"summary_large_image\" \/>\n<meta name=\"twitter:label1\" content=\"Gesch\u00e4tzte Lesezeit\" \/>\n\t<meta name=\"twitter:data1\" content=\"1\u00a0Minute\" \/>\n<script type=\"application\/ld+json\" class=\"yoast-schema-graph\">{\"@context\":\"https:\\\/\\\/schema.org\",\"@graph\":[{\"@type\":\"WebPage\",\"@id\":\"https:\\\/\\\/marktxxl.de\\\/markt\\\/produkt\\\/angler-fischer-angeln-angel-gutschein-angelsport-anglergeschenk-3d-klappkarte-pop-up-karte-glueckwunschkarte-grusskarte-geschenkkarte\\\/\",\"url\":\"https:\\\/\\\/marktxxl.de\\\/markt\\\/produkt\\\/angler-fischer-angeln-angel-gutschein-angelsport-anglergeschenk-3d-klappkarte-pop-up-karte-glueckwunschkarte-grusskarte-geschenkkarte\\\/\",\"name\":\"design3dkarten Pop-Up Karte f\u00fcr Angler - Gl\u00fcckwunschkarte zum Geburtstag, Angelschein oder Ruhestand. Ideal als\u2026 - Markt-XXL\",\"isPartOf\":{\"@id\":\"https:\\\/\\\/marktxxl.de\\\/markt\\\/#website\"},\"primaryImageOfPage\":{\"@id\":\"https:\\\/\\\/marktxxl.de\\\/markt\\\/produkt\\\/angler-fischer-angeln-angel-gutschein-angelsport-anglergeschenk-3d-klappkarte-pop-up-karte-glueckwunschkarte-grusskarte-geschenkkarte\\\/#primaryimage\"},\"image\":{\"@id\":\"https:\\\/\\\/marktxxl.de\\\/markt\\\/produkt\\\/angler-fischer-angeln-angel-gutschein-angelsport-anglergeschenk-3d-klappkarte-pop-up-karte-glueckwunschkarte-grusskarte-geschenkkarte\\\/#primaryimage\"},\"thumbnailUrl\":\"https:\\\/\\\/m.media-amazon.com\\\/images\\\/I\\\/31LkoiskDIL._SL500_.jpg\",\"datePublished\":\"2022-11-11T05:22:09+00:00\",\"dateModified\":\"2023-04-08T02:19:13+00:00\",\"description\":\"Markt-XXL design3dkarten Pop-Up Karte f\u00fcr Angler - Gl\u00fcckwunschkarte zum Geburtstag, Angelschein oder Ruhestand. Ideal als\u2026\",\"breadcrumb\":{\"@id\":\"https:\\\/\\\/marktxxl.de\\\/markt\\\/produkt\\\/angler-fischer-angeln-angel-gutschein-angelsport-anglergeschenk-3d-klappkarte-pop-up-karte-glueckwunschkarte-grusskarte-geschenkkarte\\\/#breadcrumb\"},\"inLanguage\":\"de\",\"potentialAction\":[{\"@type\":\"ReadAction\",\"target\":[\"https:\\\/\\\/marktxxl.de\\\/markt\\\/produkt\\\/angler-fischer-angeln-angel-gutschein-angelsport-anglergeschenk-3d-klappkarte-pop-up-karte-glueckwunschkarte-grusskarte-geschenkkarte\\\/\"]}]},{\"@type\":\"ImageObject\",\"inLanguage\":\"de\",\"@id\":\"https:\\\/\\\/marktxxl.de\\\/markt\\\/produkt\\\/angler-fischer-angeln-angel-gutschein-angelsport-anglergeschenk-3d-klappkarte-pop-up-karte-glueckwunschkarte-grusskarte-geschenkkarte\\\/#primaryimage\",\"url\":\"https:\\\/\\\/m.media-amazon.com\\\/images\\\/I\\\/31LkoiskDIL._SL500_.jpg\",\"contentUrl\":\"https:\\\/\\\/m.media-amazon.com\\\/images\\\/I\\\/31LkoiskDIL._SL500_.jpg\",\"width\":500,\"height\":334},{\"@type\":\"BreadcrumbList\",\"@id\":\"https:\\\/\\\/marktxxl.de\\\/markt\\\/produkt\\\/angler-fischer-angeln-angel-gutschein-angelsport-anglergeschenk-3d-klappkarte-pop-up-karte-glueckwunschkarte-grusskarte-geschenkkarte\\\/#breadcrumb\",\"itemListElement\":[{\"@type\":\"ListItem\",\"position\":1,\"name\":\"Startseite\",\"item\":\"https:\\\/\\\/marktxxl.de\\\/markt\\\/\"},{\"@type\":\"ListItem\",\"position\":2,\"name\":\"Markt\",\"item\":\"https:\\\/\\\/marktxxl.de\\\/markt\\\/\"},{\"@type\":\"ListItem\",\"position\":3,\"name\":\"design3dkarten Pop-Up Karte f\u00fcr Angler &#8211; Gl\u00fcckwunschkarte zum Geburtstag, Angelschein oder Ruhestand. Ideal als\u2026\"}]},{\"@type\":\"WebSite\",\"@id\":\"https:\\\/\\\/marktxxl.de\\\/markt\\\/#website\",\"url\":\"https:\\\/\\\/marktxxl.de\\\/markt\\\/\",\"name\":\"Markt-XXL\",\"description\":\"Ihr Markt Online\",\"publisher\":{\"@id\":\"https:\\\/\\\/marktxxl.de\\\/markt\\\/#organization\"},\"potentialAction\":[{\"@type\":\"SearchAction\",\"target\":{\"@type\":\"EntryPoint\",\"urlTemplate\":\"https:\\\/\\\/marktxxl.de\\\/markt\\\/?s={search_term_string}\"},\"query-input\":{\"@type\":\"PropertyValueSpecification\",\"valueRequired\":true,\"valueName\":\"search_term_string\"}}],\"inLanguage\":\"de\"},{\"@type\":\"Organization\",\"@id\":\"https:\\\/\\\/marktxxl.de\\\/markt\\\/#organization\",\"name\":\"Markt-XXL\",\"url\":\"https:\\\/\\\/marktxxl.de\\\/markt\\\/\",\"logo\":{\"@type\":\"ImageObject\",\"inLanguage\":\"de\",\"@id\":\"https:\\\/\\\/marktxxl.de\\\/markt\\\/#\\\/schema\\\/logo\\\/image\\\/\",\"url\":\"https:\\\/\\\/marktxxl.de\\\/markt\\\/wp-content\\\/uploads\\\/sites\\\/3\\\/2020\\\/12\\\/logo.png\",\"contentUrl\":\"https:\\\/\\\/marktxxl.de\\\/markt\\\/wp-content\\\/uploads\\\/sites\\\/3\\\/2020\\\/12\\\/logo.png\",\"width\":200,\"height\":70,\"caption\":\"Markt-XXL\"},\"image\":{\"@id\":\"https:\\\/\\\/marktxxl.de\\\/markt\\\/#\\\/schema\\\/logo\\\/image\\\/\"}}]}<\/script>\n<!-- \/ Yoast SEO plugin. -->","yoast_head_json":{"title":"design3dkarten Pop-Up Karte f\u00fcr Angler - Gl\u00fcckwunschkarte zum Geburtstag, Angelschein oder Ruhestand. Ideal als\u2026 - Markt-XXL","description":"Markt-XXL design3dkarten Pop-Up Karte f\u00fcr Angler - Gl\u00fcckwunschkarte zum Geburtstag, Angelschein oder Ruhestand. Ideal als\u2026","robots":{"index":"index","follow":"follow","max-snippet":"max-snippet:-1","max-image-preview":"max-image-preview:large","max-video-preview":"max-video-preview:-1"},"canonical":"https:\/\/marktxxl.de\/markt\/produkt\/angler-fischer-angeln-angel-gutschein-angelsport-anglergeschenk-3d-klappkarte-pop-up-karte-glueckwunschkarte-grusskarte-geschenkkarte\/","og_locale":"de_DE","og_type":"article","og_title":"design3dkarten Pop-Up Karte f\u00fcr Angler - Gl\u00fcckwunschkarte zum Geburtstag, Angelschein oder Ruhestand. Ideal als\u2026 - Markt-XXL","og_description":"Markt-XXL design3dkarten Pop-Up Karte f\u00fcr Angler - Gl\u00fcckwunschkarte zum Geburtstag, Angelschein oder Ruhestand. Ideal als\u2026","og_url":"https:\/\/marktxxl.de\/markt\/produkt\/angler-fischer-angeln-angel-gutschein-angelsport-anglergeschenk-3d-klappkarte-pop-up-karte-glueckwunschkarte-grusskarte-geschenkkarte\/","og_site_name":"Markt-XXL","article_modified_time":"2023-04-08T02:19:13+00:00","og_image":[{"width":500,"height":334,"url":"https:\/\/m.media-amazon.com\/images\/I\/31LkoiskDIL._SL500_.jpg","type":"image\/jpeg"}],"twitter_card":"summary_large_image","twitter_misc":{"Gesch\u00e4tzte Lesezeit":"1\u00a0Minute"},"schema":{"@context":"https:\/\/schema.org","@graph":[{"@type":"WebPage","@id":"https:\/\/marktxxl.de\/markt\/produkt\/angler-fischer-angeln-angel-gutschein-angelsport-anglergeschenk-3d-klappkarte-pop-up-karte-glueckwunschkarte-grusskarte-geschenkkarte\/","url":"https:\/\/marktxxl.de\/markt\/produkt\/angler-fischer-angeln-angel-gutschein-angelsport-anglergeschenk-3d-klappkarte-pop-up-karte-glueckwunschkarte-grusskarte-geschenkkarte\/","name":"design3dkarten Pop-Up Karte f\u00fcr Angler - Gl\u00fcckwunschkarte zum Geburtstag, Angelschein oder Ruhestand. Ideal als\u2026 - Markt-XXL","isPartOf":{"@id":"https:\/\/marktxxl.de\/markt\/#website"},"primaryImageOfPage":{"@id":"https:\/\/marktxxl.de\/markt\/produkt\/angler-fischer-angeln-angel-gutschein-angelsport-anglergeschenk-3d-klappkarte-pop-up-karte-glueckwunschkarte-grusskarte-geschenkkarte\/#primaryimage"},"image":{"@id":"https:\/\/marktxxl.de\/markt\/produkt\/angler-fischer-angeln-angel-gutschein-angelsport-anglergeschenk-3d-klappkarte-pop-up-karte-glueckwunschkarte-grusskarte-geschenkkarte\/#primaryimage"},"thumbnailUrl":"https:\/\/m.media-amazon.com\/images\/I\/31LkoiskDIL._SL500_.jpg","datePublished":"2022-11-11T05:22:09+00:00","dateModified":"2023-04-08T02:19:13+00:00","description":"Markt-XXL design3dkarten Pop-Up Karte f\u00fcr Angler - Gl\u00fcckwunschkarte zum Geburtstag, Angelschein oder Ruhestand. Ideal als\u2026","breadcrumb":{"@id":"https:\/\/marktxxl.de\/markt\/produkt\/angler-fischer-angeln-angel-gutschein-angelsport-anglergeschenk-3d-klappkarte-pop-up-karte-glueckwunschkarte-grusskarte-geschenkkarte\/#breadcrumb"},"inLanguage":"de","potentialAction":[{"@type":"ReadAction","target":["https:\/\/marktxxl.de\/markt\/produkt\/angler-fischer-angeln-angel-gutschein-angelsport-anglergeschenk-3d-klappkarte-pop-up-karte-glueckwunschkarte-grusskarte-geschenkkarte\/"]}]},{"@type":"ImageObject","inLanguage":"de","@id":"https:\/\/marktxxl.de\/markt\/produkt\/angler-fischer-angeln-angel-gutschein-angelsport-anglergeschenk-3d-klappkarte-pop-up-karte-glueckwunschkarte-grusskarte-geschenkkarte\/#primaryimage","url":"https:\/\/m.media-amazon.com\/images\/I\/31LkoiskDIL._SL500_.jpg","contentUrl":"https:\/\/m.media-amazon.com\/images\/I\/31LkoiskDIL._SL500_.jpg","width":500,"height":334},{"@type":"BreadcrumbList","@id":"https:\/\/marktxxl.de\/markt\/produkt\/angler-fischer-angeln-angel-gutschein-angelsport-anglergeschenk-3d-klappkarte-pop-up-karte-glueckwunschkarte-grusskarte-geschenkkarte\/#breadcrumb","itemListElement":[{"@type":"ListItem","position":1,"name":"Startseite","item":"https:\/\/marktxxl.de\/markt\/"},{"@type":"ListItem","position":2,"name":"Markt","item":"https:\/\/marktxxl.de\/markt\/"},{"@type":"ListItem","position":3,"name":"design3dkarten Pop-Up Karte f\u00fcr Angler &#8211; Gl\u00fcckwunschkarte zum Geburtstag, Angelschein oder Ruhestand. Ideal als\u2026"}]},{"@type":"WebSite","@id":"https:\/\/marktxxl.de\/markt\/#website","url":"https:\/\/marktxxl.de\/markt\/","name":"Markt-XXL","description":"Ihr Markt Online","publisher":{"@id":"https:\/\/marktxxl.de\/markt\/#organization"},"potentialAction":[{"@type":"SearchAction","target":{"@type":"EntryPoint","urlTemplate":"https:\/\/marktxxl.de\/markt\/?s={search_term_string}"},"query-input":{"@type":"PropertyValueSpecification","valueRequired":true,"valueName":"search_term_string"}}],"inLanguage":"de"},{"@type":"Organization","@id":"https:\/\/marktxxl.de\/markt\/#organization","name":"Markt-XXL","url":"https:\/\/marktxxl.de\/markt\/","logo":{"@type":"ImageObject","inLanguage":"de","@id":"https:\/\/marktxxl.de\/markt\/#\/schema\/logo\/image\/","url":"https:\/\/marktxxl.de\/markt\/wp-content\/uploads\/sites\/3\/2020\/12\/logo.png","contentUrl":"https:\/\/marktxxl.de\/markt\/wp-content\/uploads\/sites\/3\/2020\/12\/logo.png","width":200,"height":70,"caption":"Markt-XXL"},"image":{"@id":"https:\/\/marktxxl.de\/markt\/#\/schema\/logo\/image\/"}}]}},"_links":{"self":[{"href":"https:\/\/marktxxl.de\/markt\/wp-json\/wp\/v2\/product\/165188","targetHints":{"allow":["GET"]}}],"collection":[{"href":"https:\/\/marktxxl.de\/markt\/wp-json\/wp\/v2\/product"}],"about":[{"href":"https:\/\/marktxxl.de\/markt\/wp-json\/wp\/v2\/types\/product"}],"replies":[{"embeddable":true,"href":"https:\/\/marktxxl.de\/markt\/wp-json\/wp\/v2\/comments?post=165188"}],"wp:featuredmedia":[{"embeddable":true,"href":"https:\/\/marktxxl.de\/markt\/wp-json\/wp\/v2\/media\/165189"}],"wp:attachment":[{"href":"https:\/\/marktxxl.de\/markt\/wp-json\/wp\/v2\/media?parent=165188"}],"wp:term":[{"taxonomy":"product_brand","embeddable":true,"href":"https:\/\/marktxxl.de\/markt\/wp-json\/wp\/v2\/product_brand?post=165188"},{"taxonomy":"product_cat","embeddable":true,"href":"https:\/\/marktxxl.de\/markt\/wp-json\/wp\/v2\/product_cat?post=165188"},{"taxonomy":"product_tag","embeddable":true,"href":"https:\/\/marktxxl.de\/markt\/wp-json\/wp\/v2\/product_tag?post=165188"}],"curies":[{"name":"wp","href":"https:\/\/api.w.org\/{rel}","templated":true}]}}