{"id":164649,"date":"2022-11-11T05:41:21","date_gmt":"2022-11-11T04:41:21","guid":{"rendered":"https:\/\/marktxxl.de\/markt\/produkt\/osaladi-100pcs-led-ballon-licht-superhelle-runde-mini-ballon-licht-led-party-licht-fuer-halloween-weihnachten-hochzeit-papierlaterne-ballon-warmes-licht\/"},"modified":"2023-04-10T04:57:14","modified_gmt":"2023-04-10T02:57:14","slug":"osaladi-100pcs-led-ballon-licht-superhelle-runde-mini-ballon-licht-led-party-licht-fuer-halloween-weihnachten-hochzeit-papierlaterne-ballon-warmes-licht","status":"publish","type":"product","link":"https:\/\/marktxxl.de\/markt\/produkt\/osaladi-100pcs-led-ballon-licht-superhelle-runde-mini-ballon-licht-led-party-licht-fuer-halloween-weihnachten-hochzeit-papierlaterne-ballon-warmes-licht\/","title":{"rendered":"OSALADI 100pcs LED Ballon Licht, Superhelle Runde Mini Ballon Licht LED Party Licht f\u00fcr Halloween Weihnachten Hochzeit\u2026"},"content":{"rendered":"<p>LED-Ballon-Licht \u2013 einfach zu installieren, warme LED-Lichtquelle, hohes Licht, W\u00e4rmestrahlung, nicht blinkend. LED durch Drehen der Basis ein- und ausschalten.<br \/>\nWiederaufladbare Batterien \u2013 1,5 V wiederaufladbare Knopfbatterie, umweltfreundlich und energiesparend.<br \/>\nEinfach zu bedienen \u2013 Ziehen Sie einfach die Isolierfolie heraus, bevor Sie sie in die Luftballons, Papierlaternen, Vasen, Flaschen oder andere Tafelaufs\u00e4tze stecken.<br \/>\nHohe Qualit\u00e4t \u2013 Aus hochwertigem Kunststoffmaterial, leicht und langlebig. Diese Ballonlicht zeichnet sich durch hohe Durchl\u00e4ssigkeit und Umweltschutz aus.<br \/>\nVielf\u00e4ltige Anwendungsm\u00f6glichkeiten: Perfekt f\u00fcr die Dekoration von Partys, Hochzeiten, Geburtstagen, Jubil\u00e4en, Weihnachten, Halloween. Aber auch ein Muss f\u00fcr Ihre Freunde und Familie.<br \/>\n<div class=\"main-cross-sell\" data-asin=\"B07X42RWGP\">\n\n\t<div class=\"WooZone-cross-sell-loader\">\n\t\t<div>\n\t\t\t<div id=\"floatingBarsG\">\n\t\t\t\t<div class=\"blockG\" id=\"rotateG_01\"><\/div>\n\t\t\t\t<div class=\"blockG\" id=\"rotateG_02\"><\/div>\n\t\t\t\t<div class=\"blockG\" id=\"rotateG_03\"><\/div>\n\t\t\t\t<div class=\"blockG\" id=\"rotateG_04\"><\/div>\n\t\t\t\t<div class=\"blockG\" id=\"rotateG_05\"><\/div>\n\t\t\t\t<div class=\"blockG\" id=\"rotateG_06\"><\/div>\n\t\t\t\t<div class=\"blockG\" id=\"rotateG_07\"><\/div>\n\t\t\t\t<div class=\"blockG\" id=\"rotateG_08\"><\/div>\n\t\t\t<\/div>\n\t\t\t<div class=\"WooZone-cross-sell-loader-text\"><\/div>\n\t\t<\/div>\n\t<\/div>\n\n\t\t\n<\/div>\n<div style=\"clear:both;\"><\/div><\/p>\n","protected":false},"excerpt":{"rendered":"<p>LED-Ballon-Licht \u2013 einfach zu installieren, warme LED-Lichtquelle, hohes Licht, W\u00e4rmestrahlung, nicht blinkend. LED durch Drehen der Basis ein- und ausschalten.<br \/>\nWiederaufladbare Batterien \u2013 1,5 V wiederaufladbare Knopfbatterie, umweltfreundlich und energiesparend.<br \/>\nEinfach zu bedienen \u2013 Ziehen Sie einfach die Isolierfolie heraus, bevor Sie sie in die Luftballons, Papierlaternen, Vasen, Flaschen oder andere Tafelaufs\u00e4tze stecken.<\/p>\n","protected":false},"featured_media":164650,"comment_status":"open","ping_status":"closed","template":"","meta":[],"product_brand":[],"product_cat":[2108,11521],"product_tag":[],"class_list":{"0":"post-164649","1":"product","2":"type-product","3":"status-publish","4":"has-post-thumbnail","6":"product_cat-beleuchtung","7":"product_cat-leuchtmittel","8":"pa_brand-osaladi","9":"pa_color-siehe-abbildung","10":"pa_height-0-5905511805-zoll","11":"pa_length-0-5905511805-zoll","12":"pa_manufacturer-osaladi","13":"pa_size-100-stueck-1er-pack","14":"pa_weight-0-41446905256-pfund","15":"pa_width-0-5905511805-zoll","17":"first","18":"instock","19":"shipping-taxable","20":"purchasable","21":"product-type-simple","22":"customify-col","23":"product-has-gallery"},"yoast_head":"<!-- This site is optimized with the Yoast SEO plugin v27.4 - https:\/\/yoast.com\/product\/yoast-seo-wordpress\/ -->\n<title>OSALADI 100pcs LED Ballon Licht, Superhelle Runde Mini Ballon Licht LED Party Licht f\u00fcr Halloween Weihnachten Hochzeit\u2026 - Markt-XXL<\/title>\n<meta name=\"description\" content=\"Markt-XXL OSALADI 100pcs LED Ballon Licht, Superhelle Runde Mini Ballon Licht LED Party Licht f\u00fcr Halloween Weihnachten Hochzeit\u2026\" \/>\n<meta name=\"robots\" content=\"index, follow, max-snippet:-1, max-image-preview:large, max-video-preview:-1\" \/>\n<link rel=\"canonical\" href=\"https:\/\/marktxxl.de\/markt\/produkt\/osaladi-100pcs-led-ballon-licht-superhelle-runde-mini-ballon-licht-led-party-licht-fuer-halloween-weihnachten-hochzeit-papierlaterne-ballon-warmes-licht\/\" \/>\n<meta property=\"og:locale\" content=\"de_DE\" \/>\n<meta property=\"og:type\" content=\"article\" \/>\n<meta property=\"og:title\" content=\"OSALADI 100pcs LED Ballon Licht, Superhelle Runde Mini Ballon Licht LED Party Licht f\u00fcr Halloween Weihnachten Hochzeit\u2026 - Markt-XXL\" \/>\n<meta property=\"og:description\" content=\"Markt-XXL OSALADI 100pcs LED Ballon Licht, Superhelle Runde Mini Ballon Licht LED Party Licht f\u00fcr Halloween Weihnachten Hochzeit\u2026\" \/>\n<meta property=\"og:url\" content=\"https:\/\/marktxxl.de\/markt\/produkt\/osaladi-100pcs-led-ballon-licht-superhelle-runde-mini-ballon-licht-led-party-licht-fuer-halloween-weihnachten-hochzeit-papierlaterne-ballon-warmes-licht\/\" \/>\n<meta property=\"og:site_name\" content=\"Markt-XXL\" \/>\n<meta property=\"article:modified_time\" content=\"2023-04-10T02:57:14+00:00\" \/>\n<meta property=\"og:image\" content=\"https:\/\/m.media-amazon.com\/images\/I\/31RVzSxtJUL._SL500_.jpg\" \/>\n\t<meta property=\"og:image:width\" content=\"500\" \/>\n\t<meta property=\"og:image:height\" content=\"500\" \/>\n\t<meta property=\"og:image:type\" content=\"image\/jpeg\" \/>\n<meta name=\"twitter:card\" content=\"summary_large_image\" \/>\n<meta name=\"twitter:label1\" content=\"Gesch\u00e4tzte Lesezeit\" \/>\n\t<meta name=\"twitter:data1\" content=\"1\u00a0Minute\" \/>\n<script type=\"application\/ld+json\" class=\"yoast-schema-graph\">{\"@context\":\"https:\\\/\\\/schema.org\",\"@graph\":[{\"@type\":\"WebPage\",\"@id\":\"https:\\\/\\\/marktxxl.de\\\/markt\\\/produkt\\\/osaladi-100pcs-led-ballon-licht-superhelle-runde-mini-ballon-licht-led-party-licht-fuer-halloween-weihnachten-hochzeit-papierlaterne-ballon-warmes-licht\\\/\",\"url\":\"https:\\\/\\\/marktxxl.de\\\/markt\\\/produkt\\\/osaladi-100pcs-led-ballon-licht-superhelle-runde-mini-ballon-licht-led-party-licht-fuer-halloween-weihnachten-hochzeit-papierlaterne-ballon-warmes-licht\\\/\",\"name\":\"OSALADI 100pcs LED Ballon Licht, Superhelle Runde Mini Ballon Licht LED Party Licht f\u00fcr Halloween Weihnachten Hochzeit\u2026 - Markt-XXL\",\"isPartOf\":{\"@id\":\"https:\\\/\\\/marktxxl.de\\\/markt\\\/#website\"},\"primaryImageOfPage\":{\"@id\":\"https:\\\/\\\/marktxxl.de\\\/markt\\\/produkt\\\/osaladi-100pcs-led-ballon-licht-superhelle-runde-mini-ballon-licht-led-party-licht-fuer-halloween-weihnachten-hochzeit-papierlaterne-ballon-warmes-licht\\\/#primaryimage\"},\"image\":{\"@id\":\"https:\\\/\\\/marktxxl.de\\\/markt\\\/produkt\\\/osaladi-100pcs-led-ballon-licht-superhelle-runde-mini-ballon-licht-led-party-licht-fuer-halloween-weihnachten-hochzeit-papierlaterne-ballon-warmes-licht\\\/#primaryimage\"},\"thumbnailUrl\":\"https:\\\/\\\/m.media-amazon.com\\\/images\\\/I\\\/31RVzSxtJUL._SL500_.jpg\",\"datePublished\":\"2022-11-11T04:41:21+00:00\",\"dateModified\":\"2023-04-10T02:57:14+00:00\",\"description\":\"Markt-XXL OSALADI 100pcs LED Ballon Licht, Superhelle Runde Mini Ballon Licht LED Party Licht f\u00fcr Halloween Weihnachten Hochzeit\u2026\",\"breadcrumb\":{\"@id\":\"https:\\\/\\\/marktxxl.de\\\/markt\\\/produkt\\\/osaladi-100pcs-led-ballon-licht-superhelle-runde-mini-ballon-licht-led-party-licht-fuer-halloween-weihnachten-hochzeit-papierlaterne-ballon-warmes-licht\\\/#breadcrumb\"},\"inLanguage\":\"de\",\"potentialAction\":[{\"@type\":\"ReadAction\",\"target\":[\"https:\\\/\\\/marktxxl.de\\\/markt\\\/produkt\\\/osaladi-100pcs-led-ballon-licht-superhelle-runde-mini-ballon-licht-led-party-licht-fuer-halloween-weihnachten-hochzeit-papierlaterne-ballon-warmes-licht\\\/\"]}]},{\"@type\":\"ImageObject\",\"inLanguage\":\"de\",\"@id\":\"https:\\\/\\\/marktxxl.de\\\/markt\\\/produkt\\\/osaladi-100pcs-led-ballon-licht-superhelle-runde-mini-ballon-licht-led-party-licht-fuer-halloween-weihnachten-hochzeit-papierlaterne-ballon-warmes-licht\\\/#primaryimage\",\"url\":\"https:\\\/\\\/m.media-amazon.com\\\/images\\\/I\\\/31RVzSxtJUL._SL500_.jpg\",\"contentUrl\":\"https:\\\/\\\/m.media-amazon.com\\\/images\\\/I\\\/31RVzSxtJUL._SL500_.jpg\",\"width\":500,\"height\":500},{\"@type\":\"BreadcrumbList\",\"@id\":\"https:\\\/\\\/marktxxl.de\\\/markt\\\/produkt\\\/osaladi-100pcs-led-ballon-licht-superhelle-runde-mini-ballon-licht-led-party-licht-fuer-halloween-weihnachten-hochzeit-papierlaterne-ballon-warmes-licht\\\/#breadcrumb\",\"itemListElement\":[{\"@type\":\"ListItem\",\"position\":1,\"name\":\"Startseite\",\"item\":\"https:\\\/\\\/marktxxl.de\\\/markt\\\/\"},{\"@type\":\"ListItem\",\"position\":2,\"name\":\"Markt\",\"item\":\"https:\\\/\\\/marktxxl.de\\\/markt\\\/\"},{\"@type\":\"ListItem\",\"position\":3,\"name\":\"OSALADI 100pcs LED Ballon Licht, Superhelle Runde Mini Ballon Licht LED Party Licht f\u00fcr Halloween Weihnachten Hochzeit\u2026\"}]},{\"@type\":\"WebSite\",\"@id\":\"https:\\\/\\\/marktxxl.de\\\/markt\\\/#website\",\"url\":\"https:\\\/\\\/marktxxl.de\\\/markt\\\/\",\"name\":\"Markt-XXL\",\"description\":\"Ihr Markt Online\",\"publisher\":{\"@id\":\"https:\\\/\\\/marktxxl.de\\\/markt\\\/#organization\"},\"potentialAction\":[{\"@type\":\"SearchAction\",\"target\":{\"@type\":\"EntryPoint\",\"urlTemplate\":\"https:\\\/\\\/marktxxl.de\\\/markt\\\/?s={search_term_string}\"},\"query-input\":{\"@type\":\"PropertyValueSpecification\",\"valueRequired\":true,\"valueName\":\"search_term_string\"}}],\"inLanguage\":\"de\"},{\"@type\":\"Organization\",\"@id\":\"https:\\\/\\\/marktxxl.de\\\/markt\\\/#organization\",\"name\":\"Markt-XXL\",\"url\":\"https:\\\/\\\/marktxxl.de\\\/markt\\\/\",\"logo\":{\"@type\":\"ImageObject\",\"inLanguage\":\"de\",\"@id\":\"https:\\\/\\\/marktxxl.de\\\/markt\\\/#\\\/schema\\\/logo\\\/image\\\/\",\"url\":\"https:\\\/\\\/marktxxl.de\\\/markt\\\/wp-content\\\/uploads\\\/sites\\\/3\\\/2020\\\/12\\\/logo.png\",\"contentUrl\":\"https:\\\/\\\/marktxxl.de\\\/markt\\\/wp-content\\\/uploads\\\/sites\\\/3\\\/2020\\\/12\\\/logo.png\",\"width\":200,\"height\":70,\"caption\":\"Markt-XXL\"},\"image\":{\"@id\":\"https:\\\/\\\/marktxxl.de\\\/markt\\\/#\\\/schema\\\/logo\\\/image\\\/\"}}]}<\/script>\n<!-- \/ Yoast SEO plugin. -->","yoast_head_json":{"title":"OSALADI 100pcs LED Ballon Licht, Superhelle Runde Mini Ballon Licht LED Party Licht f\u00fcr Halloween Weihnachten Hochzeit\u2026 - Markt-XXL","description":"Markt-XXL OSALADI 100pcs LED Ballon Licht, Superhelle Runde Mini Ballon Licht LED Party Licht f\u00fcr Halloween Weihnachten Hochzeit\u2026","robots":{"index":"index","follow":"follow","max-snippet":"max-snippet:-1","max-image-preview":"max-image-preview:large","max-video-preview":"max-video-preview:-1"},"canonical":"https:\/\/marktxxl.de\/markt\/produkt\/osaladi-100pcs-led-ballon-licht-superhelle-runde-mini-ballon-licht-led-party-licht-fuer-halloween-weihnachten-hochzeit-papierlaterne-ballon-warmes-licht\/","og_locale":"de_DE","og_type":"article","og_title":"OSALADI 100pcs LED Ballon Licht, Superhelle Runde Mini Ballon Licht LED Party Licht f\u00fcr Halloween Weihnachten Hochzeit\u2026 - Markt-XXL","og_description":"Markt-XXL OSALADI 100pcs LED Ballon Licht, Superhelle Runde Mini Ballon Licht LED Party Licht f\u00fcr Halloween Weihnachten Hochzeit\u2026","og_url":"https:\/\/marktxxl.de\/markt\/produkt\/osaladi-100pcs-led-ballon-licht-superhelle-runde-mini-ballon-licht-led-party-licht-fuer-halloween-weihnachten-hochzeit-papierlaterne-ballon-warmes-licht\/","og_site_name":"Markt-XXL","article_modified_time":"2023-04-10T02:57:14+00:00","og_image":[{"width":500,"height":500,"url":"https:\/\/m.media-amazon.com\/images\/I\/31RVzSxtJUL._SL500_.jpg","type":"image\/jpeg"}],"twitter_card":"summary_large_image","twitter_misc":{"Gesch\u00e4tzte Lesezeit":"1\u00a0Minute"},"schema":{"@context":"https:\/\/schema.org","@graph":[{"@type":"WebPage","@id":"https:\/\/marktxxl.de\/markt\/produkt\/osaladi-100pcs-led-ballon-licht-superhelle-runde-mini-ballon-licht-led-party-licht-fuer-halloween-weihnachten-hochzeit-papierlaterne-ballon-warmes-licht\/","url":"https:\/\/marktxxl.de\/markt\/produkt\/osaladi-100pcs-led-ballon-licht-superhelle-runde-mini-ballon-licht-led-party-licht-fuer-halloween-weihnachten-hochzeit-papierlaterne-ballon-warmes-licht\/","name":"OSALADI 100pcs LED Ballon Licht, Superhelle Runde Mini Ballon Licht LED Party Licht f\u00fcr Halloween Weihnachten Hochzeit\u2026 - Markt-XXL","isPartOf":{"@id":"https:\/\/marktxxl.de\/markt\/#website"},"primaryImageOfPage":{"@id":"https:\/\/marktxxl.de\/markt\/produkt\/osaladi-100pcs-led-ballon-licht-superhelle-runde-mini-ballon-licht-led-party-licht-fuer-halloween-weihnachten-hochzeit-papierlaterne-ballon-warmes-licht\/#primaryimage"},"image":{"@id":"https:\/\/marktxxl.de\/markt\/produkt\/osaladi-100pcs-led-ballon-licht-superhelle-runde-mini-ballon-licht-led-party-licht-fuer-halloween-weihnachten-hochzeit-papierlaterne-ballon-warmes-licht\/#primaryimage"},"thumbnailUrl":"https:\/\/m.media-amazon.com\/images\/I\/31RVzSxtJUL._SL500_.jpg","datePublished":"2022-11-11T04:41:21+00:00","dateModified":"2023-04-10T02:57:14+00:00","description":"Markt-XXL OSALADI 100pcs LED Ballon Licht, Superhelle Runde Mini Ballon Licht LED Party Licht f\u00fcr Halloween Weihnachten Hochzeit\u2026","breadcrumb":{"@id":"https:\/\/marktxxl.de\/markt\/produkt\/osaladi-100pcs-led-ballon-licht-superhelle-runde-mini-ballon-licht-led-party-licht-fuer-halloween-weihnachten-hochzeit-papierlaterne-ballon-warmes-licht\/#breadcrumb"},"inLanguage":"de","potentialAction":[{"@type":"ReadAction","target":["https:\/\/marktxxl.de\/markt\/produkt\/osaladi-100pcs-led-ballon-licht-superhelle-runde-mini-ballon-licht-led-party-licht-fuer-halloween-weihnachten-hochzeit-papierlaterne-ballon-warmes-licht\/"]}]},{"@type":"ImageObject","inLanguage":"de","@id":"https:\/\/marktxxl.de\/markt\/produkt\/osaladi-100pcs-led-ballon-licht-superhelle-runde-mini-ballon-licht-led-party-licht-fuer-halloween-weihnachten-hochzeit-papierlaterne-ballon-warmes-licht\/#primaryimage","url":"https:\/\/m.media-amazon.com\/images\/I\/31RVzSxtJUL._SL500_.jpg","contentUrl":"https:\/\/m.media-amazon.com\/images\/I\/31RVzSxtJUL._SL500_.jpg","width":500,"height":500},{"@type":"BreadcrumbList","@id":"https:\/\/marktxxl.de\/markt\/produkt\/osaladi-100pcs-led-ballon-licht-superhelle-runde-mini-ballon-licht-led-party-licht-fuer-halloween-weihnachten-hochzeit-papierlaterne-ballon-warmes-licht\/#breadcrumb","itemListElement":[{"@type":"ListItem","position":1,"name":"Startseite","item":"https:\/\/marktxxl.de\/markt\/"},{"@type":"ListItem","position":2,"name":"Markt","item":"https:\/\/marktxxl.de\/markt\/"},{"@type":"ListItem","position":3,"name":"OSALADI 100pcs LED Ballon Licht, Superhelle Runde Mini Ballon Licht LED Party Licht f\u00fcr Halloween Weihnachten Hochzeit\u2026"}]},{"@type":"WebSite","@id":"https:\/\/marktxxl.de\/markt\/#website","url":"https:\/\/marktxxl.de\/markt\/","name":"Markt-XXL","description":"Ihr Markt Online","publisher":{"@id":"https:\/\/marktxxl.de\/markt\/#organization"},"potentialAction":[{"@type":"SearchAction","target":{"@type":"EntryPoint","urlTemplate":"https:\/\/marktxxl.de\/markt\/?s={search_term_string}"},"query-input":{"@type":"PropertyValueSpecification","valueRequired":true,"valueName":"search_term_string"}}],"inLanguage":"de"},{"@type":"Organization","@id":"https:\/\/marktxxl.de\/markt\/#organization","name":"Markt-XXL","url":"https:\/\/marktxxl.de\/markt\/","logo":{"@type":"ImageObject","inLanguage":"de","@id":"https:\/\/marktxxl.de\/markt\/#\/schema\/logo\/image\/","url":"https:\/\/marktxxl.de\/markt\/wp-content\/uploads\/sites\/3\/2020\/12\/logo.png","contentUrl":"https:\/\/marktxxl.de\/markt\/wp-content\/uploads\/sites\/3\/2020\/12\/logo.png","width":200,"height":70,"caption":"Markt-XXL"},"image":{"@id":"https:\/\/marktxxl.de\/markt\/#\/schema\/logo\/image\/"}}]}},"_links":{"self":[{"href":"https:\/\/marktxxl.de\/markt\/wp-json\/wp\/v2\/product\/164649","targetHints":{"allow":["GET"]}}],"collection":[{"href":"https:\/\/marktxxl.de\/markt\/wp-json\/wp\/v2\/product"}],"about":[{"href":"https:\/\/marktxxl.de\/markt\/wp-json\/wp\/v2\/types\/product"}],"replies":[{"embeddable":true,"href":"https:\/\/marktxxl.de\/markt\/wp-json\/wp\/v2\/comments?post=164649"}],"wp:featuredmedia":[{"embeddable":true,"href":"https:\/\/marktxxl.de\/markt\/wp-json\/wp\/v2\/media\/164650"}],"wp:attachment":[{"href":"https:\/\/marktxxl.de\/markt\/wp-json\/wp\/v2\/media?parent=164649"}],"wp:term":[{"taxonomy":"product_brand","embeddable":true,"href":"https:\/\/marktxxl.de\/markt\/wp-json\/wp\/v2\/product_brand?post=164649"},{"taxonomy":"product_cat","embeddable":true,"href":"https:\/\/marktxxl.de\/markt\/wp-json\/wp\/v2\/product_cat?post=164649"},{"taxonomy":"product_tag","embeddable":true,"href":"https:\/\/marktxxl.de\/markt\/wp-json\/wp\/v2\/product_tag?post=164649"}],"curies":[{"name":"wp","href":"https:\/\/api.w.org\/{rel}","templated":true}]}}