{"id":164572,"date":"2022-11-11T05:38:44","date_gmt":"2022-11-11T04:38:44","guid":{"rendered":"https:\/\/marktxxl.de\/markt\/produkt\/creative-cables-zylindrischer-4-seitenloch-lampenbaldachin-kit-aus-metall-anschlusssystem\/"},"modified":"2023-04-10T04:57:14","modified_gmt":"2023-04-10T02:57:14","slug":"creative-cables-zylindrischer-4-seitenloch-lampenbaldachin-kit-aus-metall-anschlusssystem","status":"publish","type":"product","link":"https:\/\/marktxxl.de\/markt\/produkt\/creative-cables-zylindrischer-4-seitenloch-lampenbaldachin-kit-aus-metall-anschlusssystem\/","title":{"rendered":"creative cables Zylindrischer 4-Seitenloch-Lampenbaldachin Kit aus Metall (Anschlusssystem) &#8211; Bronze satiniert"},"content":{"rendered":"<p>Das Set aus Metallrosetten mit 4 seitlichen L\u00f6chern dient zur Montage einer Wand- oder Deckenleuchte mit vier Lichtquellen. Das Metall ist ein langlebiges Material und kann in vielen R\u00e4umen platziert werden, egal ob minimalistisch, skandinavisch, industriell oder klassisch. Sie werden die Metalloberfl\u00e4che finden, die Sie ben\u00f6tigen. Die zus\u00e4tzliche Idee &#8211; bereichert den Weg von Textilschlaufen mit einem Korkenzieher<br \/>\nVielseitiges Produkt f\u00fcr alle Ihre Bed\u00fcrfnisse. Dieses Rosetten-Set ist f\u00fcr Sie, wenn Sie eine Abzweigdichtung ben\u00f6tigen, um das leitf\u00e4hige Filament zu verdoppeln oder zu verdreifachen (die seitlichen L\u00f6cher, wenn sie nicht verwendet werden, k\u00f6nnen sie mit den im Lieferumfang enthaltenen Kappen verschlossen werden), wenn Sie einen Lichtpunkt in eine Art &#8220;Gelenk&#8221; an Wand oder Decke verwandeln oder wenn Sie eine spezielle Metalloberfl\u00e4che wie Messing oder Kupfer m\u00f6gen.<br \/>\nErstellen Sie Ihre eigene DIY-Lampe. Verwenden Sie das Metallrosetten-Set mit 4 seitlichen L\u00f6chern, um eine Wand- oder Deckenleuchte mit vier Lichtquellen zu schaffen. Kombinieren Sie die Creative-Cables-Lampenfassungen, w\u00e4hlen Sie das Kabel, das am besten zu Ihrer Wahl passt, kaufen Sie das notwendige Zubeh\u00f6r (wie Dezentratoren, Zapfen, Verl\u00e4ngerungsrohre oder Kabeldurchf\u00fchrung) und runden Sie Ihre Kreation mit einer Designerlampe ab.<br \/>\nTechnische Eigenschaften: Rosonen-Kit mit vier seitlichen L\u00f6chern. Durchmesser: 120 mm. Lochdurchmesser: 10 mm. Material: Metall. Deckenverschluss mit Halterung.<br \/>\nSicherheit Alle unsere Komponenten sind zertifiziert, um die h\u00f6chsten geltenden Sicherheitsstandards zu erf\u00fcllen. Bei der Installation ist es ebenso wichtig, dass Sie vorsichtig umgehen. Alle unsere Produkte m\u00fcssen von kompetenten Mitarbeitern installiert werden, ohne \u00fcber den Stecker an das Stromnetz angeschlossen zu werden oder darauf achten, die zentrale Stromversorgung zu trennen.<br \/>\n<div class=\"main-cross-sell\" data-asin=\"B082VJBHZ2\">\n\n\t<div class=\"WooZone-cross-sell-loader\">\n\t\t<div>\n\t\t\t<div id=\"floatingBarsG\">\n\t\t\t\t<div class=\"blockG\" id=\"rotateG_01\"><\/div>\n\t\t\t\t<div class=\"blockG\" id=\"rotateG_02\"><\/div>\n\t\t\t\t<div class=\"blockG\" id=\"rotateG_03\"><\/div>\n\t\t\t\t<div class=\"blockG\" id=\"rotateG_04\"><\/div>\n\t\t\t\t<div class=\"blockG\" id=\"rotateG_05\"><\/div>\n\t\t\t\t<div class=\"blockG\" id=\"rotateG_06\"><\/div>\n\t\t\t\t<div class=\"blockG\" id=\"rotateG_07\"><\/div>\n\t\t\t\t<div class=\"blockG\" id=\"rotateG_08\"><\/div>\n\t\t\t<\/div>\n\t\t\t<div class=\"WooZone-cross-sell-loader-text\"><\/div>\n\t\t<\/div>\n\t<\/div>\n\n\t\t\n<\/div>\n<div style=\"clear:both;\"><\/div><\/p>\n","protected":false},"excerpt":{"rendered":"<p>Das Set aus Metallrosetten mit 4 seitlichen L\u00f6chern dient zur Montage einer Wand- oder Deckenleuchte mit vier Lichtquellen. Das Metall ist ein langlebiges Material und kann in vielen R\u00e4umen platziert werden, egal ob minimalistisch, skandinavisch, industriell oder klassisch. Sie werden die Metalloberfl\u00e4che finden, die Sie ben\u00f6tigen. Die zus\u00e4tzliche Idee &#8211; bereichert den Weg von Textilschlaufen mit einem Korkenzieher<br \/>\nVielseitiges Produkt f\u00fcr alle Ihre Bed\u00fcrfnisse. Dieses Rosetten-Set ist f\u00fcr Sie, wenn Sie eine Abzweigdichtung ben\u00f6tigen, um das leitf\u00e4hige Filament zu verdoppeln oder zu verdreifachen (die seitlichen L\u00f6cher, wenn sie nicht verwendet werden, k\u00f6nnen sie mit den im Lieferumfang enthaltenen Kappen verschlossen werden), wenn Sie einen Lichtpunkt in eine Art &#8220;Gelenk&#8221; an Wand oder Decke verwandeln oder wenn Sie eine spezielle Metalloberfl\u00e4che wie Messing oder Kupfer m\u00f6gen.<br \/>\nErstellen Sie Ihre eigene DIY-Lampe. Verwenden Sie das Metallrosetten-Set mit 4 seitlichen L\u00f6chern, um eine Wand- oder Deckenleuchte mit vier Lichtquellen zu schaffen. Kombinieren Sie die Creative-Cables-Lampenfassungen, w\u00e4hlen Sie das Kabel, das am besten zu Ihrer Wahl passt, kaufen Sie das notwendige Zubeh\u00f6r (wie Dezentratoren, Zapfen, Verl\u00e4ngerungsrohre oder Kabeldurchf\u00fchrung) und runden Sie Ihre Kreation mit einer Designerlampe ab.<\/p>\n","protected":false},"featured_media":164573,"comment_status":"open","ping_status":"closed","template":"","meta":[],"product_brand":[],"product_cat":[2108,11509],"product_tag":[],"class_list":{"0":"post-164572","1":"product","2":"type-product","3":"status-publish","4":"has-post-thumbnail","6":"product_cat-beleuchtung","7":"product_cat-innenbeleuchtung","8":"pa_brand-creative-cables","9":"pa_manufacturer-creative-cables","11":"first","12":"instock","13":"shipping-taxable","14":"purchasable","15":"product-type-simple","16":"customify-col","17":"product-has-gallery"},"yoast_head":"<!-- This site is optimized with the Yoast SEO plugin v27.4 - https:\/\/yoast.com\/product\/yoast-seo-wordpress\/ -->\n<title>creative cables Zylindrischer 4-Seitenloch-Lampenbaldachin Kit aus Metall (Anschlusssystem) - Bronze satiniert - Markt-XXL<\/title>\n<meta name=\"description\" content=\"Markt-XXL creative cables Zylindrischer 4-Seitenloch-Lampenbaldachin Kit aus Metall (Anschlusssystem) - Bronze satiniert\" \/>\n<meta name=\"robots\" content=\"index, follow, max-snippet:-1, max-image-preview:large, max-video-preview:-1\" \/>\n<link rel=\"canonical\" href=\"https:\/\/marktxxl.de\/markt\/produkt\/creative-cables-zylindrischer-4-seitenloch-lampenbaldachin-kit-aus-metall-anschlusssystem\/\" \/>\n<meta property=\"og:locale\" content=\"de_DE\" \/>\n<meta property=\"og:type\" content=\"article\" \/>\n<meta property=\"og:title\" content=\"creative cables Zylindrischer 4-Seitenloch-Lampenbaldachin Kit aus Metall (Anschlusssystem) - Bronze satiniert - Markt-XXL\" \/>\n<meta property=\"og:description\" content=\"Markt-XXL creative cables Zylindrischer 4-Seitenloch-Lampenbaldachin Kit aus Metall (Anschlusssystem) - Bronze satiniert\" \/>\n<meta property=\"og:url\" content=\"https:\/\/marktxxl.de\/markt\/produkt\/creative-cables-zylindrischer-4-seitenloch-lampenbaldachin-kit-aus-metall-anschlusssystem\/\" \/>\n<meta property=\"og:site_name\" content=\"Markt-XXL\" \/>\n<meta property=\"article:modified_time\" content=\"2023-04-10T02:57:14+00:00\" \/>\n<meta property=\"og:image\" content=\"https:\/\/m.media-amazon.com\/images\/I\/31qiIkDPEPL._SL500_.jpg\" \/>\n\t<meta property=\"og:image:width\" content=\"500\" \/>\n\t<meta property=\"og:image:height\" content=\"500\" \/>\n\t<meta property=\"og:image:type\" content=\"image\/jpeg\" \/>\n<meta name=\"twitter:card\" content=\"summary_large_image\" \/>\n<meta name=\"twitter:label1\" content=\"Gesch\u00e4tzte Lesezeit\" \/>\n\t<meta name=\"twitter:data1\" content=\"1\u00a0Minute\" \/>\n<script type=\"application\/ld+json\" class=\"yoast-schema-graph\">{\"@context\":\"https:\\\/\\\/schema.org\",\"@graph\":[{\"@type\":\"WebPage\",\"@id\":\"https:\\\/\\\/marktxxl.de\\\/markt\\\/produkt\\\/creative-cables-zylindrischer-4-seitenloch-lampenbaldachin-kit-aus-metall-anschlusssystem\\\/\",\"url\":\"https:\\\/\\\/marktxxl.de\\\/markt\\\/produkt\\\/creative-cables-zylindrischer-4-seitenloch-lampenbaldachin-kit-aus-metall-anschlusssystem\\\/\",\"name\":\"creative cables Zylindrischer 4-Seitenloch-Lampenbaldachin Kit aus Metall (Anschlusssystem) - Bronze satiniert - Markt-XXL\",\"isPartOf\":{\"@id\":\"https:\\\/\\\/marktxxl.de\\\/markt\\\/#website\"},\"primaryImageOfPage\":{\"@id\":\"https:\\\/\\\/marktxxl.de\\\/markt\\\/produkt\\\/creative-cables-zylindrischer-4-seitenloch-lampenbaldachin-kit-aus-metall-anschlusssystem\\\/#primaryimage\"},\"image\":{\"@id\":\"https:\\\/\\\/marktxxl.de\\\/markt\\\/produkt\\\/creative-cables-zylindrischer-4-seitenloch-lampenbaldachin-kit-aus-metall-anschlusssystem\\\/#primaryimage\"},\"thumbnailUrl\":\"https:\\\/\\\/m.media-amazon.com\\\/images\\\/I\\\/31qiIkDPEPL._SL500_.jpg\",\"datePublished\":\"2022-11-11T04:38:44+00:00\",\"dateModified\":\"2023-04-10T02:57:14+00:00\",\"description\":\"Markt-XXL creative cables Zylindrischer 4-Seitenloch-Lampenbaldachin Kit aus Metall (Anschlusssystem) - Bronze satiniert\",\"breadcrumb\":{\"@id\":\"https:\\\/\\\/marktxxl.de\\\/markt\\\/produkt\\\/creative-cables-zylindrischer-4-seitenloch-lampenbaldachin-kit-aus-metall-anschlusssystem\\\/#breadcrumb\"},\"inLanguage\":\"de\",\"potentialAction\":[{\"@type\":\"ReadAction\",\"target\":[\"https:\\\/\\\/marktxxl.de\\\/markt\\\/produkt\\\/creative-cables-zylindrischer-4-seitenloch-lampenbaldachin-kit-aus-metall-anschlusssystem\\\/\"]}]},{\"@type\":\"ImageObject\",\"inLanguage\":\"de\",\"@id\":\"https:\\\/\\\/marktxxl.de\\\/markt\\\/produkt\\\/creative-cables-zylindrischer-4-seitenloch-lampenbaldachin-kit-aus-metall-anschlusssystem\\\/#primaryimage\",\"url\":\"https:\\\/\\\/m.media-amazon.com\\\/images\\\/I\\\/31qiIkDPEPL._SL500_.jpg\",\"contentUrl\":\"https:\\\/\\\/m.media-amazon.com\\\/images\\\/I\\\/31qiIkDPEPL._SL500_.jpg\",\"width\":500,\"height\":500},{\"@type\":\"BreadcrumbList\",\"@id\":\"https:\\\/\\\/marktxxl.de\\\/markt\\\/produkt\\\/creative-cables-zylindrischer-4-seitenloch-lampenbaldachin-kit-aus-metall-anschlusssystem\\\/#breadcrumb\",\"itemListElement\":[{\"@type\":\"ListItem\",\"position\":1,\"name\":\"Startseite\",\"item\":\"https:\\\/\\\/marktxxl.de\\\/markt\\\/\"},{\"@type\":\"ListItem\",\"position\":2,\"name\":\"Markt\",\"item\":\"https:\\\/\\\/marktxxl.de\\\/markt\\\/\"},{\"@type\":\"ListItem\",\"position\":3,\"name\":\"creative cables Zylindrischer 4-Seitenloch-Lampenbaldachin Kit aus Metall (Anschlusssystem) &#8211; Bronze satiniert\"}]},{\"@type\":\"WebSite\",\"@id\":\"https:\\\/\\\/marktxxl.de\\\/markt\\\/#website\",\"url\":\"https:\\\/\\\/marktxxl.de\\\/markt\\\/\",\"name\":\"Markt-XXL\",\"description\":\"Ihr Markt Online\",\"publisher\":{\"@id\":\"https:\\\/\\\/marktxxl.de\\\/markt\\\/#organization\"},\"potentialAction\":[{\"@type\":\"SearchAction\",\"target\":{\"@type\":\"EntryPoint\",\"urlTemplate\":\"https:\\\/\\\/marktxxl.de\\\/markt\\\/?s={search_term_string}\"},\"query-input\":{\"@type\":\"PropertyValueSpecification\",\"valueRequired\":true,\"valueName\":\"search_term_string\"}}],\"inLanguage\":\"de\"},{\"@type\":\"Organization\",\"@id\":\"https:\\\/\\\/marktxxl.de\\\/markt\\\/#organization\",\"name\":\"Markt-XXL\",\"url\":\"https:\\\/\\\/marktxxl.de\\\/markt\\\/\",\"logo\":{\"@type\":\"ImageObject\",\"inLanguage\":\"de\",\"@id\":\"https:\\\/\\\/marktxxl.de\\\/markt\\\/#\\\/schema\\\/logo\\\/image\\\/\",\"url\":\"https:\\\/\\\/marktxxl.de\\\/markt\\\/wp-content\\\/uploads\\\/sites\\\/3\\\/2020\\\/12\\\/logo.png\",\"contentUrl\":\"https:\\\/\\\/marktxxl.de\\\/markt\\\/wp-content\\\/uploads\\\/sites\\\/3\\\/2020\\\/12\\\/logo.png\",\"width\":200,\"height\":70,\"caption\":\"Markt-XXL\"},\"image\":{\"@id\":\"https:\\\/\\\/marktxxl.de\\\/markt\\\/#\\\/schema\\\/logo\\\/image\\\/\"}}]}<\/script>\n<!-- \/ Yoast SEO plugin. -->","yoast_head_json":{"title":"creative cables Zylindrischer 4-Seitenloch-Lampenbaldachin Kit aus Metall (Anschlusssystem) - Bronze satiniert - Markt-XXL","description":"Markt-XXL creative cables Zylindrischer 4-Seitenloch-Lampenbaldachin Kit aus Metall (Anschlusssystem) - Bronze satiniert","robots":{"index":"index","follow":"follow","max-snippet":"max-snippet:-1","max-image-preview":"max-image-preview:large","max-video-preview":"max-video-preview:-1"},"canonical":"https:\/\/marktxxl.de\/markt\/produkt\/creative-cables-zylindrischer-4-seitenloch-lampenbaldachin-kit-aus-metall-anschlusssystem\/","og_locale":"de_DE","og_type":"article","og_title":"creative cables Zylindrischer 4-Seitenloch-Lampenbaldachin Kit aus Metall (Anschlusssystem) - Bronze satiniert - Markt-XXL","og_description":"Markt-XXL creative cables Zylindrischer 4-Seitenloch-Lampenbaldachin Kit aus Metall (Anschlusssystem) - Bronze satiniert","og_url":"https:\/\/marktxxl.de\/markt\/produkt\/creative-cables-zylindrischer-4-seitenloch-lampenbaldachin-kit-aus-metall-anschlusssystem\/","og_site_name":"Markt-XXL","article_modified_time":"2023-04-10T02:57:14+00:00","og_image":[{"width":500,"height":500,"url":"https:\/\/m.media-amazon.com\/images\/I\/31qiIkDPEPL._SL500_.jpg","type":"image\/jpeg"}],"twitter_card":"summary_large_image","twitter_misc":{"Gesch\u00e4tzte Lesezeit":"1\u00a0Minute"},"schema":{"@context":"https:\/\/schema.org","@graph":[{"@type":"WebPage","@id":"https:\/\/marktxxl.de\/markt\/produkt\/creative-cables-zylindrischer-4-seitenloch-lampenbaldachin-kit-aus-metall-anschlusssystem\/","url":"https:\/\/marktxxl.de\/markt\/produkt\/creative-cables-zylindrischer-4-seitenloch-lampenbaldachin-kit-aus-metall-anschlusssystem\/","name":"creative cables Zylindrischer 4-Seitenloch-Lampenbaldachin Kit aus Metall (Anschlusssystem) - Bronze satiniert - Markt-XXL","isPartOf":{"@id":"https:\/\/marktxxl.de\/markt\/#website"},"primaryImageOfPage":{"@id":"https:\/\/marktxxl.de\/markt\/produkt\/creative-cables-zylindrischer-4-seitenloch-lampenbaldachin-kit-aus-metall-anschlusssystem\/#primaryimage"},"image":{"@id":"https:\/\/marktxxl.de\/markt\/produkt\/creative-cables-zylindrischer-4-seitenloch-lampenbaldachin-kit-aus-metall-anschlusssystem\/#primaryimage"},"thumbnailUrl":"https:\/\/m.media-amazon.com\/images\/I\/31qiIkDPEPL._SL500_.jpg","datePublished":"2022-11-11T04:38:44+00:00","dateModified":"2023-04-10T02:57:14+00:00","description":"Markt-XXL creative cables Zylindrischer 4-Seitenloch-Lampenbaldachin Kit aus Metall (Anschlusssystem) - Bronze satiniert","breadcrumb":{"@id":"https:\/\/marktxxl.de\/markt\/produkt\/creative-cables-zylindrischer-4-seitenloch-lampenbaldachin-kit-aus-metall-anschlusssystem\/#breadcrumb"},"inLanguage":"de","potentialAction":[{"@type":"ReadAction","target":["https:\/\/marktxxl.de\/markt\/produkt\/creative-cables-zylindrischer-4-seitenloch-lampenbaldachin-kit-aus-metall-anschlusssystem\/"]}]},{"@type":"ImageObject","inLanguage":"de","@id":"https:\/\/marktxxl.de\/markt\/produkt\/creative-cables-zylindrischer-4-seitenloch-lampenbaldachin-kit-aus-metall-anschlusssystem\/#primaryimage","url":"https:\/\/m.media-amazon.com\/images\/I\/31qiIkDPEPL._SL500_.jpg","contentUrl":"https:\/\/m.media-amazon.com\/images\/I\/31qiIkDPEPL._SL500_.jpg","width":500,"height":500},{"@type":"BreadcrumbList","@id":"https:\/\/marktxxl.de\/markt\/produkt\/creative-cables-zylindrischer-4-seitenloch-lampenbaldachin-kit-aus-metall-anschlusssystem\/#breadcrumb","itemListElement":[{"@type":"ListItem","position":1,"name":"Startseite","item":"https:\/\/marktxxl.de\/markt\/"},{"@type":"ListItem","position":2,"name":"Markt","item":"https:\/\/marktxxl.de\/markt\/"},{"@type":"ListItem","position":3,"name":"creative cables Zylindrischer 4-Seitenloch-Lampenbaldachin Kit aus Metall (Anschlusssystem) &#8211; Bronze satiniert"}]},{"@type":"WebSite","@id":"https:\/\/marktxxl.de\/markt\/#website","url":"https:\/\/marktxxl.de\/markt\/","name":"Markt-XXL","description":"Ihr Markt Online","publisher":{"@id":"https:\/\/marktxxl.de\/markt\/#organization"},"potentialAction":[{"@type":"SearchAction","target":{"@type":"EntryPoint","urlTemplate":"https:\/\/marktxxl.de\/markt\/?s={search_term_string}"},"query-input":{"@type":"PropertyValueSpecification","valueRequired":true,"valueName":"search_term_string"}}],"inLanguage":"de"},{"@type":"Organization","@id":"https:\/\/marktxxl.de\/markt\/#organization","name":"Markt-XXL","url":"https:\/\/marktxxl.de\/markt\/","logo":{"@type":"ImageObject","inLanguage":"de","@id":"https:\/\/marktxxl.de\/markt\/#\/schema\/logo\/image\/","url":"https:\/\/marktxxl.de\/markt\/wp-content\/uploads\/sites\/3\/2020\/12\/logo.png","contentUrl":"https:\/\/marktxxl.de\/markt\/wp-content\/uploads\/sites\/3\/2020\/12\/logo.png","width":200,"height":70,"caption":"Markt-XXL"},"image":{"@id":"https:\/\/marktxxl.de\/markt\/#\/schema\/logo\/image\/"}}]}},"_links":{"self":[{"href":"https:\/\/marktxxl.de\/markt\/wp-json\/wp\/v2\/product\/164572","targetHints":{"allow":["GET"]}}],"collection":[{"href":"https:\/\/marktxxl.de\/markt\/wp-json\/wp\/v2\/product"}],"about":[{"href":"https:\/\/marktxxl.de\/markt\/wp-json\/wp\/v2\/types\/product"}],"replies":[{"embeddable":true,"href":"https:\/\/marktxxl.de\/markt\/wp-json\/wp\/v2\/comments?post=164572"}],"wp:featuredmedia":[{"embeddable":true,"href":"https:\/\/marktxxl.de\/markt\/wp-json\/wp\/v2\/media\/164573"}],"wp:attachment":[{"href":"https:\/\/marktxxl.de\/markt\/wp-json\/wp\/v2\/media?parent=164572"}],"wp:term":[{"taxonomy":"product_brand","embeddable":true,"href":"https:\/\/marktxxl.de\/markt\/wp-json\/wp\/v2\/product_brand?post=164572"},{"taxonomy":"product_cat","embeddable":true,"href":"https:\/\/marktxxl.de\/markt\/wp-json\/wp\/v2\/product_cat?post=164572"},{"taxonomy":"product_tag","embeddable":true,"href":"https:\/\/marktxxl.de\/markt\/wp-json\/wp\/v2\/product_tag?post=164572"}],"curies":[{"name":"wp","href":"https:\/\/api.w.org\/{rel}","templated":true}]}}