{"id":164510,"date":"2022-11-11T05:37:35","date_gmt":"2022-11-11T04:37:35","guid":{"rendered":"https:\/\/marktxxl.de\/markt\/produkt\/led-einbaustrahler-5w-neutralweiss-4500k-kimjo-ultra-flach-25mm-led-badeinbaustrahler-500lm-rund-weiss-ip44-fuer-badezimmer-wohnzimmer-kueche-spot-leuchte-lampe-6-pack\/"},"modified":"2023-04-10T04:57:13","modified_gmt":"2023-04-10T02:57:13","slug":"led-einbaustrahler-5w-neutralweiss-4500k-kimjo-ultra-flach-25mm-led-badeinbaustrahler-500lm-rund-weiss-ip44-fuer-badezimmer-wohnzimmer-kueche-spot-leuchte-lampe-6-pack","status":"publish","type":"product","link":"https:\/\/marktxxl.de\/markt\/produkt\/led-einbaustrahler-5w-neutralweiss-4500k-kimjo-ultra-flach-25mm-led-badeinbaustrahler-500lm-rund-weiss-ip44-fuer-badezimmer-wohnzimmer-kueche-spot-leuchte-lampe-6-pack\/","title":{"rendered":"Kimjo LED Einbaustrahler 5W Neutralwei\u00df 4500K Ultra Flach 25mm LED Badeinbaustrahler 500lm Rund Wei\u00df IP44 f\u00fcr Badezimmer\u2026"},"content":{"rendered":"<p>\u3010Schutzart IP44\u3011Wasserdichter IP44 Einbaustrahler led, Passend f\u00fcr Wohnzimmer, Schlafzimmer, Arbeitszimmer, Flur, Badezimmer (einschlie\u00dflich feuchter R\u00e4ume), Gesch\u00e4fte usw<br \/>\n\u3010Extra flach und ultraleicht\u3011LED einbaustrahler flach mit einer Dicke von nur 25 mm, einem Durchmesser von 75 mm, einem \u00d6ffnungsdurchmesser von 60-65 mm und einer Einbautiefe von 30 mm<br \/>\n\u3010Kein Transformator erforderlich\u3011Led- einbaustrahler direkter Anschluss an 230V, kein zus\u00e4tzlicher Anschluss an den Transformator, Eingebauter K\u00fchlk\u00f6rper, einfache Installation<br \/>\n\u3010Hohe Farbwiedergabe und Kein Stroboskop\u3011Deckenstrahler 120 \u00b0 Beleuchtungswinkel, 18 x 2835SMD Kein Stroboskop, kein Rauschen, 82Ra als hohe Farbwiedergabeindex l\u00e4sst sich eine lebendige und nat\u00fcrliche Ausleuchtung pr\u00e4sentieren<br \/>\n\u30102 Jahre Garantie\u3011Gute W\u00e4rmeableitung und innovative LED-Technologie mit einer Laufzeit von 20.000 Stunden. Mach dir keine Sorgen \u00fcber den After-Sales-Service, die 2-Jahres-Garantie. Wenn Sie Fragen haben, kontaktieren Sie uns<br \/>\n<div class=\"main-cross-sell\" data-asin=\"B07X3GC4KP\">\n\n\t<div class=\"WooZone-cross-sell-loader\">\n\t\t<div>\n\t\t\t<div id=\"floatingBarsG\">\n\t\t\t\t<div class=\"blockG\" id=\"rotateG_01\"><\/div>\n\t\t\t\t<div class=\"blockG\" id=\"rotateG_02\"><\/div>\n\t\t\t\t<div class=\"blockG\" id=\"rotateG_03\"><\/div>\n\t\t\t\t<div class=\"blockG\" id=\"rotateG_04\"><\/div>\n\t\t\t\t<div class=\"blockG\" id=\"rotateG_05\"><\/div>\n\t\t\t\t<div class=\"blockG\" id=\"rotateG_06\"><\/div>\n\t\t\t\t<div class=\"blockG\" id=\"rotateG_07\"><\/div>\n\t\t\t\t<div class=\"blockG\" id=\"rotateG_08\"><\/div>\n\t\t\t<\/div>\n\t\t\t<div class=\"WooZone-cross-sell-loader-text\"><\/div>\n\t\t<\/div>\n\t<\/div>\n\n\t\t\n<\/div>\n<div style=\"clear:both;\"><\/div><\/p>\n","protected":false},"excerpt":{"rendered":"<p>\u3010Schutzart IP44\u3011Wasserdichter IP44 Einbaustrahler led, Passend f\u00fcr Wohnzimmer, Schlafzimmer, Arbeitszimmer, Flur, Badezimmer (einschlie\u00dflich feuchter R\u00e4ume), Gesch\u00e4fte usw<br \/>\n\u3010Extra flach und ultraleicht\u3011LED einbaustrahler flach mit einer Dicke von nur 25 mm, einem Durchmesser von 75 mm, einem \u00d6ffnungsdurchmesser von 60-65 mm und einer Einbautiefe von 30 mm<br \/>\n\u3010Kein Transformator erforderlich\u3011Led- einbaustrahler direkter Anschluss an 230V, kein zus\u00e4tzlicher Anschluss an den Transformator, Eingebauter K\u00fchlk\u00f6rper, einfache Installation<\/p>\n","protected":false},"featured_media":164511,"comment_status":"open","ping_status":"closed","template":"","meta":[],"product_brand":[],"product_cat":[11474,2108],"product_tag":[],"class_list":{"0":"post-164510","1":"product","2":"type-product","3":"status-publish","4":"has-post-thumbnail","6":"product_cat-bad-beleuchtung","7":"product_cat-beleuchtung","8":"pa_binding-ausruestung","9":"pa_brand-kimjo","10":"pa_color-weiss-neutralweiss-4500k","11":"pa_manufacturer-kimjo","12":"pa_model-c05nxyw","14":"first","15":"instock","16":"shipping-taxable","17":"purchasable","18":"product-type-simple","19":"customify-col","20":"product-has-gallery"},"yoast_head":"<!-- This site is optimized with the Yoast SEO plugin v27.4 - https:\/\/yoast.com\/product\/yoast-seo-wordpress\/ -->\n<title>Kimjo LED Einbaustrahler 5W Neutralwei\u00df 4500K Ultra Flach 25mm LED Badeinbaustrahler 500lm Rund Wei\u00df IP44 f\u00fcr Badezimmer\u2026 - Markt-XXL<\/title>\n<meta name=\"description\" content=\"Markt-XXL Kimjo LED Einbaustrahler 5W Neutralwei\u00df 4500K Ultra Flach 25mm LED Badeinbaustrahler 500lm Rund Wei\u00df IP44 f\u00fcr Badezimmer\u2026\" \/>\n<meta name=\"robots\" content=\"index, follow, max-snippet:-1, max-image-preview:large, max-video-preview:-1\" \/>\n<link rel=\"canonical\" href=\"https:\/\/marktxxl.de\/markt\/produkt\/led-einbaustrahler-5w-neutralweiss-4500k-kimjo-ultra-flach-25mm-led-badeinbaustrahler-500lm-rund-weiss-ip44-fuer-badezimmer-wohnzimmer-kueche-spot-leuchte-lampe-6-pack\/\" \/>\n<meta property=\"og:locale\" content=\"de_DE\" \/>\n<meta property=\"og:type\" content=\"article\" \/>\n<meta property=\"og:title\" content=\"Kimjo LED Einbaustrahler 5W Neutralwei\u00df 4500K Ultra Flach 25mm LED Badeinbaustrahler 500lm Rund Wei\u00df IP44 f\u00fcr Badezimmer\u2026 - Markt-XXL\" \/>\n<meta property=\"og:description\" content=\"Markt-XXL Kimjo LED Einbaustrahler 5W Neutralwei\u00df 4500K Ultra Flach 25mm LED Badeinbaustrahler 500lm Rund Wei\u00df IP44 f\u00fcr Badezimmer\u2026\" \/>\n<meta property=\"og:url\" content=\"https:\/\/marktxxl.de\/markt\/produkt\/led-einbaustrahler-5w-neutralweiss-4500k-kimjo-ultra-flach-25mm-led-badeinbaustrahler-500lm-rund-weiss-ip44-fuer-badezimmer-wohnzimmer-kueche-spot-leuchte-lampe-6-pack\/\" \/>\n<meta property=\"og:site_name\" content=\"Markt-XXL\" \/>\n<meta property=\"article:modified_time\" content=\"2023-04-10T02:57:13+00:00\" \/>\n<meta property=\"og:image\" content=\"https:\/\/m.media-amazon.com\/images\/I\/416Bu+2h8yL._SL500_.jpg\" \/>\n\t<meta property=\"og:image:width\" content=\"500\" \/>\n\t<meta property=\"og:image:height\" content=\"500\" \/>\n\t<meta property=\"og:image:type\" content=\"image\/jpeg\" \/>\n<meta name=\"twitter:card\" content=\"summary_large_image\" \/>\n<meta name=\"twitter:label1\" content=\"Gesch\u00e4tzte Lesezeit\" \/>\n\t<meta name=\"twitter:data1\" content=\"1\u00a0Minute\" \/>\n<script type=\"application\/ld+json\" class=\"yoast-schema-graph\">{\"@context\":\"https:\\\/\\\/schema.org\",\"@graph\":[{\"@type\":\"WebPage\",\"@id\":\"https:\\\/\\\/marktxxl.de\\\/markt\\\/produkt\\\/led-einbaustrahler-5w-neutralweiss-4500k-kimjo-ultra-flach-25mm-led-badeinbaustrahler-500lm-rund-weiss-ip44-fuer-badezimmer-wohnzimmer-kueche-spot-leuchte-lampe-6-pack\\\/\",\"url\":\"https:\\\/\\\/marktxxl.de\\\/markt\\\/produkt\\\/led-einbaustrahler-5w-neutralweiss-4500k-kimjo-ultra-flach-25mm-led-badeinbaustrahler-500lm-rund-weiss-ip44-fuer-badezimmer-wohnzimmer-kueche-spot-leuchte-lampe-6-pack\\\/\",\"name\":\"Kimjo LED Einbaustrahler 5W Neutralwei\u00df 4500K Ultra Flach 25mm LED Badeinbaustrahler 500lm Rund Wei\u00df IP44 f\u00fcr Badezimmer\u2026 - Markt-XXL\",\"isPartOf\":{\"@id\":\"https:\\\/\\\/marktxxl.de\\\/markt\\\/#website\"},\"primaryImageOfPage\":{\"@id\":\"https:\\\/\\\/marktxxl.de\\\/markt\\\/produkt\\\/led-einbaustrahler-5w-neutralweiss-4500k-kimjo-ultra-flach-25mm-led-badeinbaustrahler-500lm-rund-weiss-ip44-fuer-badezimmer-wohnzimmer-kueche-spot-leuchte-lampe-6-pack\\\/#primaryimage\"},\"image\":{\"@id\":\"https:\\\/\\\/marktxxl.de\\\/markt\\\/produkt\\\/led-einbaustrahler-5w-neutralweiss-4500k-kimjo-ultra-flach-25mm-led-badeinbaustrahler-500lm-rund-weiss-ip44-fuer-badezimmer-wohnzimmer-kueche-spot-leuchte-lampe-6-pack\\\/#primaryimage\"},\"thumbnailUrl\":\"https:\\\/\\\/m.media-amazon.com\\\/images\\\/I\\\/416Bu+2h8yL._SL500_.jpg\",\"datePublished\":\"2022-11-11T04:37:35+00:00\",\"dateModified\":\"2023-04-10T02:57:13+00:00\",\"description\":\"Markt-XXL Kimjo LED Einbaustrahler 5W Neutralwei\u00df 4500K Ultra Flach 25mm LED Badeinbaustrahler 500lm Rund Wei\u00df IP44 f\u00fcr Badezimmer\u2026\",\"breadcrumb\":{\"@id\":\"https:\\\/\\\/marktxxl.de\\\/markt\\\/produkt\\\/led-einbaustrahler-5w-neutralweiss-4500k-kimjo-ultra-flach-25mm-led-badeinbaustrahler-500lm-rund-weiss-ip44-fuer-badezimmer-wohnzimmer-kueche-spot-leuchte-lampe-6-pack\\\/#breadcrumb\"},\"inLanguage\":\"de\",\"potentialAction\":[{\"@type\":\"ReadAction\",\"target\":[\"https:\\\/\\\/marktxxl.de\\\/markt\\\/produkt\\\/led-einbaustrahler-5w-neutralweiss-4500k-kimjo-ultra-flach-25mm-led-badeinbaustrahler-500lm-rund-weiss-ip44-fuer-badezimmer-wohnzimmer-kueche-spot-leuchte-lampe-6-pack\\\/\"]}]},{\"@type\":\"ImageObject\",\"inLanguage\":\"de\",\"@id\":\"https:\\\/\\\/marktxxl.de\\\/markt\\\/produkt\\\/led-einbaustrahler-5w-neutralweiss-4500k-kimjo-ultra-flach-25mm-led-badeinbaustrahler-500lm-rund-weiss-ip44-fuer-badezimmer-wohnzimmer-kueche-spot-leuchte-lampe-6-pack\\\/#primaryimage\",\"url\":\"https:\\\/\\\/m.media-amazon.com\\\/images\\\/I\\\/416Bu+2h8yL._SL500_.jpg\",\"contentUrl\":\"https:\\\/\\\/m.media-amazon.com\\\/images\\\/I\\\/416Bu+2h8yL._SL500_.jpg\",\"width\":500,\"height\":500},{\"@type\":\"BreadcrumbList\",\"@id\":\"https:\\\/\\\/marktxxl.de\\\/markt\\\/produkt\\\/led-einbaustrahler-5w-neutralweiss-4500k-kimjo-ultra-flach-25mm-led-badeinbaustrahler-500lm-rund-weiss-ip44-fuer-badezimmer-wohnzimmer-kueche-spot-leuchte-lampe-6-pack\\\/#breadcrumb\",\"itemListElement\":[{\"@type\":\"ListItem\",\"position\":1,\"name\":\"Startseite\",\"item\":\"https:\\\/\\\/marktxxl.de\\\/markt\\\/\"},{\"@type\":\"ListItem\",\"position\":2,\"name\":\"Markt\",\"item\":\"https:\\\/\\\/marktxxl.de\\\/markt\\\/\"},{\"@type\":\"ListItem\",\"position\":3,\"name\":\"Kimjo LED Einbaustrahler 5W Neutralwei\u00df 4500K Ultra Flach 25mm LED Badeinbaustrahler 500lm Rund Wei\u00df IP44 f\u00fcr Badezimmer\u2026\"}]},{\"@type\":\"WebSite\",\"@id\":\"https:\\\/\\\/marktxxl.de\\\/markt\\\/#website\",\"url\":\"https:\\\/\\\/marktxxl.de\\\/markt\\\/\",\"name\":\"Markt-XXL\",\"description\":\"Ihr Markt Online\",\"publisher\":{\"@id\":\"https:\\\/\\\/marktxxl.de\\\/markt\\\/#organization\"},\"potentialAction\":[{\"@type\":\"SearchAction\",\"target\":{\"@type\":\"EntryPoint\",\"urlTemplate\":\"https:\\\/\\\/marktxxl.de\\\/markt\\\/?s={search_term_string}\"},\"query-input\":{\"@type\":\"PropertyValueSpecification\",\"valueRequired\":true,\"valueName\":\"search_term_string\"}}],\"inLanguage\":\"de\"},{\"@type\":\"Organization\",\"@id\":\"https:\\\/\\\/marktxxl.de\\\/markt\\\/#organization\",\"name\":\"Markt-XXL\",\"url\":\"https:\\\/\\\/marktxxl.de\\\/markt\\\/\",\"logo\":{\"@type\":\"ImageObject\",\"inLanguage\":\"de\",\"@id\":\"https:\\\/\\\/marktxxl.de\\\/markt\\\/#\\\/schema\\\/logo\\\/image\\\/\",\"url\":\"https:\\\/\\\/marktxxl.de\\\/markt\\\/wp-content\\\/uploads\\\/sites\\\/3\\\/2020\\\/12\\\/logo.png\",\"contentUrl\":\"https:\\\/\\\/marktxxl.de\\\/markt\\\/wp-content\\\/uploads\\\/sites\\\/3\\\/2020\\\/12\\\/logo.png\",\"width\":200,\"height\":70,\"caption\":\"Markt-XXL\"},\"image\":{\"@id\":\"https:\\\/\\\/marktxxl.de\\\/markt\\\/#\\\/schema\\\/logo\\\/image\\\/\"}}]}<\/script>\n<!-- \/ Yoast SEO plugin. -->","yoast_head_json":{"title":"Kimjo LED Einbaustrahler 5W Neutralwei\u00df 4500K Ultra Flach 25mm LED Badeinbaustrahler 500lm Rund Wei\u00df IP44 f\u00fcr Badezimmer\u2026 - Markt-XXL","description":"Markt-XXL Kimjo LED Einbaustrahler 5W Neutralwei\u00df 4500K Ultra Flach 25mm LED Badeinbaustrahler 500lm Rund Wei\u00df IP44 f\u00fcr Badezimmer\u2026","robots":{"index":"index","follow":"follow","max-snippet":"max-snippet:-1","max-image-preview":"max-image-preview:large","max-video-preview":"max-video-preview:-1"},"canonical":"https:\/\/marktxxl.de\/markt\/produkt\/led-einbaustrahler-5w-neutralweiss-4500k-kimjo-ultra-flach-25mm-led-badeinbaustrahler-500lm-rund-weiss-ip44-fuer-badezimmer-wohnzimmer-kueche-spot-leuchte-lampe-6-pack\/","og_locale":"de_DE","og_type":"article","og_title":"Kimjo LED Einbaustrahler 5W Neutralwei\u00df 4500K Ultra Flach 25mm LED Badeinbaustrahler 500lm Rund Wei\u00df IP44 f\u00fcr Badezimmer\u2026 - Markt-XXL","og_description":"Markt-XXL Kimjo LED Einbaustrahler 5W Neutralwei\u00df 4500K Ultra Flach 25mm LED Badeinbaustrahler 500lm Rund Wei\u00df IP44 f\u00fcr Badezimmer\u2026","og_url":"https:\/\/marktxxl.de\/markt\/produkt\/led-einbaustrahler-5w-neutralweiss-4500k-kimjo-ultra-flach-25mm-led-badeinbaustrahler-500lm-rund-weiss-ip44-fuer-badezimmer-wohnzimmer-kueche-spot-leuchte-lampe-6-pack\/","og_site_name":"Markt-XXL","article_modified_time":"2023-04-10T02:57:13+00:00","og_image":[{"width":500,"height":500,"url":"https:\/\/m.media-amazon.com\/images\/I\/416Bu+2h8yL._SL500_.jpg","type":"image\/jpeg"}],"twitter_card":"summary_large_image","twitter_misc":{"Gesch\u00e4tzte Lesezeit":"1\u00a0Minute"},"schema":{"@context":"https:\/\/schema.org","@graph":[{"@type":"WebPage","@id":"https:\/\/marktxxl.de\/markt\/produkt\/led-einbaustrahler-5w-neutralweiss-4500k-kimjo-ultra-flach-25mm-led-badeinbaustrahler-500lm-rund-weiss-ip44-fuer-badezimmer-wohnzimmer-kueche-spot-leuchte-lampe-6-pack\/","url":"https:\/\/marktxxl.de\/markt\/produkt\/led-einbaustrahler-5w-neutralweiss-4500k-kimjo-ultra-flach-25mm-led-badeinbaustrahler-500lm-rund-weiss-ip44-fuer-badezimmer-wohnzimmer-kueche-spot-leuchte-lampe-6-pack\/","name":"Kimjo LED Einbaustrahler 5W Neutralwei\u00df 4500K Ultra Flach 25mm LED Badeinbaustrahler 500lm Rund Wei\u00df IP44 f\u00fcr Badezimmer\u2026 - Markt-XXL","isPartOf":{"@id":"https:\/\/marktxxl.de\/markt\/#website"},"primaryImageOfPage":{"@id":"https:\/\/marktxxl.de\/markt\/produkt\/led-einbaustrahler-5w-neutralweiss-4500k-kimjo-ultra-flach-25mm-led-badeinbaustrahler-500lm-rund-weiss-ip44-fuer-badezimmer-wohnzimmer-kueche-spot-leuchte-lampe-6-pack\/#primaryimage"},"image":{"@id":"https:\/\/marktxxl.de\/markt\/produkt\/led-einbaustrahler-5w-neutralweiss-4500k-kimjo-ultra-flach-25mm-led-badeinbaustrahler-500lm-rund-weiss-ip44-fuer-badezimmer-wohnzimmer-kueche-spot-leuchte-lampe-6-pack\/#primaryimage"},"thumbnailUrl":"https:\/\/m.media-amazon.com\/images\/I\/416Bu+2h8yL._SL500_.jpg","datePublished":"2022-11-11T04:37:35+00:00","dateModified":"2023-04-10T02:57:13+00:00","description":"Markt-XXL Kimjo LED Einbaustrahler 5W Neutralwei\u00df 4500K Ultra Flach 25mm LED Badeinbaustrahler 500lm Rund Wei\u00df IP44 f\u00fcr Badezimmer\u2026","breadcrumb":{"@id":"https:\/\/marktxxl.de\/markt\/produkt\/led-einbaustrahler-5w-neutralweiss-4500k-kimjo-ultra-flach-25mm-led-badeinbaustrahler-500lm-rund-weiss-ip44-fuer-badezimmer-wohnzimmer-kueche-spot-leuchte-lampe-6-pack\/#breadcrumb"},"inLanguage":"de","potentialAction":[{"@type":"ReadAction","target":["https:\/\/marktxxl.de\/markt\/produkt\/led-einbaustrahler-5w-neutralweiss-4500k-kimjo-ultra-flach-25mm-led-badeinbaustrahler-500lm-rund-weiss-ip44-fuer-badezimmer-wohnzimmer-kueche-spot-leuchte-lampe-6-pack\/"]}]},{"@type":"ImageObject","inLanguage":"de","@id":"https:\/\/marktxxl.de\/markt\/produkt\/led-einbaustrahler-5w-neutralweiss-4500k-kimjo-ultra-flach-25mm-led-badeinbaustrahler-500lm-rund-weiss-ip44-fuer-badezimmer-wohnzimmer-kueche-spot-leuchte-lampe-6-pack\/#primaryimage","url":"https:\/\/m.media-amazon.com\/images\/I\/416Bu+2h8yL._SL500_.jpg","contentUrl":"https:\/\/m.media-amazon.com\/images\/I\/416Bu+2h8yL._SL500_.jpg","width":500,"height":500},{"@type":"BreadcrumbList","@id":"https:\/\/marktxxl.de\/markt\/produkt\/led-einbaustrahler-5w-neutralweiss-4500k-kimjo-ultra-flach-25mm-led-badeinbaustrahler-500lm-rund-weiss-ip44-fuer-badezimmer-wohnzimmer-kueche-spot-leuchte-lampe-6-pack\/#breadcrumb","itemListElement":[{"@type":"ListItem","position":1,"name":"Startseite","item":"https:\/\/marktxxl.de\/markt\/"},{"@type":"ListItem","position":2,"name":"Markt","item":"https:\/\/marktxxl.de\/markt\/"},{"@type":"ListItem","position":3,"name":"Kimjo LED Einbaustrahler 5W Neutralwei\u00df 4500K Ultra Flach 25mm LED Badeinbaustrahler 500lm Rund Wei\u00df IP44 f\u00fcr Badezimmer\u2026"}]},{"@type":"WebSite","@id":"https:\/\/marktxxl.de\/markt\/#website","url":"https:\/\/marktxxl.de\/markt\/","name":"Markt-XXL","description":"Ihr Markt Online","publisher":{"@id":"https:\/\/marktxxl.de\/markt\/#organization"},"potentialAction":[{"@type":"SearchAction","target":{"@type":"EntryPoint","urlTemplate":"https:\/\/marktxxl.de\/markt\/?s={search_term_string}"},"query-input":{"@type":"PropertyValueSpecification","valueRequired":true,"valueName":"search_term_string"}}],"inLanguage":"de"},{"@type":"Organization","@id":"https:\/\/marktxxl.de\/markt\/#organization","name":"Markt-XXL","url":"https:\/\/marktxxl.de\/markt\/","logo":{"@type":"ImageObject","inLanguage":"de","@id":"https:\/\/marktxxl.de\/markt\/#\/schema\/logo\/image\/","url":"https:\/\/marktxxl.de\/markt\/wp-content\/uploads\/sites\/3\/2020\/12\/logo.png","contentUrl":"https:\/\/marktxxl.de\/markt\/wp-content\/uploads\/sites\/3\/2020\/12\/logo.png","width":200,"height":70,"caption":"Markt-XXL"},"image":{"@id":"https:\/\/marktxxl.de\/markt\/#\/schema\/logo\/image\/"}}]}},"_links":{"self":[{"href":"https:\/\/marktxxl.de\/markt\/wp-json\/wp\/v2\/product\/164510","targetHints":{"allow":["GET"]}}],"collection":[{"href":"https:\/\/marktxxl.de\/markt\/wp-json\/wp\/v2\/product"}],"about":[{"href":"https:\/\/marktxxl.de\/markt\/wp-json\/wp\/v2\/types\/product"}],"replies":[{"embeddable":true,"href":"https:\/\/marktxxl.de\/markt\/wp-json\/wp\/v2\/comments?post=164510"}],"wp:featuredmedia":[{"embeddable":true,"href":"https:\/\/marktxxl.de\/markt\/wp-json\/wp\/v2\/media\/164511"}],"wp:attachment":[{"href":"https:\/\/marktxxl.de\/markt\/wp-json\/wp\/v2\/media?parent=164510"}],"wp:term":[{"taxonomy":"product_brand","embeddable":true,"href":"https:\/\/marktxxl.de\/markt\/wp-json\/wp\/v2\/product_brand?post=164510"},{"taxonomy":"product_cat","embeddable":true,"href":"https:\/\/marktxxl.de\/markt\/wp-json\/wp\/v2\/product_cat?post=164510"},{"taxonomy":"product_tag","embeddable":true,"href":"https:\/\/marktxxl.de\/markt\/wp-json\/wp\/v2\/product_tag?post=164510"}],"curies":[{"name":"wp","href":"https:\/\/api.w.org\/{rel}","templated":true}]}}