{"id":164502,"date":"2022-11-11T05:37:25","date_gmt":"2022-11-11T04:37:25","guid":{"rendered":"https:\/\/marktxxl.de\/markt\/produkt\/laboreducer-led-einbaustrahler-230v-6er-set-flach-einbauleuchten-badezimmer-ip44-deckenspot-fuer-kueche-wohnzimmer-schlafzimmer3000k-warmweiss\/"},"modified":"2023-04-10T04:57:13","modified_gmt":"2023-04-10T02:57:13","slug":"laboreducer-led-einbaustrahler-230v-6er-set-flach-einbauleuchten-badezimmer-ip44-deckenspot-fuer-kueche-wohnzimmer-schlafzimmer3000k-warmweiss","status":"publish","type":"product","link":"https:\/\/marktxxl.de\/markt\/produkt\/laboreducer-led-einbaustrahler-230v-6er-set-flach-einbauleuchten-badezimmer-ip44-deckenspot-fuer-kueche-wohnzimmer-schlafzimmer3000k-warmweiss\/","title":{"rendered":"LABOREDUCER LED Einbaustrahler 230v, 6er Set Flach Einbauleuchten, Badezimmer IP44 Deckenspot f\u00fcr K\u00fcche Wohnzimmer\u2026"},"content":{"rendered":"<p>&#8211; Die wasserdichte IP44-Deckeneinbauleuchte eignet sich perfekt f\u00fcr Badezimmer und eignet sich auch hervorragend f\u00fcr K\u00fcche, Wohnzimmer und Esszimmer.<br \/>\n&#8211; Elegante Einbauleuchte: Nickel geb\u00fcrstetes Design, Glasabdeckung, bis zu 99 % Lichtdurchl\u00e4ssigkeit. Leistung \u00fcber 400 Lumen, 83+ Ra hohe Farbwiedergabe. Passt gut zu allen Arten von Wohnkultur, wie modern, industriell, Bauernhaus usw.<br \/>\n&#8211; Integriertes Design &amp; Ultraflach: Die Einbauleuchten sind einfach zu installieren. Es ist kein Transformator erforderlich, Sie k\u00f6nnen ihn direkt an 230 V anschlie\u00dfen. Mit der Einbautiefe von 27 mm w\u00fcrde die Leuchte nicht in Ihrer Decke aufragen. Hinterl\u00e4sst eine elegante und ordentliche Note in Ihrem Raum.<br \/>\n&#8211; Geringer Verbrauch: Im Vergleich zu herk\u00f6mmlichen Halogenlampen spart die Einbauleuchte bis zu 90 % Stromkosten, entspricht aber 40W Halogenlampen. Lebensdauer mehr als 30000 Stunden<br \/>\n&#8211; Hochwertige Aluminiumlegierung mit Nickelb\u00fcrsten-Finish. Perfekt f\u00fcr die W\u00e4rmeableitung. AC 220-240 V (kein Transformator erforderlich). Dr\u00fccken Sie einfach die Feder und installieren Sie die Einbauleuchten.<br \/>\n<div class=\"main-cross-sell\" data-asin=\"B08DG3SW7S\">\n\n\t<div class=\"WooZone-cross-sell-loader\">\n\t\t<div>\n\t\t\t<div id=\"floatingBarsG\">\n\t\t\t\t<div class=\"blockG\" id=\"rotateG_01\"><\/div>\n\t\t\t\t<div class=\"blockG\" id=\"rotateG_02\"><\/div>\n\t\t\t\t<div class=\"blockG\" id=\"rotateG_03\"><\/div>\n\t\t\t\t<div class=\"blockG\" id=\"rotateG_04\"><\/div>\n\t\t\t\t<div class=\"blockG\" id=\"rotateG_05\"><\/div>\n\t\t\t\t<div class=\"blockG\" id=\"rotateG_06\"><\/div>\n\t\t\t\t<div class=\"blockG\" id=\"rotateG_07\"><\/div>\n\t\t\t\t<div class=\"blockG\" id=\"rotateG_08\"><\/div>\n\t\t\t<\/div>\n\t\t\t<div class=\"WooZone-cross-sell-loader-text\"><\/div>\n\t\t<\/div>\n\t<\/div>\n\n\t\t\n<\/div>\n<div style=\"clear:both;\"><\/div><\/p>\n","protected":false},"excerpt":{"rendered":"<p>&#8211; Die wasserdichte IP44-Deckeneinbauleuchte eignet sich perfekt f\u00fcr Badezimmer und eignet sich auch hervorragend f\u00fcr K\u00fcche, Wohnzimmer und Esszimmer.<br \/>\n&#8211; Elegante Einbauleuchte: Nickel geb\u00fcrstetes Design, Glasabdeckung, bis zu 99 % Lichtdurchl\u00e4ssigkeit. Leistung \u00fcber 400 Lumen, 83+ Ra hohe Farbwiedergabe. Passt gut zu allen Arten von Wohnkultur, wie modern, industriell, Bauernhaus usw.<br \/>\n&#8211; Integriertes Design &amp; Ultraflach: Die Einbauleuchten sind einfach zu installieren. Es ist kein Transformator erforderlich, Sie k\u00f6nnen ihn direkt an 230 V anschlie\u00dfen. Mit der Einbautiefe von 27 mm w\u00fcrde die Leuchte nicht in Ihrer Decke aufragen. Hinterl\u00e4sst eine elegante und ordentliche Note in Ihrem Raum.<\/p>\n","protected":false},"featured_media":164503,"comment_status":"open","ping_status":"closed","template":"","meta":[],"product_brand":[],"product_cat":[11474,2108],"product_tag":[],"class_list":{"0":"post-164502","1":"product","2":"type-product","3":"status-publish","4":"has-post-thumbnail","6":"product_cat-bad-beleuchtung","7":"product_cat-beleuchtung","8":"pa_binding-haushaltswaren","9":"pa_brand-laboreducer","10":"pa_color-warmwhite","11":"pa_manufacturer-laboreducer","12":"pa_model-lrdluk6w","14":"first","15":"instock","16":"shipping-taxable","17":"purchasable","18":"product-type-simple","19":"customify-col","20":"product-has-gallery"},"yoast_head":"<!-- This site is optimized with the Yoast SEO plugin v27.4 - https:\/\/yoast.com\/product\/yoast-seo-wordpress\/ -->\n<title>LABOREDUCER LED Einbaustrahler 230v, 6er Set Flach Einbauleuchten, Badezimmer IP44 Deckenspot f\u00fcr K\u00fcche Wohnzimmer\u2026 - Markt-XXL<\/title>\n<meta name=\"description\" content=\"Markt-XXL LABOREDUCER LED Einbaustrahler 230v, 6er Set Flach Einbauleuchten, Badezimmer IP44 Deckenspot f\u00fcr K\u00fcche Wohnzimmer\u2026\" \/>\n<meta name=\"robots\" content=\"index, follow, max-snippet:-1, max-image-preview:large, max-video-preview:-1\" \/>\n<link rel=\"canonical\" href=\"https:\/\/marktxxl.de\/markt\/produkt\/laboreducer-led-einbaustrahler-230v-6er-set-flach-einbauleuchten-badezimmer-ip44-deckenspot-fuer-kueche-wohnzimmer-schlafzimmer3000k-warmweiss\/\" \/>\n<meta property=\"og:locale\" content=\"de_DE\" \/>\n<meta property=\"og:type\" content=\"article\" \/>\n<meta property=\"og:title\" content=\"LABOREDUCER LED Einbaustrahler 230v, 6er Set Flach Einbauleuchten, Badezimmer IP44 Deckenspot f\u00fcr K\u00fcche Wohnzimmer\u2026 - Markt-XXL\" \/>\n<meta property=\"og:description\" content=\"Markt-XXL LABOREDUCER LED Einbaustrahler 230v, 6er Set Flach Einbauleuchten, Badezimmer IP44 Deckenspot f\u00fcr K\u00fcche Wohnzimmer\u2026\" \/>\n<meta property=\"og:url\" content=\"https:\/\/marktxxl.de\/markt\/produkt\/laboreducer-led-einbaustrahler-230v-6er-set-flach-einbauleuchten-badezimmer-ip44-deckenspot-fuer-kueche-wohnzimmer-schlafzimmer3000k-warmweiss\/\" \/>\n<meta property=\"og:site_name\" content=\"Markt-XXL\" \/>\n<meta property=\"article:modified_time\" content=\"2023-04-10T02:57:13+00:00\" \/>\n<meta property=\"og:image\" content=\"https:\/\/m.media-amazon.com\/images\/I\/51c+zB+nJXL._SL500_.jpg\" \/>\n\t<meta property=\"og:image:width\" content=\"500\" \/>\n\t<meta property=\"og:image:height\" content=\"500\" \/>\n\t<meta property=\"og:image:type\" content=\"image\/jpeg\" \/>\n<meta name=\"twitter:card\" content=\"summary_large_image\" \/>\n<meta name=\"twitter:label1\" content=\"Gesch\u00e4tzte Lesezeit\" \/>\n\t<meta name=\"twitter:data1\" content=\"1\u00a0Minute\" \/>\n<script type=\"application\/ld+json\" class=\"yoast-schema-graph\">{\"@context\":\"https:\\\/\\\/schema.org\",\"@graph\":[{\"@type\":\"WebPage\",\"@id\":\"https:\\\/\\\/marktxxl.de\\\/markt\\\/produkt\\\/laboreducer-led-einbaustrahler-230v-6er-set-flach-einbauleuchten-badezimmer-ip44-deckenspot-fuer-kueche-wohnzimmer-schlafzimmer3000k-warmweiss\\\/\",\"url\":\"https:\\\/\\\/marktxxl.de\\\/markt\\\/produkt\\\/laboreducer-led-einbaustrahler-230v-6er-set-flach-einbauleuchten-badezimmer-ip44-deckenspot-fuer-kueche-wohnzimmer-schlafzimmer3000k-warmweiss\\\/\",\"name\":\"LABOREDUCER LED Einbaustrahler 230v, 6er Set Flach Einbauleuchten, Badezimmer IP44 Deckenspot f\u00fcr K\u00fcche Wohnzimmer\u2026 - Markt-XXL\",\"isPartOf\":{\"@id\":\"https:\\\/\\\/marktxxl.de\\\/markt\\\/#website\"},\"primaryImageOfPage\":{\"@id\":\"https:\\\/\\\/marktxxl.de\\\/markt\\\/produkt\\\/laboreducer-led-einbaustrahler-230v-6er-set-flach-einbauleuchten-badezimmer-ip44-deckenspot-fuer-kueche-wohnzimmer-schlafzimmer3000k-warmweiss\\\/#primaryimage\"},\"image\":{\"@id\":\"https:\\\/\\\/marktxxl.de\\\/markt\\\/produkt\\\/laboreducer-led-einbaustrahler-230v-6er-set-flach-einbauleuchten-badezimmer-ip44-deckenspot-fuer-kueche-wohnzimmer-schlafzimmer3000k-warmweiss\\\/#primaryimage\"},\"thumbnailUrl\":\"https:\\\/\\\/m.media-amazon.com\\\/images\\\/I\\\/51c+zB+nJXL._SL500_.jpg\",\"datePublished\":\"2022-11-11T04:37:25+00:00\",\"dateModified\":\"2023-04-10T02:57:13+00:00\",\"description\":\"Markt-XXL LABOREDUCER LED Einbaustrahler 230v, 6er Set Flach Einbauleuchten, Badezimmer IP44 Deckenspot f\u00fcr K\u00fcche Wohnzimmer\u2026\",\"breadcrumb\":{\"@id\":\"https:\\\/\\\/marktxxl.de\\\/markt\\\/produkt\\\/laboreducer-led-einbaustrahler-230v-6er-set-flach-einbauleuchten-badezimmer-ip44-deckenspot-fuer-kueche-wohnzimmer-schlafzimmer3000k-warmweiss\\\/#breadcrumb\"},\"inLanguage\":\"de\",\"potentialAction\":[{\"@type\":\"ReadAction\",\"target\":[\"https:\\\/\\\/marktxxl.de\\\/markt\\\/produkt\\\/laboreducer-led-einbaustrahler-230v-6er-set-flach-einbauleuchten-badezimmer-ip44-deckenspot-fuer-kueche-wohnzimmer-schlafzimmer3000k-warmweiss\\\/\"]}]},{\"@type\":\"ImageObject\",\"inLanguage\":\"de\",\"@id\":\"https:\\\/\\\/marktxxl.de\\\/markt\\\/produkt\\\/laboreducer-led-einbaustrahler-230v-6er-set-flach-einbauleuchten-badezimmer-ip44-deckenspot-fuer-kueche-wohnzimmer-schlafzimmer3000k-warmweiss\\\/#primaryimage\",\"url\":\"https:\\\/\\\/m.media-amazon.com\\\/images\\\/I\\\/51c+zB+nJXL._SL500_.jpg\",\"contentUrl\":\"https:\\\/\\\/m.media-amazon.com\\\/images\\\/I\\\/51c+zB+nJXL._SL500_.jpg\",\"width\":500,\"height\":500},{\"@type\":\"BreadcrumbList\",\"@id\":\"https:\\\/\\\/marktxxl.de\\\/markt\\\/produkt\\\/laboreducer-led-einbaustrahler-230v-6er-set-flach-einbauleuchten-badezimmer-ip44-deckenspot-fuer-kueche-wohnzimmer-schlafzimmer3000k-warmweiss\\\/#breadcrumb\",\"itemListElement\":[{\"@type\":\"ListItem\",\"position\":1,\"name\":\"Startseite\",\"item\":\"https:\\\/\\\/marktxxl.de\\\/markt\\\/\"},{\"@type\":\"ListItem\",\"position\":2,\"name\":\"Markt\",\"item\":\"https:\\\/\\\/marktxxl.de\\\/markt\\\/\"},{\"@type\":\"ListItem\",\"position\":3,\"name\":\"LABOREDUCER LED Einbaustrahler 230v, 6er Set Flach Einbauleuchten, Badezimmer IP44 Deckenspot f\u00fcr K\u00fcche Wohnzimmer\u2026\"}]},{\"@type\":\"WebSite\",\"@id\":\"https:\\\/\\\/marktxxl.de\\\/markt\\\/#website\",\"url\":\"https:\\\/\\\/marktxxl.de\\\/markt\\\/\",\"name\":\"Markt-XXL\",\"description\":\"Ihr Markt Online\",\"publisher\":{\"@id\":\"https:\\\/\\\/marktxxl.de\\\/markt\\\/#organization\"},\"potentialAction\":[{\"@type\":\"SearchAction\",\"target\":{\"@type\":\"EntryPoint\",\"urlTemplate\":\"https:\\\/\\\/marktxxl.de\\\/markt\\\/?s={search_term_string}\"},\"query-input\":{\"@type\":\"PropertyValueSpecification\",\"valueRequired\":true,\"valueName\":\"search_term_string\"}}],\"inLanguage\":\"de\"},{\"@type\":\"Organization\",\"@id\":\"https:\\\/\\\/marktxxl.de\\\/markt\\\/#organization\",\"name\":\"Markt-XXL\",\"url\":\"https:\\\/\\\/marktxxl.de\\\/markt\\\/\",\"logo\":{\"@type\":\"ImageObject\",\"inLanguage\":\"de\",\"@id\":\"https:\\\/\\\/marktxxl.de\\\/markt\\\/#\\\/schema\\\/logo\\\/image\\\/\",\"url\":\"https:\\\/\\\/marktxxl.de\\\/markt\\\/wp-content\\\/uploads\\\/sites\\\/3\\\/2020\\\/12\\\/logo.png\",\"contentUrl\":\"https:\\\/\\\/marktxxl.de\\\/markt\\\/wp-content\\\/uploads\\\/sites\\\/3\\\/2020\\\/12\\\/logo.png\",\"width\":200,\"height\":70,\"caption\":\"Markt-XXL\"},\"image\":{\"@id\":\"https:\\\/\\\/marktxxl.de\\\/markt\\\/#\\\/schema\\\/logo\\\/image\\\/\"}}]}<\/script>\n<!-- \/ Yoast SEO plugin. -->","yoast_head_json":{"title":"LABOREDUCER LED Einbaustrahler 230v, 6er Set Flach Einbauleuchten, Badezimmer IP44 Deckenspot f\u00fcr K\u00fcche Wohnzimmer\u2026 - Markt-XXL","description":"Markt-XXL LABOREDUCER LED Einbaustrahler 230v, 6er Set Flach Einbauleuchten, Badezimmer IP44 Deckenspot f\u00fcr K\u00fcche Wohnzimmer\u2026","robots":{"index":"index","follow":"follow","max-snippet":"max-snippet:-1","max-image-preview":"max-image-preview:large","max-video-preview":"max-video-preview:-1"},"canonical":"https:\/\/marktxxl.de\/markt\/produkt\/laboreducer-led-einbaustrahler-230v-6er-set-flach-einbauleuchten-badezimmer-ip44-deckenspot-fuer-kueche-wohnzimmer-schlafzimmer3000k-warmweiss\/","og_locale":"de_DE","og_type":"article","og_title":"LABOREDUCER LED Einbaustrahler 230v, 6er Set Flach Einbauleuchten, Badezimmer IP44 Deckenspot f\u00fcr K\u00fcche Wohnzimmer\u2026 - Markt-XXL","og_description":"Markt-XXL LABOREDUCER LED Einbaustrahler 230v, 6er Set Flach Einbauleuchten, Badezimmer IP44 Deckenspot f\u00fcr K\u00fcche Wohnzimmer\u2026","og_url":"https:\/\/marktxxl.de\/markt\/produkt\/laboreducer-led-einbaustrahler-230v-6er-set-flach-einbauleuchten-badezimmer-ip44-deckenspot-fuer-kueche-wohnzimmer-schlafzimmer3000k-warmweiss\/","og_site_name":"Markt-XXL","article_modified_time":"2023-04-10T02:57:13+00:00","og_image":[{"width":500,"height":500,"url":"https:\/\/m.media-amazon.com\/images\/I\/51c+zB+nJXL._SL500_.jpg","type":"image\/jpeg"}],"twitter_card":"summary_large_image","twitter_misc":{"Gesch\u00e4tzte Lesezeit":"1\u00a0Minute"},"schema":{"@context":"https:\/\/schema.org","@graph":[{"@type":"WebPage","@id":"https:\/\/marktxxl.de\/markt\/produkt\/laboreducer-led-einbaustrahler-230v-6er-set-flach-einbauleuchten-badezimmer-ip44-deckenspot-fuer-kueche-wohnzimmer-schlafzimmer3000k-warmweiss\/","url":"https:\/\/marktxxl.de\/markt\/produkt\/laboreducer-led-einbaustrahler-230v-6er-set-flach-einbauleuchten-badezimmer-ip44-deckenspot-fuer-kueche-wohnzimmer-schlafzimmer3000k-warmweiss\/","name":"LABOREDUCER LED Einbaustrahler 230v, 6er Set Flach Einbauleuchten, Badezimmer IP44 Deckenspot f\u00fcr K\u00fcche Wohnzimmer\u2026 - Markt-XXL","isPartOf":{"@id":"https:\/\/marktxxl.de\/markt\/#website"},"primaryImageOfPage":{"@id":"https:\/\/marktxxl.de\/markt\/produkt\/laboreducer-led-einbaustrahler-230v-6er-set-flach-einbauleuchten-badezimmer-ip44-deckenspot-fuer-kueche-wohnzimmer-schlafzimmer3000k-warmweiss\/#primaryimage"},"image":{"@id":"https:\/\/marktxxl.de\/markt\/produkt\/laboreducer-led-einbaustrahler-230v-6er-set-flach-einbauleuchten-badezimmer-ip44-deckenspot-fuer-kueche-wohnzimmer-schlafzimmer3000k-warmweiss\/#primaryimage"},"thumbnailUrl":"https:\/\/m.media-amazon.com\/images\/I\/51c+zB+nJXL._SL500_.jpg","datePublished":"2022-11-11T04:37:25+00:00","dateModified":"2023-04-10T02:57:13+00:00","description":"Markt-XXL LABOREDUCER LED Einbaustrahler 230v, 6er Set Flach Einbauleuchten, Badezimmer IP44 Deckenspot f\u00fcr K\u00fcche Wohnzimmer\u2026","breadcrumb":{"@id":"https:\/\/marktxxl.de\/markt\/produkt\/laboreducer-led-einbaustrahler-230v-6er-set-flach-einbauleuchten-badezimmer-ip44-deckenspot-fuer-kueche-wohnzimmer-schlafzimmer3000k-warmweiss\/#breadcrumb"},"inLanguage":"de","potentialAction":[{"@type":"ReadAction","target":["https:\/\/marktxxl.de\/markt\/produkt\/laboreducer-led-einbaustrahler-230v-6er-set-flach-einbauleuchten-badezimmer-ip44-deckenspot-fuer-kueche-wohnzimmer-schlafzimmer3000k-warmweiss\/"]}]},{"@type":"ImageObject","inLanguage":"de","@id":"https:\/\/marktxxl.de\/markt\/produkt\/laboreducer-led-einbaustrahler-230v-6er-set-flach-einbauleuchten-badezimmer-ip44-deckenspot-fuer-kueche-wohnzimmer-schlafzimmer3000k-warmweiss\/#primaryimage","url":"https:\/\/m.media-amazon.com\/images\/I\/51c+zB+nJXL._SL500_.jpg","contentUrl":"https:\/\/m.media-amazon.com\/images\/I\/51c+zB+nJXL._SL500_.jpg","width":500,"height":500},{"@type":"BreadcrumbList","@id":"https:\/\/marktxxl.de\/markt\/produkt\/laboreducer-led-einbaustrahler-230v-6er-set-flach-einbauleuchten-badezimmer-ip44-deckenspot-fuer-kueche-wohnzimmer-schlafzimmer3000k-warmweiss\/#breadcrumb","itemListElement":[{"@type":"ListItem","position":1,"name":"Startseite","item":"https:\/\/marktxxl.de\/markt\/"},{"@type":"ListItem","position":2,"name":"Markt","item":"https:\/\/marktxxl.de\/markt\/"},{"@type":"ListItem","position":3,"name":"LABOREDUCER LED Einbaustrahler 230v, 6er Set Flach Einbauleuchten, Badezimmer IP44 Deckenspot f\u00fcr K\u00fcche Wohnzimmer\u2026"}]},{"@type":"WebSite","@id":"https:\/\/marktxxl.de\/markt\/#website","url":"https:\/\/marktxxl.de\/markt\/","name":"Markt-XXL","description":"Ihr Markt Online","publisher":{"@id":"https:\/\/marktxxl.de\/markt\/#organization"},"potentialAction":[{"@type":"SearchAction","target":{"@type":"EntryPoint","urlTemplate":"https:\/\/marktxxl.de\/markt\/?s={search_term_string}"},"query-input":{"@type":"PropertyValueSpecification","valueRequired":true,"valueName":"search_term_string"}}],"inLanguage":"de"},{"@type":"Organization","@id":"https:\/\/marktxxl.de\/markt\/#organization","name":"Markt-XXL","url":"https:\/\/marktxxl.de\/markt\/","logo":{"@type":"ImageObject","inLanguage":"de","@id":"https:\/\/marktxxl.de\/markt\/#\/schema\/logo\/image\/","url":"https:\/\/marktxxl.de\/markt\/wp-content\/uploads\/sites\/3\/2020\/12\/logo.png","contentUrl":"https:\/\/marktxxl.de\/markt\/wp-content\/uploads\/sites\/3\/2020\/12\/logo.png","width":200,"height":70,"caption":"Markt-XXL"},"image":{"@id":"https:\/\/marktxxl.de\/markt\/#\/schema\/logo\/image\/"}}]}},"_links":{"self":[{"href":"https:\/\/marktxxl.de\/markt\/wp-json\/wp\/v2\/product\/164502","targetHints":{"allow":["GET"]}}],"collection":[{"href":"https:\/\/marktxxl.de\/markt\/wp-json\/wp\/v2\/product"}],"about":[{"href":"https:\/\/marktxxl.de\/markt\/wp-json\/wp\/v2\/types\/product"}],"replies":[{"embeddable":true,"href":"https:\/\/marktxxl.de\/markt\/wp-json\/wp\/v2\/comments?post=164502"}],"wp:featuredmedia":[{"embeddable":true,"href":"https:\/\/marktxxl.de\/markt\/wp-json\/wp\/v2\/media\/164503"}],"wp:attachment":[{"href":"https:\/\/marktxxl.de\/markt\/wp-json\/wp\/v2\/media?parent=164502"}],"wp:term":[{"taxonomy":"product_brand","embeddable":true,"href":"https:\/\/marktxxl.de\/markt\/wp-json\/wp\/v2\/product_brand?post=164502"},{"taxonomy":"product_cat","embeddable":true,"href":"https:\/\/marktxxl.de\/markt\/wp-json\/wp\/v2\/product_cat?post=164502"},{"taxonomy":"product_tag","embeddable":true,"href":"https:\/\/marktxxl.de\/markt\/wp-json\/wp\/v2\/product_tag?post=164502"}],"curies":[{"name":"wp","href":"https:\/\/api.w.org\/{rel}","templated":true}]}}