{"id":164494,"date":"2022-11-11T05:35:37","date_gmt":"2022-11-11T04:35:37","guid":{"rendered":"https:\/\/marktxxl.de\/markt\/produkt\/led-spiegelleuchte-hollywood-stil-badezimmer-spiegelleuchte-led-fuer-schminkspiegel-mit-5-dimmbaren-gluehlampen-schalter-40-cm-schminklicht-usb-kabel-5-gluehlampen\/"},"modified":"2023-04-10T04:57:13","modified_gmt":"2023-04-10T02:57:13","slug":"led-spiegelleuchte-hollywood-stil-badezimmer-spiegelleuchte-led-fuer-schminkspiegel-mit-5-dimmbaren-gluehlampen-schalter-40-cm-schminklicht-usb-kabel-5-gluehlampen","status":"publish","type":"product","link":"https:\/\/marktxxl.de\/markt\/produkt\/led-spiegelleuchte-hollywood-stil-badezimmer-spiegelleuchte-led-fuer-schminkspiegel-mit-5-dimmbaren-gluehlampen-schalter-40-cm-schminklicht-usb-kabel-5-gluehlampen\/","title":{"rendered":"UBEIYI Led Spiegelleuchte Hollywood Stil Badezimmer Spiegelleuchte Led f\u00fcr Schminkspiegel mit 5 dimmbaren Gl\u00fchlampen\u2026"},"content":{"rendered":"<p>\ud83d\udc4d Led spiegelleuchte badezimmer, Man kann die Helligkeit auch einstellen, h\u00f6her und niedriger machen. Tolles Licht, mit dem Ihre Bed\u00fcrfnisse anpassen und Ihre Einstellungen auch nach dem Ausschalten speichern k\u00f6nnen.<br \/>\n\ud83d\udc4d5 Helligkeitsstufe einstellbar: intelligenter Ein\/Aus-Touch-Dimmschalter, mit dem Sie die Helligkeit jederzeit an Ihre Bed\u00fcrfnisse anpassen k\u00f6nnen. LED-Spiegelleuchte, erzeugt ein weiches, nat\u00fcrliches und helles Licht, das viel Helligkeit f\u00fcr Make-up in dunkler und professioneller farbkorrigierter Beleuchtung f\u00fcr Make-up bietet. Machen Sie sich entspannen, um Make-up unter der idealen Helligkeit und pr\u00e4sentieren Sie eine perfekte Make-up, Sei ein sch\u00f6nes M\u00e4dchen jetzt.<br \/>\n\ud83d\udc4dEasy zu installieren: Mit Saugn\u00e4pfen Design, Spiegellampe Einfach kleben Sie es direkt auf den Spiegel, Spiegelrahmen oder die Wand in ein paar Minuten, ohne Werkzeug oder Verkabelung erforderlich und stecken Sie dann das mitgelieferte sichere Netzteil, kann jeden Spiegel in einen professionellen Make-up-Spiegel verwandeln, hinterlassen Sie keine Spuren nach dem Abrei\u00dfen.<br \/>\n\ud83d\udc4d3 Farbmodi: Tippen Sie einfach auf den Regler, um zwischen drei Modi von Make-up-Spiegellicht Tageslicht, Naturwei\u00df und Warm umzuschalten. Geeignet f\u00fcr Schlafzimmer, Badezimmer, Wohnzimmer. Es ist bequem und gem\u00fctlich f\u00fcr Ruhe und Entspannung und auch ideal f\u00fcr Make-up auf der hellen Umgebung.<br \/>\n\ud83d\udc4dMulti-Applikationen: Multifunktionale aufkleber LED-Leuchten, die zum spiegelleuchte led bad, Schminken, Schminktisch, Auff\u00fcllen von Licht, Dekorieren und Schie\u00dfen usw. verwendet werden k\u00f6nnen. Nicht im Lieferumfang enthaltener Spiegel, der weit verbreitet ist f\u00fcr K\u00fcchenschrankleuchten, Garderobenlampen, Schreibtischleuchten, Badezimmerleuchten, Make-up-Dochtischleuchten.<br \/>\n<div class=\"main-cross-sell\" data-asin=\"B07ZWKQ6KY\">\n\n\t<div class=\"WooZone-cross-sell-loader\">\n\t\t<div>\n\t\t\t<div id=\"floatingBarsG\">\n\t\t\t\t<div class=\"blockG\" id=\"rotateG_01\"><\/div>\n\t\t\t\t<div class=\"blockG\" id=\"rotateG_02\"><\/div>\n\t\t\t\t<div class=\"blockG\" id=\"rotateG_03\"><\/div>\n\t\t\t\t<div class=\"blockG\" id=\"rotateG_04\"><\/div>\n\t\t\t\t<div class=\"blockG\" id=\"rotateG_05\"><\/div>\n\t\t\t\t<div class=\"blockG\" id=\"rotateG_06\"><\/div>\n\t\t\t\t<div class=\"blockG\" id=\"rotateG_07\"><\/div>\n\t\t\t\t<div class=\"blockG\" id=\"rotateG_08\"><\/div>\n\t\t\t<\/div>\n\t\t\t<div class=\"WooZone-cross-sell-loader-text\"><\/div>\n\t\t<\/div>\n\t<\/div>\n\n\t\t\n<\/div>\n<div style=\"clear:both;\"><\/div><\/p>\n","protected":false},"excerpt":{"rendered":"<p>\ud83d\udc4d Led spiegelleuchte badezimmer, Man kann die Helligkeit auch einstellen, h\u00f6her und niedriger machen. Tolles Licht, mit dem Ihre Bed\u00fcrfnisse anpassen und Ihre Einstellungen auch nach dem Ausschalten speichern k\u00f6nnen.<br \/>\n\ud83d\udc4d5 Helligkeitsstufe einstellbar: intelligenter Ein\/Aus-Touch-Dimmschalter, mit dem Sie die Helligkeit jederzeit an Ihre Bed\u00fcrfnisse anpassen k\u00f6nnen. LED-Spiegelleuchte, erzeugt ein weiches, nat\u00fcrliches und helles Licht, das viel Helligkeit f\u00fcr Make-up in dunkler und professioneller farbkorrigierter Beleuchtung f\u00fcr Make-up bietet. Machen Sie sich entspannen, um Make-up unter der idealen Helligkeit und pr\u00e4sentieren Sie eine perfekte Make-up, Sei ein sch\u00f6nes M\u00e4dchen jetzt.<br \/>\n\ud83d\udc4dEasy zu installieren: Mit Saugn\u00e4pfen Design, Spiegellampe Einfach kleben Sie es direkt auf den Spiegel, Spiegelrahmen oder die Wand in ein paar Minuten, ohne Werkzeug oder Verkabelung erforderlich und stecken Sie dann das mitgelieferte sichere Netzteil, kann jeden Spiegel in einen professionellen Make-up-Spiegel verwandeln, hinterlassen Sie keine Spuren nach dem Abrei\u00dfen.<\/p>\n","protected":false},"featured_media":164495,"comment_status":"open","ping_status":"closed","template":"","meta":[],"product_brand":[],"product_cat":[11474,2108],"product_tag":[],"class_list":{"0":"post-164494","1":"product","2":"type-product","3":"status-publish","4":"has-post-thumbnail","6":"product_cat-bad-beleuchtung","7":"product_cat-beleuchtung","8":"pa_binding-ausruestung","9":"pa_brand-ubeiyi","10":"pa_color-weiss","11":"pa_manufacturer-chengshang","13":"first","14":"instock","15":"shipping-taxable","16":"purchasable","17":"product-type-simple","18":"customify-col","19":"product-has-gallery"},"yoast_head":"<!-- This site is optimized with the Yoast SEO plugin v27.3 - https:\/\/yoast.com\/product\/yoast-seo-wordpress\/ -->\n<title>UBEIYI Led Spiegelleuchte Hollywood Stil Badezimmer Spiegelleuchte Led f\u00fcr Schminkspiegel mit 5 dimmbaren Gl\u00fchlampen\u2026 - Markt-XXL<\/title>\n<meta name=\"description\" content=\"Markt-XXL UBEIYI Led Spiegelleuchte Hollywood Stil Badezimmer Spiegelleuchte Led f\u00fcr Schminkspiegel mit 5 dimmbaren Gl\u00fchlampen\u2026\" \/>\n<meta name=\"robots\" content=\"index, follow, max-snippet:-1, max-image-preview:large, max-video-preview:-1\" \/>\n<link rel=\"canonical\" href=\"https:\/\/marktxxl.de\/markt\/produkt\/led-spiegelleuchte-hollywood-stil-badezimmer-spiegelleuchte-led-fuer-schminkspiegel-mit-5-dimmbaren-gluehlampen-schalter-40-cm-schminklicht-usb-kabel-5-gluehlampen\/\" \/>\n<meta property=\"og:locale\" content=\"de_DE\" \/>\n<meta property=\"og:type\" content=\"article\" \/>\n<meta property=\"og:title\" content=\"UBEIYI Led Spiegelleuchte Hollywood Stil Badezimmer Spiegelleuchte Led f\u00fcr Schminkspiegel mit 5 dimmbaren Gl\u00fchlampen\u2026 - Markt-XXL\" \/>\n<meta property=\"og:description\" content=\"Markt-XXL UBEIYI Led Spiegelleuchte Hollywood Stil Badezimmer Spiegelleuchte Led f\u00fcr Schminkspiegel mit 5 dimmbaren Gl\u00fchlampen\u2026\" \/>\n<meta property=\"og:url\" content=\"https:\/\/marktxxl.de\/markt\/produkt\/led-spiegelleuchte-hollywood-stil-badezimmer-spiegelleuchte-led-fuer-schminkspiegel-mit-5-dimmbaren-gluehlampen-schalter-40-cm-schminklicht-usb-kabel-5-gluehlampen\/\" \/>\n<meta property=\"og:site_name\" content=\"Markt-XXL\" \/>\n<meta property=\"article:modified_time\" content=\"2023-04-10T02:57:13+00:00\" \/>\n<meta property=\"og:image\" content=\"https:\/\/m.media-amazon.com\/images\/I\/315IvmVm2NL._SL500_.jpg\" \/>\n\t<meta property=\"og:image:width\" content=\"500\" \/>\n\t<meta property=\"og:image:height\" content=\"500\" \/>\n\t<meta property=\"og:image:type\" content=\"image\/jpeg\" \/>\n<meta name=\"twitter:card\" content=\"summary_large_image\" \/>\n<meta name=\"twitter:label1\" content=\"Gesch\u00e4tzte Lesezeit\" \/>\n\t<meta name=\"twitter:data1\" content=\"1\u00a0Minute\" \/>\n<script type=\"application\/ld+json\" class=\"yoast-schema-graph\">{\"@context\":\"https:\\\/\\\/schema.org\",\"@graph\":[{\"@type\":\"WebPage\",\"@id\":\"https:\\\/\\\/marktxxl.de\\\/markt\\\/produkt\\\/led-spiegelleuchte-hollywood-stil-badezimmer-spiegelleuchte-led-fuer-schminkspiegel-mit-5-dimmbaren-gluehlampen-schalter-40-cm-schminklicht-usb-kabel-5-gluehlampen\\\/\",\"url\":\"https:\\\/\\\/marktxxl.de\\\/markt\\\/produkt\\\/led-spiegelleuchte-hollywood-stil-badezimmer-spiegelleuchte-led-fuer-schminkspiegel-mit-5-dimmbaren-gluehlampen-schalter-40-cm-schminklicht-usb-kabel-5-gluehlampen\\\/\",\"name\":\"UBEIYI Led Spiegelleuchte Hollywood Stil Badezimmer Spiegelleuchte Led f\u00fcr Schminkspiegel mit 5 dimmbaren Gl\u00fchlampen\u2026 - Markt-XXL\",\"isPartOf\":{\"@id\":\"https:\\\/\\\/marktxxl.de\\\/markt\\\/#website\"},\"primaryImageOfPage\":{\"@id\":\"https:\\\/\\\/marktxxl.de\\\/markt\\\/produkt\\\/led-spiegelleuchte-hollywood-stil-badezimmer-spiegelleuchte-led-fuer-schminkspiegel-mit-5-dimmbaren-gluehlampen-schalter-40-cm-schminklicht-usb-kabel-5-gluehlampen\\\/#primaryimage\"},\"image\":{\"@id\":\"https:\\\/\\\/marktxxl.de\\\/markt\\\/produkt\\\/led-spiegelleuchte-hollywood-stil-badezimmer-spiegelleuchte-led-fuer-schminkspiegel-mit-5-dimmbaren-gluehlampen-schalter-40-cm-schminklicht-usb-kabel-5-gluehlampen\\\/#primaryimage\"},\"thumbnailUrl\":\"https:\\\/\\\/m.media-amazon.com\\\/images\\\/I\\\/315IvmVm2NL._SL500_.jpg\",\"datePublished\":\"2022-11-11T04:35:37+00:00\",\"dateModified\":\"2023-04-10T02:57:13+00:00\",\"description\":\"Markt-XXL UBEIYI Led Spiegelleuchte Hollywood Stil Badezimmer Spiegelleuchte Led f\u00fcr Schminkspiegel mit 5 dimmbaren Gl\u00fchlampen\u2026\",\"breadcrumb\":{\"@id\":\"https:\\\/\\\/marktxxl.de\\\/markt\\\/produkt\\\/led-spiegelleuchte-hollywood-stil-badezimmer-spiegelleuchte-led-fuer-schminkspiegel-mit-5-dimmbaren-gluehlampen-schalter-40-cm-schminklicht-usb-kabel-5-gluehlampen\\\/#breadcrumb\"},\"inLanguage\":\"de\",\"potentialAction\":[{\"@type\":\"ReadAction\",\"target\":[\"https:\\\/\\\/marktxxl.de\\\/markt\\\/produkt\\\/led-spiegelleuchte-hollywood-stil-badezimmer-spiegelleuchte-led-fuer-schminkspiegel-mit-5-dimmbaren-gluehlampen-schalter-40-cm-schminklicht-usb-kabel-5-gluehlampen\\\/\"]}]},{\"@type\":\"ImageObject\",\"inLanguage\":\"de\",\"@id\":\"https:\\\/\\\/marktxxl.de\\\/markt\\\/produkt\\\/led-spiegelleuchte-hollywood-stil-badezimmer-spiegelleuchte-led-fuer-schminkspiegel-mit-5-dimmbaren-gluehlampen-schalter-40-cm-schminklicht-usb-kabel-5-gluehlampen\\\/#primaryimage\",\"url\":\"https:\\\/\\\/m.media-amazon.com\\\/images\\\/I\\\/315IvmVm2NL._SL500_.jpg\",\"contentUrl\":\"https:\\\/\\\/m.media-amazon.com\\\/images\\\/I\\\/315IvmVm2NL._SL500_.jpg\",\"width\":500,\"height\":500},{\"@type\":\"BreadcrumbList\",\"@id\":\"https:\\\/\\\/marktxxl.de\\\/markt\\\/produkt\\\/led-spiegelleuchte-hollywood-stil-badezimmer-spiegelleuchte-led-fuer-schminkspiegel-mit-5-dimmbaren-gluehlampen-schalter-40-cm-schminklicht-usb-kabel-5-gluehlampen\\\/#breadcrumb\",\"itemListElement\":[{\"@type\":\"ListItem\",\"position\":1,\"name\":\"Startseite\",\"item\":\"https:\\\/\\\/marktxxl.de\\\/markt\\\/\"},{\"@type\":\"ListItem\",\"position\":2,\"name\":\"Markt\",\"item\":\"https:\\\/\\\/marktxxl.de\\\/markt\\\/\"},{\"@type\":\"ListItem\",\"position\":3,\"name\":\"UBEIYI Led Spiegelleuchte Hollywood Stil Badezimmer Spiegelleuchte Led f\u00fcr Schminkspiegel mit 5 dimmbaren Gl\u00fchlampen\u2026\"}]},{\"@type\":\"WebSite\",\"@id\":\"https:\\\/\\\/marktxxl.de\\\/markt\\\/#website\",\"url\":\"https:\\\/\\\/marktxxl.de\\\/markt\\\/\",\"name\":\"Markt-XXL\",\"description\":\"Ihr Markt Online\",\"publisher\":{\"@id\":\"https:\\\/\\\/marktxxl.de\\\/markt\\\/#organization\"},\"potentialAction\":[{\"@type\":\"SearchAction\",\"target\":{\"@type\":\"EntryPoint\",\"urlTemplate\":\"https:\\\/\\\/marktxxl.de\\\/markt\\\/?s={search_term_string}\"},\"query-input\":{\"@type\":\"PropertyValueSpecification\",\"valueRequired\":true,\"valueName\":\"search_term_string\"}}],\"inLanguage\":\"de\"},{\"@type\":\"Organization\",\"@id\":\"https:\\\/\\\/marktxxl.de\\\/markt\\\/#organization\",\"name\":\"Markt-XXL\",\"url\":\"https:\\\/\\\/marktxxl.de\\\/markt\\\/\",\"logo\":{\"@type\":\"ImageObject\",\"inLanguage\":\"de\",\"@id\":\"https:\\\/\\\/marktxxl.de\\\/markt\\\/#\\\/schema\\\/logo\\\/image\\\/\",\"url\":\"https:\\\/\\\/marktxxl.de\\\/markt\\\/wp-content\\\/uploads\\\/sites\\\/3\\\/2020\\\/12\\\/logo.png\",\"contentUrl\":\"https:\\\/\\\/marktxxl.de\\\/markt\\\/wp-content\\\/uploads\\\/sites\\\/3\\\/2020\\\/12\\\/logo.png\",\"width\":200,\"height\":70,\"caption\":\"Markt-XXL\"},\"image\":{\"@id\":\"https:\\\/\\\/marktxxl.de\\\/markt\\\/#\\\/schema\\\/logo\\\/image\\\/\"}}]}<\/script>\n<!-- \/ Yoast SEO plugin. -->","yoast_head_json":{"title":"UBEIYI Led Spiegelleuchte Hollywood Stil Badezimmer Spiegelleuchte Led f\u00fcr Schminkspiegel mit 5 dimmbaren Gl\u00fchlampen\u2026 - Markt-XXL","description":"Markt-XXL UBEIYI Led Spiegelleuchte Hollywood Stil Badezimmer Spiegelleuchte Led f\u00fcr Schminkspiegel mit 5 dimmbaren Gl\u00fchlampen\u2026","robots":{"index":"index","follow":"follow","max-snippet":"max-snippet:-1","max-image-preview":"max-image-preview:large","max-video-preview":"max-video-preview:-1"},"canonical":"https:\/\/marktxxl.de\/markt\/produkt\/led-spiegelleuchte-hollywood-stil-badezimmer-spiegelleuchte-led-fuer-schminkspiegel-mit-5-dimmbaren-gluehlampen-schalter-40-cm-schminklicht-usb-kabel-5-gluehlampen\/","og_locale":"de_DE","og_type":"article","og_title":"UBEIYI Led Spiegelleuchte Hollywood Stil Badezimmer Spiegelleuchte Led f\u00fcr Schminkspiegel mit 5 dimmbaren Gl\u00fchlampen\u2026 - Markt-XXL","og_description":"Markt-XXL UBEIYI Led Spiegelleuchte Hollywood Stil Badezimmer Spiegelleuchte Led f\u00fcr Schminkspiegel mit 5 dimmbaren Gl\u00fchlampen\u2026","og_url":"https:\/\/marktxxl.de\/markt\/produkt\/led-spiegelleuchte-hollywood-stil-badezimmer-spiegelleuchte-led-fuer-schminkspiegel-mit-5-dimmbaren-gluehlampen-schalter-40-cm-schminklicht-usb-kabel-5-gluehlampen\/","og_site_name":"Markt-XXL","article_modified_time":"2023-04-10T02:57:13+00:00","og_image":[{"width":500,"height":500,"url":"https:\/\/m.media-amazon.com\/images\/I\/315IvmVm2NL._SL500_.jpg","type":"image\/jpeg"}],"twitter_card":"summary_large_image","twitter_misc":{"Gesch\u00e4tzte Lesezeit":"1\u00a0Minute"},"schema":{"@context":"https:\/\/schema.org","@graph":[{"@type":"WebPage","@id":"https:\/\/marktxxl.de\/markt\/produkt\/led-spiegelleuchte-hollywood-stil-badezimmer-spiegelleuchte-led-fuer-schminkspiegel-mit-5-dimmbaren-gluehlampen-schalter-40-cm-schminklicht-usb-kabel-5-gluehlampen\/","url":"https:\/\/marktxxl.de\/markt\/produkt\/led-spiegelleuchte-hollywood-stil-badezimmer-spiegelleuchte-led-fuer-schminkspiegel-mit-5-dimmbaren-gluehlampen-schalter-40-cm-schminklicht-usb-kabel-5-gluehlampen\/","name":"UBEIYI Led Spiegelleuchte Hollywood Stil Badezimmer Spiegelleuchte Led f\u00fcr Schminkspiegel mit 5 dimmbaren Gl\u00fchlampen\u2026 - Markt-XXL","isPartOf":{"@id":"https:\/\/marktxxl.de\/markt\/#website"},"primaryImageOfPage":{"@id":"https:\/\/marktxxl.de\/markt\/produkt\/led-spiegelleuchte-hollywood-stil-badezimmer-spiegelleuchte-led-fuer-schminkspiegel-mit-5-dimmbaren-gluehlampen-schalter-40-cm-schminklicht-usb-kabel-5-gluehlampen\/#primaryimage"},"image":{"@id":"https:\/\/marktxxl.de\/markt\/produkt\/led-spiegelleuchte-hollywood-stil-badezimmer-spiegelleuchte-led-fuer-schminkspiegel-mit-5-dimmbaren-gluehlampen-schalter-40-cm-schminklicht-usb-kabel-5-gluehlampen\/#primaryimage"},"thumbnailUrl":"https:\/\/m.media-amazon.com\/images\/I\/315IvmVm2NL._SL500_.jpg","datePublished":"2022-11-11T04:35:37+00:00","dateModified":"2023-04-10T02:57:13+00:00","description":"Markt-XXL UBEIYI Led Spiegelleuchte Hollywood Stil Badezimmer Spiegelleuchte Led f\u00fcr Schminkspiegel mit 5 dimmbaren Gl\u00fchlampen\u2026","breadcrumb":{"@id":"https:\/\/marktxxl.de\/markt\/produkt\/led-spiegelleuchte-hollywood-stil-badezimmer-spiegelleuchte-led-fuer-schminkspiegel-mit-5-dimmbaren-gluehlampen-schalter-40-cm-schminklicht-usb-kabel-5-gluehlampen\/#breadcrumb"},"inLanguage":"de","potentialAction":[{"@type":"ReadAction","target":["https:\/\/marktxxl.de\/markt\/produkt\/led-spiegelleuchte-hollywood-stil-badezimmer-spiegelleuchte-led-fuer-schminkspiegel-mit-5-dimmbaren-gluehlampen-schalter-40-cm-schminklicht-usb-kabel-5-gluehlampen\/"]}]},{"@type":"ImageObject","inLanguage":"de","@id":"https:\/\/marktxxl.de\/markt\/produkt\/led-spiegelleuchte-hollywood-stil-badezimmer-spiegelleuchte-led-fuer-schminkspiegel-mit-5-dimmbaren-gluehlampen-schalter-40-cm-schminklicht-usb-kabel-5-gluehlampen\/#primaryimage","url":"https:\/\/m.media-amazon.com\/images\/I\/315IvmVm2NL._SL500_.jpg","contentUrl":"https:\/\/m.media-amazon.com\/images\/I\/315IvmVm2NL._SL500_.jpg","width":500,"height":500},{"@type":"BreadcrumbList","@id":"https:\/\/marktxxl.de\/markt\/produkt\/led-spiegelleuchte-hollywood-stil-badezimmer-spiegelleuchte-led-fuer-schminkspiegel-mit-5-dimmbaren-gluehlampen-schalter-40-cm-schminklicht-usb-kabel-5-gluehlampen\/#breadcrumb","itemListElement":[{"@type":"ListItem","position":1,"name":"Startseite","item":"https:\/\/marktxxl.de\/markt\/"},{"@type":"ListItem","position":2,"name":"Markt","item":"https:\/\/marktxxl.de\/markt\/"},{"@type":"ListItem","position":3,"name":"UBEIYI Led Spiegelleuchte Hollywood Stil Badezimmer Spiegelleuchte Led f\u00fcr Schminkspiegel mit 5 dimmbaren Gl\u00fchlampen\u2026"}]},{"@type":"WebSite","@id":"https:\/\/marktxxl.de\/markt\/#website","url":"https:\/\/marktxxl.de\/markt\/","name":"Markt-XXL","description":"Ihr Markt Online","publisher":{"@id":"https:\/\/marktxxl.de\/markt\/#organization"},"potentialAction":[{"@type":"SearchAction","target":{"@type":"EntryPoint","urlTemplate":"https:\/\/marktxxl.de\/markt\/?s={search_term_string}"},"query-input":{"@type":"PropertyValueSpecification","valueRequired":true,"valueName":"search_term_string"}}],"inLanguage":"de"},{"@type":"Organization","@id":"https:\/\/marktxxl.de\/markt\/#organization","name":"Markt-XXL","url":"https:\/\/marktxxl.de\/markt\/","logo":{"@type":"ImageObject","inLanguage":"de","@id":"https:\/\/marktxxl.de\/markt\/#\/schema\/logo\/image\/","url":"https:\/\/marktxxl.de\/markt\/wp-content\/uploads\/sites\/3\/2020\/12\/logo.png","contentUrl":"https:\/\/marktxxl.de\/markt\/wp-content\/uploads\/sites\/3\/2020\/12\/logo.png","width":200,"height":70,"caption":"Markt-XXL"},"image":{"@id":"https:\/\/marktxxl.de\/markt\/#\/schema\/logo\/image\/"}}]}},"_links":{"self":[{"href":"https:\/\/marktxxl.de\/markt\/wp-json\/wp\/v2\/product\/164494","targetHints":{"allow":["GET"]}}],"collection":[{"href":"https:\/\/marktxxl.de\/markt\/wp-json\/wp\/v2\/product"}],"about":[{"href":"https:\/\/marktxxl.de\/markt\/wp-json\/wp\/v2\/types\/product"}],"replies":[{"embeddable":true,"href":"https:\/\/marktxxl.de\/markt\/wp-json\/wp\/v2\/comments?post=164494"}],"wp:featuredmedia":[{"embeddable":true,"href":"https:\/\/marktxxl.de\/markt\/wp-json\/wp\/v2\/media\/164495"}],"wp:attachment":[{"href":"https:\/\/marktxxl.de\/markt\/wp-json\/wp\/v2\/media?parent=164494"}],"wp:term":[{"taxonomy":"product_brand","embeddable":true,"href":"https:\/\/marktxxl.de\/markt\/wp-json\/wp\/v2\/product_brand?post=164494"},{"taxonomy":"product_cat","embeddable":true,"href":"https:\/\/marktxxl.de\/markt\/wp-json\/wp\/v2\/product_cat?post=164494"},{"taxonomy":"product_tag","embeddable":true,"href":"https:\/\/marktxxl.de\/markt\/wp-json\/wp\/v2\/product_tag?post=164494"}],"curies":[{"name":"wp","href":"https:\/\/api.w.org\/{rel}","templated":true}]}}