{"id":164249,"date":"2022-11-11T04:59:48","date_gmt":"2022-11-11T03:59:48","guid":{"rendered":"https:\/\/marktxxl.de\/markt\/produkt\/moon-tree-maedchen-einteiliger-badeanzug-langarm-surfanzug-hawaiian-badeanzug-strand-2-14-jahre-alt\/"},"modified":"2023-04-10T04:57:09","modified_gmt":"2023-04-10T02:57:09","slug":"moon-tree-maedchen-einteiliger-badeanzug-langarm-surfanzug-hawaiian-badeanzug-strand-2-14-jahre-alt","status":"publish","type":"product","link":"https:\/\/marktxxl.de\/markt\/produkt\/moon-tree-maedchen-einteiliger-badeanzug-langarm-surfanzug-hawaiian-badeanzug-strand-2-14-jahre-alt\/","title":{"rendered":"Moon Tree M\u00e4dchen Einteiliger Badeanzug Langarm-Surfanzug Hawaiian Badeanzug Strand 2-14 Jahre Alt"},"content":{"rendered":"<p>Der Kauf gem\u00e4\u00df der normalen Altersgr\u00f6\u00dfe kann 90% der Kinder zufriedenstellen. Die Gr\u00f6\u00dfe des Kindes ist nur eine Referenz, haupts\u00e4chlich basierend auf dem tats\u00e4chlichen Alter des Kindes als Hauptreferenzdaten.Wenn Ihr Kind gr\u00f6\u00dfer oder etwas mollig ist, empfehlen wir Ihnen, eine gr\u00f6\u00dfere Gr\u00f6\u00dfe zu kaufen.<br \/>\nEigenschaften: Einteiliger geschnittener Badeanzug Langarm-Surfanzug Hawaiian, schmal, sicher und bequem , dynamisch und energisch.<br \/>\nPr\u00e4zise Verarbeitung und N\u00e4hte: Die Badeanz\u00fcge sind mit den sch\u00f6nen N\u00e4hte an allen Kanten und Schultergurten. Sie haben den Halt und ausgezeichnete Elastizit\u00e4t, glatt, langlebig und bequem.<br \/>\nProfessionelles Design:Die Kinder k\u00f6nnen die Badeanz\u00fcge f\u00fcr Sommerferien, an den Str\u00e4nden, f\u00fcr Surfen, oder Schwimmunterricht und andere Wassersport tragen.<br \/>\nDer Stiltyp ist neuartig und s\u00fc\u00df:Helles und farbliches Design, mit dem tropischen Blumenmuster, sehr geeignet im Sommer. Wenn Sie es im Sommer tragen, werden Sie zur s\u00fc\u00dfesten und attraktivsten Landschaft.<br \/>\n<div class=\"main-cross-sell\" data-asin=\"B08CDPPBMK\">\n\n\t<div class=\"WooZone-cross-sell-loader\">\n\t\t<div>\n\t\t\t<div id=\"floatingBarsG\">\n\t\t\t\t<div class=\"blockG\" id=\"rotateG_01\"><\/div>\n\t\t\t\t<div class=\"blockG\" id=\"rotateG_02\"><\/div>\n\t\t\t\t<div class=\"blockG\" id=\"rotateG_03\"><\/div>\n\t\t\t\t<div class=\"blockG\" id=\"rotateG_04\"><\/div>\n\t\t\t\t<div class=\"blockG\" id=\"rotateG_05\"><\/div>\n\t\t\t\t<div class=\"blockG\" id=\"rotateG_06\"><\/div>\n\t\t\t\t<div class=\"blockG\" id=\"rotateG_07\"><\/div>\n\t\t\t\t<div class=\"blockG\" id=\"rotateG_08\"><\/div>\n\t\t\t<\/div>\n\t\t\t<div class=\"WooZone-cross-sell-loader-text\"><\/div>\n\t\t<\/div>\n\t<\/div>\n\n\t\t\n<\/div>\n<div style=\"clear:both;\"><\/div><\/p>\n","protected":false},"excerpt":{"rendered":"<p>Der Kauf gem\u00e4\u00df der normalen Altersgr\u00f6\u00dfe kann 90% der Kinder zufriedenstellen. Die Gr\u00f6\u00dfe des Kindes ist nur eine Referenz, haupts\u00e4chlich basierend auf dem tats\u00e4chlichen Alter des Kindes als Hauptreferenzdaten.Wenn Ihr Kind gr\u00f6\u00dfer oder etwas mollig ist, empfehlen wir Ihnen, eine gr\u00f6\u00dfere Gr\u00f6\u00dfe zu kaufen.<br \/>\nEigenschaften: Einteiliger geschnittener Badeanzug Langarm-Surfanzug Hawaiian, schmal, sicher und bequem , dynamisch und energisch.<br \/>\nPr\u00e4zise Verarbeitung und N\u00e4hte: Die Badeanz\u00fcge sind mit den sch\u00f6nen N\u00e4hte an allen Kanten und Schultergurten. Sie haben den Halt und ausgezeichnete Elastizit\u00e4t, glatt, langlebig und bequem.<\/p>\n","protected":false},"featured_media":164250,"comment_status":"open","ping_status":"closed","template":"","meta":[],"product_brand":[],"product_cat":[1186,3990],"product_tag":[],"class_list":{"0":"post-164249","1":"product","2":"type-product","3":"status-publish","4":"has-post-thumbnail","6":"product_cat-bekleidung","7":"product_cat-maedchen","8":"pa_binding-textilien","9":"pa_brand-moon-tree","11":"first","12":"instock","13":"shipping-taxable","14":"purchasable","15":"product-type-simple","16":"customify-col","17":"product-has-gallery"},"yoast_head":"<!-- This site is optimized with the Yoast SEO plugin v27.3 - https:\/\/yoast.com\/product\/yoast-seo-wordpress\/ -->\n<title>Moon Tree M\u00e4dchen Einteiliger Badeanzug Langarm-Surfanzug Hawaiian Badeanzug Strand 2-14 Jahre Alt - Markt-XXL<\/title>\n<meta name=\"description\" content=\"Markt-XXL Moon Tree M\u00e4dchen Einteiliger Badeanzug Langarm-Surfanzug Hawaiian Badeanzug Strand 2-14 Jahre Alt\" \/>\n<meta name=\"robots\" content=\"index, follow, max-snippet:-1, max-image-preview:large, max-video-preview:-1\" \/>\n<link rel=\"canonical\" href=\"https:\/\/marktxxl.de\/markt\/produkt\/moon-tree-maedchen-einteiliger-badeanzug-langarm-surfanzug-hawaiian-badeanzug-strand-2-14-jahre-alt\/\" \/>\n<meta property=\"og:locale\" content=\"de_DE\" \/>\n<meta property=\"og:type\" content=\"article\" \/>\n<meta property=\"og:title\" content=\"Moon Tree M\u00e4dchen Einteiliger Badeanzug Langarm-Surfanzug Hawaiian Badeanzug Strand 2-14 Jahre Alt - Markt-XXL\" \/>\n<meta property=\"og:description\" content=\"Markt-XXL Moon Tree M\u00e4dchen Einteiliger Badeanzug Langarm-Surfanzug Hawaiian Badeanzug Strand 2-14 Jahre Alt\" \/>\n<meta property=\"og:url\" content=\"https:\/\/marktxxl.de\/markt\/produkt\/moon-tree-maedchen-einteiliger-badeanzug-langarm-surfanzug-hawaiian-badeanzug-strand-2-14-jahre-alt\/\" \/>\n<meta property=\"og:site_name\" content=\"Markt-XXL\" \/>\n<meta property=\"article:modified_time\" content=\"2023-04-10T02:57:09+00:00\" \/>\n<meta property=\"og:image\" content=\"https:\/\/m.media-amazon.com\/images\/I\/41bwQMHnL2L._SL500_.jpg\" \/>\n\t<meta property=\"og:image:width\" content=\"417\" \/>\n\t<meta property=\"og:image:height\" content=\"500\" \/>\n\t<meta property=\"og:image:type\" content=\"image\/jpeg\" \/>\n<meta name=\"twitter:card\" content=\"summary_large_image\" \/>\n<meta name=\"twitter:label1\" content=\"Gesch\u00e4tzte Lesezeit\" \/>\n\t<meta name=\"twitter:data1\" content=\"1\u00a0Minute\" \/>\n<script type=\"application\/ld+json\" class=\"yoast-schema-graph\">{\"@context\":\"https:\\\/\\\/schema.org\",\"@graph\":[{\"@type\":\"WebPage\",\"@id\":\"https:\\\/\\\/marktxxl.de\\\/markt\\\/produkt\\\/moon-tree-maedchen-einteiliger-badeanzug-langarm-surfanzug-hawaiian-badeanzug-strand-2-14-jahre-alt\\\/\",\"url\":\"https:\\\/\\\/marktxxl.de\\\/markt\\\/produkt\\\/moon-tree-maedchen-einteiliger-badeanzug-langarm-surfanzug-hawaiian-badeanzug-strand-2-14-jahre-alt\\\/\",\"name\":\"Moon Tree M\u00e4dchen Einteiliger Badeanzug Langarm-Surfanzug Hawaiian Badeanzug Strand 2-14 Jahre Alt - Markt-XXL\",\"isPartOf\":{\"@id\":\"https:\\\/\\\/marktxxl.de\\\/markt\\\/#website\"},\"primaryImageOfPage\":{\"@id\":\"https:\\\/\\\/marktxxl.de\\\/markt\\\/produkt\\\/moon-tree-maedchen-einteiliger-badeanzug-langarm-surfanzug-hawaiian-badeanzug-strand-2-14-jahre-alt\\\/#primaryimage\"},\"image\":{\"@id\":\"https:\\\/\\\/marktxxl.de\\\/markt\\\/produkt\\\/moon-tree-maedchen-einteiliger-badeanzug-langarm-surfanzug-hawaiian-badeanzug-strand-2-14-jahre-alt\\\/#primaryimage\"},\"thumbnailUrl\":\"https:\\\/\\\/m.media-amazon.com\\\/images\\\/I\\\/41bwQMHnL2L._SL500_.jpg\",\"datePublished\":\"2022-11-11T03:59:48+00:00\",\"dateModified\":\"2023-04-10T02:57:09+00:00\",\"description\":\"Markt-XXL Moon Tree M\u00e4dchen Einteiliger Badeanzug Langarm-Surfanzug Hawaiian Badeanzug Strand 2-14 Jahre Alt\",\"breadcrumb\":{\"@id\":\"https:\\\/\\\/marktxxl.de\\\/markt\\\/produkt\\\/moon-tree-maedchen-einteiliger-badeanzug-langarm-surfanzug-hawaiian-badeanzug-strand-2-14-jahre-alt\\\/#breadcrumb\"},\"inLanguage\":\"de\",\"potentialAction\":[{\"@type\":\"ReadAction\",\"target\":[\"https:\\\/\\\/marktxxl.de\\\/markt\\\/produkt\\\/moon-tree-maedchen-einteiliger-badeanzug-langarm-surfanzug-hawaiian-badeanzug-strand-2-14-jahre-alt\\\/\"]}]},{\"@type\":\"ImageObject\",\"inLanguage\":\"de\",\"@id\":\"https:\\\/\\\/marktxxl.de\\\/markt\\\/produkt\\\/moon-tree-maedchen-einteiliger-badeanzug-langarm-surfanzug-hawaiian-badeanzug-strand-2-14-jahre-alt\\\/#primaryimage\",\"url\":\"https:\\\/\\\/m.media-amazon.com\\\/images\\\/I\\\/41bwQMHnL2L._SL500_.jpg\",\"contentUrl\":\"https:\\\/\\\/m.media-amazon.com\\\/images\\\/I\\\/41bwQMHnL2L._SL500_.jpg\",\"width\":417,\"height\":500},{\"@type\":\"BreadcrumbList\",\"@id\":\"https:\\\/\\\/marktxxl.de\\\/markt\\\/produkt\\\/moon-tree-maedchen-einteiliger-badeanzug-langarm-surfanzug-hawaiian-badeanzug-strand-2-14-jahre-alt\\\/#breadcrumb\",\"itemListElement\":[{\"@type\":\"ListItem\",\"position\":1,\"name\":\"Startseite\",\"item\":\"https:\\\/\\\/marktxxl.de\\\/markt\\\/\"},{\"@type\":\"ListItem\",\"position\":2,\"name\":\"Markt\",\"item\":\"https:\\\/\\\/marktxxl.de\\\/markt\\\/\"},{\"@type\":\"ListItem\",\"position\":3,\"name\":\"Moon Tree M\u00e4dchen Einteiliger Badeanzug Langarm-Surfanzug Hawaiian Badeanzug Strand 2-14 Jahre Alt\"}]},{\"@type\":\"WebSite\",\"@id\":\"https:\\\/\\\/marktxxl.de\\\/markt\\\/#website\",\"url\":\"https:\\\/\\\/marktxxl.de\\\/markt\\\/\",\"name\":\"Markt-XXL\",\"description\":\"Ihr Markt Online\",\"publisher\":{\"@id\":\"https:\\\/\\\/marktxxl.de\\\/markt\\\/#organization\"},\"potentialAction\":[{\"@type\":\"SearchAction\",\"target\":{\"@type\":\"EntryPoint\",\"urlTemplate\":\"https:\\\/\\\/marktxxl.de\\\/markt\\\/?s={search_term_string}\"},\"query-input\":{\"@type\":\"PropertyValueSpecification\",\"valueRequired\":true,\"valueName\":\"search_term_string\"}}],\"inLanguage\":\"de\"},{\"@type\":\"Organization\",\"@id\":\"https:\\\/\\\/marktxxl.de\\\/markt\\\/#organization\",\"name\":\"Markt-XXL\",\"url\":\"https:\\\/\\\/marktxxl.de\\\/markt\\\/\",\"logo\":{\"@type\":\"ImageObject\",\"inLanguage\":\"de\",\"@id\":\"https:\\\/\\\/marktxxl.de\\\/markt\\\/#\\\/schema\\\/logo\\\/image\\\/\",\"url\":\"https:\\\/\\\/marktxxl.de\\\/markt\\\/wp-content\\\/uploads\\\/sites\\\/3\\\/2020\\\/12\\\/logo.png\",\"contentUrl\":\"https:\\\/\\\/marktxxl.de\\\/markt\\\/wp-content\\\/uploads\\\/sites\\\/3\\\/2020\\\/12\\\/logo.png\",\"width\":200,\"height\":70,\"caption\":\"Markt-XXL\"},\"image\":{\"@id\":\"https:\\\/\\\/marktxxl.de\\\/markt\\\/#\\\/schema\\\/logo\\\/image\\\/\"}}]}<\/script>\n<!-- \/ Yoast SEO plugin. -->","yoast_head_json":{"title":"Moon Tree M\u00e4dchen Einteiliger Badeanzug Langarm-Surfanzug Hawaiian Badeanzug Strand 2-14 Jahre Alt - Markt-XXL","description":"Markt-XXL Moon Tree M\u00e4dchen Einteiliger Badeanzug Langarm-Surfanzug Hawaiian Badeanzug Strand 2-14 Jahre Alt","robots":{"index":"index","follow":"follow","max-snippet":"max-snippet:-1","max-image-preview":"max-image-preview:large","max-video-preview":"max-video-preview:-1"},"canonical":"https:\/\/marktxxl.de\/markt\/produkt\/moon-tree-maedchen-einteiliger-badeanzug-langarm-surfanzug-hawaiian-badeanzug-strand-2-14-jahre-alt\/","og_locale":"de_DE","og_type":"article","og_title":"Moon Tree M\u00e4dchen Einteiliger Badeanzug Langarm-Surfanzug Hawaiian Badeanzug Strand 2-14 Jahre Alt - Markt-XXL","og_description":"Markt-XXL Moon Tree M\u00e4dchen Einteiliger Badeanzug Langarm-Surfanzug Hawaiian Badeanzug Strand 2-14 Jahre Alt","og_url":"https:\/\/marktxxl.de\/markt\/produkt\/moon-tree-maedchen-einteiliger-badeanzug-langarm-surfanzug-hawaiian-badeanzug-strand-2-14-jahre-alt\/","og_site_name":"Markt-XXL","article_modified_time":"2023-04-10T02:57:09+00:00","og_image":[{"width":417,"height":500,"url":"https:\/\/m.media-amazon.com\/images\/I\/41bwQMHnL2L._SL500_.jpg","type":"image\/jpeg"}],"twitter_card":"summary_large_image","twitter_misc":{"Gesch\u00e4tzte Lesezeit":"1\u00a0Minute"},"schema":{"@context":"https:\/\/schema.org","@graph":[{"@type":"WebPage","@id":"https:\/\/marktxxl.de\/markt\/produkt\/moon-tree-maedchen-einteiliger-badeanzug-langarm-surfanzug-hawaiian-badeanzug-strand-2-14-jahre-alt\/","url":"https:\/\/marktxxl.de\/markt\/produkt\/moon-tree-maedchen-einteiliger-badeanzug-langarm-surfanzug-hawaiian-badeanzug-strand-2-14-jahre-alt\/","name":"Moon Tree M\u00e4dchen Einteiliger Badeanzug Langarm-Surfanzug Hawaiian Badeanzug Strand 2-14 Jahre Alt - Markt-XXL","isPartOf":{"@id":"https:\/\/marktxxl.de\/markt\/#website"},"primaryImageOfPage":{"@id":"https:\/\/marktxxl.de\/markt\/produkt\/moon-tree-maedchen-einteiliger-badeanzug-langarm-surfanzug-hawaiian-badeanzug-strand-2-14-jahre-alt\/#primaryimage"},"image":{"@id":"https:\/\/marktxxl.de\/markt\/produkt\/moon-tree-maedchen-einteiliger-badeanzug-langarm-surfanzug-hawaiian-badeanzug-strand-2-14-jahre-alt\/#primaryimage"},"thumbnailUrl":"https:\/\/m.media-amazon.com\/images\/I\/41bwQMHnL2L._SL500_.jpg","datePublished":"2022-11-11T03:59:48+00:00","dateModified":"2023-04-10T02:57:09+00:00","description":"Markt-XXL Moon Tree M\u00e4dchen Einteiliger Badeanzug Langarm-Surfanzug Hawaiian Badeanzug Strand 2-14 Jahre Alt","breadcrumb":{"@id":"https:\/\/marktxxl.de\/markt\/produkt\/moon-tree-maedchen-einteiliger-badeanzug-langarm-surfanzug-hawaiian-badeanzug-strand-2-14-jahre-alt\/#breadcrumb"},"inLanguage":"de","potentialAction":[{"@type":"ReadAction","target":["https:\/\/marktxxl.de\/markt\/produkt\/moon-tree-maedchen-einteiliger-badeanzug-langarm-surfanzug-hawaiian-badeanzug-strand-2-14-jahre-alt\/"]}]},{"@type":"ImageObject","inLanguage":"de","@id":"https:\/\/marktxxl.de\/markt\/produkt\/moon-tree-maedchen-einteiliger-badeanzug-langarm-surfanzug-hawaiian-badeanzug-strand-2-14-jahre-alt\/#primaryimage","url":"https:\/\/m.media-amazon.com\/images\/I\/41bwQMHnL2L._SL500_.jpg","contentUrl":"https:\/\/m.media-amazon.com\/images\/I\/41bwQMHnL2L._SL500_.jpg","width":417,"height":500},{"@type":"BreadcrumbList","@id":"https:\/\/marktxxl.de\/markt\/produkt\/moon-tree-maedchen-einteiliger-badeanzug-langarm-surfanzug-hawaiian-badeanzug-strand-2-14-jahre-alt\/#breadcrumb","itemListElement":[{"@type":"ListItem","position":1,"name":"Startseite","item":"https:\/\/marktxxl.de\/markt\/"},{"@type":"ListItem","position":2,"name":"Markt","item":"https:\/\/marktxxl.de\/markt\/"},{"@type":"ListItem","position":3,"name":"Moon Tree M\u00e4dchen Einteiliger Badeanzug Langarm-Surfanzug Hawaiian Badeanzug Strand 2-14 Jahre Alt"}]},{"@type":"WebSite","@id":"https:\/\/marktxxl.de\/markt\/#website","url":"https:\/\/marktxxl.de\/markt\/","name":"Markt-XXL","description":"Ihr Markt Online","publisher":{"@id":"https:\/\/marktxxl.de\/markt\/#organization"},"potentialAction":[{"@type":"SearchAction","target":{"@type":"EntryPoint","urlTemplate":"https:\/\/marktxxl.de\/markt\/?s={search_term_string}"},"query-input":{"@type":"PropertyValueSpecification","valueRequired":true,"valueName":"search_term_string"}}],"inLanguage":"de"},{"@type":"Organization","@id":"https:\/\/marktxxl.de\/markt\/#organization","name":"Markt-XXL","url":"https:\/\/marktxxl.de\/markt\/","logo":{"@type":"ImageObject","inLanguage":"de","@id":"https:\/\/marktxxl.de\/markt\/#\/schema\/logo\/image\/","url":"https:\/\/marktxxl.de\/markt\/wp-content\/uploads\/sites\/3\/2020\/12\/logo.png","contentUrl":"https:\/\/marktxxl.de\/markt\/wp-content\/uploads\/sites\/3\/2020\/12\/logo.png","width":200,"height":70,"caption":"Markt-XXL"},"image":{"@id":"https:\/\/marktxxl.de\/markt\/#\/schema\/logo\/image\/"}}]}},"_links":{"self":[{"href":"https:\/\/marktxxl.de\/markt\/wp-json\/wp\/v2\/product\/164249","targetHints":{"allow":["GET"]}}],"collection":[{"href":"https:\/\/marktxxl.de\/markt\/wp-json\/wp\/v2\/product"}],"about":[{"href":"https:\/\/marktxxl.de\/markt\/wp-json\/wp\/v2\/types\/product"}],"replies":[{"embeddable":true,"href":"https:\/\/marktxxl.de\/markt\/wp-json\/wp\/v2\/comments?post=164249"}],"wp:featuredmedia":[{"embeddable":true,"href":"https:\/\/marktxxl.de\/markt\/wp-json\/wp\/v2\/media\/164250"}],"wp:attachment":[{"href":"https:\/\/marktxxl.de\/markt\/wp-json\/wp\/v2\/media?parent=164249"}],"wp:term":[{"taxonomy":"product_brand","embeddable":true,"href":"https:\/\/marktxxl.de\/markt\/wp-json\/wp\/v2\/product_brand?post=164249"},{"taxonomy":"product_cat","embeddable":true,"href":"https:\/\/marktxxl.de\/markt\/wp-json\/wp\/v2\/product_cat?post=164249"},{"taxonomy":"product_tag","embeddable":true,"href":"https:\/\/marktxxl.de\/markt\/wp-json\/wp\/v2\/product_tag?post=164249"}],"curies":[{"name":"wp","href":"https:\/\/api.w.org\/{rel}","templated":true}]}}