{"id":164125,"date":"2022-11-11T04:53:25","date_gmt":"2022-11-11T03:53:25","guid":{"rendered":"https:\/\/marktxxl.de\/markt\/produkt\/miraculous-ladybug-kurzer-schlafanzug-fuer-maedchen-kinder-roter-shortie-schlafanzug\/"},"modified":"2023-04-11T04:48:32","modified_gmt":"2023-04-11T02:48:32","slug":"miraculous-ladybug-kurzer-schlafanzug-fuer-maedchen-kinder-roter-shortie-schlafanzug","status":"publish","type":"product","link":"https:\/\/marktxxl.de\/markt\/produkt\/miraculous-ladybug-kurzer-schlafanzug-fuer-maedchen-kinder-roter-shortie-schlafanzug\/","title":{"rendered":"Miraculous Ladybug Kurzer Schlafanzug f\u00fcr M\u00e4dchen, Kinder, roter Shortie-Schlafanzug"},"content":{"rendered":"<p>Authentisches, wundervolles Design: Das ultimative Miraculous Kleid Up Short Pjs Set. Dieses Kurz- und T-Shirt-Set hat ein hochaufl\u00f6sendes Bild des Ladybug-Logos und ihrer Maske auf einem roten und schwarzen Punktematerial, genau wie Miraculous&#8217;s Kost\u00fcm. Diese kurzen Sets eignen sich auch hervorragend als Nachtw\u00e4sche f\u00fcr Partys und \u00dcbernachtungen. Perfekt f\u00fcr alle Miraculous Fans, ein tolles Geschenk. Schauen Sie sich unsere passenden Hausschuhe in unserem Shop f\u00fcr das ultimative Geschenk an.<br \/>\nHochwertiges Design: Die Sets sind super weich und aus 100% hochwertiger Baumwolle. Sie sind maschinenwaschbar und strapazierf\u00e4hig. Das Feedback der Gr\u00f6\u00dfe f\u00e4llt normal aus.<br \/>\nGro\u00dfe Gr\u00f6\u00dfen: Dieses Design ist in einer gro\u00dfen Auswahl an Gr\u00f6\u00dfen erh\u00e4ltlich, um alle Altersgruppen abzudecken. Ab einem Alter von 3-4 Jahren bis zu 9-10 Jahren. Miraculous ist zu einer der beliebtesten weiblichen Superhelden geworden, also wollten wir sicherstellen, dass alle Fans diesen Einteiler haben k\u00f6nnen. Die Gr\u00f6\u00dfenauswahl macht es perfekt f\u00fcr passende Geschwister-Nachtw\u00e4sche.<br \/>\nWundervolle Geschenke f\u00fcr M\u00e4dchen: Wir haben das perfekte Geburtstagsgeschenk f\u00fcr Ihre Tochter, Enkelin, Nichte. Suchen Sie nicht weiter, denn unsere sch\u00f6nen Onesies eignen sich hervorragend als Geburtstagsgeschenke oder als besondere Leckereien f\u00fcr die Kleinen. Diese weichen Pyjamas f\u00fcr M\u00e4dchen sind praktisch und perfekt f\u00fcr alle Jahreszeiten. Wir haben eine riesige Auswahl an Miraculous Geschenken in unserem Shop, darunter einige passende Hausschuhe, Taschen und Schuhe.<br \/>\nOffizielle Miraculous Marienk\u00e4fer-Kleidung \u2013 limitierte Auflage. Diese niedlichen M\u00e4dchen Pyjamas wurden exklusiv f\u00fcr unseren Laden entworfen und Sie werden sie nirgendwo anders finden.<br \/>\n<div class=\"main-cross-sell\" data-asin=\"B09V53G91H\">\n\n\t<div class=\"WooZone-cross-sell-loader\">\n\t\t<div>\n\t\t\t<div id=\"floatingBarsG\">\n\t\t\t\t<div class=\"blockG\" id=\"rotateG_01\"><\/div>\n\t\t\t\t<div class=\"blockG\" id=\"rotateG_02\"><\/div>\n\t\t\t\t<div class=\"blockG\" id=\"rotateG_03\"><\/div>\n\t\t\t\t<div class=\"blockG\" id=\"rotateG_04\"><\/div>\n\t\t\t\t<div class=\"blockG\" id=\"rotateG_05\"><\/div>\n\t\t\t\t<div class=\"blockG\" id=\"rotateG_06\"><\/div>\n\t\t\t\t<div class=\"blockG\" id=\"rotateG_07\"><\/div>\n\t\t\t\t<div class=\"blockG\" id=\"rotateG_08\"><\/div>\n\t\t\t<\/div>\n\t\t\t<div class=\"WooZone-cross-sell-loader-text\"><\/div>\n\t\t<\/div>\n\t<\/div>\n\n\t\t\n<\/div>\n<div style=\"clear:both;\"><\/div><\/p>\n","protected":false},"excerpt":{"rendered":"<p>Authentisches, wundervolles Design: Das ultimative Miraculous Kleid Up Short Pjs Set. Dieses Kurz- und T-Shirt-Set hat ein hochaufl\u00f6sendes Bild des Ladybug-Logos und ihrer Maske auf einem roten und schwarzen Punktematerial, genau wie Miraculous&#8217;s Kost\u00fcm. Diese kurzen Sets eignen sich auch hervorragend als Nachtw\u00e4sche f\u00fcr Partys und \u00dcbernachtungen. Perfekt f\u00fcr alle Miraculous Fans, ein tolles Geschenk. Schauen Sie sich unsere passenden Hausschuhe in unserem Shop f\u00fcr das ultimative Geschenk an.<br \/>\nHochwertiges Design: Die Sets sind super weich und aus 100% hochwertiger Baumwolle. Sie sind maschinenwaschbar und strapazierf\u00e4hig. Das Feedback der Gr\u00f6\u00dfe f\u00e4llt normal aus.<br \/>\nGro\u00dfe Gr\u00f6\u00dfen: Dieses Design ist in einer gro\u00dfen Auswahl an Gr\u00f6\u00dfen erh\u00e4ltlich, um alle Altersgruppen abzudecken. Ab einem Alter von 3-4 Jahren bis zu 9-10 Jahren. Miraculous ist zu einer der beliebtesten weiblichen Superhelden geworden, also wollten wir sicherstellen, dass alle Fans diesen Einteiler haben k\u00f6nnen. Die Gr\u00f6\u00dfenauswahl macht es perfekt f\u00fcr passende Geschwister-Nachtw\u00e4sche.<\/p>\n","protected":false},"featured_media":164126,"comment_status":"open","ping_status":"closed","template":"","meta":[],"product_brand":[],"product_cat":[1186,3990],"product_tag":[],"class_list":{"0":"post-164125","1":"product","2":"type-product","3":"status-publish","4":"has-post-thumbnail","6":"product_cat-bekleidung","7":"product_cat-maedchen","8":"pa_binding-textilien","9":"pa_brand-miraculous","10":"pa_brand-thames-hudson","11":"pa_manufacturer-miraculous","13":"first","14":"instock","15":"shipping-taxable","16":"purchasable","17":"product-type-simple","18":"customify-col","19":"product-has-gallery"},"yoast_head":"<!-- This site is optimized with the Yoast SEO plugin v27.4 - https:\/\/yoast.com\/product\/yoast-seo-wordpress\/ -->\n<title>Miraculous Ladybug Kurzer Schlafanzug f\u00fcr M\u00e4dchen, Kinder, roter Shortie-Schlafanzug - Markt-XXL<\/title>\n<meta name=\"description\" content=\"Markt-XXL Miraculous Ladybug Kurzer Schlafanzug f\u00fcr M\u00e4dchen, Kinder, roter Shortie-Schlafanzug\" \/>\n<meta name=\"robots\" content=\"index, follow, max-snippet:-1, max-image-preview:large, max-video-preview:-1\" \/>\n<link rel=\"canonical\" href=\"https:\/\/marktxxl.de\/markt\/produkt\/miraculous-ladybug-kurzer-schlafanzug-fuer-maedchen-kinder-roter-shortie-schlafanzug\/\" \/>\n<meta property=\"og:locale\" content=\"de_DE\" \/>\n<meta property=\"og:type\" content=\"article\" \/>\n<meta property=\"og:title\" content=\"Miraculous Ladybug Kurzer Schlafanzug f\u00fcr M\u00e4dchen, Kinder, roter Shortie-Schlafanzug - Markt-XXL\" \/>\n<meta property=\"og:description\" content=\"Markt-XXL Miraculous Ladybug Kurzer Schlafanzug f\u00fcr M\u00e4dchen, Kinder, roter Shortie-Schlafanzug\" \/>\n<meta property=\"og:url\" content=\"https:\/\/marktxxl.de\/markt\/produkt\/miraculous-ladybug-kurzer-schlafanzug-fuer-maedchen-kinder-roter-shortie-schlafanzug\/\" \/>\n<meta property=\"og:site_name\" content=\"Markt-XXL\" \/>\n<meta property=\"article:modified_time\" content=\"2023-04-11T02:48:32+00:00\" \/>\n<meta property=\"og:image\" content=\"https:\/\/m.media-amazon.com\/images\/I\/41ZW3ZdpykL._SL500_.jpg\" \/>\n\t<meta property=\"og:image:width\" content=\"462\" \/>\n\t<meta property=\"og:image:height\" content=\"500\" \/>\n\t<meta property=\"og:image:type\" content=\"image\/jpeg\" \/>\n<meta name=\"twitter:card\" content=\"summary_large_image\" \/>\n<meta name=\"twitter:label1\" content=\"Gesch\u00e4tzte Lesezeit\" \/>\n\t<meta name=\"twitter:data1\" content=\"1\u00a0Minute\" \/>\n<script type=\"application\/ld+json\" class=\"yoast-schema-graph\">{\"@context\":\"https:\\\/\\\/schema.org\",\"@graph\":[{\"@type\":\"WebPage\",\"@id\":\"https:\\\/\\\/marktxxl.de\\\/markt\\\/produkt\\\/miraculous-ladybug-kurzer-schlafanzug-fuer-maedchen-kinder-roter-shortie-schlafanzug\\\/\",\"url\":\"https:\\\/\\\/marktxxl.de\\\/markt\\\/produkt\\\/miraculous-ladybug-kurzer-schlafanzug-fuer-maedchen-kinder-roter-shortie-schlafanzug\\\/\",\"name\":\"Miraculous Ladybug Kurzer Schlafanzug f\u00fcr M\u00e4dchen, Kinder, roter Shortie-Schlafanzug - Markt-XXL\",\"isPartOf\":{\"@id\":\"https:\\\/\\\/marktxxl.de\\\/markt\\\/#website\"},\"primaryImageOfPage\":{\"@id\":\"https:\\\/\\\/marktxxl.de\\\/markt\\\/produkt\\\/miraculous-ladybug-kurzer-schlafanzug-fuer-maedchen-kinder-roter-shortie-schlafanzug\\\/#primaryimage\"},\"image\":{\"@id\":\"https:\\\/\\\/marktxxl.de\\\/markt\\\/produkt\\\/miraculous-ladybug-kurzer-schlafanzug-fuer-maedchen-kinder-roter-shortie-schlafanzug\\\/#primaryimage\"},\"thumbnailUrl\":\"https:\\\/\\\/m.media-amazon.com\\\/images\\\/I\\\/41ZW3ZdpykL._SL500_.jpg\",\"datePublished\":\"2022-11-11T03:53:25+00:00\",\"dateModified\":\"2023-04-11T02:48:32+00:00\",\"description\":\"Markt-XXL Miraculous Ladybug Kurzer Schlafanzug f\u00fcr M\u00e4dchen, Kinder, roter Shortie-Schlafanzug\",\"breadcrumb\":{\"@id\":\"https:\\\/\\\/marktxxl.de\\\/markt\\\/produkt\\\/miraculous-ladybug-kurzer-schlafanzug-fuer-maedchen-kinder-roter-shortie-schlafanzug\\\/#breadcrumb\"},\"inLanguage\":\"de\",\"potentialAction\":[{\"@type\":\"ReadAction\",\"target\":[\"https:\\\/\\\/marktxxl.de\\\/markt\\\/produkt\\\/miraculous-ladybug-kurzer-schlafanzug-fuer-maedchen-kinder-roter-shortie-schlafanzug\\\/\"]}]},{\"@type\":\"ImageObject\",\"inLanguage\":\"de\",\"@id\":\"https:\\\/\\\/marktxxl.de\\\/markt\\\/produkt\\\/miraculous-ladybug-kurzer-schlafanzug-fuer-maedchen-kinder-roter-shortie-schlafanzug\\\/#primaryimage\",\"url\":\"https:\\\/\\\/m.media-amazon.com\\\/images\\\/I\\\/41ZW3ZdpykL._SL500_.jpg\",\"contentUrl\":\"https:\\\/\\\/m.media-amazon.com\\\/images\\\/I\\\/41ZW3ZdpykL._SL500_.jpg\",\"width\":462,\"height\":500},{\"@type\":\"BreadcrumbList\",\"@id\":\"https:\\\/\\\/marktxxl.de\\\/markt\\\/produkt\\\/miraculous-ladybug-kurzer-schlafanzug-fuer-maedchen-kinder-roter-shortie-schlafanzug\\\/#breadcrumb\",\"itemListElement\":[{\"@type\":\"ListItem\",\"position\":1,\"name\":\"Startseite\",\"item\":\"https:\\\/\\\/marktxxl.de\\\/markt\\\/\"},{\"@type\":\"ListItem\",\"position\":2,\"name\":\"Markt\",\"item\":\"https:\\\/\\\/marktxxl.de\\\/markt\\\/\"},{\"@type\":\"ListItem\",\"position\":3,\"name\":\"Miraculous Ladybug Kurzer Schlafanzug f\u00fcr M\u00e4dchen, Kinder, roter Shortie-Schlafanzug\"}]},{\"@type\":\"WebSite\",\"@id\":\"https:\\\/\\\/marktxxl.de\\\/markt\\\/#website\",\"url\":\"https:\\\/\\\/marktxxl.de\\\/markt\\\/\",\"name\":\"Markt-XXL\",\"description\":\"Ihr Markt Online\",\"publisher\":{\"@id\":\"https:\\\/\\\/marktxxl.de\\\/markt\\\/#organization\"},\"potentialAction\":[{\"@type\":\"SearchAction\",\"target\":{\"@type\":\"EntryPoint\",\"urlTemplate\":\"https:\\\/\\\/marktxxl.de\\\/markt\\\/?s={search_term_string}\"},\"query-input\":{\"@type\":\"PropertyValueSpecification\",\"valueRequired\":true,\"valueName\":\"search_term_string\"}}],\"inLanguage\":\"de\"},{\"@type\":\"Organization\",\"@id\":\"https:\\\/\\\/marktxxl.de\\\/markt\\\/#organization\",\"name\":\"Markt-XXL\",\"url\":\"https:\\\/\\\/marktxxl.de\\\/markt\\\/\",\"logo\":{\"@type\":\"ImageObject\",\"inLanguage\":\"de\",\"@id\":\"https:\\\/\\\/marktxxl.de\\\/markt\\\/#\\\/schema\\\/logo\\\/image\\\/\",\"url\":\"https:\\\/\\\/marktxxl.de\\\/markt\\\/wp-content\\\/uploads\\\/sites\\\/3\\\/2020\\\/12\\\/logo.png\",\"contentUrl\":\"https:\\\/\\\/marktxxl.de\\\/markt\\\/wp-content\\\/uploads\\\/sites\\\/3\\\/2020\\\/12\\\/logo.png\",\"width\":200,\"height\":70,\"caption\":\"Markt-XXL\"},\"image\":{\"@id\":\"https:\\\/\\\/marktxxl.de\\\/markt\\\/#\\\/schema\\\/logo\\\/image\\\/\"}}]}<\/script>\n<!-- \/ Yoast SEO plugin. -->","yoast_head_json":{"title":"Miraculous Ladybug Kurzer Schlafanzug f\u00fcr M\u00e4dchen, Kinder, roter Shortie-Schlafanzug - Markt-XXL","description":"Markt-XXL Miraculous Ladybug Kurzer Schlafanzug f\u00fcr M\u00e4dchen, Kinder, roter Shortie-Schlafanzug","robots":{"index":"index","follow":"follow","max-snippet":"max-snippet:-1","max-image-preview":"max-image-preview:large","max-video-preview":"max-video-preview:-1"},"canonical":"https:\/\/marktxxl.de\/markt\/produkt\/miraculous-ladybug-kurzer-schlafanzug-fuer-maedchen-kinder-roter-shortie-schlafanzug\/","og_locale":"de_DE","og_type":"article","og_title":"Miraculous Ladybug Kurzer Schlafanzug f\u00fcr M\u00e4dchen, Kinder, roter Shortie-Schlafanzug - Markt-XXL","og_description":"Markt-XXL Miraculous Ladybug Kurzer Schlafanzug f\u00fcr M\u00e4dchen, Kinder, roter Shortie-Schlafanzug","og_url":"https:\/\/marktxxl.de\/markt\/produkt\/miraculous-ladybug-kurzer-schlafanzug-fuer-maedchen-kinder-roter-shortie-schlafanzug\/","og_site_name":"Markt-XXL","article_modified_time":"2023-04-11T02:48:32+00:00","og_image":[{"width":462,"height":500,"url":"https:\/\/m.media-amazon.com\/images\/I\/41ZW3ZdpykL._SL500_.jpg","type":"image\/jpeg"}],"twitter_card":"summary_large_image","twitter_misc":{"Gesch\u00e4tzte Lesezeit":"1\u00a0Minute"},"schema":{"@context":"https:\/\/schema.org","@graph":[{"@type":"WebPage","@id":"https:\/\/marktxxl.de\/markt\/produkt\/miraculous-ladybug-kurzer-schlafanzug-fuer-maedchen-kinder-roter-shortie-schlafanzug\/","url":"https:\/\/marktxxl.de\/markt\/produkt\/miraculous-ladybug-kurzer-schlafanzug-fuer-maedchen-kinder-roter-shortie-schlafanzug\/","name":"Miraculous Ladybug Kurzer Schlafanzug f\u00fcr M\u00e4dchen, Kinder, roter Shortie-Schlafanzug - Markt-XXL","isPartOf":{"@id":"https:\/\/marktxxl.de\/markt\/#website"},"primaryImageOfPage":{"@id":"https:\/\/marktxxl.de\/markt\/produkt\/miraculous-ladybug-kurzer-schlafanzug-fuer-maedchen-kinder-roter-shortie-schlafanzug\/#primaryimage"},"image":{"@id":"https:\/\/marktxxl.de\/markt\/produkt\/miraculous-ladybug-kurzer-schlafanzug-fuer-maedchen-kinder-roter-shortie-schlafanzug\/#primaryimage"},"thumbnailUrl":"https:\/\/m.media-amazon.com\/images\/I\/41ZW3ZdpykL._SL500_.jpg","datePublished":"2022-11-11T03:53:25+00:00","dateModified":"2023-04-11T02:48:32+00:00","description":"Markt-XXL Miraculous Ladybug Kurzer Schlafanzug f\u00fcr M\u00e4dchen, Kinder, roter Shortie-Schlafanzug","breadcrumb":{"@id":"https:\/\/marktxxl.de\/markt\/produkt\/miraculous-ladybug-kurzer-schlafanzug-fuer-maedchen-kinder-roter-shortie-schlafanzug\/#breadcrumb"},"inLanguage":"de","potentialAction":[{"@type":"ReadAction","target":["https:\/\/marktxxl.de\/markt\/produkt\/miraculous-ladybug-kurzer-schlafanzug-fuer-maedchen-kinder-roter-shortie-schlafanzug\/"]}]},{"@type":"ImageObject","inLanguage":"de","@id":"https:\/\/marktxxl.de\/markt\/produkt\/miraculous-ladybug-kurzer-schlafanzug-fuer-maedchen-kinder-roter-shortie-schlafanzug\/#primaryimage","url":"https:\/\/m.media-amazon.com\/images\/I\/41ZW3ZdpykL._SL500_.jpg","contentUrl":"https:\/\/m.media-amazon.com\/images\/I\/41ZW3ZdpykL._SL500_.jpg","width":462,"height":500},{"@type":"BreadcrumbList","@id":"https:\/\/marktxxl.de\/markt\/produkt\/miraculous-ladybug-kurzer-schlafanzug-fuer-maedchen-kinder-roter-shortie-schlafanzug\/#breadcrumb","itemListElement":[{"@type":"ListItem","position":1,"name":"Startseite","item":"https:\/\/marktxxl.de\/markt\/"},{"@type":"ListItem","position":2,"name":"Markt","item":"https:\/\/marktxxl.de\/markt\/"},{"@type":"ListItem","position":3,"name":"Miraculous Ladybug Kurzer Schlafanzug f\u00fcr M\u00e4dchen, Kinder, roter Shortie-Schlafanzug"}]},{"@type":"WebSite","@id":"https:\/\/marktxxl.de\/markt\/#website","url":"https:\/\/marktxxl.de\/markt\/","name":"Markt-XXL","description":"Ihr Markt Online","publisher":{"@id":"https:\/\/marktxxl.de\/markt\/#organization"},"potentialAction":[{"@type":"SearchAction","target":{"@type":"EntryPoint","urlTemplate":"https:\/\/marktxxl.de\/markt\/?s={search_term_string}"},"query-input":{"@type":"PropertyValueSpecification","valueRequired":true,"valueName":"search_term_string"}}],"inLanguage":"de"},{"@type":"Organization","@id":"https:\/\/marktxxl.de\/markt\/#organization","name":"Markt-XXL","url":"https:\/\/marktxxl.de\/markt\/","logo":{"@type":"ImageObject","inLanguage":"de","@id":"https:\/\/marktxxl.de\/markt\/#\/schema\/logo\/image\/","url":"https:\/\/marktxxl.de\/markt\/wp-content\/uploads\/sites\/3\/2020\/12\/logo.png","contentUrl":"https:\/\/marktxxl.de\/markt\/wp-content\/uploads\/sites\/3\/2020\/12\/logo.png","width":200,"height":70,"caption":"Markt-XXL"},"image":{"@id":"https:\/\/marktxxl.de\/markt\/#\/schema\/logo\/image\/"}}]}},"_links":{"self":[{"href":"https:\/\/marktxxl.de\/markt\/wp-json\/wp\/v2\/product\/164125","targetHints":{"allow":["GET"]}}],"collection":[{"href":"https:\/\/marktxxl.de\/markt\/wp-json\/wp\/v2\/product"}],"about":[{"href":"https:\/\/marktxxl.de\/markt\/wp-json\/wp\/v2\/types\/product"}],"replies":[{"embeddable":true,"href":"https:\/\/marktxxl.de\/markt\/wp-json\/wp\/v2\/comments?post=164125"}],"wp:featuredmedia":[{"embeddable":true,"href":"https:\/\/marktxxl.de\/markt\/wp-json\/wp\/v2\/media\/164126"}],"wp:attachment":[{"href":"https:\/\/marktxxl.de\/markt\/wp-json\/wp\/v2\/media?parent=164125"}],"wp:term":[{"taxonomy":"product_brand","embeddable":true,"href":"https:\/\/marktxxl.de\/markt\/wp-json\/wp\/v2\/product_brand?post=164125"},{"taxonomy":"product_cat","embeddable":true,"href":"https:\/\/marktxxl.de\/markt\/wp-json\/wp\/v2\/product_cat?post=164125"},{"taxonomy":"product_tag","embeddable":true,"href":"https:\/\/marktxxl.de\/markt\/wp-json\/wp\/v2\/product_tag?post=164125"}],"curies":[{"name":"wp","href":"https:\/\/api.w.org\/{rel}","templated":true}]}}