{"id":164018,"date":"2022-11-11T04:47:11","date_gmt":"2022-11-11T03:47:11","guid":{"rendered":"https:\/\/marktxxl.de\/markt\/produkt\/darn-tough-herren-socken\/"},"modified":"2023-04-11T04:48:29","modified_gmt":"2023-04-11T02:48:29","slug":"darn-tough-herren-socken","status":"publish","type":"product","link":"https:\/\/marktxxl.de\/markt\/produkt\/darn-tough-herren-socken\/","title":{"rendered":"Darn Tough Herren Socken"},"content":{"rendered":"<p>Mittelschwer mit voller Polsterung \u2013 eine mittelschwere Socke mit hochdichter Polsterung in der gesamten Socke f\u00fcr vollen Komfort und Leistung. True Seamless-Technologie erm\u00f6glicht eine unsichtbare Nahtverschmelzung f\u00fcr ein ultraglattes, unsichtbares Gef\u00fchl.<br \/>\nStiefelsockenh\u00f6he \u2013 sitzt Mitte der Wade f\u00fcr zus\u00e4tzlichen Schutz und W\u00e4rme. Ein robuster Begleiter.<br \/>\nZusammensetzung: Gestrickt mit 66 % Merinowolle, 32 % Nylon, 2 % Lycra-Spandex. Der schnelle Feuchtigkeitstransport leitet Feuchtigkeit von der Haut weg, so dass keine schwitzigen, stinkenden Socken mehr entstehen. Die weiche, atmungsaktive Merinowolle hat schnell trocknende Allwetterleistung, die dich im Sommer k\u00fchl und im Winter warm h\u00e4lt.<br \/>\nDarn Tough wird sie ohne Fragen ersetzen. Keine Schn\u00fcre Keine Bedingungen.<br \/>\nHergestellt in den USA \u2013 jedes Paar Socken wird in Northfield, Vermont gestrickt \u2013 dem perfekten Testplatz f\u00fcr die besten Premium-Allwetter-Performancesocken.<br \/>\n<div class=\"main-cross-sell\" data-asin=\"B07SP3J6BH\">\n\n\t<div class=\"WooZone-cross-sell-loader\">\n\t\t<div>\n\t\t\t<div id=\"floatingBarsG\">\n\t\t\t\t<div class=\"blockG\" id=\"rotateG_01\"><\/div>\n\t\t\t\t<div class=\"blockG\" id=\"rotateG_02\"><\/div>\n\t\t\t\t<div class=\"blockG\" id=\"rotateG_03\"><\/div>\n\t\t\t\t<div class=\"blockG\" id=\"rotateG_04\"><\/div>\n\t\t\t\t<div class=\"blockG\" id=\"rotateG_05\"><\/div>\n\t\t\t\t<div class=\"blockG\" id=\"rotateG_06\"><\/div>\n\t\t\t\t<div class=\"blockG\" id=\"rotateG_07\"><\/div>\n\t\t\t\t<div class=\"blockG\" id=\"rotateG_08\"><\/div>\n\t\t\t<\/div>\n\t\t\t<div class=\"WooZone-cross-sell-loader-text\"><\/div>\n\t\t<\/div>\n\t<\/div>\n\n\t\t\n<\/div>\n<div style=\"clear:both;\"><\/div><\/p>\n","protected":false},"excerpt":{"rendered":"<p>Mittelschwer mit voller Polsterung \u2013 eine mittelschwere Socke mit hochdichter Polsterung in der gesamten Socke f\u00fcr vollen Komfort und Leistung. True Seamless-Technologie erm\u00f6glicht eine unsichtbare Nahtverschmelzung f\u00fcr ein ultraglattes, unsichtbares Gef\u00fchl.<br \/>\nStiefelsockenh\u00f6he \u2013 sitzt Mitte der Wade f\u00fcr zus\u00e4tzlichen Schutz und W\u00e4rme. Ein robuster Begleiter.<br \/>\nZusammensetzung: Gestrickt mit 66 % Merinowolle, 32 % Nylon, 2 % Lycra-Spandex. Der schnelle Feuchtigkeitstransport leitet Feuchtigkeit von der Haut weg, so dass keine schwitzigen, stinkenden Socken mehr entstehen. Die weiche, atmungsaktive Merinowolle hat schnell trocknende Allwetterleistung, die dich im Sommer k\u00fchl und im Winter warm h\u00e4lt.<\/p>\n","protected":false},"featured_media":164019,"comment_status":"open","ping_status":"closed","template":"","meta":[],"product_brand":[],"product_cat":[1186,3960],"product_tag":[],"class_list":{"0":"post-164018","1":"product","2":"type-product","3":"status-publish","4":"has-post-thumbnail","6":"product_cat-bekleidung","7":"product_cat-herren","8":"pa_binding-sports-apparel","9":"pa_brand-darn-tough","10":"pa_color-blau","11":"pa_height-5-zoll","12":"pa_length-0-5-zoll","13":"pa_manufacturer-darn-tough","14":"pa_model-29399","15":"pa_size-m","16":"pa_width-3-zoll","18":"first","19":"instock","20":"shipping-taxable","21":"purchasable","22":"product-type-simple","23":"customify-col","24":"product-has-gallery"},"yoast_head":"<!-- This site is optimized with the Yoast SEO plugin v27.3 - https:\/\/yoast.com\/product\/yoast-seo-wordpress\/ -->\n<title>Darn Tough Herren Socken - Markt-XXL<\/title>\n<meta name=\"description\" content=\"Markt-XXL Darn Tough Herren Socken\" \/>\n<meta name=\"robots\" content=\"index, follow, max-snippet:-1, max-image-preview:large, max-video-preview:-1\" \/>\n<link rel=\"canonical\" href=\"https:\/\/marktxxl.de\/markt\/produkt\/darn-tough-herren-socken\/\" \/>\n<meta property=\"og:locale\" content=\"de_DE\" \/>\n<meta property=\"og:type\" content=\"article\" \/>\n<meta property=\"og:title\" content=\"Darn Tough Herren Socken - Markt-XXL\" \/>\n<meta property=\"og:description\" content=\"Markt-XXL Darn Tough Herren Socken\" \/>\n<meta property=\"og:url\" content=\"https:\/\/marktxxl.de\/markt\/produkt\/darn-tough-herren-socken\/\" \/>\n<meta property=\"og:site_name\" content=\"Markt-XXL\" \/>\n<meta property=\"article:modified_time\" content=\"2023-04-11T02:48:29+00:00\" \/>\n<meta property=\"og:image\" content=\"https:\/\/m.media-amazon.com\/images\/I\/51iYqM0OXYL._SL500_.jpg\" \/>\n\t<meta property=\"og:image:width\" content=\"392\" \/>\n\t<meta property=\"og:image:height\" content=\"500\" \/>\n\t<meta property=\"og:image:type\" content=\"image\/jpeg\" \/>\n<meta name=\"twitter:card\" content=\"summary_large_image\" \/>\n<meta name=\"twitter:label1\" content=\"Gesch\u00e4tzte Lesezeit\" \/>\n\t<meta name=\"twitter:data1\" content=\"1\u00a0Minute\" \/>\n<script type=\"application\/ld+json\" class=\"yoast-schema-graph\">{\"@context\":\"https:\\\/\\\/schema.org\",\"@graph\":[{\"@type\":\"WebPage\",\"@id\":\"https:\\\/\\\/marktxxl.de\\\/markt\\\/produkt\\\/darn-tough-herren-socken\\\/\",\"url\":\"https:\\\/\\\/marktxxl.de\\\/markt\\\/produkt\\\/darn-tough-herren-socken\\\/\",\"name\":\"Darn Tough Herren Socken - Markt-XXL\",\"isPartOf\":{\"@id\":\"https:\\\/\\\/marktxxl.de\\\/markt\\\/#website\"},\"primaryImageOfPage\":{\"@id\":\"https:\\\/\\\/marktxxl.de\\\/markt\\\/produkt\\\/darn-tough-herren-socken\\\/#primaryimage\"},\"image\":{\"@id\":\"https:\\\/\\\/marktxxl.de\\\/markt\\\/produkt\\\/darn-tough-herren-socken\\\/#primaryimage\"},\"thumbnailUrl\":\"https:\\\/\\\/m.media-amazon.com\\\/images\\\/I\\\/51iYqM0OXYL._SL500_.jpg\",\"datePublished\":\"2022-11-11T03:47:11+00:00\",\"dateModified\":\"2023-04-11T02:48:29+00:00\",\"description\":\"Markt-XXL Darn Tough Herren Socken\",\"breadcrumb\":{\"@id\":\"https:\\\/\\\/marktxxl.de\\\/markt\\\/produkt\\\/darn-tough-herren-socken\\\/#breadcrumb\"},\"inLanguage\":\"de\",\"potentialAction\":[{\"@type\":\"ReadAction\",\"target\":[\"https:\\\/\\\/marktxxl.de\\\/markt\\\/produkt\\\/darn-tough-herren-socken\\\/\"]}]},{\"@type\":\"ImageObject\",\"inLanguage\":\"de\",\"@id\":\"https:\\\/\\\/marktxxl.de\\\/markt\\\/produkt\\\/darn-tough-herren-socken\\\/#primaryimage\",\"url\":\"https:\\\/\\\/m.media-amazon.com\\\/images\\\/I\\\/51iYqM0OXYL._SL500_.jpg\",\"contentUrl\":\"https:\\\/\\\/m.media-amazon.com\\\/images\\\/I\\\/51iYqM0OXYL._SL500_.jpg\",\"width\":392,\"height\":500},{\"@type\":\"BreadcrumbList\",\"@id\":\"https:\\\/\\\/marktxxl.de\\\/markt\\\/produkt\\\/darn-tough-herren-socken\\\/#breadcrumb\",\"itemListElement\":[{\"@type\":\"ListItem\",\"position\":1,\"name\":\"Startseite\",\"item\":\"https:\\\/\\\/marktxxl.de\\\/markt\\\/\"},{\"@type\":\"ListItem\",\"position\":2,\"name\":\"Markt\",\"item\":\"https:\\\/\\\/marktxxl.de\\\/markt\\\/\"},{\"@type\":\"ListItem\",\"position\":3,\"name\":\"Darn Tough Herren Socken\"}]},{\"@type\":\"WebSite\",\"@id\":\"https:\\\/\\\/marktxxl.de\\\/markt\\\/#website\",\"url\":\"https:\\\/\\\/marktxxl.de\\\/markt\\\/\",\"name\":\"Markt-XXL\",\"description\":\"Ihr Markt Online\",\"publisher\":{\"@id\":\"https:\\\/\\\/marktxxl.de\\\/markt\\\/#organization\"},\"potentialAction\":[{\"@type\":\"SearchAction\",\"target\":{\"@type\":\"EntryPoint\",\"urlTemplate\":\"https:\\\/\\\/marktxxl.de\\\/markt\\\/?s={search_term_string}\"},\"query-input\":{\"@type\":\"PropertyValueSpecification\",\"valueRequired\":true,\"valueName\":\"search_term_string\"}}],\"inLanguage\":\"de\"},{\"@type\":\"Organization\",\"@id\":\"https:\\\/\\\/marktxxl.de\\\/markt\\\/#organization\",\"name\":\"Markt-XXL\",\"url\":\"https:\\\/\\\/marktxxl.de\\\/markt\\\/\",\"logo\":{\"@type\":\"ImageObject\",\"inLanguage\":\"de\",\"@id\":\"https:\\\/\\\/marktxxl.de\\\/markt\\\/#\\\/schema\\\/logo\\\/image\\\/\",\"url\":\"https:\\\/\\\/marktxxl.de\\\/markt\\\/wp-content\\\/uploads\\\/sites\\\/3\\\/2020\\\/12\\\/logo.png\",\"contentUrl\":\"https:\\\/\\\/marktxxl.de\\\/markt\\\/wp-content\\\/uploads\\\/sites\\\/3\\\/2020\\\/12\\\/logo.png\",\"width\":200,\"height\":70,\"caption\":\"Markt-XXL\"},\"image\":{\"@id\":\"https:\\\/\\\/marktxxl.de\\\/markt\\\/#\\\/schema\\\/logo\\\/image\\\/\"}}]}<\/script>\n<!-- \/ Yoast SEO plugin. -->","yoast_head_json":{"title":"Darn Tough Herren Socken - Markt-XXL","description":"Markt-XXL Darn Tough Herren Socken","robots":{"index":"index","follow":"follow","max-snippet":"max-snippet:-1","max-image-preview":"max-image-preview:large","max-video-preview":"max-video-preview:-1"},"canonical":"https:\/\/marktxxl.de\/markt\/produkt\/darn-tough-herren-socken\/","og_locale":"de_DE","og_type":"article","og_title":"Darn Tough Herren Socken - Markt-XXL","og_description":"Markt-XXL Darn Tough Herren Socken","og_url":"https:\/\/marktxxl.de\/markt\/produkt\/darn-tough-herren-socken\/","og_site_name":"Markt-XXL","article_modified_time":"2023-04-11T02:48:29+00:00","og_image":[{"width":392,"height":500,"url":"https:\/\/m.media-amazon.com\/images\/I\/51iYqM0OXYL._SL500_.jpg","type":"image\/jpeg"}],"twitter_card":"summary_large_image","twitter_misc":{"Gesch\u00e4tzte Lesezeit":"1\u00a0Minute"},"schema":{"@context":"https:\/\/schema.org","@graph":[{"@type":"WebPage","@id":"https:\/\/marktxxl.de\/markt\/produkt\/darn-tough-herren-socken\/","url":"https:\/\/marktxxl.de\/markt\/produkt\/darn-tough-herren-socken\/","name":"Darn Tough Herren Socken - Markt-XXL","isPartOf":{"@id":"https:\/\/marktxxl.de\/markt\/#website"},"primaryImageOfPage":{"@id":"https:\/\/marktxxl.de\/markt\/produkt\/darn-tough-herren-socken\/#primaryimage"},"image":{"@id":"https:\/\/marktxxl.de\/markt\/produkt\/darn-tough-herren-socken\/#primaryimage"},"thumbnailUrl":"https:\/\/m.media-amazon.com\/images\/I\/51iYqM0OXYL._SL500_.jpg","datePublished":"2022-11-11T03:47:11+00:00","dateModified":"2023-04-11T02:48:29+00:00","description":"Markt-XXL Darn Tough Herren Socken","breadcrumb":{"@id":"https:\/\/marktxxl.de\/markt\/produkt\/darn-tough-herren-socken\/#breadcrumb"},"inLanguage":"de","potentialAction":[{"@type":"ReadAction","target":["https:\/\/marktxxl.de\/markt\/produkt\/darn-tough-herren-socken\/"]}]},{"@type":"ImageObject","inLanguage":"de","@id":"https:\/\/marktxxl.de\/markt\/produkt\/darn-tough-herren-socken\/#primaryimage","url":"https:\/\/m.media-amazon.com\/images\/I\/51iYqM0OXYL._SL500_.jpg","contentUrl":"https:\/\/m.media-amazon.com\/images\/I\/51iYqM0OXYL._SL500_.jpg","width":392,"height":500},{"@type":"BreadcrumbList","@id":"https:\/\/marktxxl.de\/markt\/produkt\/darn-tough-herren-socken\/#breadcrumb","itemListElement":[{"@type":"ListItem","position":1,"name":"Startseite","item":"https:\/\/marktxxl.de\/markt\/"},{"@type":"ListItem","position":2,"name":"Markt","item":"https:\/\/marktxxl.de\/markt\/"},{"@type":"ListItem","position":3,"name":"Darn Tough Herren Socken"}]},{"@type":"WebSite","@id":"https:\/\/marktxxl.de\/markt\/#website","url":"https:\/\/marktxxl.de\/markt\/","name":"Markt-XXL","description":"Ihr Markt Online","publisher":{"@id":"https:\/\/marktxxl.de\/markt\/#organization"},"potentialAction":[{"@type":"SearchAction","target":{"@type":"EntryPoint","urlTemplate":"https:\/\/marktxxl.de\/markt\/?s={search_term_string}"},"query-input":{"@type":"PropertyValueSpecification","valueRequired":true,"valueName":"search_term_string"}}],"inLanguage":"de"},{"@type":"Organization","@id":"https:\/\/marktxxl.de\/markt\/#organization","name":"Markt-XXL","url":"https:\/\/marktxxl.de\/markt\/","logo":{"@type":"ImageObject","inLanguage":"de","@id":"https:\/\/marktxxl.de\/markt\/#\/schema\/logo\/image\/","url":"https:\/\/marktxxl.de\/markt\/wp-content\/uploads\/sites\/3\/2020\/12\/logo.png","contentUrl":"https:\/\/marktxxl.de\/markt\/wp-content\/uploads\/sites\/3\/2020\/12\/logo.png","width":200,"height":70,"caption":"Markt-XXL"},"image":{"@id":"https:\/\/marktxxl.de\/markt\/#\/schema\/logo\/image\/"}}]}},"_links":{"self":[{"href":"https:\/\/marktxxl.de\/markt\/wp-json\/wp\/v2\/product\/164018","targetHints":{"allow":["GET"]}}],"collection":[{"href":"https:\/\/marktxxl.de\/markt\/wp-json\/wp\/v2\/product"}],"about":[{"href":"https:\/\/marktxxl.de\/markt\/wp-json\/wp\/v2\/types\/product"}],"replies":[{"embeddable":true,"href":"https:\/\/marktxxl.de\/markt\/wp-json\/wp\/v2\/comments?post=164018"}],"wp:featuredmedia":[{"embeddable":true,"href":"https:\/\/marktxxl.de\/markt\/wp-json\/wp\/v2\/media\/164019"}],"wp:attachment":[{"href":"https:\/\/marktxxl.de\/markt\/wp-json\/wp\/v2\/media?parent=164018"}],"wp:term":[{"taxonomy":"product_brand","embeddable":true,"href":"https:\/\/marktxxl.de\/markt\/wp-json\/wp\/v2\/product_brand?post=164018"},{"taxonomy":"product_cat","embeddable":true,"href":"https:\/\/marktxxl.de\/markt\/wp-json\/wp\/v2\/product_cat?post=164018"},{"taxonomy":"product_tag","embeddable":true,"href":"https:\/\/marktxxl.de\/markt\/wp-json\/wp\/v2\/product_tag?post=164018"}],"curies":[{"name":"wp","href":"https:\/\/api.w.org\/{rel}","templated":true}]}}