{"id":163894,"date":"2022-11-11T04:38:00","date_gmt":"2022-11-11T03:38:00","guid":{"rendered":"https:\/\/marktxxl.de\/markt\/produkt\/lindoro-merino-wollschal-fuer-herren-warme-leichte-tartan-plaid-winter-lange-schals-mit-geschenkbox\/"},"modified":"2023-04-11T04:48:26","modified_gmt":"2023-04-11T02:48:26","slug":"lindoro-merino-wollschal-fuer-herren-warme-leichte-tartan-plaid-winter-lange-schals-mit-geschenkbox","status":"publish","type":"product","link":"https:\/\/marktxxl.de\/markt\/produkt\/lindoro-merino-wollschal-fuer-herren-warme-leichte-tartan-plaid-winter-lange-schals-mit-geschenkbox\/","title":{"rendered":"Lindoro Merino Wollschal f\u00fcr Herren, Warme, Leichte Tartan-Plaid-Winter-lange Schals mit Geschenkbox"},"content":{"rendered":"<p>\u3010FEINES MATERIAL\u3011 Unser modischer Schal f\u00fcr M\u00e4nner ist aus australischer Merinowolle bester Qualit\u00e4t gefertigt und bietet extreme Weichheit auf der Haut, ist leicht, warm und bequem, klassischer Stil f\u00fcr Ihren Lagenlook bei kaltem Wetter.<br \/>\n\u3010DIMENSION\u3011 Die L\u00e4nge betr\u00e4gt 180 cm und die Breite 30 cm. Super bequemer und weicher Herrenschal, besonders perfekt f\u00fcr Fr\u00fchling, Herbst und kaltes Winterwetter.<br \/>\n\u3010DESIGN\u3011Bleiben Sie in anspruchsvollem Stil warm mit dem luxuri\u00f6sen Lindoro-Wollschal, der mit verschiedenen karierten Schottenmustern gewebt ist. Reduziertes Pilling f\u00fcr hervorragende Weichheit, die Saison f\u00fcr Saison anh\u00e4lt.<br \/>\n\u3010VERSCHIEDENE GELEGENHEITEN\u3011 Gem\u00fctliche und atmungsaktive Wolle bildet diesen leichten Modeschal, in den man sich perfekt einkuscheln kann. Das durchgehende Tartan-Karomuster verleiht Ihrem Look einen Hauch von l\u00e4ssigem und klassischem Stil. Perfekt f\u00fcr alle kausalen und formellen Anl\u00e4sse.<br \/>\n\u3010IDEALE GESCHENKE\u3011 Unser Herren-Wollschal ist in einer gut gestalteten Geschenkbox verpackt und eignet sich als tolles Geschenk f\u00fcr jeden Herrn in Ihrem Leben an Geburtstagen, Weihnachten, Thanksgiving, Feiertagen, Gesch\u00e4ften und anderen Veranstaltungen.<br \/>\n<div class=\"main-cross-sell\" data-asin=\"B09HJCKNDP\">\n\n\t<div class=\"WooZone-cross-sell-loader\">\n\t\t<div>\n\t\t\t<div id=\"floatingBarsG\">\n\t\t\t\t<div class=\"blockG\" id=\"rotateG_01\"><\/div>\n\t\t\t\t<div class=\"blockG\" id=\"rotateG_02\"><\/div>\n\t\t\t\t<div class=\"blockG\" id=\"rotateG_03\"><\/div>\n\t\t\t\t<div class=\"blockG\" id=\"rotateG_04\"><\/div>\n\t\t\t\t<div class=\"blockG\" id=\"rotateG_05\"><\/div>\n\t\t\t\t<div class=\"blockG\" id=\"rotateG_06\"><\/div>\n\t\t\t\t<div class=\"blockG\" id=\"rotateG_07\"><\/div>\n\t\t\t\t<div class=\"blockG\" id=\"rotateG_08\"><\/div>\n\t\t\t<\/div>\n\t\t\t<div class=\"WooZone-cross-sell-loader-text\"><\/div>\n\t\t<\/div>\n\t<\/div>\n\n\t\t\n<\/div>\n<div style=\"clear:both;\"><\/div><\/p>\n","protected":false},"excerpt":{"rendered":"<p>\u3010FEINES MATERIAL\u3011 Unser modischer Schal f\u00fcr M\u00e4nner ist aus australischer Merinowolle bester Qualit\u00e4t gefertigt und bietet extreme Weichheit auf der Haut, ist leicht, warm und bequem, klassischer Stil f\u00fcr Ihren Lagenlook bei kaltem Wetter.<br \/>\n\u3010DIMENSION\u3011 Die L\u00e4nge betr\u00e4gt 180 cm und die Breite 30 cm. Super bequemer und weicher Herrenschal, besonders perfekt f\u00fcr Fr\u00fchling, Herbst und kaltes Winterwetter.<br \/>\n\u3010DESIGN\u3011Bleiben Sie in anspruchsvollem Stil warm mit dem luxuri\u00f6sen Lindoro-Wollschal, der mit verschiedenen karierten Schottenmustern gewebt ist. Reduziertes Pilling f\u00fcr hervorragende Weichheit, die Saison f\u00fcr Saison anh\u00e4lt.<\/p>\n","protected":false},"featured_media":163895,"comment_status":"open","ping_status":"closed","template":"","meta":[],"product_brand":[],"product_cat":[1186,3960],"product_tag":[],"class_list":{"0":"post-163894","1":"product","2":"type-product","3":"status-publish","4":"has-post-thumbnail","6":"product_cat-bekleidung","7":"product_cat-herren","8":"pa_brand-lindoro","9":"pa_manufacturer-lindoro","10":"pa_size-einheitsgroesse","12":"first","13":"instock","14":"shipping-taxable","15":"purchasable","16":"product-type-simple","17":"customify-col","18":"product-has-gallery"},"yoast_head":"<!-- This site is optimized with the Yoast SEO plugin v27.4 - https:\/\/yoast.com\/product\/yoast-seo-wordpress\/ -->\n<title>Lindoro Merino Wollschal f\u00fcr Herren, Warme, Leichte Tartan-Plaid-Winter-lange Schals mit Geschenkbox - Markt-XXL<\/title>\n<meta name=\"description\" content=\"Markt-XXL Lindoro Merino Wollschal f\u00fcr Herren, Warme, Leichte Tartan-Plaid-Winter-lange Schals mit Geschenkbox\" \/>\n<meta name=\"robots\" content=\"index, follow, max-snippet:-1, max-image-preview:large, max-video-preview:-1\" \/>\n<link rel=\"canonical\" href=\"https:\/\/marktxxl.de\/markt\/produkt\/lindoro-merino-wollschal-fuer-herren-warme-leichte-tartan-plaid-winter-lange-schals-mit-geschenkbox\/\" \/>\n<meta property=\"og:locale\" content=\"de_DE\" \/>\n<meta property=\"og:type\" content=\"article\" \/>\n<meta property=\"og:title\" content=\"Lindoro Merino Wollschal f\u00fcr Herren, Warme, Leichte Tartan-Plaid-Winter-lange Schals mit Geschenkbox - Markt-XXL\" \/>\n<meta property=\"og:description\" content=\"Markt-XXL Lindoro Merino Wollschal f\u00fcr Herren, Warme, Leichte Tartan-Plaid-Winter-lange Schals mit Geschenkbox\" \/>\n<meta property=\"og:url\" content=\"https:\/\/marktxxl.de\/markt\/produkt\/lindoro-merino-wollschal-fuer-herren-warme-leichte-tartan-plaid-winter-lange-schals-mit-geschenkbox\/\" \/>\n<meta property=\"og:site_name\" content=\"Markt-XXL\" \/>\n<meta property=\"article:modified_time\" content=\"2023-04-11T02:48:26+00:00\" \/>\n<meta property=\"og:image\" content=\"https:\/\/m.media-amazon.com\/images\/I\/41NMt-goIAL._SL500_.jpg\" \/>\n\t<meta property=\"og:image:width\" content=\"500\" \/>\n\t<meta property=\"og:image:height\" content=\"500\" \/>\n\t<meta property=\"og:image:type\" content=\"image\/jpeg\" \/>\n<meta name=\"twitter:card\" content=\"summary_large_image\" \/>\n<meta name=\"twitter:label1\" content=\"Gesch\u00e4tzte Lesezeit\" \/>\n\t<meta name=\"twitter:data1\" content=\"1\u00a0Minute\" \/>\n<script type=\"application\/ld+json\" class=\"yoast-schema-graph\">{\"@context\":\"https:\\\/\\\/schema.org\",\"@graph\":[{\"@type\":\"WebPage\",\"@id\":\"https:\\\/\\\/marktxxl.de\\\/markt\\\/produkt\\\/lindoro-merino-wollschal-fuer-herren-warme-leichte-tartan-plaid-winter-lange-schals-mit-geschenkbox\\\/\",\"url\":\"https:\\\/\\\/marktxxl.de\\\/markt\\\/produkt\\\/lindoro-merino-wollschal-fuer-herren-warme-leichte-tartan-plaid-winter-lange-schals-mit-geschenkbox\\\/\",\"name\":\"Lindoro Merino Wollschal f\u00fcr Herren, Warme, Leichte Tartan-Plaid-Winter-lange Schals mit Geschenkbox - Markt-XXL\",\"isPartOf\":{\"@id\":\"https:\\\/\\\/marktxxl.de\\\/markt\\\/#website\"},\"primaryImageOfPage\":{\"@id\":\"https:\\\/\\\/marktxxl.de\\\/markt\\\/produkt\\\/lindoro-merino-wollschal-fuer-herren-warme-leichte-tartan-plaid-winter-lange-schals-mit-geschenkbox\\\/#primaryimage\"},\"image\":{\"@id\":\"https:\\\/\\\/marktxxl.de\\\/markt\\\/produkt\\\/lindoro-merino-wollschal-fuer-herren-warme-leichte-tartan-plaid-winter-lange-schals-mit-geschenkbox\\\/#primaryimage\"},\"thumbnailUrl\":\"https:\\\/\\\/m.media-amazon.com\\\/images\\\/I\\\/41NMt-goIAL._SL500_.jpg\",\"datePublished\":\"2022-11-11T03:38:00+00:00\",\"dateModified\":\"2023-04-11T02:48:26+00:00\",\"description\":\"Markt-XXL Lindoro Merino Wollschal f\u00fcr Herren, Warme, Leichte Tartan-Plaid-Winter-lange Schals mit Geschenkbox\",\"breadcrumb\":{\"@id\":\"https:\\\/\\\/marktxxl.de\\\/markt\\\/produkt\\\/lindoro-merino-wollschal-fuer-herren-warme-leichte-tartan-plaid-winter-lange-schals-mit-geschenkbox\\\/#breadcrumb\"},\"inLanguage\":\"de\",\"potentialAction\":[{\"@type\":\"ReadAction\",\"target\":[\"https:\\\/\\\/marktxxl.de\\\/markt\\\/produkt\\\/lindoro-merino-wollschal-fuer-herren-warme-leichte-tartan-plaid-winter-lange-schals-mit-geschenkbox\\\/\"]}]},{\"@type\":\"ImageObject\",\"inLanguage\":\"de\",\"@id\":\"https:\\\/\\\/marktxxl.de\\\/markt\\\/produkt\\\/lindoro-merino-wollschal-fuer-herren-warme-leichte-tartan-plaid-winter-lange-schals-mit-geschenkbox\\\/#primaryimage\",\"url\":\"https:\\\/\\\/m.media-amazon.com\\\/images\\\/I\\\/41NMt-goIAL._SL500_.jpg\",\"contentUrl\":\"https:\\\/\\\/m.media-amazon.com\\\/images\\\/I\\\/41NMt-goIAL._SL500_.jpg\",\"width\":500,\"height\":500},{\"@type\":\"BreadcrumbList\",\"@id\":\"https:\\\/\\\/marktxxl.de\\\/markt\\\/produkt\\\/lindoro-merino-wollschal-fuer-herren-warme-leichte-tartan-plaid-winter-lange-schals-mit-geschenkbox\\\/#breadcrumb\",\"itemListElement\":[{\"@type\":\"ListItem\",\"position\":1,\"name\":\"Startseite\",\"item\":\"https:\\\/\\\/marktxxl.de\\\/markt\\\/\"},{\"@type\":\"ListItem\",\"position\":2,\"name\":\"Markt\",\"item\":\"https:\\\/\\\/marktxxl.de\\\/markt\\\/\"},{\"@type\":\"ListItem\",\"position\":3,\"name\":\"Lindoro Merino Wollschal f\u00fcr Herren, Warme, Leichte Tartan-Plaid-Winter-lange Schals mit Geschenkbox\"}]},{\"@type\":\"WebSite\",\"@id\":\"https:\\\/\\\/marktxxl.de\\\/markt\\\/#website\",\"url\":\"https:\\\/\\\/marktxxl.de\\\/markt\\\/\",\"name\":\"Markt-XXL\",\"description\":\"Ihr Markt Online\",\"publisher\":{\"@id\":\"https:\\\/\\\/marktxxl.de\\\/markt\\\/#organization\"},\"potentialAction\":[{\"@type\":\"SearchAction\",\"target\":{\"@type\":\"EntryPoint\",\"urlTemplate\":\"https:\\\/\\\/marktxxl.de\\\/markt\\\/?s={search_term_string}\"},\"query-input\":{\"@type\":\"PropertyValueSpecification\",\"valueRequired\":true,\"valueName\":\"search_term_string\"}}],\"inLanguage\":\"de\"},{\"@type\":\"Organization\",\"@id\":\"https:\\\/\\\/marktxxl.de\\\/markt\\\/#organization\",\"name\":\"Markt-XXL\",\"url\":\"https:\\\/\\\/marktxxl.de\\\/markt\\\/\",\"logo\":{\"@type\":\"ImageObject\",\"inLanguage\":\"de\",\"@id\":\"https:\\\/\\\/marktxxl.de\\\/markt\\\/#\\\/schema\\\/logo\\\/image\\\/\",\"url\":\"https:\\\/\\\/marktxxl.de\\\/markt\\\/wp-content\\\/uploads\\\/sites\\\/3\\\/2020\\\/12\\\/logo.png\",\"contentUrl\":\"https:\\\/\\\/marktxxl.de\\\/markt\\\/wp-content\\\/uploads\\\/sites\\\/3\\\/2020\\\/12\\\/logo.png\",\"width\":200,\"height\":70,\"caption\":\"Markt-XXL\"},\"image\":{\"@id\":\"https:\\\/\\\/marktxxl.de\\\/markt\\\/#\\\/schema\\\/logo\\\/image\\\/\"}}]}<\/script>\n<!-- \/ Yoast SEO plugin. -->","yoast_head_json":{"title":"Lindoro Merino Wollschal f\u00fcr Herren, Warme, Leichte Tartan-Plaid-Winter-lange Schals mit Geschenkbox - Markt-XXL","description":"Markt-XXL Lindoro Merino Wollschal f\u00fcr Herren, Warme, Leichte Tartan-Plaid-Winter-lange Schals mit Geschenkbox","robots":{"index":"index","follow":"follow","max-snippet":"max-snippet:-1","max-image-preview":"max-image-preview:large","max-video-preview":"max-video-preview:-1"},"canonical":"https:\/\/marktxxl.de\/markt\/produkt\/lindoro-merino-wollschal-fuer-herren-warme-leichte-tartan-plaid-winter-lange-schals-mit-geschenkbox\/","og_locale":"de_DE","og_type":"article","og_title":"Lindoro Merino Wollschal f\u00fcr Herren, Warme, Leichte Tartan-Plaid-Winter-lange Schals mit Geschenkbox - Markt-XXL","og_description":"Markt-XXL Lindoro Merino Wollschal f\u00fcr Herren, Warme, Leichte Tartan-Plaid-Winter-lange Schals mit Geschenkbox","og_url":"https:\/\/marktxxl.de\/markt\/produkt\/lindoro-merino-wollschal-fuer-herren-warme-leichte-tartan-plaid-winter-lange-schals-mit-geschenkbox\/","og_site_name":"Markt-XXL","article_modified_time":"2023-04-11T02:48:26+00:00","og_image":[{"width":500,"height":500,"url":"https:\/\/m.media-amazon.com\/images\/I\/41NMt-goIAL._SL500_.jpg","type":"image\/jpeg"}],"twitter_card":"summary_large_image","twitter_misc":{"Gesch\u00e4tzte Lesezeit":"1\u00a0Minute"},"schema":{"@context":"https:\/\/schema.org","@graph":[{"@type":"WebPage","@id":"https:\/\/marktxxl.de\/markt\/produkt\/lindoro-merino-wollschal-fuer-herren-warme-leichte-tartan-plaid-winter-lange-schals-mit-geschenkbox\/","url":"https:\/\/marktxxl.de\/markt\/produkt\/lindoro-merino-wollschal-fuer-herren-warme-leichte-tartan-plaid-winter-lange-schals-mit-geschenkbox\/","name":"Lindoro Merino Wollschal f\u00fcr Herren, Warme, Leichte Tartan-Plaid-Winter-lange Schals mit Geschenkbox - Markt-XXL","isPartOf":{"@id":"https:\/\/marktxxl.de\/markt\/#website"},"primaryImageOfPage":{"@id":"https:\/\/marktxxl.de\/markt\/produkt\/lindoro-merino-wollschal-fuer-herren-warme-leichte-tartan-plaid-winter-lange-schals-mit-geschenkbox\/#primaryimage"},"image":{"@id":"https:\/\/marktxxl.de\/markt\/produkt\/lindoro-merino-wollschal-fuer-herren-warme-leichte-tartan-plaid-winter-lange-schals-mit-geschenkbox\/#primaryimage"},"thumbnailUrl":"https:\/\/m.media-amazon.com\/images\/I\/41NMt-goIAL._SL500_.jpg","datePublished":"2022-11-11T03:38:00+00:00","dateModified":"2023-04-11T02:48:26+00:00","description":"Markt-XXL Lindoro Merino Wollschal f\u00fcr Herren, Warme, Leichte Tartan-Plaid-Winter-lange Schals mit Geschenkbox","breadcrumb":{"@id":"https:\/\/marktxxl.de\/markt\/produkt\/lindoro-merino-wollschal-fuer-herren-warme-leichte-tartan-plaid-winter-lange-schals-mit-geschenkbox\/#breadcrumb"},"inLanguage":"de","potentialAction":[{"@type":"ReadAction","target":["https:\/\/marktxxl.de\/markt\/produkt\/lindoro-merino-wollschal-fuer-herren-warme-leichte-tartan-plaid-winter-lange-schals-mit-geschenkbox\/"]}]},{"@type":"ImageObject","inLanguage":"de","@id":"https:\/\/marktxxl.de\/markt\/produkt\/lindoro-merino-wollschal-fuer-herren-warme-leichte-tartan-plaid-winter-lange-schals-mit-geschenkbox\/#primaryimage","url":"https:\/\/m.media-amazon.com\/images\/I\/41NMt-goIAL._SL500_.jpg","contentUrl":"https:\/\/m.media-amazon.com\/images\/I\/41NMt-goIAL._SL500_.jpg","width":500,"height":500},{"@type":"BreadcrumbList","@id":"https:\/\/marktxxl.de\/markt\/produkt\/lindoro-merino-wollschal-fuer-herren-warme-leichte-tartan-plaid-winter-lange-schals-mit-geschenkbox\/#breadcrumb","itemListElement":[{"@type":"ListItem","position":1,"name":"Startseite","item":"https:\/\/marktxxl.de\/markt\/"},{"@type":"ListItem","position":2,"name":"Markt","item":"https:\/\/marktxxl.de\/markt\/"},{"@type":"ListItem","position":3,"name":"Lindoro Merino Wollschal f\u00fcr Herren, Warme, Leichte Tartan-Plaid-Winter-lange Schals mit Geschenkbox"}]},{"@type":"WebSite","@id":"https:\/\/marktxxl.de\/markt\/#website","url":"https:\/\/marktxxl.de\/markt\/","name":"Markt-XXL","description":"Ihr Markt Online","publisher":{"@id":"https:\/\/marktxxl.de\/markt\/#organization"},"potentialAction":[{"@type":"SearchAction","target":{"@type":"EntryPoint","urlTemplate":"https:\/\/marktxxl.de\/markt\/?s={search_term_string}"},"query-input":{"@type":"PropertyValueSpecification","valueRequired":true,"valueName":"search_term_string"}}],"inLanguage":"de"},{"@type":"Organization","@id":"https:\/\/marktxxl.de\/markt\/#organization","name":"Markt-XXL","url":"https:\/\/marktxxl.de\/markt\/","logo":{"@type":"ImageObject","inLanguage":"de","@id":"https:\/\/marktxxl.de\/markt\/#\/schema\/logo\/image\/","url":"https:\/\/marktxxl.de\/markt\/wp-content\/uploads\/sites\/3\/2020\/12\/logo.png","contentUrl":"https:\/\/marktxxl.de\/markt\/wp-content\/uploads\/sites\/3\/2020\/12\/logo.png","width":200,"height":70,"caption":"Markt-XXL"},"image":{"@id":"https:\/\/marktxxl.de\/markt\/#\/schema\/logo\/image\/"}}]}},"_links":{"self":[{"href":"https:\/\/marktxxl.de\/markt\/wp-json\/wp\/v2\/product\/163894","targetHints":{"allow":["GET"]}}],"collection":[{"href":"https:\/\/marktxxl.de\/markt\/wp-json\/wp\/v2\/product"}],"about":[{"href":"https:\/\/marktxxl.de\/markt\/wp-json\/wp\/v2\/types\/product"}],"replies":[{"embeddable":true,"href":"https:\/\/marktxxl.de\/markt\/wp-json\/wp\/v2\/comments?post=163894"}],"wp:featuredmedia":[{"embeddable":true,"href":"https:\/\/marktxxl.de\/markt\/wp-json\/wp\/v2\/media\/163895"}],"wp:attachment":[{"href":"https:\/\/marktxxl.de\/markt\/wp-json\/wp\/v2\/media?parent=163894"}],"wp:term":[{"taxonomy":"product_brand","embeddable":true,"href":"https:\/\/marktxxl.de\/markt\/wp-json\/wp\/v2\/product_brand?post=163894"},{"taxonomy":"product_cat","embeddable":true,"href":"https:\/\/marktxxl.de\/markt\/wp-json\/wp\/v2\/product_cat?post=163894"},{"taxonomy":"product_tag","embeddable":true,"href":"https:\/\/marktxxl.de\/markt\/wp-json\/wp\/v2\/product_tag?post=163894"}],"curies":[{"name":"wp","href":"https:\/\/api.w.org\/{rel}","templated":true}]}}