{"id":163851,"date":"2022-11-11T04:35:32","date_gmt":"2022-11-11T03:35:32","guid":{"rendered":"https:\/\/marktxxl.de\/markt\/produkt\/darn-tough-frauen-tragen-stadt-micro-crew-licht-kissen-socke\/"},"modified":"2023-04-11T04:48:25","modified_gmt":"2023-04-11T02:48:25","slug":"darn-tough-frauen-tragen-stadt-micro-crew-licht-kissen-socke","status":"publish","type":"product","link":"https:\/\/marktxxl.de\/markt\/produkt\/darn-tough-frauen-tragen-stadt-micro-crew-licht-kissen-socke\/","title":{"rendered":"Darn Tough Frauen Tragen Stadt Micro Crew Licht Kissen Socke"},"content":{"rendered":"<p>Leicht \u2013 leicht, bequem und super stark; solide Konstruktion f\u00fcr eine leichte, sichere Passform. True Seamless-Technologie erm\u00f6glicht eine unsichtbare Nahtverschmelzung f\u00fcr ein ultraglattes, unsichtbares Gef\u00fchl.<br \/>\nDamen-Crew-H\u00f6he: Traditionelle Crew-Sockenh\u00f6he, die in der Mitte der Wade sitzt, f\u00fcr Freizeit- und Sportanwendungen. Eine Sockenschublade. Siehe Tabelle unten, wenn andere H\u00f6hen f\u00fcr Sie besser sein k\u00f6nnen.<br \/>\nZusammensetzung: Entworfen und gestrickt in Vermont mit 60 % Merinowolle, 37 % Nylon, 3 % Lycra-Elastan. Der schnelle Feuchtigkeitstransport leitet Feuchtigkeit von der Haut weg, so dass keine schwitzigen, stinkenden Socken mehr entstehen. Die weiche, atmungsaktive Merinowolle hat schnell trocknende Allwetterleistung, die dich im Sommer k\u00fchl und im Winter warm h\u00e4lt.<br \/>\nGarantiert f\u00fcr ein Leben: Darn Tough&#8217;s ber\u00fchmte Garantie \u2013 wenn diese Socken abnutzen, rei\u00dfen oder L\u00f6cher entwickeln, wird Darn Tough sie ersetzen. Keine Schn\u00fcre Keine Bedingungen. Im Laufe der Jahre, wenn Sie Ihre Sockenschublade \u00f6ffnen, ist dies das Paar, das Sie immer zuerst greifen. Viele Kunden haben gesagt, dass sie fast jede andere Socke weggeworfen haben, die sie besitzten.<br \/>\nHergestellt in den USA: Jedes Paar Socken wird in Northfield, Vermont gestrickt \u2013 dem perfekten Testplatz f\u00fcr die besten Premium-Socken f\u00fcr jedes Wetter.<br \/>\n<div class=\"main-cross-sell\" data-asin=\"B07VBZRDN8\">\n\n\t<div class=\"WooZone-cross-sell-loader\">\n\t\t<div>\n\t\t\t<div id=\"floatingBarsG\">\n\t\t\t\t<div class=\"blockG\" id=\"rotateG_01\"><\/div>\n\t\t\t\t<div class=\"blockG\" id=\"rotateG_02\"><\/div>\n\t\t\t\t<div class=\"blockG\" id=\"rotateG_03\"><\/div>\n\t\t\t\t<div class=\"blockG\" id=\"rotateG_04\"><\/div>\n\t\t\t\t<div class=\"blockG\" id=\"rotateG_05\"><\/div>\n\t\t\t\t<div class=\"blockG\" id=\"rotateG_06\"><\/div>\n\t\t\t\t<div class=\"blockG\" id=\"rotateG_07\"><\/div>\n\t\t\t\t<div class=\"blockG\" id=\"rotateG_08\"><\/div>\n\t\t\t<\/div>\n\t\t\t<div class=\"WooZone-cross-sell-loader-text\"><\/div>\n\t\t<\/div>\n\t<\/div>\n\n\t\t\n<\/div>\n<div style=\"clear:both;\"><\/div><\/p>\n","protected":false},"excerpt":{"rendered":"<p>Leicht \u2013 leicht, bequem und super stark; solide Konstruktion f\u00fcr eine leichte, sichere Passform. True Seamless-Technologie erm\u00f6glicht eine unsichtbare Nahtverschmelzung f\u00fcr ein ultraglattes, unsichtbares Gef\u00fchl.<br \/>\nDamen-Crew-H\u00f6he: Traditionelle Crew-Sockenh\u00f6he, die in der Mitte der Wade sitzt, f\u00fcr Freizeit- und Sportanwendungen. Eine Sockenschublade. Siehe Tabelle unten, wenn andere H\u00f6hen f\u00fcr Sie besser sein k\u00f6nnen.<br \/>\nZusammensetzung: Entworfen und gestrickt in Vermont mit 60 % Merinowolle, 37 % Nylon, 3 % Lycra-Elastan. Der schnelle Feuchtigkeitstransport leitet Feuchtigkeit von der Haut weg, so dass keine schwitzigen, stinkenden Socken mehr entstehen. Die weiche, atmungsaktive Merinowolle hat schnell trocknende Allwetterleistung, die dich im Sommer k\u00fchl und im Winter warm h\u00e4lt.<\/p>\n","protected":false},"featured_media":163852,"comment_status":"open","ping_status":"closed","template":"","meta":[],"product_brand":[],"product_cat":[1186,3920],"product_tag":[],"class_list":{"0":"post-163851","1":"product","2":"type-product","3":"status-publish","4":"has-post-thumbnail","6":"product_cat-bekleidung","7":"product_cat-damen","8":"pa_binding-misc","9":"pa_brand-darn-tough","10":"pa_color-violett","11":"pa_height-2-zoll","12":"pa_length-4-zoll","13":"pa_manufacturer-darn-tough","14":"pa_model-44095","15":"pa_size-varies","16":"pa_width-2-zoll","18":"first","19":"instock","20":"shipping-taxable","21":"purchasable","22":"product-type-simple","23":"customify-col","24":"product-has-gallery"},"yoast_head":"<!-- This site is optimized with the Yoast SEO plugin v27.4 - https:\/\/yoast.com\/product\/yoast-seo-wordpress\/ -->\n<title>Darn Tough Frauen Tragen Stadt Micro Crew Licht Kissen Socke - Markt-XXL<\/title>\n<meta name=\"description\" content=\"Markt-XXL Darn Tough Frauen Tragen Stadt Micro Crew Licht Kissen Socke\" \/>\n<meta name=\"robots\" content=\"index, follow, max-snippet:-1, max-image-preview:large, max-video-preview:-1\" \/>\n<link rel=\"canonical\" href=\"https:\/\/marktxxl.de\/markt\/produkt\/darn-tough-frauen-tragen-stadt-micro-crew-licht-kissen-socke\/\" \/>\n<meta property=\"og:locale\" content=\"de_DE\" \/>\n<meta property=\"og:type\" content=\"article\" \/>\n<meta property=\"og:title\" content=\"Darn Tough Frauen Tragen Stadt Micro Crew Licht Kissen Socke - Markt-XXL\" \/>\n<meta property=\"og:description\" content=\"Markt-XXL Darn Tough Frauen Tragen Stadt Micro Crew Licht Kissen Socke\" \/>\n<meta property=\"og:url\" content=\"https:\/\/marktxxl.de\/markt\/produkt\/darn-tough-frauen-tragen-stadt-micro-crew-licht-kissen-socke\/\" \/>\n<meta property=\"og:site_name\" content=\"Markt-XXL\" \/>\n<meta property=\"article:modified_time\" content=\"2023-04-11T02:48:25+00:00\" \/>\n<meta property=\"og:image\" content=\"https:\/\/m.media-amazon.com\/images\/I\/51XE9b8ud0L._SL500_.jpg\" \/>\n\t<meta property=\"og:image:width\" content=\"427\" \/>\n\t<meta property=\"og:image:height\" content=\"500\" \/>\n\t<meta property=\"og:image:type\" content=\"image\/jpeg\" \/>\n<meta name=\"twitter:card\" content=\"summary_large_image\" \/>\n<meta name=\"twitter:label1\" content=\"Gesch\u00e4tzte Lesezeit\" \/>\n\t<meta name=\"twitter:data1\" content=\"1\u00a0Minute\" \/>\n<script type=\"application\/ld+json\" class=\"yoast-schema-graph\">{\"@context\":\"https:\\\/\\\/schema.org\",\"@graph\":[{\"@type\":\"WebPage\",\"@id\":\"https:\\\/\\\/marktxxl.de\\\/markt\\\/produkt\\\/darn-tough-frauen-tragen-stadt-micro-crew-licht-kissen-socke\\\/\",\"url\":\"https:\\\/\\\/marktxxl.de\\\/markt\\\/produkt\\\/darn-tough-frauen-tragen-stadt-micro-crew-licht-kissen-socke\\\/\",\"name\":\"Darn Tough Frauen Tragen Stadt Micro Crew Licht Kissen Socke - Markt-XXL\",\"isPartOf\":{\"@id\":\"https:\\\/\\\/marktxxl.de\\\/markt\\\/#website\"},\"primaryImageOfPage\":{\"@id\":\"https:\\\/\\\/marktxxl.de\\\/markt\\\/produkt\\\/darn-tough-frauen-tragen-stadt-micro-crew-licht-kissen-socke\\\/#primaryimage\"},\"image\":{\"@id\":\"https:\\\/\\\/marktxxl.de\\\/markt\\\/produkt\\\/darn-tough-frauen-tragen-stadt-micro-crew-licht-kissen-socke\\\/#primaryimage\"},\"thumbnailUrl\":\"https:\\\/\\\/m.media-amazon.com\\\/images\\\/I\\\/51XE9b8ud0L._SL500_.jpg\",\"datePublished\":\"2022-11-11T03:35:32+00:00\",\"dateModified\":\"2023-04-11T02:48:25+00:00\",\"description\":\"Markt-XXL Darn Tough Frauen Tragen Stadt Micro Crew Licht Kissen Socke\",\"breadcrumb\":{\"@id\":\"https:\\\/\\\/marktxxl.de\\\/markt\\\/produkt\\\/darn-tough-frauen-tragen-stadt-micro-crew-licht-kissen-socke\\\/#breadcrumb\"},\"inLanguage\":\"de\",\"potentialAction\":[{\"@type\":\"ReadAction\",\"target\":[\"https:\\\/\\\/marktxxl.de\\\/markt\\\/produkt\\\/darn-tough-frauen-tragen-stadt-micro-crew-licht-kissen-socke\\\/\"]}]},{\"@type\":\"ImageObject\",\"inLanguage\":\"de\",\"@id\":\"https:\\\/\\\/marktxxl.de\\\/markt\\\/produkt\\\/darn-tough-frauen-tragen-stadt-micro-crew-licht-kissen-socke\\\/#primaryimage\",\"url\":\"https:\\\/\\\/m.media-amazon.com\\\/images\\\/I\\\/51XE9b8ud0L._SL500_.jpg\",\"contentUrl\":\"https:\\\/\\\/m.media-amazon.com\\\/images\\\/I\\\/51XE9b8ud0L._SL500_.jpg\",\"width\":427,\"height\":500},{\"@type\":\"BreadcrumbList\",\"@id\":\"https:\\\/\\\/marktxxl.de\\\/markt\\\/produkt\\\/darn-tough-frauen-tragen-stadt-micro-crew-licht-kissen-socke\\\/#breadcrumb\",\"itemListElement\":[{\"@type\":\"ListItem\",\"position\":1,\"name\":\"Startseite\",\"item\":\"https:\\\/\\\/marktxxl.de\\\/markt\\\/\"},{\"@type\":\"ListItem\",\"position\":2,\"name\":\"Markt\",\"item\":\"https:\\\/\\\/marktxxl.de\\\/markt\\\/\"},{\"@type\":\"ListItem\",\"position\":3,\"name\":\"Darn Tough Frauen Tragen Stadt Micro Crew Licht Kissen Socke\"}]},{\"@type\":\"WebSite\",\"@id\":\"https:\\\/\\\/marktxxl.de\\\/markt\\\/#website\",\"url\":\"https:\\\/\\\/marktxxl.de\\\/markt\\\/\",\"name\":\"Markt-XXL\",\"description\":\"Ihr Markt Online\",\"publisher\":{\"@id\":\"https:\\\/\\\/marktxxl.de\\\/markt\\\/#organization\"},\"potentialAction\":[{\"@type\":\"SearchAction\",\"target\":{\"@type\":\"EntryPoint\",\"urlTemplate\":\"https:\\\/\\\/marktxxl.de\\\/markt\\\/?s={search_term_string}\"},\"query-input\":{\"@type\":\"PropertyValueSpecification\",\"valueRequired\":true,\"valueName\":\"search_term_string\"}}],\"inLanguage\":\"de\"},{\"@type\":\"Organization\",\"@id\":\"https:\\\/\\\/marktxxl.de\\\/markt\\\/#organization\",\"name\":\"Markt-XXL\",\"url\":\"https:\\\/\\\/marktxxl.de\\\/markt\\\/\",\"logo\":{\"@type\":\"ImageObject\",\"inLanguage\":\"de\",\"@id\":\"https:\\\/\\\/marktxxl.de\\\/markt\\\/#\\\/schema\\\/logo\\\/image\\\/\",\"url\":\"https:\\\/\\\/marktxxl.de\\\/markt\\\/wp-content\\\/uploads\\\/sites\\\/3\\\/2020\\\/12\\\/logo.png\",\"contentUrl\":\"https:\\\/\\\/marktxxl.de\\\/markt\\\/wp-content\\\/uploads\\\/sites\\\/3\\\/2020\\\/12\\\/logo.png\",\"width\":200,\"height\":70,\"caption\":\"Markt-XXL\"},\"image\":{\"@id\":\"https:\\\/\\\/marktxxl.de\\\/markt\\\/#\\\/schema\\\/logo\\\/image\\\/\"}}]}<\/script>\n<!-- \/ Yoast SEO plugin. -->","yoast_head_json":{"title":"Darn Tough Frauen Tragen Stadt Micro Crew Licht Kissen Socke - Markt-XXL","description":"Markt-XXL Darn Tough Frauen Tragen Stadt Micro Crew Licht Kissen Socke","robots":{"index":"index","follow":"follow","max-snippet":"max-snippet:-1","max-image-preview":"max-image-preview:large","max-video-preview":"max-video-preview:-1"},"canonical":"https:\/\/marktxxl.de\/markt\/produkt\/darn-tough-frauen-tragen-stadt-micro-crew-licht-kissen-socke\/","og_locale":"de_DE","og_type":"article","og_title":"Darn Tough Frauen Tragen Stadt Micro Crew Licht Kissen Socke - Markt-XXL","og_description":"Markt-XXL Darn Tough Frauen Tragen Stadt Micro Crew Licht Kissen Socke","og_url":"https:\/\/marktxxl.de\/markt\/produkt\/darn-tough-frauen-tragen-stadt-micro-crew-licht-kissen-socke\/","og_site_name":"Markt-XXL","article_modified_time":"2023-04-11T02:48:25+00:00","og_image":[{"width":427,"height":500,"url":"https:\/\/m.media-amazon.com\/images\/I\/51XE9b8ud0L._SL500_.jpg","type":"image\/jpeg"}],"twitter_card":"summary_large_image","twitter_misc":{"Gesch\u00e4tzte Lesezeit":"1\u00a0Minute"},"schema":{"@context":"https:\/\/schema.org","@graph":[{"@type":"WebPage","@id":"https:\/\/marktxxl.de\/markt\/produkt\/darn-tough-frauen-tragen-stadt-micro-crew-licht-kissen-socke\/","url":"https:\/\/marktxxl.de\/markt\/produkt\/darn-tough-frauen-tragen-stadt-micro-crew-licht-kissen-socke\/","name":"Darn Tough Frauen Tragen Stadt Micro Crew Licht Kissen Socke - Markt-XXL","isPartOf":{"@id":"https:\/\/marktxxl.de\/markt\/#website"},"primaryImageOfPage":{"@id":"https:\/\/marktxxl.de\/markt\/produkt\/darn-tough-frauen-tragen-stadt-micro-crew-licht-kissen-socke\/#primaryimage"},"image":{"@id":"https:\/\/marktxxl.de\/markt\/produkt\/darn-tough-frauen-tragen-stadt-micro-crew-licht-kissen-socke\/#primaryimage"},"thumbnailUrl":"https:\/\/m.media-amazon.com\/images\/I\/51XE9b8ud0L._SL500_.jpg","datePublished":"2022-11-11T03:35:32+00:00","dateModified":"2023-04-11T02:48:25+00:00","description":"Markt-XXL Darn Tough Frauen Tragen Stadt Micro Crew Licht Kissen Socke","breadcrumb":{"@id":"https:\/\/marktxxl.de\/markt\/produkt\/darn-tough-frauen-tragen-stadt-micro-crew-licht-kissen-socke\/#breadcrumb"},"inLanguage":"de","potentialAction":[{"@type":"ReadAction","target":["https:\/\/marktxxl.de\/markt\/produkt\/darn-tough-frauen-tragen-stadt-micro-crew-licht-kissen-socke\/"]}]},{"@type":"ImageObject","inLanguage":"de","@id":"https:\/\/marktxxl.de\/markt\/produkt\/darn-tough-frauen-tragen-stadt-micro-crew-licht-kissen-socke\/#primaryimage","url":"https:\/\/m.media-amazon.com\/images\/I\/51XE9b8ud0L._SL500_.jpg","contentUrl":"https:\/\/m.media-amazon.com\/images\/I\/51XE9b8ud0L._SL500_.jpg","width":427,"height":500},{"@type":"BreadcrumbList","@id":"https:\/\/marktxxl.de\/markt\/produkt\/darn-tough-frauen-tragen-stadt-micro-crew-licht-kissen-socke\/#breadcrumb","itemListElement":[{"@type":"ListItem","position":1,"name":"Startseite","item":"https:\/\/marktxxl.de\/markt\/"},{"@type":"ListItem","position":2,"name":"Markt","item":"https:\/\/marktxxl.de\/markt\/"},{"@type":"ListItem","position":3,"name":"Darn Tough Frauen Tragen Stadt Micro Crew Licht Kissen Socke"}]},{"@type":"WebSite","@id":"https:\/\/marktxxl.de\/markt\/#website","url":"https:\/\/marktxxl.de\/markt\/","name":"Markt-XXL","description":"Ihr Markt Online","publisher":{"@id":"https:\/\/marktxxl.de\/markt\/#organization"},"potentialAction":[{"@type":"SearchAction","target":{"@type":"EntryPoint","urlTemplate":"https:\/\/marktxxl.de\/markt\/?s={search_term_string}"},"query-input":{"@type":"PropertyValueSpecification","valueRequired":true,"valueName":"search_term_string"}}],"inLanguage":"de"},{"@type":"Organization","@id":"https:\/\/marktxxl.de\/markt\/#organization","name":"Markt-XXL","url":"https:\/\/marktxxl.de\/markt\/","logo":{"@type":"ImageObject","inLanguage":"de","@id":"https:\/\/marktxxl.de\/markt\/#\/schema\/logo\/image\/","url":"https:\/\/marktxxl.de\/markt\/wp-content\/uploads\/sites\/3\/2020\/12\/logo.png","contentUrl":"https:\/\/marktxxl.de\/markt\/wp-content\/uploads\/sites\/3\/2020\/12\/logo.png","width":200,"height":70,"caption":"Markt-XXL"},"image":{"@id":"https:\/\/marktxxl.de\/markt\/#\/schema\/logo\/image\/"}}]}},"_links":{"self":[{"href":"https:\/\/marktxxl.de\/markt\/wp-json\/wp\/v2\/product\/163851","targetHints":{"allow":["GET"]}}],"collection":[{"href":"https:\/\/marktxxl.de\/markt\/wp-json\/wp\/v2\/product"}],"about":[{"href":"https:\/\/marktxxl.de\/markt\/wp-json\/wp\/v2\/types\/product"}],"replies":[{"embeddable":true,"href":"https:\/\/marktxxl.de\/markt\/wp-json\/wp\/v2\/comments?post=163851"}],"wp:featuredmedia":[{"embeddable":true,"href":"https:\/\/marktxxl.de\/markt\/wp-json\/wp\/v2\/media\/163852"}],"wp:attachment":[{"href":"https:\/\/marktxxl.de\/markt\/wp-json\/wp\/v2\/media?parent=163851"}],"wp:term":[{"taxonomy":"product_brand","embeddable":true,"href":"https:\/\/marktxxl.de\/markt\/wp-json\/wp\/v2\/product_brand?post=163851"},{"taxonomy":"product_cat","embeddable":true,"href":"https:\/\/marktxxl.de\/markt\/wp-json\/wp\/v2\/product_cat?post=163851"},{"taxonomy":"product_tag","embeddable":true,"href":"https:\/\/marktxxl.de\/markt\/wp-json\/wp\/v2\/product_tag?post=163851"}],"curies":[{"name":"wp","href":"https:\/\/api.w.org\/{rel}","templated":true}]}}