{"id":163749,"date":"2022-11-11T04:29:22","date_gmt":"2022-11-11T03:29:22","guid":{"rendered":"https:\/\/marktxxl.de\/markt\/produkt\/horusdy-werkzeugablage-rutschfest-flexibel-3-stueck\/"},"modified":"2023-04-11T04:48:22","modified_gmt":"2023-04-11T02:48:22","slug":"horusdy-werkzeugablage-rutschfest-flexibel-3-stueck","status":"publish","type":"product","link":"https:\/\/marktxxl.de\/markt\/produkt\/horusdy-werkzeugablage-rutschfest-flexibel-3-stueck\/","title":{"rendered":"Horusdy Werkzeugablage, rutschfest, flexibel, 3 St\u00fcck"},"content":{"rendered":"<p>Die Werkzeugablage ist aus hochwertigem Silikagel, sch\u00f6n in der Optik und antistatisch. Inklusive drei Spezifikationen, Gr\u00f6\u00dfe S: 27,4 x 14,5 cm; Gr\u00f6\u00dfe M: 25,7 x 23,4 cm; Gr\u00f6\u00dfe L: 53,3 x 29,5 cm<br \/>\nDie hohe Hitzebest\u00e4ndigkeit und Flexibilit\u00e4t der rutschfesten flexiblen Werkzeugablage kann es f\u00fcr verschiedene Arbeitsumgebungen geeignet machen, sei es Wartungsarbeiten wie Autos, Hausdekoration, Flugzeuge, Schiffe, Motorr\u00e4der, Gel\u00e4ndefahrzeuge, elektronische Produkte, Handwerk usw. Ihre beste Wahl.<br \/>\nDie rutschfesten flexiblen Werkzeugschalen haben eine gute Hitzebest\u00e4ndigkeit, sie sind nicht magnetisch und ziehen keine Metallsp\u00e4ne an. Sie sind best\u00e4ndig gegen \u00d6l und nicht \u00e4tzende Chemikalien, k\u00f6nnen Chemikalien wie Bremsenreiniger, Benzin, Motor\u00f6l, Skydrol und mehr standhalten.<br \/>\nLeicht zu reinigen, eine kleine Menge Seife und Wasser wird es wieder neu machen. Wenn Sie auf l\u00e4stige Situationen sto\u00dfen, k\u00f6nnen Sie sogar einen Bremsenreiniger verwenden.<br \/>\nInternational products have separate terms, are sold from abroad and may differ from local products, including fit, age ratings, and language of product, labeling or instructions.<br \/>\n<div class=\"main-cross-sell\" data-asin=\"B089QCPPX4\">\n\n\t<div class=\"WooZone-cross-sell-loader\">\n\t\t<div>\n\t\t\t<div id=\"floatingBarsG\">\n\t\t\t\t<div class=\"blockG\" id=\"rotateG_01\"><\/div>\n\t\t\t\t<div class=\"blockG\" id=\"rotateG_02\"><\/div>\n\t\t\t\t<div class=\"blockG\" id=\"rotateG_03\"><\/div>\n\t\t\t\t<div class=\"blockG\" id=\"rotateG_04\"><\/div>\n\t\t\t\t<div class=\"blockG\" id=\"rotateG_05\"><\/div>\n\t\t\t\t<div class=\"blockG\" id=\"rotateG_06\"><\/div>\n\t\t\t\t<div class=\"blockG\" id=\"rotateG_07\"><\/div>\n\t\t\t\t<div class=\"blockG\" id=\"rotateG_08\"><\/div>\n\t\t\t<\/div>\n\t\t\t<div class=\"WooZone-cross-sell-loader-text\"><\/div>\n\t\t<\/div>\n\t<\/div>\n\n\t\t\n<\/div>\n<div style=\"clear:both;\"><\/div><\/p>\n","protected":false},"excerpt":{"rendered":"<p>Die Werkzeugablage ist aus hochwertigem Silikagel, sch\u00f6n in der Optik und antistatisch. Inklusive drei Spezifikationen, Gr\u00f6\u00dfe S: 27,4 x 14,5 cm; Gr\u00f6\u00dfe M: 25,7 x 23,4 cm; Gr\u00f6\u00dfe L: 53,3 x 29,5 cm<br \/>\nDie hohe Hitzebest\u00e4ndigkeit und Flexibilit\u00e4t der rutschfesten flexiblen Werkzeugablage kann es f\u00fcr verschiedene Arbeitsumgebungen geeignet machen, sei es Wartungsarbeiten wie Autos, Hausdekoration, Flugzeuge, Schiffe, Motorr\u00e4der, Gel\u00e4ndefahrzeuge, elektronische Produkte, Handwerk usw. Ihre beste Wahl.<br \/>\nDie rutschfesten flexiblen Werkzeugschalen haben eine gute Hitzebest\u00e4ndigkeit, sie sind nicht magnetisch und ziehen keine Metallsp\u00e4ne an. Sie sind best\u00e4ndig gegen \u00d6l und nicht \u00e4tzende Chemikalien, k\u00f6nnen Chemikalien wie Bremsenreiniger, Benzin, Motor\u00f6l, Skydrol und mehr standhalten.<\/p>\n","protected":false},"featured_media":163750,"comment_status":"open","ping_status":"closed","template":"","meta":[],"product_brand":[],"product_cat":[1983,11319],"product_tag":[],"class_list":{"0":"post-163749","1":"product","2":"type-product","3":"status-publish","4":"has-post-thumbnail","6":"product_cat-baumarkt","7":"product_cat-sanitaer","8":"pa_binding-haushaltswaren","9":"pa_brand-horusdy","10":"pa_height-3-5-zoll","11":"pa_length-13-3-zoll","12":"pa_manufacturer-horusdy","13":"pa_model-44069","14":"pa_width-10-6-zoll","16":"first","17":"instock","18":"shipping-taxable","19":"purchasable","20":"product-type-simple","21":"customify-col","22":"product-has-gallery"},"yoast_head":"<!-- This site is optimized with the Yoast SEO plugin v27.3 - https:\/\/yoast.com\/product\/yoast-seo-wordpress\/ -->\n<title>Horusdy Werkzeugablage, rutschfest, flexibel, 3 St\u00fcck - Markt-XXL<\/title>\n<meta name=\"description\" content=\"Markt-XXL Horusdy Werkzeugablage, rutschfest, flexibel, 3 St\u00fcck\" \/>\n<meta name=\"robots\" content=\"index, follow, max-snippet:-1, max-image-preview:large, max-video-preview:-1\" \/>\n<link rel=\"canonical\" href=\"https:\/\/marktxxl.de\/markt\/produkt\/horusdy-werkzeugablage-rutschfest-flexibel-3-stueck\/\" \/>\n<meta property=\"og:locale\" content=\"de_DE\" \/>\n<meta property=\"og:type\" content=\"article\" \/>\n<meta property=\"og:title\" content=\"Horusdy Werkzeugablage, rutschfest, flexibel, 3 St\u00fcck - Markt-XXL\" \/>\n<meta property=\"og:description\" content=\"Markt-XXL Horusdy Werkzeugablage, rutschfest, flexibel, 3 St\u00fcck\" \/>\n<meta property=\"og:url\" content=\"https:\/\/marktxxl.de\/markt\/produkt\/horusdy-werkzeugablage-rutschfest-flexibel-3-stueck\/\" \/>\n<meta property=\"og:site_name\" content=\"Markt-XXL\" \/>\n<meta property=\"article:modified_time\" content=\"2023-04-11T02:48:22+00:00\" \/>\n<meta property=\"og:image\" content=\"https:\/\/m.media-amazon.com\/images\/I\/414RvGIIeGL._SL500_.jpg\" \/>\n\t<meta property=\"og:image:width\" content=\"500\" \/>\n\t<meta property=\"og:image:height\" content=\"418\" \/>\n\t<meta property=\"og:image:type\" content=\"image\/jpeg\" \/>\n<meta name=\"twitter:card\" content=\"summary_large_image\" \/>\n<meta name=\"twitter:label1\" content=\"Gesch\u00e4tzte Lesezeit\" \/>\n\t<meta name=\"twitter:data1\" content=\"1\u00a0Minute\" \/>\n<script type=\"application\/ld+json\" class=\"yoast-schema-graph\">{\"@context\":\"https:\\\/\\\/schema.org\",\"@graph\":[{\"@type\":\"WebPage\",\"@id\":\"https:\\\/\\\/marktxxl.de\\\/markt\\\/produkt\\\/horusdy-werkzeugablage-rutschfest-flexibel-3-stueck\\\/\",\"url\":\"https:\\\/\\\/marktxxl.de\\\/markt\\\/produkt\\\/horusdy-werkzeugablage-rutschfest-flexibel-3-stueck\\\/\",\"name\":\"Horusdy Werkzeugablage, rutschfest, flexibel, 3 St\u00fcck - Markt-XXL\",\"isPartOf\":{\"@id\":\"https:\\\/\\\/marktxxl.de\\\/markt\\\/#website\"},\"primaryImageOfPage\":{\"@id\":\"https:\\\/\\\/marktxxl.de\\\/markt\\\/produkt\\\/horusdy-werkzeugablage-rutschfest-flexibel-3-stueck\\\/#primaryimage\"},\"image\":{\"@id\":\"https:\\\/\\\/marktxxl.de\\\/markt\\\/produkt\\\/horusdy-werkzeugablage-rutschfest-flexibel-3-stueck\\\/#primaryimage\"},\"thumbnailUrl\":\"https:\\\/\\\/m.media-amazon.com\\\/images\\\/I\\\/414RvGIIeGL._SL500_.jpg\",\"datePublished\":\"2022-11-11T03:29:22+00:00\",\"dateModified\":\"2023-04-11T02:48:22+00:00\",\"description\":\"Markt-XXL Horusdy Werkzeugablage, rutschfest, flexibel, 3 St\u00fcck\",\"breadcrumb\":{\"@id\":\"https:\\\/\\\/marktxxl.de\\\/markt\\\/produkt\\\/horusdy-werkzeugablage-rutschfest-flexibel-3-stueck\\\/#breadcrumb\"},\"inLanguage\":\"de\",\"potentialAction\":[{\"@type\":\"ReadAction\",\"target\":[\"https:\\\/\\\/marktxxl.de\\\/markt\\\/produkt\\\/horusdy-werkzeugablage-rutschfest-flexibel-3-stueck\\\/\"]}]},{\"@type\":\"ImageObject\",\"inLanguage\":\"de\",\"@id\":\"https:\\\/\\\/marktxxl.de\\\/markt\\\/produkt\\\/horusdy-werkzeugablage-rutschfest-flexibel-3-stueck\\\/#primaryimage\",\"url\":\"https:\\\/\\\/m.media-amazon.com\\\/images\\\/I\\\/414RvGIIeGL._SL500_.jpg\",\"contentUrl\":\"https:\\\/\\\/m.media-amazon.com\\\/images\\\/I\\\/414RvGIIeGL._SL500_.jpg\",\"width\":500,\"height\":418},{\"@type\":\"BreadcrumbList\",\"@id\":\"https:\\\/\\\/marktxxl.de\\\/markt\\\/produkt\\\/horusdy-werkzeugablage-rutschfest-flexibel-3-stueck\\\/#breadcrumb\",\"itemListElement\":[{\"@type\":\"ListItem\",\"position\":1,\"name\":\"Startseite\",\"item\":\"https:\\\/\\\/marktxxl.de\\\/markt\\\/\"},{\"@type\":\"ListItem\",\"position\":2,\"name\":\"Markt\",\"item\":\"https:\\\/\\\/marktxxl.de\\\/markt\\\/\"},{\"@type\":\"ListItem\",\"position\":3,\"name\":\"Horusdy Werkzeugablage, rutschfest, flexibel, 3 St\u00fcck\"}]},{\"@type\":\"WebSite\",\"@id\":\"https:\\\/\\\/marktxxl.de\\\/markt\\\/#website\",\"url\":\"https:\\\/\\\/marktxxl.de\\\/markt\\\/\",\"name\":\"Markt-XXL\",\"description\":\"Ihr Markt Online\",\"publisher\":{\"@id\":\"https:\\\/\\\/marktxxl.de\\\/markt\\\/#organization\"},\"potentialAction\":[{\"@type\":\"SearchAction\",\"target\":{\"@type\":\"EntryPoint\",\"urlTemplate\":\"https:\\\/\\\/marktxxl.de\\\/markt\\\/?s={search_term_string}\"},\"query-input\":{\"@type\":\"PropertyValueSpecification\",\"valueRequired\":true,\"valueName\":\"search_term_string\"}}],\"inLanguage\":\"de\"},{\"@type\":\"Organization\",\"@id\":\"https:\\\/\\\/marktxxl.de\\\/markt\\\/#organization\",\"name\":\"Markt-XXL\",\"url\":\"https:\\\/\\\/marktxxl.de\\\/markt\\\/\",\"logo\":{\"@type\":\"ImageObject\",\"inLanguage\":\"de\",\"@id\":\"https:\\\/\\\/marktxxl.de\\\/markt\\\/#\\\/schema\\\/logo\\\/image\\\/\",\"url\":\"https:\\\/\\\/marktxxl.de\\\/markt\\\/wp-content\\\/uploads\\\/sites\\\/3\\\/2020\\\/12\\\/logo.png\",\"contentUrl\":\"https:\\\/\\\/marktxxl.de\\\/markt\\\/wp-content\\\/uploads\\\/sites\\\/3\\\/2020\\\/12\\\/logo.png\",\"width\":200,\"height\":70,\"caption\":\"Markt-XXL\"},\"image\":{\"@id\":\"https:\\\/\\\/marktxxl.de\\\/markt\\\/#\\\/schema\\\/logo\\\/image\\\/\"}}]}<\/script>\n<!-- \/ Yoast SEO plugin. -->","yoast_head_json":{"title":"Horusdy Werkzeugablage, rutschfest, flexibel, 3 St\u00fcck - Markt-XXL","description":"Markt-XXL Horusdy Werkzeugablage, rutschfest, flexibel, 3 St\u00fcck","robots":{"index":"index","follow":"follow","max-snippet":"max-snippet:-1","max-image-preview":"max-image-preview:large","max-video-preview":"max-video-preview:-1"},"canonical":"https:\/\/marktxxl.de\/markt\/produkt\/horusdy-werkzeugablage-rutschfest-flexibel-3-stueck\/","og_locale":"de_DE","og_type":"article","og_title":"Horusdy Werkzeugablage, rutschfest, flexibel, 3 St\u00fcck - Markt-XXL","og_description":"Markt-XXL Horusdy Werkzeugablage, rutschfest, flexibel, 3 St\u00fcck","og_url":"https:\/\/marktxxl.de\/markt\/produkt\/horusdy-werkzeugablage-rutschfest-flexibel-3-stueck\/","og_site_name":"Markt-XXL","article_modified_time":"2023-04-11T02:48:22+00:00","og_image":[{"width":500,"height":418,"url":"https:\/\/m.media-amazon.com\/images\/I\/414RvGIIeGL._SL500_.jpg","type":"image\/jpeg"}],"twitter_card":"summary_large_image","twitter_misc":{"Gesch\u00e4tzte Lesezeit":"1\u00a0Minute"},"schema":{"@context":"https:\/\/schema.org","@graph":[{"@type":"WebPage","@id":"https:\/\/marktxxl.de\/markt\/produkt\/horusdy-werkzeugablage-rutschfest-flexibel-3-stueck\/","url":"https:\/\/marktxxl.de\/markt\/produkt\/horusdy-werkzeugablage-rutschfest-flexibel-3-stueck\/","name":"Horusdy Werkzeugablage, rutschfest, flexibel, 3 St\u00fcck - Markt-XXL","isPartOf":{"@id":"https:\/\/marktxxl.de\/markt\/#website"},"primaryImageOfPage":{"@id":"https:\/\/marktxxl.de\/markt\/produkt\/horusdy-werkzeugablage-rutschfest-flexibel-3-stueck\/#primaryimage"},"image":{"@id":"https:\/\/marktxxl.de\/markt\/produkt\/horusdy-werkzeugablage-rutschfest-flexibel-3-stueck\/#primaryimage"},"thumbnailUrl":"https:\/\/m.media-amazon.com\/images\/I\/414RvGIIeGL._SL500_.jpg","datePublished":"2022-11-11T03:29:22+00:00","dateModified":"2023-04-11T02:48:22+00:00","description":"Markt-XXL Horusdy Werkzeugablage, rutschfest, flexibel, 3 St\u00fcck","breadcrumb":{"@id":"https:\/\/marktxxl.de\/markt\/produkt\/horusdy-werkzeugablage-rutschfest-flexibel-3-stueck\/#breadcrumb"},"inLanguage":"de","potentialAction":[{"@type":"ReadAction","target":["https:\/\/marktxxl.de\/markt\/produkt\/horusdy-werkzeugablage-rutschfest-flexibel-3-stueck\/"]}]},{"@type":"ImageObject","inLanguage":"de","@id":"https:\/\/marktxxl.de\/markt\/produkt\/horusdy-werkzeugablage-rutschfest-flexibel-3-stueck\/#primaryimage","url":"https:\/\/m.media-amazon.com\/images\/I\/414RvGIIeGL._SL500_.jpg","contentUrl":"https:\/\/m.media-amazon.com\/images\/I\/414RvGIIeGL._SL500_.jpg","width":500,"height":418},{"@type":"BreadcrumbList","@id":"https:\/\/marktxxl.de\/markt\/produkt\/horusdy-werkzeugablage-rutschfest-flexibel-3-stueck\/#breadcrumb","itemListElement":[{"@type":"ListItem","position":1,"name":"Startseite","item":"https:\/\/marktxxl.de\/markt\/"},{"@type":"ListItem","position":2,"name":"Markt","item":"https:\/\/marktxxl.de\/markt\/"},{"@type":"ListItem","position":3,"name":"Horusdy Werkzeugablage, rutschfest, flexibel, 3 St\u00fcck"}]},{"@type":"WebSite","@id":"https:\/\/marktxxl.de\/markt\/#website","url":"https:\/\/marktxxl.de\/markt\/","name":"Markt-XXL","description":"Ihr Markt Online","publisher":{"@id":"https:\/\/marktxxl.de\/markt\/#organization"},"potentialAction":[{"@type":"SearchAction","target":{"@type":"EntryPoint","urlTemplate":"https:\/\/marktxxl.de\/markt\/?s={search_term_string}"},"query-input":{"@type":"PropertyValueSpecification","valueRequired":true,"valueName":"search_term_string"}}],"inLanguage":"de"},{"@type":"Organization","@id":"https:\/\/marktxxl.de\/markt\/#organization","name":"Markt-XXL","url":"https:\/\/marktxxl.de\/markt\/","logo":{"@type":"ImageObject","inLanguage":"de","@id":"https:\/\/marktxxl.de\/markt\/#\/schema\/logo\/image\/","url":"https:\/\/marktxxl.de\/markt\/wp-content\/uploads\/sites\/3\/2020\/12\/logo.png","contentUrl":"https:\/\/marktxxl.de\/markt\/wp-content\/uploads\/sites\/3\/2020\/12\/logo.png","width":200,"height":70,"caption":"Markt-XXL"},"image":{"@id":"https:\/\/marktxxl.de\/markt\/#\/schema\/logo\/image\/"}}]}},"_links":{"self":[{"href":"https:\/\/marktxxl.de\/markt\/wp-json\/wp\/v2\/product\/163749","targetHints":{"allow":["GET"]}}],"collection":[{"href":"https:\/\/marktxxl.de\/markt\/wp-json\/wp\/v2\/product"}],"about":[{"href":"https:\/\/marktxxl.de\/markt\/wp-json\/wp\/v2\/types\/product"}],"replies":[{"embeddable":true,"href":"https:\/\/marktxxl.de\/markt\/wp-json\/wp\/v2\/comments?post=163749"}],"wp:featuredmedia":[{"embeddable":true,"href":"https:\/\/marktxxl.de\/markt\/wp-json\/wp\/v2\/media\/163750"}],"wp:attachment":[{"href":"https:\/\/marktxxl.de\/markt\/wp-json\/wp\/v2\/media?parent=163749"}],"wp:term":[{"taxonomy":"product_brand","embeddable":true,"href":"https:\/\/marktxxl.de\/markt\/wp-json\/wp\/v2\/product_brand?post=163749"},{"taxonomy":"product_cat","embeddable":true,"href":"https:\/\/marktxxl.de\/markt\/wp-json\/wp\/v2\/product_cat?post=163749"},{"taxonomy":"product_tag","embeddable":true,"href":"https:\/\/marktxxl.de\/markt\/wp-json\/wp\/v2\/product_tag?post=163749"}],"curies":[{"name":"wp","href":"https:\/\/api.w.org\/{rel}","templated":true}]}}