{"id":163573,"date":"2022-11-11T04:23:00","date_gmt":"2022-11-11T03:23:00","guid":{"rendered":"https:\/\/marktxxl.de\/markt\/produkt\/rs-harmony-kniestrumpf-ohne-gummidruck-fuer-damen-aus-baumwolle-viele-uni-farben-und-groessen-81401\/"},"modified":"2023-04-11T04:47:22","modified_gmt":"2023-04-11T02:47:22","slug":"rs-harmony-kniestrumpf-ohne-gummidruck-fuer-damen-aus-baumwolle-viele-uni-farben-und-groessen-81401","status":"publish","type":"product","link":"https:\/\/marktxxl.de\/markt\/produkt\/rs-harmony-kniestrumpf-ohne-gummidruck-fuer-damen-aus-baumwolle-viele-uni-farben-und-groessen-81401\/","title":{"rendered":"RS. Harmony Kniestrumpf, ohne Gummidruck f\u00fcr Damen, aus Baumwolle, viele Uni-Farben und Gr\u00f6\u00dfen 81401"},"content":{"rendered":"<p>KNIESTR\u00dcMPFE: F\u00fcr einen perfekten Sitz bei warmen und venenfreundlichen Str\u00fcmpfen bis unters Knie, wird die erforderliche Dehnbarkeit durch Beimischung von Elasthan erreicht. **** BAUMWOLLE: Die klassische Naturfaser ist rei\u00dffest und w\u00e4rmend, nimmt Feuchtigkeit sehr gut auf und zeichnet sich durch einen besonders hohen Tragekomfort aus.<br \/>\nKOMFORTRAND: Ein sehr angenehmer Komfortrand sichert zuverl\u00e4ssig gegen Verrutschen, vermeidet aber auch bei empfindlicher Haut ein l\u00e4stiges Einschn\u00fcren **** HANDGEKETTELTE FUSSSPITZE: Eine \u00e4u\u00dferst sorgf\u00e4ltig von Hand gearbeitete Naht ist nicht mehr sp\u00fcrbar und garantiert einen sehr hohen Tragekomfort ohne Druckstellen im Zehenbereich.<br \/>\nEXTRA GARN QUALIT\u00c4T: Extra verst\u00e4rkte und doppelt verstrickte Garne erh\u00f6hen die Haltbarkeit enorm und eignen sich daher optimal bei einer Verwendung mit hoher Beanspruchung.<br \/>\nDAMENMODE: Ausgew\u00e4hlte Mode f\u00fcr Damen, in bester Qualit\u00e4t und hochwertiger Verarbeitung, mit der Frau sich bestens angezogen f\u00fchlt. Unwiderstehlich, modisch, schick und elegant.<br \/>\nRS HARMONY: Belohnen Sie Ihre F\u00fc\u00dfe mit unseren hochwertigen Str\u00fcmpfen, Socken, Stulpen, Strumpfhosen und vielen weiteren Strumpfwaren von RS Harmony. Dank vieler unterschiedlicher Technologien, Materialien und Verarbeitungsweisen ist unser Sortiment unglaublich umfangreich. Sportsocken, Kompressions- und Gesundheitsstr\u00fcmpfe, robuste Arbeitssocken, modische Anzugsocken, leichte Damensocken, lustige Kindersocken, uvm.<br \/>\n<div class=\"main-cross-sell\" data-asin=\"B099ND41NR\">\n\n\t<div class=\"WooZone-cross-sell-loader\">\n\t\t<div>\n\t\t\t<div id=\"floatingBarsG\">\n\t\t\t\t<div class=\"blockG\" id=\"rotateG_01\"><\/div>\n\t\t\t\t<div class=\"blockG\" id=\"rotateG_02\"><\/div>\n\t\t\t\t<div class=\"blockG\" id=\"rotateG_03\"><\/div>\n\t\t\t\t<div class=\"blockG\" id=\"rotateG_04\"><\/div>\n\t\t\t\t<div class=\"blockG\" id=\"rotateG_05\"><\/div>\n\t\t\t\t<div class=\"blockG\" id=\"rotateG_06\"><\/div>\n\t\t\t\t<div class=\"blockG\" id=\"rotateG_07\"><\/div>\n\t\t\t\t<div class=\"blockG\" id=\"rotateG_08\"><\/div>\n\t\t\t<\/div>\n\t\t\t<div class=\"WooZone-cross-sell-loader-text\"><\/div>\n\t\t<\/div>\n\t<\/div>\n\n\t\t\n<\/div>\n<div style=\"clear:both;\"><\/div><\/p>\n","protected":false},"excerpt":{"rendered":"<p>KNIESTR\u00dcMPFE: F\u00fcr einen perfekten Sitz bei warmen und venenfreundlichen Str\u00fcmpfen bis unters Knie, wird die erforderliche Dehnbarkeit durch Beimischung von Elasthan erreicht. **** BAUMWOLLE: Die klassische Naturfaser ist rei\u00dffest und w\u00e4rmend, nimmt Feuchtigkeit sehr gut auf und zeichnet sich durch einen besonders hohen Tragekomfort aus.<br \/>\nKOMFORTRAND: Ein sehr angenehmer Komfortrand sichert zuverl\u00e4ssig gegen Verrutschen, vermeidet aber auch bei empfindlicher Haut ein l\u00e4stiges Einschn\u00fcren **** HANDGEKETTELTE FUSSSPITZE: Eine \u00e4u\u00dferst sorgf\u00e4ltig von Hand gearbeitete Naht ist nicht mehr sp\u00fcrbar und garantiert einen sehr hohen Tragekomfort ohne Druckstellen im Zehenbereich.<br \/>\nEXTRA GARN QUALIT\u00c4T: Extra verst\u00e4rkte und doppelt verstrickte Garne erh\u00f6hen die Haltbarkeit enorm und eignen sich daher optimal bei einer Verwendung mit hoher Beanspruchung.<\/p>\n","protected":false},"featured_media":163574,"comment_status":"open","ping_status":"closed","template":"","meta":[],"product_brand":[],"product_cat":[1186,3920],"product_tag":[],"class_list":{"0":"post-163573","1":"product","2":"type-product","3":"status-publish","4":"has-post-thumbnail","6":"product_cat-bekleidung","7":"product_cat-damen","8":"pa_brand-rs-harmony","9":"pa_model-44035","11":"first","12":"instock","13":"shipping-taxable","14":"purchasable","15":"product-type-simple","16":"customify-col","17":"product-has-gallery"},"yoast_head":"<!-- This site is optimized with the Yoast SEO plugin v27.4 - https:\/\/yoast.com\/product\/yoast-seo-wordpress\/ -->\n<title>RS. Harmony Kniestrumpf, ohne Gummidruck f\u00fcr Damen, aus Baumwolle, viele Uni-Farben und Gr\u00f6\u00dfen 81401 - Markt-XXL<\/title>\n<meta name=\"description\" content=\"Markt-XXL RS. Harmony Kniestrumpf, ohne Gummidruck f\u00fcr Damen, aus Baumwolle, viele Uni-Farben und Gr\u00f6\u00dfen 81401\" \/>\n<meta name=\"robots\" content=\"index, follow, max-snippet:-1, max-image-preview:large, max-video-preview:-1\" \/>\n<link rel=\"canonical\" href=\"https:\/\/marktxxl.de\/markt\/produkt\/rs-harmony-kniestrumpf-ohne-gummidruck-fuer-damen-aus-baumwolle-viele-uni-farben-und-groessen-81401\/\" \/>\n<meta property=\"og:locale\" content=\"de_DE\" \/>\n<meta property=\"og:type\" content=\"article\" \/>\n<meta property=\"og:title\" content=\"RS. Harmony Kniestrumpf, ohne Gummidruck f\u00fcr Damen, aus Baumwolle, viele Uni-Farben und Gr\u00f6\u00dfen 81401 - Markt-XXL\" \/>\n<meta property=\"og:description\" content=\"Markt-XXL RS. Harmony Kniestrumpf, ohne Gummidruck f\u00fcr Damen, aus Baumwolle, viele Uni-Farben und Gr\u00f6\u00dfen 81401\" \/>\n<meta property=\"og:url\" content=\"https:\/\/marktxxl.de\/markt\/produkt\/rs-harmony-kniestrumpf-ohne-gummidruck-fuer-damen-aus-baumwolle-viele-uni-farben-und-groessen-81401\/\" \/>\n<meta property=\"og:site_name\" content=\"Markt-XXL\" \/>\n<meta property=\"article:modified_time\" content=\"2023-04-11T02:47:22+00:00\" \/>\n<meta property=\"og:image\" content=\"https:\/\/m.media-amazon.com\/images\/I\/41XLhRAPJIS._SL500_.jpg\" \/>\n\t<meta property=\"og:image:width\" content=\"500\" \/>\n\t<meta property=\"og:image:height\" content=\"319\" \/>\n\t<meta property=\"og:image:type\" content=\"image\/jpeg\" \/>\n<meta name=\"twitter:card\" content=\"summary_large_image\" \/>\n<meta name=\"twitter:label1\" content=\"Gesch\u00e4tzte Lesezeit\" \/>\n\t<meta name=\"twitter:data1\" content=\"1\u00a0Minute\" \/>\n<script type=\"application\/ld+json\" class=\"yoast-schema-graph\">{\"@context\":\"https:\\\/\\\/schema.org\",\"@graph\":[{\"@type\":\"WebPage\",\"@id\":\"https:\\\/\\\/marktxxl.de\\\/markt\\\/produkt\\\/rs-harmony-kniestrumpf-ohne-gummidruck-fuer-damen-aus-baumwolle-viele-uni-farben-und-groessen-81401\\\/\",\"url\":\"https:\\\/\\\/marktxxl.de\\\/markt\\\/produkt\\\/rs-harmony-kniestrumpf-ohne-gummidruck-fuer-damen-aus-baumwolle-viele-uni-farben-und-groessen-81401\\\/\",\"name\":\"RS. Harmony Kniestrumpf, ohne Gummidruck f\u00fcr Damen, aus Baumwolle, viele Uni-Farben und Gr\u00f6\u00dfen 81401 - Markt-XXL\",\"isPartOf\":{\"@id\":\"https:\\\/\\\/marktxxl.de\\\/markt\\\/#website\"},\"primaryImageOfPage\":{\"@id\":\"https:\\\/\\\/marktxxl.de\\\/markt\\\/produkt\\\/rs-harmony-kniestrumpf-ohne-gummidruck-fuer-damen-aus-baumwolle-viele-uni-farben-und-groessen-81401\\\/#primaryimage\"},\"image\":{\"@id\":\"https:\\\/\\\/marktxxl.de\\\/markt\\\/produkt\\\/rs-harmony-kniestrumpf-ohne-gummidruck-fuer-damen-aus-baumwolle-viele-uni-farben-und-groessen-81401\\\/#primaryimage\"},\"thumbnailUrl\":\"https:\\\/\\\/m.media-amazon.com\\\/images\\\/I\\\/41XLhRAPJIS._SL500_.jpg\",\"datePublished\":\"2022-11-11T03:23:00+00:00\",\"dateModified\":\"2023-04-11T02:47:22+00:00\",\"description\":\"Markt-XXL RS. Harmony Kniestrumpf, ohne Gummidruck f\u00fcr Damen, aus Baumwolle, viele Uni-Farben und Gr\u00f6\u00dfen 81401\",\"breadcrumb\":{\"@id\":\"https:\\\/\\\/marktxxl.de\\\/markt\\\/produkt\\\/rs-harmony-kniestrumpf-ohne-gummidruck-fuer-damen-aus-baumwolle-viele-uni-farben-und-groessen-81401\\\/#breadcrumb\"},\"inLanguage\":\"de\",\"potentialAction\":[{\"@type\":\"ReadAction\",\"target\":[\"https:\\\/\\\/marktxxl.de\\\/markt\\\/produkt\\\/rs-harmony-kniestrumpf-ohne-gummidruck-fuer-damen-aus-baumwolle-viele-uni-farben-und-groessen-81401\\\/\"]}]},{\"@type\":\"ImageObject\",\"inLanguage\":\"de\",\"@id\":\"https:\\\/\\\/marktxxl.de\\\/markt\\\/produkt\\\/rs-harmony-kniestrumpf-ohne-gummidruck-fuer-damen-aus-baumwolle-viele-uni-farben-und-groessen-81401\\\/#primaryimage\",\"url\":\"https:\\\/\\\/m.media-amazon.com\\\/images\\\/I\\\/41XLhRAPJIS._SL500_.jpg\",\"contentUrl\":\"https:\\\/\\\/m.media-amazon.com\\\/images\\\/I\\\/41XLhRAPJIS._SL500_.jpg\",\"width\":500,\"height\":319},{\"@type\":\"BreadcrumbList\",\"@id\":\"https:\\\/\\\/marktxxl.de\\\/markt\\\/produkt\\\/rs-harmony-kniestrumpf-ohne-gummidruck-fuer-damen-aus-baumwolle-viele-uni-farben-und-groessen-81401\\\/#breadcrumb\",\"itemListElement\":[{\"@type\":\"ListItem\",\"position\":1,\"name\":\"Startseite\",\"item\":\"https:\\\/\\\/marktxxl.de\\\/markt\\\/\"},{\"@type\":\"ListItem\",\"position\":2,\"name\":\"Markt\",\"item\":\"https:\\\/\\\/marktxxl.de\\\/markt\\\/\"},{\"@type\":\"ListItem\",\"position\":3,\"name\":\"RS. Harmony Kniestrumpf, ohne Gummidruck f\u00fcr Damen, aus Baumwolle, viele Uni-Farben und Gr\u00f6\u00dfen 81401\"}]},{\"@type\":\"WebSite\",\"@id\":\"https:\\\/\\\/marktxxl.de\\\/markt\\\/#website\",\"url\":\"https:\\\/\\\/marktxxl.de\\\/markt\\\/\",\"name\":\"Markt-XXL\",\"description\":\"Ihr Markt Online\",\"publisher\":{\"@id\":\"https:\\\/\\\/marktxxl.de\\\/markt\\\/#organization\"},\"potentialAction\":[{\"@type\":\"SearchAction\",\"target\":{\"@type\":\"EntryPoint\",\"urlTemplate\":\"https:\\\/\\\/marktxxl.de\\\/markt\\\/?s={search_term_string}\"},\"query-input\":{\"@type\":\"PropertyValueSpecification\",\"valueRequired\":true,\"valueName\":\"search_term_string\"}}],\"inLanguage\":\"de\"},{\"@type\":\"Organization\",\"@id\":\"https:\\\/\\\/marktxxl.de\\\/markt\\\/#organization\",\"name\":\"Markt-XXL\",\"url\":\"https:\\\/\\\/marktxxl.de\\\/markt\\\/\",\"logo\":{\"@type\":\"ImageObject\",\"inLanguage\":\"de\",\"@id\":\"https:\\\/\\\/marktxxl.de\\\/markt\\\/#\\\/schema\\\/logo\\\/image\\\/\",\"url\":\"https:\\\/\\\/marktxxl.de\\\/markt\\\/wp-content\\\/uploads\\\/sites\\\/3\\\/2020\\\/12\\\/logo.png\",\"contentUrl\":\"https:\\\/\\\/marktxxl.de\\\/markt\\\/wp-content\\\/uploads\\\/sites\\\/3\\\/2020\\\/12\\\/logo.png\",\"width\":200,\"height\":70,\"caption\":\"Markt-XXL\"},\"image\":{\"@id\":\"https:\\\/\\\/marktxxl.de\\\/markt\\\/#\\\/schema\\\/logo\\\/image\\\/\"}}]}<\/script>\n<!-- \/ Yoast SEO plugin. -->","yoast_head_json":{"title":"RS. Harmony Kniestrumpf, ohne Gummidruck f\u00fcr Damen, aus Baumwolle, viele Uni-Farben und Gr\u00f6\u00dfen 81401 - Markt-XXL","description":"Markt-XXL RS. Harmony Kniestrumpf, ohne Gummidruck f\u00fcr Damen, aus Baumwolle, viele Uni-Farben und Gr\u00f6\u00dfen 81401","robots":{"index":"index","follow":"follow","max-snippet":"max-snippet:-1","max-image-preview":"max-image-preview:large","max-video-preview":"max-video-preview:-1"},"canonical":"https:\/\/marktxxl.de\/markt\/produkt\/rs-harmony-kniestrumpf-ohne-gummidruck-fuer-damen-aus-baumwolle-viele-uni-farben-und-groessen-81401\/","og_locale":"de_DE","og_type":"article","og_title":"RS. Harmony Kniestrumpf, ohne Gummidruck f\u00fcr Damen, aus Baumwolle, viele Uni-Farben und Gr\u00f6\u00dfen 81401 - Markt-XXL","og_description":"Markt-XXL RS. Harmony Kniestrumpf, ohne Gummidruck f\u00fcr Damen, aus Baumwolle, viele Uni-Farben und Gr\u00f6\u00dfen 81401","og_url":"https:\/\/marktxxl.de\/markt\/produkt\/rs-harmony-kniestrumpf-ohne-gummidruck-fuer-damen-aus-baumwolle-viele-uni-farben-und-groessen-81401\/","og_site_name":"Markt-XXL","article_modified_time":"2023-04-11T02:47:22+00:00","og_image":[{"width":500,"height":319,"url":"https:\/\/m.media-amazon.com\/images\/I\/41XLhRAPJIS._SL500_.jpg","type":"image\/jpeg"}],"twitter_card":"summary_large_image","twitter_misc":{"Gesch\u00e4tzte Lesezeit":"1\u00a0Minute"},"schema":{"@context":"https:\/\/schema.org","@graph":[{"@type":"WebPage","@id":"https:\/\/marktxxl.de\/markt\/produkt\/rs-harmony-kniestrumpf-ohne-gummidruck-fuer-damen-aus-baumwolle-viele-uni-farben-und-groessen-81401\/","url":"https:\/\/marktxxl.de\/markt\/produkt\/rs-harmony-kniestrumpf-ohne-gummidruck-fuer-damen-aus-baumwolle-viele-uni-farben-und-groessen-81401\/","name":"RS. Harmony Kniestrumpf, ohne Gummidruck f\u00fcr Damen, aus Baumwolle, viele Uni-Farben und Gr\u00f6\u00dfen 81401 - Markt-XXL","isPartOf":{"@id":"https:\/\/marktxxl.de\/markt\/#website"},"primaryImageOfPage":{"@id":"https:\/\/marktxxl.de\/markt\/produkt\/rs-harmony-kniestrumpf-ohne-gummidruck-fuer-damen-aus-baumwolle-viele-uni-farben-und-groessen-81401\/#primaryimage"},"image":{"@id":"https:\/\/marktxxl.de\/markt\/produkt\/rs-harmony-kniestrumpf-ohne-gummidruck-fuer-damen-aus-baumwolle-viele-uni-farben-und-groessen-81401\/#primaryimage"},"thumbnailUrl":"https:\/\/m.media-amazon.com\/images\/I\/41XLhRAPJIS._SL500_.jpg","datePublished":"2022-11-11T03:23:00+00:00","dateModified":"2023-04-11T02:47:22+00:00","description":"Markt-XXL RS. Harmony Kniestrumpf, ohne Gummidruck f\u00fcr Damen, aus Baumwolle, viele Uni-Farben und Gr\u00f6\u00dfen 81401","breadcrumb":{"@id":"https:\/\/marktxxl.de\/markt\/produkt\/rs-harmony-kniestrumpf-ohne-gummidruck-fuer-damen-aus-baumwolle-viele-uni-farben-und-groessen-81401\/#breadcrumb"},"inLanguage":"de","potentialAction":[{"@type":"ReadAction","target":["https:\/\/marktxxl.de\/markt\/produkt\/rs-harmony-kniestrumpf-ohne-gummidruck-fuer-damen-aus-baumwolle-viele-uni-farben-und-groessen-81401\/"]}]},{"@type":"ImageObject","inLanguage":"de","@id":"https:\/\/marktxxl.de\/markt\/produkt\/rs-harmony-kniestrumpf-ohne-gummidruck-fuer-damen-aus-baumwolle-viele-uni-farben-und-groessen-81401\/#primaryimage","url":"https:\/\/m.media-amazon.com\/images\/I\/41XLhRAPJIS._SL500_.jpg","contentUrl":"https:\/\/m.media-amazon.com\/images\/I\/41XLhRAPJIS._SL500_.jpg","width":500,"height":319},{"@type":"BreadcrumbList","@id":"https:\/\/marktxxl.de\/markt\/produkt\/rs-harmony-kniestrumpf-ohne-gummidruck-fuer-damen-aus-baumwolle-viele-uni-farben-und-groessen-81401\/#breadcrumb","itemListElement":[{"@type":"ListItem","position":1,"name":"Startseite","item":"https:\/\/marktxxl.de\/markt\/"},{"@type":"ListItem","position":2,"name":"Markt","item":"https:\/\/marktxxl.de\/markt\/"},{"@type":"ListItem","position":3,"name":"RS. Harmony Kniestrumpf, ohne Gummidruck f\u00fcr Damen, aus Baumwolle, viele Uni-Farben und Gr\u00f6\u00dfen 81401"}]},{"@type":"WebSite","@id":"https:\/\/marktxxl.de\/markt\/#website","url":"https:\/\/marktxxl.de\/markt\/","name":"Markt-XXL","description":"Ihr Markt Online","publisher":{"@id":"https:\/\/marktxxl.de\/markt\/#organization"},"potentialAction":[{"@type":"SearchAction","target":{"@type":"EntryPoint","urlTemplate":"https:\/\/marktxxl.de\/markt\/?s={search_term_string}"},"query-input":{"@type":"PropertyValueSpecification","valueRequired":true,"valueName":"search_term_string"}}],"inLanguage":"de"},{"@type":"Organization","@id":"https:\/\/marktxxl.de\/markt\/#organization","name":"Markt-XXL","url":"https:\/\/marktxxl.de\/markt\/","logo":{"@type":"ImageObject","inLanguage":"de","@id":"https:\/\/marktxxl.de\/markt\/#\/schema\/logo\/image\/","url":"https:\/\/marktxxl.de\/markt\/wp-content\/uploads\/sites\/3\/2020\/12\/logo.png","contentUrl":"https:\/\/marktxxl.de\/markt\/wp-content\/uploads\/sites\/3\/2020\/12\/logo.png","width":200,"height":70,"caption":"Markt-XXL"},"image":{"@id":"https:\/\/marktxxl.de\/markt\/#\/schema\/logo\/image\/"}}]}},"_links":{"self":[{"href":"https:\/\/marktxxl.de\/markt\/wp-json\/wp\/v2\/product\/163573","targetHints":{"allow":["GET"]}}],"collection":[{"href":"https:\/\/marktxxl.de\/markt\/wp-json\/wp\/v2\/product"}],"about":[{"href":"https:\/\/marktxxl.de\/markt\/wp-json\/wp\/v2\/types\/product"}],"replies":[{"embeddable":true,"href":"https:\/\/marktxxl.de\/markt\/wp-json\/wp\/v2\/comments?post=163573"}],"wp:featuredmedia":[{"embeddable":true,"href":"https:\/\/marktxxl.de\/markt\/wp-json\/wp\/v2\/media\/163574"}],"wp:attachment":[{"href":"https:\/\/marktxxl.de\/markt\/wp-json\/wp\/v2\/media?parent=163573"}],"wp:term":[{"taxonomy":"product_brand","embeddable":true,"href":"https:\/\/marktxxl.de\/markt\/wp-json\/wp\/v2\/product_brand?post=163573"},{"taxonomy":"product_cat","embeddable":true,"href":"https:\/\/marktxxl.de\/markt\/wp-json\/wp\/v2\/product_cat?post=163573"},{"taxonomy":"product_tag","embeddable":true,"href":"https:\/\/marktxxl.de\/markt\/wp-json\/wp\/v2\/product_tag?post=163573"}],"curies":[{"name":"wp","href":"https:\/\/api.w.org\/{rel}","templated":true}]}}