{"id":163561,"date":"2022-11-11T04:22:08","date_gmt":"2022-11-11T03:22:08","guid":{"rendered":"https:\/\/marktxxl.de\/markt\/produkt\/sockwell-the-raj-damen-kompressionsstruempfe\/"},"modified":"2023-04-11T04:47:22","modified_gmt":"2023-04-11T02:47:22","slug":"sockwell-the-raj-damen-kompressionsstruempfe","status":"publish","type":"product","link":"https:\/\/marktxxl.de\/markt\/produkt\/sockwell-the-raj-damen-kompressionsstruempfe\/","title":{"rendered":"Sockwell The Raj Damen-Kompressionsstr\u00fcmpfe"},"content":{"rendered":"<p>4 Zonen fester (20-30 mmHg) abgestufter Kompression: F\u00f6rdert die Durchblutung, minimiert Schwellungen und reduziert M\u00fcdigkeit. Beruhigt und belebt m\u00fcde F\u00fc\u00dfe und Beine. Mildert Plantarfasziitis. Lindert leichte bis m\u00e4\u00dfige Krampfadern.<br \/>\nEmpfohlen als: Geeignet f\u00fcr ganzt\u00e4giges Tragen, beim Fliegen und Reisen, bei l\u00e4ngerem Sitzen oder Stehen, beim Sport, bei der Reha und f\u00fcr schwangere Frauen. Ideal f\u00fcr diejenigen mit Berufen, bei denen man \u00fcber einen l\u00e4ngeren Zeitraum stehen muss: Krankenpflege, Gesundheitswesen, Einzelhandel, Gastgewerbe oder selbst im Bauwesen.<br \/>\nKomfort- und Leistungsmerkmale: Volle Unterst\u00fctzung des Fu\u00dfgew\u00f6lbes, ultraleichte Polstersohle und nicht scheuernder nahtloser Zehenverschluss.<br \/>\nHochleistungsgarne: Sorgt f\u00fcr nat\u00fcrliches Feuchtigkeitsmanagement, Geruchskontrolle und W\u00e4rmeregulierung.<br \/>\nGr\u00f6\u00dfen: Gr\u00f6\u00dfe S\/M passt zu Schuhgr\u00f6\u00dfe 35-38, Gr\u00f6\u00dfe M\/L, passt zu Schuhgr\u00f6\u00dfe 39-42. Sockenl\u00e4nge passt \u00fcber die Wade.<br \/>\n<div class=\"main-cross-sell\" data-asin=\"B07Q1L3YKX\">\n\n\t<div class=\"WooZone-cross-sell-loader\">\n\t\t<div>\n\t\t\t<div id=\"floatingBarsG\">\n\t\t\t\t<div class=\"blockG\" id=\"rotateG_01\"><\/div>\n\t\t\t\t<div class=\"blockG\" id=\"rotateG_02\"><\/div>\n\t\t\t\t<div class=\"blockG\" id=\"rotateG_03\"><\/div>\n\t\t\t\t<div class=\"blockG\" id=\"rotateG_04\"><\/div>\n\t\t\t\t<div class=\"blockG\" id=\"rotateG_05\"><\/div>\n\t\t\t\t<div class=\"blockG\" id=\"rotateG_06\"><\/div>\n\t\t\t\t<div class=\"blockG\" id=\"rotateG_07\"><\/div>\n\t\t\t\t<div class=\"blockG\" id=\"rotateG_08\"><\/div>\n\t\t\t<\/div>\n\t\t\t<div class=\"WooZone-cross-sell-loader-text\"><\/div>\n\t\t<\/div>\n\t<\/div>\n\n\t\t\n<\/div>\n<div style=\"clear:both;\"><\/div><\/p>\n","protected":false},"excerpt":{"rendered":"<p>4 Zonen fester (20-30 mmHg) abgestufter Kompression: F\u00f6rdert die Durchblutung, minimiert Schwellungen und reduziert M\u00fcdigkeit. Beruhigt und belebt m\u00fcde F\u00fc\u00dfe und Beine. Mildert Plantarfasziitis. Lindert leichte bis m\u00e4\u00dfige Krampfadern.<br \/>\nEmpfohlen als: Geeignet f\u00fcr ganzt\u00e4giges Tragen, beim Fliegen und Reisen, bei l\u00e4ngerem Sitzen oder Stehen, beim Sport, bei der Reha und f\u00fcr schwangere Frauen. Ideal f\u00fcr diejenigen mit Berufen, bei denen man \u00fcber einen l\u00e4ngeren Zeitraum stehen muss: Krankenpflege, Gesundheitswesen, Einzelhandel, Gastgewerbe oder selbst im Bauwesen.<br \/>\nKomfort- und Leistungsmerkmale: Volle Unterst\u00fctzung des Fu\u00dfgew\u00f6lbes, ultraleichte Polstersohle und nicht scheuernder nahtloser Zehenverschluss.<\/p>\n","protected":false},"featured_media":163562,"comment_status":"open","ping_status":"closed","template":"","meta":[],"product_brand":[],"product_cat":[1186,3920],"product_tag":[],"class_list":{"0":"post-163561","1":"product","2":"type-product","3":"status-publish","4":"has-post-thumbnail","6":"product_cat-bekleidung","7":"product_cat-damen","8":"pa_brand-sockwell","9":"pa_manufacturer-sockwell","10":"pa_model-sw70w","11":"pa_size-varies","13":"first","14":"instock","15":"shipping-taxable","16":"purchasable","17":"product-type-simple","18":"customify-col","19":"product-has-gallery"},"yoast_head":"<!-- This site is optimized with the Yoast SEO plugin v27.4 - https:\/\/yoast.com\/product\/yoast-seo-wordpress\/ -->\n<title>Sockwell The Raj Damen-Kompressionsstr\u00fcmpfe - Markt-XXL<\/title>\n<meta name=\"description\" content=\"Markt-XXL Sockwell The Raj Damen-Kompressionsstr\u00fcmpfe\" \/>\n<meta name=\"robots\" content=\"index, follow, max-snippet:-1, max-image-preview:large, max-video-preview:-1\" \/>\n<link rel=\"canonical\" href=\"https:\/\/marktxxl.de\/markt\/produkt\/sockwell-the-raj-damen-kompressionsstruempfe\/\" \/>\n<meta property=\"og:locale\" content=\"de_DE\" \/>\n<meta property=\"og:type\" content=\"article\" \/>\n<meta property=\"og:title\" content=\"Sockwell The Raj Damen-Kompressionsstr\u00fcmpfe - Markt-XXL\" \/>\n<meta property=\"og:description\" content=\"Markt-XXL Sockwell The Raj Damen-Kompressionsstr\u00fcmpfe\" \/>\n<meta property=\"og:url\" content=\"https:\/\/marktxxl.de\/markt\/produkt\/sockwell-the-raj-damen-kompressionsstruempfe\/\" \/>\n<meta property=\"og:site_name\" content=\"Markt-XXL\" \/>\n<meta property=\"article:modified_time\" content=\"2023-04-11T02:47:22+00:00\" \/>\n<meta property=\"og:image\" content=\"https:\/\/m.media-amazon.com\/images\/I\/41E7qws08hL._SL500_.jpg\" \/>\n\t<meta property=\"og:image:width\" content=\"290\" \/>\n\t<meta property=\"og:image:height\" content=\"500\" \/>\n\t<meta property=\"og:image:type\" content=\"image\/jpeg\" \/>\n<meta name=\"twitter:card\" content=\"summary_large_image\" \/>\n<meta name=\"twitter:label1\" content=\"Gesch\u00e4tzte Lesezeit\" \/>\n\t<meta name=\"twitter:data1\" content=\"1\u00a0Minute\" \/>\n<script type=\"application\/ld+json\" class=\"yoast-schema-graph\">{\"@context\":\"https:\\\/\\\/schema.org\",\"@graph\":[{\"@type\":\"WebPage\",\"@id\":\"https:\\\/\\\/marktxxl.de\\\/markt\\\/produkt\\\/sockwell-the-raj-damen-kompressionsstruempfe\\\/\",\"url\":\"https:\\\/\\\/marktxxl.de\\\/markt\\\/produkt\\\/sockwell-the-raj-damen-kompressionsstruempfe\\\/\",\"name\":\"Sockwell The Raj Damen-Kompressionsstr\u00fcmpfe - Markt-XXL\",\"isPartOf\":{\"@id\":\"https:\\\/\\\/marktxxl.de\\\/markt\\\/#website\"},\"primaryImageOfPage\":{\"@id\":\"https:\\\/\\\/marktxxl.de\\\/markt\\\/produkt\\\/sockwell-the-raj-damen-kompressionsstruempfe\\\/#primaryimage\"},\"image\":{\"@id\":\"https:\\\/\\\/marktxxl.de\\\/markt\\\/produkt\\\/sockwell-the-raj-damen-kompressionsstruempfe\\\/#primaryimage\"},\"thumbnailUrl\":\"https:\\\/\\\/m.media-amazon.com\\\/images\\\/I\\\/41E7qws08hL._SL500_.jpg\",\"datePublished\":\"2022-11-11T03:22:08+00:00\",\"dateModified\":\"2023-04-11T02:47:22+00:00\",\"description\":\"Markt-XXL Sockwell The Raj Damen-Kompressionsstr\u00fcmpfe\",\"breadcrumb\":{\"@id\":\"https:\\\/\\\/marktxxl.de\\\/markt\\\/produkt\\\/sockwell-the-raj-damen-kompressionsstruempfe\\\/#breadcrumb\"},\"inLanguage\":\"de\",\"potentialAction\":[{\"@type\":\"ReadAction\",\"target\":[\"https:\\\/\\\/marktxxl.de\\\/markt\\\/produkt\\\/sockwell-the-raj-damen-kompressionsstruempfe\\\/\"]}]},{\"@type\":\"ImageObject\",\"inLanguage\":\"de\",\"@id\":\"https:\\\/\\\/marktxxl.de\\\/markt\\\/produkt\\\/sockwell-the-raj-damen-kompressionsstruempfe\\\/#primaryimage\",\"url\":\"https:\\\/\\\/m.media-amazon.com\\\/images\\\/I\\\/41E7qws08hL._SL500_.jpg\",\"contentUrl\":\"https:\\\/\\\/m.media-amazon.com\\\/images\\\/I\\\/41E7qws08hL._SL500_.jpg\",\"width\":290,\"height\":500},{\"@type\":\"BreadcrumbList\",\"@id\":\"https:\\\/\\\/marktxxl.de\\\/markt\\\/produkt\\\/sockwell-the-raj-damen-kompressionsstruempfe\\\/#breadcrumb\",\"itemListElement\":[{\"@type\":\"ListItem\",\"position\":1,\"name\":\"Startseite\",\"item\":\"https:\\\/\\\/marktxxl.de\\\/markt\\\/\"},{\"@type\":\"ListItem\",\"position\":2,\"name\":\"Markt\",\"item\":\"https:\\\/\\\/marktxxl.de\\\/markt\\\/\"},{\"@type\":\"ListItem\",\"position\":3,\"name\":\"Sockwell The Raj Damen-Kompressionsstr\u00fcmpfe\"}]},{\"@type\":\"WebSite\",\"@id\":\"https:\\\/\\\/marktxxl.de\\\/markt\\\/#website\",\"url\":\"https:\\\/\\\/marktxxl.de\\\/markt\\\/\",\"name\":\"Markt-XXL\",\"description\":\"Ihr Markt Online\",\"publisher\":{\"@id\":\"https:\\\/\\\/marktxxl.de\\\/markt\\\/#organization\"},\"potentialAction\":[{\"@type\":\"SearchAction\",\"target\":{\"@type\":\"EntryPoint\",\"urlTemplate\":\"https:\\\/\\\/marktxxl.de\\\/markt\\\/?s={search_term_string}\"},\"query-input\":{\"@type\":\"PropertyValueSpecification\",\"valueRequired\":true,\"valueName\":\"search_term_string\"}}],\"inLanguage\":\"de\"},{\"@type\":\"Organization\",\"@id\":\"https:\\\/\\\/marktxxl.de\\\/markt\\\/#organization\",\"name\":\"Markt-XXL\",\"url\":\"https:\\\/\\\/marktxxl.de\\\/markt\\\/\",\"logo\":{\"@type\":\"ImageObject\",\"inLanguage\":\"de\",\"@id\":\"https:\\\/\\\/marktxxl.de\\\/markt\\\/#\\\/schema\\\/logo\\\/image\\\/\",\"url\":\"https:\\\/\\\/marktxxl.de\\\/markt\\\/wp-content\\\/uploads\\\/sites\\\/3\\\/2020\\\/12\\\/logo.png\",\"contentUrl\":\"https:\\\/\\\/marktxxl.de\\\/markt\\\/wp-content\\\/uploads\\\/sites\\\/3\\\/2020\\\/12\\\/logo.png\",\"width\":200,\"height\":70,\"caption\":\"Markt-XXL\"},\"image\":{\"@id\":\"https:\\\/\\\/marktxxl.de\\\/markt\\\/#\\\/schema\\\/logo\\\/image\\\/\"}}]}<\/script>\n<!-- \/ Yoast SEO plugin. -->","yoast_head_json":{"title":"Sockwell The Raj Damen-Kompressionsstr\u00fcmpfe - Markt-XXL","description":"Markt-XXL Sockwell The Raj Damen-Kompressionsstr\u00fcmpfe","robots":{"index":"index","follow":"follow","max-snippet":"max-snippet:-1","max-image-preview":"max-image-preview:large","max-video-preview":"max-video-preview:-1"},"canonical":"https:\/\/marktxxl.de\/markt\/produkt\/sockwell-the-raj-damen-kompressionsstruempfe\/","og_locale":"de_DE","og_type":"article","og_title":"Sockwell The Raj Damen-Kompressionsstr\u00fcmpfe - Markt-XXL","og_description":"Markt-XXL Sockwell The Raj Damen-Kompressionsstr\u00fcmpfe","og_url":"https:\/\/marktxxl.de\/markt\/produkt\/sockwell-the-raj-damen-kompressionsstruempfe\/","og_site_name":"Markt-XXL","article_modified_time":"2023-04-11T02:47:22+00:00","og_image":[{"width":290,"height":500,"url":"https:\/\/m.media-amazon.com\/images\/I\/41E7qws08hL._SL500_.jpg","type":"image\/jpeg"}],"twitter_card":"summary_large_image","twitter_misc":{"Gesch\u00e4tzte Lesezeit":"1\u00a0Minute"},"schema":{"@context":"https:\/\/schema.org","@graph":[{"@type":"WebPage","@id":"https:\/\/marktxxl.de\/markt\/produkt\/sockwell-the-raj-damen-kompressionsstruempfe\/","url":"https:\/\/marktxxl.de\/markt\/produkt\/sockwell-the-raj-damen-kompressionsstruempfe\/","name":"Sockwell The Raj Damen-Kompressionsstr\u00fcmpfe - Markt-XXL","isPartOf":{"@id":"https:\/\/marktxxl.de\/markt\/#website"},"primaryImageOfPage":{"@id":"https:\/\/marktxxl.de\/markt\/produkt\/sockwell-the-raj-damen-kompressionsstruempfe\/#primaryimage"},"image":{"@id":"https:\/\/marktxxl.de\/markt\/produkt\/sockwell-the-raj-damen-kompressionsstruempfe\/#primaryimage"},"thumbnailUrl":"https:\/\/m.media-amazon.com\/images\/I\/41E7qws08hL._SL500_.jpg","datePublished":"2022-11-11T03:22:08+00:00","dateModified":"2023-04-11T02:47:22+00:00","description":"Markt-XXL Sockwell The Raj Damen-Kompressionsstr\u00fcmpfe","breadcrumb":{"@id":"https:\/\/marktxxl.de\/markt\/produkt\/sockwell-the-raj-damen-kompressionsstruempfe\/#breadcrumb"},"inLanguage":"de","potentialAction":[{"@type":"ReadAction","target":["https:\/\/marktxxl.de\/markt\/produkt\/sockwell-the-raj-damen-kompressionsstruempfe\/"]}]},{"@type":"ImageObject","inLanguage":"de","@id":"https:\/\/marktxxl.de\/markt\/produkt\/sockwell-the-raj-damen-kompressionsstruempfe\/#primaryimage","url":"https:\/\/m.media-amazon.com\/images\/I\/41E7qws08hL._SL500_.jpg","contentUrl":"https:\/\/m.media-amazon.com\/images\/I\/41E7qws08hL._SL500_.jpg","width":290,"height":500},{"@type":"BreadcrumbList","@id":"https:\/\/marktxxl.de\/markt\/produkt\/sockwell-the-raj-damen-kompressionsstruempfe\/#breadcrumb","itemListElement":[{"@type":"ListItem","position":1,"name":"Startseite","item":"https:\/\/marktxxl.de\/markt\/"},{"@type":"ListItem","position":2,"name":"Markt","item":"https:\/\/marktxxl.de\/markt\/"},{"@type":"ListItem","position":3,"name":"Sockwell The Raj Damen-Kompressionsstr\u00fcmpfe"}]},{"@type":"WebSite","@id":"https:\/\/marktxxl.de\/markt\/#website","url":"https:\/\/marktxxl.de\/markt\/","name":"Markt-XXL","description":"Ihr Markt Online","publisher":{"@id":"https:\/\/marktxxl.de\/markt\/#organization"},"potentialAction":[{"@type":"SearchAction","target":{"@type":"EntryPoint","urlTemplate":"https:\/\/marktxxl.de\/markt\/?s={search_term_string}"},"query-input":{"@type":"PropertyValueSpecification","valueRequired":true,"valueName":"search_term_string"}}],"inLanguage":"de"},{"@type":"Organization","@id":"https:\/\/marktxxl.de\/markt\/#organization","name":"Markt-XXL","url":"https:\/\/marktxxl.de\/markt\/","logo":{"@type":"ImageObject","inLanguage":"de","@id":"https:\/\/marktxxl.de\/markt\/#\/schema\/logo\/image\/","url":"https:\/\/marktxxl.de\/markt\/wp-content\/uploads\/sites\/3\/2020\/12\/logo.png","contentUrl":"https:\/\/marktxxl.de\/markt\/wp-content\/uploads\/sites\/3\/2020\/12\/logo.png","width":200,"height":70,"caption":"Markt-XXL"},"image":{"@id":"https:\/\/marktxxl.de\/markt\/#\/schema\/logo\/image\/"}}]}},"_links":{"self":[{"href":"https:\/\/marktxxl.de\/markt\/wp-json\/wp\/v2\/product\/163561","targetHints":{"allow":["GET"]}}],"collection":[{"href":"https:\/\/marktxxl.de\/markt\/wp-json\/wp\/v2\/product"}],"about":[{"href":"https:\/\/marktxxl.de\/markt\/wp-json\/wp\/v2\/types\/product"}],"replies":[{"embeddable":true,"href":"https:\/\/marktxxl.de\/markt\/wp-json\/wp\/v2\/comments?post=163561"}],"wp:featuredmedia":[{"embeddable":true,"href":"https:\/\/marktxxl.de\/markt\/wp-json\/wp\/v2\/media\/163562"}],"wp:attachment":[{"href":"https:\/\/marktxxl.de\/markt\/wp-json\/wp\/v2\/media?parent=163561"}],"wp:term":[{"taxonomy":"product_brand","embeddable":true,"href":"https:\/\/marktxxl.de\/markt\/wp-json\/wp\/v2\/product_brand?post=163561"},{"taxonomy":"product_cat","embeddable":true,"href":"https:\/\/marktxxl.de\/markt\/wp-json\/wp\/v2\/product_cat?post=163561"},{"taxonomy":"product_tag","embeddable":true,"href":"https:\/\/marktxxl.de\/markt\/wp-json\/wp\/v2\/product_tag?post=163561"}],"curies":[{"name":"wp","href":"https:\/\/api.w.org\/{rel}","templated":true}]}}