{"id":163467,"date":"2022-11-11T04:16:08","date_gmt":"2022-11-11T03:16:08","guid":{"rendered":"https:\/\/marktxxl.de\/markt\/produkt\/columbia-herren-phg-mesh-ball-cap-phg-mesh-ball-cap\/"},"modified":"2023-04-11T04:47:20","modified_gmt":"2023-04-11T02:47:20","slug":"columbia-herren-phg-mesh-ball-cap-phg-mesh-ball-cap","status":"publish","type":"product","link":"https:\/\/marktxxl.de\/markt\/produkt\/columbia-herren-phg-mesh-ball-cap-phg-mesh-ball-cap\/","title":{"rendered":"Columbia Herren PHG Mesh Ball Cap PHG Mesh Ball Cap"},"content":{"rendered":"<p>Jagdm\u00fctzen-Stil: Entworfen f\u00fcr die Jagd, die Columbia PHG Mesh Ball Cap ist ein Baseball-Hut, der rundum guten Schutz f\u00fcr den Kopf bietet.<br \/>\nPerfekt vorgeformte Rechnung: eingelegt und sofort einsatzbereit. Diese Kappe hat die perfekte Kurve, die bereits in der Rechnung entworfen wurde. Stilvoll f\u00fcr den heutigen Look und hochfunktionell zur Abschirmung von Sonnenlicht.<br \/>\nKlassisches Design: Der Schnabel und das Gesicht sind in einem strapazierf\u00e4higen Baumwollgewebe eingewickelt, zusammen mit unseren acht gen\u00e4hten Schnappen f\u00fcr eine lange Lebensdauer. Sie werden Ihre Leidenschaft und unser Engagement f\u00fcr die Natur finden, geschm\u00fcckt in unseren Columbia PHG Grafiken.<br \/>\nFLEXIBEL UND ATMUNGSAKTIV: Das Elastan-Mesh-Gewebe bietet hervorragende Atmungsaktivit\u00e4t f\u00fcr eine komfortable Abdeckung ohne W\u00e4rmestau.<br \/>\nZwei Gr\u00f6\u00dfen passend f\u00fcr alle: erh\u00e4ltlich in Erwachsenen und Jugendlichen; das Flexfit-Design verzichtet auf Druckkn\u00f6pfe und Klettverschl\u00fcsse und bietet eine saubere Passform und einen stilvollen Look.<br \/>\n<div class=\"main-cross-sell\" data-asin=\"B09WMB6JFD\">\n\n\t<div class=\"WooZone-cross-sell-loader\">\n\t\t<div>\n\t\t\t<div id=\"floatingBarsG\">\n\t\t\t\t<div class=\"blockG\" id=\"rotateG_01\"><\/div>\n\t\t\t\t<div class=\"blockG\" id=\"rotateG_02\"><\/div>\n\t\t\t\t<div class=\"blockG\" id=\"rotateG_03\"><\/div>\n\t\t\t\t<div class=\"blockG\" id=\"rotateG_04\"><\/div>\n\t\t\t\t<div class=\"blockG\" id=\"rotateG_05\"><\/div>\n\t\t\t\t<div class=\"blockG\" id=\"rotateG_06\"><\/div>\n\t\t\t\t<div class=\"blockG\" id=\"rotateG_07\"><\/div>\n\t\t\t\t<div class=\"blockG\" id=\"rotateG_08\"><\/div>\n\t\t\t<\/div>\n\t\t\t<div class=\"WooZone-cross-sell-loader-text\"><\/div>\n\t\t<\/div>\n\t<\/div>\n\n\t\t\n<\/div>\n<div style=\"clear:both;\"><\/div><\/p>\n","protected":false},"excerpt":{"rendered":"<p>Jagdm\u00fctzen-Stil: Entworfen f\u00fcr die Jagd, die Columbia PHG Mesh Ball Cap ist ein Baseball-Hut, der rundum guten Schutz f\u00fcr den Kopf bietet.<br \/>\nPerfekt vorgeformte Rechnung: eingelegt und sofort einsatzbereit. Diese Kappe hat die perfekte Kurve, die bereits in der Rechnung entworfen wurde. Stilvoll f\u00fcr den heutigen Look und hochfunktionell zur Abschirmung von Sonnenlicht.<br \/>\nKlassisches Design: Der Schnabel und das Gesicht sind in einem strapazierf\u00e4higen Baumwollgewebe eingewickelt, zusammen mit unseren acht gen\u00e4hten Schnappen f\u00fcr eine lange Lebensdauer. Sie werden Ihre Leidenschaft und unser Engagement f\u00fcr die Natur finden, geschm\u00fcckt in unseren Columbia PHG Grafiken.<\/p>\n","protected":false},"featured_media":163468,"comment_status":"open","ping_status":"closed","template":"","meta":[],"product_brand":[],"product_cat":[1186,3920],"product_tag":[],"class_list":{"0":"post-163467","1":"product","2":"type-product","3":"status-publish","4":"has-post-thumbnail","6":"product_cat-bekleidung","7":"product_cat-damen","8":"pa_binding-ausruestung","9":"pa_brand-columbia","10":"pa_manufacturer-columbia","11":"pa_model-44006","13":"first","14":"instock","15":"shipping-taxable","16":"purchasable","17":"product-type-simple","18":"customify-col","19":"product-has-gallery"},"yoast_head":"<!-- This site is optimized with the Yoast SEO plugin v27.3 - https:\/\/yoast.com\/product\/yoast-seo-wordpress\/ -->\n<title>Columbia Herren PHG Mesh Ball Cap PHG Mesh Ball Cap - Markt-XXL<\/title>\n<meta name=\"description\" content=\"Markt-XXL Columbia Herren PHG Mesh Ball Cap PHG Mesh Ball Cap\" \/>\n<meta name=\"robots\" content=\"index, follow, max-snippet:-1, max-image-preview:large, max-video-preview:-1\" \/>\n<link rel=\"canonical\" href=\"https:\/\/marktxxl.de\/markt\/produkt\/columbia-herren-phg-mesh-ball-cap-phg-mesh-ball-cap\/\" \/>\n<meta property=\"og:locale\" content=\"de_DE\" \/>\n<meta property=\"og:type\" content=\"article\" \/>\n<meta property=\"og:title\" content=\"Columbia Herren PHG Mesh Ball Cap PHG Mesh Ball Cap - Markt-XXL\" \/>\n<meta property=\"og:description\" content=\"Markt-XXL Columbia Herren PHG Mesh Ball Cap PHG Mesh Ball Cap\" \/>\n<meta property=\"og:url\" content=\"https:\/\/marktxxl.de\/markt\/produkt\/columbia-herren-phg-mesh-ball-cap-phg-mesh-ball-cap\/\" \/>\n<meta property=\"og:site_name\" content=\"Markt-XXL\" \/>\n<meta property=\"article:modified_time\" content=\"2023-04-11T02:47:20+00:00\" \/>\n<meta property=\"og:image\" content=\"https:\/\/m.media-amazon.com\/images\/I\/41l-ltq7-TS._SL500_.jpg\" \/>\n\t<meta property=\"og:image:width\" content=\"476\" \/>\n\t<meta property=\"og:image:height\" content=\"500\" \/>\n\t<meta property=\"og:image:type\" content=\"image\/jpeg\" \/>\n<meta name=\"twitter:card\" content=\"summary_large_image\" \/>\n<meta name=\"twitter:label1\" content=\"Gesch\u00e4tzte Lesezeit\" \/>\n\t<meta name=\"twitter:data1\" content=\"1\u00a0Minute\" \/>\n<script type=\"application\/ld+json\" class=\"yoast-schema-graph\">{\"@context\":\"https:\\\/\\\/schema.org\",\"@graph\":[{\"@type\":\"WebPage\",\"@id\":\"https:\\\/\\\/marktxxl.de\\\/markt\\\/produkt\\\/columbia-herren-phg-mesh-ball-cap-phg-mesh-ball-cap\\\/\",\"url\":\"https:\\\/\\\/marktxxl.de\\\/markt\\\/produkt\\\/columbia-herren-phg-mesh-ball-cap-phg-mesh-ball-cap\\\/\",\"name\":\"Columbia Herren PHG Mesh Ball Cap PHG Mesh Ball Cap - Markt-XXL\",\"isPartOf\":{\"@id\":\"https:\\\/\\\/marktxxl.de\\\/markt\\\/#website\"},\"primaryImageOfPage\":{\"@id\":\"https:\\\/\\\/marktxxl.de\\\/markt\\\/produkt\\\/columbia-herren-phg-mesh-ball-cap-phg-mesh-ball-cap\\\/#primaryimage\"},\"image\":{\"@id\":\"https:\\\/\\\/marktxxl.de\\\/markt\\\/produkt\\\/columbia-herren-phg-mesh-ball-cap-phg-mesh-ball-cap\\\/#primaryimage\"},\"thumbnailUrl\":\"https:\\\/\\\/m.media-amazon.com\\\/images\\\/I\\\/41l-ltq7-TS._SL500_.jpg\",\"datePublished\":\"2022-11-11T03:16:08+00:00\",\"dateModified\":\"2023-04-11T02:47:20+00:00\",\"description\":\"Markt-XXL Columbia Herren PHG Mesh Ball Cap PHG Mesh Ball Cap\",\"breadcrumb\":{\"@id\":\"https:\\\/\\\/marktxxl.de\\\/markt\\\/produkt\\\/columbia-herren-phg-mesh-ball-cap-phg-mesh-ball-cap\\\/#breadcrumb\"},\"inLanguage\":\"de\",\"potentialAction\":[{\"@type\":\"ReadAction\",\"target\":[\"https:\\\/\\\/marktxxl.de\\\/markt\\\/produkt\\\/columbia-herren-phg-mesh-ball-cap-phg-mesh-ball-cap\\\/\"]}]},{\"@type\":\"ImageObject\",\"inLanguage\":\"de\",\"@id\":\"https:\\\/\\\/marktxxl.de\\\/markt\\\/produkt\\\/columbia-herren-phg-mesh-ball-cap-phg-mesh-ball-cap\\\/#primaryimage\",\"url\":\"https:\\\/\\\/m.media-amazon.com\\\/images\\\/I\\\/41l-ltq7-TS._SL500_.jpg\",\"contentUrl\":\"https:\\\/\\\/m.media-amazon.com\\\/images\\\/I\\\/41l-ltq7-TS._SL500_.jpg\",\"width\":476,\"height\":500},{\"@type\":\"BreadcrumbList\",\"@id\":\"https:\\\/\\\/marktxxl.de\\\/markt\\\/produkt\\\/columbia-herren-phg-mesh-ball-cap-phg-mesh-ball-cap\\\/#breadcrumb\",\"itemListElement\":[{\"@type\":\"ListItem\",\"position\":1,\"name\":\"Startseite\",\"item\":\"https:\\\/\\\/marktxxl.de\\\/markt\\\/\"},{\"@type\":\"ListItem\",\"position\":2,\"name\":\"Markt\",\"item\":\"https:\\\/\\\/marktxxl.de\\\/markt\\\/\"},{\"@type\":\"ListItem\",\"position\":3,\"name\":\"Columbia Herren PHG Mesh Ball Cap PHG Mesh Ball Cap\"}]},{\"@type\":\"WebSite\",\"@id\":\"https:\\\/\\\/marktxxl.de\\\/markt\\\/#website\",\"url\":\"https:\\\/\\\/marktxxl.de\\\/markt\\\/\",\"name\":\"Markt-XXL\",\"description\":\"Ihr Markt Online\",\"publisher\":{\"@id\":\"https:\\\/\\\/marktxxl.de\\\/markt\\\/#organization\"},\"potentialAction\":[{\"@type\":\"SearchAction\",\"target\":{\"@type\":\"EntryPoint\",\"urlTemplate\":\"https:\\\/\\\/marktxxl.de\\\/markt\\\/?s={search_term_string}\"},\"query-input\":{\"@type\":\"PropertyValueSpecification\",\"valueRequired\":true,\"valueName\":\"search_term_string\"}}],\"inLanguage\":\"de\"},{\"@type\":\"Organization\",\"@id\":\"https:\\\/\\\/marktxxl.de\\\/markt\\\/#organization\",\"name\":\"Markt-XXL\",\"url\":\"https:\\\/\\\/marktxxl.de\\\/markt\\\/\",\"logo\":{\"@type\":\"ImageObject\",\"inLanguage\":\"de\",\"@id\":\"https:\\\/\\\/marktxxl.de\\\/markt\\\/#\\\/schema\\\/logo\\\/image\\\/\",\"url\":\"https:\\\/\\\/marktxxl.de\\\/markt\\\/wp-content\\\/uploads\\\/sites\\\/3\\\/2020\\\/12\\\/logo.png\",\"contentUrl\":\"https:\\\/\\\/marktxxl.de\\\/markt\\\/wp-content\\\/uploads\\\/sites\\\/3\\\/2020\\\/12\\\/logo.png\",\"width\":200,\"height\":70,\"caption\":\"Markt-XXL\"},\"image\":{\"@id\":\"https:\\\/\\\/marktxxl.de\\\/markt\\\/#\\\/schema\\\/logo\\\/image\\\/\"}}]}<\/script>\n<!-- \/ Yoast SEO plugin. -->","yoast_head_json":{"title":"Columbia Herren PHG Mesh Ball Cap PHG Mesh Ball Cap - Markt-XXL","description":"Markt-XXL Columbia Herren PHG Mesh Ball Cap PHG Mesh Ball Cap","robots":{"index":"index","follow":"follow","max-snippet":"max-snippet:-1","max-image-preview":"max-image-preview:large","max-video-preview":"max-video-preview:-1"},"canonical":"https:\/\/marktxxl.de\/markt\/produkt\/columbia-herren-phg-mesh-ball-cap-phg-mesh-ball-cap\/","og_locale":"de_DE","og_type":"article","og_title":"Columbia Herren PHG Mesh Ball Cap PHG Mesh Ball Cap - Markt-XXL","og_description":"Markt-XXL Columbia Herren PHG Mesh Ball Cap PHG Mesh Ball Cap","og_url":"https:\/\/marktxxl.de\/markt\/produkt\/columbia-herren-phg-mesh-ball-cap-phg-mesh-ball-cap\/","og_site_name":"Markt-XXL","article_modified_time":"2023-04-11T02:47:20+00:00","og_image":[{"width":476,"height":500,"url":"https:\/\/m.media-amazon.com\/images\/I\/41l-ltq7-TS._SL500_.jpg","type":"image\/jpeg"}],"twitter_card":"summary_large_image","twitter_misc":{"Gesch\u00e4tzte Lesezeit":"1\u00a0Minute"},"schema":{"@context":"https:\/\/schema.org","@graph":[{"@type":"WebPage","@id":"https:\/\/marktxxl.de\/markt\/produkt\/columbia-herren-phg-mesh-ball-cap-phg-mesh-ball-cap\/","url":"https:\/\/marktxxl.de\/markt\/produkt\/columbia-herren-phg-mesh-ball-cap-phg-mesh-ball-cap\/","name":"Columbia Herren PHG Mesh Ball Cap PHG Mesh Ball Cap - Markt-XXL","isPartOf":{"@id":"https:\/\/marktxxl.de\/markt\/#website"},"primaryImageOfPage":{"@id":"https:\/\/marktxxl.de\/markt\/produkt\/columbia-herren-phg-mesh-ball-cap-phg-mesh-ball-cap\/#primaryimage"},"image":{"@id":"https:\/\/marktxxl.de\/markt\/produkt\/columbia-herren-phg-mesh-ball-cap-phg-mesh-ball-cap\/#primaryimage"},"thumbnailUrl":"https:\/\/m.media-amazon.com\/images\/I\/41l-ltq7-TS._SL500_.jpg","datePublished":"2022-11-11T03:16:08+00:00","dateModified":"2023-04-11T02:47:20+00:00","description":"Markt-XXL Columbia Herren PHG Mesh Ball Cap PHG Mesh Ball Cap","breadcrumb":{"@id":"https:\/\/marktxxl.de\/markt\/produkt\/columbia-herren-phg-mesh-ball-cap-phg-mesh-ball-cap\/#breadcrumb"},"inLanguage":"de","potentialAction":[{"@type":"ReadAction","target":["https:\/\/marktxxl.de\/markt\/produkt\/columbia-herren-phg-mesh-ball-cap-phg-mesh-ball-cap\/"]}]},{"@type":"ImageObject","inLanguage":"de","@id":"https:\/\/marktxxl.de\/markt\/produkt\/columbia-herren-phg-mesh-ball-cap-phg-mesh-ball-cap\/#primaryimage","url":"https:\/\/m.media-amazon.com\/images\/I\/41l-ltq7-TS._SL500_.jpg","contentUrl":"https:\/\/m.media-amazon.com\/images\/I\/41l-ltq7-TS._SL500_.jpg","width":476,"height":500},{"@type":"BreadcrumbList","@id":"https:\/\/marktxxl.de\/markt\/produkt\/columbia-herren-phg-mesh-ball-cap-phg-mesh-ball-cap\/#breadcrumb","itemListElement":[{"@type":"ListItem","position":1,"name":"Startseite","item":"https:\/\/marktxxl.de\/markt\/"},{"@type":"ListItem","position":2,"name":"Markt","item":"https:\/\/marktxxl.de\/markt\/"},{"@type":"ListItem","position":3,"name":"Columbia Herren PHG Mesh Ball Cap PHG Mesh Ball Cap"}]},{"@type":"WebSite","@id":"https:\/\/marktxxl.de\/markt\/#website","url":"https:\/\/marktxxl.de\/markt\/","name":"Markt-XXL","description":"Ihr Markt Online","publisher":{"@id":"https:\/\/marktxxl.de\/markt\/#organization"},"potentialAction":[{"@type":"SearchAction","target":{"@type":"EntryPoint","urlTemplate":"https:\/\/marktxxl.de\/markt\/?s={search_term_string}"},"query-input":{"@type":"PropertyValueSpecification","valueRequired":true,"valueName":"search_term_string"}}],"inLanguage":"de"},{"@type":"Organization","@id":"https:\/\/marktxxl.de\/markt\/#organization","name":"Markt-XXL","url":"https:\/\/marktxxl.de\/markt\/","logo":{"@type":"ImageObject","inLanguage":"de","@id":"https:\/\/marktxxl.de\/markt\/#\/schema\/logo\/image\/","url":"https:\/\/marktxxl.de\/markt\/wp-content\/uploads\/sites\/3\/2020\/12\/logo.png","contentUrl":"https:\/\/marktxxl.de\/markt\/wp-content\/uploads\/sites\/3\/2020\/12\/logo.png","width":200,"height":70,"caption":"Markt-XXL"},"image":{"@id":"https:\/\/marktxxl.de\/markt\/#\/schema\/logo\/image\/"}}]}},"_links":{"self":[{"href":"https:\/\/marktxxl.de\/markt\/wp-json\/wp\/v2\/product\/163467","targetHints":{"allow":["GET"]}}],"collection":[{"href":"https:\/\/marktxxl.de\/markt\/wp-json\/wp\/v2\/product"}],"about":[{"href":"https:\/\/marktxxl.de\/markt\/wp-json\/wp\/v2\/types\/product"}],"replies":[{"embeddable":true,"href":"https:\/\/marktxxl.de\/markt\/wp-json\/wp\/v2\/comments?post=163467"}],"wp:featuredmedia":[{"embeddable":true,"href":"https:\/\/marktxxl.de\/markt\/wp-json\/wp\/v2\/media\/163468"}],"wp:attachment":[{"href":"https:\/\/marktxxl.de\/markt\/wp-json\/wp\/v2\/media?parent=163467"}],"wp:term":[{"taxonomy":"product_brand","embeddable":true,"href":"https:\/\/marktxxl.de\/markt\/wp-json\/wp\/v2\/product_brand?post=163467"},{"taxonomy":"product_cat","embeddable":true,"href":"https:\/\/marktxxl.de\/markt\/wp-json\/wp\/v2\/product_cat?post=163467"},{"taxonomy":"product_tag","embeddable":true,"href":"https:\/\/marktxxl.de\/markt\/wp-json\/wp\/v2\/product_tag?post=163467"}],"curies":[{"name":"wp","href":"https:\/\/api.w.org\/{rel}","templated":true}]}}