{"id":163366,"date":"2022-11-11T04:08:42","date_gmt":"2022-11-11T03:08:42","guid":{"rendered":"https:\/\/marktxxl.de\/markt\/produkt\/na-na-na-surprise-581307euc-sweetest-heart-serie-gisele-goodheart-pinke-weiche-plueschpuppe-mit-rosa-haaren-herzfoermigem-kleid-buerste-zum-sammeln-tolles-geschenk-fuer-kinder-ab-5-jahren\/"},"modified":"2023-04-11T04:47:18","modified_gmt":"2023-04-11T02:47:18","slug":"na-na-na-surprise-581307euc-sweetest-heart-serie-gisele-goodheart-pinke-weiche-plueschpuppe-mit-rosa-haaren-herzfoermigem-kleid-buerste-zum-sammeln-tolles-geschenk-fuer-kinder-ab-5-jahren","status":"publish","type":"product","link":"https:\/\/marktxxl.de\/markt\/produkt\/na-na-na-surprise-581307euc-sweetest-heart-serie-gisele-goodheart-pinke-weiche-plueschpuppe-mit-rosa-haaren-herzfoermigem-kleid-buerste-zum-sammeln-tolles-geschenk-fuer-kinder-ab-5-jahren\/","title":{"rendered":"Na Na Na Surprise Sweetest Heart Serie &#8211; GISELE GOODHEART &#8211; Pinke, weiche Pl\u00fcschpuppe mit rosa Haaren, herzf\u00f6rmigem\u2026"},"content":{"rendered":"<p>LERNE GISELE KENNEN &#8211; Feiere die Liebe mit den Na Na Na Surprise Sweetest Hearts Modepuppen. Lerne Gisele Goodheart mit ihrem wundersch\u00f6nen rosa Haar und langen lockeren Wellen kennen. Nutze ihre B\u00fcrste um ihre Haare immer und immer wieder zu stylen<br \/>\nAUF DIE DETAILS KOMMT ES AN &#8211; Gisele hat ein bedrucktes Gesicht und detailreiche Kleidung. Jede weiche bewegliche Puppe tr\u00e4gt eine flauschige B\u00e4rchen-M\u00fctze mit niedlichen Ohren, kniehohe Stiefel und ein mit Perlen besetztes Steppkleid mit R\u00fcschen<br \/>\nVIEL SPASS &#8211; Die Puppen der Sweetest Heart Serie sind 19 cm gro\u00dfe weiche Modepuppen mit B\u00e4rchen-M\u00fctze, Kleid in Herzform, T-Shirt, Schuhen, einer B\u00fcrste und einem Anh\u00e4nger mit Name, Geburtstag und Infos \u00fcber sie. Die M\u00fctze kann nicht abgenommen werden.<br \/>\nSAMMEL SIE ALLE &#8211; Sammle alle bezaubernden, weichen Modepuppen der Sweetest Heart Serie. Es gibt 6 Puppen zum Sammeln, darunter Valentina Moore, Gisele Goodheart, Eva Evermore, Lily Sarang, Cynthia Sweets und Maria Buttercup<br \/>\nDAS PERFEKTE GESCHENK &#8211; Zum Kuscheln und zum Aufstellen, ist die Na Na Na Surprise Sweetest Hearts Modepuppe mit B\u00fcrste und s\u00fc\u00dfen Spr\u00fcchen das perfekte Geschenk f\u00fcr Kinder ab 5 Jahren zum Geburtstag und anderen besonderen Anl\u00e4ssen.<br \/>\n<div class=\"main-cross-sell\" data-asin=\"B09BP29G22\">\n\n\t<div class=\"WooZone-cross-sell-loader\">\n\t\t<div>\n\t\t\t<div id=\"floatingBarsG\">\n\t\t\t\t<div class=\"blockG\" id=\"rotateG_01\"><\/div>\n\t\t\t\t<div class=\"blockG\" id=\"rotateG_02\"><\/div>\n\t\t\t\t<div class=\"blockG\" id=\"rotateG_03\"><\/div>\n\t\t\t\t<div class=\"blockG\" id=\"rotateG_04\"><\/div>\n\t\t\t\t<div class=\"blockG\" id=\"rotateG_05\"><\/div>\n\t\t\t\t<div class=\"blockG\" id=\"rotateG_06\"><\/div>\n\t\t\t\t<div class=\"blockG\" id=\"rotateG_07\"><\/div>\n\t\t\t\t<div class=\"blockG\" id=\"rotateG_08\"><\/div>\n\t\t\t<\/div>\n\t\t\t<div class=\"WooZone-cross-sell-loader-text\"><\/div>\n\t\t<\/div>\n\t<\/div>\n\n\t\t\n<\/div>\n<div style=\"clear:both;\"><\/div><\/p>\n","protected":false},"excerpt":{"rendered":"<p>LERNE GISELE KENNEN &#8211; Feiere die Liebe mit den Na Na Na Surprise Sweetest Hearts Modepuppen. Lerne Gisele Goodheart mit ihrem wundersch\u00f6nen rosa Haar und langen lockeren Wellen kennen. Nutze ihre B\u00fcrste um ihre Haare immer und immer wieder zu stylen<br \/>\nAUF DIE DETAILS KOMMT ES AN &#8211; Gisele hat ein bedrucktes Gesicht und detailreiche Kleidung. Jede weiche bewegliche Puppe tr\u00e4gt eine flauschige B\u00e4rchen-M\u00fctze mit niedlichen Ohren, kniehohe Stiefel und ein mit Perlen besetztes Steppkleid mit R\u00fcschen<br \/>\nVIEL SPASS &#8211; Die Puppen der Sweetest Heart Serie sind 19 cm gro\u00dfe weiche Modepuppen mit B\u00e4rchen-M\u00fctze, Kleid in Herzform, T-Shirt, Schuhen, einer B\u00fcrste und einem Anh\u00e4nger mit Name, Geburtstag und Infos \u00fcber sie. Die M\u00fctze kann nicht abgenommen werden.<\/p>\n","protected":false},"featured_media":163367,"comment_status":"open","ping_status":"closed","template":"","meta":[],"product_brand":[],"product_cat":[1983,11212],"product_tag":[],"class_list":{"0":"post-163366","1":"product","2":"type-product","3":"status-publish","4":"has-post-thumbnail","6":"product_cat-baumarkt","7":"product_cat-malerbedarf-werkzeuge-tapeten","8":"pa_binding-spielzeug","9":"pa_brand-na-na-na-surprise","10":"pa_height-10-zoll","11":"pa_length-6-5-zoll","12":"pa_manufacturer-mga-entertainment","13":"pa_model-581307c3","14":"pa_width-3-25-zoll","16":"first","17":"instock","18":"shipping-taxable","19":"purchasable","20":"product-type-simple","21":"customify-col","22":"product-has-gallery"},"yoast_head":"<!-- This site is optimized with the Yoast SEO plugin v27.4 - https:\/\/yoast.com\/product\/yoast-seo-wordpress\/ -->\n<title>Na Na Na Surprise Sweetest Heart Serie - GISELE GOODHEART - Pinke, weiche Pl\u00fcschpuppe mit rosa Haaren, herzf\u00f6rmigem\u2026 - Markt-XXL<\/title>\n<meta name=\"description\" content=\"Markt-XXL Na Na Na Surprise Sweetest Heart Serie - GISELE GOODHEART - Pinke, weiche Pl\u00fcschpuppe mit rosa Haaren, herzf\u00f6rmigem\u2026\" \/>\n<meta name=\"robots\" content=\"index, follow, max-snippet:-1, max-image-preview:large, max-video-preview:-1\" \/>\n<link rel=\"canonical\" href=\"https:\/\/marktxxl.de\/markt\/produkt\/na-na-na-surprise-581307euc-sweetest-heart-serie-gisele-goodheart-pinke-weiche-plueschpuppe-mit-rosa-haaren-herzfoermigem-kleid-buerste-zum-sammeln-tolles-geschenk-fuer-kinder-ab-5-jahren\/\" \/>\n<meta property=\"og:locale\" content=\"de_DE\" \/>\n<meta property=\"og:type\" content=\"article\" \/>\n<meta property=\"og:title\" content=\"Na Na Na Surprise Sweetest Heart Serie - GISELE GOODHEART - Pinke, weiche Pl\u00fcschpuppe mit rosa Haaren, herzf\u00f6rmigem\u2026 - Markt-XXL\" \/>\n<meta property=\"og:description\" content=\"Markt-XXL Na Na Na Surprise Sweetest Heart Serie - GISELE GOODHEART - Pinke, weiche Pl\u00fcschpuppe mit rosa Haaren, herzf\u00f6rmigem\u2026\" \/>\n<meta property=\"og:url\" content=\"https:\/\/marktxxl.de\/markt\/produkt\/na-na-na-surprise-581307euc-sweetest-heart-serie-gisele-goodheart-pinke-weiche-plueschpuppe-mit-rosa-haaren-herzfoermigem-kleid-buerste-zum-sammeln-tolles-geschenk-fuer-kinder-ab-5-jahren\/\" \/>\n<meta property=\"og:site_name\" content=\"Markt-XXL\" \/>\n<meta property=\"article:modified_time\" content=\"2023-04-11T02:47:18+00:00\" \/>\n<meta property=\"og:image\" content=\"https:\/\/m.media-amazon.com\/images\/I\/41KSAOOEaUL._SL500_.jpg\" \/>\n\t<meta property=\"og:image:width\" content=\"401\" \/>\n\t<meta property=\"og:image:height\" content=\"500\" \/>\n\t<meta property=\"og:image:type\" content=\"image\/jpeg\" \/>\n<meta name=\"twitter:card\" content=\"summary_large_image\" \/>\n<meta name=\"twitter:label1\" content=\"Gesch\u00e4tzte Lesezeit\" \/>\n\t<meta name=\"twitter:data1\" content=\"1\u00a0Minute\" \/>\n<script type=\"application\/ld+json\" class=\"yoast-schema-graph\">{\"@context\":\"https:\\\/\\\/schema.org\",\"@graph\":[{\"@type\":\"WebPage\",\"@id\":\"https:\\\/\\\/marktxxl.de\\\/markt\\\/produkt\\\/na-na-na-surprise-581307euc-sweetest-heart-serie-gisele-goodheart-pinke-weiche-plueschpuppe-mit-rosa-haaren-herzfoermigem-kleid-buerste-zum-sammeln-tolles-geschenk-fuer-kinder-ab-5-jahren\\\/\",\"url\":\"https:\\\/\\\/marktxxl.de\\\/markt\\\/produkt\\\/na-na-na-surprise-581307euc-sweetest-heart-serie-gisele-goodheart-pinke-weiche-plueschpuppe-mit-rosa-haaren-herzfoermigem-kleid-buerste-zum-sammeln-tolles-geschenk-fuer-kinder-ab-5-jahren\\\/\",\"name\":\"Na Na Na Surprise Sweetest Heart Serie - GISELE GOODHEART - Pinke, weiche Pl\u00fcschpuppe mit rosa Haaren, herzf\u00f6rmigem\u2026 - Markt-XXL\",\"isPartOf\":{\"@id\":\"https:\\\/\\\/marktxxl.de\\\/markt\\\/#website\"},\"primaryImageOfPage\":{\"@id\":\"https:\\\/\\\/marktxxl.de\\\/markt\\\/produkt\\\/na-na-na-surprise-581307euc-sweetest-heart-serie-gisele-goodheart-pinke-weiche-plueschpuppe-mit-rosa-haaren-herzfoermigem-kleid-buerste-zum-sammeln-tolles-geschenk-fuer-kinder-ab-5-jahren\\\/#primaryimage\"},\"image\":{\"@id\":\"https:\\\/\\\/marktxxl.de\\\/markt\\\/produkt\\\/na-na-na-surprise-581307euc-sweetest-heart-serie-gisele-goodheart-pinke-weiche-plueschpuppe-mit-rosa-haaren-herzfoermigem-kleid-buerste-zum-sammeln-tolles-geschenk-fuer-kinder-ab-5-jahren\\\/#primaryimage\"},\"thumbnailUrl\":\"https:\\\/\\\/m.media-amazon.com\\\/images\\\/I\\\/41KSAOOEaUL._SL500_.jpg\",\"datePublished\":\"2022-11-11T03:08:42+00:00\",\"dateModified\":\"2023-04-11T02:47:18+00:00\",\"description\":\"Markt-XXL Na Na Na Surprise Sweetest Heart Serie - GISELE GOODHEART - Pinke, weiche Pl\u00fcschpuppe mit rosa Haaren, herzf\u00f6rmigem\u2026\",\"breadcrumb\":{\"@id\":\"https:\\\/\\\/marktxxl.de\\\/markt\\\/produkt\\\/na-na-na-surprise-581307euc-sweetest-heart-serie-gisele-goodheart-pinke-weiche-plueschpuppe-mit-rosa-haaren-herzfoermigem-kleid-buerste-zum-sammeln-tolles-geschenk-fuer-kinder-ab-5-jahren\\\/#breadcrumb\"},\"inLanguage\":\"de\",\"potentialAction\":[{\"@type\":\"ReadAction\",\"target\":[\"https:\\\/\\\/marktxxl.de\\\/markt\\\/produkt\\\/na-na-na-surprise-581307euc-sweetest-heart-serie-gisele-goodheart-pinke-weiche-plueschpuppe-mit-rosa-haaren-herzfoermigem-kleid-buerste-zum-sammeln-tolles-geschenk-fuer-kinder-ab-5-jahren\\\/\"]}]},{\"@type\":\"ImageObject\",\"inLanguage\":\"de\",\"@id\":\"https:\\\/\\\/marktxxl.de\\\/markt\\\/produkt\\\/na-na-na-surprise-581307euc-sweetest-heart-serie-gisele-goodheart-pinke-weiche-plueschpuppe-mit-rosa-haaren-herzfoermigem-kleid-buerste-zum-sammeln-tolles-geschenk-fuer-kinder-ab-5-jahren\\\/#primaryimage\",\"url\":\"https:\\\/\\\/m.media-amazon.com\\\/images\\\/I\\\/41KSAOOEaUL._SL500_.jpg\",\"contentUrl\":\"https:\\\/\\\/m.media-amazon.com\\\/images\\\/I\\\/41KSAOOEaUL._SL500_.jpg\",\"width\":401,\"height\":500},{\"@type\":\"BreadcrumbList\",\"@id\":\"https:\\\/\\\/marktxxl.de\\\/markt\\\/produkt\\\/na-na-na-surprise-581307euc-sweetest-heart-serie-gisele-goodheart-pinke-weiche-plueschpuppe-mit-rosa-haaren-herzfoermigem-kleid-buerste-zum-sammeln-tolles-geschenk-fuer-kinder-ab-5-jahren\\\/#breadcrumb\",\"itemListElement\":[{\"@type\":\"ListItem\",\"position\":1,\"name\":\"Startseite\",\"item\":\"https:\\\/\\\/marktxxl.de\\\/markt\\\/\"},{\"@type\":\"ListItem\",\"position\":2,\"name\":\"Markt\",\"item\":\"https:\\\/\\\/marktxxl.de\\\/markt\\\/\"},{\"@type\":\"ListItem\",\"position\":3,\"name\":\"Na Na Na Surprise Sweetest Heart Serie &#8211; GISELE GOODHEART &#8211; Pinke, weiche Pl\u00fcschpuppe mit rosa Haaren, herzf\u00f6rmigem\u2026\"}]},{\"@type\":\"WebSite\",\"@id\":\"https:\\\/\\\/marktxxl.de\\\/markt\\\/#website\",\"url\":\"https:\\\/\\\/marktxxl.de\\\/markt\\\/\",\"name\":\"Markt-XXL\",\"description\":\"Ihr Markt Online\",\"publisher\":{\"@id\":\"https:\\\/\\\/marktxxl.de\\\/markt\\\/#organization\"},\"potentialAction\":[{\"@type\":\"SearchAction\",\"target\":{\"@type\":\"EntryPoint\",\"urlTemplate\":\"https:\\\/\\\/marktxxl.de\\\/markt\\\/?s={search_term_string}\"},\"query-input\":{\"@type\":\"PropertyValueSpecification\",\"valueRequired\":true,\"valueName\":\"search_term_string\"}}],\"inLanguage\":\"de\"},{\"@type\":\"Organization\",\"@id\":\"https:\\\/\\\/marktxxl.de\\\/markt\\\/#organization\",\"name\":\"Markt-XXL\",\"url\":\"https:\\\/\\\/marktxxl.de\\\/markt\\\/\",\"logo\":{\"@type\":\"ImageObject\",\"inLanguage\":\"de\",\"@id\":\"https:\\\/\\\/marktxxl.de\\\/markt\\\/#\\\/schema\\\/logo\\\/image\\\/\",\"url\":\"https:\\\/\\\/marktxxl.de\\\/markt\\\/wp-content\\\/uploads\\\/sites\\\/3\\\/2020\\\/12\\\/logo.png\",\"contentUrl\":\"https:\\\/\\\/marktxxl.de\\\/markt\\\/wp-content\\\/uploads\\\/sites\\\/3\\\/2020\\\/12\\\/logo.png\",\"width\":200,\"height\":70,\"caption\":\"Markt-XXL\"},\"image\":{\"@id\":\"https:\\\/\\\/marktxxl.de\\\/markt\\\/#\\\/schema\\\/logo\\\/image\\\/\"}}]}<\/script>\n<!-- \/ Yoast SEO plugin. -->","yoast_head_json":{"title":"Na Na Na Surprise Sweetest Heart Serie - GISELE GOODHEART - Pinke, weiche Pl\u00fcschpuppe mit rosa Haaren, herzf\u00f6rmigem\u2026 - Markt-XXL","description":"Markt-XXL Na Na Na Surprise Sweetest Heart Serie - GISELE GOODHEART - Pinke, weiche Pl\u00fcschpuppe mit rosa Haaren, herzf\u00f6rmigem\u2026","robots":{"index":"index","follow":"follow","max-snippet":"max-snippet:-1","max-image-preview":"max-image-preview:large","max-video-preview":"max-video-preview:-1"},"canonical":"https:\/\/marktxxl.de\/markt\/produkt\/na-na-na-surprise-581307euc-sweetest-heart-serie-gisele-goodheart-pinke-weiche-plueschpuppe-mit-rosa-haaren-herzfoermigem-kleid-buerste-zum-sammeln-tolles-geschenk-fuer-kinder-ab-5-jahren\/","og_locale":"de_DE","og_type":"article","og_title":"Na Na Na Surprise Sweetest Heart Serie - GISELE GOODHEART - Pinke, weiche Pl\u00fcschpuppe mit rosa Haaren, herzf\u00f6rmigem\u2026 - Markt-XXL","og_description":"Markt-XXL Na Na Na Surprise Sweetest Heart Serie - GISELE GOODHEART - Pinke, weiche Pl\u00fcschpuppe mit rosa Haaren, herzf\u00f6rmigem\u2026","og_url":"https:\/\/marktxxl.de\/markt\/produkt\/na-na-na-surprise-581307euc-sweetest-heart-serie-gisele-goodheart-pinke-weiche-plueschpuppe-mit-rosa-haaren-herzfoermigem-kleid-buerste-zum-sammeln-tolles-geschenk-fuer-kinder-ab-5-jahren\/","og_site_name":"Markt-XXL","article_modified_time":"2023-04-11T02:47:18+00:00","og_image":[{"width":401,"height":500,"url":"https:\/\/m.media-amazon.com\/images\/I\/41KSAOOEaUL._SL500_.jpg","type":"image\/jpeg"}],"twitter_card":"summary_large_image","twitter_misc":{"Gesch\u00e4tzte Lesezeit":"1\u00a0Minute"},"schema":{"@context":"https:\/\/schema.org","@graph":[{"@type":"WebPage","@id":"https:\/\/marktxxl.de\/markt\/produkt\/na-na-na-surprise-581307euc-sweetest-heart-serie-gisele-goodheart-pinke-weiche-plueschpuppe-mit-rosa-haaren-herzfoermigem-kleid-buerste-zum-sammeln-tolles-geschenk-fuer-kinder-ab-5-jahren\/","url":"https:\/\/marktxxl.de\/markt\/produkt\/na-na-na-surprise-581307euc-sweetest-heart-serie-gisele-goodheart-pinke-weiche-plueschpuppe-mit-rosa-haaren-herzfoermigem-kleid-buerste-zum-sammeln-tolles-geschenk-fuer-kinder-ab-5-jahren\/","name":"Na Na Na Surprise Sweetest Heart Serie - GISELE GOODHEART - Pinke, weiche Pl\u00fcschpuppe mit rosa Haaren, herzf\u00f6rmigem\u2026 - Markt-XXL","isPartOf":{"@id":"https:\/\/marktxxl.de\/markt\/#website"},"primaryImageOfPage":{"@id":"https:\/\/marktxxl.de\/markt\/produkt\/na-na-na-surprise-581307euc-sweetest-heart-serie-gisele-goodheart-pinke-weiche-plueschpuppe-mit-rosa-haaren-herzfoermigem-kleid-buerste-zum-sammeln-tolles-geschenk-fuer-kinder-ab-5-jahren\/#primaryimage"},"image":{"@id":"https:\/\/marktxxl.de\/markt\/produkt\/na-na-na-surprise-581307euc-sweetest-heart-serie-gisele-goodheart-pinke-weiche-plueschpuppe-mit-rosa-haaren-herzfoermigem-kleid-buerste-zum-sammeln-tolles-geschenk-fuer-kinder-ab-5-jahren\/#primaryimage"},"thumbnailUrl":"https:\/\/m.media-amazon.com\/images\/I\/41KSAOOEaUL._SL500_.jpg","datePublished":"2022-11-11T03:08:42+00:00","dateModified":"2023-04-11T02:47:18+00:00","description":"Markt-XXL Na Na Na Surprise Sweetest Heart Serie - GISELE GOODHEART - Pinke, weiche Pl\u00fcschpuppe mit rosa Haaren, herzf\u00f6rmigem\u2026","breadcrumb":{"@id":"https:\/\/marktxxl.de\/markt\/produkt\/na-na-na-surprise-581307euc-sweetest-heart-serie-gisele-goodheart-pinke-weiche-plueschpuppe-mit-rosa-haaren-herzfoermigem-kleid-buerste-zum-sammeln-tolles-geschenk-fuer-kinder-ab-5-jahren\/#breadcrumb"},"inLanguage":"de","potentialAction":[{"@type":"ReadAction","target":["https:\/\/marktxxl.de\/markt\/produkt\/na-na-na-surprise-581307euc-sweetest-heart-serie-gisele-goodheart-pinke-weiche-plueschpuppe-mit-rosa-haaren-herzfoermigem-kleid-buerste-zum-sammeln-tolles-geschenk-fuer-kinder-ab-5-jahren\/"]}]},{"@type":"ImageObject","inLanguage":"de","@id":"https:\/\/marktxxl.de\/markt\/produkt\/na-na-na-surprise-581307euc-sweetest-heart-serie-gisele-goodheart-pinke-weiche-plueschpuppe-mit-rosa-haaren-herzfoermigem-kleid-buerste-zum-sammeln-tolles-geschenk-fuer-kinder-ab-5-jahren\/#primaryimage","url":"https:\/\/m.media-amazon.com\/images\/I\/41KSAOOEaUL._SL500_.jpg","contentUrl":"https:\/\/m.media-amazon.com\/images\/I\/41KSAOOEaUL._SL500_.jpg","width":401,"height":500},{"@type":"BreadcrumbList","@id":"https:\/\/marktxxl.de\/markt\/produkt\/na-na-na-surprise-581307euc-sweetest-heart-serie-gisele-goodheart-pinke-weiche-plueschpuppe-mit-rosa-haaren-herzfoermigem-kleid-buerste-zum-sammeln-tolles-geschenk-fuer-kinder-ab-5-jahren\/#breadcrumb","itemListElement":[{"@type":"ListItem","position":1,"name":"Startseite","item":"https:\/\/marktxxl.de\/markt\/"},{"@type":"ListItem","position":2,"name":"Markt","item":"https:\/\/marktxxl.de\/markt\/"},{"@type":"ListItem","position":3,"name":"Na Na Na Surprise Sweetest Heart Serie &#8211; GISELE GOODHEART &#8211; Pinke, weiche Pl\u00fcschpuppe mit rosa Haaren, herzf\u00f6rmigem\u2026"}]},{"@type":"WebSite","@id":"https:\/\/marktxxl.de\/markt\/#website","url":"https:\/\/marktxxl.de\/markt\/","name":"Markt-XXL","description":"Ihr Markt Online","publisher":{"@id":"https:\/\/marktxxl.de\/markt\/#organization"},"potentialAction":[{"@type":"SearchAction","target":{"@type":"EntryPoint","urlTemplate":"https:\/\/marktxxl.de\/markt\/?s={search_term_string}"},"query-input":{"@type":"PropertyValueSpecification","valueRequired":true,"valueName":"search_term_string"}}],"inLanguage":"de"},{"@type":"Organization","@id":"https:\/\/marktxxl.de\/markt\/#organization","name":"Markt-XXL","url":"https:\/\/marktxxl.de\/markt\/","logo":{"@type":"ImageObject","inLanguage":"de","@id":"https:\/\/marktxxl.de\/markt\/#\/schema\/logo\/image\/","url":"https:\/\/marktxxl.de\/markt\/wp-content\/uploads\/sites\/3\/2020\/12\/logo.png","contentUrl":"https:\/\/marktxxl.de\/markt\/wp-content\/uploads\/sites\/3\/2020\/12\/logo.png","width":200,"height":70,"caption":"Markt-XXL"},"image":{"@id":"https:\/\/marktxxl.de\/markt\/#\/schema\/logo\/image\/"}}]}},"_links":{"self":[{"href":"https:\/\/marktxxl.de\/markt\/wp-json\/wp\/v2\/product\/163366","targetHints":{"allow":["GET"]}}],"collection":[{"href":"https:\/\/marktxxl.de\/markt\/wp-json\/wp\/v2\/product"}],"about":[{"href":"https:\/\/marktxxl.de\/markt\/wp-json\/wp\/v2\/types\/product"}],"replies":[{"embeddable":true,"href":"https:\/\/marktxxl.de\/markt\/wp-json\/wp\/v2\/comments?post=163366"}],"wp:featuredmedia":[{"embeddable":true,"href":"https:\/\/marktxxl.de\/markt\/wp-json\/wp\/v2\/media\/163367"}],"wp:attachment":[{"href":"https:\/\/marktxxl.de\/markt\/wp-json\/wp\/v2\/media?parent=163366"}],"wp:term":[{"taxonomy":"product_brand","embeddable":true,"href":"https:\/\/marktxxl.de\/markt\/wp-json\/wp\/v2\/product_brand?post=163366"},{"taxonomy":"product_cat","embeddable":true,"href":"https:\/\/marktxxl.de\/markt\/wp-json\/wp\/v2\/product_cat?post=163366"},{"taxonomy":"product_tag","embeddable":true,"href":"https:\/\/marktxxl.de\/markt\/wp-json\/wp\/v2\/product_tag?post=163366"}],"curies":[{"name":"wp","href":"https:\/\/api.w.org\/{rel}","templated":true}]}}