{"id":163256,"date":"2022-11-11T03:44:00","date_gmt":"2022-11-11T02:44:00","guid":{"rendered":"https:\/\/marktxxl.de\/markt\/produkt\/youngever-1240-stueck-4cm-aufkleber-mit-aufschrift-thank-you-dankesaufkleber-rolle-boutique-zubehoer-fuer-geschaefts-verpackung-versandsiegel-aufkleber-620-aufkleber-pro-rolle\/"},"modified":"2023-04-11T04:47:15","modified_gmt":"2023-04-11T02:47:15","slug":"youngever-1240-stueck-4cm-aufkleber-mit-aufschrift-thank-you-dankesaufkleber-rolle-boutique-zubehoer-fuer-geschaefts-verpackung-versandsiegel-aufkleber-620-aufkleber-pro-rolle","status":"publish","type":"product","link":"https:\/\/marktxxl.de\/markt\/produkt\/youngever-1240-stueck-4cm-aufkleber-mit-aufschrift-thank-you-dankesaufkleber-rolle-boutique-zubehoer-fuer-geschaefts-verpackung-versandsiegel-aufkleber-620-aufkleber-pro-rolle\/","title":{"rendered":"Youngever 1240 St\u00fcck 4CM Aufkleber mit Aufschrift &#8220;Thank You&#8221;, Dankesaufkleber, Rolle Boutique-Zubeh\u00f6r f\u00fcr Gesch\u00e4fts-Verpackung, Versandsiegel-Aufkleber (620 Aufkleber pro Rolle)"},"content":{"rendered":"<p>Dankesaufkleber, 2 Rollen Dankeskarten-Aufkleber. 620 Aufkleber pro Rolle. Insgesamt 1240 Dankesaufkleber in 12 einzigartigen Designs.<br \/>\nF\u00fcgen Sie eine pers\u00f6nliche Note hinzu \u2013 Ihre perfekten Dankesaufkleber, um Ihren Artikeln eine pers\u00f6nliche Note zu verleihen und Kunden wieder bei Ihnen zu kaufen. Mit 12 einzigartigen Designs k\u00f6nnen Sie ein einzigartiges Dankesch\u00f6n f\u00fcr jeden einzelnen Ihrer Kunden personalisieren.<br \/>\nVielseitig einsetzbar \u2013 perfekt als Produktetiketten, Business-Aufkleber f\u00fcr handgefertigte Waren, B\u00e4ckerei-Aufkleber, Hochzeitsaufkleber oder Umschlag-Versiegelungen.<br \/>\nDurchmesser: 3,8 cm.<br \/>\nDesign in den USA.<br \/>\n<div class=\"main-cross-sell\" data-asin=\"B08F9BZZB2\">\n\n\t<div class=\"WooZone-cross-sell-loader\">\n\t\t<div>\n\t\t\t<div id=\"floatingBarsG\">\n\t\t\t\t<div class=\"blockG\" id=\"rotateG_01\"><\/div>\n\t\t\t\t<div class=\"blockG\" id=\"rotateG_02\"><\/div>\n\t\t\t\t<div class=\"blockG\" id=\"rotateG_03\"><\/div>\n\t\t\t\t<div class=\"blockG\" id=\"rotateG_04\"><\/div>\n\t\t\t\t<div class=\"blockG\" id=\"rotateG_05\"><\/div>\n\t\t\t\t<div class=\"blockG\" id=\"rotateG_06\"><\/div>\n\t\t\t\t<div class=\"blockG\" id=\"rotateG_07\"><\/div>\n\t\t\t\t<div class=\"blockG\" id=\"rotateG_08\"><\/div>\n\t\t\t<\/div>\n\t\t\t<div class=\"WooZone-cross-sell-loader-text\"><\/div>\n\t\t<\/div>\n\t<\/div>\n\n\t\t\n<\/div>\n<div style=\"clear:both;\"><\/div><\/p>\n","protected":false},"excerpt":{"rendered":"<p>Dankesaufkleber, 2 Rollen Dankeskarten-Aufkleber. 620 Aufkleber pro Rolle. Insgesamt 1240 Dankesaufkleber in 12 einzigartigen Designs.<br \/>\nF\u00fcgen Sie eine pers\u00f6nliche Note hinzu \u2013 Ihre perfekten Dankesaufkleber, um Ihren Artikeln eine pers\u00f6nliche Note zu verleihen und Kunden wieder bei Ihnen zu kaufen. Mit 12 einzigartigen Designs k\u00f6nnen Sie ein einzigartiges Dankesch\u00f6n f\u00fcr jeden einzelnen Ihrer Kunden personalisieren.<br \/>\nVielseitig einsetzbar \u2013 perfekt als Produktetiketten, Business-Aufkleber f\u00fcr handgefertigte Waren, B\u00e4ckerei-Aufkleber, Hochzeitsaufkleber oder Umschlag-Versiegelungen.<\/p>\n","protected":false},"featured_media":163257,"comment_status":"open","ping_status":"closed","template":"","meta":[],"product_brand":[],"product_cat":[21,8929],"product_tag":[],"class_list":{"0":"post-163256","1":"product","2":"type-product","3":"status-publish","4":"has-post-thumbnail","6":"product_cat-baby","7":"product_cat-babygeschenke-baby","8":"pa_brand-youngever","9":"pa_manufacturer-youngever-llc","11":"first","12":"instock","13":"shipping-taxable","14":"purchasable","15":"product-type-simple","16":"customify-col","17":"product-has-gallery"},"yoast_head":"<!-- This site is optimized with the Yoast SEO plugin v27.4 - https:\/\/yoast.com\/product\/yoast-seo-wordpress\/ -->\n<title>Youngever 1240 St\u00fcck 4CM Aufkleber mit Aufschrift &quot;Thank You&quot;, Dankesaufkleber, Rolle Boutique-Zubeh\u00f6r f\u00fcr Gesch\u00e4fts-Verpackung, Versandsiegel-Aufkleber (620 Aufkleber pro Rolle) - Markt-XXL<\/title>\n<meta name=\"description\" content=\"Markt-XXL Youngever 1240 St\u00fcck 4CM Aufkleber mit Aufschrift &quot;Thank You&quot;, Dankesaufkleber, Rolle Boutique-Zubeh\u00f6r f\u00fcr Gesch\u00e4fts-Verpackung, Versandsiegel-Aufkleber (620 Aufkleber pro Rolle)\" \/>\n<meta name=\"robots\" content=\"index, follow, max-snippet:-1, max-image-preview:large, max-video-preview:-1\" \/>\n<link rel=\"canonical\" href=\"https:\/\/marktxxl.de\/markt\/produkt\/youngever-1240-stueck-4cm-aufkleber-mit-aufschrift-thank-you-dankesaufkleber-rolle-boutique-zubehoer-fuer-geschaefts-verpackung-versandsiegel-aufkleber-620-aufkleber-pro-rolle\/\" \/>\n<meta property=\"og:locale\" content=\"de_DE\" \/>\n<meta property=\"og:type\" content=\"article\" \/>\n<meta property=\"og:title\" content=\"Youngever 1240 St\u00fcck 4CM Aufkleber mit Aufschrift &quot;Thank You&quot;, Dankesaufkleber, Rolle Boutique-Zubeh\u00f6r f\u00fcr Gesch\u00e4fts-Verpackung, Versandsiegel-Aufkleber (620 Aufkleber pro Rolle) - Markt-XXL\" \/>\n<meta property=\"og:description\" content=\"Markt-XXL Youngever 1240 St\u00fcck 4CM Aufkleber mit Aufschrift &quot;Thank You&quot;, Dankesaufkleber, Rolle Boutique-Zubeh\u00f6r f\u00fcr Gesch\u00e4fts-Verpackung, Versandsiegel-Aufkleber (620 Aufkleber pro Rolle)\" \/>\n<meta property=\"og:url\" content=\"https:\/\/marktxxl.de\/markt\/produkt\/youngever-1240-stueck-4cm-aufkleber-mit-aufschrift-thank-you-dankesaufkleber-rolle-boutique-zubehoer-fuer-geschaefts-verpackung-versandsiegel-aufkleber-620-aufkleber-pro-rolle\/\" \/>\n<meta property=\"og:site_name\" content=\"Markt-XXL\" \/>\n<meta property=\"article:modified_time\" content=\"2023-04-11T02:47:15+00:00\" \/>\n<meta property=\"og:image\" content=\"https:\/\/m.media-amazon.com\/images\/I\/51XXsje1K0L._SL500_.jpg\" \/>\n\t<meta property=\"og:image:width\" content=\"500\" \/>\n\t<meta property=\"og:image:height\" content=\"500\" \/>\n\t<meta property=\"og:image:type\" content=\"image\/jpeg\" \/>\n<meta name=\"twitter:card\" content=\"summary_large_image\" \/>\n<script type=\"application\/ld+json\" class=\"yoast-schema-graph\">{\"@context\":\"https:\\\/\\\/schema.org\",\"@graph\":[{\"@type\":\"WebPage\",\"@id\":\"https:\\\/\\\/marktxxl.de\\\/markt\\\/produkt\\\/youngever-1240-stueck-4cm-aufkleber-mit-aufschrift-thank-you-dankesaufkleber-rolle-boutique-zubehoer-fuer-geschaefts-verpackung-versandsiegel-aufkleber-620-aufkleber-pro-rolle\\\/\",\"url\":\"https:\\\/\\\/marktxxl.de\\\/markt\\\/produkt\\\/youngever-1240-stueck-4cm-aufkleber-mit-aufschrift-thank-you-dankesaufkleber-rolle-boutique-zubehoer-fuer-geschaefts-verpackung-versandsiegel-aufkleber-620-aufkleber-pro-rolle\\\/\",\"name\":\"Youngever 1240 St\u00fcck 4CM Aufkleber mit Aufschrift \\\"Thank You\\\", Dankesaufkleber, Rolle Boutique-Zubeh\u00f6r f\u00fcr Gesch\u00e4fts-Verpackung, Versandsiegel-Aufkleber (620 Aufkleber pro Rolle) - Markt-XXL\",\"isPartOf\":{\"@id\":\"https:\\\/\\\/marktxxl.de\\\/markt\\\/#website\"},\"primaryImageOfPage\":{\"@id\":\"https:\\\/\\\/marktxxl.de\\\/markt\\\/produkt\\\/youngever-1240-stueck-4cm-aufkleber-mit-aufschrift-thank-you-dankesaufkleber-rolle-boutique-zubehoer-fuer-geschaefts-verpackung-versandsiegel-aufkleber-620-aufkleber-pro-rolle\\\/#primaryimage\"},\"image\":{\"@id\":\"https:\\\/\\\/marktxxl.de\\\/markt\\\/produkt\\\/youngever-1240-stueck-4cm-aufkleber-mit-aufschrift-thank-you-dankesaufkleber-rolle-boutique-zubehoer-fuer-geschaefts-verpackung-versandsiegel-aufkleber-620-aufkleber-pro-rolle\\\/#primaryimage\"},\"thumbnailUrl\":\"https:\\\/\\\/m.media-amazon.com\\\/images\\\/I\\\/51XXsje1K0L._SL500_.jpg\",\"datePublished\":\"2022-11-11T02:44:00+00:00\",\"dateModified\":\"2023-04-11T02:47:15+00:00\",\"description\":\"Markt-XXL Youngever 1240 St\u00fcck 4CM Aufkleber mit Aufschrift \\\"Thank You\\\", Dankesaufkleber, Rolle Boutique-Zubeh\u00f6r f\u00fcr Gesch\u00e4fts-Verpackung, Versandsiegel-Aufkleber (620 Aufkleber pro Rolle)\",\"breadcrumb\":{\"@id\":\"https:\\\/\\\/marktxxl.de\\\/markt\\\/produkt\\\/youngever-1240-stueck-4cm-aufkleber-mit-aufschrift-thank-you-dankesaufkleber-rolle-boutique-zubehoer-fuer-geschaefts-verpackung-versandsiegel-aufkleber-620-aufkleber-pro-rolle\\\/#breadcrumb\"},\"inLanguage\":\"de\",\"potentialAction\":[{\"@type\":\"ReadAction\",\"target\":[\"https:\\\/\\\/marktxxl.de\\\/markt\\\/produkt\\\/youngever-1240-stueck-4cm-aufkleber-mit-aufschrift-thank-you-dankesaufkleber-rolle-boutique-zubehoer-fuer-geschaefts-verpackung-versandsiegel-aufkleber-620-aufkleber-pro-rolle\\\/\"]}]},{\"@type\":\"ImageObject\",\"inLanguage\":\"de\",\"@id\":\"https:\\\/\\\/marktxxl.de\\\/markt\\\/produkt\\\/youngever-1240-stueck-4cm-aufkleber-mit-aufschrift-thank-you-dankesaufkleber-rolle-boutique-zubehoer-fuer-geschaefts-verpackung-versandsiegel-aufkleber-620-aufkleber-pro-rolle\\\/#primaryimage\",\"url\":\"https:\\\/\\\/m.media-amazon.com\\\/images\\\/I\\\/51XXsje1K0L._SL500_.jpg\",\"contentUrl\":\"https:\\\/\\\/m.media-amazon.com\\\/images\\\/I\\\/51XXsje1K0L._SL500_.jpg\",\"width\":500,\"height\":500},{\"@type\":\"BreadcrumbList\",\"@id\":\"https:\\\/\\\/marktxxl.de\\\/markt\\\/produkt\\\/youngever-1240-stueck-4cm-aufkleber-mit-aufschrift-thank-you-dankesaufkleber-rolle-boutique-zubehoer-fuer-geschaefts-verpackung-versandsiegel-aufkleber-620-aufkleber-pro-rolle\\\/#breadcrumb\",\"itemListElement\":[{\"@type\":\"ListItem\",\"position\":1,\"name\":\"Startseite\",\"item\":\"https:\\\/\\\/marktxxl.de\\\/markt\\\/\"},{\"@type\":\"ListItem\",\"position\":2,\"name\":\"Markt\",\"item\":\"https:\\\/\\\/marktxxl.de\\\/markt\\\/\"},{\"@type\":\"ListItem\",\"position\":3,\"name\":\"Youngever 1240 St\u00fcck 4CM Aufkleber mit Aufschrift &#8220;Thank You&#8221;, Dankesaufkleber, Rolle Boutique-Zubeh\u00f6r f\u00fcr Gesch\u00e4fts-Verpackung, Versandsiegel-Aufkleber (620 Aufkleber pro Rolle)\"}]},{\"@type\":\"WebSite\",\"@id\":\"https:\\\/\\\/marktxxl.de\\\/markt\\\/#website\",\"url\":\"https:\\\/\\\/marktxxl.de\\\/markt\\\/\",\"name\":\"Markt-XXL\",\"description\":\"Ihr Markt Online\",\"publisher\":{\"@id\":\"https:\\\/\\\/marktxxl.de\\\/markt\\\/#organization\"},\"potentialAction\":[{\"@type\":\"SearchAction\",\"target\":{\"@type\":\"EntryPoint\",\"urlTemplate\":\"https:\\\/\\\/marktxxl.de\\\/markt\\\/?s={search_term_string}\"},\"query-input\":{\"@type\":\"PropertyValueSpecification\",\"valueRequired\":true,\"valueName\":\"search_term_string\"}}],\"inLanguage\":\"de\"},{\"@type\":\"Organization\",\"@id\":\"https:\\\/\\\/marktxxl.de\\\/markt\\\/#organization\",\"name\":\"Markt-XXL\",\"url\":\"https:\\\/\\\/marktxxl.de\\\/markt\\\/\",\"logo\":{\"@type\":\"ImageObject\",\"inLanguage\":\"de\",\"@id\":\"https:\\\/\\\/marktxxl.de\\\/markt\\\/#\\\/schema\\\/logo\\\/image\\\/\",\"url\":\"https:\\\/\\\/marktxxl.de\\\/markt\\\/wp-content\\\/uploads\\\/sites\\\/3\\\/2020\\\/12\\\/logo.png\",\"contentUrl\":\"https:\\\/\\\/marktxxl.de\\\/markt\\\/wp-content\\\/uploads\\\/sites\\\/3\\\/2020\\\/12\\\/logo.png\",\"width\":200,\"height\":70,\"caption\":\"Markt-XXL\"},\"image\":{\"@id\":\"https:\\\/\\\/marktxxl.de\\\/markt\\\/#\\\/schema\\\/logo\\\/image\\\/\"}}]}<\/script>\n<!-- \/ Yoast SEO plugin. -->","yoast_head_json":{"title":"Youngever 1240 St\u00fcck 4CM Aufkleber mit Aufschrift \"Thank You\", Dankesaufkleber, Rolle Boutique-Zubeh\u00f6r f\u00fcr Gesch\u00e4fts-Verpackung, Versandsiegel-Aufkleber (620 Aufkleber pro Rolle) - Markt-XXL","description":"Markt-XXL Youngever 1240 St\u00fcck 4CM Aufkleber mit Aufschrift \"Thank You\", Dankesaufkleber, Rolle Boutique-Zubeh\u00f6r f\u00fcr Gesch\u00e4fts-Verpackung, Versandsiegel-Aufkleber (620 Aufkleber pro Rolle)","robots":{"index":"index","follow":"follow","max-snippet":"max-snippet:-1","max-image-preview":"max-image-preview:large","max-video-preview":"max-video-preview:-1"},"canonical":"https:\/\/marktxxl.de\/markt\/produkt\/youngever-1240-stueck-4cm-aufkleber-mit-aufschrift-thank-you-dankesaufkleber-rolle-boutique-zubehoer-fuer-geschaefts-verpackung-versandsiegel-aufkleber-620-aufkleber-pro-rolle\/","og_locale":"de_DE","og_type":"article","og_title":"Youngever 1240 St\u00fcck 4CM Aufkleber mit Aufschrift \"Thank You\", Dankesaufkleber, Rolle Boutique-Zubeh\u00f6r f\u00fcr Gesch\u00e4fts-Verpackung, Versandsiegel-Aufkleber (620 Aufkleber pro Rolle) - Markt-XXL","og_description":"Markt-XXL Youngever 1240 St\u00fcck 4CM Aufkleber mit Aufschrift \"Thank You\", Dankesaufkleber, Rolle Boutique-Zubeh\u00f6r f\u00fcr Gesch\u00e4fts-Verpackung, Versandsiegel-Aufkleber (620 Aufkleber pro Rolle)","og_url":"https:\/\/marktxxl.de\/markt\/produkt\/youngever-1240-stueck-4cm-aufkleber-mit-aufschrift-thank-you-dankesaufkleber-rolle-boutique-zubehoer-fuer-geschaefts-verpackung-versandsiegel-aufkleber-620-aufkleber-pro-rolle\/","og_site_name":"Markt-XXL","article_modified_time":"2023-04-11T02:47:15+00:00","og_image":[{"width":500,"height":500,"url":"https:\/\/m.media-amazon.com\/images\/I\/51XXsje1K0L._SL500_.jpg","type":"image\/jpeg"}],"twitter_card":"summary_large_image","schema":{"@context":"https:\/\/schema.org","@graph":[{"@type":"WebPage","@id":"https:\/\/marktxxl.de\/markt\/produkt\/youngever-1240-stueck-4cm-aufkleber-mit-aufschrift-thank-you-dankesaufkleber-rolle-boutique-zubehoer-fuer-geschaefts-verpackung-versandsiegel-aufkleber-620-aufkleber-pro-rolle\/","url":"https:\/\/marktxxl.de\/markt\/produkt\/youngever-1240-stueck-4cm-aufkleber-mit-aufschrift-thank-you-dankesaufkleber-rolle-boutique-zubehoer-fuer-geschaefts-verpackung-versandsiegel-aufkleber-620-aufkleber-pro-rolle\/","name":"Youngever 1240 St\u00fcck 4CM Aufkleber mit Aufschrift \"Thank You\", Dankesaufkleber, Rolle Boutique-Zubeh\u00f6r f\u00fcr Gesch\u00e4fts-Verpackung, Versandsiegel-Aufkleber (620 Aufkleber pro Rolle) - Markt-XXL","isPartOf":{"@id":"https:\/\/marktxxl.de\/markt\/#website"},"primaryImageOfPage":{"@id":"https:\/\/marktxxl.de\/markt\/produkt\/youngever-1240-stueck-4cm-aufkleber-mit-aufschrift-thank-you-dankesaufkleber-rolle-boutique-zubehoer-fuer-geschaefts-verpackung-versandsiegel-aufkleber-620-aufkleber-pro-rolle\/#primaryimage"},"image":{"@id":"https:\/\/marktxxl.de\/markt\/produkt\/youngever-1240-stueck-4cm-aufkleber-mit-aufschrift-thank-you-dankesaufkleber-rolle-boutique-zubehoer-fuer-geschaefts-verpackung-versandsiegel-aufkleber-620-aufkleber-pro-rolle\/#primaryimage"},"thumbnailUrl":"https:\/\/m.media-amazon.com\/images\/I\/51XXsje1K0L._SL500_.jpg","datePublished":"2022-11-11T02:44:00+00:00","dateModified":"2023-04-11T02:47:15+00:00","description":"Markt-XXL Youngever 1240 St\u00fcck 4CM Aufkleber mit Aufschrift \"Thank You\", Dankesaufkleber, Rolle Boutique-Zubeh\u00f6r f\u00fcr Gesch\u00e4fts-Verpackung, Versandsiegel-Aufkleber (620 Aufkleber pro Rolle)","breadcrumb":{"@id":"https:\/\/marktxxl.de\/markt\/produkt\/youngever-1240-stueck-4cm-aufkleber-mit-aufschrift-thank-you-dankesaufkleber-rolle-boutique-zubehoer-fuer-geschaefts-verpackung-versandsiegel-aufkleber-620-aufkleber-pro-rolle\/#breadcrumb"},"inLanguage":"de","potentialAction":[{"@type":"ReadAction","target":["https:\/\/marktxxl.de\/markt\/produkt\/youngever-1240-stueck-4cm-aufkleber-mit-aufschrift-thank-you-dankesaufkleber-rolle-boutique-zubehoer-fuer-geschaefts-verpackung-versandsiegel-aufkleber-620-aufkleber-pro-rolle\/"]}]},{"@type":"ImageObject","inLanguage":"de","@id":"https:\/\/marktxxl.de\/markt\/produkt\/youngever-1240-stueck-4cm-aufkleber-mit-aufschrift-thank-you-dankesaufkleber-rolle-boutique-zubehoer-fuer-geschaefts-verpackung-versandsiegel-aufkleber-620-aufkleber-pro-rolle\/#primaryimage","url":"https:\/\/m.media-amazon.com\/images\/I\/51XXsje1K0L._SL500_.jpg","contentUrl":"https:\/\/m.media-amazon.com\/images\/I\/51XXsje1K0L._SL500_.jpg","width":500,"height":500},{"@type":"BreadcrumbList","@id":"https:\/\/marktxxl.de\/markt\/produkt\/youngever-1240-stueck-4cm-aufkleber-mit-aufschrift-thank-you-dankesaufkleber-rolle-boutique-zubehoer-fuer-geschaefts-verpackung-versandsiegel-aufkleber-620-aufkleber-pro-rolle\/#breadcrumb","itemListElement":[{"@type":"ListItem","position":1,"name":"Startseite","item":"https:\/\/marktxxl.de\/markt\/"},{"@type":"ListItem","position":2,"name":"Markt","item":"https:\/\/marktxxl.de\/markt\/"},{"@type":"ListItem","position":3,"name":"Youngever 1240 St\u00fcck 4CM Aufkleber mit Aufschrift &#8220;Thank You&#8221;, Dankesaufkleber, Rolle Boutique-Zubeh\u00f6r f\u00fcr Gesch\u00e4fts-Verpackung, Versandsiegel-Aufkleber (620 Aufkleber pro Rolle)"}]},{"@type":"WebSite","@id":"https:\/\/marktxxl.de\/markt\/#website","url":"https:\/\/marktxxl.de\/markt\/","name":"Markt-XXL","description":"Ihr Markt Online","publisher":{"@id":"https:\/\/marktxxl.de\/markt\/#organization"},"potentialAction":[{"@type":"SearchAction","target":{"@type":"EntryPoint","urlTemplate":"https:\/\/marktxxl.de\/markt\/?s={search_term_string}"},"query-input":{"@type":"PropertyValueSpecification","valueRequired":true,"valueName":"search_term_string"}}],"inLanguage":"de"},{"@type":"Organization","@id":"https:\/\/marktxxl.de\/markt\/#organization","name":"Markt-XXL","url":"https:\/\/marktxxl.de\/markt\/","logo":{"@type":"ImageObject","inLanguage":"de","@id":"https:\/\/marktxxl.de\/markt\/#\/schema\/logo\/image\/","url":"https:\/\/marktxxl.de\/markt\/wp-content\/uploads\/sites\/3\/2020\/12\/logo.png","contentUrl":"https:\/\/marktxxl.de\/markt\/wp-content\/uploads\/sites\/3\/2020\/12\/logo.png","width":200,"height":70,"caption":"Markt-XXL"},"image":{"@id":"https:\/\/marktxxl.de\/markt\/#\/schema\/logo\/image\/"}}]}},"_links":{"self":[{"href":"https:\/\/marktxxl.de\/markt\/wp-json\/wp\/v2\/product\/163256","targetHints":{"allow":["GET"]}}],"collection":[{"href":"https:\/\/marktxxl.de\/markt\/wp-json\/wp\/v2\/product"}],"about":[{"href":"https:\/\/marktxxl.de\/markt\/wp-json\/wp\/v2\/types\/product"}],"replies":[{"embeddable":true,"href":"https:\/\/marktxxl.de\/markt\/wp-json\/wp\/v2\/comments?post=163256"}],"wp:featuredmedia":[{"embeddable":true,"href":"https:\/\/marktxxl.de\/markt\/wp-json\/wp\/v2\/media\/163257"}],"wp:attachment":[{"href":"https:\/\/marktxxl.de\/markt\/wp-json\/wp\/v2\/media?parent=163256"}],"wp:term":[{"taxonomy":"product_brand","embeddable":true,"href":"https:\/\/marktxxl.de\/markt\/wp-json\/wp\/v2\/product_brand?post=163256"},{"taxonomy":"product_cat","embeddable":true,"href":"https:\/\/marktxxl.de\/markt\/wp-json\/wp\/v2\/product_cat?post=163256"},{"taxonomy":"product_tag","embeddable":true,"href":"https:\/\/marktxxl.de\/markt\/wp-json\/wp\/v2\/product_tag?post=163256"}],"curies":[{"name":"wp","href":"https:\/\/api.w.org\/{rel}","templated":true}]}}