{"id":163187,"date":"2022-11-11T03:41:05","date_gmt":"2022-11-11T02:41:05","guid":{"rendered":"https:\/\/marktxxl.de\/markt\/produkt\/raeuberella-schnuffeltuch-schmusetuch-baby-einschlafhilfe-troesterchen\/"},"modified":"2023-04-11T04:47:14","modified_gmt":"2023-04-11T02:47:14","slug":"raeuberella-schnuffeltuch-schmusetuch-baby-einschlafhilfe-troesterchen","status":"publish","type":"product","link":"https:\/\/marktxxl.de\/markt\/produkt\/raeuberella-schnuffeltuch-schmusetuch-baby-einschlafhilfe-troesterchen\/","title":{"rendered":"R\u00e4uberella\u00ae Schnuffeltuch, Schmusetuch, Baby Einschlafhilfe, Tr\u00f6sterchen Geschenk zur Geburt Junge &amp; M\u00e4dchen"},"content":{"rendered":"<p>\u2764\ufe0f BIO-BAUMWOLLE &#8211; Wir verwenden f\u00fcr den Stoff des Tuches nur qualitativ hochwertigste Bio-Baumwolle. Diese wird schon ab 40 Grad porentief sauber und ben\u00f6tigt keinen hei\u00dferen Waschgang.<br \/>\n\u2764\ufe0f MAXIMALE SICHERHEIT &#8211; Unsere Produkte sind von einem unabh\u00e4ngigen Labor gepr\u00fcft und entsprechen der EN-71 Norm f\u00fcr Babyprodukte. Somit sind unsere kleinen Sch\u00e4tze absolut sicher und ist Ab 0 Jahren geeignet.<br \/>\n\u2764\ufe0f BESSERES EINSCHLAFEN &#8211; Das Schmusetuch sollte ein paar N\u00e4chte von den Eltern im Bett behalten werden, um den Geruch der beiden anzunehmen. Danach kann das Schmusetuch als Einschlafhilfe f\u00fcr die s\u00fc\u00dfen Racker dienen.<br \/>\n\u2764\ufe0f GESCHENKVERPACKUNG &#8211; Unsere Verpackung ist von uns so gestaltet, dass du es sofort einpacken kannst und immer das perfekte Geschenk hast. Gerne kannst du es aber auch deinem eigenen Baby \u201cschenken\u201d<br \/>\n\u2764\ufe0f \u00dcBER UNS &#8211; Du kaufst hier von einem kleinen Start-Up, wir haben sehr hohe Anspr\u00fcche an uns selbst und wollen nur beste Produkte f\u00fcr unsere kleinsten Erdenb\u00fcrger herstellen. Gr\u00fc\u00dfe Romina und Oliver<br \/>\n<div class=\"main-cross-sell\" data-asin=\"B09DQ4YGZF\">\n\n\t<div class=\"WooZone-cross-sell-loader\">\n\t\t<div>\n\t\t\t<div id=\"floatingBarsG\">\n\t\t\t\t<div class=\"blockG\" id=\"rotateG_01\"><\/div>\n\t\t\t\t<div class=\"blockG\" id=\"rotateG_02\"><\/div>\n\t\t\t\t<div class=\"blockG\" id=\"rotateG_03\"><\/div>\n\t\t\t\t<div class=\"blockG\" id=\"rotateG_04\"><\/div>\n\t\t\t\t<div class=\"blockG\" id=\"rotateG_05\"><\/div>\n\t\t\t\t<div class=\"blockG\" id=\"rotateG_06\"><\/div>\n\t\t\t\t<div class=\"blockG\" id=\"rotateG_07\"><\/div>\n\t\t\t\t<div class=\"blockG\" id=\"rotateG_08\"><\/div>\n\t\t\t<\/div>\n\t\t\t<div class=\"WooZone-cross-sell-loader-text\"><\/div>\n\t\t<\/div>\n\t<\/div>\n\n\t\t\n<\/div>\n<div style=\"clear:both;\"><\/div><\/p>\n","protected":false},"excerpt":{"rendered":"<p>\u2764\ufe0f BIO-BAUMWOLLE &#8211; Wir verwenden f\u00fcr den Stoff des Tuches nur qualitativ hochwertigste Bio-Baumwolle. Diese wird schon ab 40 Grad porentief sauber und ben\u00f6tigt keinen hei\u00dferen Waschgang.<br \/>\n\u2764\ufe0f MAXIMALE SICHERHEIT &#8211; Unsere Produkte sind von einem unabh\u00e4ngigen Labor gepr\u00fcft und entsprechen der EN-71 Norm f\u00fcr Babyprodukte. Somit sind unsere kleinen Sch\u00e4tze absolut sicher und ist Ab 0 Jahren geeignet.<br \/>\n\u2764\ufe0f BESSERES EINSCHLAFEN &#8211; Das Schmusetuch sollte ein paar N\u00e4chte von den Eltern im Bett behalten werden, um den Geruch der beiden anzunehmen. Danach kann das Schmusetuch als Einschlafhilfe f\u00fcr die s\u00fc\u00dfen Racker dienen.<\/p>\n","protected":false},"featured_media":163188,"comment_status":"open","ping_status":"closed","template":"","meta":[],"product_brand":[],"product_cat":[21,8879],"product_tag":[],"class_list":{"0":"post-163187","1":"product","2":"type-product","3":"status-publish","4":"has-post-thumbnail","6":"product_cat-baby","7":"product_cat-baby-kleinkindspielzeug-baby","8":"pa_brand-raeuberella","9":"pa_manufacturer-raeuberella","11":"first","12":"instock","13":"shipping-taxable","14":"purchasable","15":"product-type-simple","16":"customify-col","17":"product-has-gallery"},"yoast_head":"<!-- This site is optimized with the Yoast SEO plugin v27.3 - https:\/\/yoast.com\/product\/yoast-seo-wordpress\/ -->\n<title>R\u00e4uberella\u00ae Schnuffeltuch, Schmusetuch, Baby Einschlafhilfe, Tr\u00f6sterchen Geschenk zur Geburt Junge &amp; M\u00e4dchen - Markt-XXL<\/title>\n<meta name=\"description\" content=\"Markt-XXL R\u00e4uberella\u00ae Schnuffeltuch, Schmusetuch, Baby Einschlafhilfe, Tr\u00f6sterchen Geschenk zur Geburt Junge &amp; M\u00e4dchen\" \/>\n<meta name=\"robots\" content=\"index, follow, max-snippet:-1, max-image-preview:large, max-video-preview:-1\" \/>\n<link rel=\"canonical\" href=\"https:\/\/marktxxl.de\/markt\/produkt\/raeuberella-schnuffeltuch-schmusetuch-baby-einschlafhilfe-troesterchen\/\" \/>\n<meta property=\"og:locale\" content=\"de_DE\" \/>\n<meta property=\"og:type\" content=\"article\" \/>\n<meta property=\"og:title\" content=\"R\u00e4uberella\u00ae Schnuffeltuch, Schmusetuch, Baby Einschlafhilfe, Tr\u00f6sterchen Geschenk zur Geburt Junge &amp; M\u00e4dchen - Markt-XXL\" \/>\n<meta property=\"og:description\" content=\"Markt-XXL R\u00e4uberella\u00ae Schnuffeltuch, Schmusetuch, Baby Einschlafhilfe, Tr\u00f6sterchen Geschenk zur Geburt Junge &amp; M\u00e4dchen\" \/>\n<meta property=\"og:url\" content=\"https:\/\/marktxxl.de\/markt\/produkt\/raeuberella-schnuffeltuch-schmusetuch-baby-einschlafhilfe-troesterchen\/\" \/>\n<meta property=\"og:site_name\" content=\"Markt-XXL\" \/>\n<meta property=\"article:modified_time\" content=\"2023-04-11T02:47:14+00:00\" \/>\n<meta property=\"og:image\" content=\"https:\/\/m.media-amazon.com\/images\/I\/41tqGhfD9TL._SL500_.jpg\" \/>\n\t<meta property=\"og:image:width\" content=\"500\" \/>\n\t<meta property=\"og:image:height\" content=\"500\" \/>\n\t<meta property=\"og:image:type\" content=\"image\/jpeg\" \/>\n<meta name=\"twitter:card\" content=\"summary_large_image\" \/>\n<meta name=\"twitter:label1\" content=\"Gesch\u00e4tzte Lesezeit\" \/>\n\t<meta name=\"twitter:data1\" content=\"1\u00a0Minute\" \/>\n<script type=\"application\/ld+json\" class=\"yoast-schema-graph\">{\"@context\":\"https:\\\/\\\/schema.org\",\"@graph\":[{\"@type\":\"WebPage\",\"@id\":\"https:\\\/\\\/marktxxl.de\\\/markt\\\/produkt\\\/raeuberella-schnuffeltuch-schmusetuch-baby-einschlafhilfe-troesterchen\\\/\",\"url\":\"https:\\\/\\\/marktxxl.de\\\/markt\\\/produkt\\\/raeuberella-schnuffeltuch-schmusetuch-baby-einschlafhilfe-troesterchen\\\/\",\"name\":\"R\u00e4uberella\u00ae Schnuffeltuch, Schmusetuch, Baby Einschlafhilfe, Tr\u00f6sterchen Geschenk zur Geburt Junge &amp; M\u00e4dchen - Markt-XXL\",\"isPartOf\":{\"@id\":\"https:\\\/\\\/marktxxl.de\\\/markt\\\/#website\"},\"primaryImageOfPage\":{\"@id\":\"https:\\\/\\\/marktxxl.de\\\/markt\\\/produkt\\\/raeuberella-schnuffeltuch-schmusetuch-baby-einschlafhilfe-troesterchen\\\/#primaryimage\"},\"image\":{\"@id\":\"https:\\\/\\\/marktxxl.de\\\/markt\\\/produkt\\\/raeuberella-schnuffeltuch-schmusetuch-baby-einschlafhilfe-troesterchen\\\/#primaryimage\"},\"thumbnailUrl\":\"https:\\\/\\\/m.media-amazon.com\\\/images\\\/I\\\/41tqGhfD9TL._SL500_.jpg\",\"datePublished\":\"2022-11-11T02:41:05+00:00\",\"dateModified\":\"2023-04-11T02:47:14+00:00\",\"description\":\"Markt-XXL R\u00e4uberella\u00ae Schnuffeltuch, Schmusetuch, Baby Einschlafhilfe, Tr\u00f6sterchen Geschenk zur Geburt Junge &amp; M\u00e4dchen\",\"breadcrumb\":{\"@id\":\"https:\\\/\\\/marktxxl.de\\\/markt\\\/produkt\\\/raeuberella-schnuffeltuch-schmusetuch-baby-einschlafhilfe-troesterchen\\\/#breadcrumb\"},\"inLanguage\":\"de\",\"potentialAction\":[{\"@type\":\"ReadAction\",\"target\":[\"https:\\\/\\\/marktxxl.de\\\/markt\\\/produkt\\\/raeuberella-schnuffeltuch-schmusetuch-baby-einschlafhilfe-troesterchen\\\/\"]}]},{\"@type\":\"ImageObject\",\"inLanguage\":\"de\",\"@id\":\"https:\\\/\\\/marktxxl.de\\\/markt\\\/produkt\\\/raeuberella-schnuffeltuch-schmusetuch-baby-einschlafhilfe-troesterchen\\\/#primaryimage\",\"url\":\"https:\\\/\\\/m.media-amazon.com\\\/images\\\/I\\\/41tqGhfD9TL._SL500_.jpg\",\"contentUrl\":\"https:\\\/\\\/m.media-amazon.com\\\/images\\\/I\\\/41tqGhfD9TL._SL500_.jpg\",\"width\":500,\"height\":500},{\"@type\":\"BreadcrumbList\",\"@id\":\"https:\\\/\\\/marktxxl.de\\\/markt\\\/produkt\\\/raeuberella-schnuffeltuch-schmusetuch-baby-einschlafhilfe-troesterchen\\\/#breadcrumb\",\"itemListElement\":[{\"@type\":\"ListItem\",\"position\":1,\"name\":\"Startseite\",\"item\":\"https:\\\/\\\/marktxxl.de\\\/markt\\\/\"},{\"@type\":\"ListItem\",\"position\":2,\"name\":\"Markt\",\"item\":\"https:\\\/\\\/marktxxl.de\\\/markt\\\/\"},{\"@type\":\"ListItem\",\"position\":3,\"name\":\"R\u00e4uberella\u00ae Schnuffeltuch, Schmusetuch, Baby Einschlafhilfe, Tr\u00f6sterchen Geschenk zur Geburt Junge &amp; M\u00e4dchen\"}]},{\"@type\":\"WebSite\",\"@id\":\"https:\\\/\\\/marktxxl.de\\\/markt\\\/#website\",\"url\":\"https:\\\/\\\/marktxxl.de\\\/markt\\\/\",\"name\":\"Markt-XXL\",\"description\":\"Ihr Markt Online\",\"publisher\":{\"@id\":\"https:\\\/\\\/marktxxl.de\\\/markt\\\/#organization\"},\"potentialAction\":[{\"@type\":\"SearchAction\",\"target\":{\"@type\":\"EntryPoint\",\"urlTemplate\":\"https:\\\/\\\/marktxxl.de\\\/markt\\\/?s={search_term_string}\"},\"query-input\":{\"@type\":\"PropertyValueSpecification\",\"valueRequired\":true,\"valueName\":\"search_term_string\"}}],\"inLanguage\":\"de\"},{\"@type\":\"Organization\",\"@id\":\"https:\\\/\\\/marktxxl.de\\\/markt\\\/#organization\",\"name\":\"Markt-XXL\",\"url\":\"https:\\\/\\\/marktxxl.de\\\/markt\\\/\",\"logo\":{\"@type\":\"ImageObject\",\"inLanguage\":\"de\",\"@id\":\"https:\\\/\\\/marktxxl.de\\\/markt\\\/#\\\/schema\\\/logo\\\/image\\\/\",\"url\":\"https:\\\/\\\/marktxxl.de\\\/markt\\\/wp-content\\\/uploads\\\/sites\\\/3\\\/2020\\\/12\\\/logo.png\",\"contentUrl\":\"https:\\\/\\\/marktxxl.de\\\/markt\\\/wp-content\\\/uploads\\\/sites\\\/3\\\/2020\\\/12\\\/logo.png\",\"width\":200,\"height\":70,\"caption\":\"Markt-XXL\"},\"image\":{\"@id\":\"https:\\\/\\\/marktxxl.de\\\/markt\\\/#\\\/schema\\\/logo\\\/image\\\/\"}}]}<\/script>\n<!-- \/ Yoast SEO plugin. -->","yoast_head_json":{"title":"R\u00e4uberella\u00ae Schnuffeltuch, Schmusetuch, Baby Einschlafhilfe, Tr\u00f6sterchen Geschenk zur Geburt Junge &amp; M\u00e4dchen - Markt-XXL","description":"Markt-XXL R\u00e4uberella\u00ae Schnuffeltuch, Schmusetuch, Baby Einschlafhilfe, Tr\u00f6sterchen Geschenk zur Geburt Junge &amp; M\u00e4dchen","robots":{"index":"index","follow":"follow","max-snippet":"max-snippet:-1","max-image-preview":"max-image-preview:large","max-video-preview":"max-video-preview:-1"},"canonical":"https:\/\/marktxxl.de\/markt\/produkt\/raeuberella-schnuffeltuch-schmusetuch-baby-einschlafhilfe-troesterchen\/","og_locale":"de_DE","og_type":"article","og_title":"R\u00e4uberella\u00ae Schnuffeltuch, Schmusetuch, Baby Einschlafhilfe, Tr\u00f6sterchen Geschenk zur Geburt Junge &amp; M\u00e4dchen - Markt-XXL","og_description":"Markt-XXL R\u00e4uberella\u00ae Schnuffeltuch, Schmusetuch, Baby Einschlafhilfe, Tr\u00f6sterchen Geschenk zur Geburt Junge &amp; M\u00e4dchen","og_url":"https:\/\/marktxxl.de\/markt\/produkt\/raeuberella-schnuffeltuch-schmusetuch-baby-einschlafhilfe-troesterchen\/","og_site_name":"Markt-XXL","article_modified_time":"2023-04-11T02:47:14+00:00","og_image":[{"width":500,"height":500,"url":"https:\/\/m.media-amazon.com\/images\/I\/41tqGhfD9TL._SL500_.jpg","type":"image\/jpeg"}],"twitter_card":"summary_large_image","twitter_misc":{"Gesch\u00e4tzte Lesezeit":"1\u00a0Minute"},"schema":{"@context":"https:\/\/schema.org","@graph":[{"@type":"WebPage","@id":"https:\/\/marktxxl.de\/markt\/produkt\/raeuberella-schnuffeltuch-schmusetuch-baby-einschlafhilfe-troesterchen\/","url":"https:\/\/marktxxl.de\/markt\/produkt\/raeuberella-schnuffeltuch-schmusetuch-baby-einschlafhilfe-troesterchen\/","name":"R\u00e4uberella\u00ae Schnuffeltuch, Schmusetuch, Baby Einschlafhilfe, Tr\u00f6sterchen Geschenk zur Geburt Junge &amp; M\u00e4dchen - Markt-XXL","isPartOf":{"@id":"https:\/\/marktxxl.de\/markt\/#website"},"primaryImageOfPage":{"@id":"https:\/\/marktxxl.de\/markt\/produkt\/raeuberella-schnuffeltuch-schmusetuch-baby-einschlafhilfe-troesterchen\/#primaryimage"},"image":{"@id":"https:\/\/marktxxl.de\/markt\/produkt\/raeuberella-schnuffeltuch-schmusetuch-baby-einschlafhilfe-troesterchen\/#primaryimage"},"thumbnailUrl":"https:\/\/m.media-amazon.com\/images\/I\/41tqGhfD9TL._SL500_.jpg","datePublished":"2022-11-11T02:41:05+00:00","dateModified":"2023-04-11T02:47:14+00:00","description":"Markt-XXL R\u00e4uberella\u00ae Schnuffeltuch, Schmusetuch, Baby Einschlafhilfe, Tr\u00f6sterchen Geschenk zur Geburt Junge &amp; M\u00e4dchen","breadcrumb":{"@id":"https:\/\/marktxxl.de\/markt\/produkt\/raeuberella-schnuffeltuch-schmusetuch-baby-einschlafhilfe-troesterchen\/#breadcrumb"},"inLanguage":"de","potentialAction":[{"@type":"ReadAction","target":["https:\/\/marktxxl.de\/markt\/produkt\/raeuberella-schnuffeltuch-schmusetuch-baby-einschlafhilfe-troesterchen\/"]}]},{"@type":"ImageObject","inLanguage":"de","@id":"https:\/\/marktxxl.de\/markt\/produkt\/raeuberella-schnuffeltuch-schmusetuch-baby-einschlafhilfe-troesterchen\/#primaryimage","url":"https:\/\/m.media-amazon.com\/images\/I\/41tqGhfD9TL._SL500_.jpg","contentUrl":"https:\/\/m.media-amazon.com\/images\/I\/41tqGhfD9TL._SL500_.jpg","width":500,"height":500},{"@type":"BreadcrumbList","@id":"https:\/\/marktxxl.de\/markt\/produkt\/raeuberella-schnuffeltuch-schmusetuch-baby-einschlafhilfe-troesterchen\/#breadcrumb","itemListElement":[{"@type":"ListItem","position":1,"name":"Startseite","item":"https:\/\/marktxxl.de\/markt\/"},{"@type":"ListItem","position":2,"name":"Markt","item":"https:\/\/marktxxl.de\/markt\/"},{"@type":"ListItem","position":3,"name":"R\u00e4uberella\u00ae Schnuffeltuch, Schmusetuch, Baby Einschlafhilfe, Tr\u00f6sterchen Geschenk zur Geburt Junge &amp; M\u00e4dchen"}]},{"@type":"WebSite","@id":"https:\/\/marktxxl.de\/markt\/#website","url":"https:\/\/marktxxl.de\/markt\/","name":"Markt-XXL","description":"Ihr Markt Online","publisher":{"@id":"https:\/\/marktxxl.de\/markt\/#organization"},"potentialAction":[{"@type":"SearchAction","target":{"@type":"EntryPoint","urlTemplate":"https:\/\/marktxxl.de\/markt\/?s={search_term_string}"},"query-input":{"@type":"PropertyValueSpecification","valueRequired":true,"valueName":"search_term_string"}}],"inLanguage":"de"},{"@type":"Organization","@id":"https:\/\/marktxxl.de\/markt\/#organization","name":"Markt-XXL","url":"https:\/\/marktxxl.de\/markt\/","logo":{"@type":"ImageObject","inLanguage":"de","@id":"https:\/\/marktxxl.de\/markt\/#\/schema\/logo\/image\/","url":"https:\/\/marktxxl.de\/markt\/wp-content\/uploads\/sites\/3\/2020\/12\/logo.png","contentUrl":"https:\/\/marktxxl.de\/markt\/wp-content\/uploads\/sites\/3\/2020\/12\/logo.png","width":200,"height":70,"caption":"Markt-XXL"},"image":{"@id":"https:\/\/marktxxl.de\/markt\/#\/schema\/logo\/image\/"}}]}},"_links":{"self":[{"href":"https:\/\/marktxxl.de\/markt\/wp-json\/wp\/v2\/product\/163187","targetHints":{"allow":["GET"]}}],"collection":[{"href":"https:\/\/marktxxl.de\/markt\/wp-json\/wp\/v2\/product"}],"about":[{"href":"https:\/\/marktxxl.de\/markt\/wp-json\/wp\/v2\/types\/product"}],"replies":[{"embeddable":true,"href":"https:\/\/marktxxl.de\/markt\/wp-json\/wp\/v2\/comments?post=163187"}],"wp:featuredmedia":[{"embeddable":true,"href":"https:\/\/marktxxl.de\/markt\/wp-json\/wp\/v2\/media\/163188"}],"wp:attachment":[{"href":"https:\/\/marktxxl.de\/markt\/wp-json\/wp\/v2\/media?parent=163187"}],"wp:term":[{"taxonomy":"product_brand","embeddable":true,"href":"https:\/\/marktxxl.de\/markt\/wp-json\/wp\/v2\/product_brand?post=163187"},{"taxonomy":"product_cat","embeddable":true,"href":"https:\/\/marktxxl.de\/markt\/wp-json\/wp\/v2\/product_cat?post=163187"},{"taxonomy":"product_tag","embeddable":true,"href":"https:\/\/marktxxl.de\/markt\/wp-json\/wp\/v2\/product_tag?post=163187"}],"curies":[{"name":"wp","href":"https:\/\/api.w.org\/{rel}","templated":true}]}}