{"id":163079,"date":"2022-11-11T03:35:16","date_gmt":"2022-11-11T02:35:16","guid":{"rendered":"https:\/\/marktxxl.de\/markt\/produkt\/three-poodle-decken-hoodie-damen-oversize-hoodie-decke-pullover-kuschelpullover-damen-uebergrosser-hoodie-damen-flauschig-weiches-futter-gemuetliche-sherpa-decke\/"},"modified":"2023-04-11T04:47:12","modified_gmt":"2023-04-11T02:47:12","slug":"three-poodle-decken-hoodie-damen-oversize-hoodie-decke-pullover-kuschelpullover-damen-uebergrosser-hoodie-damen-flauschig-weiches-futter-gemuetliche-sherpa-decke","status":"publish","type":"product","link":"https:\/\/marktxxl.de\/markt\/produkt\/three-poodle-decken-hoodie-damen-oversize-hoodie-decke-pullover-kuschelpullover-damen-uebergrosser-hoodie-damen-flauschig-weiches-futter-gemuetliche-sherpa-decke\/","title":{"rendered":"THREE POODLE Decken Hoodie Damen, Oversize Hoodie Decke Pullover, Kuschelpullover Damen, \u00dcbergro\u00dfer Hoodie Damen\u2026"},"content":{"rendered":"<p>Stilvolle und vielf\u00e4ltige Druckmuster: THREE POODLE Hoodie damen oversize verf\u00fcgen \u00fcber einzigartige Druck und verschiedene farblich abgestimmte Muster, die von High-Definition-Bilder gedruckt werden, so dass es nicht verblassen oder verf\u00e4rben leicht. Wir bieten mehrere Hoodie Decks mit verschiedenen Mustern an, um verschiedene Gefallen zu erf\u00fcllen.<br \/>\n\u00dcberdimensioniert und Warm: THREE POODLE decken Hoodie Sweatshirts sind 30% l\u00e4nger als andere, so dass sie bequemer zu tragen. Das Pl\u00fcsch-Sherpa-Futter h\u00e4lt Sie warm. Ob zu Hause, beim Fernsehen, bei der Arbeit oder bei Outdoor-Aktivit\u00e4ten, es ist wie eine riesige Wolke, die Sie umarmt, um Sie warm und bequem zu halten.<br \/>\nSicheres Material\uff1aDieser Oversized-Deckenpullover ist OEKO-TEX-zertifiziert, was bedeutet, dass er keine sch\u00e4dlichen Stoffe oder Chemikalien enth\u00e4lt, was sicherstellt, dass er qualitativ hochwertig, gesund und nicht allergen ist.Die Au\u00dfenseite des Oversize-Hoodie damen besteht aus leichtem Pl\u00fcsch-Mikrofleece, und das Innenfutter ist aus flauschigem und bequemem Sherpa.<br \/>\nEinteiliges Design: THREE POODLE decken pullove verf\u00fcgt \u00fcber ein einteiliges Design. Die gro\u00dfe K\u00e4ngurutasche auf der Vorderseite des Kuschel-Kapuzenpullovers bietet einen praktischen Platz zum Verstauen von Gegenst\u00e4nden und h\u00e4lt die H\u00e4nde warm. Der ger\u00e4umige Kapuzenpulli und die elastischen B\u00fcndchen halten den Wind ab und sorgen daf\u00fcr, dass man bei Spazierg\u00e4ngen im Freien warm bleibt.<br \/>\nDas beste Geschenk f\u00fcr Ihre Lieben: Z\u00f6gern Sie nicht, THREE POODLE Deckenpullover sind das perfekte Geschenk f\u00fcr Ihre geliebte Familie und Freunde. In der kalten Winterzeit, geben ihnen warme Liebe und Segen<br \/>\n<div class=\"main-cross-sell\" data-asin=\"B09K4SY92Q\">\n\n\t<div class=\"WooZone-cross-sell-loader\">\n\t\t<div>\n\t\t\t<div id=\"floatingBarsG\">\n\t\t\t\t<div class=\"blockG\" id=\"rotateG_01\"><\/div>\n\t\t\t\t<div class=\"blockG\" id=\"rotateG_02\"><\/div>\n\t\t\t\t<div class=\"blockG\" id=\"rotateG_03\"><\/div>\n\t\t\t\t<div class=\"blockG\" id=\"rotateG_04\"><\/div>\n\t\t\t\t<div class=\"blockG\" id=\"rotateG_05\"><\/div>\n\t\t\t\t<div class=\"blockG\" id=\"rotateG_06\"><\/div>\n\t\t\t\t<div class=\"blockG\" id=\"rotateG_07\"><\/div>\n\t\t\t\t<div class=\"blockG\" id=\"rotateG_08\"><\/div>\n\t\t\t<\/div>\n\t\t\t<div class=\"WooZone-cross-sell-loader-text\"><\/div>\n\t\t<\/div>\n\t<\/div>\n\n\t\t\n<\/div>\n<div style=\"clear:both;\"><\/div><\/p>\n","protected":false},"excerpt":{"rendered":"<p>Stilvolle und vielf\u00e4ltige Druckmuster: THREE POODLE Hoodie damen oversize verf\u00fcgen \u00fcber einzigartige Druck und verschiedene farblich abgestimmte Muster, die von High-Definition-Bilder gedruckt werden, so dass es nicht verblassen oder verf\u00e4rben leicht. Wir bieten mehrere Hoodie Decks mit verschiedenen Mustern an, um verschiedene Gefallen zu erf\u00fcllen.<br \/>\n\u00dcberdimensioniert und Warm: THREE POODLE decken Hoodie Sweatshirts sind 30% l\u00e4nger als andere, so dass sie bequemer zu tragen. Das Pl\u00fcsch-Sherpa-Futter h\u00e4lt Sie warm. Ob zu Hause, beim Fernsehen, bei der Arbeit oder bei Outdoor-Aktivit\u00e4ten, es ist wie eine riesige Wolke, die Sie umarmt, um Sie warm und bequem zu halten.<br \/>\nSicheres Material\uff1aDieser Oversized-Deckenpullover ist OEKO-TEX-zertifiziert, was bedeutet, dass er keine sch\u00e4dlichen Stoffe oder Chemikalien enth\u00e4lt, was sicherstellt, dass er qualitativ hochwertig, gesund und nicht allergen ist.Die Au\u00dfenseite des Oversize-Hoodie damen besteht aus leichtem Pl\u00fcsch-Mikrofleece, und das Innenfutter ist aus flauschigem und bequemem Sherpa.<\/p>\n","protected":false},"featured_media":163080,"comment_status":"open","ping_status":"closed","template":"","meta":[],"product_brand":[],"product_cat":[1186],"product_tag":[],"class_list":{"0":"post-163079","1":"product","2":"type-product","3":"status-publish","4":"has-post-thumbnail","6":"product_cat-bekleidung","7":"pa_brand-three-poodle","8":"pa_manufacturer-shenzhenshiruichedianzishangwuyouxianggongsi","9":"pa_model-oversized-blanket-hoodie","11":"first","12":"instock","13":"shipping-taxable","14":"purchasable","15":"product-type-simple","16":"customify-col","17":"product-has-gallery"},"yoast_head":"<!-- This site is optimized with the Yoast SEO plugin v27.4 - https:\/\/yoast.com\/product\/yoast-seo-wordpress\/ -->\n<title>THREE POODLE Decken Hoodie Damen, Oversize Hoodie Decke Pullover, Kuschelpullover Damen, \u00dcbergro\u00dfer Hoodie Damen\u2026 - Markt-XXL<\/title>\n<meta name=\"description\" content=\"Markt-XXL THREE POODLE Decken Hoodie Damen, Oversize Hoodie Decke Pullover, Kuschelpullover Damen, \u00dcbergro\u00dfer Hoodie Damen\u2026\" \/>\n<meta name=\"robots\" content=\"index, follow, max-snippet:-1, max-image-preview:large, max-video-preview:-1\" \/>\n<link rel=\"canonical\" href=\"https:\/\/marktxxl.de\/markt\/produkt\/three-poodle-decken-hoodie-damen-oversize-hoodie-decke-pullover-kuschelpullover-damen-uebergrosser-hoodie-damen-flauschig-weiches-futter-gemuetliche-sherpa-decke\/\" \/>\n<meta property=\"og:locale\" content=\"de_DE\" \/>\n<meta property=\"og:type\" content=\"article\" \/>\n<meta property=\"og:title\" content=\"THREE POODLE Decken Hoodie Damen, Oversize Hoodie Decke Pullover, Kuschelpullover Damen, \u00dcbergro\u00dfer Hoodie Damen\u2026 - Markt-XXL\" \/>\n<meta property=\"og:description\" content=\"Markt-XXL THREE POODLE Decken Hoodie Damen, Oversize Hoodie Decke Pullover, Kuschelpullover Damen, \u00dcbergro\u00dfer Hoodie Damen\u2026\" \/>\n<meta property=\"og:url\" content=\"https:\/\/marktxxl.de\/markt\/produkt\/three-poodle-decken-hoodie-damen-oversize-hoodie-decke-pullover-kuschelpullover-damen-uebergrosser-hoodie-damen-flauschig-weiches-futter-gemuetliche-sherpa-decke\/\" \/>\n<meta property=\"og:site_name\" content=\"Markt-XXL\" \/>\n<meta property=\"article:modified_time\" content=\"2023-04-11T02:47:12+00:00\" \/>\n<meta property=\"og:image\" content=\"https:\/\/m.media-amazon.com\/images\/I\/51PLADQ7nJL._SL500_.jpg\" \/>\n\t<meta property=\"og:image:width\" content=\"500\" \/>\n\t<meta property=\"og:image:height\" content=\"500\" \/>\n\t<meta property=\"og:image:type\" content=\"image\/jpeg\" \/>\n<meta name=\"twitter:card\" content=\"summary_large_image\" \/>\n<meta name=\"twitter:label1\" content=\"Gesch\u00e4tzte Lesezeit\" \/>\n\t<meta name=\"twitter:data1\" content=\"1\u00a0Minute\" \/>\n<script type=\"application\/ld+json\" class=\"yoast-schema-graph\">{\"@context\":\"https:\\\/\\\/schema.org\",\"@graph\":[{\"@type\":\"WebPage\",\"@id\":\"https:\\\/\\\/marktxxl.de\\\/markt\\\/produkt\\\/three-poodle-decken-hoodie-damen-oversize-hoodie-decke-pullover-kuschelpullover-damen-uebergrosser-hoodie-damen-flauschig-weiches-futter-gemuetliche-sherpa-decke\\\/\",\"url\":\"https:\\\/\\\/marktxxl.de\\\/markt\\\/produkt\\\/three-poodle-decken-hoodie-damen-oversize-hoodie-decke-pullover-kuschelpullover-damen-uebergrosser-hoodie-damen-flauschig-weiches-futter-gemuetliche-sherpa-decke\\\/\",\"name\":\"THREE POODLE Decken Hoodie Damen, Oversize Hoodie Decke Pullover, Kuschelpullover Damen, \u00dcbergro\u00dfer Hoodie Damen\u2026 - Markt-XXL\",\"isPartOf\":{\"@id\":\"https:\\\/\\\/marktxxl.de\\\/markt\\\/#website\"},\"primaryImageOfPage\":{\"@id\":\"https:\\\/\\\/marktxxl.de\\\/markt\\\/produkt\\\/three-poodle-decken-hoodie-damen-oversize-hoodie-decke-pullover-kuschelpullover-damen-uebergrosser-hoodie-damen-flauschig-weiches-futter-gemuetliche-sherpa-decke\\\/#primaryimage\"},\"image\":{\"@id\":\"https:\\\/\\\/marktxxl.de\\\/markt\\\/produkt\\\/three-poodle-decken-hoodie-damen-oversize-hoodie-decke-pullover-kuschelpullover-damen-uebergrosser-hoodie-damen-flauschig-weiches-futter-gemuetliche-sherpa-decke\\\/#primaryimage\"},\"thumbnailUrl\":\"https:\\\/\\\/m.media-amazon.com\\\/images\\\/I\\\/51PLADQ7nJL._SL500_.jpg\",\"datePublished\":\"2022-11-11T02:35:16+00:00\",\"dateModified\":\"2023-04-11T02:47:12+00:00\",\"description\":\"Markt-XXL THREE POODLE Decken Hoodie Damen, Oversize Hoodie Decke Pullover, Kuschelpullover Damen, \u00dcbergro\u00dfer Hoodie Damen\u2026\",\"breadcrumb\":{\"@id\":\"https:\\\/\\\/marktxxl.de\\\/markt\\\/produkt\\\/three-poodle-decken-hoodie-damen-oversize-hoodie-decke-pullover-kuschelpullover-damen-uebergrosser-hoodie-damen-flauschig-weiches-futter-gemuetliche-sherpa-decke\\\/#breadcrumb\"},\"inLanguage\":\"de\",\"potentialAction\":[{\"@type\":\"ReadAction\",\"target\":[\"https:\\\/\\\/marktxxl.de\\\/markt\\\/produkt\\\/three-poodle-decken-hoodie-damen-oversize-hoodie-decke-pullover-kuschelpullover-damen-uebergrosser-hoodie-damen-flauschig-weiches-futter-gemuetliche-sherpa-decke\\\/\"]}]},{\"@type\":\"ImageObject\",\"inLanguage\":\"de\",\"@id\":\"https:\\\/\\\/marktxxl.de\\\/markt\\\/produkt\\\/three-poodle-decken-hoodie-damen-oversize-hoodie-decke-pullover-kuschelpullover-damen-uebergrosser-hoodie-damen-flauschig-weiches-futter-gemuetliche-sherpa-decke\\\/#primaryimage\",\"url\":\"https:\\\/\\\/m.media-amazon.com\\\/images\\\/I\\\/51PLADQ7nJL._SL500_.jpg\",\"contentUrl\":\"https:\\\/\\\/m.media-amazon.com\\\/images\\\/I\\\/51PLADQ7nJL._SL500_.jpg\",\"width\":500,\"height\":500},{\"@type\":\"BreadcrumbList\",\"@id\":\"https:\\\/\\\/marktxxl.de\\\/markt\\\/produkt\\\/three-poodle-decken-hoodie-damen-oversize-hoodie-decke-pullover-kuschelpullover-damen-uebergrosser-hoodie-damen-flauschig-weiches-futter-gemuetliche-sherpa-decke\\\/#breadcrumb\",\"itemListElement\":[{\"@type\":\"ListItem\",\"position\":1,\"name\":\"Startseite\",\"item\":\"https:\\\/\\\/marktxxl.de\\\/markt\\\/\"},{\"@type\":\"ListItem\",\"position\":2,\"name\":\"Markt\",\"item\":\"https:\\\/\\\/marktxxl.de\\\/markt\\\/\"},{\"@type\":\"ListItem\",\"position\":3,\"name\":\"THREE POODLE Decken Hoodie Damen, Oversize Hoodie Decke Pullover, Kuschelpullover Damen, \u00dcbergro\u00dfer Hoodie Damen\u2026\"}]},{\"@type\":\"WebSite\",\"@id\":\"https:\\\/\\\/marktxxl.de\\\/markt\\\/#website\",\"url\":\"https:\\\/\\\/marktxxl.de\\\/markt\\\/\",\"name\":\"Markt-XXL\",\"description\":\"Ihr Markt Online\",\"publisher\":{\"@id\":\"https:\\\/\\\/marktxxl.de\\\/markt\\\/#organization\"},\"potentialAction\":[{\"@type\":\"SearchAction\",\"target\":{\"@type\":\"EntryPoint\",\"urlTemplate\":\"https:\\\/\\\/marktxxl.de\\\/markt\\\/?s={search_term_string}\"},\"query-input\":{\"@type\":\"PropertyValueSpecification\",\"valueRequired\":true,\"valueName\":\"search_term_string\"}}],\"inLanguage\":\"de\"},{\"@type\":\"Organization\",\"@id\":\"https:\\\/\\\/marktxxl.de\\\/markt\\\/#organization\",\"name\":\"Markt-XXL\",\"url\":\"https:\\\/\\\/marktxxl.de\\\/markt\\\/\",\"logo\":{\"@type\":\"ImageObject\",\"inLanguage\":\"de\",\"@id\":\"https:\\\/\\\/marktxxl.de\\\/markt\\\/#\\\/schema\\\/logo\\\/image\\\/\",\"url\":\"https:\\\/\\\/marktxxl.de\\\/markt\\\/wp-content\\\/uploads\\\/sites\\\/3\\\/2020\\\/12\\\/logo.png\",\"contentUrl\":\"https:\\\/\\\/marktxxl.de\\\/markt\\\/wp-content\\\/uploads\\\/sites\\\/3\\\/2020\\\/12\\\/logo.png\",\"width\":200,\"height\":70,\"caption\":\"Markt-XXL\"},\"image\":{\"@id\":\"https:\\\/\\\/marktxxl.de\\\/markt\\\/#\\\/schema\\\/logo\\\/image\\\/\"}}]}<\/script>\n<!-- \/ Yoast SEO plugin. -->","yoast_head_json":{"title":"THREE POODLE Decken Hoodie Damen, Oversize Hoodie Decke Pullover, Kuschelpullover Damen, \u00dcbergro\u00dfer Hoodie Damen\u2026 - Markt-XXL","description":"Markt-XXL THREE POODLE Decken Hoodie Damen, Oversize Hoodie Decke Pullover, Kuschelpullover Damen, \u00dcbergro\u00dfer Hoodie Damen\u2026","robots":{"index":"index","follow":"follow","max-snippet":"max-snippet:-1","max-image-preview":"max-image-preview:large","max-video-preview":"max-video-preview:-1"},"canonical":"https:\/\/marktxxl.de\/markt\/produkt\/three-poodle-decken-hoodie-damen-oversize-hoodie-decke-pullover-kuschelpullover-damen-uebergrosser-hoodie-damen-flauschig-weiches-futter-gemuetliche-sherpa-decke\/","og_locale":"de_DE","og_type":"article","og_title":"THREE POODLE Decken Hoodie Damen, Oversize Hoodie Decke Pullover, Kuschelpullover Damen, \u00dcbergro\u00dfer Hoodie Damen\u2026 - Markt-XXL","og_description":"Markt-XXL THREE POODLE Decken Hoodie Damen, Oversize Hoodie Decke Pullover, Kuschelpullover Damen, \u00dcbergro\u00dfer Hoodie Damen\u2026","og_url":"https:\/\/marktxxl.de\/markt\/produkt\/three-poodle-decken-hoodie-damen-oversize-hoodie-decke-pullover-kuschelpullover-damen-uebergrosser-hoodie-damen-flauschig-weiches-futter-gemuetliche-sherpa-decke\/","og_site_name":"Markt-XXL","article_modified_time":"2023-04-11T02:47:12+00:00","og_image":[{"width":500,"height":500,"url":"https:\/\/m.media-amazon.com\/images\/I\/51PLADQ7nJL._SL500_.jpg","type":"image\/jpeg"}],"twitter_card":"summary_large_image","twitter_misc":{"Gesch\u00e4tzte Lesezeit":"1\u00a0Minute"},"schema":{"@context":"https:\/\/schema.org","@graph":[{"@type":"WebPage","@id":"https:\/\/marktxxl.de\/markt\/produkt\/three-poodle-decken-hoodie-damen-oversize-hoodie-decke-pullover-kuschelpullover-damen-uebergrosser-hoodie-damen-flauschig-weiches-futter-gemuetliche-sherpa-decke\/","url":"https:\/\/marktxxl.de\/markt\/produkt\/three-poodle-decken-hoodie-damen-oversize-hoodie-decke-pullover-kuschelpullover-damen-uebergrosser-hoodie-damen-flauschig-weiches-futter-gemuetliche-sherpa-decke\/","name":"THREE POODLE Decken Hoodie Damen, Oversize Hoodie Decke Pullover, Kuschelpullover Damen, \u00dcbergro\u00dfer Hoodie Damen\u2026 - Markt-XXL","isPartOf":{"@id":"https:\/\/marktxxl.de\/markt\/#website"},"primaryImageOfPage":{"@id":"https:\/\/marktxxl.de\/markt\/produkt\/three-poodle-decken-hoodie-damen-oversize-hoodie-decke-pullover-kuschelpullover-damen-uebergrosser-hoodie-damen-flauschig-weiches-futter-gemuetliche-sherpa-decke\/#primaryimage"},"image":{"@id":"https:\/\/marktxxl.de\/markt\/produkt\/three-poodle-decken-hoodie-damen-oversize-hoodie-decke-pullover-kuschelpullover-damen-uebergrosser-hoodie-damen-flauschig-weiches-futter-gemuetliche-sherpa-decke\/#primaryimage"},"thumbnailUrl":"https:\/\/m.media-amazon.com\/images\/I\/51PLADQ7nJL._SL500_.jpg","datePublished":"2022-11-11T02:35:16+00:00","dateModified":"2023-04-11T02:47:12+00:00","description":"Markt-XXL THREE POODLE Decken Hoodie Damen, Oversize Hoodie Decke Pullover, Kuschelpullover Damen, \u00dcbergro\u00dfer Hoodie Damen\u2026","breadcrumb":{"@id":"https:\/\/marktxxl.de\/markt\/produkt\/three-poodle-decken-hoodie-damen-oversize-hoodie-decke-pullover-kuschelpullover-damen-uebergrosser-hoodie-damen-flauschig-weiches-futter-gemuetliche-sherpa-decke\/#breadcrumb"},"inLanguage":"de","potentialAction":[{"@type":"ReadAction","target":["https:\/\/marktxxl.de\/markt\/produkt\/three-poodle-decken-hoodie-damen-oversize-hoodie-decke-pullover-kuschelpullover-damen-uebergrosser-hoodie-damen-flauschig-weiches-futter-gemuetliche-sherpa-decke\/"]}]},{"@type":"ImageObject","inLanguage":"de","@id":"https:\/\/marktxxl.de\/markt\/produkt\/three-poodle-decken-hoodie-damen-oversize-hoodie-decke-pullover-kuschelpullover-damen-uebergrosser-hoodie-damen-flauschig-weiches-futter-gemuetliche-sherpa-decke\/#primaryimage","url":"https:\/\/m.media-amazon.com\/images\/I\/51PLADQ7nJL._SL500_.jpg","contentUrl":"https:\/\/m.media-amazon.com\/images\/I\/51PLADQ7nJL._SL500_.jpg","width":500,"height":500},{"@type":"BreadcrumbList","@id":"https:\/\/marktxxl.de\/markt\/produkt\/three-poodle-decken-hoodie-damen-oversize-hoodie-decke-pullover-kuschelpullover-damen-uebergrosser-hoodie-damen-flauschig-weiches-futter-gemuetliche-sherpa-decke\/#breadcrumb","itemListElement":[{"@type":"ListItem","position":1,"name":"Startseite","item":"https:\/\/marktxxl.de\/markt\/"},{"@type":"ListItem","position":2,"name":"Markt","item":"https:\/\/marktxxl.de\/markt\/"},{"@type":"ListItem","position":3,"name":"THREE POODLE Decken Hoodie Damen, Oversize Hoodie Decke Pullover, Kuschelpullover Damen, \u00dcbergro\u00dfer Hoodie Damen\u2026"}]},{"@type":"WebSite","@id":"https:\/\/marktxxl.de\/markt\/#website","url":"https:\/\/marktxxl.de\/markt\/","name":"Markt-XXL","description":"Ihr Markt Online","publisher":{"@id":"https:\/\/marktxxl.de\/markt\/#organization"},"potentialAction":[{"@type":"SearchAction","target":{"@type":"EntryPoint","urlTemplate":"https:\/\/marktxxl.de\/markt\/?s={search_term_string}"},"query-input":{"@type":"PropertyValueSpecification","valueRequired":true,"valueName":"search_term_string"}}],"inLanguage":"de"},{"@type":"Organization","@id":"https:\/\/marktxxl.de\/markt\/#organization","name":"Markt-XXL","url":"https:\/\/marktxxl.de\/markt\/","logo":{"@type":"ImageObject","inLanguage":"de","@id":"https:\/\/marktxxl.de\/markt\/#\/schema\/logo\/image\/","url":"https:\/\/marktxxl.de\/markt\/wp-content\/uploads\/sites\/3\/2020\/12\/logo.png","contentUrl":"https:\/\/marktxxl.de\/markt\/wp-content\/uploads\/sites\/3\/2020\/12\/logo.png","width":200,"height":70,"caption":"Markt-XXL"},"image":{"@id":"https:\/\/marktxxl.de\/markt\/#\/schema\/logo\/image\/"}}]}},"_links":{"self":[{"href":"https:\/\/marktxxl.de\/markt\/wp-json\/wp\/v2\/product\/163079","targetHints":{"allow":["GET"]}}],"collection":[{"href":"https:\/\/marktxxl.de\/markt\/wp-json\/wp\/v2\/product"}],"about":[{"href":"https:\/\/marktxxl.de\/markt\/wp-json\/wp\/v2\/types\/product"}],"replies":[{"embeddable":true,"href":"https:\/\/marktxxl.de\/markt\/wp-json\/wp\/v2\/comments?post=163079"}],"wp:featuredmedia":[{"embeddable":true,"href":"https:\/\/marktxxl.de\/markt\/wp-json\/wp\/v2\/media\/163080"}],"wp:attachment":[{"href":"https:\/\/marktxxl.de\/markt\/wp-json\/wp\/v2\/media?parent=163079"}],"wp:term":[{"taxonomy":"product_brand","embeddable":true,"href":"https:\/\/marktxxl.de\/markt\/wp-json\/wp\/v2\/product_brand?post=163079"},{"taxonomy":"product_cat","embeddable":true,"href":"https:\/\/marktxxl.de\/markt\/wp-json\/wp\/v2\/product_cat?post=163079"},{"taxonomy":"product_tag","embeddable":true,"href":"https:\/\/marktxxl.de\/markt\/wp-json\/wp\/v2\/product_tag?post=163079"}],"curies":[{"name":"wp","href":"https:\/\/api.w.org\/{rel}","templated":true}]}}