{"id":162666,"date":"2022-11-11T02:17:41","date_gmt":"2022-11-11T01:17:41","guid":{"rendered":"https:\/\/marktxxl.de\/markt\/produkt\/kms-moistrepair-revival-creme-fuer-normales-bis-starkes-haar-125-ml\/"},"modified":"2023-04-10T04:54:39","modified_gmt":"2023-04-10T02:54:39","slug":"kms-moistrepair-revival-creme-fuer-normales-bis-starkes-haar-125-ml","status":"publish","type":"product","link":"https:\/\/marktxxl.de\/markt\/produkt\/kms-moistrepair-revival-creme-fuer-normales-bis-starkes-haar-125-ml\/","title":{"rendered":"KMS MOISTREPAIR Revival Creme f\u00fcr normales bis starkes Haar, 125 ml"},"content":{"rendered":"<p>KMS ist eine weltbekannte Marke f\u00fcr professionelle Haarpflege und -styling, die von \u00fcber 30.000 Stylisten auf der ganzen Welt verwendet wird.<br \/>\nUnsere Revival Creme enth\u00e4lt Aloe Vera bekannt daf\u00fcr, dass es aktive Inhaltstoffe enth\u00e4lt, was es zu einer gro\u00dfartigen Quelle f\u00fcr zus\u00e4tzliche Pflege macht, und Vanilla, bekannt f\u00fcr seine Hilfe bei der Erhaltung eines gesund aussehenden Haares.<br \/>\nSofortige Stylingerleichterung, verleiht F\u00fclle ohne zu beschweren. Anti-Statik-Effekt und B\u00e4ndigung abstehender H\u00e4rchen.<br \/>\nF\u00fcr normales bis starkes Haar. In handtuchtrockenes Haar einarbeiten \u2013 als Styling Vorbereitung und zum Durchk\u00e4mmen.<br \/>\nWir versprechen, Rohstoffe verantwortungsvoll zu beziehen, auf Wasserressourcen zu achten, einen minimalistischen, nachhaltigen Ansatz in Bezug auf Verpackungsmaterial zu verfolgen und ein Vorbild f\u00fcr Produkt- und Inhaltsstofftransparenz zu sein.<br \/>\n<div class=\"main-cross-sell\" data-asin=\"B06XHS7MTH\">\n\n\t<div class=\"WooZone-cross-sell-loader\">\n\t\t<div>\n\t\t\t<div id=\"floatingBarsG\">\n\t\t\t\t<div class=\"blockG\" id=\"rotateG_01\"><\/div>\n\t\t\t\t<div class=\"blockG\" id=\"rotateG_02\"><\/div>\n\t\t\t\t<div class=\"blockG\" id=\"rotateG_03\"><\/div>\n\t\t\t\t<div class=\"blockG\" id=\"rotateG_04\"><\/div>\n\t\t\t\t<div class=\"blockG\" id=\"rotateG_05\"><\/div>\n\t\t\t\t<div class=\"blockG\" id=\"rotateG_06\"><\/div>\n\t\t\t\t<div class=\"blockG\" id=\"rotateG_07\"><\/div>\n\t\t\t\t<div class=\"blockG\" id=\"rotateG_08\"><\/div>\n\t\t\t<\/div>\n\t\t\t<div class=\"WooZone-cross-sell-loader-text\"><\/div>\n\t\t<\/div>\n\t<\/div>\n\n\t\t\n<\/div>\n<div style=\"clear:both;\"><\/div><\/p>\n","protected":false},"excerpt":{"rendered":"<p>KMS ist eine weltbekannte Marke f\u00fcr professionelle Haarpflege und -styling, die von \u00fcber 30.000 Stylisten auf der ganzen Welt verwendet wird.<br \/>\nUnsere Revival Creme enth\u00e4lt Aloe Vera bekannt daf\u00fcr, dass es aktive Inhaltstoffe enth\u00e4lt, was es zu einer gro\u00dfartigen Quelle f\u00fcr zus\u00e4tzliche Pflege macht, und Vanilla, bekannt f\u00fcr seine Hilfe bei der Erhaltung eines gesund aussehenden Haares.<br \/>\nSofortige Stylingerleichterung, verleiht F\u00fclle ohne zu beschweren. Anti-Statik-Effekt und B\u00e4ndigung abstehender H\u00e4rchen.<\/p>\n","protected":false},"featured_media":162667,"comment_status":"open","ping_status":"closed","template":"","meta":[],"product_brand":[],"product_cat":[2858,6994],"product_tag":[],"class_list":{"0":"post-162666","1":"product","2":"type-product","3":"status-publish","4":"has-post-thumbnail","6":"product_cat-beauty","7":"product_cat-haarpflege-styling","8":"pa_binding-badartikel","9":"pa_brand-kms-california","10":"pa_height-6-89-zoll","11":"pa_length-2-44-zoll","12":"pa_manufacturer-kao-germany-gmbh","13":"pa_model-43858","14":"pa_size-125-ml-1er-pack","15":"pa_weight-0-2625-pfund","16":"pa_width-1-54-zoll","18":"first","19":"instock","20":"shipping-taxable","21":"purchasable","22":"product-type-simple","23":"customify-col","24":"product-has-gallery"},"yoast_head":"<!-- This site is optimized with the Yoast SEO plugin v27.3 - https:\/\/yoast.com\/product\/yoast-seo-wordpress\/ -->\n<title>KMS MOISTREPAIR Revival Creme f\u00fcr normales bis starkes Haar, 125 ml - Markt-XXL<\/title>\n<meta name=\"description\" content=\"Markt-XXL KMS MOISTREPAIR Revival Creme f\u00fcr normales bis starkes Haar, 125 ml\" \/>\n<meta name=\"robots\" content=\"index, follow, max-snippet:-1, max-image-preview:large, max-video-preview:-1\" \/>\n<link rel=\"canonical\" href=\"https:\/\/marktxxl.de\/markt\/produkt\/kms-moistrepair-revival-creme-fuer-normales-bis-starkes-haar-125-ml\/\" \/>\n<meta property=\"og:locale\" content=\"de_DE\" \/>\n<meta property=\"og:type\" content=\"article\" \/>\n<meta property=\"og:title\" content=\"KMS MOISTREPAIR Revival Creme f\u00fcr normales bis starkes Haar, 125 ml - Markt-XXL\" \/>\n<meta property=\"og:description\" content=\"Markt-XXL KMS MOISTREPAIR Revival Creme f\u00fcr normales bis starkes Haar, 125 ml\" \/>\n<meta property=\"og:url\" content=\"https:\/\/marktxxl.de\/markt\/produkt\/kms-moistrepair-revival-creme-fuer-normales-bis-starkes-haar-125-ml\/\" \/>\n<meta property=\"og:site_name\" content=\"Markt-XXL\" \/>\n<meta property=\"article:modified_time\" content=\"2023-04-10T02:54:39+00:00\" \/>\n<meta property=\"og:image\" content=\"https:\/\/m.media-amazon.com\/images\/I\/31w5jcUMoIL._SL500_.jpg\" \/>\n\t<meta property=\"og:image:width\" content=\"500\" \/>\n\t<meta property=\"og:image:height\" content=\"500\" \/>\n\t<meta property=\"og:image:type\" content=\"image\/jpeg\" \/>\n<meta name=\"twitter:card\" content=\"summary_large_image\" \/>\n<meta name=\"twitter:label1\" content=\"Gesch\u00e4tzte Lesezeit\" \/>\n\t<meta name=\"twitter:data1\" content=\"1\u00a0Minute\" \/>\n<script type=\"application\/ld+json\" class=\"yoast-schema-graph\">{\"@context\":\"https:\\\/\\\/schema.org\",\"@graph\":[{\"@type\":\"WebPage\",\"@id\":\"https:\\\/\\\/marktxxl.de\\\/markt\\\/produkt\\\/kms-moistrepair-revival-creme-fuer-normales-bis-starkes-haar-125-ml\\\/\",\"url\":\"https:\\\/\\\/marktxxl.de\\\/markt\\\/produkt\\\/kms-moistrepair-revival-creme-fuer-normales-bis-starkes-haar-125-ml\\\/\",\"name\":\"KMS MOISTREPAIR Revival Creme f\u00fcr normales bis starkes Haar, 125 ml - Markt-XXL\",\"isPartOf\":{\"@id\":\"https:\\\/\\\/marktxxl.de\\\/markt\\\/#website\"},\"primaryImageOfPage\":{\"@id\":\"https:\\\/\\\/marktxxl.de\\\/markt\\\/produkt\\\/kms-moistrepair-revival-creme-fuer-normales-bis-starkes-haar-125-ml\\\/#primaryimage\"},\"image\":{\"@id\":\"https:\\\/\\\/marktxxl.de\\\/markt\\\/produkt\\\/kms-moistrepair-revival-creme-fuer-normales-bis-starkes-haar-125-ml\\\/#primaryimage\"},\"thumbnailUrl\":\"https:\\\/\\\/m.media-amazon.com\\\/images\\\/I\\\/31w5jcUMoIL._SL500_.jpg\",\"datePublished\":\"2022-11-11T01:17:41+00:00\",\"dateModified\":\"2023-04-10T02:54:39+00:00\",\"description\":\"Markt-XXL KMS MOISTREPAIR Revival Creme f\u00fcr normales bis starkes Haar, 125 ml\",\"breadcrumb\":{\"@id\":\"https:\\\/\\\/marktxxl.de\\\/markt\\\/produkt\\\/kms-moistrepair-revival-creme-fuer-normales-bis-starkes-haar-125-ml\\\/#breadcrumb\"},\"inLanguage\":\"de\",\"potentialAction\":[{\"@type\":\"ReadAction\",\"target\":[\"https:\\\/\\\/marktxxl.de\\\/markt\\\/produkt\\\/kms-moistrepair-revival-creme-fuer-normales-bis-starkes-haar-125-ml\\\/\"]}]},{\"@type\":\"ImageObject\",\"inLanguage\":\"de\",\"@id\":\"https:\\\/\\\/marktxxl.de\\\/markt\\\/produkt\\\/kms-moistrepair-revival-creme-fuer-normales-bis-starkes-haar-125-ml\\\/#primaryimage\",\"url\":\"https:\\\/\\\/m.media-amazon.com\\\/images\\\/I\\\/31w5jcUMoIL._SL500_.jpg\",\"contentUrl\":\"https:\\\/\\\/m.media-amazon.com\\\/images\\\/I\\\/31w5jcUMoIL._SL500_.jpg\",\"width\":500,\"height\":500},{\"@type\":\"BreadcrumbList\",\"@id\":\"https:\\\/\\\/marktxxl.de\\\/markt\\\/produkt\\\/kms-moistrepair-revival-creme-fuer-normales-bis-starkes-haar-125-ml\\\/#breadcrumb\",\"itemListElement\":[{\"@type\":\"ListItem\",\"position\":1,\"name\":\"Startseite\",\"item\":\"https:\\\/\\\/marktxxl.de\\\/markt\\\/\"},{\"@type\":\"ListItem\",\"position\":2,\"name\":\"Markt\",\"item\":\"https:\\\/\\\/marktxxl.de\\\/markt\\\/\"},{\"@type\":\"ListItem\",\"position\":3,\"name\":\"KMS MOISTREPAIR Revival Creme f\u00fcr normales bis starkes Haar, 125 ml\"}]},{\"@type\":\"WebSite\",\"@id\":\"https:\\\/\\\/marktxxl.de\\\/markt\\\/#website\",\"url\":\"https:\\\/\\\/marktxxl.de\\\/markt\\\/\",\"name\":\"Markt-XXL\",\"description\":\"Ihr Markt Online\",\"publisher\":{\"@id\":\"https:\\\/\\\/marktxxl.de\\\/markt\\\/#organization\"},\"potentialAction\":[{\"@type\":\"SearchAction\",\"target\":{\"@type\":\"EntryPoint\",\"urlTemplate\":\"https:\\\/\\\/marktxxl.de\\\/markt\\\/?s={search_term_string}\"},\"query-input\":{\"@type\":\"PropertyValueSpecification\",\"valueRequired\":true,\"valueName\":\"search_term_string\"}}],\"inLanguage\":\"de\"},{\"@type\":\"Organization\",\"@id\":\"https:\\\/\\\/marktxxl.de\\\/markt\\\/#organization\",\"name\":\"Markt-XXL\",\"url\":\"https:\\\/\\\/marktxxl.de\\\/markt\\\/\",\"logo\":{\"@type\":\"ImageObject\",\"inLanguage\":\"de\",\"@id\":\"https:\\\/\\\/marktxxl.de\\\/markt\\\/#\\\/schema\\\/logo\\\/image\\\/\",\"url\":\"https:\\\/\\\/marktxxl.de\\\/markt\\\/wp-content\\\/uploads\\\/sites\\\/3\\\/2020\\\/12\\\/logo.png\",\"contentUrl\":\"https:\\\/\\\/marktxxl.de\\\/markt\\\/wp-content\\\/uploads\\\/sites\\\/3\\\/2020\\\/12\\\/logo.png\",\"width\":200,\"height\":70,\"caption\":\"Markt-XXL\"},\"image\":{\"@id\":\"https:\\\/\\\/marktxxl.de\\\/markt\\\/#\\\/schema\\\/logo\\\/image\\\/\"}}]}<\/script>\n<!-- \/ Yoast SEO plugin. -->","yoast_head_json":{"title":"KMS MOISTREPAIR Revival Creme f\u00fcr normales bis starkes Haar, 125 ml - Markt-XXL","description":"Markt-XXL KMS MOISTREPAIR Revival Creme f\u00fcr normales bis starkes Haar, 125 ml","robots":{"index":"index","follow":"follow","max-snippet":"max-snippet:-1","max-image-preview":"max-image-preview:large","max-video-preview":"max-video-preview:-1"},"canonical":"https:\/\/marktxxl.de\/markt\/produkt\/kms-moistrepair-revival-creme-fuer-normales-bis-starkes-haar-125-ml\/","og_locale":"de_DE","og_type":"article","og_title":"KMS MOISTREPAIR Revival Creme f\u00fcr normales bis starkes Haar, 125 ml - Markt-XXL","og_description":"Markt-XXL KMS MOISTREPAIR Revival Creme f\u00fcr normales bis starkes Haar, 125 ml","og_url":"https:\/\/marktxxl.de\/markt\/produkt\/kms-moistrepair-revival-creme-fuer-normales-bis-starkes-haar-125-ml\/","og_site_name":"Markt-XXL","article_modified_time":"2023-04-10T02:54:39+00:00","og_image":[{"width":500,"height":500,"url":"https:\/\/m.media-amazon.com\/images\/I\/31w5jcUMoIL._SL500_.jpg","type":"image\/jpeg"}],"twitter_card":"summary_large_image","twitter_misc":{"Gesch\u00e4tzte Lesezeit":"1\u00a0Minute"},"schema":{"@context":"https:\/\/schema.org","@graph":[{"@type":"WebPage","@id":"https:\/\/marktxxl.de\/markt\/produkt\/kms-moistrepair-revival-creme-fuer-normales-bis-starkes-haar-125-ml\/","url":"https:\/\/marktxxl.de\/markt\/produkt\/kms-moistrepair-revival-creme-fuer-normales-bis-starkes-haar-125-ml\/","name":"KMS MOISTREPAIR Revival Creme f\u00fcr normales bis starkes Haar, 125 ml - Markt-XXL","isPartOf":{"@id":"https:\/\/marktxxl.de\/markt\/#website"},"primaryImageOfPage":{"@id":"https:\/\/marktxxl.de\/markt\/produkt\/kms-moistrepair-revival-creme-fuer-normales-bis-starkes-haar-125-ml\/#primaryimage"},"image":{"@id":"https:\/\/marktxxl.de\/markt\/produkt\/kms-moistrepair-revival-creme-fuer-normales-bis-starkes-haar-125-ml\/#primaryimage"},"thumbnailUrl":"https:\/\/m.media-amazon.com\/images\/I\/31w5jcUMoIL._SL500_.jpg","datePublished":"2022-11-11T01:17:41+00:00","dateModified":"2023-04-10T02:54:39+00:00","description":"Markt-XXL KMS MOISTREPAIR Revival Creme f\u00fcr normales bis starkes Haar, 125 ml","breadcrumb":{"@id":"https:\/\/marktxxl.de\/markt\/produkt\/kms-moistrepair-revival-creme-fuer-normales-bis-starkes-haar-125-ml\/#breadcrumb"},"inLanguage":"de","potentialAction":[{"@type":"ReadAction","target":["https:\/\/marktxxl.de\/markt\/produkt\/kms-moistrepair-revival-creme-fuer-normales-bis-starkes-haar-125-ml\/"]}]},{"@type":"ImageObject","inLanguage":"de","@id":"https:\/\/marktxxl.de\/markt\/produkt\/kms-moistrepair-revival-creme-fuer-normales-bis-starkes-haar-125-ml\/#primaryimage","url":"https:\/\/m.media-amazon.com\/images\/I\/31w5jcUMoIL._SL500_.jpg","contentUrl":"https:\/\/m.media-amazon.com\/images\/I\/31w5jcUMoIL._SL500_.jpg","width":500,"height":500},{"@type":"BreadcrumbList","@id":"https:\/\/marktxxl.de\/markt\/produkt\/kms-moistrepair-revival-creme-fuer-normales-bis-starkes-haar-125-ml\/#breadcrumb","itemListElement":[{"@type":"ListItem","position":1,"name":"Startseite","item":"https:\/\/marktxxl.de\/markt\/"},{"@type":"ListItem","position":2,"name":"Markt","item":"https:\/\/marktxxl.de\/markt\/"},{"@type":"ListItem","position":3,"name":"KMS MOISTREPAIR Revival Creme f\u00fcr normales bis starkes Haar, 125 ml"}]},{"@type":"WebSite","@id":"https:\/\/marktxxl.de\/markt\/#website","url":"https:\/\/marktxxl.de\/markt\/","name":"Markt-XXL","description":"Ihr Markt Online","publisher":{"@id":"https:\/\/marktxxl.de\/markt\/#organization"},"potentialAction":[{"@type":"SearchAction","target":{"@type":"EntryPoint","urlTemplate":"https:\/\/marktxxl.de\/markt\/?s={search_term_string}"},"query-input":{"@type":"PropertyValueSpecification","valueRequired":true,"valueName":"search_term_string"}}],"inLanguage":"de"},{"@type":"Organization","@id":"https:\/\/marktxxl.de\/markt\/#organization","name":"Markt-XXL","url":"https:\/\/marktxxl.de\/markt\/","logo":{"@type":"ImageObject","inLanguage":"de","@id":"https:\/\/marktxxl.de\/markt\/#\/schema\/logo\/image\/","url":"https:\/\/marktxxl.de\/markt\/wp-content\/uploads\/sites\/3\/2020\/12\/logo.png","contentUrl":"https:\/\/marktxxl.de\/markt\/wp-content\/uploads\/sites\/3\/2020\/12\/logo.png","width":200,"height":70,"caption":"Markt-XXL"},"image":{"@id":"https:\/\/marktxxl.de\/markt\/#\/schema\/logo\/image\/"}}]}},"_links":{"self":[{"href":"https:\/\/marktxxl.de\/markt\/wp-json\/wp\/v2\/product\/162666","targetHints":{"allow":["GET"]}}],"collection":[{"href":"https:\/\/marktxxl.de\/markt\/wp-json\/wp\/v2\/product"}],"about":[{"href":"https:\/\/marktxxl.de\/markt\/wp-json\/wp\/v2\/types\/product"}],"replies":[{"embeddable":true,"href":"https:\/\/marktxxl.de\/markt\/wp-json\/wp\/v2\/comments?post=162666"}],"wp:featuredmedia":[{"embeddable":true,"href":"https:\/\/marktxxl.de\/markt\/wp-json\/wp\/v2\/media\/162667"}],"wp:attachment":[{"href":"https:\/\/marktxxl.de\/markt\/wp-json\/wp\/v2\/media?parent=162666"}],"wp:term":[{"taxonomy":"product_brand","embeddable":true,"href":"https:\/\/marktxxl.de\/markt\/wp-json\/wp\/v2\/product_brand?post=162666"},{"taxonomy":"product_cat","embeddable":true,"href":"https:\/\/marktxxl.de\/markt\/wp-json\/wp\/v2\/product_cat?post=162666"},{"taxonomy":"product_tag","embeddable":true,"href":"https:\/\/marktxxl.de\/markt\/wp-json\/wp\/v2\/product_tag?post=162666"}],"curies":[{"name":"wp","href":"https:\/\/api.w.org\/{rel}","templated":true}]}}