{"id":162613,"date":"2022-11-11T01:55:55","date_gmt":"2022-11-11T00:55:55","guid":{"rendered":"https:\/\/marktxxl.de\/markt\/produkt\/2x-erste-hilfe-kasten-mit-inhalt-nach-neuer-din-131572021-i-inkl-praktischer-wandhalterung-5x-aufkleber-plombe-i-erste-hilfe-koffer-fuer-betriebe-einrichtungen-zuhause\/"},"modified":"2023-04-10T04:54:38","modified_gmt":"2023-04-10T02:54:38","slug":"2x-erste-hilfe-kasten-mit-inhalt-nach-neuer-din-131572021-i-inkl-praktischer-wandhalterung-5x-aufkleber-plombe-i-erste-hilfe-koffer-fuer-betriebe-einrichtungen-zuhause","status":"publish","type":"product","link":"https:\/\/marktxxl.de\/markt\/produkt\/2x-erste-hilfe-kasten-mit-inhalt-nach-neuer-din-131572021-i-inkl-praktischer-wandhalterung-5x-aufkleber-plombe-i-erste-hilfe-koffer-fuer-betriebe-einrichtungen-zuhause\/","title":{"rendered":"2x Erste Hilfe Kasten mit Inhalt nach neuer DIN 13157:2021 I Inkl. praktischer Wandhalterung, 5x Aufkleber &amp; Plombe I\u2026"},"content":{"rendered":"<p>EIN RETTER IM NOTFALL &#8211; Bei ernsten Unf\u00e4llen oder Verletzungen m\u00fcssen Sie schnell handeln und helfen k\u00f6nnen, um Verletzte oder sich selbst zu verarzten. Hierf\u00fcr haben wir speziell den WERKSTEIN Verbandskasten entwickelt, der ein Segen im Notfall ist.<br \/>\nVIELSEITIG ANWENDBAR &#8211; Unser Erste Hilfe Koffer entspricht der DIN 13157 und wurde nach h\u00f6chsten Sicherheitsstandards f\u00fcr Medizinprodukte hergestellt. Er eignet sich ideal f\u00fcr die Anwendung in Betrieben mit bis zu 50 Personen oder f\u00fcr Zuhause.<br \/>\nSOFORT EINSATZBEREIT &#8211; Dank der enthaltenen praktischen Wandhalterung l\u00e4sst sich der Verbandskasten Zuhause oder im Betrieb einfach an die Wand montieren. Somit ist er im Ernstfall immer gut zug\u00e4nglich, sichtbar und vor allem schnell griffbereit.<br \/>\nERSTE HILFE ANLEITUNG &#8211; Im Notfall erinnern sich vermutlich die wenigsten an Ihren Ersthelferkurs vor mehreren Jahren. Daher enth\u00e4lt der Koffer neben den insgesamt 91 Teilen eine \u00fcbersichtliche Anleitung zu lebensrettenden erste Hilfe Ma\u00dfnahmen.<br \/>\nINKLUSIVE 5 AUFKLEBER &#8211; Neben dem Erste Hilfe Kasten erhalten Sie noch zus\u00e4tzlich 5 Aufkleber nach ISO 7010, um f\u00fcr einen Notfall perfekt vorbereitet zu sein. 3 Aufkleber mit Richtungspfeilen, die den Weg zum Kasten zeigen und 2 gro\u00dfe Aufkleber f\u00fcr das richtige Verhalten bei Brand- und Unf\u00e4llen.<br \/>\n<div class=\"main-cross-sell\" data-asin=\"B08ZQ64TCM\">\n\n\t<div class=\"WooZone-cross-sell-loader\">\n\t\t<div>\n\t\t\t<div id=\"floatingBarsG\">\n\t\t\t\t<div class=\"blockG\" id=\"rotateG_01\"><\/div>\n\t\t\t\t<div class=\"blockG\" id=\"rotateG_02\"><\/div>\n\t\t\t\t<div class=\"blockG\" id=\"rotateG_03\"><\/div>\n\t\t\t\t<div class=\"blockG\" id=\"rotateG_04\"><\/div>\n\t\t\t\t<div class=\"blockG\" id=\"rotateG_05\"><\/div>\n\t\t\t\t<div class=\"blockG\" id=\"rotateG_06\"><\/div>\n\t\t\t\t<div class=\"blockG\" id=\"rotateG_07\"><\/div>\n\t\t\t\t<div class=\"blockG\" id=\"rotateG_08\"><\/div>\n\t\t\t<\/div>\n\t\t\t<div class=\"WooZone-cross-sell-loader-text\"><\/div>\n\t\t<\/div>\n\t<\/div>\n\n\t\t\n<\/div>\n<div style=\"clear:both;\"><\/div><\/p>\n","protected":false},"excerpt":{"rendered":"<p>EIN RETTER IM NOTFALL &#8211; Bei ernsten Unf\u00e4llen oder Verletzungen m\u00fcssen Sie schnell handeln und helfen k\u00f6nnen, um Verletzte oder sich selbst zu verarzten. Hierf\u00fcr haben wir speziell den WERKSTEIN Verbandskasten entwickelt, der ein Segen im Notfall ist.<br \/>\nVIELSEITIG ANWENDBAR &#8211; Unser Erste Hilfe Koffer entspricht der DIN 13157 und wurde nach h\u00f6chsten Sicherheitsstandards f\u00fcr Medizinprodukte hergestellt. Er eignet sich ideal f\u00fcr die Anwendung in Betrieben mit bis zu 50 Personen oder f\u00fcr Zuhause.<br \/>\nSOFORT EINSATZBEREIT &#8211; Dank der enthaltenen praktischen Wandhalterung l\u00e4sst sich der Verbandskasten Zuhause oder im Betrieb einfach an die Wand montieren. Somit ist er im Ernstfall immer gut zug\u00e4nglich, sichtbar und vor allem schnell griffbereit.<\/p>\n","protected":false},"featured_media":162614,"comment_status":"open","ping_status":"closed","template":"","meta":[],"product_brand":[],"product_cat":[1983,11380],"product_tag":[],"class_list":{"0":"post-162613","1":"product","2":"type-product","3":"status-publish","4":"has-post-thumbnail","6":"product_cat-baumarkt","7":"product_cat-sicherheitstechnik","8":"pa_brand-werkstein","9":"pa_color-orange","10":"pa_height-4-5275590505-zoll","11":"pa_languages-unbekannt-deutsch","12":"pa_length-11-023622036-zoll","13":"pa_manufacturer-werkstein","14":"pa_size-28-x-20-x-115-cm","15":"pa_weight-6-944561253-pfund","16":"pa_width-7-87401574-zoll","18":"first","19":"instock","20":"shipping-taxable","21":"purchasable","22":"product-type-simple","23":"customify-col","24":"product-has-gallery"},"yoast_head":"<!-- This site is optimized with the Yoast SEO plugin v27.3 - https:\/\/yoast.com\/product\/yoast-seo-wordpress\/ -->\n<title>2x Erste Hilfe Kasten mit Inhalt nach neuer DIN 13157:2021 I Inkl. praktischer Wandhalterung, 5x Aufkleber &amp; Plombe I\u2026 - Markt-XXL<\/title>\n<meta name=\"description\" content=\"Markt-XXL 2x Erste Hilfe Kasten mit Inhalt nach neuer DIN 13157:2021 I Inkl. praktischer Wandhalterung, 5x Aufkleber &amp; Plombe I\u2026\" \/>\n<meta name=\"robots\" content=\"index, follow, max-snippet:-1, max-image-preview:large, max-video-preview:-1\" \/>\n<link rel=\"canonical\" href=\"https:\/\/marktxxl.de\/markt\/produkt\/2x-erste-hilfe-kasten-mit-inhalt-nach-neuer-din-131572021-i-inkl-praktischer-wandhalterung-5x-aufkleber-plombe-i-erste-hilfe-koffer-fuer-betriebe-einrichtungen-zuhause\/\" \/>\n<meta property=\"og:locale\" content=\"de_DE\" \/>\n<meta property=\"og:type\" content=\"article\" \/>\n<meta property=\"og:title\" content=\"2x Erste Hilfe Kasten mit Inhalt nach neuer DIN 13157:2021 I Inkl. praktischer Wandhalterung, 5x Aufkleber &amp; Plombe I\u2026 - Markt-XXL\" \/>\n<meta property=\"og:description\" content=\"Markt-XXL 2x Erste Hilfe Kasten mit Inhalt nach neuer DIN 13157:2021 I Inkl. praktischer Wandhalterung, 5x Aufkleber &amp; Plombe I\u2026\" \/>\n<meta property=\"og:url\" content=\"https:\/\/marktxxl.de\/markt\/produkt\/2x-erste-hilfe-kasten-mit-inhalt-nach-neuer-din-131572021-i-inkl-praktischer-wandhalterung-5x-aufkleber-plombe-i-erste-hilfe-koffer-fuer-betriebe-einrichtungen-zuhause\/\" \/>\n<meta property=\"og:site_name\" content=\"Markt-XXL\" \/>\n<meta property=\"article:modified_time\" content=\"2023-04-10T02:54:38+00:00\" \/>\n<meta property=\"og:image\" content=\"https:\/\/m.media-amazon.com\/images\/I\/51MP5y7o0aL._SL500_.jpg\" \/>\n\t<meta property=\"og:image:width\" content=\"400\" \/>\n\t<meta property=\"og:image:height\" content=\"500\" \/>\n\t<meta property=\"og:image:type\" content=\"image\/jpeg\" \/>\n<meta name=\"twitter:card\" content=\"summary_large_image\" \/>\n<meta name=\"twitter:label1\" content=\"Gesch\u00e4tzte Lesezeit\" \/>\n\t<meta name=\"twitter:data1\" content=\"1\u00a0Minute\" \/>\n<script type=\"application\/ld+json\" class=\"yoast-schema-graph\">{\"@context\":\"https:\\\/\\\/schema.org\",\"@graph\":[{\"@type\":\"WebPage\",\"@id\":\"https:\\\/\\\/marktxxl.de\\\/markt\\\/produkt\\\/2x-erste-hilfe-kasten-mit-inhalt-nach-neuer-din-131572021-i-inkl-praktischer-wandhalterung-5x-aufkleber-plombe-i-erste-hilfe-koffer-fuer-betriebe-einrichtungen-zuhause\\\/\",\"url\":\"https:\\\/\\\/marktxxl.de\\\/markt\\\/produkt\\\/2x-erste-hilfe-kasten-mit-inhalt-nach-neuer-din-131572021-i-inkl-praktischer-wandhalterung-5x-aufkleber-plombe-i-erste-hilfe-koffer-fuer-betriebe-einrichtungen-zuhause\\\/\",\"name\":\"2x Erste Hilfe Kasten mit Inhalt nach neuer DIN 13157:2021 I Inkl. praktischer Wandhalterung, 5x Aufkleber &amp; Plombe I\u2026 - Markt-XXL\",\"isPartOf\":{\"@id\":\"https:\\\/\\\/marktxxl.de\\\/markt\\\/#website\"},\"primaryImageOfPage\":{\"@id\":\"https:\\\/\\\/marktxxl.de\\\/markt\\\/produkt\\\/2x-erste-hilfe-kasten-mit-inhalt-nach-neuer-din-131572021-i-inkl-praktischer-wandhalterung-5x-aufkleber-plombe-i-erste-hilfe-koffer-fuer-betriebe-einrichtungen-zuhause\\\/#primaryimage\"},\"image\":{\"@id\":\"https:\\\/\\\/marktxxl.de\\\/markt\\\/produkt\\\/2x-erste-hilfe-kasten-mit-inhalt-nach-neuer-din-131572021-i-inkl-praktischer-wandhalterung-5x-aufkleber-plombe-i-erste-hilfe-koffer-fuer-betriebe-einrichtungen-zuhause\\\/#primaryimage\"},\"thumbnailUrl\":\"https:\\\/\\\/m.media-amazon.com\\\/images\\\/I\\\/51MP5y7o0aL._SL500_.jpg\",\"datePublished\":\"2022-11-11T00:55:55+00:00\",\"dateModified\":\"2023-04-10T02:54:38+00:00\",\"description\":\"Markt-XXL 2x Erste Hilfe Kasten mit Inhalt nach neuer DIN 13157:2021 I Inkl. praktischer Wandhalterung, 5x Aufkleber &amp; Plombe I\u2026\",\"breadcrumb\":{\"@id\":\"https:\\\/\\\/marktxxl.de\\\/markt\\\/produkt\\\/2x-erste-hilfe-kasten-mit-inhalt-nach-neuer-din-131572021-i-inkl-praktischer-wandhalterung-5x-aufkleber-plombe-i-erste-hilfe-koffer-fuer-betriebe-einrichtungen-zuhause\\\/#breadcrumb\"},\"inLanguage\":\"de\",\"potentialAction\":[{\"@type\":\"ReadAction\",\"target\":[\"https:\\\/\\\/marktxxl.de\\\/markt\\\/produkt\\\/2x-erste-hilfe-kasten-mit-inhalt-nach-neuer-din-131572021-i-inkl-praktischer-wandhalterung-5x-aufkleber-plombe-i-erste-hilfe-koffer-fuer-betriebe-einrichtungen-zuhause\\\/\"]}]},{\"@type\":\"ImageObject\",\"inLanguage\":\"de\",\"@id\":\"https:\\\/\\\/marktxxl.de\\\/markt\\\/produkt\\\/2x-erste-hilfe-kasten-mit-inhalt-nach-neuer-din-131572021-i-inkl-praktischer-wandhalterung-5x-aufkleber-plombe-i-erste-hilfe-koffer-fuer-betriebe-einrichtungen-zuhause\\\/#primaryimage\",\"url\":\"https:\\\/\\\/m.media-amazon.com\\\/images\\\/I\\\/51MP5y7o0aL._SL500_.jpg\",\"contentUrl\":\"https:\\\/\\\/m.media-amazon.com\\\/images\\\/I\\\/51MP5y7o0aL._SL500_.jpg\",\"width\":400,\"height\":500},{\"@type\":\"BreadcrumbList\",\"@id\":\"https:\\\/\\\/marktxxl.de\\\/markt\\\/produkt\\\/2x-erste-hilfe-kasten-mit-inhalt-nach-neuer-din-131572021-i-inkl-praktischer-wandhalterung-5x-aufkleber-plombe-i-erste-hilfe-koffer-fuer-betriebe-einrichtungen-zuhause\\\/#breadcrumb\",\"itemListElement\":[{\"@type\":\"ListItem\",\"position\":1,\"name\":\"Startseite\",\"item\":\"https:\\\/\\\/marktxxl.de\\\/markt\\\/\"},{\"@type\":\"ListItem\",\"position\":2,\"name\":\"Markt\",\"item\":\"https:\\\/\\\/marktxxl.de\\\/markt\\\/\"},{\"@type\":\"ListItem\",\"position\":3,\"name\":\"2x Erste Hilfe Kasten mit Inhalt nach neuer DIN 13157:2021 I Inkl. praktischer Wandhalterung, 5x Aufkleber &amp; Plombe I\u2026\"}]},{\"@type\":\"WebSite\",\"@id\":\"https:\\\/\\\/marktxxl.de\\\/markt\\\/#website\",\"url\":\"https:\\\/\\\/marktxxl.de\\\/markt\\\/\",\"name\":\"Markt-XXL\",\"description\":\"Ihr Markt Online\",\"publisher\":{\"@id\":\"https:\\\/\\\/marktxxl.de\\\/markt\\\/#organization\"},\"potentialAction\":[{\"@type\":\"SearchAction\",\"target\":{\"@type\":\"EntryPoint\",\"urlTemplate\":\"https:\\\/\\\/marktxxl.de\\\/markt\\\/?s={search_term_string}\"},\"query-input\":{\"@type\":\"PropertyValueSpecification\",\"valueRequired\":true,\"valueName\":\"search_term_string\"}}],\"inLanguage\":\"de\"},{\"@type\":\"Organization\",\"@id\":\"https:\\\/\\\/marktxxl.de\\\/markt\\\/#organization\",\"name\":\"Markt-XXL\",\"url\":\"https:\\\/\\\/marktxxl.de\\\/markt\\\/\",\"logo\":{\"@type\":\"ImageObject\",\"inLanguage\":\"de\",\"@id\":\"https:\\\/\\\/marktxxl.de\\\/markt\\\/#\\\/schema\\\/logo\\\/image\\\/\",\"url\":\"https:\\\/\\\/marktxxl.de\\\/markt\\\/wp-content\\\/uploads\\\/sites\\\/3\\\/2020\\\/12\\\/logo.png\",\"contentUrl\":\"https:\\\/\\\/marktxxl.de\\\/markt\\\/wp-content\\\/uploads\\\/sites\\\/3\\\/2020\\\/12\\\/logo.png\",\"width\":200,\"height\":70,\"caption\":\"Markt-XXL\"},\"image\":{\"@id\":\"https:\\\/\\\/marktxxl.de\\\/markt\\\/#\\\/schema\\\/logo\\\/image\\\/\"}}]}<\/script>\n<!-- \/ Yoast SEO plugin. -->","yoast_head_json":{"title":"2x Erste Hilfe Kasten mit Inhalt nach neuer DIN 13157:2021 I Inkl. praktischer Wandhalterung, 5x Aufkleber &amp; Plombe I\u2026 - Markt-XXL","description":"Markt-XXL 2x Erste Hilfe Kasten mit Inhalt nach neuer DIN 13157:2021 I Inkl. praktischer Wandhalterung, 5x Aufkleber &amp; Plombe I\u2026","robots":{"index":"index","follow":"follow","max-snippet":"max-snippet:-1","max-image-preview":"max-image-preview:large","max-video-preview":"max-video-preview:-1"},"canonical":"https:\/\/marktxxl.de\/markt\/produkt\/2x-erste-hilfe-kasten-mit-inhalt-nach-neuer-din-131572021-i-inkl-praktischer-wandhalterung-5x-aufkleber-plombe-i-erste-hilfe-koffer-fuer-betriebe-einrichtungen-zuhause\/","og_locale":"de_DE","og_type":"article","og_title":"2x Erste Hilfe Kasten mit Inhalt nach neuer DIN 13157:2021 I Inkl. praktischer Wandhalterung, 5x Aufkleber &amp; Plombe I\u2026 - Markt-XXL","og_description":"Markt-XXL 2x Erste Hilfe Kasten mit Inhalt nach neuer DIN 13157:2021 I Inkl. praktischer Wandhalterung, 5x Aufkleber &amp; Plombe I\u2026","og_url":"https:\/\/marktxxl.de\/markt\/produkt\/2x-erste-hilfe-kasten-mit-inhalt-nach-neuer-din-131572021-i-inkl-praktischer-wandhalterung-5x-aufkleber-plombe-i-erste-hilfe-koffer-fuer-betriebe-einrichtungen-zuhause\/","og_site_name":"Markt-XXL","article_modified_time":"2023-04-10T02:54:38+00:00","og_image":[{"width":400,"height":500,"url":"https:\/\/m.media-amazon.com\/images\/I\/51MP5y7o0aL._SL500_.jpg","type":"image\/jpeg"}],"twitter_card":"summary_large_image","twitter_misc":{"Gesch\u00e4tzte Lesezeit":"1\u00a0Minute"},"schema":{"@context":"https:\/\/schema.org","@graph":[{"@type":"WebPage","@id":"https:\/\/marktxxl.de\/markt\/produkt\/2x-erste-hilfe-kasten-mit-inhalt-nach-neuer-din-131572021-i-inkl-praktischer-wandhalterung-5x-aufkleber-plombe-i-erste-hilfe-koffer-fuer-betriebe-einrichtungen-zuhause\/","url":"https:\/\/marktxxl.de\/markt\/produkt\/2x-erste-hilfe-kasten-mit-inhalt-nach-neuer-din-131572021-i-inkl-praktischer-wandhalterung-5x-aufkleber-plombe-i-erste-hilfe-koffer-fuer-betriebe-einrichtungen-zuhause\/","name":"2x Erste Hilfe Kasten mit Inhalt nach neuer DIN 13157:2021 I Inkl. praktischer Wandhalterung, 5x Aufkleber &amp; Plombe I\u2026 - Markt-XXL","isPartOf":{"@id":"https:\/\/marktxxl.de\/markt\/#website"},"primaryImageOfPage":{"@id":"https:\/\/marktxxl.de\/markt\/produkt\/2x-erste-hilfe-kasten-mit-inhalt-nach-neuer-din-131572021-i-inkl-praktischer-wandhalterung-5x-aufkleber-plombe-i-erste-hilfe-koffer-fuer-betriebe-einrichtungen-zuhause\/#primaryimage"},"image":{"@id":"https:\/\/marktxxl.de\/markt\/produkt\/2x-erste-hilfe-kasten-mit-inhalt-nach-neuer-din-131572021-i-inkl-praktischer-wandhalterung-5x-aufkleber-plombe-i-erste-hilfe-koffer-fuer-betriebe-einrichtungen-zuhause\/#primaryimage"},"thumbnailUrl":"https:\/\/m.media-amazon.com\/images\/I\/51MP5y7o0aL._SL500_.jpg","datePublished":"2022-11-11T00:55:55+00:00","dateModified":"2023-04-10T02:54:38+00:00","description":"Markt-XXL 2x Erste Hilfe Kasten mit Inhalt nach neuer DIN 13157:2021 I Inkl. praktischer Wandhalterung, 5x Aufkleber &amp; Plombe I\u2026","breadcrumb":{"@id":"https:\/\/marktxxl.de\/markt\/produkt\/2x-erste-hilfe-kasten-mit-inhalt-nach-neuer-din-131572021-i-inkl-praktischer-wandhalterung-5x-aufkleber-plombe-i-erste-hilfe-koffer-fuer-betriebe-einrichtungen-zuhause\/#breadcrumb"},"inLanguage":"de","potentialAction":[{"@type":"ReadAction","target":["https:\/\/marktxxl.de\/markt\/produkt\/2x-erste-hilfe-kasten-mit-inhalt-nach-neuer-din-131572021-i-inkl-praktischer-wandhalterung-5x-aufkleber-plombe-i-erste-hilfe-koffer-fuer-betriebe-einrichtungen-zuhause\/"]}]},{"@type":"ImageObject","inLanguage":"de","@id":"https:\/\/marktxxl.de\/markt\/produkt\/2x-erste-hilfe-kasten-mit-inhalt-nach-neuer-din-131572021-i-inkl-praktischer-wandhalterung-5x-aufkleber-plombe-i-erste-hilfe-koffer-fuer-betriebe-einrichtungen-zuhause\/#primaryimage","url":"https:\/\/m.media-amazon.com\/images\/I\/51MP5y7o0aL._SL500_.jpg","contentUrl":"https:\/\/m.media-amazon.com\/images\/I\/51MP5y7o0aL._SL500_.jpg","width":400,"height":500},{"@type":"BreadcrumbList","@id":"https:\/\/marktxxl.de\/markt\/produkt\/2x-erste-hilfe-kasten-mit-inhalt-nach-neuer-din-131572021-i-inkl-praktischer-wandhalterung-5x-aufkleber-plombe-i-erste-hilfe-koffer-fuer-betriebe-einrichtungen-zuhause\/#breadcrumb","itemListElement":[{"@type":"ListItem","position":1,"name":"Startseite","item":"https:\/\/marktxxl.de\/markt\/"},{"@type":"ListItem","position":2,"name":"Markt","item":"https:\/\/marktxxl.de\/markt\/"},{"@type":"ListItem","position":3,"name":"2x Erste Hilfe Kasten mit Inhalt nach neuer DIN 13157:2021 I Inkl. praktischer Wandhalterung, 5x Aufkleber &amp; Plombe I\u2026"}]},{"@type":"WebSite","@id":"https:\/\/marktxxl.de\/markt\/#website","url":"https:\/\/marktxxl.de\/markt\/","name":"Markt-XXL","description":"Ihr Markt Online","publisher":{"@id":"https:\/\/marktxxl.de\/markt\/#organization"},"potentialAction":[{"@type":"SearchAction","target":{"@type":"EntryPoint","urlTemplate":"https:\/\/marktxxl.de\/markt\/?s={search_term_string}"},"query-input":{"@type":"PropertyValueSpecification","valueRequired":true,"valueName":"search_term_string"}}],"inLanguage":"de"},{"@type":"Organization","@id":"https:\/\/marktxxl.de\/markt\/#organization","name":"Markt-XXL","url":"https:\/\/marktxxl.de\/markt\/","logo":{"@type":"ImageObject","inLanguage":"de","@id":"https:\/\/marktxxl.de\/markt\/#\/schema\/logo\/image\/","url":"https:\/\/marktxxl.de\/markt\/wp-content\/uploads\/sites\/3\/2020\/12\/logo.png","contentUrl":"https:\/\/marktxxl.de\/markt\/wp-content\/uploads\/sites\/3\/2020\/12\/logo.png","width":200,"height":70,"caption":"Markt-XXL"},"image":{"@id":"https:\/\/marktxxl.de\/markt\/#\/schema\/logo\/image\/"}}]}},"_links":{"self":[{"href":"https:\/\/marktxxl.de\/markt\/wp-json\/wp\/v2\/product\/162613","targetHints":{"allow":["GET"]}}],"collection":[{"href":"https:\/\/marktxxl.de\/markt\/wp-json\/wp\/v2\/product"}],"about":[{"href":"https:\/\/marktxxl.de\/markt\/wp-json\/wp\/v2\/types\/product"}],"replies":[{"embeddable":true,"href":"https:\/\/marktxxl.de\/markt\/wp-json\/wp\/v2\/comments?post=162613"}],"wp:featuredmedia":[{"embeddable":true,"href":"https:\/\/marktxxl.de\/markt\/wp-json\/wp\/v2\/media\/162614"}],"wp:attachment":[{"href":"https:\/\/marktxxl.de\/markt\/wp-json\/wp\/v2\/media?parent=162613"}],"wp:term":[{"taxonomy":"product_brand","embeddable":true,"href":"https:\/\/marktxxl.de\/markt\/wp-json\/wp\/v2\/product_brand?post=162613"},{"taxonomy":"product_cat","embeddable":true,"href":"https:\/\/marktxxl.de\/markt\/wp-json\/wp\/v2\/product_cat?post=162613"},{"taxonomy":"product_tag","embeddable":true,"href":"https:\/\/marktxxl.de\/markt\/wp-json\/wp\/v2\/product_tag?post=162613"}],"curies":[{"name":"wp","href":"https:\/\/api.w.org\/{rel}","templated":true}]}}