{"id":162606,"date":"2022-11-11T01:55:45","date_gmt":"2022-11-11T00:55:45","guid":{"rendered":"https:\/\/marktxxl.de\/markt\/produkt\/navaris-2x-loeschdecke-aus-glasfaser-120-x120m-2er-set-feuerloeschdecke-fettbraende-brandschutzdecke-kueche-auto-feuerdecke-feuerloescher-decke\/"},"modified":"2023-04-10T04:54:37","modified_gmt":"2023-04-10T02:54:37","slug":"navaris-2x-loeschdecke-aus-glasfaser-120-x120m-2er-set-feuerloeschdecke-fettbraende-brandschutzdecke-kueche-auto-feuerdecke-feuerloescher-decke","status":"publish","type":"product","link":"https:\/\/marktxxl.de\/markt\/produkt\/navaris-2x-loeschdecke-aus-glasfaser-120-x120m-2er-set-feuerloeschdecke-fettbraende-brandschutzdecke-kueche-auto-feuerdecke-feuerloescher-decke\/","title":{"rendered":"Navaris 2x L\u00f6schdecke aus Glasfaser 1,20 x1,20m &#8211; 2er Set Feuerl\u00f6schdecke Fettbr\u00e4nde &#8211; Brandschutzdecke K\u00fcche Auto\u2026"},"content":{"rendered":"<p>BRANDSCHUTZ: Die Feuerschutzdecke aus 100% Glasfaser gibt Dir zus\u00e4tzliche Sicherheit im Wohnbereich, Auto oder in der Gastronomie, denn sie l\u00f6scht zuverl\u00e4ssig kleine Br\u00e4nde.<br \/>\nUNF\u00c4LLE: Vor allem in der K\u00fcche enstehen schnell Feuer durch brennendes Fett oder \u00d6l &#8211; diese sollte man auf keinen Fall mit Wasser l\u00f6schen! Die Branddecke l\u00f6scht die Flammen durch Ersticken.<br \/>\nDETAILS: Im Lieferumfang enthalten sind zwei Feuerl\u00f6schdecken mit einer Gr\u00f6\u00dfe von 1,20&#215;1,20m aus Glasfaser mit Zugb\u00e4ndern f\u00fcr eine schnelle Entnahme.<br \/>\nINSTALLATION: Die feuerfeste Decke kannst Du durch das Loch in der oberen Mitte an der Wand aufh\u00e4ngen (Befestigungsmittel nicht enthalten). Am Besten h\u00e4ngst Du das Set in der N\u00e4he vom K\u00fcchenherd auf, so hast Du es bei Gefahr schnell zur Hand.<br \/>\nSCHUTZ: Feuerl\u00f6schdecken sind die ideale Erg\u00e4nzung zum Erste Hilfe Set, Feuermelder und Feuerl\u00f6scher in Haus, Wohnung und Wohnmobil. Mit \u00e4u\u00dferster Vorsicht zu verwenden! Bei gro\u00dfen Br\u00e4nden die Feuerwehr verst\u00e4ndigen.<br \/>\n<div class=\"main-cross-sell\" data-asin=\"B08GC7X3ZY\">\n\n\t<div class=\"WooZone-cross-sell-loader\">\n\t\t<div>\n\t\t\t<div id=\"floatingBarsG\">\n\t\t\t\t<div class=\"blockG\" id=\"rotateG_01\"><\/div>\n\t\t\t\t<div class=\"blockG\" id=\"rotateG_02\"><\/div>\n\t\t\t\t<div class=\"blockG\" id=\"rotateG_03\"><\/div>\n\t\t\t\t<div class=\"blockG\" id=\"rotateG_04\"><\/div>\n\t\t\t\t<div class=\"blockG\" id=\"rotateG_05\"><\/div>\n\t\t\t\t<div class=\"blockG\" id=\"rotateG_06\"><\/div>\n\t\t\t\t<div class=\"blockG\" id=\"rotateG_07\"><\/div>\n\t\t\t\t<div class=\"blockG\" id=\"rotateG_08\"><\/div>\n\t\t\t<\/div>\n\t\t\t<div class=\"WooZone-cross-sell-loader-text\"><\/div>\n\t\t<\/div>\n\t<\/div>\n\n\t\t\n<\/div>\n<div style=\"clear:both;\"><\/div><\/p>\n","protected":false},"excerpt":{"rendered":"<p>BRANDSCHUTZ: Die Feuerschutzdecke aus 100% Glasfaser gibt Dir zus\u00e4tzliche Sicherheit im Wohnbereich, Auto oder in der Gastronomie, denn sie l\u00f6scht zuverl\u00e4ssig kleine Br\u00e4nde.<br \/>\nUNF\u00c4LLE: Vor allem in der K\u00fcche enstehen schnell Feuer durch brennendes Fett oder \u00d6l &#8211; diese sollte man auf keinen Fall mit Wasser l\u00f6schen! Die Branddecke l\u00f6scht die Flammen durch Ersticken.<br \/>\nDETAILS: Im Lieferumfang enthalten sind zwei Feuerl\u00f6schdecken mit einer Gr\u00f6\u00dfe von 1,20&#215;1,20m aus Glasfaser mit Zugb\u00e4ndern f\u00fcr eine schnelle Entnahme.<\/p>\n","protected":false},"featured_media":162607,"comment_status":"open","ping_status":"closed","template":"","meta":[],"product_brand":[],"product_cat":[1983,11380],"product_tag":[],"class_list":{"0":"post-162606","1":"product","2":"type-product","3":"status-publish","4":"has-post-thumbnail","6":"product_cat-baumarkt","7":"product_cat-sicherheitstechnik","8":"pa_binding-misc","9":"pa_brand-navaris","10":"pa_color-rot","11":"pa_height-2-99212-zoll","12":"pa_length-15-748-zoll","13":"pa_manufacturer-kw-commerce","14":"pa_model-52053-02_m000486","15":"pa_weight-3-11733638468-pfund","16":"pa_width-9-76376-zoll","18":"first","19":"instock","20":"shipping-taxable","21":"purchasable","22":"product-type-simple","23":"customify-col","24":"product-has-gallery"},"yoast_head":"<!-- This site is optimized with the Yoast SEO plugin v27.3 - https:\/\/yoast.com\/product\/yoast-seo-wordpress\/ -->\n<title>Navaris 2x L\u00f6schdecke aus Glasfaser 1,20 x1,20m - 2er Set Feuerl\u00f6schdecke Fettbr\u00e4nde - Brandschutzdecke K\u00fcche Auto\u2026 - Markt-XXL<\/title>\n<meta name=\"description\" content=\"Markt-XXL Navaris 2x L\u00f6schdecke aus Glasfaser 1,20 x1,20m - 2er Set Feuerl\u00f6schdecke Fettbr\u00e4nde - Brandschutzdecke K\u00fcche Auto\u2026\" \/>\n<meta name=\"robots\" content=\"index, follow, max-snippet:-1, max-image-preview:large, max-video-preview:-1\" \/>\n<link rel=\"canonical\" href=\"https:\/\/marktxxl.de\/markt\/produkt\/navaris-2x-loeschdecke-aus-glasfaser-120-x120m-2er-set-feuerloeschdecke-fettbraende-brandschutzdecke-kueche-auto-feuerdecke-feuerloescher-decke\/\" \/>\n<meta property=\"og:locale\" content=\"de_DE\" \/>\n<meta property=\"og:type\" content=\"article\" \/>\n<meta property=\"og:title\" content=\"Navaris 2x L\u00f6schdecke aus Glasfaser 1,20 x1,20m - 2er Set Feuerl\u00f6schdecke Fettbr\u00e4nde - Brandschutzdecke K\u00fcche Auto\u2026 - Markt-XXL\" \/>\n<meta property=\"og:description\" content=\"Markt-XXL Navaris 2x L\u00f6schdecke aus Glasfaser 1,20 x1,20m - 2er Set Feuerl\u00f6schdecke Fettbr\u00e4nde - Brandschutzdecke K\u00fcche Auto\u2026\" \/>\n<meta property=\"og:url\" content=\"https:\/\/marktxxl.de\/markt\/produkt\/navaris-2x-loeschdecke-aus-glasfaser-120-x120m-2er-set-feuerloeschdecke-fettbraende-brandschutzdecke-kueche-auto-feuerdecke-feuerloescher-decke\/\" \/>\n<meta property=\"og:site_name\" content=\"Markt-XXL\" \/>\n<meta property=\"article:modified_time\" content=\"2023-04-10T02:54:37+00:00\" \/>\n<meta property=\"og:image\" content=\"https:\/\/m.media-amazon.com\/images\/I\/51IMFSt4wcL._SL500_.jpg\" \/>\n\t<meta property=\"og:image:width\" content=\"500\" \/>\n\t<meta property=\"og:image:height\" content=\"500\" \/>\n\t<meta property=\"og:image:type\" content=\"image\/jpeg\" \/>\n<meta name=\"twitter:card\" content=\"summary_large_image\" \/>\n<meta name=\"twitter:label1\" content=\"Gesch\u00e4tzte Lesezeit\" \/>\n\t<meta name=\"twitter:data1\" content=\"1\u00a0Minute\" \/>\n<script type=\"application\/ld+json\" class=\"yoast-schema-graph\">{\"@context\":\"https:\\\/\\\/schema.org\",\"@graph\":[{\"@type\":\"WebPage\",\"@id\":\"https:\\\/\\\/marktxxl.de\\\/markt\\\/produkt\\\/navaris-2x-loeschdecke-aus-glasfaser-120-x120m-2er-set-feuerloeschdecke-fettbraende-brandschutzdecke-kueche-auto-feuerdecke-feuerloescher-decke\\\/\",\"url\":\"https:\\\/\\\/marktxxl.de\\\/markt\\\/produkt\\\/navaris-2x-loeschdecke-aus-glasfaser-120-x120m-2er-set-feuerloeschdecke-fettbraende-brandschutzdecke-kueche-auto-feuerdecke-feuerloescher-decke\\\/\",\"name\":\"Navaris 2x L\u00f6schdecke aus Glasfaser 1,20 x1,20m - 2er Set Feuerl\u00f6schdecke Fettbr\u00e4nde - Brandschutzdecke K\u00fcche Auto\u2026 - Markt-XXL\",\"isPartOf\":{\"@id\":\"https:\\\/\\\/marktxxl.de\\\/markt\\\/#website\"},\"primaryImageOfPage\":{\"@id\":\"https:\\\/\\\/marktxxl.de\\\/markt\\\/produkt\\\/navaris-2x-loeschdecke-aus-glasfaser-120-x120m-2er-set-feuerloeschdecke-fettbraende-brandschutzdecke-kueche-auto-feuerdecke-feuerloescher-decke\\\/#primaryimage\"},\"image\":{\"@id\":\"https:\\\/\\\/marktxxl.de\\\/markt\\\/produkt\\\/navaris-2x-loeschdecke-aus-glasfaser-120-x120m-2er-set-feuerloeschdecke-fettbraende-brandschutzdecke-kueche-auto-feuerdecke-feuerloescher-decke\\\/#primaryimage\"},\"thumbnailUrl\":\"https:\\\/\\\/m.media-amazon.com\\\/images\\\/I\\\/51IMFSt4wcL._SL500_.jpg\",\"datePublished\":\"2022-11-11T00:55:45+00:00\",\"dateModified\":\"2023-04-10T02:54:37+00:00\",\"description\":\"Markt-XXL Navaris 2x L\u00f6schdecke aus Glasfaser 1,20 x1,20m - 2er Set Feuerl\u00f6schdecke Fettbr\u00e4nde - Brandschutzdecke K\u00fcche Auto\u2026\",\"breadcrumb\":{\"@id\":\"https:\\\/\\\/marktxxl.de\\\/markt\\\/produkt\\\/navaris-2x-loeschdecke-aus-glasfaser-120-x120m-2er-set-feuerloeschdecke-fettbraende-brandschutzdecke-kueche-auto-feuerdecke-feuerloescher-decke\\\/#breadcrumb\"},\"inLanguage\":\"de\",\"potentialAction\":[{\"@type\":\"ReadAction\",\"target\":[\"https:\\\/\\\/marktxxl.de\\\/markt\\\/produkt\\\/navaris-2x-loeschdecke-aus-glasfaser-120-x120m-2er-set-feuerloeschdecke-fettbraende-brandschutzdecke-kueche-auto-feuerdecke-feuerloescher-decke\\\/\"]}]},{\"@type\":\"ImageObject\",\"inLanguage\":\"de\",\"@id\":\"https:\\\/\\\/marktxxl.de\\\/markt\\\/produkt\\\/navaris-2x-loeschdecke-aus-glasfaser-120-x120m-2er-set-feuerloeschdecke-fettbraende-brandschutzdecke-kueche-auto-feuerdecke-feuerloescher-decke\\\/#primaryimage\",\"url\":\"https:\\\/\\\/m.media-amazon.com\\\/images\\\/I\\\/51IMFSt4wcL._SL500_.jpg\",\"contentUrl\":\"https:\\\/\\\/m.media-amazon.com\\\/images\\\/I\\\/51IMFSt4wcL._SL500_.jpg\",\"width\":500,\"height\":500},{\"@type\":\"BreadcrumbList\",\"@id\":\"https:\\\/\\\/marktxxl.de\\\/markt\\\/produkt\\\/navaris-2x-loeschdecke-aus-glasfaser-120-x120m-2er-set-feuerloeschdecke-fettbraende-brandschutzdecke-kueche-auto-feuerdecke-feuerloescher-decke\\\/#breadcrumb\",\"itemListElement\":[{\"@type\":\"ListItem\",\"position\":1,\"name\":\"Startseite\",\"item\":\"https:\\\/\\\/marktxxl.de\\\/markt\\\/\"},{\"@type\":\"ListItem\",\"position\":2,\"name\":\"Markt\",\"item\":\"https:\\\/\\\/marktxxl.de\\\/markt\\\/\"},{\"@type\":\"ListItem\",\"position\":3,\"name\":\"Navaris 2x L\u00f6schdecke aus Glasfaser 1,20 x1,20m &#8211; 2er Set Feuerl\u00f6schdecke Fettbr\u00e4nde &#8211; Brandschutzdecke K\u00fcche Auto\u2026\"}]},{\"@type\":\"WebSite\",\"@id\":\"https:\\\/\\\/marktxxl.de\\\/markt\\\/#website\",\"url\":\"https:\\\/\\\/marktxxl.de\\\/markt\\\/\",\"name\":\"Markt-XXL\",\"description\":\"Ihr Markt Online\",\"publisher\":{\"@id\":\"https:\\\/\\\/marktxxl.de\\\/markt\\\/#organization\"},\"potentialAction\":[{\"@type\":\"SearchAction\",\"target\":{\"@type\":\"EntryPoint\",\"urlTemplate\":\"https:\\\/\\\/marktxxl.de\\\/markt\\\/?s={search_term_string}\"},\"query-input\":{\"@type\":\"PropertyValueSpecification\",\"valueRequired\":true,\"valueName\":\"search_term_string\"}}],\"inLanguage\":\"de\"},{\"@type\":\"Organization\",\"@id\":\"https:\\\/\\\/marktxxl.de\\\/markt\\\/#organization\",\"name\":\"Markt-XXL\",\"url\":\"https:\\\/\\\/marktxxl.de\\\/markt\\\/\",\"logo\":{\"@type\":\"ImageObject\",\"inLanguage\":\"de\",\"@id\":\"https:\\\/\\\/marktxxl.de\\\/markt\\\/#\\\/schema\\\/logo\\\/image\\\/\",\"url\":\"https:\\\/\\\/marktxxl.de\\\/markt\\\/wp-content\\\/uploads\\\/sites\\\/3\\\/2020\\\/12\\\/logo.png\",\"contentUrl\":\"https:\\\/\\\/marktxxl.de\\\/markt\\\/wp-content\\\/uploads\\\/sites\\\/3\\\/2020\\\/12\\\/logo.png\",\"width\":200,\"height\":70,\"caption\":\"Markt-XXL\"},\"image\":{\"@id\":\"https:\\\/\\\/marktxxl.de\\\/markt\\\/#\\\/schema\\\/logo\\\/image\\\/\"}}]}<\/script>\n<!-- \/ Yoast SEO plugin. -->","yoast_head_json":{"title":"Navaris 2x L\u00f6schdecke aus Glasfaser 1,20 x1,20m - 2er Set Feuerl\u00f6schdecke Fettbr\u00e4nde - Brandschutzdecke K\u00fcche Auto\u2026 - Markt-XXL","description":"Markt-XXL Navaris 2x L\u00f6schdecke aus Glasfaser 1,20 x1,20m - 2er Set Feuerl\u00f6schdecke Fettbr\u00e4nde - Brandschutzdecke K\u00fcche Auto\u2026","robots":{"index":"index","follow":"follow","max-snippet":"max-snippet:-1","max-image-preview":"max-image-preview:large","max-video-preview":"max-video-preview:-1"},"canonical":"https:\/\/marktxxl.de\/markt\/produkt\/navaris-2x-loeschdecke-aus-glasfaser-120-x120m-2er-set-feuerloeschdecke-fettbraende-brandschutzdecke-kueche-auto-feuerdecke-feuerloescher-decke\/","og_locale":"de_DE","og_type":"article","og_title":"Navaris 2x L\u00f6schdecke aus Glasfaser 1,20 x1,20m - 2er Set Feuerl\u00f6schdecke Fettbr\u00e4nde - Brandschutzdecke K\u00fcche Auto\u2026 - Markt-XXL","og_description":"Markt-XXL Navaris 2x L\u00f6schdecke aus Glasfaser 1,20 x1,20m - 2er Set Feuerl\u00f6schdecke Fettbr\u00e4nde - Brandschutzdecke K\u00fcche Auto\u2026","og_url":"https:\/\/marktxxl.de\/markt\/produkt\/navaris-2x-loeschdecke-aus-glasfaser-120-x120m-2er-set-feuerloeschdecke-fettbraende-brandschutzdecke-kueche-auto-feuerdecke-feuerloescher-decke\/","og_site_name":"Markt-XXL","article_modified_time":"2023-04-10T02:54:37+00:00","og_image":[{"width":500,"height":500,"url":"https:\/\/m.media-amazon.com\/images\/I\/51IMFSt4wcL._SL500_.jpg","type":"image\/jpeg"}],"twitter_card":"summary_large_image","twitter_misc":{"Gesch\u00e4tzte Lesezeit":"1\u00a0Minute"},"schema":{"@context":"https:\/\/schema.org","@graph":[{"@type":"WebPage","@id":"https:\/\/marktxxl.de\/markt\/produkt\/navaris-2x-loeschdecke-aus-glasfaser-120-x120m-2er-set-feuerloeschdecke-fettbraende-brandschutzdecke-kueche-auto-feuerdecke-feuerloescher-decke\/","url":"https:\/\/marktxxl.de\/markt\/produkt\/navaris-2x-loeschdecke-aus-glasfaser-120-x120m-2er-set-feuerloeschdecke-fettbraende-brandschutzdecke-kueche-auto-feuerdecke-feuerloescher-decke\/","name":"Navaris 2x L\u00f6schdecke aus Glasfaser 1,20 x1,20m - 2er Set Feuerl\u00f6schdecke Fettbr\u00e4nde - Brandschutzdecke K\u00fcche Auto\u2026 - Markt-XXL","isPartOf":{"@id":"https:\/\/marktxxl.de\/markt\/#website"},"primaryImageOfPage":{"@id":"https:\/\/marktxxl.de\/markt\/produkt\/navaris-2x-loeschdecke-aus-glasfaser-120-x120m-2er-set-feuerloeschdecke-fettbraende-brandschutzdecke-kueche-auto-feuerdecke-feuerloescher-decke\/#primaryimage"},"image":{"@id":"https:\/\/marktxxl.de\/markt\/produkt\/navaris-2x-loeschdecke-aus-glasfaser-120-x120m-2er-set-feuerloeschdecke-fettbraende-brandschutzdecke-kueche-auto-feuerdecke-feuerloescher-decke\/#primaryimage"},"thumbnailUrl":"https:\/\/m.media-amazon.com\/images\/I\/51IMFSt4wcL._SL500_.jpg","datePublished":"2022-11-11T00:55:45+00:00","dateModified":"2023-04-10T02:54:37+00:00","description":"Markt-XXL Navaris 2x L\u00f6schdecke aus Glasfaser 1,20 x1,20m - 2er Set Feuerl\u00f6schdecke Fettbr\u00e4nde - Brandschutzdecke K\u00fcche Auto\u2026","breadcrumb":{"@id":"https:\/\/marktxxl.de\/markt\/produkt\/navaris-2x-loeschdecke-aus-glasfaser-120-x120m-2er-set-feuerloeschdecke-fettbraende-brandschutzdecke-kueche-auto-feuerdecke-feuerloescher-decke\/#breadcrumb"},"inLanguage":"de","potentialAction":[{"@type":"ReadAction","target":["https:\/\/marktxxl.de\/markt\/produkt\/navaris-2x-loeschdecke-aus-glasfaser-120-x120m-2er-set-feuerloeschdecke-fettbraende-brandschutzdecke-kueche-auto-feuerdecke-feuerloescher-decke\/"]}]},{"@type":"ImageObject","inLanguage":"de","@id":"https:\/\/marktxxl.de\/markt\/produkt\/navaris-2x-loeschdecke-aus-glasfaser-120-x120m-2er-set-feuerloeschdecke-fettbraende-brandschutzdecke-kueche-auto-feuerdecke-feuerloescher-decke\/#primaryimage","url":"https:\/\/m.media-amazon.com\/images\/I\/51IMFSt4wcL._SL500_.jpg","contentUrl":"https:\/\/m.media-amazon.com\/images\/I\/51IMFSt4wcL._SL500_.jpg","width":500,"height":500},{"@type":"BreadcrumbList","@id":"https:\/\/marktxxl.de\/markt\/produkt\/navaris-2x-loeschdecke-aus-glasfaser-120-x120m-2er-set-feuerloeschdecke-fettbraende-brandschutzdecke-kueche-auto-feuerdecke-feuerloescher-decke\/#breadcrumb","itemListElement":[{"@type":"ListItem","position":1,"name":"Startseite","item":"https:\/\/marktxxl.de\/markt\/"},{"@type":"ListItem","position":2,"name":"Markt","item":"https:\/\/marktxxl.de\/markt\/"},{"@type":"ListItem","position":3,"name":"Navaris 2x L\u00f6schdecke aus Glasfaser 1,20 x1,20m &#8211; 2er Set Feuerl\u00f6schdecke Fettbr\u00e4nde &#8211; Brandschutzdecke K\u00fcche Auto\u2026"}]},{"@type":"WebSite","@id":"https:\/\/marktxxl.de\/markt\/#website","url":"https:\/\/marktxxl.de\/markt\/","name":"Markt-XXL","description":"Ihr Markt Online","publisher":{"@id":"https:\/\/marktxxl.de\/markt\/#organization"},"potentialAction":[{"@type":"SearchAction","target":{"@type":"EntryPoint","urlTemplate":"https:\/\/marktxxl.de\/markt\/?s={search_term_string}"},"query-input":{"@type":"PropertyValueSpecification","valueRequired":true,"valueName":"search_term_string"}}],"inLanguage":"de"},{"@type":"Organization","@id":"https:\/\/marktxxl.de\/markt\/#organization","name":"Markt-XXL","url":"https:\/\/marktxxl.de\/markt\/","logo":{"@type":"ImageObject","inLanguage":"de","@id":"https:\/\/marktxxl.de\/markt\/#\/schema\/logo\/image\/","url":"https:\/\/marktxxl.de\/markt\/wp-content\/uploads\/sites\/3\/2020\/12\/logo.png","contentUrl":"https:\/\/marktxxl.de\/markt\/wp-content\/uploads\/sites\/3\/2020\/12\/logo.png","width":200,"height":70,"caption":"Markt-XXL"},"image":{"@id":"https:\/\/marktxxl.de\/markt\/#\/schema\/logo\/image\/"}}]}},"_links":{"self":[{"href":"https:\/\/marktxxl.de\/markt\/wp-json\/wp\/v2\/product\/162606","targetHints":{"allow":["GET"]}}],"collection":[{"href":"https:\/\/marktxxl.de\/markt\/wp-json\/wp\/v2\/product"}],"about":[{"href":"https:\/\/marktxxl.de\/markt\/wp-json\/wp\/v2\/types\/product"}],"replies":[{"embeddable":true,"href":"https:\/\/marktxxl.de\/markt\/wp-json\/wp\/v2\/comments?post=162606"}],"wp:featuredmedia":[{"embeddable":true,"href":"https:\/\/marktxxl.de\/markt\/wp-json\/wp\/v2\/media\/162607"}],"wp:attachment":[{"href":"https:\/\/marktxxl.de\/markt\/wp-json\/wp\/v2\/media?parent=162606"}],"wp:term":[{"taxonomy":"product_brand","embeddable":true,"href":"https:\/\/marktxxl.de\/markt\/wp-json\/wp\/v2\/product_brand?post=162606"},{"taxonomy":"product_cat","embeddable":true,"href":"https:\/\/marktxxl.de\/markt\/wp-json\/wp\/v2\/product_cat?post=162606"},{"taxonomy":"product_tag","embeddable":true,"href":"https:\/\/marktxxl.de\/markt\/wp-json\/wp\/v2\/product_tag?post=162606"}],"curies":[{"name":"wp","href":"https:\/\/api.w.org\/{rel}","templated":true}]}}