{"id":162422,"date":"2022-11-11T00:55:45","date_gmt":"2022-11-10T23:55:45","guid":{"rendered":"https:\/\/marktxxl.de\/markt\/produkt\/magnetische-wimpern-magnet-wimpern-mit-eyelinerkuenstliche-wimpern-magnetisch-wasserfest-3d-magnetwimpernset-mit-eyeliner-magnetic-lashes-weiche-falsche-wimpern-natuerliche-wimpern-set-7-stile\/"},"modified":"2023-04-10T04:54:35","modified_gmt":"2023-04-10T02:54:35","slug":"magnetische-wimpern-magnet-wimpern-mit-eyelinerkuenstliche-wimpern-magnetisch-wasserfest-3d-magnetwimpernset-mit-eyeliner-magnetic-lashes-weiche-falsche-wimpern-natuerliche-wimpern-set-7-stile","status":"publish","type":"product","link":"https:\/\/marktxxl.de\/markt\/produkt\/magnetische-wimpern-magnet-wimpern-mit-eyelinerkuenstliche-wimpern-magnetisch-wasserfest-3d-magnetwimpernset-mit-eyeliner-magnetic-lashes-weiche-falsche-wimpern-natuerliche-wimpern-set-7-stile\/","title":{"rendered":"Magnetische Wimpern, Magnet Wimpern mit Eyeliner,K\u00fcnstliche Wimpern Magnetisch Wasserfest, 3D Magnetwimpernset mit\u2026"},"content":{"rendered":"<p>[ERGEBNIS] &#8211; Lange und dichte Wimpern magnetisch mit sichtbar mehr Volumen und Verdickungseffekt f\u00fcr Deine Augen, die Deiner Charme in k\u00fcrzester Zeit erh\u00f6hen. Wegen der gro\u00dfen Nachfrage ist es oft ausverkauft.<br \/>\n[Wissenschaft] &#8211; Ausgiebig getestete Inhaltsstoffe und Hunderttausende zufriedene Kunden bilden das R\u00fcckgrat unseres Selbstvertrauens. Optimierte Viskosit\u00e4t vermeidet ein Verlaufen des Produkts. MAZEJO k\u00fcnstliche wimpern sind ideal f\u00fcr einen vollen Tag und verschmieren nicht vor Schwei\u00df.<br \/>\n[Es geht um Dich] &#8211; Breite Palette von Stilen f\u00fcr viele Gelegenheiten. Man kann falsche Wimpern den ganzen Tag tragen,ohne sich schwer zu f\u00fchlen. 7 Paar Magnet Wimpern und 2x5ml Magnet Eyeliner &#8211; Ausreichend f\u00fcr mehrfachen Gebrauch. 500\uff0c000 Frauen nutzen magnetische Wimpern mit Eyeliner. Unz\u00e4hlige Vorher\/Nachher Fotos zeigen Dir die Wirksamkeit.<br \/>\n[H\u00e4ufigstes Geschenk] &#8211; Sch\u00f6n und bezahlbar. Sorgf\u00e4ltig gestaltetes Aussehen und Sch\u00f6ne Verpackung, das beste Geschenk f\u00fcr Wimpernliebhaber. Der Wimpern Set ist geeignet f\u00fcr Dates, Halloween, Muttertag, Valentinstag, Weihnachten und Geburtstag<br \/>\n[100% Zufriedenheit] -Wenn Sie ein defektes Wimpern Set erhalten oder es Ihnen nicht gef\u00e4llt, schreiben Sie uns bitte Email. Sie werden ein neues Magnetwimpernset mit Eyeliner bekommen oder die 100% R\u00fcckerstattung erhalten.<br \/>\n<div class=\"main-cross-sell\" data-asin=\"B0BF4MCB5R\">\n\n\t<div class=\"WooZone-cross-sell-loader\">\n\t\t<div>\n\t\t\t<div id=\"floatingBarsG\">\n\t\t\t\t<div class=\"blockG\" id=\"rotateG_01\"><\/div>\n\t\t\t\t<div class=\"blockG\" id=\"rotateG_02\"><\/div>\n\t\t\t\t<div class=\"blockG\" id=\"rotateG_03\"><\/div>\n\t\t\t\t<div class=\"blockG\" id=\"rotateG_04\"><\/div>\n\t\t\t\t<div class=\"blockG\" id=\"rotateG_05\"><\/div>\n\t\t\t\t<div class=\"blockG\" id=\"rotateG_06\"><\/div>\n\t\t\t\t<div class=\"blockG\" id=\"rotateG_07\"><\/div>\n\t\t\t\t<div class=\"blockG\" id=\"rotateG_08\"><\/div>\n\t\t\t<\/div>\n\t\t\t<div class=\"WooZone-cross-sell-loader-text\"><\/div>\n\t\t<\/div>\n\t<\/div>\n\n\t\t\n<\/div>\n<div style=\"clear:both;\"><\/div><\/p>\n","protected":false},"excerpt":{"rendered":"<p>[ERGEBNIS] &#8211; Lange und dichte Wimpern magnetisch mit sichtbar mehr Volumen und Verdickungseffekt f\u00fcr Deine Augen, die Deiner Charme in k\u00fcrzester Zeit erh\u00f6hen. Wegen der gro\u00dfen Nachfrage ist es oft ausverkauft.<br \/>\n[Wissenschaft] &#8211; Ausgiebig getestete Inhaltsstoffe und Hunderttausende zufriedene Kunden bilden das R\u00fcckgrat unseres Selbstvertrauens. Optimierte Viskosit\u00e4t vermeidet ein Verlaufen des Produkts. MAZEJO k\u00fcnstliche wimpern sind ideal f\u00fcr einen vollen Tag und verschmieren nicht vor Schwei\u00df.<br \/>\n[Es geht um Dich] &#8211; Breite Palette von Stilen f\u00fcr viele Gelegenheiten. Man kann falsche Wimpern den ganzen Tag tragen,ohne sich schwer zu f\u00fchlen. 7 Paar Magnet Wimpern und 2x5ml Magnet Eyeliner &#8211; Ausreichend f\u00fcr mehrfachen Gebrauch. 500\uff0c000 Frauen nutzen magnetische Wimpern mit Eyeliner. Unz\u00e4hlige Vorher\/Nachher Fotos zeigen Dir die Wirksamkeit.<\/p>\n","protected":false},"featured_media":162423,"comment_status":"open","ping_status":"closed","template":"","meta":[],"product_brand":[],"product_cat":[2858,7575],"product_tag":[],"class_list":{"0":"post-162422","1":"product","2":"type-product","3":"status-publish","4":"has-post-thumbnail","6":"product_cat-beauty","7":"product_cat-make-up","8":"pa_brand-mazejo","9":"pa_manufacturer-mazejo","11":"first","12":"instock","13":"shipping-taxable","14":"purchasable","15":"product-type-simple","16":"customify-col","17":"product-has-gallery"},"yoast_head":"<!-- This site is optimized with the Yoast SEO plugin v27.3 - https:\/\/yoast.com\/product\/yoast-seo-wordpress\/ -->\n<title>Magnetische Wimpern, Magnet Wimpern mit Eyeliner,K\u00fcnstliche Wimpern Magnetisch Wasserfest, 3D Magnetwimpernset mit\u2026 - Markt-XXL<\/title>\n<meta name=\"description\" content=\"Markt-XXL Magnetische Wimpern, Magnet Wimpern mit Eyeliner,K\u00fcnstliche Wimpern Magnetisch Wasserfest, 3D Magnetwimpernset mit\u2026\" \/>\n<meta name=\"robots\" content=\"index, follow, max-snippet:-1, max-image-preview:large, max-video-preview:-1\" \/>\n<link rel=\"canonical\" href=\"https:\/\/marktxxl.de\/markt\/produkt\/magnetische-wimpern-magnet-wimpern-mit-eyelinerkuenstliche-wimpern-magnetisch-wasserfest-3d-magnetwimpernset-mit-eyeliner-magnetic-lashes-weiche-falsche-wimpern-natuerliche-wimpern-set-7-stile\/\" \/>\n<meta property=\"og:locale\" content=\"de_DE\" \/>\n<meta property=\"og:type\" content=\"article\" \/>\n<meta property=\"og:title\" content=\"Magnetische Wimpern, Magnet Wimpern mit Eyeliner,K\u00fcnstliche Wimpern Magnetisch Wasserfest, 3D Magnetwimpernset mit\u2026 - Markt-XXL\" \/>\n<meta property=\"og:description\" content=\"Markt-XXL Magnetische Wimpern, Magnet Wimpern mit Eyeliner,K\u00fcnstliche Wimpern Magnetisch Wasserfest, 3D Magnetwimpernset mit\u2026\" \/>\n<meta property=\"og:url\" content=\"https:\/\/marktxxl.de\/markt\/produkt\/magnetische-wimpern-magnet-wimpern-mit-eyelinerkuenstliche-wimpern-magnetisch-wasserfest-3d-magnetwimpernset-mit-eyeliner-magnetic-lashes-weiche-falsche-wimpern-natuerliche-wimpern-set-7-stile\/\" \/>\n<meta property=\"og:site_name\" content=\"Markt-XXL\" \/>\n<meta property=\"article:modified_time\" content=\"2023-04-10T02:54:35+00:00\" \/>\n<meta property=\"og:image\" content=\"https:\/\/m.media-amazon.com\/images\/I\/51eRyShuDyL._SL500_.jpg\" \/>\n\t<meta property=\"og:image:width\" content=\"500\" \/>\n\t<meta property=\"og:image:height\" content=\"500\" \/>\n\t<meta property=\"og:image:type\" content=\"image\/jpeg\" \/>\n<meta name=\"twitter:card\" content=\"summary_large_image\" \/>\n<meta name=\"twitter:label1\" content=\"Gesch\u00e4tzte Lesezeit\" \/>\n\t<meta name=\"twitter:data1\" content=\"1\u00a0Minute\" \/>\n<script type=\"application\/ld+json\" class=\"yoast-schema-graph\">{\"@context\":\"https:\\\/\\\/schema.org\",\"@graph\":[{\"@type\":\"WebPage\",\"@id\":\"https:\\\/\\\/marktxxl.de\\\/markt\\\/produkt\\\/magnetische-wimpern-magnet-wimpern-mit-eyelinerkuenstliche-wimpern-magnetisch-wasserfest-3d-magnetwimpernset-mit-eyeliner-magnetic-lashes-weiche-falsche-wimpern-natuerliche-wimpern-set-7-stile\\\/\",\"url\":\"https:\\\/\\\/marktxxl.de\\\/markt\\\/produkt\\\/magnetische-wimpern-magnet-wimpern-mit-eyelinerkuenstliche-wimpern-magnetisch-wasserfest-3d-magnetwimpernset-mit-eyeliner-magnetic-lashes-weiche-falsche-wimpern-natuerliche-wimpern-set-7-stile\\\/\",\"name\":\"Magnetische Wimpern, Magnet Wimpern mit Eyeliner,K\u00fcnstliche Wimpern Magnetisch Wasserfest, 3D Magnetwimpernset mit\u2026 - Markt-XXL\",\"isPartOf\":{\"@id\":\"https:\\\/\\\/marktxxl.de\\\/markt\\\/#website\"},\"primaryImageOfPage\":{\"@id\":\"https:\\\/\\\/marktxxl.de\\\/markt\\\/produkt\\\/magnetische-wimpern-magnet-wimpern-mit-eyelinerkuenstliche-wimpern-magnetisch-wasserfest-3d-magnetwimpernset-mit-eyeliner-magnetic-lashes-weiche-falsche-wimpern-natuerliche-wimpern-set-7-stile\\\/#primaryimage\"},\"image\":{\"@id\":\"https:\\\/\\\/marktxxl.de\\\/markt\\\/produkt\\\/magnetische-wimpern-magnet-wimpern-mit-eyelinerkuenstliche-wimpern-magnetisch-wasserfest-3d-magnetwimpernset-mit-eyeliner-magnetic-lashes-weiche-falsche-wimpern-natuerliche-wimpern-set-7-stile\\\/#primaryimage\"},\"thumbnailUrl\":\"https:\\\/\\\/m.media-amazon.com\\\/images\\\/I\\\/51eRyShuDyL._SL500_.jpg\",\"datePublished\":\"2022-11-10T23:55:45+00:00\",\"dateModified\":\"2023-04-10T02:54:35+00:00\",\"description\":\"Markt-XXL Magnetische Wimpern, Magnet Wimpern mit Eyeliner,K\u00fcnstliche Wimpern Magnetisch Wasserfest, 3D Magnetwimpernset mit\u2026\",\"breadcrumb\":{\"@id\":\"https:\\\/\\\/marktxxl.de\\\/markt\\\/produkt\\\/magnetische-wimpern-magnet-wimpern-mit-eyelinerkuenstliche-wimpern-magnetisch-wasserfest-3d-magnetwimpernset-mit-eyeliner-magnetic-lashes-weiche-falsche-wimpern-natuerliche-wimpern-set-7-stile\\\/#breadcrumb\"},\"inLanguage\":\"de\",\"potentialAction\":[{\"@type\":\"ReadAction\",\"target\":[\"https:\\\/\\\/marktxxl.de\\\/markt\\\/produkt\\\/magnetische-wimpern-magnet-wimpern-mit-eyelinerkuenstliche-wimpern-magnetisch-wasserfest-3d-magnetwimpernset-mit-eyeliner-magnetic-lashes-weiche-falsche-wimpern-natuerliche-wimpern-set-7-stile\\\/\"]}]},{\"@type\":\"ImageObject\",\"inLanguage\":\"de\",\"@id\":\"https:\\\/\\\/marktxxl.de\\\/markt\\\/produkt\\\/magnetische-wimpern-magnet-wimpern-mit-eyelinerkuenstliche-wimpern-magnetisch-wasserfest-3d-magnetwimpernset-mit-eyeliner-magnetic-lashes-weiche-falsche-wimpern-natuerliche-wimpern-set-7-stile\\\/#primaryimage\",\"url\":\"https:\\\/\\\/m.media-amazon.com\\\/images\\\/I\\\/51eRyShuDyL._SL500_.jpg\",\"contentUrl\":\"https:\\\/\\\/m.media-amazon.com\\\/images\\\/I\\\/51eRyShuDyL._SL500_.jpg\",\"width\":500,\"height\":500},{\"@type\":\"BreadcrumbList\",\"@id\":\"https:\\\/\\\/marktxxl.de\\\/markt\\\/produkt\\\/magnetische-wimpern-magnet-wimpern-mit-eyelinerkuenstliche-wimpern-magnetisch-wasserfest-3d-magnetwimpernset-mit-eyeliner-magnetic-lashes-weiche-falsche-wimpern-natuerliche-wimpern-set-7-stile\\\/#breadcrumb\",\"itemListElement\":[{\"@type\":\"ListItem\",\"position\":1,\"name\":\"Startseite\",\"item\":\"https:\\\/\\\/marktxxl.de\\\/markt\\\/\"},{\"@type\":\"ListItem\",\"position\":2,\"name\":\"Markt\",\"item\":\"https:\\\/\\\/marktxxl.de\\\/markt\\\/\"},{\"@type\":\"ListItem\",\"position\":3,\"name\":\"Magnetische Wimpern, Magnet Wimpern mit Eyeliner,K\u00fcnstliche Wimpern Magnetisch Wasserfest, 3D Magnetwimpernset mit\u2026\"}]},{\"@type\":\"WebSite\",\"@id\":\"https:\\\/\\\/marktxxl.de\\\/markt\\\/#website\",\"url\":\"https:\\\/\\\/marktxxl.de\\\/markt\\\/\",\"name\":\"Markt-XXL\",\"description\":\"Ihr Markt Online\",\"publisher\":{\"@id\":\"https:\\\/\\\/marktxxl.de\\\/markt\\\/#organization\"},\"potentialAction\":[{\"@type\":\"SearchAction\",\"target\":{\"@type\":\"EntryPoint\",\"urlTemplate\":\"https:\\\/\\\/marktxxl.de\\\/markt\\\/?s={search_term_string}\"},\"query-input\":{\"@type\":\"PropertyValueSpecification\",\"valueRequired\":true,\"valueName\":\"search_term_string\"}}],\"inLanguage\":\"de\"},{\"@type\":\"Organization\",\"@id\":\"https:\\\/\\\/marktxxl.de\\\/markt\\\/#organization\",\"name\":\"Markt-XXL\",\"url\":\"https:\\\/\\\/marktxxl.de\\\/markt\\\/\",\"logo\":{\"@type\":\"ImageObject\",\"inLanguage\":\"de\",\"@id\":\"https:\\\/\\\/marktxxl.de\\\/markt\\\/#\\\/schema\\\/logo\\\/image\\\/\",\"url\":\"https:\\\/\\\/marktxxl.de\\\/markt\\\/wp-content\\\/uploads\\\/sites\\\/3\\\/2020\\\/12\\\/logo.png\",\"contentUrl\":\"https:\\\/\\\/marktxxl.de\\\/markt\\\/wp-content\\\/uploads\\\/sites\\\/3\\\/2020\\\/12\\\/logo.png\",\"width\":200,\"height\":70,\"caption\":\"Markt-XXL\"},\"image\":{\"@id\":\"https:\\\/\\\/marktxxl.de\\\/markt\\\/#\\\/schema\\\/logo\\\/image\\\/\"}}]}<\/script>\n<!-- \/ Yoast SEO plugin. -->","yoast_head_json":{"title":"Magnetische Wimpern, Magnet Wimpern mit Eyeliner,K\u00fcnstliche Wimpern Magnetisch Wasserfest, 3D Magnetwimpernset mit\u2026 - Markt-XXL","description":"Markt-XXL Magnetische Wimpern, Magnet Wimpern mit Eyeliner,K\u00fcnstliche Wimpern Magnetisch Wasserfest, 3D Magnetwimpernset mit\u2026","robots":{"index":"index","follow":"follow","max-snippet":"max-snippet:-1","max-image-preview":"max-image-preview:large","max-video-preview":"max-video-preview:-1"},"canonical":"https:\/\/marktxxl.de\/markt\/produkt\/magnetische-wimpern-magnet-wimpern-mit-eyelinerkuenstliche-wimpern-magnetisch-wasserfest-3d-magnetwimpernset-mit-eyeliner-magnetic-lashes-weiche-falsche-wimpern-natuerliche-wimpern-set-7-stile\/","og_locale":"de_DE","og_type":"article","og_title":"Magnetische Wimpern, Magnet Wimpern mit Eyeliner,K\u00fcnstliche Wimpern Magnetisch Wasserfest, 3D Magnetwimpernset mit\u2026 - Markt-XXL","og_description":"Markt-XXL Magnetische Wimpern, Magnet Wimpern mit Eyeliner,K\u00fcnstliche Wimpern Magnetisch Wasserfest, 3D Magnetwimpernset mit\u2026","og_url":"https:\/\/marktxxl.de\/markt\/produkt\/magnetische-wimpern-magnet-wimpern-mit-eyelinerkuenstliche-wimpern-magnetisch-wasserfest-3d-magnetwimpernset-mit-eyeliner-magnetic-lashes-weiche-falsche-wimpern-natuerliche-wimpern-set-7-stile\/","og_site_name":"Markt-XXL","article_modified_time":"2023-04-10T02:54:35+00:00","og_image":[{"width":500,"height":500,"url":"https:\/\/m.media-amazon.com\/images\/I\/51eRyShuDyL._SL500_.jpg","type":"image\/jpeg"}],"twitter_card":"summary_large_image","twitter_misc":{"Gesch\u00e4tzte Lesezeit":"1\u00a0Minute"},"schema":{"@context":"https:\/\/schema.org","@graph":[{"@type":"WebPage","@id":"https:\/\/marktxxl.de\/markt\/produkt\/magnetische-wimpern-magnet-wimpern-mit-eyelinerkuenstliche-wimpern-magnetisch-wasserfest-3d-magnetwimpernset-mit-eyeliner-magnetic-lashes-weiche-falsche-wimpern-natuerliche-wimpern-set-7-stile\/","url":"https:\/\/marktxxl.de\/markt\/produkt\/magnetische-wimpern-magnet-wimpern-mit-eyelinerkuenstliche-wimpern-magnetisch-wasserfest-3d-magnetwimpernset-mit-eyeliner-magnetic-lashes-weiche-falsche-wimpern-natuerliche-wimpern-set-7-stile\/","name":"Magnetische Wimpern, Magnet Wimpern mit Eyeliner,K\u00fcnstliche Wimpern Magnetisch Wasserfest, 3D Magnetwimpernset mit\u2026 - Markt-XXL","isPartOf":{"@id":"https:\/\/marktxxl.de\/markt\/#website"},"primaryImageOfPage":{"@id":"https:\/\/marktxxl.de\/markt\/produkt\/magnetische-wimpern-magnet-wimpern-mit-eyelinerkuenstliche-wimpern-magnetisch-wasserfest-3d-magnetwimpernset-mit-eyeliner-magnetic-lashes-weiche-falsche-wimpern-natuerliche-wimpern-set-7-stile\/#primaryimage"},"image":{"@id":"https:\/\/marktxxl.de\/markt\/produkt\/magnetische-wimpern-magnet-wimpern-mit-eyelinerkuenstliche-wimpern-magnetisch-wasserfest-3d-magnetwimpernset-mit-eyeliner-magnetic-lashes-weiche-falsche-wimpern-natuerliche-wimpern-set-7-stile\/#primaryimage"},"thumbnailUrl":"https:\/\/m.media-amazon.com\/images\/I\/51eRyShuDyL._SL500_.jpg","datePublished":"2022-11-10T23:55:45+00:00","dateModified":"2023-04-10T02:54:35+00:00","description":"Markt-XXL Magnetische Wimpern, Magnet Wimpern mit Eyeliner,K\u00fcnstliche Wimpern Magnetisch Wasserfest, 3D Magnetwimpernset mit\u2026","breadcrumb":{"@id":"https:\/\/marktxxl.de\/markt\/produkt\/magnetische-wimpern-magnet-wimpern-mit-eyelinerkuenstliche-wimpern-magnetisch-wasserfest-3d-magnetwimpernset-mit-eyeliner-magnetic-lashes-weiche-falsche-wimpern-natuerliche-wimpern-set-7-stile\/#breadcrumb"},"inLanguage":"de","potentialAction":[{"@type":"ReadAction","target":["https:\/\/marktxxl.de\/markt\/produkt\/magnetische-wimpern-magnet-wimpern-mit-eyelinerkuenstliche-wimpern-magnetisch-wasserfest-3d-magnetwimpernset-mit-eyeliner-magnetic-lashes-weiche-falsche-wimpern-natuerliche-wimpern-set-7-stile\/"]}]},{"@type":"ImageObject","inLanguage":"de","@id":"https:\/\/marktxxl.de\/markt\/produkt\/magnetische-wimpern-magnet-wimpern-mit-eyelinerkuenstliche-wimpern-magnetisch-wasserfest-3d-magnetwimpernset-mit-eyeliner-magnetic-lashes-weiche-falsche-wimpern-natuerliche-wimpern-set-7-stile\/#primaryimage","url":"https:\/\/m.media-amazon.com\/images\/I\/51eRyShuDyL._SL500_.jpg","contentUrl":"https:\/\/m.media-amazon.com\/images\/I\/51eRyShuDyL._SL500_.jpg","width":500,"height":500},{"@type":"BreadcrumbList","@id":"https:\/\/marktxxl.de\/markt\/produkt\/magnetische-wimpern-magnet-wimpern-mit-eyelinerkuenstliche-wimpern-magnetisch-wasserfest-3d-magnetwimpernset-mit-eyeliner-magnetic-lashes-weiche-falsche-wimpern-natuerliche-wimpern-set-7-stile\/#breadcrumb","itemListElement":[{"@type":"ListItem","position":1,"name":"Startseite","item":"https:\/\/marktxxl.de\/markt\/"},{"@type":"ListItem","position":2,"name":"Markt","item":"https:\/\/marktxxl.de\/markt\/"},{"@type":"ListItem","position":3,"name":"Magnetische Wimpern, Magnet Wimpern mit Eyeliner,K\u00fcnstliche Wimpern Magnetisch Wasserfest, 3D Magnetwimpernset mit\u2026"}]},{"@type":"WebSite","@id":"https:\/\/marktxxl.de\/markt\/#website","url":"https:\/\/marktxxl.de\/markt\/","name":"Markt-XXL","description":"Ihr Markt Online","publisher":{"@id":"https:\/\/marktxxl.de\/markt\/#organization"},"potentialAction":[{"@type":"SearchAction","target":{"@type":"EntryPoint","urlTemplate":"https:\/\/marktxxl.de\/markt\/?s={search_term_string}"},"query-input":{"@type":"PropertyValueSpecification","valueRequired":true,"valueName":"search_term_string"}}],"inLanguage":"de"},{"@type":"Organization","@id":"https:\/\/marktxxl.de\/markt\/#organization","name":"Markt-XXL","url":"https:\/\/marktxxl.de\/markt\/","logo":{"@type":"ImageObject","inLanguage":"de","@id":"https:\/\/marktxxl.de\/markt\/#\/schema\/logo\/image\/","url":"https:\/\/marktxxl.de\/markt\/wp-content\/uploads\/sites\/3\/2020\/12\/logo.png","contentUrl":"https:\/\/marktxxl.de\/markt\/wp-content\/uploads\/sites\/3\/2020\/12\/logo.png","width":200,"height":70,"caption":"Markt-XXL"},"image":{"@id":"https:\/\/marktxxl.de\/markt\/#\/schema\/logo\/image\/"}}]}},"_links":{"self":[{"href":"https:\/\/marktxxl.de\/markt\/wp-json\/wp\/v2\/product\/162422","targetHints":{"allow":["GET"]}}],"collection":[{"href":"https:\/\/marktxxl.de\/markt\/wp-json\/wp\/v2\/product"}],"about":[{"href":"https:\/\/marktxxl.de\/markt\/wp-json\/wp\/v2\/types\/product"}],"replies":[{"embeddable":true,"href":"https:\/\/marktxxl.de\/markt\/wp-json\/wp\/v2\/comments?post=162422"}],"wp:featuredmedia":[{"embeddable":true,"href":"https:\/\/marktxxl.de\/markt\/wp-json\/wp\/v2\/media\/162423"}],"wp:attachment":[{"href":"https:\/\/marktxxl.de\/markt\/wp-json\/wp\/v2\/media?parent=162422"}],"wp:term":[{"taxonomy":"product_brand","embeddable":true,"href":"https:\/\/marktxxl.de\/markt\/wp-json\/wp\/v2\/product_brand?post=162422"},{"taxonomy":"product_cat","embeddable":true,"href":"https:\/\/marktxxl.de\/markt\/wp-json\/wp\/v2\/product_cat?post=162422"},{"taxonomy":"product_tag","embeddable":true,"href":"https:\/\/marktxxl.de\/markt\/wp-json\/wp\/v2\/product_tag?post=162422"}],"curies":[{"name":"wp","href":"https:\/\/api.w.org\/{rel}","templated":true}]}}