{"id":162413,"date":"2022-11-11T00:55:33","date_gmt":"2022-11-10T23:55:33","guid":{"rendered":"https:\/\/marktxxl.de\/markt\/produkt\/beauty-adventskalender-2022-mit-exquisite-kosmetik-geschenk-24-tollen-beautyprodukten-fuer-frauen-teenager-maedchen-fuer-eine-abwechslungsreiche-verwoehnende-und-stylische-adventszeit\/"},"modified":"2023-04-10T04:54:35","modified_gmt":"2023-04-10T02:54:35","slug":"beauty-adventskalender-2022-mit-exquisite-kosmetik-geschenk-24-tollen-beautyprodukten-fuer-frauen-teenager-maedchen-fuer-eine-abwechslungsreiche-verwoehnende-und-stylische-adventszeit","status":"publish","type":"product","link":"https:\/\/marktxxl.de\/markt\/produkt\/beauty-adventskalender-2022-mit-exquisite-kosmetik-geschenk-24-tollen-beautyprodukten-fuer-frauen-teenager-maedchen-fuer-eine-abwechslungsreiche-verwoehnende-und-stylische-adventszeit\/","title":{"rendered":"Beauty Adventskalender 2022 mit Exquisite Kosmetik Geschenk 24 Tollen Beautyprodukten f\u00fcr Frauen Teenager M\u00e4dchen F\u00fcr\u2026"},"content":{"rendered":"<p>\ud83c\udf85\ud83c\udffb[24 Exklusive Sch\u00f6nheitskosmetik] Aifanciey Beauty Adventskalender 2022 nimmt Exquisitheit und hohe Qualit\u00e4t als innovatives Thema und bietet 24 exklusive Sch\u00f6nheitskosmetik. Der Beauty Adventskalende 2022 f\u00fcr Frauen und M\u00e4dchen enth\u00e4lt: Sparkle Eyeshadow x4; Zweifarbiger Lidschatten x2; H\u00f6hepunkt err\u00f6ten x2; 8-Farben-Lidschatten-Palette x1; Nagellack x3; Glitzerkraft x1; Lipgloss x3; Lippenstift x2; Augenbrauenstift x2; Loses Pulver x1; Rougepinsel x1; Lidschattenpinsel x1; Stirnband x1.<br \/>\n\ud83c\udf85\ud83c\udffb[24 strahlende Vorfreude] Der Beauty Adventskalender enth\u00e4lt 24 Beauty-Produkte im Gesamtwert von \u00fcber 300\u20ac! Der Adventskalender M\u00e4dchen verwandelt die Vorweihnachtszeit in ein wahres Sch\u00f6nheitsfest. Der Beauty Adventskalender ist mit 24 verschiedenen Beauty-Produkten gef\u00fcllt, in der Hoffnung, dass jeder kommende Tag eine s\u00fc\u00dfe und fr\u00f6hliche Atmosph\u00e4re haben wird. Gesundheit und Sch\u00f6nheit In der Adventszeit h\u00e4lt der Adventskalender jeden Tag clevere \u00dcberraschungen f\u00fcr Frauen und M\u00e4dchen bereit.<br \/>\n\ud83c\udf84[SICHERE NAT\u00dcRLICHE INHALTSSTOFFE] Aifanciey bietet sichere, hochwertige Inhaltsstoffe und jedes Produkt des Beauty Adventskalenders hinterl\u00e4sst ein weiches, zartes Hautgef\u00fchl. Der Beauty Adventskalender Frauen wurde strengen Hauttests unterzogen,und die Ergebnisse zeigten, dass er keine unangenehmen Symptome verursachte. Der Beauty Adventskalender 2022 M\u00e4dchen bereitet Sie mit exquisitem festlichem Make-up, Party-Dinner-Make-up mit satten Farben vor und Sie werden alle in Erstaunen versetzen!<br \/>\n\ud83c\udf84[DAS BESTE PERFEKTE GESCHENK] Der Beauty Adventskalender 2022 kommt in einem sch\u00f6nen und auff\u00e4lligen modernen Verpackungsdesign, das Sie direkt als Geschenk an eine besondere Person verschenken k\u00f6nnen: Freundin, Mutter, Schwester oder Ehefrau. Der Beauty Adventskalender f\u00fcr Frauen und M\u00e4dchen ist die gr\u00f6\u00dfte \u00dcberraschung vor den Feiertagen f\u00fcr alle Frauen. Dieser mit Leben gef\u00fcllte rosa Make-up-Kalender ist ein tolles und perfektes Geschenk f\u00fcr Frauen, M\u00e4dchen und Teenager und alle Beauty-Fans!<br \/>\n\ud83c\udf81[24 St\u00fccke, 24 \u00dcberraschungen] Seit dem Countdown bis zum Beginn des Urlaubs k\u00f6nnen Sie jeden Tag eine der 24 geschlossenen T\u00fcren \u00f6ffnen, um Make-up und Leben mit neuen \u00dcberraschungen zu versorgen. Der Beauty Adventskalender \u00fcberrascht auch Ihre Freunde, Liebhaber und Familie auf besondere Weise. Die 24 T\u00fcren voller Kosmetika werden Sie \u00fcberraschen. An Weihnachten oder Silvester ist Ihre Form von Kopf bis Fu\u00df perfekt gl\u00e4nzend.<br \/>\n<div class=\"main-cross-sell\" data-asin=\"B0B9S29DJX\">\n\n\t<div class=\"WooZone-cross-sell-loader\">\n\t\t<div>\n\t\t\t<div id=\"floatingBarsG\">\n\t\t\t\t<div class=\"blockG\" id=\"rotateG_01\"><\/div>\n\t\t\t\t<div class=\"blockG\" id=\"rotateG_02\"><\/div>\n\t\t\t\t<div class=\"blockG\" id=\"rotateG_03\"><\/div>\n\t\t\t\t<div class=\"blockG\" id=\"rotateG_04\"><\/div>\n\t\t\t\t<div class=\"blockG\" id=\"rotateG_05\"><\/div>\n\t\t\t\t<div class=\"blockG\" id=\"rotateG_06\"><\/div>\n\t\t\t\t<div class=\"blockG\" id=\"rotateG_07\"><\/div>\n\t\t\t\t<div class=\"blockG\" id=\"rotateG_08\"><\/div>\n\t\t\t<\/div>\n\t\t\t<div class=\"WooZone-cross-sell-loader-text\"><\/div>\n\t\t<\/div>\n\t<\/div>\n\n\t\t\n<\/div>\n<div style=\"clear:both;\"><\/div><\/p>\n","protected":false},"excerpt":{"rendered":"<p>\ud83c\udf85\ud83c\udffb[24 Exklusive Sch\u00f6nheitskosmetik] Aifanciey Beauty Adventskalender 2022 nimmt Exquisitheit und hohe Qualit\u00e4t als innovatives Thema und bietet 24 exklusive Sch\u00f6nheitskosmetik. Der Beauty Adventskalende 2022 f\u00fcr Frauen und M\u00e4dchen enth\u00e4lt: Sparkle Eyeshadow x4; Zweifarbiger Lidschatten x2; H\u00f6hepunkt err\u00f6ten x2; 8-Farben-Lidschatten-Palette x1; Nagellack x3; Glitzerkraft x1; Lipgloss x3; Lippenstift x2; Augenbrauenstift x2; Loses Pulver x1; Rougepinsel x1; Lidschattenpinsel x1; Stirnband x1.<br \/>\n\ud83c\udf85\ud83c\udffb[24 strahlende Vorfreude] Der Beauty Adventskalender enth\u00e4lt 24 Beauty-Produkte im Gesamtwert von \u00fcber 300\u20ac! Der Adventskalender M\u00e4dchen verwandelt die Vorweihnachtszeit in ein wahres Sch\u00f6nheitsfest. Der Beauty Adventskalender ist mit 24 verschiedenen Beauty-Produkten gef\u00fcllt, in der Hoffnung, dass jeder kommende Tag eine s\u00fc\u00dfe und fr\u00f6hliche Atmosph\u00e4re haben wird. Gesundheit und Sch\u00f6nheit In der Adventszeit h\u00e4lt der Adventskalender jeden Tag clevere \u00dcberraschungen f\u00fcr Frauen und M\u00e4dchen bereit.<br \/>\n\ud83c\udf84[SICHERE NAT\u00dcRLICHE INHALTSSTOFFE] Aifanciey bietet sichere, hochwertige Inhaltsstoffe und jedes Produkt des Beauty Adventskalenders hinterl\u00e4sst ein weiches, zartes Hautgef\u00fchl. Der Beauty Adventskalender Frauen wurde strengen Hauttests unterzogen,und die Ergebnisse zeigten, dass er keine unangenehmen Symptome verursachte. Der Beauty Adventskalender 2022 M\u00e4dchen bereitet Sie mit exquisitem festlichem Make-up, Party-Dinner-Make-up mit satten Farben vor und Sie werden alle in Erstaunen versetzen!<\/p>\n","protected":false},"featured_media":162414,"comment_status":"open","ping_status":"closed","template":"","meta":[],"product_brand":[],"product_cat":[2858,7575],"product_tag":[],"class_list":{"0":"post-162413","1":"product","2":"type-product","3":"status-publish","4":"has-post-thumbnail","6":"product_cat-beauty","7":"product_cat-make-up","8":"pa_brand-aifanciey","9":"pa_color-rot","10":"pa_height-1-968503935-zoll","11":"pa_length-9-448818888-zoll","12":"pa_manufacturer-aifanciey","13":"pa_model-32283","14":"pa_width-8-661417314-zoll","16":"first","17":"instock","18":"shipping-taxable","19":"purchasable","20":"product-type-simple","21":"customify-col","22":"product-has-gallery"},"yoast_head":"<!-- This site is optimized with the Yoast SEO plugin v27.4 - https:\/\/yoast.com\/product\/yoast-seo-wordpress\/ -->\n<title>Beauty Adventskalender 2022 mit Exquisite Kosmetik Geschenk 24 Tollen Beautyprodukten f\u00fcr Frauen Teenager M\u00e4dchen F\u00fcr\u2026 - Markt-XXL<\/title>\n<meta name=\"description\" content=\"Markt-XXL Beauty Adventskalender 2022 mit Exquisite Kosmetik Geschenk 24 Tollen Beautyprodukten f\u00fcr Frauen Teenager M\u00e4dchen F\u00fcr\u2026\" \/>\n<meta name=\"robots\" content=\"index, follow, max-snippet:-1, max-image-preview:large, max-video-preview:-1\" \/>\n<link rel=\"canonical\" href=\"https:\/\/marktxxl.de\/markt\/produkt\/beauty-adventskalender-2022-mit-exquisite-kosmetik-geschenk-24-tollen-beautyprodukten-fuer-frauen-teenager-maedchen-fuer-eine-abwechslungsreiche-verwoehnende-und-stylische-adventszeit\/\" \/>\n<meta property=\"og:locale\" content=\"de_DE\" \/>\n<meta property=\"og:type\" content=\"article\" \/>\n<meta property=\"og:title\" content=\"Beauty Adventskalender 2022 mit Exquisite Kosmetik Geschenk 24 Tollen Beautyprodukten f\u00fcr Frauen Teenager M\u00e4dchen F\u00fcr\u2026 - Markt-XXL\" \/>\n<meta property=\"og:description\" content=\"Markt-XXL Beauty Adventskalender 2022 mit Exquisite Kosmetik Geschenk 24 Tollen Beautyprodukten f\u00fcr Frauen Teenager M\u00e4dchen F\u00fcr\u2026\" \/>\n<meta property=\"og:url\" content=\"https:\/\/marktxxl.de\/markt\/produkt\/beauty-adventskalender-2022-mit-exquisite-kosmetik-geschenk-24-tollen-beautyprodukten-fuer-frauen-teenager-maedchen-fuer-eine-abwechslungsreiche-verwoehnende-und-stylische-adventszeit\/\" \/>\n<meta property=\"og:site_name\" content=\"Markt-XXL\" \/>\n<meta property=\"article:modified_time\" content=\"2023-04-10T02:54:35+00:00\" \/>\n<meta property=\"og:image\" content=\"https:\/\/m.media-amazon.com\/images\/I\/51Bs+4yoSuL._SL500_.jpg\" \/>\n\t<meta property=\"og:image:width\" content=\"500\" \/>\n\t<meta property=\"og:image:height\" content=\"500\" \/>\n\t<meta property=\"og:image:type\" content=\"image\/jpeg\" \/>\n<meta name=\"twitter:card\" content=\"summary_large_image\" \/>\n<meta name=\"twitter:label1\" content=\"Gesch\u00e4tzte Lesezeit\" \/>\n\t<meta name=\"twitter:data1\" content=\"2\u00a0Minuten\" \/>\n<script type=\"application\/ld+json\" class=\"yoast-schema-graph\">{\"@context\":\"https:\\\/\\\/schema.org\",\"@graph\":[{\"@type\":\"WebPage\",\"@id\":\"https:\\\/\\\/marktxxl.de\\\/markt\\\/produkt\\\/beauty-adventskalender-2022-mit-exquisite-kosmetik-geschenk-24-tollen-beautyprodukten-fuer-frauen-teenager-maedchen-fuer-eine-abwechslungsreiche-verwoehnende-und-stylische-adventszeit\\\/\",\"url\":\"https:\\\/\\\/marktxxl.de\\\/markt\\\/produkt\\\/beauty-adventskalender-2022-mit-exquisite-kosmetik-geschenk-24-tollen-beautyprodukten-fuer-frauen-teenager-maedchen-fuer-eine-abwechslungsreiche-verwoehnende-und-stylische-adventszeit\\\/\",\"name\":\"Beauty Adventskalender 2022 mit Exquisite Kosmetik Geschenk 24 Tollen Beautyprodukten f\u00fcr Frauen Teenager M\u00e4dchen F\u00fcr\u2026 - Markt-XXL\",\"isPartOf\":{\"@id\":\"https:\\\/\\\/marktxxl.de\\\/markt\\\/#website\"},\"primaryImageOfPage\":{\"@id\":\"https:\\\/\\\/marktxxl.de\\\/markt\\\/produkt\\\/beauty-adventskalender-2022-mit-exquisite-kosmetik-geschenk-24-tollen-beautyprodukten-fuer-frauen-teenager-maedchen-fuer-eine-abwechslungsreiche-verwoehnende-und-stylische-adventszeit\\\/#primaryimage\"},\"image\":{\"@id\":\"https:\\\/\\\/marktxxl.de\\\/markt\\\/produkt\\\/beauty-adventskalender-2022-mit-exquisite-kosmetik-geschenk-24-tollen-beautyprodukten-fuer-frauen-teenager-maedchen-fuer-eine-abwechslungsreiche-verwoehnende-und-stylische-adventszeit\\\/#primaryimage\"},\"thumbnailUrl\":\"https:\\\/\\\/m.media-amazon.com\\\/images\\\/I\\\/51Bs+4yoSuL._SL500_.jpg\",\"datePublished\":\"2022-11-10T23:55:33+00:00\",\"dateModified\":\"2023-04-10T02:54:35+00:00\",\"description\":\"Markt-XXL Beauty Adventskalender 2022 mit Exquisite Kosmetik Geschenk 24 Tollen Beautyprodukten f\u00fcr Frauen Teenager M\u00e4dchen F\u00fcr\u2026\",\"breadcrumb\":{\"@id\":\"https:\\\/\\\/marktxxl.de\\\/markt\\\/produkt\\\/beauty-adventskalender-2022-mit-exquisite-kosmetik-geschenk-24-tollen-beautyprodukten-fuer-frauen-teenager-maedchen-fuer-eine-abwechslungsreiche-verwoehnende-und-stylische-adventszeit\\\/#breadcrumb\"},\"inLanguage\":\"de\",\"potentialAction\":[{\"@type\":\"ReadAction\",\"target\":[\"https:\\\/\\\/marktxxl.de\\\/markt\\\/produkt\\\/beauty-adventskalender-2022-mit-exquisite-kosmetik-geschenk-24-tollen-beautyprodukten-fuer-frauen-teenager-maedchen-fuer-eine-abwechslungsreiche-verwoehnende-und-stylische-adventszeit\\\/\"]}]},{\"@type\":\"ImageObject\",\"inLanguage\":\"de\",\"@id\":\"https:\\\/\\\/marktxxl.de\\\/markt\\\/produkt\\\/beauty-adventskalender-2022-mit-exquisite-kosmetik-geschenk-24-tollen-beautyprodukten-fuer-frauen-teenager-maedchen-fuer-eine-abwechslungsreiche-verwoehnende-und-stylische-adventszeit\\\/#primaryimage\",\"url\":\"https:\\\/\\\/m.media-amazon.com\\\/images\\\/I\\\/51Bs+4yoSuL._SL500_.jpg\",\"contentUrl\":\"https:\\\/\\\/m.media-amazon.com\\\/images\\\/I\\\/51Bs+4yoSuL._SL500_.jpg\",\"width\":500,\"height\":500},{\"@type\":\"BreadcrumbList\",\"@id\":\"https:\\\/\\\/marktxxl.de\\\/markt\\\/produkt\\\/beauty-adventskalender-2022-mit-exquisite-kosmetik-geschenk-24-tollen-beautyprodukten-fuer-frauen-teenager-maedchen-fuer-eine-abwechslungsreiche-verwoehnende-und-stylische-adventszeit\\\/#breadcrumb\",\"itemListElement\":[{\"@type\":\"ListItem\",\"position\":1,\"name\":\"Startseite\",\"item\":\"https:\\\/\\\/marktxxl.de\\\/markt\\\/\"},{\"@type\":\"ListItem\",\"position\":2,\"name\":\"Markt\",\"item\":\"https:\\\/\\\/marktxxl.de\\\/markt\\\/\"},{\"@type\":\"ListItem\",\"position\":3,\"name\":\"Beauty Adventskalender 2022 mit Exquisite Kosmetik Geschenk 24 Tollen Beautyprodukten f\u00fcr Frauen Teenager M\u00e4dchen F\u00fcr\u2026\"}]},{\"@type\":\"WebSite\",\"@id\":\"https:\\\/\\\/marktxxl.de\\\/markt\\\/#website\",\"url\":\"https:\\\/\\\/marktxxl.de\\\/markt\\\/\",\"name\":\"Markt-XXL\",\"description\":\"Ihr Markt Online\",\"publisher\":{\"@id\":\"https:\\\/\\\/marktxxl.de\\\/markt\\\/#organization\"},\"potentialAction\":[{\"@type\":\"SearchAction\",\"target\":{\"@type\":\"EntryPoint\",\"urlTemplate\":\"https:\\\/\\\/marktxxl.de\\\/markt\\\/?s={search_term_string}\"},\"query-input\":{\"@type\":\"PropertyValueSpecification\",\"valueRequired\":true,\"valueName\":\"search_term_string\"}}],\"inLanguage\":\"de\"},{\"@type\":\"Organization\",\"@id\":\"https:\\\/\\\/marktxxl.de\\\/markt\\\/#organization\",\"name\":\"Markt-XXL\",\"url\":\"https:\\\/\\\/marktxxl.de\\\/markt\\\/\",\"logo\":{\"@type\":\"ImageObject\",\"inLanguage\":\"de\",\"@id\":\"https:\\\/\\\/marktxxl.de\\\/markt\\\/#\\\/schema\\\/logo\\\/image\\\/\",\"url\":\"https:\\\/\\\/marktxxl.de\\\/markt\\\/wp-content\\\/uploads\\\/sites\\\/3\\\/2020\\\/12\\\/logo.png\",\"contentUrl\":\"https:\\\/\\\/marktxxl.de\\\/markt\\\/wp-content\\\/uploads\\\/sites\\\/3\\\/2020\\\/12\\\/logo.png\",\"width\":200,\"height\":70,\"caption\":\"Markt-XXL\"},\"image\":{\"@id\":\"https:\\\/\\\/marktxxl.de\\\/markt\\\/#\\\/schema\\\/logo\\\/image\\\/\"}}]}<\/script>\n<!-- \/ Yoast SEO plugin. -->","yoast_head_json":{"title":"Beauty Adventskalender 2022 mit Exquisite Kosmetik Geschenk 24 Tollen Beautyprodukten f\u00fcr Frauen Teenager M\u00e4dchen F\u00fcr\u2026 - Markt-XXL","description":"Markt-XXL Beauty Adventskalender 2022 mit Exquisite Kosmetik Geschenk 24 Tollen Beautyprodukten f\u00fcr Frauen Teenager M\u00e4dchen F\u00fcr\u2026","robots":{"index":"index","follow":"follow","max-snippet":"max-snippet:-1","max-image-preview":"max-image-preview:large","max-video-preview":"max-video-preview:-1"},"canonical":"https:\/\/marktxxl.de\/markt\/produkt\/beauty-adventskalender-2022-mit-exquisite-kosmetik-geschenk-24-tollen-beautyprodukten-fuer-frauen-teenager-maedchen-fuer-eine-abwechslungsreiche-verwoehnende-und-stylische-adventszeit\/","og_locale":"de_DE","og_type":"article","og_title":"Beauty Adventskalender 2022 mit Exquisite Kosmetik Geschenk 24 Tollen Beautyprodukten f\u00fcr Frauen Teenager M\u00e4dchen F\u00fcr\u2026 - Markt-XXL","og_description":"Markt-XXL Beauty Adventskalender 2022 mit Exquisite Kosmetik Geschenk 24 Tollen Beautyprodukten f\u00fcr Frauen Teenager M\u00e4dchen F\u00fcr\u2026","og_url":"https:\/\/marktxxl.de\/markt\/produkt\/beauty-adventskalender-2022-mit-exquisite-kosmetik-geschenk-24-tollen-beautyprodukten-fuer-frauen-teenager-maedchen-fuer-eine-abwechslungsreiche-verwoehnende-und-stylische-adventszeit\/","og_site_name":"Markt-XXL","article_modified_time":"2023-04-10T02:54:35+00:00","og_image":[{"width":500,"height":500,"url":"https:\/\/m.media-amazon.com\/images\/I\/51Bs+4yoSuL._SL500_.jpg","type":"image\/jpeg"}],"twitter_card":"summary_large_image","twitter_misc":{"Gesch\u00e4tzte Lesezeit":"2\u00a0Minuten"},"schema":{"@context":"https:\/\/schema.org","@graph":[{"@type":"WebPage","@id":"https:\/\/marktxxl.de\/markt\/produkt\/beauty-adventskalender-2022-mit-exquisite-kosmetik-geschenk-24-tollen-beautyprodukten-fuer-frauen-teenager-maedchen-fuer-eine-abwechslungsreiche-verwoehnende-und-stylische-adventszeit\/","url":"https:\/\/marktxxl.de\/markt\/produkt\/beauty-adventskalender-2022-mit-exquisite-kosmetik-geschenk-24-tollen-beautyprodukten-fuer-frauen-teenager-maedchen-fuer-eine-abwechslungsreiche-verwoehnende-und-stylische-adventszeit\/","name":"Beauty Adventskalender 2022 mit Exquisite Kosmetik Geschenk 24 Tollen Beautyprodukten f\u00fcr Frauen Teenager M\u00e4dchen F\u00fcr\u2026 - Markt-XXL","isPartOf":{"@id":"https:\/\/marktxxl.de\/markt\/#website"},"primaryImageOfPage":{"@id":"https:\/\/marktxxl.de\/markt\/produkt\/beauty-adventskalender-2022-mit-exquisite-kosmetik-geschenk-24-tollen-beautyprodukten-fuer-frauen-teenager-maedchen-fuer-eine-abwechslungsreiche-verwoehnende-und-stylische-adventszeit\/#primaryimage"},"image":{"@id":"https:\/\/marktxxl.de\/markt\/produkt\/beauty-adventskalender-2022-mit-exquisite-kosmetik-geschenk-24-tollen-beautyprodukten-fuer-frauen-teenager-maedchen-fuer-eine-abwechslungsreiche-verwoehnende-und-stylische-adventszeit\/#primaryimage"},"thumbnailUrl":"https:\/\/m.media-amazon.com\/images\/I\/51Bs+4yoSuL._SL500_.jpg","datePublished":"2022-11-10T23:55:33+00:00","dateModified":"2023-04-10T02:54:35+00:00","description":"Markt-XXL Beauty Adventskalender 2022 mit Exquisite Kosmetik Geschenk 24 Tollen Beautyprodukten f\u00fcr Frauen Teenager M\u00e4dchen F\u00fcr\u2026","breadcrumb":{"@id":"https:\/\/marktxxl.de\/markt\/produkt\/beauty-adventskalender-2022-mit-exquisite-kosmetik-geschenk-24-tollen-beautyprodukten-fuer-frauen-teenager-maedchen-fuer-eine-abwechslungsreiche-verwoehnende-und-stylische-adventszeit\/#breadcrumb"},"inLanguage":"de","potentialAction":[{"@type":"ReadAction","target":["https:\/\/marktxxl.de\/markt\/produkt\/beauty-adventskalender-2022-mit-exquisite-kosmetik-geschenk-24-tollen-beautyprodukten-fuer-frauen-teenager-maedchen-fuer-eine-abwechslungsreiche-verwoehnende-und-stylische-adventszeit\/"]}]},{"@type":"ImageObject","inLanguage":"de","@id":"https:\/\/marktxxl.de\/markt\/produkt\/beauty-adventskalender-2022-mit-exquisite-kosmetik-geschenk-24-tollen-beautyprodukten-fuer-frauen-teenager-maedchen-fuer-eine-abwechslungsreiche-verwoehnende-und-stylische-adventszeit\/#primaryimage","url":"https:\/\/m.media-amazon.com\/images\/I\/51Bs+4yoSuL._SL500_.jpg","contentUrl":"https:\/\/m.media-amazon.com\/images\/I\/51Bs+4yoSuL._SL500_.jpg","width":500,"height":500},{"@type":"BreadcrumbList","@id":"https:\/\/marktxxl.de\/markt\/produkt\/beauty-adventskalender-2022-mit-exquisite-kosmetik-geschenk-24-tollen-beautyprodukten-fuer-frauen-teenager-maedchen-fuer-eine-abwechslungsreiche-verwoehnende-und-stylische-adventszeit\/#breadcrumb","itemListElement":[{"@type":"ListItem","position":1,"name":"Startseite","item":"https:\/\/marktxxl.de\/markt\/"},{"@type":"ListItem","position":2,"name":"Markt","item":"https:\/\/marktxxl.de\/markt\/"},{"@type":"ListItem","position":3,"name":"Beauty Adventskalender 2022 mit Exquisite Kosmetik Geschenk 24 Tollen Beautyprodukten f\u00fcr Frauen Teenager M\u00e4dchen F\u00fcr\u2026"}]},{"@type":"WebSite","@id":"https:\/\/marktxxl.de\/markt\/#website","url":"https:\/\/marktxxl.de\/markt\/","name":"Markt-XXL","description":"Ihr Markt Online","publisher":{"@id":"https:\/\/marktxxl.de\/markt\/#organization"},"potentialAction":[{"@type":"SearchAction","target":{"@type":"EntryPoint","urlTemplate":"https:\/\/marktxxl.de\/markt\/?s={search_term_string}"},"query-input":{"@type":"PropertyValueSpecification","valueRequired":true,"valueName":"search_term_string"}}],"inLanguage":"de"},{"@type":"Organization","@id":"https:\/\/marktxxl.de\/markt\/#organization","name":"Markt-XXL","url":"https:\/\/marktxxl.de\/markt\/","logo":{"@type":"ImageObject","inLanguage":"de","@id":"https:\/\/marktxxl.de\/markt\/#\/schema\/logo\/image\/","url":"https:\/\/marktxxl.de\/markt\/wp-content\/uploads\/sites\/3\/2020\/12\/logo.png","contentUrl":"https:\/\/marktxxl.de\/markt\/wp-content\/uploads\/sites\/3\/2020\/12\/logo.png","width":200,"height":70,"caption":"Markt-XXL"},"image":{"@id":"https:\/\/marktxxl.de\/markt\/#\/schema\/logo\/image\/"}}]}},"_links":{"self":[{"href":"https:\/\/marktxxl.de\/markt\/wp-json\/wp\/v2\/product\/162413","targetHints":{"allow":["GET"]}}],"collection":[{"href":"https:\/\/marktxxl.de\/markt\/wp-json\/wp\/v2\/product"}],"about":[{"href":"https:\/\/marktxxl.de\/markt\/wp-json\/wp\/v2\/types\/product"}],"replies":[{"embeddable":true,"href":"https:\/\/marktxxl.de\/markt\/wp-json\/wp\/v2\/comments?post=162413"}],"wp:featuredmedia":[{"embeddable":true,"href":"https:\/\/marktxxl.de\/markt\/wp-json\/wp\/v2\/media\/162414"}],"wp:attachment":[{"href":"https:\/\/marktxxl.de\/markt\/wp-json\/wp\/v2\/media?parent=162413"}],"wp:term":[{"taxonomy":"product_brand","embeddable":true,"href":"https:\/\/marktxxl.de\/markt\/wp-json\/wp\/v2\/product_brand?post=162413"},{"taxonomy":"product_cat","embeddable":true,"href":"https:\/\/marktxxl.de\/markt\/wp-json\/wp\/v2\/product_cat?post=162413"},{"taxonomy":"product_tag","embeddable":true,"href":"https:\/\/marktxxl.de\/markt\/wp-json\/wp\/v2\/product_tag?post=162413"}],"curies":[{"name":"wp","href":"https:\/\/api.w.org\/{rel}","templated":true}]}}