{"id":162343,"date":"2022-11-11T00:34:33","date_gmt":"2022-11-10T23:34:33","guid":{"rendered":"https:\/\/marktxxl.de\/markt\/produkt\/5-stueck-werkzeug-batteriehalter-fuer-milwaukee-li-ion-akku-akku-dock-cover-guertelclip-akku-aufbewahrungsorganizer-passend-fuer-m18-akku-48-11-1820-48-11-1850-48-11-1850\/"},"modified":"2023-04-10T04:54:34","modified_gmt":"2023-04-10T02:54:34","slug":"5-stueck-werkzeug-batteriehalter-fuer-milwaukee-li-ion-akku-akku-dock-cover-guertelclip-akku-aufbewahrungsorganizer-passend-fuer-m18-akku-48-11-1820-48-11-1850-48-11-1850","status":"publish","type":"product","link":"https:\/\/marktxxl.de\/markt\/produkt\/5-stueck-werkzeug-batteriehalter-fuer-milwaukee-li-ion-akku-akku-dock-cover-guertelclip-akku-aufbewahrungsorganizer-passend-fuer-m18-akku-48-11-1820-48-11-1850-48-11-1850\/","title":{"rendered":"5 St\u00fcck Werkzeug Batteriehalter f\u00fcr Milwaukee Li-Ion Akku, Akku Dock Cover G\u00fcrtelclip Akku Aufbewahrungsorganizer\u2026"},"content":{"rendered":"<p>\ud83d\udee0\u3010Kompatibles Modell\u3011 Passend f\u00fcr Milwaukee 18V Batterie 48-11-1828 48-11-1840 48-11-1815 48-11-1820 48-11-1850 48-11-1860<br \/>\n\ud83d\udee0\u3010Material\u3011 Hergestellt aus ABS-Hartplastik, stark und langlebig, schlagfest. Der Batterie-G\u00fcrtelclip kann durch einen G\u00fcrtel geschlungen werden, wenn Sie eine Leiter erklimmen oder einen hochgelegenen Betrieb erklimmen m\u00fcssen und etwas Ersatzstrom haben, sehr praktisch f\u00fcr Benutzer, die Batterie tragen herum oder lange Zeit drau\u00dfen arbeiten.<br \/>\n\ud83d\udee0\u3010Verpackung enthalten\u30115 St\u00fcck Batteriehalterhalterung mit passenden Schrauben, die Ihnen helfen, Batteriehalterclips an der Wand zu montieren, Ihren Akku auf dem Werkzeug-Organizer aufzubewahren, der Ihre Werkstatt viel aufger\u00e4umter und sauberer h\u00e4lt und organisiert bleibt.<br \/>\n\ud83d\udee0\u3010VerwendungDer an der Wand montierte Batteriehalter ist mit 3 Senkschraubenl\u00f6chern geformt, sodass Sie ihn an beliebigen Stellen in jedem Winkel montieren k\u00f6nnen. An einer Wand, einer Tafel oder unter einem Regal montieren.<br \/>\n\ud83d\udee0\u3010Service\u3011Nur Halterungen, Batterie nicht im Lieferumfang enthalten. Wenn Sie Probleme oder Ratschl\u00e4ge haben, z\u00f6gern Sie bitte nicht, uns zuerst zu kontaktieren, wir werden uns innerhalb von 24 Stunden bei Ihnen melden.<br \/>\n<div class=\"main-cross-sell\" data-asin=\"B09B9XY2VC\">\n\n\t<div class=\"WooZone-cross-sell-loader\">\n\t\t<div>\n\t\t\t<div id=\"floatingBarsG\">\n\t\t\t\t<div class=\"blockG\" id=\"rotateG_01\"><\/div>\n\t\t\t\t<div class=\"blockG\" id=\"rotateG_02\"><\/div>\n\t\t\t\t<div class=\"blockG\" id=\"rotateG_03\"><\/div>\n\t\t\t\t<div class=\"blockG\" id=\"rotateG_04\"><\/div>\n\t\t\t\t<div class=\"blockG\" id=\"rotateG_05\"><\/div>\n\t\t\t\t<div class=\"blockG\" id=\"rotateG_06\"><\/div>\n\t\t\t\t<div class=\"blockG\" id=\"rotateG_07\"><\/div>\n\t\t\t\t<div class=\"blockG\" id=\"rotateG_08\"><\/div>\n\t\t\t<\/div>\n\t\t\t<div class=\"WooZone-cross-sell-loader-text\"><\/div>\n\t\t<\/div>\n\t<\/div>\n\n\t\t\n<\/div>\n<div style=\"clear:both;\"><\/div><\/p>\n","protected":false},"excerpt":{"rendered":"<p>\ud83d\udee0\u3010Kompatibles Modell\u3011 Passend f\u00fcr Milwaukee 18V Batterie 48-11-1828 48-11-1840 48-11-1815 48-11-1820 48-11-1850 48-11-1860<br \/>\n\ud83d\udee0\u3010Material\u3011 Hergestellt aus ABS-Hartplastik, stark und langlebig, schlagfest. Der Batterie-G\u00fcrtelclip kann durch einen G\u00fcrtel geschlungen werden, wenn Sie eine Leiter erklimmen oder einen hochgelegenen Betrieb erklimmen m\u00fcssen und etwas Ersatzstrom haben, sehr praktisch f\u00fcr Benutzer, die Batterie tragen herum oder lange Zeit drau\u00dfen arbeiten.<br \/>\n\ud83d\udee0\u3010Verpackung enthalten\u30115 St\u00fcck Batteriehalterhalterung mit passenden Schrauben, die Ihnen helfen, Batteriehalterclips an der Wand zu montieren, Ihren Akku auf dem Werkzeug-Organizer aufzubewahren, der Ihre Werkstatt viel aufger\u00e4umter und sauberer h\u00e4lt und organisiert bleibt.<\/p>\n","protected":false},"featured_media":162344,"comment_status":"open","ping_status":"closed","template":"","meta":[],"product_brand":[],"product_cat":[1983,11235],"product_tag":[],"class_list":{"0":"post-162343","1":"product","2":"type-product","3":"status-publish","4":"has-post-thumbnail","6":"product_cat-baumarkt","7":"product_cat-rasenmaeher-elektrische-gartenwerkzeuge","8":"pa_binding-elektronik","9":"pa_brand-hipoke","10":"pa_height-1-0629921249-zoll","11":"pa_length-3-3464566895-zoll","12":"pa_manufacturer-hipoke-direct","13":"pa_width-2-755905509-zoll","15":"first","16":"instock","17":"shipping-taxable","18":"purchasable","19":"product-type-simple","20":"customify-col","21":"product-has-gallery"},"yoast_head":"<!-- This site is optimized with the Yoast SEO plugin v27.4 - https:\/\/yoast.com\/product\/yoast-seo-wordpress\/ -->\n<title>5 St\u00fcck Werkzeug Batteriehalter f\u00fcr Milwaukee Li-Ion Akku, Akku Dock Cover G\u00fcrtelclip Akku Aufbewahrungsorganizer\u2026 - Markt-XXL<\/title>\n<meta name=\"description\" content=\"Markt-XXL 5 St\u00fcck Werkzeug Batteriehalter f\u00fcr Milwaukee Li-Ion Akku, Akku Dock Cover G\u00fcrtelclip Akku Aufbewahrungsorganizer\u2026\" \/>\n<meta name=\"robots\" content=\"index, follow, max-snippet:-1, max-image-preview:large, max-video-preview:-1\" \/>\n<link rel=\"canonical\" href=\"https:\/\/marktxxl.de\/markt\/produkt\/5-stueck-werkzeug-batteriehalter-fuer-milwaukee-li-ion-akku-akku-dock-cover-guertelclip-akku-aufbewahrungsorganizer-passend-fuer-m18-akku-48-11-1820-48-11-1850-48-11-1850\/\" \/>\n<meta property=\"og:locale\" content=\"de_DE\" \/>\n<meta property=\"og:type\" content=\"article\" \/>\n<meta property=\"og:title\" content=\"5 St\u00fcck Werkzeug Batteriehalter f\u00fcr Milwaukee Li-Ion Akku, Akku Dock Cover G\u00fcrtelclip Akku Aufbewahrungsorganizer\u2026 - Markt-XXL\" \/>\n<meta property=\"og:description\" content=\"Markt-XXL 5 St\u00fcck Werkzeug Batteriehalter f\u00fcr Milwaukee Li-Ion Akku, Akku Dock Cover G\u00fcrtelclip Akku Aufbewahrungsorganizer\u2026\" \/>\n<meta property=\"og:url\" content=\"https:\/\/marktxxl.de\/markt\/produkt\/5-stueck-werkzeug-batteriehalter-fuer-milwaukee-li-ion-akku-akku-dock-cover-guertelclip-akku-aufbewahrungsorganizer-passend-fuer-m18-akku-48-11-1820-48-11-1850-48-11-1850\/\" \/>\n<meta property=\"og:site_name\" content=\"Markt-XXL\" \/>\n<meta property=\"article:modified_time\" content=\"2023-04-10T02:54:34+00:00\" \/>\n<meta property=\"og:image\" content=\"https:\/\/m.media-amazon.com\/images\/I\/41-5GTPOGxL._SL500_.jpg\" \/>\n\t<meta property=\"og:image:width\" content=\"500\" \/>\n\t<meta property=\"og:image:height\" content=\"500\" \/>\n\t<meta property=\"og:image:type\" content=\"image\/jpeg\" \/>\n<meta name=\"twitter:card\" content=\"summary_large_image\" \/>\n<meta name=\"twitter:label1\" content=\"Gesch\u00e4tzte Lesezeit\" \/>\n\t<meta name=\"twitter:data1\" content=\"1\u00a0Minute\" \/>\n<script type=\"application\/ld+json\" class=\"yoast-schema-graph\">{\"@context\":\"https:\\\/\\\/schema.org\",\"@graph\":[{\"@type\":\"WebPage\",\"@id\":\"https:\\\/\\\/marktxxl.de\\\/markt\\\/produkt\\\/5-stueck-werkzeug-batteriehalter-fuer-milwaukee-li-ion-akku-akku-dock-cover-guertelclip-akku-aufbewahrungsorganizer-passend-fuer-m18-akku-48-11-1820-48-11-1850-48-11-1850\\\/\",\"url\":\"https:\\\/\\\/marktxxl.de\\\/markt\\\/produkt\\\/5-stueck-werkzeug-batteriehalter-fuer-milwaukee-li-ion-akku-akku-dock-cover-guertelclip-akku-aufbewahrungsorganizer-passend-fuer-m18-akku-48-11-1820-48-11-1850-48-11-1850\\\/\",\"name\":\"5 St\u00fcck Werkzeug Batteriehalter f\u00fcr Milwaukee Li-Ion Akku, Akku Dock Cover G\u00fcrtelclip Akku Aufbewahrungsorganizer\u2026 - Markt-XXL\",\"isPartOf\":{\"@id\":\"https:\\\/\\\/marktxxl.de\\\/markt\\\/#website\"},\"primaryImageOfPage\":{\"@id\":\"https:\\\/\\\/marktxxl.de\\\/markt\\\/produkt\\\/5-stueck-werkzeug-batteriehalter-fuer-milwaukee-li-ion-akku-akku-dock-cover-guertelclip-akku-aufbewahrungsorganizer-passend-fuer-m18-akku-48-11-1820-48-11-1850-48-11-1850\\\/#primaryimage\"},\"image\":{\"@id\":\"https:\\\/\\\/marktxxl.de\\\/markt\\\/produkt\\\/5-stueck-werkzeug-batteriehalter-fuer-milwaukee-li-ion-akku-akku-dock-cover-guertelclip-akku-aufbewahrungsorganizer-passend-fuer-m18-akku-48-11-1820-48-11-1850-48-11-1850\\\/#primaryimage\"},\"thumbnailUrl\":\"https:\\\/\\\/m.media-amazon.com\\\/images\\\/I\\\/41-5GTPOGxL._SL500_.jpg\",\"datePublished\":\"2022-11-10T23:34:33+00:00\",\"dateModified\":\"2023-04-10T02:54:34+00:00\",\"description\":\"Markt-XXL 5 St\u00fcck Werkzeug Batteriehalter f\u00fcr Milwaukee Li-Ion Akku, Akku Dock Cover G\u00fcrtelclip Akku Aufbewahrungsorganizer\u2026\",\"breadcrumb\":{\"@id\":\"https:\\\/\\\/marktxxl.de\\\/markt\\\/produkt\\\/5-stueck-werkzeug-batteriehalter-fuer-milwaukee-li-ion-akku-akku-dock-cover-guertelclip-akku-aufbewahrungsorganizer-passend-fuer-m18-akku-48-11-1820-48-11-1850-48-11-1850\\\/#breadcrumb\"},\"inLanguage\":\"de\",\"potentialAction\":[{\"@type\":\"ReadAction\",\"target\":[\"https:\\\/\\\/marktxxl.de\\\/markt\\\/produkt\\\/5-stueck-werkzeug-batteriehalter-fuer-milwaukee-li-ion-akku-akku-dock-cover-guertelclip-akku-aufbewahrungsorganizer-passend-fuer-m18-akku-48-11-1820-48-11-1850-48-11-1850\\\/\"]}]},{\"@type\":\"ImageObject\",\"inLanguage\":\"de\",\"@id\":\"https:\\\/\\\/marktxxl.de\\\/markt\\\/produkt\\\/5-stueck-werkzeug-batteriehalter-fuer-milwaukee-li-ion-akku-akku-dock-cover-guertelclip-akku-aufbewahrungsorganizer-passend-fuer-m18-akku-48-11-1820-48-11-1850-48-11-1850\\\/#primaryimage\",\"url\":\"https:\\\/\\\/m.media-amazon.com\\\/images\\\/I\\\/41-5GTPOGxL._SL500_.jpg\",\"contentUrl\":\"https:\\\/\\\/m.media-amazon.com\\\/images\\\/I\\\/41-5GTPOGxL._SL500_.jpg\",\"width\":500,\"height\":500},{\"@type\":\"BreadcrumbList\",\"@id\":\"https:\\\/\\\/marktxxl.de\\\/markt\\\/produkt\\\/5-stueck-werkzeug-batteriehalter-fuer-milwaukee-li-ion-akku-akku-dock-cover-guertelclip-akku-aufbewahrungsorganizer-passend-fuer-m18-akku-48-11-1820-48-11-1850-48-11-1850\\\/#breadcrumb\",\"itemListElement\":[{\"@type\":\"ListItem\",\"position\":1,\"name\":\"Startseite\",\"item\":\"https:\\\/\\\/marktxxl.de\\\/markt\\\/\"},{\"@type\":\"ListItem\",\"position\":2,\"name\":\"Markt\",\"item\":\"https:\\\/\\\/marktxxl.de\\\/markt\\\/\"},{\"@type\":\"ListItem\",\"position\":3,\"name\":\"5 St\u00fcck Werkzeug Batteriehalter f\u00fcr Milwaukee Li-Ion Akku, Akku Dock Cover G\u00fcrtelclip Akku Aufbewahrungsorganizer\u2026\"}]},{\"@type\":\"WebSite\",\"@id\":\"https:\\\/\\\/marktxxl.de\\\/markt\\\/#website\",\"url\":\"https:\\\/\\\/marktxxl.de\\\/markt\\\/\",\"name\":\"Markt-XXL\",\"description\":\"Ihr Markt Online\",\"publisher\":{\"@id\":\"https:\\\/\\\/marktxxl.de\\\/markt\\\/#organization\"},\"potentialAction\":[{\"@type\":\"SearchAction\",\"target\":{\"@type\":\"EntryPoint\",\"urlTemplate\":\"https:\\\/\\\/marktxxl.de\\\/markt\\\/?s={search_term_string}\"},\"query-input\":{\"@type\":\"PropertyValueSpecification\",\"valueRequired\":true,\"valueName\":\"search_term_string\"}}],\"inLanguage\":\"de\"},{\"@type\":\"Organization\",\"@id\":\"https:\\\/\\\/marktxxl.de\\\/markt\\\/#organization\",\"name\":\"Markt-XXL\",\"url\":\"https:\\\/\\\/marktxxl.de\\\/markt\\\/\",\"logo\":{\"@type\":\"ImageObject\",\"inLanguage\":\"de\",\"@id\":\"https:\\\/\\\/marktxxl.de\\\/markt\\\/#\\\/schema\\\/logo\\\/image\\\/\",\"url\":\"https:\\\/\\\/marktxxl.de\\\/markt\\\/wp-content\\\/uploads\\\/sites\\\/3\\\/2020\\\/12\\\/logo.png\",\"contentUrl\":\"https:\\\/\\\/marktxxl.de\\\/markt\\\/wp-content\\\/uploads\\\/sites\\\/3\\\/2020\\\/12\\\/logo.png\",\"width\":200,\"height\":70,\"caption\":\"Markt-XXL\"},\"image\":{\"@id\":\"https:\\\/\\\/marktxxl.de\\\/markt\\\/#\\\/schema\\\/logo\\\/image\\\/\"}}]}<\/script>\n<!-- \/ Yoast SEO plugin. -->","yoast_head_json":{"title":"5 St\u00fcck Werkzeug Batteriehalter f\u00fcr Milwaukee Li-Ion Akku, Akku Dock Cover G\u00fcrtelclip Akku Aufbewahrungsorganizer\u2026 - Markt-XXL","description":"Markt-XXL 5 St\u00fcck Werkzeug Batteriehalter f\u00fcr Milwaukee Li-Ion Akku, Akku Dock Cover G\u00fcrtelclip Akku Aufbewahrungsorganizer\u2026","robots":{"index":"index","follow":"follow","max-snippet":"max-snippet:-1","max-image-preview":"max-image-preview:large","max-video-preview":"max-video-preview:-1"},"canonical":"https:\/\/marktxxl.de\/markt\/produkt\/5-stueck-werkzeug-batteriehalter-fuer-milwaukee-li-ion-akku-akku-dock-cover-guertelclip-akku-aufbewahrungsorganizer-passend-fuer-m18-akku-48-11-1820-48-11-1850-48-11-1850\/","og_locale":"de_DE","og_type":"article","og_title":"5 St\u00fcck Werkzeug Batteriehalter f\u00fcr Milwaukee Li-Ion Akku, Akku Dock Cover G\u00fcrtelclip Akku Aufbewahrungsorganizer\u2026 - Markt-XXL","og_description":"Markt-XXL 5 St\u00fcck Werkzeug Batteriehalter f\u00fcr Milwaukee Li-Ion Akku, Akku Dock Cover G\u00fcrtelclip Akku Aufbewahrungsorganizer\u2026","og_url":"https:\/\/marktxxl.de\/markt\/produkt\/5-stueck-werkzeug-batteriehalter-fuer-milwaukee-li-ion-akku-akku-dock-cover-guertelclip-akku-aufbewahrungsorganizer-passend-fuer-m18-akku-48-11-1820-48-11-1850-48-11-1850\/","og_site_name":"Markt-XXL","article_modified_time":"2023-04-10T02:54:34+00:00","og_image":[{"width":500,"height":500,"url":"https:\/\/m.media-amazon.com\/images\/I\/41-5GTPOGxL._SL500_.jpg","type":"image\/jpeg"}],"twitter_card":"summary_large_image","twitter_misc":{"Gesch\u00e4tzte Lesezeit":"1\u00a0Minute"},"schema":{"@context":"https:\/\/schema.org","@graph":[{"@type":"WebPage","@id":"https:\/\/marktxxl.de\/markt\/produkt\/5-stueck-werkzeug-batteriehalter-fuer-milwaukee-li-ion-akku-akku-dock-cover-guertelclip-akku-aufbewahrungsorganizer-passend-fuer-m18-akku-48-11-1820-48-11-1850-48-11-1850\/","url":"https:\/\/marktxxl.de\/markt\/produkt\/5-stueck-werkzeug-batteriehalter-fuer-milwaukee-li-ion-akku-akku-dock-cover-guertelclip-akku-aufbewahrungsorganizer-passend-fuer-m18-akku-48-11-1820-48-11-1850-48-11-1850\/","name":"5 St\u00fcck Werkzeug Batteriehalter f\u00fcr Milwaukee Li-Ion Akku, Akku Dock Cover G\u00fcrtelclip Akku Aufbewahrungsorganizer\u2026 - Markt-XXL","isPartOf":{"@id":"https:\/\/marktxxl.de\/markt\/#website"},"primaryImageOfPage":{"@id":"https:\/\/marktxxl.de\/markt\/produkt\/5-stueck-werkzeug-batteriehalter-fuer-milwaukee-li-ion-akku-akku-dock-cover-guertelclip-akku-aufbewahrungsorganizer-passend-fuer-m18-akku-48-11-1820-48-11-1850-48-11-1850\/#primaryimage"},"image":{"@id":"https:\/\/marktxxl.de\/markt\/produkt\/5-stueck-werkzeug-batteriehalter-fuer-milwaukee-li-ion-akku-akku-dock-cover-guertelclip-akku-aufbewahrungsorganizer-passend-fuer-m18-akku-48-11-1820-48-11-1850-48-11-1850\/#primaryimage"},"thumbnailUrl":"https:\/\/m.media-amazon.com\/images\/I\/41-5GTPOGxL._SL500_.jpg","datePublished":"2022-11-10T23:34:33+00:00","dateModified":"2023-04-10T02:54:34+00:00","description":"Markt-XXL 5 St\u00fcck Werkzeug Batteriehalter f\u00fcr Milwaukee Li-Ion Akku, Akku Dock Cover G\u00fcrtelclip Akku Aufbewahrungsorganizer\u2026","breadcrumb":{"@id":"https:\/\/marktxxl.de\/markt\/produkt\/5-stueck-werkzeug-batteriehalter-fuer-milwaukee-li-ion-akku-akku-dock-cover-guertelclip-akku-aufbewahrungsorganizer-passend-fuer-m18-akku-48-11-1820-48-11-1850-48-11-1850\/#breadcrumb"},"inLanguage":"de","potentialAction":[{"@type":"ReadAction","target":["https:\/\/marktxxl.de\/markt\/produkt\/5-stueck-werkzeug-batteriehalter-fuer-milwaukee-li-ion-akku-akku-dock-cover-guertelclip-akku-aufbewahrungsorganizer-passend-fuer-m18-akku-48-11-1820-48-11-1850-48-11-1850\/"]}]},{"@type":"ImageObject","inLanguage":"de","@id":"https:\/\/marktxxl.de\/markt\/produkt\/5-stueck-werkzeug-batteriehalter-fuer-milwaukee-li-ion-akku-akku-dock-cover-guertelclip-akku-aufbewahrungsorganizer-passend-fuer-m18-akku-48-11-1820-48-11-1850-48-11-1850\/#primaryimage","url":"https:\/\/m.media-amazon.com\/images\/I\/41-5GTPOGxL._SL500_.jpg","contentUrl":"https:\/\/m.media-amazon.com\/images\/I\/41-5GTPOGxL._SL500_.jpg","width":500,"height":500},{"@type":"BreadcrumbList","@id":"https:\/\/marktxxl.de\/markt\/produkt\/5-stueck-werkzeug-batteriehalter-fuer-milwaukee-li-ion-akku-akku-dock-cover-guertelclip-akku-aufbewahrungsorganizer-passend-fuer-m18-akku-48-11-1820-48-11-1850-48-11-1850\/#breadcrumb","itemListElement":[{"@type":"ListItem","position":1,"name":"Startseite","item":"https:\/\/marktxxl.de\/markt\/"},{"@type":"ListItem","position":2,"name":"Markt","item":"https:\/\/marktxxl.de\/markt\/"},{"@type":"ListItem","position":3,"name":"5 St\u00fcck Werkzeug Batteriehalter f\u00fcr Milwaukee Li-Ion Akku, Akku Dock Cover G\u00fcrtelclip Akku Aufbewahrungsorganizer\u2026"}]},{"@type":"WebSite","@id":"https:\/\/marktxxl.de\/markt\/#website","url":"https:\/\/marktxxl.de\/markt\/","name":"Markt-XXL","description":"Ihr Markt Online","publisher":{"@id":"https:\/\/marktxxl.de\/markt\/#organization"},"potentialAction":[{"@type":"SearchAction","target":{"@type":"EntryPoint","urlTemplate":"https:\/\/marktxxl.de\/markt\/?s={search_term_string}"},"query-input":{"@type":"PropertyValueSpecification","valueRequired":true,"valueName":"search_term_string"}}],"inLanguage":"de"},{"@type":"Organization","@id":"https:\/\/marktxxl.de\/markt\/#organization","name":"Markt-XXL","url":"https:\/\/marktxxl.de\/markt\/","logo":{"@type":"ImageObject","inLanguage":"de","@id":"https:\/\/marktxxl.de\/markt\/#\/schema\/logo\/image\/","url":"https:\/\/marktxxl.de\/markt\/wp-content\/uploads\/sites\/3\/2020\/12\/logo.png","contentUrl":"https:\/\/marktxxl.de\/markt\/wp-content\/uploads\/sites\/3\/2020\/12\/logo.png","width":200,"height":70,"caption":"Markt-XXL"},"image":{"@id":"https:\/\/marktxxl.de\/markt\/#\/schema\/logo\/image\/"}}]}},"_links":{"self":[{"href":"https:\/\/marktxxl.de\/markt\/wp-json\/wp\/v2\/product\/162343","targetHints":{"allow":["GET"]}}],"collection":[{"href":"https:\/\/marktxxl.de\/markt\/wp-json\/wp\/v2\/product"}],"about":[{"href":"https:\/\/marktxxl.de\/markt\/wp-json\/wp\/v2\/types\/product"}],"replies":[{"embeddable":true,"href":"https:\/\/marktxxl.de\/markt\/wp-json\/wp\/v2\/comments?post=162343"}],"wp:featuredmedia":[{"embeddable":true,"href":"https:\/\/marktxxl.de\/markt\/wp-json\/wp\/v2\/media\/162344"}],"wp:attachment":[{"href":"https:\/\/marktxxl.de\/markt\/wp-json\/wp\/v2\/media?parent=162343"}],"wp:term":[{"taxonomy":"product_brand","embeddable":true,"href":"https:\/\/marktxxl.de\/markt\/wp-json\/wp\/v2\/product_brand?post=162343"},{"taxonomy":"product_cat","embeddable":true,"href":"https:\/\/marktxxl.de\/markt\/wp-json\/wp\/v2\/product_cat?post=162343"},{"taxonomy":"product_tag","embeddable":true,"href":"https:\/\/marktxxl.de\/markt\/wp-json\/wp\/v2\/product_tag?post=162343"}],"curies":[{"name":"wp","href":"https:\/\/api.w.org\/{rel}","templated":true}]}}