{"id":162296,"date":"2022-11-11T00:16:40","date_gmt":"2022-11-10T23:16:40","guid":{"rendered":"https:\/\/marktxxl.de\/markt\/produkt\/cee-starkstromkabel-25m-16a-cee-verlaengerung-verlaengerungskabel-h07rn-f-5x15mm%c2%b2-abl\/"},"modified":"2023-04-10T04:54:33","modified_gmt":"2023-04-10T02:54:33","slug":"cee-starkstromkabel-25m-16a-cee-verlaengerung-verlaengerungskabel-h07rn-f-5x15mm%c2%b2-abl","status":"publish","type":"product","link":"https:\/\/marktxxl.de\/markt\/produkt\/cee-starkstromkabel-25m-16a-cee-verlaengerung-verlaengerungskabel-h07rn-f-5x15mm%c2%b2-abl\/","title":{"rendered":"CEE Starkstromkabel 25m 16A CEE-Verl\u00e4ngerung Verl\u00e4ngerungskabel H07RN-F 5&#215;1,5mm\u00b2 &#8211; ABL"},"content":{"rendered":"<p>25 Meter Starkstrom Verl\u00e4ngerungskabel Typ H07RN-F 5G1,5qmm<br \/>\nMit hochwertigem 16 A CEE-Stecker auf CEE-Kupplung<br \/>\nKabelmantel aus \u00f6lbest\u00e4ndigem Neopren-Kautschuk, Temperaturbereich von -25\u00b0 C bis +60\u00b0 C<br \/>\nSchutzart IP44: fremdk\u00f6rper- und spritzwassergesch\u00fctzt, Einsatzbereiche: Baustelle, Gewerbe, Au\u00dfenbereich, Landwirtschaft<br \/>\nTechnische Daten: 400 V \/ 16 A<br \/>\n<div class=\"main-cross-sell\" data-asin=\"B01ADH0NIS\">\n\n\t<div class=\"WooZone-cross-sell-loader\">\n\t\t<div>\n\t\t\t<div id=\"floatingBarsG\">\n\t\t\t\t<div class=\"blockG\" id=\"rotateG_01\"><\/div>\n\t\t\t\t<div class=\"blockG\" id=\"rotateG_02\"><\/div>\n\t\t\t\t<div class=\"blockG\" id=\"rotateG_03\"><\/div>\n\t\t\t\t<div class=\"blockG\" id=\"rotateG_04\"><\/div>\n\t\t\t\t<div class=\"blockG\" id=\"rotateG_05\"><\/div>\n\t\t\t\t<div class=\"blockG\" id=\"rotateG_06\"><\/div>\n\t\t\t\t<div class=\"blockG\" id=\"rotateG_07\"><\/div>\n\t\t\t\t<div class=\"blockG\" id=\"rotateG_08\"><\/div>\n\t\t\t<\/div>\n\t\t\t<div class=\"WooZone-cross-sell-loader-text\"><\/div>\n\t\t<\/div>\n\t<\/div>\n\n\t\t\n<\/div>\n<div style=\"clear:both;\"><\/div><\/p>\n","protected":false},"excerpt":{"rendered":"<p>25 Meter Starkstrom Verl\u00e4ngerungskabel Typ H07RN-F 5G1,5qmm<br \/>\nMit hochwertigem 16 A CEE-Stecker auf CEE-Kupplung<br \/>\nKabelmantel aus \u00f6lbest\u00e4ndigem Neopren-Kautschuk, Temperaturbereich von -25\u00b0 C bis +60\u00b0 C<\/p>\n","protected":false},"featured_media":162297,"comment_status":"open","ping_status":"closed","template":"","meta":[],"product_brand":[],"product_cat":[1983,11009],"product_tag":[],"class_list":{"0":"post-162296","1":"product","2":"type-product","3":"status-publish","4":"has-post-thumbnail","6":"product_cat-baumarkt","7":"product_cat-elektroinstallation","8":"pa_manufacturer-etf","10":"first","11":"instock","12":"shipping-taxable","13":"purchasable","14":"product-type-simple","15":"customify-col","16":"product-has-gallery"},"yoast_head":"<!-- This site is optimized with the Yoast SEO plugin v27.4 - https:\/\/yoast.com\/product\/yoast-seo-wordpress\/ -->\n<title>CEE Starkstromkabel 25m 16A CEE-Verl\u00e4ngerung Verl\u00e4ngerungskabel H07RN-F 5x1,5mm\u00b2 - ABL - Markt-XXL<\/title>\n<meta name=\"description\" content=\"Markt-XXL CEE Starkstromkabel 25m 16A CEE-Verl\u00e4ngerung Verl\u00e4ngerungskabel H07RN-F 5x1,5mm\u00b2 - ABL\" \/>\n<meta name=\"robots\" content=\"index, follow, max-snippet:-1, max-image-preview:large, max-video-preview:-1\" \/>\n<link rel=\"canonical\" href=\"https:\/\/marktxxl.de\/markt\/produkt\/cee-starkstromkabel-25m-16a-cee-verlaengerung-verlaengerungskabel-h07rn-f-5x15mm\u00b2-abl\/\" \/>\n<meta property=\"og:locale\" content=\"de_DE\" \/>\n<meta property=\"og:type\" content=\"article\" \/>\n<meta property=\"og:title\" content=\"CEE Starkstromkabel 25m 16A CEE-Verl\u00e4ngerung Verl\u00e4ngerungskabel H07RN-F 5x1,5mm\u00b2 - ABL - Markt-XXL\" \/>\n<meta property=\"og:description\" content=\"Markt-XXL CEE Starkstromkabel 25m 16A CEE-Verl\u00e4ngerung Verl\u00e4ngerungskabel H07RN-F 5x1,5mm\u00b2 - ABL\" \/>\n<meta property=\"og:url\" content=\"https:\/\/marktxxl.de\/markt\/produkt\/cee-starkstromkabel-25m-16a-cee-verlaengerung-verlaengerungskabel-h07rn-f-5x15mm\u00b2-abl\/\" \/>\n<meta property=\"og:site_name\" content=\"Markt-XXL\" \/>\n<meta property=\"article:modified_time\" content=\"2023-04-10T02:54:33+00:00\" \/>\n<meta property=\"og:image\" content=\"https:\/\/m.media-amazon.com\/images\/I\/415sQOuPdoL._SL500_.jpg\" \/>\n\t<meta property=\"og:image:width\" content=\"500\" \/>\n\t<meta property=\"og:image:height\" content=\"333\" \/>\n\t<meta property=\"og:image:type\" content=\"image\/jpeg\" \/>\n<meta name=\"twitter:card\" content=\"summary_large_image\" \/>\n<script type=\"application\/ld+json\" class=\"yoast-schema-graph\">{\"@context\":\"https:\\\/\\\/schema.org\",\"@graph\":[{\"@type\":\"WebPage\",\"@id\":\"https:\\\/\\\/marktxxl.de\\\/markt\\\/produkt\\\/cee-starkstromkabel-25m-16a-cee-verlaengerung-verlaengerungskabel-h07rn-f-5x15mm%c2%b2-abl\\\/\",\"url\":\"https:\\\/\\\/marktxxl.de\\\/markt\\\/produkt\\\/cee-starkstromkabel-25m-16a-cee-verlaengerung-verlaengerungskabel-h07rn-f-5x15mm%c2%b2-abl\\\/\",\"name\":\"CEE Starkstromkabel 25m 16A CEE-Verl\u00e4ngerung Verl\u00e4ngerungskabel H07RN-F 5x1,5mm\u00b2 - ABL - Markt-XXL\",\"isPartOf\":{\"@id\":\"https:\\\/\\\/marktxxl.de\\\/markt\\\/#website\"},\"primaryImageOfPage\":{\"@id\":\"https:\\\/\\\/marktxxl.de\\\/markt\\\/produkt\\\/cee-starkstromkabel-25m-16a-cee-verlaengerung-verlaengerungskabel-h07rn-f-5x15mm%c2%b2-abl\\\/#primaryimage\"},\"image\":{\"@id\":\"https:\\\/\\\/marktxxl.de\\\/markt\\\/produkt\\\/cee-starkstromkabel-25m-16a-cee-verlaengerung-verlaengerungskabel-h07rn-f-5x15mm%c2%b2-abl\\\/#primaryimage\"},\"thumbnailUrl\":\"https:\\\/\\\/m.media-amazon.com\\\/images\\\/I\\\/415sQOuPdoL._SL500_.jpg\",\"datePublished\":\"2022-11-10T23:16:40+00:00\",\"dateModified\":\"2023-04-10T02:54:33+00:00\",\"description\":\"Markt-XXL CEE Starkstromkabel 25m 16A CEE-Verl\u00e4ngerung Verl\u00e4ngerungskabel H07RN-F 5x1,5mm\u00b2 - ABL\",\"breadcrumb\":{\"@id\":\"https:\\\/\\\/marktxxl.de\\\/markt\\\/produkt\\\/cee-starkstromkabel-25m-16a-cee-verlaengerung-verlaengerungskabel-h07rn-f-5x15mm%c2%b2-abl\\\/#breadcrumb\"},\"inLanguage\":\"de\",\"potentialAction\":[{\"@type\":\"ReadAction\",\"target\":[\"https:\\\/\\\/marktxxl.de\\\/markt\\\/produkt\\\/cee-starkstromkabel-25m-16a-cee-verlaengerung-verlaengerungskabel-h07rn-f-5x15mm%c2%b2-abl\\\/\"]}]},{\"@type\":\"ImageObject\",\"inLanguage\":\"de\",\"@id\":\"https:\\\/\\\/marktxxl.de\\\/markt\\\/produkt\\\/cee-starkstromkabel-25m-16a-cee-verlaengerung-verlaengerungskabel-h07rn-f-5x15mm%c2%b2-abl\\\/#primaryimage\",\"url\":\"https:\\\/\\\/m.media-amazon.com\\\/images\\\/I\\\/415sQOuPdoL._SL500_.jpg\",\"contentUrl\":\"https:\\\/\\\/m.media-amazon.com\\\/images\\\/I\\\/415sQOuPdoL._SL500_.jpg\",\"width\":500,\"height\":333},{\"@type\":\"BreadcrumbList\",\"@id\":\"https:\\\/\\\/marktxxl.de\\\/markt\\\/produkt\\\/cee-starkstromkabel-25m-16a-cee-verlaengerung-verlaengerungskabel-h07rn-f-5x15mm%c2%b2-abl\\\/#breadcrumb\",\"itemListElement\":[{\"@type\":\"ListItem\",\"position\":1,\"name\":\"Startseite\",\"item\":\"https:\\\/\\\/marktxxl.de\\\/markt\\\/\"},{\"@type\":\"ListItem\",\"position\":2,\"name\":\"Markt\",\"item\":\"https:\\\/\\\/marktxxl.de\\\/markt\\\/\"},{\"@type\":\"ListItem\",\"position\":3,\"name\":\"CEE Starkstromkabel 25m 16A CEE-Verl\u00e4ngerung Verl\u00e4ngerungskabel H07RN-F 5&#215;1,5mm\u00b2 &#8211; ABL\"}]},{\"@type\":\"WebSite\",\"@id\":\"https:\\\/\\\/marktxxl.de\\\/markt\\\/#website\",\"url\":\"https:\\\/\\\/marktxxl.de\\\/markt\\\/\",\"name\":\"Markt-XXL\",\"description\":\"Ihr Markt Online\",\"publisher\":{\"@id\":\"https:\\\/\\\/marktxxl.de\\\/markt\\\/#organization\"},\"potentialAction\":[{\"@type\":\"SearchAction\",\"target\":{\"@type\":\"EntryPoint\",\"urlTemplate\":\"https:\\\/\\\/marktxxl.de\\\/markt\\\/?s={search_term_string}\"},\"query-input\":{\"@type\":\"PropertyValueSpecification\",\"valueRequired\":true,\"valueName\":\"search_term_string\"}}],\"inLanguage\":\"de\"},{\"@type\":\"Organization\",\"@id\":\"https:\\\/\\\/marktxxl.de\\\/markt\\\/#organization\",\"name\":\"Markt-XXL\",\"url\":\"https:\\\/\\\/marktxxl.de\\\/markt\\\/\",\"logo\":{\"@type\":\"ImageObject\",\"inLanguage\":\"de\",\"@id\":\"https:\\\/\\\/marktxxl.de\\\/markt\\\/#\\\/schema\\\/logo\\\/image\\\/\",\"url\":\"https:\\\/\\\/marktxxl.de\\\/markt\\\/wp-content\\\/uploads\\\/sites\\\/3\\\/2020\\\/12\\\/logo.png\",\"contentUrl\":\"https:\\\/\\\/marktxxl.de\\\/markt\\\/wp-content\\\/uploads\\\/sites\\\/3\\\/2020\\\/12\\\/logo.png\",\"width\":200,\"height\":70,\"caption\":\"Markt-XXL\"},\"image\":{\"@id\":\"https:\\\/\\\/marktxxl.de\\\/markt\\\/#\\\/schema\\\/logo\\\/image\\\/\"}}]}<\/script>\n<!-- \/ Yoast SEO plugin. -->","yoast_head_json":{"title":"CEE Starkstromkabel 25m 16A CEE-Verl\u00e4ngerung Verl\u00e4ngerungskabel H07RN-F 5x1,5mm\u00b2 - ABL - Markt-XXL","description":"Markt-XXL CEE Starkstromkabel 25m 16A CEE-Verl\u00e4ngerung Verl\u00e4ngerungskabel H07RN-F 5x1,5mm\u00b2 - ABL","robots":{"index":"index","follow":"follow","max-snippet":"max-snippet:-1","max-image-preview":"max-image-preview:large","max-video-preview":"max-video-preview:-1"},"canonical":"https:\/\/marktxxl.de\/markt\/produkt\/cee-starkstromkabel-25m-16a-cee-verlaengerung-verlaengerungskabel-h07rn-f-5x15mm\u00b2-abl\/","og_locale":"de_DE","og_type":"article","og_title":"CEE Starkstromkabel 25m 16A CEE-Verl\u00e4ngerung Verl\u00e4ngerungskabel H07RN-F 5x1,5mm\u00b2 - ABL - Markt-XXL","og_description":"Markt-XXL CEE Starkstromkabel 25m 16A CEE-Verl\u00e4ngerung Verl\u00e4ngerungskabel H07RN-F 5x1,5mm\u00b2 - ABL","og_url":"https:\/\/marktxxl.de\/markt\/produkt\/cee-starkstromkabel-25m-16a-cee-verlaengerung-verlaengerungskabel-h07rn-f-5x15mm\u00b2-abl\/","og_site_name":"Markt-XXL","article_modified_time":"2023-04-10T02:54:33+00:00","og_image":[{"width":500,"height":333,"url":"https:\/\/m.media-amazon.com\/images\/I\/415sQOuPdoL._SL500_.jpg","type":"image\/jpeg"}],"twitter_card":"summary_large_image","schema":{"@context":"https:\/\/schema.org","@graph":[{"@type":"WebPage","@id":"https:\/\/marktxxl.de\/markt\/produkt\/cee-starkstromkabel-25m-16a-cee-verlaengerung-verlaengerungskabel-h07rn-f-5x15mm%c2%b2-abl\/","url":"https:\/\/marktxxl.de\/markt\/produkt\/cee-starkstromkabel-25m-16a-cee-verlaengerung-verlaengerungskabel-h07rn-f-5x15mm%c2%b2-abl\/","name":"CEE Starkstromkabel 25m 16A CEE-Verl\u00e4ngerung Verl\u00e4ngerungskabel H07RN-F 5x1,5mm\u00b2 - ABL - Markt-XXL","isPartOf":{"@id":"https:\/\/marktxxl.de\/markt\/#website"},"primaryImageOfPage":{"@id":"https:\/\/marktxxl.de\/markt\/produkt\/cee-starkstromkabel-25m-16a-cee-verlaengerung-verlaengerungskabel-h07rn-f-5x15mm%c2%b2-abl\/#primaryimage"},"image":{"@id":"https:\/\/marktxxl.de\/markt\/produkt\/cee-starkstromkabel-25m-16a-cee-verlaengerung-verlaengerungskabel-h07rn-f-5x15mm%c2%b2-abl\/#primaryimage"},"thumbnailUrl":"https:\/\/m.media-amazon.com\/images\/I\/415sQOuPdoL._SL500_.jpg","datePublished":"2022-11-10T23:16:40+00:00","dateModified":"2023-04-10T02:54:33+00:00","description":"Markt-XXL CEE Starkstromkabel 25m 16A CEE-Verl\u00e4ngerung Verl\u00e4ngerungskabel H07RN-F 5x1,5mm\u00b2 - ABL","breadcrumb":{"@id":"https:\/\/marktxxl.de\/markt\/produkt\/cee-starkstromkabel-25m-16a-cee-verlaengerung-verlaengerungskabel-h07rn-f-5x15mm%c2%b2-abl\/#breadcrumb"},"inLanguage":"de","potentialAction":[{"@type":"ReadAction","target":["https:\/\/marktxxl.de\/markt\/produkt\/cee-starkstromkabel-25m-16a-cee-verlaengerung-verlaengerungskabel-h07rn-f-5x15mm%c2%b2-abl\/"]}]},{"@type":"ImageObject","inLanguage":"de","@id":"https:\/\/marktxxl.de\/markt\/produkt\/cee-starkstromkabel-25m-16a-cee-verlaengerung-verlaengerungskabel-h07rn-f-5x15mm%c2%b2-abl\/#primaryimage","url":"https:\/\/m.media-amazon.com\/images\/I\/415sQOuPdoL._SL500_.jpg","contentUrl":"https:\/\/m.media-amazon.com\/images\/I\/415sQOuPdoL._SL500_.jpg","width":500,"height":333},{"@type":"BreadcrumbList","@id":"https:\/\/marktxxl.de\/markt\/produkt\/cee-starkstromkabel-25m-16a-cee-verlaengerung-verlaengerungskabel-h07rn-f-5x15mm%c2%b2-abl\/#breadcrumb","itemListElement":[{"@type":"ListItem","position":1,"name":"Startseite","item":"https:\/\/marktxxl.de\/markt\/"},{"@type":"ListItem","position":2,"name":"Markt","item":"https:\/\/marktxxl.de\/markt\/"},{"@type":"ListItem","position":3,"name":"CEE Starkstromkabel 25m 16A CEE-Verl\u00e4ngerung Verl\u00e4ngerungskabel H07RN-F 5&#215;1,5mm\u00b2 &#8211; ABL"}]},{"@type":"WebSite","@id":"https:\/\/marktxxl.de\/markt\/#website","url":"https:\/\/marktxxl.de\/markt\/","name":"Markt-XXL","description":"Ihr Markt Online","publisher":{"@id":"https:\/\/marktxxl.de\/markt\/#organization"},"potentialAction":[{"@type":"SearchAction","target":{"@type":"EntryPoint","urlTemplate":"https:\/\/marktxxl.de\/markt\/?s={search_term_string}"},"query-input":{"@type":"PropertyValueSpecification","valueRequired":true,"valueName":"search_term_string"}}],"inLanguage":"de"},{"@type":"Organization","@id":"https:\/\/marktxxl.de\/markt\/#organization","name":"Markt-XXL","url":"https:\/\/marktxxl.de\/markt\/","logo":{"@type":"ImageObject","inLanguage":"de","@id":"https:\/\/marktxxl.de\/markt\/#\/schema\/logo\/image\/","url":"https:\/\/marktxxl.de\/markt\/wp-content\/uploads\/sites\/3\/2020\/12\/logo.png","contentUrl":"https:\/\/marktxxl.de\/markt\/wp-content\/uploads\/sites\/3\/2020\/12\/logo.png","width":200,"height":70,"caption":"Markt-XXL"},"image":{"@id":"https:\/\/marktxxl.de\/markt\/#\/schema\/logo\/image\/"}}]}},"_links":{"self":[{"href":"https:\/\/marktxxl.de\/markt\/wp-json\/wp\/v2\/product\/162296","targetHints":{"allow":["GET"]}}],"collection":[{"href":"https:\/\/marktxxl.de\/markt\/wp-json\/wp\/v2\/product"}],"about":[{"href":"https:\/\/marktxxl.de\/markt\/wp-json\/wp\/v2\/types\/product"}],"replies":[{"embeddable":true,"href":"https:\/\/marktxxl.de\/markt\/wp-json\/wp\/v2\/comments?post=162296"}],"wp:featuredmedia":[{"embeddable":true,"href":"https:\/\/marktxxl.de\/markt\/wp-json\/wp\/v2\/media\/162297"}],"wp:attachment":[{"href":"https:\/\/marktxxl.de\/markt\/wp-json\/wp\/v2\/media?parent=162296"}],"wp:term":[{"taxonomy":"product_brand","embeddable":true,"href":"https:\/\/marktxxl.de\/markt\/wp-json\/wp\/v2\/product_brand?post=162296"},{"taxonomy":"product_cat","embeddable":true,"href":"https:\/\/marktxxl.de\/markt\/wp-json\/wp\/v2\/product_cat?post=162296"},{"taxonomy":"product_tag","embeddable":true,"href":"https:\/\/marktxxl.de\/markt\/wp-json\/wp\/v2\/product_tag?post=162296"}],"curies":[{"name":"wp","href":"https:\/\/api.w.org\/{rel}","templated":true}]}}