{"id":162168,"date":"2022-11-10T23:34:28","date_gmt":"2022-11-10T22:34:28","guid":{"rendered":"https:\/\/marktxxl.de\/markt\/produkt\/navaris-aluminium-trittleiter-3-stufen-mit-holzoptik-alu-klapptritt-leiter-belastbar-bis-150kg-leichte-3-stufige-aluleiter-stehleiter-klappbar\/"},"modified":"2023-04-07T04:00:05","modified_gmt":"2023-04-07T02:00:05","slug":"navaris-aluminium-trittleiter-3-stufen-mit-holzoptik-alu-klapptritt-leiter-belastbar-bis-150kg-leichte-3-stufige-aluleiter-stehleiter-klappbar","status":"publish","type":"product","link":"https:\/\/marktxxl.de\/markt\/produkt\/navaris-aluminium-trittleiter-3-stufen-mit-holzoptik-alu-klapptritt-leiter-belastbar-bis-150kg-leichte-3-stufige-aluleiter-stehleiter-klappbar\/","title":{"rendered":"Navaris Aluminium Trittleiter 3 Stufen mit Holzoptik &#8211; Alu Klapptritt Leiter belastbar bis 150kg &#8211; leichte 3-stufige\u2026"},"content":{"rendered":"<p>STARK UND STABIL: Dank der Verarbeitung von solidem Aluminium ist die Haushaltsleiter strapazierf\u00e4hig, belastbar und unempfindlich im Gebrauch &#8211; und \u00fcberzeugt gleichzeitig mit ihrem geringen Gewicht von gerade mal 4kg.<br \/>\nUNAUFF\u00c4LLIG: Da die Trittleiter klappbar ist, l\u00e4sst sie sich leicht zusammenfalten und z. B. hinter einer T\u00fcr verstauen. Nat\u00fcrlich kann die Leiter auch als Gartenleiter verwendet werden, wir empfehlen aber einen Indoor Gebrauch.<br \/>\nSCHICKES FINISH: Die Au\u00dfenfl\u00e4chen der Alu-Sicherheits-Haushaltsleiter sind mit einem eleganten und gemaserten Finish in Holzoptik versehen und sorgen so f\u00fcr das gewisse Etwas. So f\u00fcgt sich die Leiter auch optisch super in Dein Zuhause ein.<br \/>\nKUNSTSTOFF F\u00dc\u00dfE: Die F\u00fc\u00dfe der Klappleiter bestehen aus Kunststoff. So werden Parkett, Laminat und Fliesen vor Kratzern oder anderen Sch\u00e4den bewahrt.<br \/>\nSICHER IST SICHER: Die integrierte Stahl Klappsicherung sorgt daf\u00fcr, dass die Stufen sicher einrasten und stabilisiert den Tritt.<br \/>\n<div class=\"main-cross-sell\" data-asin=\"B08PYYWPB5\">\n\n\t<div class=\"WooZone-cross-sell-loader\">\n\t\t<div>\n\t\t\t<div id=\"floatingBarsG\">\n\t\t\t\t<div class=\"blockG\" id=\"rotateG_01\"><\/div>\n\t\t\t\t<div class=\"blockG\" id=\"rotateG_02\"><\/div>\n\t\t\t\t<div class=\"blockG\" id=\"rotateG_03\"><\/div>\n\t\t\t\t<div class=\"blockG\" id=\"rotateG_04\"><\/div>\n\t\t\t\t<div class=\"blockG\" id=\"rotateG_05\"><\/div>\n\t\t\t\t<div class=\"blockG\" id=\"rotateG_06\"><\/div>\n\t\t\t\t<div class=\"blockG\" id=\"rotateG_07\"><\/div>\n\t\t\t\t<div class=\"blockG\" id=\"rotateG_08\"><\/div>\n\t\t\t<\/div>\n\t\t\t<div class=\"WooZone-cross-sell-loader-text\"><\/div>\n\t\t<\/div>\n\t<\/div>\n\n\t\t\n<\/div>\n<div style=\"clear:both;\"><\/div><\/p>\n","protected":false},"excerpt":{"rendered":"<p>STARK UND STABIL: Dank der Verarbeitung von solidem Aluminium ist die Haushaltsleiter strapazierf\u00e4hig, belastbar und unempfindlich im Gebrauch &#8211; und \u00fcberzeugt gleichzeitig mit ihrem geringen Gewicht von gerade mal 4kg.<br \/>\nUNAUFF\u00c4LLIG: Da die Trittleiter klappbar ist, l\u00e4sst sie sich leicht zusammenfalten und z. B. hinter einer T\u00fcr verstauen. Nat\u00fcrlich kann die Leiter auch als Gartenleiter verwendet werden, wir empfehlen aber einen Indoor Gebrauch.<br \/>\nSCHICKES FINISH: Die Au\u00dfenfl\u00e4chen der Alu-Sicherheits-Haushaltsleiter sind mit einem eleganten und gemaserten Finish in Holzoptik versehen und sorgen so f\u00fcr das gewisse Etwas. So f\u00fcgt sich die Leiter auch optisch super in Dein Zuhause ein.<\/p>\n","protected":false},"featured_media":162169,"comment_status":"open","ping_status":"closed","template":"","meta":[],"product_brand":[],"product_cat":[10704,1983],"product_tag":[],"class_list":{"0":"post-162168","1":"product","2":"type-product","3":"status-publish","4":"has-post-thumbnail","6":"product_cat-baubedarf","7":"product_cat-baumarkt","8":"pa_brand-navaris","9":"pa_color-beige","10":"pa_height-5-74802-zoll","11":"pa_length-53-9369-zoll","12":"pa_manufacturer-kw-commerce","13":"pa_model-53302-01_m000442","14":"pa_weight-8-598028218-pfund","15":"pa_width-17-3228-zoll","17":"first","18":"instock","19":"shipping-taxable","20":"purchasable","21":"product-type-simple","22":"customify-col","23":"product-has-gallery"},"yoast_head":"<!-- This site is optimized with the Yoast SEO plugin v27.4 - https:\/\/yoast.com\/product\/yoast-seo-wordpress\/ -->\n<title>Navaris Aluminium Trittleiter 3 Stufen mit Holzoptik - Alu Klapptritt Leiter belastbar bis 150kg - leichte 3-stufige\u2026 - Markt-XXL<\/title>\n<meta name=\"description\" content=\"Markt-XXL Navaris Aluminium Trittleiter 3 Stufen mit Holzoptik - Alu Klapptritt Leiter belastbar bis 150kg - leichte 3-stufige\u2026\" \/>\n<meta name=\"robots\" content=\"index, follow, max-snippet:-1, max-image-preview:large, max-video-preview:-1\" \/>\n<link rel=\"canonical\" href=\"https:\/\/marktxxl.de\/markt\/produkt\/navaris-aluminium-trittleiter-3-stufen-mit-holzoptik-alu-klapptritt-leiter-belastbar-bis-150kg-leichte-3-stufige-aluleiter-stehleiter-klappbar\/\" \/>\n<meta property=\"og:locale\" content=\"de_DE\" \/>\n<meta property=\"og:type\" content=\"article\" \/>\n<meta property=\"og:title\" content=\"Navaris Aluminium Trittleiter 3 Stufen mit Holzoptik - Alu Klapptritt Leiter belastbar bis 150kg - leichte 3-stufige\u2026 - Markt-XXL\" \/>\n<meta property=\"og:description\" content=\"Markt-XXL Navaris Aluminium Trittleiter 3 Stufen mit Holzoptik - Alu Klapptritt Leiter belastbar bis 150kg - leichte 3-stufige\u2026\" \/>\n<meta property=\"og:url\" content=\"https:\/\/marktxxl.de\/markt\/produkt\/navaris-aluminium-trittleiter-3-stufen-mit-holzoptik-alu-klapptritt-leiter-belastbar-bis-150kg-leichte-3-stufige-aluleiter-stehleiter-klappbar\/\" \/>\n<meta property=\"og:site_name\" content=\"Markt-XXL\" \/>\n<meta property=\"article:modified_time\" content=\"2023-04-07T02:00:05+00:00\" \/>\n<meta property=\"og:image\" content=\"https:\/\/m.media-amazon.com\/images\/I\/41hv4JZDAUL._SL500_.jpg\" \/>\n\t<meta property=\"og:image:width\" content=\"500\" \/>\n\t<meta property=\"og:image:height\" content=\"500\" \/>\n\t<meta property=\"og:image:type\" content=\"image\/jpeg\" \/>\n<meta name=\"twitter:card\" content=\"summary_large_image\" \/>\n<meta name=\"twitter:label1\" content=\"Gesch\u00e4tzte Lesezeit\" \/>\n\t<meta name=\"twitter:data1\" content=\"1\u00a0Minute\" \/>\n<script type=\"application\/ld+json\" class=\"yoast-schema-graph\">{\"@context\":\"https:\\\/\\\/schema.org\",\"@graph\":[{\"@type\":\"WebPage\",\"@id\":\"https:\\\/\\\/marktxxl.de\\\/markt\\\/produkt\\\/navaris-aluminium-trittleiter-3-stufen-mit-holzoptik-alu-klapptritt-leiter-belastbar-bis-150kg-leichte-3-stufige-aluleiter-stehleiter-klappbar\\\/\",\"url\":\"https:\\\/\\\/marktxxl.de\\\/markt\\\/produkt\\\/navaris-aluminium-trittleiter-3-stufen-mit-holzoptik-alu-klapptritt-leiter-belastbar-bis-150kg-leichte-3-stufige-aluleiter-stehleiter-klappbar\\\/\",\"name\":\"Navaris Aluminium Trittleiter 3 Stufen mit Holzoptik - Alu Klapptritt Leiter belastbar bis 150kg - leichte 3-stufige\u2026 - Markt-XXL\",\"isPartOf\":{\"@id\":\"https:\\\/\\\/marktxxl.de\\\/markt\\\/#website\"},\"primaryImageOfPage\":{\"@id\":\"https:\\\/\\\/marktxxl.de\\\/markt\\\/produkt\\\/navaris-aluminium-trittleiter-3-stufen-mit-holzoptik-alu-klapptritt-leiter-belastbar-bis-150kg-leichte-3-stufige-aluleiter-stehleiter-klappbar\\\/#primaryimage\"},\"image\":{\"@id\":\"https:\\\/\\\/marktxxl.de\\\/markt\\\/produkt\\\/navaris-aluminium-trittleiter-3-stufen-mit-holzoptik-alu-klapptritt-leiter-belastbar-bis-150kg-leichte-3-stufige-aluleiter-stehleiter-klappbar\\\/#primaryimage\"},\"thumbnailUrl\":\"https:\\\/\\\/m.media-amazon.com\\\/images\\\/I\\\/41hv4JZDAUL._SL500_.jpg\",\"datePublished\":\"2022-11-10T22:34:28+00:00\",\"dateModified\":\"2023-04-07T02:00:05+00:00\",\"description\":\"Markt-XXL Navaris Aluminium Trittleiter 3 Stufen mit Holzoptik - Alu Klapptritt Leiter belastbar bis 150kg - leichte 3-stufige\u2026\",\"breadcrumb\":{\"@id\":\"https:\\\/\\\/marktxxl.de\\\/markt\\\/produkt\\\/navaris-aluminium-trittleiter-3-stufen-mit-holzoptik-alu-klapptritt-leiter-belastbar-bis-150kg-leichte-3-stufige-aluleiter-stehleiter-klappbar\\\/#breadcrumb\"},\"inLanguage\":\"de\",\"potentialAction\":[{\"@type\":\"ReadAction\",\"target\":[\"https:\\\/\\\/marktxxl.de\\\/markt\\\/produkt\\\/navaris-aluminium-trittleiter-3-stufen-mit-holzoptik-alu-klapptritt-leiter-belastbar-bis-150kg-leichte-3-stufige-aluleiter-stehleiter-klappbar\\\/\"]}]},{\"@type\":\"ImageObject\",\"inLanguage\":\"de\",\"@id\":\"https:\\\/\\\/marktxxl.de\\\/markt\\\/produkt\\\/navaris-aluminium-trittleiter-3-stufen-mit-holzoptik-alu-klapptritt-leiter-belastbar-bis-150kg-leichte-3-stufige-aluleiter-stehleiter-klappbar\\\/#primaryimage\",\"url\":\"https:\\\/\\\/m.media-amazon.com\\\/images\\\/I\\\/41hv4JZDAUL._SL500_.jpg\",\"contentUrl\":\"https:\\\/\\\/m.media-amazon.com\\\/images\\\/I\\\/41hv4JZDAUL._SL500_.jpg\",\"width\":500,\"height\":500},{\"@type\":\"BreadcrumbList\",\"@id\":\"https:\\\/\\\/marktxxl.de\\\/markt\\\/produkt\\\/navaris-aluminium-trittleiter-3-stufen-mit-holzoptik-alu-klapptritt-leiter-belastbar-bis-150kg-leichte-3-stufige-aluleiter-stehleiter-klappbar\\\/#breadcrumb\",\"itemListElement\":[{\"@type\":\"ListItem\",\"position\":1,\"name\":\"Startseite\",\"item\":\"https:\\\/\\\/marktxxl.de\\\/markt\\\/\"},{\"@type\":\"ListItem\",\"position\":2,\"name\":\"Markt\",\"item\":\"https:\\\/\\\/marktxxl.de\\\/markt\\\/\"},{\"@type\":\"ListItem\",\"position\":3,\"name\":\"Navaris Aluminium Trittleiter 3 Stufen mit Holzoptik &#8211; Alu Klapptritt Leiter belastbar bis 150kg &#8211; leichte 3-stufige\u2026\"}]},{\"@type\":\"WebSite\",\"@id\":\"https:\\\/\\\/marktxxl.de\\\/markt\\\/#website\",\"url\":\"https:\\\/\\\/marktxxl.de\\\/markt\\\/\",\"name\":\"Markt-XXL\",\"description\":\"Ihr Markt Online\",\"publisher\":{\"@id\":\"https:\\\/\\\/marktxxl.de\\\/markt\\\/#organization\"},\"potentialAction\":[{\"@type\":\"SearchAction\",\"target\":{\"@type\":\"EntryPoint\",\"urlTemplate\":\"https:\\\/\\\/marktxxl.de\\\/markt\\\/?s={search_term_string}\"},\"query-input\":{\"@type\":\"PropertyValueSpecification\",\"valueRequired\":true,\"valueName\":\"search_term_string\"}}],\"inLanguage\":\"de\"},{\"@type\":\"Organization\",\"@id\":\"https:\\\/\\\/marktxxl.de\\\/markt\\\/#organization\",\"name\":\"Markt-XXL\",\"url\":\"https:\\\/\\\/marktxxl.de\\\/markt\\\/\",\"logo\":{\"@type\":\"ImageObject\",\"inLanguage\":\"de\",\"@id\":\"https:\\\/\\\/marktxxl.de\\\/markt\\\/#\\\/schema\\\/logo\\\/image\\\/\",\"url\":\"https:\\\/\\\/marktxxl.de\\\/markt\\\/wp-content\\\/uploads\\\/sites\\\/3\\\/2020\\\/12\\\/logo.png\",\"contentUrl\":\"https:\\\/\\\/marktxxl.de\\\/markt\\\/wp-content\\\/uploads\\\/sites\\\/3\\\/2020\\\/12\\\/logo.png\",\"width\":200,\"height\":70,\"caption\":\"Markt-XXL\"},\"image\":{\"@id\":\"https:\\\/\\\/marktxxl.de\\\/markt\\\/#\\\/schema\\\/logo\\\/image\\\/\"}}]}<\/script>\n<!-- \/ Yoast SEO plugin. -->","yoast_head_json":{"title":"Navaris Aluminium Trittleiter 3 Stufen mit Holzoptik - Alu Klapptritt Leiter belastbar bis 150kg - leichte 3-stufige\u2026 - Markt-XXL","description":"Markt-XXL Navaris Aluminium Trittleiter 3 Stufen mit Holzoptik - Alu Klapptritt Leiter belastbar bis 150kg - leichte 3-stufige\u2026","robots":{"index":"index","follow":"follow","max-snippet":"max-snippet:-1","max-image-preview":"max-image-preview:large","max-video-preview":"max-video-preview:-1"},"canonical":"https:\/\/marktxxl.de\/markt\/produkt\/navaris-aluminium-trittleiter-3-stufen-mit-holzoptik-alu-klapptritt-leiter-belastbar-bis-150kg-leichte-3-stufige-aluleiter-stehleiter-klappbar\/","og_locale":"de_DE","og_type":"article","og_title":"Navaris Aluminium Trittleiter 3 Stufen mit Holzoptik - Alu Klapptritt Leiter belastbar bis 150kg - leichte 3-stufige\u2026 - Markt-XXL","og_description":"Markt-XXL Navaris Aluminium Trittleiter 3 Stufen mit Holzoptik - Alu Klapptritt Leiter belastbar bis 150kg - leichte 3-stufige\u2026","og_url":"https:\/\/marktxxl.de\/markt\/produkt\/navaris-aluminium-trittleiter-3-stufen-mit-holzoptik-alu-klapptritt-leiter-belastbar-bis-150kg-leichte-3-stufige-aluleiter-stehleiter-klappbar\/","og_site_name":"Markt-XXL","article_modified_time":"2023-04-07T02:00:05+00:00","og_image":[{"width":500,"height":500,"url":"https:\/\/m.media-amazon.com\/images\/I\/41hv4JZDAUL._SL500_.jpg","type":"image\/jpeg"}],"twitter_card":"summary_large_image","twitter_misc":{"Gesch\u00e4tzte Lesezeit":"1\u00a0Minute"},"schema":{"@context":"https:\/\/schema.org","@graph":[{"@type":"WebPage","@id":"https:\/\/marktxxl.de\/markt\/produkt\/navaris-aluminium-trittleiter-3-stufen-mit-holzoptik-alu-klapptritt-leiter-belastbar-bis-150kg-leichte-3-stufige-aluleiter-stehleiter-klappbar\/","url":"https:\/\/marktxxl.de\/markt\/produkt\/navaris-aluminium-trittleiter-3-stufen-mit-holzoptik-alu-klapptritt-leiter-belastbar-bis-150kg-leichte-3-stufige-aluleiter-stehleiter-klappbar\/","name":"Navaris Aluminium Trittleiter 3 Stufen mit Holzoptik - Alu Klapptritt Leiter belastbar bis 150kg - leichte 3-stufige\u2026 - Markt-XXL","isPartOf":{"@id":"https:\/\/marktxxl.de\/markt\/#website"},"primaryImageOfPage":{"@id":"https:\/\/marktxxl.de\/markt\/produkt\/navaris-aluminium-trittleiter-3-stufen-mit-holzoptik-alu-klapptritt-leiter-belastbar-bis-150kg-leichte-3-stufige-aluleiter-stehleiter-klappbar\/#primaryimage"},"image":{"@id":"https:\/\/marktxxl.de\/markt\/produkt\/navaris-aluminium-trittleiter-3-stufen-mit-holzoptik-alu-klapptritt-leiter-belastbar-bis-150kg-leichte-3-stufige-aluleiter-stehleiter-klappbar\/#primaryimage"},"thumbnailUrl":"https:\/\/m.media-amazon.com\/images\/I\/41hv4JZDAUL._SL500_.jpg","datePublished":"2022-11-10T22:34:28+00:00","dateModified":"2023-04-07T02:00:05+00:00","description":"Markt-XXL Navaris Aluminium Trittleiter 3 Stufen mit Holzoptik - Alu Klapptritt Leiter belastbar bis 150kg - leichte 3-stufige\u2026","breadcrumb":{"@id":"https:\/\/marktxxl.de\/markt\/produkt\/navaris-aluminium-trittleiter-3-stufen-mit-holzoptik-alu-klapptritt-leiter-belastbar-bis-150kg-leichte-3-stufige-aluleiter-stehleiter-klappbar\/#breadcrumb"},"inLanguage":"de","potentialAction":[{"@type":"ReadAction","target":["https:\/\/marktxxl.de\/markt\/produkt\/navaris-aluminium-trittleiter-3-stufen-mit-holzoptik-alu-klapptritt-leiter-belastbar-bis-150kg-leichte-3-stufige-aluleiter-stehleiter-klappbar\/"]}]},{"@type":"ImageObject","inLanguage":"de","@id":"https:\/\/marktxxl.de\/markt\/produkt\/navaris-aluminium-trittleiter-3-stufen-mit-holzoptik-alu-klapptritt-leiter-belastbar-bis-150kg-leichte-3-stufige-aluleiter-stehleiter-klappbar\/#primaryimage","url":"https:\/\/m.media-amazon.com\/images\/I\/41hv4JZDAUL._SL500_.jpg","contentUrl":"https:\/\/m.media-amazon.com\/images\/I\/41hv4JZDAUL._SL500_.jpg","width":500,"height":500},{"@type":"BreadcrumbList","@id":"https:\/\/marktxxl.de\/markt\/produkt\/navaris-aluminium-trittleiter-3-stufen-mit-holzoptik-alu-klapptritt-leiter-belastbar-bis-150kg-leichte-3-stufige-aluleiter-stehleiter-klappbar\/#breadcrumb","itemListElement":[{"@type":"ListItem","position":1,"name":"Startseite","item":"https:\/\/marktxxl.de\/markt\/"},{"@type":"ListItem","position":2,"name":"Markt","item":"https:\/\/marktxxl.de\/markt\/"},{"@type":"ListItem","position":3,"name":"Navaris Aluminium Trittleiter 3 Stufen mit Holzoptik &#8211; Alu Klapptritt Leiter belastbar bis 150kg &#8211; leichte 3-stufige\u2026"}]},{"@type":"WebSite","@id":"https:\/\/marktxxl.de\/markt\/#website","url":"https:\/\/marktxxl.de\/markt\/","name":"Markt-XXL","description":"Ihr Markt Online","publisher":{"@id":"https:\/\/marktxxl.de\/markt\/#organization"},"potentialAction":[{"@type":"SearchAction","target":{"@type":"EntryPoint","urlTemplate":"https:\/\/marktxxl.de\/markt\/?s={search_term_string}"},"query-input":{"@type":"PropertyValueSpecification","valueRequired":true,"valueName":"search_term_string"}}],"inLanguage":"de"},{"@type":"Organization","@id":"https:\/\/marktxxl.de\/markt\/#organization","name":"Markt-XXL","url":"https:\/\/marktxxl.de\/markt\/","logo":{"@type":"ImageObject","inLanguage":"de","@id":"https:\/\/marktxxl.de\/markt\/#\/schema\/logo\/image\/","url":"https:\/\/marktxxl.de\/markt\/wp-content\/uploads\/sites\/3\/2020\/12\/logo.png","contentUrl":"https:\/\/marktxxl.de\/markt\/wp-content\/uploads\/sites\/3\/2020\/12\/logo.png","width":200,"height":70,"caption":"Markt-XXL"},"image":{"@id":"https:\/\/marktxxl.de\/markt\/#\/schema\/logo\/image\/"}}]}},"_links":{"self":[{"href":"https:\/\/marktxxl.de\/markt\/wp-json\/wp\/v2\/product\/162168","targetHints":{"allow":["GET"]}}],"collection":[{"href":"https:\/\/marktxxl.de\/markt\/wp-json\/wp\/v2\/product"}],"about":[{"href":"https:\/\/marktxxl.de\/markt\/wp-json\/wp\/v2\/types\/product"}],"replies":[{"embeddable":true,"href":"https:\/\/marktxxl.de\/markt\/wp-json\/wp\/v2\/comments?post=162168"}],"wp:featuredmedia":[{"embeddable":true,"href":"https:\/\/marktxxl.de\/markt\/wp-json\/wp\/v2\/media\/162169"}],"wp:attachment":[{"href":"https:\/\/marktxxl.de\/markt\/wp-json\/wp\/v2\/media?parent=162168"}],"wp:term":[{"taxonomy":"product_brand","embeddable":true,"href":"https:\/\/marktxxl.de\/markt\/wp-json\/wp\/v2\/product_brand?post=162168"},{"taxonomy":"product_cat","embeddable":true,"href":"https:\/\/marktxxl.de\/markt\/wp-json\/wp\/v2\/product_cat?post=162168"},{"taxonomy":"product_tag","embeddable":true,"href":"https:\/\/marktxxl.de\/markt\/wp-json\/wp\/v2\/product_tag?post=162168"}],"curies":[{"name":"wp","href":"https:\/\/api.w.org\/{rel}","templated":true}]}}