{"id":162046,"date":"2022-11-10T23:04:30","date_gmt":"2022-11-10T22:04:30","guid":{"rendered":"https:\/\/marktxxl.de\/markt\/produkt\/omisoon-heizluefter-2000w-eco-heizluefter-energiesparend-ptc-thermostat-heizung-mit-90oszillation-24h-timer-windeinstellung-mehrfacher-schutz-fernsteuerung-3-modi-black-ozq21n18\/"},"modified":"2023-04-08T04:14:37","modified_gmt":"2023-04-08T02:14:37","slug":"omisoon-heizluefter-2000w-eco-heizluefter-energiesparend-ptc-thermostat-heizung-mit-90oszillation-24h-timer-windeinstellung-mehrfacher-schutz-fernsteuerung-3-modi-black-ozq21n18","status":"publish","type":"product","link":"https:\/\/marktxxl.de\/markt\/produkt\/omisoon-heizluefter-2000w-eco-heizluefter-energiesparend-ptc-thermostat-heizung-mit-90oszillation-24h-timer-windeinstellung-mehrfacher-schutz-fernsteuerung-3-modi-black-ozq21n18\/","title":{"rendered":"OMISOON Heizl\u00fcfter 2000W, ECO heizl\u00fcfter energiesparend, PTC thermostat heizung mit 90\u00b0Oszillation, 24h Timer\u2026"},"content":{"rendered":"<p>\u2600\ufe0f2S Schnelles Aufheizen: Die leistungsstarken PTC-Keramik-Heizelemente und die maximale Leistung von 2000 W erm\u00f6glichen es dem heizl\u00fcfter, sich innerhalb von 2 Sekunden aufzuheizen. Sie k\u00f6nnen den Wechsel von kalt zu warm in Sekunden sp\u00fcren.<br \/>\n\u2600\ufe0fECO Thermostat und niedriger Energieverbrauch: Sie k\u00f6nnen die Temperatur zwischen 17-37\u2103 einstellen. Mit einem eingebauten Pr\u00e4zisions-Temperatursensor passt der ECO-Modus die Heizleistung des thermostat heizung auf intelligente Weise an die Umgebungstemperatur an, heizt automatisch und schaltet sich ein\/aus, um die von Ihnen eingestellte Temperaturumgebung zu erhalten. So k\u00f6nnen Sie effektiv Stromrechnungen und Energiekosten sparen.<br \/>\n\u2600\ufe0f90\u00b0Oszillation und 75\u00b0-Jalousie-Design: Im Vergleich zu anderen elektroheizung ist diese heizl\u00fcfter mit 35\u00b0 bis 40\u00b0 verstellbaren Jalousien (nach oben\/unten) und 90\u00b0-Schwenkung (nach links und rechts) ausgestattet, was bedeutet, dass mehr Fl\u00e4che abgedeckt werden kann und gleichm\u00e4\u00dfiger ist.<br \/>\n\u2600\ufe0f24H Timer &amp; Fernbedienung: Dieser heizl\u00fcfter energiesparend hat einen 0-24H Timer, der automatisch ausgeschaltet werden kann. Es kann die Sicherheit gew\u00e4hrleisten und Stromrechnungen sparen. Sie k\u00f6nnen alle Funktionen mit den oberen Tasten oder dem mitgelieferten abnehmbaren Controller leicht erreichen.<br \/>\n\u2600\ufe0fMehrzweck: Dieser heizung elektrisch verf\u00fcgt \u00fcber drei Modi, die nicht nur Ihre Heizbed\u00fcrfnisse erf\u00fcllen, sondern es Ihnen auch erm\u00f6glichen, ihn das ganze Jahr \u00fcber zu verwenden, wodurch Sie die Kosten f\u00fcr andere Ger\u00e4te, die Sie kaufen, reduzieren. Niedrig (900W), Hoch (2000W), Nat\u00fcrlicher Wind (8W)<br \/>\n\u2600\ufe0fMehrere Sicherheitsvorkehrungen: Unser heizl\u00fcfter energiesparend leise ist mit einem automatischen Abschaltschutz gegen \u00dcberhitzung und Kippen, PTC-Keramik-Technologie und aus hochwertigen flammhemmenden Materialien ausgestattet. Es ist sicher f\u00fcr Ihr Zuhause.<br \/>\n\u2600\ufe0fPortabel und bequem: Dieser elektrische heizung hat einen abnehmbaren Filter, der leicht zu reinigen ist und Staub herausfiltert, um eine saubere und warme Str\u00f6mungsleistung zu gew\u00e4hrleisten. Mit einem Tragegriff Design, ist es geeignet f\u00fcr kleine R\u00e4ume oder pers\u00f6nlichen Gebrauch, wie kleine B\u00fcros, Schlafzimmer, RVs<br \/>\n<div class=\"main-cross-sell\" data-asin=\"B0B9GMWZRY\">\n\n\t<div class=\"WooZone-cross-sell-loader\">\n\t\t<div>\n\t\t\t<div id=\"floatingBarsG\">\n\t\t\t\t<div class=\"blockG\" id=\"rotateG_01\"><\/div>\n\t\t\t\t<div class=\"blockG\" id=\"rotateG_02\"><\/div>\n\t\t\t\t<div class=\"blockG\" id=\"rotateG_03\"><\/div>\n\t\t\t\t<div class=\"blockG\" id=\"rotateG_04\"><\/div>\n\t\t\t\t<div class=\"blockG\" id=\"rotateG_05\"><\/div>\n\t\t\t\t<div class=\"blockG\" id=\"rotateG_06\"><\/div>\n\t\t\t\t<div class=\"blockG\" id=\"rotateG_07\"><\/div>\n\t\t\t\t<div class=\"blockG\" id=\"rotateG_08\"><\/div>\n\t\t\t<\/div>\n\t\t\t<div class=\"WooZone-cross-sell-loader-text\"><\/div>\n\t\t<\/div>\n\t<\/div>\n\n\t\t\n<\/div>\n<div style=\"clear:both;\"><\/div><\/p>\n","protected":false},"excerpt":{"rendered":"<p>\u2600\ufe0f2S Schnelles Aufheizen: Die leistungsstarken PTC-Keramik-Heizelemente und die maximale Leistung von 2000 W erm\u00f6glichen es dem heizl\u00fcfter, sich innerhalb von 2 Sekunden aufzuheizen. Sie k\u00f6nnen den Wechsel von kalt zu warm in Sekunden sp\u00fcren.<br \/>\n\u2600\ufe0fECO Thermostat und niedriger Energieverbrauch: Sie k\u00f6nnen die Temperatur zwischen 17-37\u2103 einstellen. Mit einem eingebauten Pr\u00e4zisions-Temperatursensor passt der ECO-Modus die Heizleistung des thermostat heizung auf intelligente Weise an die Umgebungstemperatur an, heizt automatisch und schaltet sich ein\/aus, um die von Ihnen eingestellte Temperaturumgebung zu erhalten. So k\u00f6nnen Sie effektiv Stromrechnungen und Energiekosten sparen.<br \/>\n\u2600\ufe0f90\u00b0Oszillation und 75\u00b0-Jalousie-Design: Im Vergleich zu anderen elektroheizung ist diese heizl\u00fcfter mit 35\u00b0 bis 40\u00b0 verstellbaren Jalousien (nach oben\/unten) und 90\u00b0-Schwenkung (nach links und rechts) ausgestattet, was bedeutet, dass mehr Fl\u00e4che abgedeckt werden kann und gleichm\u00e4\u00dfiger ist.<\/p>\n","protected":false},"featured_media":162047,"comment_status":"open","ping_status":"closed","template":"","meta":[],"product_brand":[],"product_cat":[10704,1983],"product_tag":[],"class_list":{"0":"post-162046","1":"product","2":"type-product","3":"status-publish","4":"has-post-thumbnail","6":"product_cat-baubedarf","7":"product_cat-baumarkt","8":"pa_binding-haushaltswaren","9":"pa_brand-omisoon","10":"pa_color-black","11":"pa_height-16-141732267-zoll","12":"pa_length-6-692913379-zoll","13":"pa_manufacturer-zhongwu","14":"pa_model-ozq21n18","15":"pa_width-6-692913379-zoll","17":"first","18":"instock","19":"shipping-taxable","20":"purchasable","21":"product-type-simple","22":"customify-col","23":"product-has-gallery"},"yoast_head":"<!-- This site is optimized with the Yoast SEO plugin v27.4 - https:\/\/yoast.com\/product\/yoast-seo-wordpress\/ -->\n<title>OMISOON Heizl\u00fcfter 2000W, ECO heizl\u00fcfter energiesparend, PTC thermostat heizung mit 90\u00b0Oszillation, 24h Timer\u2026 - Markt-XXL<\/title>\n<meta name=\"description\" content=\"Markt-XXL OMISOON Heizl\u00fcfter 2000W, ECO heizl\u00fcfter energiesparend, PTC thermostat heizung mit 90\u00b0Oszillation, 24h Timer\u2026\" \/>\n<meta name=\"robots\" content=\"index, follow, max-snippet:-1, max-image-preview:large, max-video-preview:-1\" \/>\n<link rel=\"canonical\" href=\"https:\/\/marktxxl.de\/markt\/produkt\/omisoon-heizluefter-2000w-eco-heizluefter-energiesparend-ptc-thermostat-heizung-mit-90oszillation-24h-timer-windeinstellung-mehrfacher-schutz-fernsteuerung-3-modi-black-ozq21n18\/\" \/>\n<meta property=\"og:locale\" content=\"de_DE\" \/>\n<meta property=\"og:type\" content=\"article\" \/>\n<meta property=\"og:title\" content=\"OMISOON Heizl\u00fcfter 2000W, ECO heizl\u00fcfter energiesparend, PTC thermostat heizung mit 90\u00b0Oszillation, 24h Timer\u2026 - Markt-XXL\" \/>\n<meta property=\"og:description\" content=\"Markt-XXL OMISOON Heizl\u00fcfter 2000W, ECO heizl\u00fcfter energiesparend, PTC thermostat heizung mit 90\u00b0Oszillation, 24h Timer\u2026\" \/>\n<meta property=\"og:url\" content=\"https:\/\/marktxxl.de\/markt\/produkt\/omisoon-heizluefter-2000w-eco-heizluefter-energiesparend-ptc-thermostat-heizung-mit-90oszillation-24h-timer-windeinstellung-mehrfacher-schutz-fernsteuerung-3-modi-black-ozq21n18\/\" \/>\n<meta property=\"og:site_name\" content=\"Markt-XXL\" \/>\n<meta property=\"article:modified_time\" content=\"2023-04-08T02:14:37+00:00\" \/>\n<meta property=\"og:image\" content=\"https:\/\/m.media-amazon.com\/images\/I\/41H8OlJRViL._SL500_.jpg\" \/>\n\t<meta property=\"og:image:width\" content=\"500\" \/>\n\t<meta property=\"og:image:height\" content=\"500\" \/>\n\t<meta property=\"og:image:type\" content=\"image\/jpeg\" \/>\n<meta name=\"twitter:card\" content=\"summary_large_image\" \/>\n<meta name=\"twitter:label1\" content=\"Gesch\u00e4tzte Lesezeit\" \/>\n\t<meta name=\"twitter:data1\" content=\"2\u00a0Minuten\" \/>\n<script type=\"application\/ld+json\" class=\"yoast-schema-graph\">{\"@context\":\"https:\\\/\\\/schema.org\",\"@graph\":[{\"@type\":\"WebPage\",\"@id\":\"https:\\\/\\\/marktxxl.de\\\/markt\\\/produkt\\\/omisoon-heizluefter-2000w-eco-heizluefter-energiesparend-ptc-thermostat-heizung-mit-90oszillation-24h-timer-windeinstellung-mehrfacher-schutz-fernsteuerung-3-modi-black-ozq21n18\\\/\",\"url\":\"https:\\\/\\\/marktxxl.de\\\/markt\\\/produkt\\\/omisoon-heizluefter-2000w-eco-heizluefter-energiesparend-ptc-thermostat-heizung-mit-90oszillation-24h-timer-windeinstellung-mehrfacher-schutz-fernsteuerung-3-modi-black-ozq21n18\\\/\",\"name\":\"OMISOON Heizl\u00fcfter 2000W, ECO heizl\u00fcfter energiesparend, PTC thermostat heizung mit 90\u00b0Oszillation, 24h Timer\u2026 - Markt-XXL\",\"isPartOf\":{\"@id\":\"https:\\\/\\\/marktxxl.de\\\/markt\\\/#website\"},\"primaryImageOfPage\":{\"@id\":\"https:\\\/\\\/marktxxl.de\\\/markt\\\/produkt\\\/omisoon-heizluefter-2000w-eco-heizluefter-energiesparend-ptc-thermostat-heizung-mit-90oszillation-24h-timer-windeinstellung-mehrfacher-schutz-fernsteuerung-3-modi-black-ozq21n18\\\/#primaryimage\"},\"image\":{\"@id\":\"https:\\\/\\\/marktxxl.de\\\/markt\\\/produkt\\\/omisoon-heizluefter-2000w-eco-heizluefter-energiesparend-ptc-thermostat-heizung-mit-90oszillation-24h-timer-windeinstellung-mehrfacher-schutz-fernsteuerung-3-modi-black-ozq21n18\\\/#primaryimage\"},\"thumbnailUrl\":\"https:\\\/\\\/m.media-amazon.com\\\/images\\\/I\\\/41H8OlJRViL._SL500_.jpg\",\"datePublished\":\"2022-11-10T22:04:30+00:00\",\"dateModified\":\"2023-04-08T02:14:37+00:00\",\"description\":\"Markt-XXL OMISOON Heizl\u00fcfter 2000W, ECO heizl\u00fcfter energiesparend, PTC thermostat heizung mit 90\u00b0Oszillation, 24h Timer\u2026\",\"breadcrumb\":{\"@id\":\"https:\\\/\\\/marktxxl.de\\\/markt\\\/produkt\\\/omisoon-heizluefter-2000w-eco-heizluefter-energiesparend-ptc-thermostat-heizung-mit-90oszillation-24h-timer-windeinstellung-mehrfacher-schutz-fernsteuerung-3-modi-black-ozq21n18\\\/#breadcrumb\"},\"inLanguage\":\"de\",\"potentialAction\":[{\"@type\":\"ReadAction\",\"target\":[\"https:\\\/\\\/marktxxl.de\\\/markt\\\/produkt\\\/omisoon-heizluefter-2000w-eco-heizluefter-energiesparend-ptc-thermostat-heizung-mit-90oszillation-24h-timer-windeinstellung-mehrfacher-schutz-fernsteuerung-3-modi-black-ozq21n18\\\/\"]}]},{\"@type\":\"ImageObject\",\"inLanguage\":\"de\",\"@id\":\"https:\\\/\\\/marktxxl.de\\\/markt\\\/produkt\\\/omisoon-heizluefter-2000w-eco-heizluefter-energiesparend-ptc-thermostat-heizung-mit-90oszillation-24h-timer-windeinstellung-mehrfacher-schutz-fernsteuerung-3-modi-black-ozq21n18\\\/#primaryimage\",\"url\":\"https:\\\/\\\/m.media-amazon.com\\\/images\\\/I\\\/41H8OlJRViL._SL500_.jpg\",\"contentUrl\":\"https:\\\/\\\/m.media-amazon.com\\\/images\\\/I\\\/41H8OlJRViL._SL500_.jpg\",\"width\":500,\"height\":500},{\"@type\":\"BreadcrumbList\",\"@id\":\"https:\\\/\\\/marktxxl.de\\\/markt\\\/produkt\\\/omisoon-heizluefter-2000w-eco-heizluefter-energiesparend-ptc-thermostat-heizung-mit-90oszillation-24h-timer-windeinstellung-mehrfacher-schutz-fernsteuerung-3-modi-black-ozq21n18\\\/#breadcrumb\",\"itemListElement\":[{\"@type\":\"ListItem\",\"position\":1,\"name\":\"Startseite\",\"item\":\"https:\\\/\\\/marktxxl.de\\\/markt\\\/\"},{\"@type\":\"ListItem\",\"position\":2,\"name\":\"Markt\",\"item\":\"https:\\\/\\\/marktxxl.de\\\/markt\\\/\"},{\"@type\":\"ListItem\",\"position\":3,\"name\":\"OMISOON Heizl\u00fcfter 2000W, ECO heizl\u00fcfter energiesparend, PTC thermostat heizung mit 90\u00b0Oszillation, 24h Timer\u2026\"}]},{\"@type\":\"WebSite\",\"@id\":\"https:\\\/\\\/marktxxl.de\\\/markt\\\/#website\",\"url\":\"https:\\\/\\\/marktxxl.de\\\/markt\\\/\",\"name\":\"Markt-XXL\",\"description\":\"Ihr Markt Online\",\"publisher\":{\"@id\":\"https:\\\/\\\/marktxxl.de\\\/markt\\\/#organization\"},\"potentialAction\":[{\"@type\":\"SearchAction\",\"target\":{\"@type\":\"EntryPoint\",\"urlTemplate\":\"https:\\\/\\\/marktxxl.de\\\/markt\\\/?s={search_term_string}\"},\"query-input\":{\"@type\":\"PropertyValueSpecification\",\"valueRequired\":true,\"valueName\":\"search_term_string\"}}],\"inLanguage\":\"de\"},{\"@type\":\"Organization\",\"@id\":\"https:\\\/\\\/marktxxl.de\\\/markt\\\/#organization\",\"name\":\"Markt-XXL\",\"url\":\"https:\\\/\\\/marktxxl.de\\\/markt\\\/\",\"logo\":{\"@type\":\"ImageObject\",\"inLanguage\":\"de\",\"@id\":\"https:\\\/\\\/marktxxl.de\\\/markt\\\/#\\\/schema\\\/logo\\\/image\\\/\",\"url\":\"https:\\\/\\\/marktxxl.de\\\/markt\\\/wp-content\\\/uploads\\\/sites\\\/3\\\/2020\\\/12\\\/logo.png\",\"contentUrl\":\"https:\\\/\\\/marktxxl.de\\\/markt\\\/wp-content\\\/uploads\\\/sites\\\/3\\\/2020\\\/12\\\/logo.png\",\"width\":200,\"height\":70,\"caption\":\"Markt-XXL\"},\"image\":{\"@id\":\"https:\\\/\\\/marktxxl.de\\\/markt\\\/#\\\/schema\\\/logo\\\/image\\\/\"}}]}<\/script>\n<!-- \/ Yoast SEO plugin. -->","yoast_head_json":{"title":"OMISOON Heizl\u00fcfter 2000W, ECO heizl\u00fcfter energiesparend, PTC thermostat heizung mit 90\u00b0Oszillation, 24h Timer\u2026 - Markt-XXL","description":"Markt-XXL OMISOON Heizl\u00fcfter 2000W, ECO heizl\u00fcfter energiesparend, PTC thermostat heizung mit 90\u00b0Oszillation, 24h Timer\u2026","robots":{"index":"index","follow":"follow","max-snippet":"max-snippet:-1","max-image-preview":"max-image-preview:large","max-video-preview":"max-video-preview:-1"},"canonical":"https:\/\/marktxxl.de\/markt\/produkt\/omisoon-heizluefter-2000w-eco-heizluefter-energiesparend-ptc-thermostat-heizung-mit-90oszillation-24h-timer-windeinstellung-mehrfacher-schutz-fernsteuerung-3-modi-black-ozq21n18\/","og_locale":"de_DE","og_type":"article","og_title":"OMISOON Heizl\u00fcfter 2000W, ECO heizl\u00fcfter energiesparend, PTC thermostat heizung mit 90\u00b0Oszillation, 24h Timer\u2026 - Markt-XXL","og_description":"Markt-XXL OMISOON Heizl\u00fcfter 2000W, ECO heizl\u00fcfter energiesparend, PTC thermostat heizung mit 90\u00b0Oszillation, 24h Timer\u2026","og_url":"https:\/\/marktxxl.de\/markt\/produkt\/omisoon-heizluefter-2000w-eco-heizluefter-energiesparend-ptc-thermostat-heizung-mit-90oszillation-24h-timer-windeinstellung-mehrfacher-schutz-fernsteuerung-3-modi-black-ozq21n18\/","og_site_name":"Markt-XXL","article_modified_time":"2023-04-08T02:14:37+00:00","og_image":[{"width":500,"height":500,"url":"https:\/\/m.media-amazon.com\/images\/I\/41H8OlJRViL._SL500_.jpg","type":"image\/jpeg"}],"twitter_card":"summary_large_image","twitter_misc":{"Gesch\u00e4tzte Lesezeit":"2\u00a0Minuten"},"schema":{"@context":"https:\/\/schema.org","@graph":[{"@type":"WebPage","@id":"https:\/\/marktxxl.de\/markt\/produkt\/omisoon-heizluefter-2000w-eco-heizluefter-energiesparend-ptc-thermostat-heizung-mit-90oszillation-24h-timer-windeinstellung-mehrfacher-schutz-fernsteuerung-3-modi-black-ozq21n18\/","url":"https:\/\/marktxxl.de\/markt\/produkt\/omisoon-heizluefter-2000w-eco-heizluefter-energiesparend-ptc-thermostat-heizung-mit-90oszillation-24h-timer-windeinstellung-mehrfacher-schutz-fernsteuerung-3-modi-black-ozq21n18\/","name":"OMISOON Heizl\u00fcfter 2000W, ECO heizl\u00fcfter energiesparend, PTC thermostat heizung mit 90\u00b0Oszillation, 24h Timer\u2026 - Markt-XXL","isPartOf":{"@id":"https:\/\/marktxxl.de\/markt\/#website"},"primaryImageOfPage":{"@id":"https:\/\/marktxxl.de\/markt\/produkt\/omisoon-heizluefter-2000w-eco-heizluefter-energiesparend-ptc-thermostat-heizung-mit-90oszillation-24h-timer-windeinstellung-mehrfacher-schutz-fernsteuerung-3-modi-black-ozq21n18\/#primaryimage"},"image":{"@id":"https:\/\/marktxxl.de\/markt\/produkt\/omisoon-heizluefter-2000w-eco-heizluefter-energiesparend-ptc-thermostat-heizung-mit-90oszillation-24h-timer-windeinstellung-mehrfacher-schutz-fernsteuerung-3-modi-black-ozq21n18\/#primaryimage"},"thumbnailUrl":"https:\/\/m.media-amazon.com\/images\/I\/41H8OlJRViL._SL500_.jpg","datePublished":"2022-11-10T22:04:30+00:00","dateModified":"2023-04-08T02:14:37+00:00","description":"Markt-XXL OMISOON Heizl\u00fcfter 2000W, ECO heizl\u00fcfter energiesparend, PTC thermostat heizung mit 90\u00b0Oszillation, 24h Timer\u2026","breadcrumb":{"@id":"https:\/\/marktxxl.de\/markt\/produkt\/omisoon-heizluefter-2000w-eco-heizluefter-energiesparend-ptc-thermostat-heizung-mit-90oszillation-24h-timer-windeinstellung-mehrfacher-schutz-fernsteuerung-3-modi-black-ozq21n18\/#breadcrumb"},"inLanguage":"de","potentialAction":[{"@type":"ReadAction","target":["https:\/\/marktxxl.de\/markt\/produkt\/omisoon-heizluefter-2000w-eco-heizluefter-energiesparend-ptc-thermostat-heizung-mit-90oszillation-24h-timer-windeinstellung-mehrfacher-schutz-fernsteuerung-3-modi-black-ozq21n18\/"]}]},{"@type":"ImageObject","inLanguage":"de","@id":"https:\/\/marktxxl.de\/markt\/produkt\/omisoon-heizluefter-2000w-eco-heizluefter-energiesparend-ptc-thermostat-heizung-mit-90oszillation-24h-timer-windeinstellung-mehrfacher-schutz-fernsteuerung-3-modi-black-ozq21n18\/#primaryimage","url":"https:\/\/m.media-amazon.com\/images\/I\/41H8OlJRViL._SL500_.jpg","contentUrl":"https:\/\/m.media-amazon.com\/images\/I\/41H8OlJRViL._SL500_.jpg","width":500,"height":500},{"@type":"BreadcrumbList","@id":"https:\/\/marktxxl.de\/markt\/produkt\/omisoon-heizluefter-2000w-eco-heizluefter-energiesparend-ptc-thermostat-heizung-mit-90oszillation-24h-timer-windeinstellung-mehrfacher-schutz-fernsteuerung-3-modi-black-ozq21n18\/#breadcrumb","itemListElement":[{"@type":"ListItem","position":1,"name":"Startseite","item":"https:\/\/marktxxl.de\/markt\/"},{"@type":"ListItem","position":2,"name":"Markt","item":"https:\/\/marktxxl.de\/markt\/"},{"@type":"ListItem","position":3,"name":"OMISOON Heizl\u00fcfter 2000W, ECO heizl\u00fcfter energiesparend, PTC thermostat heizung mit 90\u00b0Oszillation, 24h Timer\u2026"}]},{"@type":"WebSite","@id":"https:\/\/marktxxl.de\/markt\/#website","url":"https:\/\/marktxxl.de\/markt\/","name":"Markt-XXL","description":"Ihr Markt Online","publisher":{"@id":"https:\/\/marktxxl.de\/markt\/#organization"},"potentialAction":[{"@type":"SearchAction","target":{"@type":"EntryPoint","urlTemplate":"https:\/\/marktxxl.de\/markt\/?s={search_term_string}"},"query-input":{"@type":"PropertyValueSpecification","valueRequired":true,"valueName":"search_term_string"}}],"inLanguage":"de"},{"@type":"Organization","@id":"https:\/\/marktxxl.de\/markt\/#organization","name":"Markt-XXL","url":"https:\/\/marktxxl.de\/markt\/","logo":{"@type":"ImageObject","inLanguage":"de","@id":"https:\/\/marktxxl.de\/markt\/#\/schema\/logo\/image\/","url":"https:\/\/marktxxl.de\/markt\/wp-content\/uploads\/sites\/3\/2020\/12\/logo.png","contentUrl":"https:\/\/marktxxl.de\/markt\/wp-content\/uploads\/sites\/3\/2020\/12\/logo.png","width":200,"height":70,"caption":"Markt-XXL"},"image":{"@id":"https:\/\/marktxxl.de\/markt\/#\/schema\/logo\/image\/"}}]}},"_links":{"self":[{"href":"https:\/\/marktxxl.de\/markt\/wp-json\/wp\/v2\/product\/162046","targetHints":{"allow":["GET"]}}],"collection":[{"href":"https:\/\/marktxxl.de\/markt\/wp-json\/wp\/v2\/product"}],"about":[{"href":"https:\/\/marktxxl.de\/markt\/wp-json\/wp\/v2\/types\/product"}],"replies":[{"embeddable":true,"href":"https:\/\/marktxxl.de\/markt\/wp-json\/wp\/v2\/comments?post=162046"}],"wp:featuredmedia":[{"embeddable":true,"href":"https:\/\/marktxxl.de\/markt\/wp-json\/wp\/v2\/media\/162047"}],"wp:attachment":[{"href":"https:\/\/marktxxl.de\/markt\/wp-json\/wp\/v2\/media?parent=162046"}],"wp:term":[{"taxonomy":"product_brand","embeddable":true,"href":"https:\/\/marktxxl.de\/markt\/wp-json\/wp\/v2\/product_brand?post=162046"},{"taxonomy":"product_cat","embeddable":true,"href":"https:\/\/marktxxl.de\/markt\/wp-json\/wp\/v2\/product_cat?post=162046"},{"taxonomy":"product_tag","embeddable":true,"href":"https:\/\/marktxxl.de\/markt\/wp-json\/wp\/v2\/product_tag?post=162046"}],"curies":[{"name":"wp","href":"https:\/\/api.w.org\/{rel}","templated":true}]}}