{"id":161994,"date":"2022-11-10T22:49:48","date_gmt":"2022-11-10T21:49:48","guid":{"rendered":"https:\/\/marktxxl.de\/markt\/produkt\/uvv-moertelkuebel-200-liter-2-wahl-mit-fehldruck-moertelwanne-blumenkuebel-wasserbehaelter-futtertrog-wildwanne-futterwanne-mit-2-stahlschienen-zur-verstaerkung\/"},"modified":"2023-04-08T04:14:36","modified_gmt":"2023-04-08T02:14:36","slug":"uvv-moertelkuebel-200-liter-2-wahl-mit-fehldruck-moertelwanne-blumenkuebel-wasserbehaelter-futtertrog-wildwanne-futterwanne-mit-2-stahlschienen-zur-verstaerkung","status":"publish","type":"product","link":"https:\/\/marktxxl.de\/markt\/produkt\/uvv-moertelkuebel-200-liter-2-wahl-mit-fehldruck-moertelwanne-blumenkuebel-wasserbehaelter-futtertrog-wildwanne-futterwanne-mit-2-stahlschienen-zur-verstaerkung\/","title":{"rendered":"UvV M\u00f6rtelk\u00fcbel 200 Liter 2. Wahl mit Fehldruck M\u00f6rtelwanne, Blumenk\u00fcbel, Wasserbeh\u00e4lter, Futtertrog, Wildwanne\u2026"},"content":{"rendered":"<p>Gelbe (mit Farbfehlern) M\u00f6rtelwanne, Futtertrog jetzt mit 2 fest vernieteten mit Stahlschienen Verst\u00e4rkungen an der langen Seite &#8211; gegen eine Verformung gesch\u00fctz<br \/>\nAchtung Sonderpreis f\u00fcr 2. Wahl (Fehldruck auf beiden Seiten) &#8211; Ansonsten ist die Wanne v\u00f6llig in Ordnung, unbenutzt und neu.<br \/>\nDiese M\u00f6rtelwanne hier ist nicht kranbar, und nur f\u00fcr Aufbewahrungszwecke, Wasserbeh\u00e4lter, Wassertr\u00e4nke<br \/>\nKoi-Wanne, Blumengef\u00e4\u00df oder \u00e4hnnliches zu verwenden. Speditions oder DHL Sperrgutversand. Fassungsverm\u00f6gen 200 Liter, Abmessungen (990 x 665 x 490 mm (LxBxH))<br \/>\nUvV SHOP SICHERHEIT VON A-Z: Mit Sicherheit kennen wir uns aus: Das Unternehmen ES-Team Consult GmbH hat sich auf Verkehrssicherheit, Unfallverh\u00fctung sowie Sicherheit bei Arbeit, Transport und in der Freizeit spezialisiert. In diesen Bereichen bieten wir Ihnen unter der Marke UvV eine breite Produktpalette an \u2013 von A wie Absperrtechnik bis Z wie Zubeh\u00f6r KFZ Warnmarkierung.<br \/>\n<div class=\"main-cross-sell\" data-asin=\"B09Q3GG1N7\">\n\n\t<div class=\"WooZone-cross-sell-loader\">\n\t\t<div>\n\t\t\t<div id=\"floatingBarsG\">\n\t\t\t\t<div class=\"blockG\" id=\"rotateG_01\"><\/div>\n\t\t\t\t<div class=\"blockG\" id=\"rotateG_02\"><\/div>\n\t\t\t\t<div class=\"blockG\" id=\"rotateG_03\"><\/div>\n\t\t\t\t<div class=\"blockG\" id=\"rotateG_04\"><\/div>\n\t\t\t\t<div class=\"blockG\" id=\"rotateG_05\"><\/div>\n\t\t\t\t<div class=\"blockG\" id=\"rotateG_06\"><\/div>\n\t\t\t\t<div class=\"blockG\" id=\"rotateG_07\"><\/div>\n\t\t\t\t<div class=\"blockG\" id=\"rotateG_08\"><\/div>\n\t\t\t<\/div>\n\t\t\t<div class=\"WooZone-cross-sell-loader-text\"><\/div>\n\t\t<\/div>\n\t<\/div>\n\n\t\t\n<\/div>\n<div style=\"clear:both;\"><\/div><\/p>\n","protected":false},"excerpt":{"rendered":"<p>Gelbe (mit Farbfehlern) M\u00f6rtelwanne, Futtertrog jetzt mit 2 fest vernieteten mit Stahlschienen Verst\u00e4rkungen an der langen Seite &#8211; gegen eine Verformung gesch\u00fctz<br \/>\nAchtung Sonderpreis f\u00fcr 2. Wahl (Fehldruck auf beiden Seiten) &#8211; Ansonsten ist die Wanne v\u00f6llig in Ordnung, unbenutzt und neu.<br \/>\nDiese M\u00f6rtelwanne hier ist nicht kranbar, und nur f\u00fcr Aufbewahrungszwecke, Wasserbeh\u00e4lter, Wassertr\u00e4nke<\/p>\n","protected":false},"featured_media":161995,"comment_status":"open","ping_status":"closed","template":"","meta":[],"product_brand":[],"product_cat":[1983,10767],"product_tag":[],"class_list":{"0":"post-161994","1":"product","2":"type-product","3":"status-publish","4":"has-post-thumbnail","6":"product_cat-baumarkt","7":"product_cat-baumaschinen-zubehoer","8":"pa_binding-misc","9":"pa_brand-uvv","10":"pa_manufacturer-es-team-consult-gmbh","12":"first","13":"instock","14":"shipping-taxable","15":"purchasable","16":"product-type-simple","17":"customify-col","18":"product-has-gallery"},"yoast_head":"<!-- This site is optimized with the Yoast SEO plugin v27.4 - https:\/\/yoast.com\/product\/yoast-seo-wordpress\/ -->\n<title>UvV M\u00f6rtelk\u00fcbel 200 Liter 2. Wahl mit Fehldruck M\u00f6rtelwanne, Blumenk\u00fcbel, Wasserbeh\u00e4lter, Futtertrog, Wildwanne\u2026 - Markt-XXL<\/title>\n<meta name=\"description\" content=\"Markt-XXL UvV M\u00f6rtelk\u00fcbel 200 Liter 2. Wahl mit Fehldruck M\u00f6rtelwanne, Blumenk\u00fcbel, Wasserbeh\u00e4lter, Futtertrog, Wildwanne\u2026\" \/>\n<meta name=\"robots\" content=\"index, follow, max-snippet:-1, max-image-preview:large, max-video-preview:-1\" \/>\n<link rel=\"canonical\" href=\"https:\/\/marktxxl.de\/markt\/produkt\/uvv-moertelkuebel-200-liter-2-wahl-mit-fehldruck-moertelwanne-blumenkuebel-wasserbehaelter-futtertrog-wildwanne-futterwanne-mit-2-stahlschienen-zur-verstaerkung\/\" \/>\n<meta property=\"og:locale\" content=\"de_DE\" \/>\n<meta property=\"og:type\" content=\"article\" \/>\n<meta property=\"og:title\" content=\"UvV M\u00f6rtelk\u00fcbel 200 Liter 2. Wahl mit Fehldruck M\u00f6rtelwanne, Blumenk\u00fcbel, Wasserbeh\u00e4lter, Futtertrog, Wildwanne\u2026 - Markt-XXL\" \/>\n<meta property=\"og:description\" content=\"Markt-XXL UvV M\u00f6rtelk\u00fcbel 200 Liter 2. Wahl mit Fehldruck M\u00f6rtelwanne, Blumenk\u00fcbel, Wasserbeh\u00e4lter, Futtertrog, Wildwanne\u2026\" \/>\n<meta property=\"og:url\" content=\"https:\/\/marktxxl.de\/markt\/produkt\/uvv-moertelkuebel-200-liter-2-wahl-mit-fehldruck-moertelwanne-blumenkuebel-wasserbehaelter-futtertrog-wildwanne-futterwanne-mit-2-stahlschienen-zur-verstaerkung\/\" \/>\n<meta property=\"og:site_name\" content=\"Markt-XXL\" \/>\n<meta property=\"article:modified_time\" content=\"2023-04-08T02:14:36+00:00\" \/>\n<meta property=\"og:image\" content=\"https:\/\/m.media-amazon.com\/images\/I\/3182fZvP+EL._SL500_.jpg\" \/>\n\t<meta property=\"og:image:width\" content=\"500\" \/>\n\t<meta property=\"og:image:height\" content=\"389\" \/>\n\t<meta property=\"og:image:type\" content=\"image\/jpeg\" \/>\n<meta name=\"twitter:card\" content=\"summary_large_image\" \/>\n<meta name=\"twitter:label1\" content=\"Gesch\u00e4tzte Lesezeit\" \/>\n\t<meta name=\"twitter:data1\" content=\"1\u00a0Minute\" \/>\n<script type=\"application\/ld+json\" class=\"yoast-schema-graph\">{\"@context\":\"https:\\\/\\\/schema.org\",\"@graph\":[{\"@type\":\"WebPage\",\"@id\":\"https:\\\/\\\/marktxxl.de\\\/markt\\\/produkt\\\/uvv-moertelkuebel-200-liter-2-wahl-mit-fehldruck-moertelwanne-blumenkuebel-wasserbehaelter-futtertrog-wildwanne-futterwanne-mit-2-stahlschienen-zur-verstaerkung\\\/\",\"url\":\"https:\\\/\\\/marktxxl.de\\\/markt\\\/produkt\\\/uvv-moertelkuebel-200-liter-2-wahl-mit-fehldruck-moertelwanne-blumenkuebel-wasserbehaelter-futtertrog-wildwanne-futterwanne-mit-2-stahlschienen-zur-verstaerkung\\\/\",\"name\":\"UvV M\u00f6rtelk\u00fcbel 200 Liter 2. Wahl mit Fehldruck M\u00f6rtelwanne, Blumenk\u00fcbel, Wasserbeh\u00e4lter, Futtertrog, Wildwanne\u2026 - Markt-XXL\",\"isPartOf\":{\"@id\":\"https:\\\/\\\/marktxxl.de\\\/markt\\\/#website\"},\"primaryImageOfPage\":{\"@id\":\"https:\\\/\\\/marktxxl.de\\\/markt\\\/produkt\\\/uvv-moertelkuebel-200-liter-2-wahl-mit-fehldruck-moertelwanne-blumenkuebel-wasserbehaelter-futtertrog-wildwanne-futterwanne-mit-2-stahlschienen-zur-verstaerkung\\\/#primaryimage\"},\"image\":{\"@id\":\"https:\\\/\\\/marktxxl.de\\\/markt\\\/produkt\\\/uvv-moertelkuebel-200-liter-2-wahl-mit-fehldruck-moertelwanne-blumenkuebel-wasserbehaelter-futtertrog-wildwanne-futterwanne-mit-2-stahlschienen-zur-verstaerkung\\\/#primaryimage\"},\"thumbnailUrl\":\"https:\\\/\\\/m.media-amazon.com\\\/images\\\/I\\\/3182fZvP+EL._SL500_.jpg\",\"datePublished\":\"2022-11-10T21:49:48+00:00\",\"dateModified\":\"2023-04-08T02:14:36+00:00\",\"description\":\"Markt-XXL UvV M\u00f6rtelk\u00fcbel 200 Liter 2. Wahl mit Fehldruck M\u00f6rtelwanne, Blumenk\u00fcbel, Wasserbeh\u00e4lter, Futtertrog, Wildwanne\u2026\",\"breadcrumb\":{\"@id\":\"https:\\\/\\\/marktxxl.de\\\/markt\\\/produkt\\\/uvv-moertelkuebel-200-liter-2-wahl-mit-fehldruck-moertelwanne-blumenkuebel-wasserbehaelter-futtertrog-wildwanne-futterwanne-mit-2-stahlschienen-zur-verstaerkung\\\/#breadcrumb\"},\"inLanguage\":\"de\",\"potentialAction\":[{\"@type\":\"ReadAction\",\"target\":[\"https:\\\/\\\/marktxxl.de\\\/markt\\\/produkt\\\/uvv-moertelkuebel-200-liter-2-wahl-mit-fehldruck-moertelwanne-blumenkuebel-wasserbehaelter-futtertrog-wildwanne-futterwanne-mit-2-stahlschienen-zur-verstaerkung\\\/\"]}]},{\"@type\":\"ImageObject\",\"inLanguage\":\"de\",\"@id\":\"https:\\\/\\\/marktxxl.de\\\/markt\\\/produkt\\\/uvv-moertelkuebel-200-liter-2-wahl-mit-fehldruck-moertelwanne-blumenkuebel-wasserbehaelter-futtertrog-wildwanne-futterwanne-mit-2-stahlschienen-zur-verstaerkung\\\/#primaryimage\",\"url\":\"https:\\\/\\\/m.media-amazon.com\\\/images\\\/I\\\/3182fZvP+EL._SL500_.jpg\",\"contentUrl\":\"https:\\\/\\\/m.media-amazon.com\\\/images\\\/I\\\/3182fZvP+EL._SL500_.jpg\",\"width\":500,\"height\":389},{\"@type\":\"BreadcrumbList\",\"@id\":\"https:\\\/\\\/marktxxl.de\\\/markt\\\/produkt\\\/uvv-moertelkuebel-200-liter-2-wahl-mit-fehldruck-moertelwanne-blumenkuebel-wasserbehaelter-futtertrog-wildwanne-futterwanne-mit-2-stahlschienen-zur-verstaerkung\\\/#breadcrumb\",\"itemListElement\":[{\"@type\":\"ListItem\",\"position\":1,\"name\":\"Startseite\",\"item\":\"https:\\\/\\\/marktxxl.de\\\/markt\\\/\"},{\"@type\":\"ListItem\",\"position\":2,\"name\":\"Markt\",\"item\":\"https:\\\/\\\/marktxxl.de\\\/markt\\\/\"},{\"@type\":\"ListItem\",\"position\":3,\"name\":\"UvV M\u00f6rtelk\u00fcbel 200 Liter 2. Wahl mit Fehldruck M\u00f6rtelwanne, Blumenk\u00fcbel, Wasserbeh\u00e4lter, Futtertrog, Wildwanne\u2026\"}]},{\"@type\":\"WebSite\",\"@id\":\"https:\\\/\\\/marktxxl.de\\\/markt\\\/#website\",\"url\":\"https:\\\/\\\/marktxxl.de\\\/markt\\\/\",\"name\":\"Markt-XXL\",\"description\":\"Ihr Markt Online\",\"publisher\":{\"@id\":\"https:\\\/\\\/marktxxl.de\\\/markt\\\/#organization\"},\"potentialAction\":[{\"@type\":\"SearchAction\",\"target\":{\"@type\":\"EntryPoint\",\"urlTemplate\":\"https:\\\/\\\/marktxxl.de\\\/markt\\\/?s={search_term_string}\"},\"query-input\":{\"@type\":\"PropertyValueSpecification\",\"valueRequired\":true,\"valueName\":\"search_term_string\"}}],\"inLanguage\":\"de\"},{\"@type\":\"Organization\",\"@id\":\"https:\\\/\\\/marktxxl.de\\\/markt\\\/#organization\",\"name\":\"Markt-XXL\",\"url\":\"https:\\\/\\\/marktxxl.de\\\/markt\\\/\",\"logo\":{\"@type\":\"ImageObject\",\"inLanguage\":\"de\",\"@id\":\"https:\\\/\\\/marktxxl.de\\\/markt\\\/#\\\/schema\\\/logo\\\/image\\\/\",\"url\":\"https:\\\/\\\/marktxxl.de\\\/markt\\\/wp-content\\\/uploads\\\/sites\\\/3\\\/2020\\\/12\\\/logo.png\",\"contentUrl\":\"https:\\\/\\\/marktxxl.de\\\/markt\\\/wp-content\\\/uploads\\\/sites\\\/3\\\/2020\\\/12\\\/logo.png\",\"width\":200,\"height\":70,\"caption\":\"Markt-XXL\"},\"image\":{\"@id\":\"https:\\\/\\\/marktxxl.de\\\/markt\\\/#\\\/schema\\\/logo\\\/image\\\/\"}}]}<\/script>\n<!-- \/ Yoast SEO plugin. -->","yoast_head_json":{"title":"UvV M\u00f6rtelk\u00fcbel 200 Liter 2. Wahl mit Fehldruck M\u00f6rtelwanne, Blumenk\u00fcbel, Wasserbeh\u00e4lter, Futtertrog, Wildwanne\u2026 - Markt-XXL","description":"Markt-XXL UvV M\u00f6rtelk\u00fcbel 200 Liter 2. Wahl mit Fehldruck M\u00f6rtelwanne, Blumenk\u00fcbel, Wasserbeh\u00e4lter, Futtertrog, Wildwanne\u2026","robots":{"index":"index","follow":"follow","max-snippet":"max-snippet:-1","max-image-preview":"max-image-preview:large","max-video-preview":"max-video-preview:-1"},"canonical":"https:\/\/marktxxl.de\/markt\/produkt\/uvv-moertelkuebel-200-liter-2-wahl-mit-fehldruck-moertelwanne-blumenkuebel-wasserbehaelter-futtertrog-wildwanne-futterwanne-mit-2-stahlschienen-zur-verstaerkung\/","og_locale":"de_DE","og_type":"article","og_title":"UvV M\u00f6rtelk\u00fcbel 200 Liter 2. Wahl mit Fehldruck M\u00f6rtelwanne, Blumenk\u00fcbel, Wasserbeh\u00e4lter, Futtertrog, Wildwanne\u2026 - Markt-XXL","og_description":"Markt-XXL UvV M\u00f6rtelk\u00fcbel 200 Liter 2. Wahl mit Fehldruck M\u00f6rtelwanne, Blumenk\u00fcbel, Wasserbeh\u00e4lter, Futtertrog, Wildwanne\u2026","og_url":"https:\/\/marktxxl.de\/markt\/produkt\/uvv-moertelkuebel-200-liter-2-wahl-mit-fehldruck-moertelwanne-blumenkuebel-wasserbehaelter-futtertrog-wildwanne-futterwanne-mit-2-stahlschienen-zur-verstaerkung\/","og_site_name":"Markt-XXL","article_modified_time":"2023-04-08T02:14:36+00:00","og_image":[{"width":500,"height":389,"url":"https:\/\/m.media-amazon.com\/images\/I\/3182fZvP+EL._SL500_.jpg","type":"image\/jpeg"}],"twitter_card":"summary_large_image","twitter_misc":{"Gesch\u00e4tzte Lesezeit":"1\u00a0Minute"},"schema":{"@context":"https:\/\/schema.org","@graph":[{"@type":"WebPage","@id":"https:\/\/marktxxl.de\/markt\/produkt\/uvv-moertelkuebel-200-liter-2-wahl-mit-fehldruck-moertelwanne-blumenkuebel-wasserbehaelter-futtertrog-wildwanne-futterwanne-mit-2-stahlschienen-zur-verstaerkung\/","url":"https:\/\/marktxxl.de\/markt\/produkt\/uvv-moertelkuebel-200-liter-2-wahl-mit-fehldruck-moertelwanne-blumenkuebel-wasserbehaelter-futtertrog-wildwanne-futterwanne-mit-2-stahlschienen-zur-verstaerkung\/","name":"UvV M\u00f6rtelk\u00fcbel 200 Liter 2. Wahl mit Fehldruck M\u00f6rtelwanne, Blumenk\u00fcbel, Wasserbeh\u00e4lter, Futtertrog, Wildwanne\u2026 - Markt-XXL","isPartOf":{"@id":"https:\/\/marktxxl.de\/markt\/#website"},"primaryImageOfPage":{"@id":"https:\/\/marktxxl.de\/markt\/produkt\/uvv-moertelkuebel-200-liter-2-wahl-mit-fehldruck-moertelwanne-blumenkuebel-wasserbehaelter-futtertrog-wildwanne-futterwanne-mit-2-stahlschienen-zur-verstaerkung\/#primaryimage"},"image":{"@id":"https:\/\/marktxxl.de\/markt\/produkt\/uvv-moertelkuebel-200-liter-2-wahl-mit-fehldruck-moertelwanne-blumenkuebel-wasserbehaelter-futtertrog-wildwanne-futterwanne-mit-2-stahlschienen-zur-verstaerkung\/#primaryimage"},"thumbnailUrl":"https:\/\/m.media-amazon.com\/images\/I\/3182fZvP+EL._SL500_.jpg","datePublished":"2022-11-10T21:49:48+00:00","dateModified":"2023-04-08T02:14:36+00:00","description":"Markt-XXL UvV M\u00f6rtelk\u00fcbel 200 Liter 2. Wahl mit Fehldruck M\u00f6rtelwanne, Blumenk\u00fcbel, Wasserbeh\u00e4lter, Futtertrog, Wildwanne\u2026","breadcrumb":{"@id":"https:\/\/marktxxl.de\/markt\/produkt\/uvv-moertelkuebel-200-liter-2-wahl-mit-fehldruck-moertelwanne-blumenkuebel-wasserbehaelter-futtertrog-wildwanne-futterwanne-mit-2-stahlschienen-zur-verstaerkung\/#breadcrumb"},"inLanguage":"de","potentialAction":[{"@type":"ReadAction","target":["https:\/\/marktxxl.de\/markt\/produkt\/uvv-moertelkuebel-200-liter-2-wahl-mit-fehldruck-moertelwanne-blumenkuebel-wasserbehaelter-futtertrog-wildwanne-futterwanne-mit-2-stahlschienen-zur-verstaerkung\/"]}]},{"@type":"ImageObject","inLanguage":"de","@id":"https:\/\/marktxxl.de\/markt\/produkt\/uvv-moertelkuebel-200-liter-2-wahl-mit-fehldruck-moertelwanne-blumenkuebel-wasserbehaelter-futtertrog-wildwanne-futterwanne-mit-2-stahlschienen-zur-verstaerkung\/#primaryimage","url":"https:\/\/m.media-amazon.com\/images\/I\/3182fZvP+EL._SL500_.jpg","contentUrl":"https:\/\/m.media-amazon.com\/images\/I\/3182fZvP+EL._SL500_.jpg","width":500,"height":389},{"@type":"BreadcrumbList","@id":"https:\/\/marktxxl.de\/markt\/produkt\/uvv-moertelkuebel-200-liter-2-wahl-mit-fehldruck-moertelwanne-blumenkuebel-wasserbehaelter-futtertrog-wildwanne-futterwanne-mit-2-stahlschienen-zur-verstaerkung\/#breadcrumb","itemListElement":[{"@type":"ListItem","position":1,"name":"Startseite","item":"https:\/\/marktxxl.de\/markt\/"},{"@type":"ListItem","position":2,"name":"Markt","item":"https:\/\/marktxxl.de\/markt\/"},{"@type":"ListItem","position":3,"name":"UvV M\u00f6rtelk\u00fcbel 200 Liter 2. Wahl mit Fehldruck M\u00f6rtelwanne, Blumenk\u00fcbel, Wasserbeh\u00e4lter, Futtertrog, Wildwanne\u2026"}]},{"@type":"WebSite","@id":"https:\/\/marktxxl.de\/markt\/#website","url":"https:\/\/marktxxl.de\/markt\/","name":"Markt-XXL","description":"Ihr Markt Online","publisher":{"@id":"https:\/\/marktxxl.de\/markt\/#organization"},"potentialAction":[{"@type":"SearchAction","target":{"@type":"EntryPoint","urlTemplate":"https:\/\/marktxxl.de\/markt\/?s={search_term_string}"},"query-input":{"@type":"PropertyValueSpecification","valueRequired":true,"valueName":"search_term_string"}}],"inLanguage":"de"},{"@type":"Organization","@id":"https:\/\/marktxxl.de\/markt\/#organization","name":"Markt-XXL","url":"https:\/\/marktxxl.de\/markt\/","logo":{"@type":"ImageObject","inLanguage":"de","@id":"https:\/\/marktxxl.de\/markt\/#\/schema\/logo\/image\/","url":"https:\/\/marktxxl.de\/markt\/wp-content\/uploads\/sites\/3\/2020\/12\/logo.png","contentUrl":"https:\/\/marktxxl.de\/markt\/wp-content\/uploads\/sites\/3\/2020\/12\/logo.png","width":200,"height":70,"caption":"Markt-XXL"},"image":{"@id":"https:\/\/marktxxl.de\/markt\/#\/schema\/logo\/image\/"}}]}},"_links":{"self":[{"href":"https:\/\/marktxxl.de\/markt\/wp-json\/wp\/v2\/product\/161994","targetHints":{"allow":["GET"]}}],"collection":[{"href":"https:\/\/marktxxl.de\/markt\/wp-json\/wp\/v2\/product"}],"about":[{"href":"https:\/\/marktxxl.de\/markt\/wp-json\/wp\/v2\/types\/product"}],"replies":[{"embeddable":true,"href":"https:\/\/marktxxl.de\/markt\/wp-json\/wp\/v2\/comments?post=161994"}],"wp:featuredmedia":[{"embeddable":true,"href":"https:\/\/marktxxl.de\/markt\/wp-json\/wp\/v2\/media\/161995"}],"wp:attachment":[{"href":"https:\/\/marktxxl.de\/markt\/wp-json\/wp\/v2\/media?parent=161994"}],"wp:term":[{"taxonomy":"product_brand","embeddable":true,"href":"https:\/\/marktxxl.de\/markt\/wp-json\/wp\/v2\/product_brand?post=161994"},{"taxonomy":"product_cat","embeddable":true,"href":"https:\/\/marktxxl.de\/markt\/wp-json\/wp\/v2\/product_cat?post=161994"},{"taxonomy":"product_tag","embeddable":true,"href":"https:\/\/marktxxl.de\/markt\/wp-json\/wp\/v2\/product_tag?post=161994"}],"curies":[{"name":"wp","href":"https:\/\/api.w.org\/{rel}","templated":true}]}}