{"id":161985,"date":"2022-11-10T22:49:37","date_gmt":"2022-11-10T21:49:37","guid":{"rendered":"https:\/\/marktxxl.de\/markt\/produkt\/zenart-100-baumwolle-aquarellpapier-635-kg-20-blatt-kaltpresse-saeurefreier-block-fuer-professionelle-kuenstler-2-seitig-gebunden-fuer-aquarell-gouache-tinte-acryl-und-mixed-media\/"},"modified":"2023-04-08T04:14:36","modified_gmt":"2023-04-08T02:14:36","slug":"zenart-100-baumwolle-aquarellpapier-635-kg-20-blatt-kaltpresse-saeurefreier-block-fuer-professionelle-kuenstler-2-seitig-gebunden-fuer-aquarell-gouache-tinte-acryl-und-mixed-media","status":"publish","type":"product","link":"https:\/\/marktxxl.de\/markt\/produkt\/zenart-100-baumwolle-aquarellpapier-635-kg-20-blatt-kaltpresse-saeurefreier-block-fuer-professionelle-kuenstler-2-seitig-gebunden-fuer-aquarell-gouache-tinte-acryl-und-mixed-media\/","title":{"rendered":"100% Baumwolle Aquarellpapier 300 gsm &#8211; 4&#215;6 in (10,1 x 15,2 cm) 20 Blatt Kaltpressung s\u00e4urefrei Mini Block 2-seitig\u2026"},"content":{"rendered":"<p>100 % Baumwoll-Kaltpresspapier: W\u00e4hrend andere Aquarellpapier zu viel Pigment absorbieren oder Schichten, Farbabzug oder Klebeband nicht widerstehen kann, hat unser kaltgepresstes Papier aus 100 % Baumwolle eine au\u00dfergew\u00f6hnliche Qualit\u00e4t und St\u00e4rke, wodurch samtweiche und gleichm\u00e4\u00dfige Waschg\u00e4nge mit erstaunlich lebendigen Farben entstehen.<br \/>\nProfessionelle Qualit\u00e4t: Das s\u00e4urefreie Aquarellpapier von Zenart besteht zu 100 % aus Baumwolle und wird in den Niederlanden hergestellt, auf einem traditionellen Formzylinder ohne zus\u00e4tzliche optische Aufheller. Es wird nicht vergilben oder sich im Laufe der Zeit abbauen und Ihre Kunstwerke lebendig und hell halten.<br \/>\nRobust und langlebig: Die Baumwollfasern sind innen und au\u00dfen (vegan), um sicherzustellen, dass das Papier eine optimale Saugf\u00e4higkeit bietet und sich nicht verzieht oder aufbl\u00e4st, wenn schwere W\u00e4schen oder mehrere Schichten aufgetragen werden, und problemlos anderen rauen Techniken und K\u00fcnstler-Klebeb\u00e4ndern standh\u00e4lt.<br \/>\nEinfach zu bedienen: Wir k\u00fcmmern uns um K\u00fcnstler, wir haben die besten Gr\u00f6\u00dfen ausgew\u00e4hlt und am einfachsten zu entfernen, zweiseitige Bindung, so dass Sie malen k\u00f6nnen, ohne dass Sie Ihr Papier auf Reisen strecken m\u00fcssen. Es ist sehr einfach, Ihre Kunstwerke mit einem sauberen Paletten-\/B\u00fcromesser zu entfernen.<br \/>\nVon K\u00fcnstlern f\u00fcr K\u00fcnstler: Alle unsere Produkte werden von professionellen K\u00fcnstlern entwickelt und intensiv getestet, und auf dem Cover k\u00f6nnen Sie die Kunstwerke unserer Markenbotschafter und der preisgekr\u00f6nten K\u00fcnstlerin Anastasia Shimshilashvili mit ZenART Aquarellpapier, Farben und Pinseln sehen.<br \/>\n<div class=\"main-cross-sell\" data-asin=\"B09M94DCQB\">\n\n\t<div class=\"WooZone-cross-sell-loader\">\n\t\t<div>\n\t\t\t<div id=\"floatingBarsG\">\n\t\t\t\t<div class=\"blockG\" id=\"rotateG_01\"><\/div>\n\t\t\t\t<div class=\"blockG\" id=\"rotateG_02\"><\/div>\n\t\t\t\t<div class=\"blockG\" id=\"rotateG_03\"><\/div>\n\t\t\t\t<div class=\"blockG\" id=\"rotateG_04\"><\/div>\n\t\t\t\t<div class=\"blockG\" id=\"rotateG_05\"><\/div>\n\t\t\t\t<div class=\"blockG\" id=\"rotateG_06\"><\/div>\n\t\t\t\t<div class=\"blockG\" id=\"rotateG_07\"><\/div>\n\t\t\t\t<div class=\"blockG\" id=\"rotateG_08\"><\/div>\n\t\t\t<\/div>\n\t\t\t<div class=\"WooZone-cross-sell-loader-text\"><\/div>\n\t\t<\/div>\n\t<\/div>\n\n\t\t\n<\/div>\n<div style=\"clear:both;\"><\/div><\/p>\n","protected":false},"excerpt":{"rendered":"<p>100 % Baumwoll-Kaltpresspapier: W\u00e4hrend andere Aquarellpapier zu viel Pigment absorbieren oder Schichten, Farbabzug oder Klebeband nicht widerstehen kann, hat unser kaltgepresstes Papier aus 100 % Baumwolle eine au\u00dfergew\u00f6hnliche Qualit\u00e4t und St\u00e4rke, wodurch samtweiche und gleichm\u00e4\u00dfige Waschg\u00e4nge mit erstaunlich lebendigen Farben entstehen.<br \/>\nProfessionelle Qualit\u00e4t: Das s\u00e4urefreie Aquarellpapier von Zenart besteht zu 100 % aus Baumwolle und wird in den Niederlanden hergestellt, auf einem traditionellen Formzylinder ohne zus\u00e4tzliche optische Aufheller. Es wird nicht vergilben oder sich im Laufe der Zeit abbauen und Ihre Kunstwerke lebendig und hell halten.<br \/>\nRobust und langlebig: Die Baumwollfasern sind innen und au\u00dfen (vegan), um sicherzustellen, dass das Papier eine optimale Saugf\u00e4higkeit bietet und sich nicht verzieht oder aufbl\u00e4st, wenn schwere W\u00e4schen oder mehrere Schichten aufgetragen werden, und problemlos anderen rauen Techniken und K\u00fcnstler-Klebeb\u00e4ndern standh\u00e4lt.<\/p>\n","protected":false},"featured_media":161986,"comment_status":"open","ping_status":"closed","template":"","meta":[],"product_brand":[],"product_cat":[1983,10767],"product_tag":[],"class_list":{"0":"post-161985","1":"product","2":"type-product","3":"status-publish","4":"has-post-thumbnail","6":"product_cat-baumarkt","7":"product_cat-baumaschinen-zubehoer","8":"pa_brand-zenart-supplies","9":"pa_manufacturer-zenart-supplies","11":"first","12":"instock","13":"shipping-taxable","14":"purchasable","15":"product-type-simple","16":"customify-col","17":"product-has-gallery"},"yoast_head":"<!-- This site is optimized with the Yoast SEO plugin v27.4 - https:\/\/yoast.com\/product\/yoast-seo-wordpress\/ -->\n<title>100% Baumwolle Aquarellpapier 300 gsm - 4x6 in (10,1 x 15,2 cm) 20 Blatt Kaltpressung s\u00e4urefrei Mini Block 2-seitig\u2026 - Markt-XXL<\/title>\n<meta name=\"description\" content=\"Markt-XXL 100% Baumwolle Aquarellpapier 300 gsm - 4x6 in (10,1 x 15,2 cm) 20 Blatt Kaltpressung s\u00e4urefrei Mini Block 2-seitig\u2026\" \/>\n<meta name=\"robots\" content=\"index, follow, max-snippet:-1, max-image-preview:large, max-video-preview:-1\" \/>\n<link rel=\"canonical\" href=\"https:\/\/marktxxl.de\/markt\/produkt\/zenart-100-baumwolle-aquarellpapier-635-kg-20-blatt-kaltpresse-saeurefreier-block-fuer-professionelle-kuenstler-2-seitig-gebunden-fuer-aquarell-gouache-tinte-acryl-und-mixed-media\/\" \/>\n<meta property=\"og:locale\" content=\"de_DE\" \/>\n<meta property=\"og:type\" content=\"article\" \/>\n<meta property=\"og:title\" content=\"100% Baumwolle Aquarellpapier 300 gsm - 4x6 in (10,1 x 15,2 cm) 20 Blatt Kaltpressung s\u00e4urefrei Mini Block 2-seitig\u2026 - Markt-XXL\" \/>\n<meta property=\"og:description\" content=\"Markt-XXL 100% Baumwolle Aquarellpapier 300 gsm - 4x6 in (10,1 x 15,2 cm) 20 Blatt Kaltpressung s\u00e4urefrei Mini Block 2-seitig\u2026\" \/>\n<meta property=\"og:url\" content=\"https:\/\/marktxxl.de\/markt\/produkt\/zenart-100-baumwolle-aquarellpapier-635-kg-20-blatt-kaltpresse-saeurefreier-block-fuer-professionelle-kuenstler-2-seitig-gebunden-fuer-aquarell-gouache-tinte-acryl-und-mixed-media\/\" \/>\n<meta property=\"og:site_name\" content=\"Markt-XXL\" \/>\n<meta property=\"article:modified_time\" content=\"2023-04-08T02:14:36+00:00\" \/>\n<meta property=\"og:image\" content=\"https:\/\/m.media-amazon.com\/images\/I\/41naaP93SGL._SL500_.jpg\" \/>\n\t<meta property=\"og:image:width\" content=\"500\" \/>\n\t<meta property=\"og:image:height\" content=\"500\" \/>\n\t<meta property=\"og:image:type\" content=\"image\/jpeg\" \/>\n<meta name=\"twitter:card\" content=\"summary_large_image\" \/>\n<meta name=\"twitter:label1\" content=\"Gesch\u00e4tzte Lesezeit\" \/>\n\t<meta name=\"twitter:data1\" content=\"1\u00a0Minute\" \/>\n<script type=\"application\/ld+json\" class=\"yoast-schema-graph\">{\"@context\":\"https:\\\/\\\/schema.org\",\"@graph\":[{\"@type\":\"WebPage\",\"@id\":\"https:\\\/\\\/marktxxl.de\\\/markt\\\/produkt\\\/zenart-100-baumwolle-aquarellpapier-635-kg-20-blatt-kaltpresse-saeurefreier-block-fuer-professionelle-kuenstler-2-seitig-gebunden-fuer-aquarell-gouache-tinte-acryl-und-mixed-media\\\/\",\"url\":\"https:\\\/\\\/marktxxl.de\\\/markt\\\/produkt\\\/zenart-100-baumwolle-aquarellpapier-635-kg-20-blatt-kaltpresse-saeurefreier-block-fuer-professionelle-kuenstler-2-seitig-gebunden-fuer-aquarell-gouache-tinte-acryl-und-mixed-media\\\/\",\"name\":\"100% Baumwolle Aquarellpapier 300 gsm - 4x6 in (10,1 x 15,2 cm) 20 Blatt Kaltpressung s\u00e4urefrei Mini Block 2-seitig\u2026 - Markt-XXL\",\"isPartOf\":{\"@id\":\"https:\\\/\\\/marktxxl.de\\\/markt\\\/#website\"},\"primaryImageOfPage\":{\"@id\":\"https:\\\/\\\/marktxxl.de\\\/markt\\\/produkt\\\/zenart-100-baumwolle-aquarellpapier-635-kg-20-blatt-kaltpresse-saeurefreier-block-fuer-professionelle-kuenstler-2-seitig-gebunden-fuer-aquarell-gouache-tinte-acryl-und-mixed-media\\\/#primaryimage\"},\"image\":{\"@id\":\"https:\\\/\\\/marktxxl.de\\\/markt\\\/produkt\\\/zenart-100-baumwolle-aquarellpapier-635-kg-20-blatt-kaltpresse-saeurefreier-block-fuer-professionelle-kuenstler-2-seitig-gebunden-fuer-aquarell-gouache-tinte-acryl-und-mixed-media\\\/#primaryimage\"},\"thumbnailUrl\":\"https:\\\/\\\/m.media-amazon.com\\\/images\\\/I\\\/41naaP93SGL._SL500_.jpg\",\"datePublished\":\"2022-11-10T21:49:37+00:00\",\"dateModified\":\"2023-04-08T02:14:36+00:00\",\"description\":\"Markt-XXL 100% Baumwolle Aquarellpapier 300 gsm - 4x6 in (10,1 x 15,2 cm) 20 Blatt Kaltpressung s\u00e4urefrei Mini Block 2-seitig\u2026\",\"breadcrumb\":{\"@id\":\"https:\\\/\\\/marktxxl.de\\\/markt\\\/produkt\\\/zenart-100-baumwolle-aquarellpapier-635-kg-20-blatt-kaltpresse-saeurefreier-block-fuer-professionelle-kuenstler-2-seitig-gebunden-fuer-aquarell-gouache-tinte-acryl-und-mixed-media\\\/#breadcrumb\"},\"inLanguage\":\"de\",\"potentialAction\":[{\"@type\":\"ReadAction\",\"target\":[\"https:\\\/\\\/marktxxl.de\\\/markt\\\/produkt\\\/zenart-100-baumwolle-aquarellpapier-635-kg-20-blatt-kaltpresse-saeurefreier-block-fuer-professionelle-kuenstler-2-seitig-gebunden-fuer-aquarell-gouache-tinte-acryl-und-mixed-media\\\/\"]}]},{\"@type\":\"ImageObject\",\"inLanguage\":\"de\",\"@id\":\"https:\\\/\\\/marktxxl.de\\\/markt\\\/produkt\\\/zenart-100-baumwolle-aquarellpapier-635-kg-20-blatt-kaltpresse-saeurefreier-block-fuer-professionelle-kuenstler-2-seitig-gebunden-fuer-aquarell-gouache-tinte-acryl-und-mixed-media\\\/#primaryimage\",\"url\":\"https:\\\/\\\/m.media-amazon.com\\\/images\\\/I\\\/41naaP93SGL._SL500_.jpg\",\"contentUrl\":\"https:\\\/\\\/m.media-amazon.com\\\/images\\\/I\\\/41naaP93SGL._SL500_.jpg\",\"width\":500,\"height\":500},{\"@type\":\"BreadcrumbList\",\"@id\":\"https:\\\/\\\/marktxxl.de\\\/markt\\\/produkt\\\/zenart-100-baumwolle-aquarellpapier-635-kg-20-blatt-kaltpresse-saeurefreier-block-fuer-professionelle-kuenstler-2-seitig-gebunden-fuer-aquarell-gouache-tinte-acryl-und-mixed-media\\\/#breadcrumb\",\"itemListElement\":[{\"@type\":\"ListItem\",\"position\":1,\"name\":\"Startseite\",\"item\":\"https:\\\/\\\/marktxxl.de\\\/markt\\\/\"},{\"@type\":\"ListItem\",\"position\":2,\"name\":\"Markt\",\"item\":\"https:\\\/\\\/marktxxl.de\\\/markt\\\/\"},{\"@type\":\"ListItem\",\"position\":3,\"name\":\"100% Baumwolle Aquarellpapier 300 gsm &#8211; 4&#215;6 in (10,1 x 15,2 cm) 20 Blatt Kaltpressung s\u00e4urefrei Mini Block 2-seitig\u2026\"}]},{\"@type\":\"WebSite\",\"@id\":\"https:\\\/\\\/marktxxl.de\\\/markt\\\/#website\",\"url\":\"https:\\\/\\\/marktxxl.de\\\/markt\\\/\",\"name\":\"Markt-XXL\",\"description\":\"Ihr Markt Online\",\"publisher\":{\"@id\":\"https:\\\/\\\/marktxxl.de\\\/markt\\\/#organization\"},\"potentialAction\":[{\"@type\":\"SearchAction\",\"target\":{\"@type\":\"EntryPoint\",\"urlTemplate\":\"https:\\\/\\\/marktxxl.de\\\/markt\\\/?s={search_term_string}\"},\"query-input\":{\"@type\":\"PropertyValueSpecification\",\"valueRequired\":true,\"valueName\":\"search_term_string\"}}],\"inLanguage\":\"de\"},{\"@type\":\"Organization\",\"@id\":\"https:\\\/\\\/marktxxl.de\\\/markt\\\/#organization\",\"name\":\"Markt-XXL\",\"url\":\"https:\\\/\\\/marktxxl.de\\\/markt\\\/\",\"logo\":{\"@type\":\"ImageObject\",\"inLanguage\":\"de\",\"@id\":\"https:\\\/\\\/marktxxl.de\\\/markt\\\/#\\\/schema\\\/logo\\\/image\\\/\",\"url\":\"https:\\\/\\\/marktxxl.de\\\/markt\\\/wp-content\\\/uploads\\\/sites\\\/3\\\/2020\\\/12\\\/logo.png\",\"contentUrl\":\"https:\\\/\\\/marktxxl.de\\\/markt\\\/wp-content\\\/uploads\\\/sites\\\/3\\\/2020\\\/12\\\/logo.png\",\"width\":200,\"height\":70,\"caption\":\"Markt-XXL\"},\"image\":{\"@id\":\"https:\\\/\\\/marktxxl.de\\\/markt\\\/#\\\/schema\\\/logo\\\/image\\\/\"}}]}<\/script>\n<!-- \/ Yoast SEO plugin. -->","yoast_head_json":{"title":"100% Baumwolle Aquarellpapier 300 gsm - 4x6 in (10,1 x 15,2 cm) 20 Blatt Kaltpressung s\u00e4urefrei Mini Block 2-seitig\u2026 - Markt-XXL","description":"Markt-XXL 100% Baumwolle Aquarellpapier 300 gsm - 4x6 in (10,1 x 15,2 cm) 20 Blatt Kaltpressung s\u00e4urefrei Mini Block 2-seitig\u2026","robots":{"index":"index","follow":"follow","max-snippet":"max-snippet:-1","max-image-preview":"max-image-preview:large","max-video-preview":"max-video-preview:-1"},"canonical":"https:\/\/marktxxl.de\/markt\/produkt\/zenart-100-baumwolle-aquarellpapier-635-kg-20-blatt-kaltpresse-saeurefreier-block-fuer-professionelle-kuenstler-2-seitig-gebunden-fuer-aquarell-gouache-tinte-acryl-und-mixed-media\/","og_locale":"de_DE","og_type":"article","og_title":"100% Baumwolle Aquarellpapier 300 gsm - 4x6 in (10,1 x 15,2 cm) 20 Blatt Kaltpressung s\u00e4urefrei Mini Block 2-seitig\u2026 - Markt-XXL","og_description":"Markt-XXL 100% Baumwolle Aquarellpapier 300 gsm - 4x6 in (10,1 x 15,2 cm) 20 Blatt Kaltpressung s\u00e4urefrei Mini Block 2-seitig\u2026","og_url":"https:\/\/marktxxl.de\/markt\/produkt\/zenart-100-baumwolle-aquarellpapier-635-kg-20-blatt-kaltpresse-saeurefreier-block-fuer-professionelle-kuenstler-2-seitig-gebunden-fuer-aquarell-gouache-tinte-acryl-und-mixed-media\/","og_site_name":"Markt-XXL","article_modified_time":"2023-04-08T02:14:36+00:00","og_image":[{"width":500,"height":500,"url":"https:\/\/m.media-amazon.com\/images\/I\/41naaP93SGL._SL500_.jpg","type":"image\/jpeg"}],"twitter_card":"summary_large_image","twitter_misc":{"Gesch\u00e4tzte Lesezeit":"1\u00a0Minute"},"schema":{"@context":"https:\/\/schema.org","@graph":[{"@type":"WebPage","@id":"https:\/\/marktxxl.de\/markt\/produkt\/zenart-100-baumwolle-aquarellpapier-635-kg-20-blatt-kaltpresse-saeurefreier-block-fuer-professionelle-kuenstler-2-seitig-gebunden-fuer-aquarell-gouache-tinte-acryl-und-mixed-media\/","url":"https:\/\/marktxxl.de\/markt\/produkt\/zenart-100-baumwolle-aquarellpapier-635-kg-20-blatt-kaltpresse-saeurefreier-block-fuer-professionelle-kuenstler-2-seitig-gebunden-fuer-aquarell-gouache-tinte-acryl-und-mixed-media\/","name":"100% Baumwolle Aquarellpapier 300 gsm - 4x6 in (10,1 x 15,2 cm) 20 Blatt Kaltpressung s\u00e4urefrei Mini Block 2-seitig\u2026 - Markt-XXL","isPartOf":{"@id":"https:\/\/marktxxl.de\/markt\/#website"},"primaryImageOfPage":{"@id":"https:\/\/marktxxl.de\/markt\/produkt\/zenart-100-baumwolle-aquarellpapier-635-kg-20-blatt-kaltpresse-saeurefreier-block-fuer-professionelle-kuenstler-2-seitig-gebunden-fuer-aquarell-gouache-tinte-acryl-und-mixed-media\/#primaryimage"},"image":{"@id":"https:\/\/marktxxl.de\/markt\/produkt\/zenart-100-baumwolle-aquarellpapier-635-kg-20-blatt-kaltpresse-saeurefreier-block-fuer-professionelle-kuenstler-2-seitig-gebunden-fuer-aquarell-gouache-tinte-acryl-und-mixed-media\/#primaryimage"},"thumbnailUrl":"https:\/\/m.media-amazon.com\/images\/I\/41naaP93SGL._SL500_.jpg","datePublished":"2022-11-10T21:49:37+00:00","dateModified":"2023-04-08T02:14:36+00:00","description":"Markt-XXL 100% Baumwolle Aquarellpapier 300 gsm - 4x6 in (10,1 x 15,2 cm) 20 Blatt Kaltpressung s\u00e4urefrei Mini Block 2-seitig\u2026","breadcrumb":{"@id":"https:\/\/marktxxl.de\/markt\/produkt\/zenart-100-baumwolle-aquarellpapier-635-kg-20-blatt-kaltpresse-saeurefreier-block-fuer-professionelle-kuenstler-2-seitig-gebunden-fuer-aquarell-gouache-tinte-acryl-und-mixed-media\/#breadcrumb"},"inLanguage":"de","potentialAction":[{"@type":"ReadAction","target":["https:\/\/marktxxl.de\/markt\/produkt\/zenart-100-baumwolle-aquarellpapier-635-kg-20-blatt-kaltpresse-saeurefreier-block-fuer-professionelle-kuenstler-2-seitig-gebunden-fuer-aquarell-gouache-tinte-acryl-und-mixed-media\/"]}]},{"@type":"ImageObject","inLanguage":"de","@id":"https:\/\/marktxxl.de\/markt\/produkt\/zenart-100-baumwolle-aquarellpapier-635-kg-20-blatt-kaltpresse-saeurefreier-block-fuer-professionelle-kuenstler-2-seitig-gebunden-fuer-aquarell-gouache-tinte-acryl-und-mixed-media\/#primaryimage","url":"https:\/\/m.media-amazon.com\/images\/I\/41naaP93SGL._SL500_.jpg","contentUrl":"https:\/\/m.media-amazon.com\/images\/I\/41naaP93SGL._SL500_.jpg","width":500,"height":500},{"@type":"BreadcrumbList","@id":"https:\/\/marktxxl.de\/markt\/produkt\/zenart-100-baumwolle-aquarellpapier-635-kg-20-blatt-kaltpresse-saeurefreier-block-fuer-professionelle-kuenstler-2-seitig-gebunden-fuer-aquarell-gouache-tinte-acryl-und-mixed-media\/#breadcrumb","itemListElement":[{"@type":"ListItem","position":1,"name":"Startseite","item":"https:\/\/marktxxl.de\/markt\/"},{"@type":"ListItem","position":2,"name":"Markt","item":"https:\/\/marktxxl.de\/markt\/"},{"@type":"ListItem","position":3,"name":"100% Baumwolle Aquarellpapier 300 gsm &#8211; 4&#215;6 in (10,1 x 15,2 cm) 20 Blatt Kaltpressung s\u00e4urefrei Mini Block 2-seitig\u2026"}]},{"@type":"WebSite","@id":"https:\/\/marktxxl.de\/markt\/#website","url":"https:\/\/marktxxl.de\/markt\/","name":"Markt-XXL","description":"Ihr Markt Online","publisher":{"@id":"https:\/\/marktxxl.de\/markt\/#organization"},"potentialAction":[{"@type":"SearchAction","target":{"@type":"EntryPoint","urlTemplate":"https:\/\/marktxxl.de\/markt\/?s={search_term_string}"},"query-input":{"@type":"PropertyValueSpecification","valueRequired":true,"valueName":"search_term_string"}}],"inLanguage":"de"},{"@type":"Organization","@id":"https:\/\/marktxxl.de\/markt\/#organization","name":"Markt-XXL","url":"https:\/\/marktxxl.de\/markt\/","logo":{"@type":"ImageObject","inLanguage":"de","@id":"https:\/\/marktxxl.de\/markt\/#\/schema\/logo\/image\/","url":"https:\/\/marktxxl.de\/markt\/wp-content\/uploads\/sites\/3\/2020\/12\/logo.png","contentUrl":"https:\/\/marktxxl.de\/markt\/wp-content\/uploads\/sites\/3\/2020\/12\/logo.png","width":200,"height":70,"caption":"Markt-XXL"},"image":{"@id":"https:\/\/marktxxl.de\/markt\/#\/schema\/logo\/image\/"}}]}},"_links":{"self":[{"href":"https:\/\/marktxxl.de\/markt\/wp-json\/wp\/v2\/product\/161985","targetHints":{"allow":["GET"]}}],"collection":[{"href":"https:\/\/marktxxl.de\/markt\/wp-json\/wp\/v2\/product"}],"about":[{"href":"https:\/\/marktxxl.de\/markt\/wp-json\/wp\/v2\/types\/product"}],"replies":[{"embeddable":true,"href":"https:\/\/marktxxl.de\/markt\/wp-json\/wp\/v2\/comments?post=161985"}],"wp:featuredmedia":[{"embeddable":true,"href":"https:\/\/marktxxl.de\/markt\/wp-json\/wp\/v2\/media\/161986"}],"wp:attachment":[{"href":"https:\/\/marktxxl.de\/markt\/wp-json\/wp\/v2\/media?parent=161985"}],"wp:term":[{"taxonomy":"product_brand","embeddable":true,"href":"https:\/\/marktxxl.de\/markt\/wp-json\/wp\/v2\/product_brand?post=161985"},{"taxonomy":"product_cat","embeddable":true,"href":"https:\/\/marktxxl.de\/markt\/wp-json\/wp\/v2\/product_cat?post=161985"},{"taxonomy":"product_tag","embeddable":true,"href":"https:\/\/marktxxl.de\/markt\/wp-json\/wp\/v2\/product_tag?post=161985"}],"curies":[{"name":"wp","href":"https:\/\/api.w.org\/{rel}","templated":true}]}}