{"id":161726,"date":"2022-11-10T20:55:02","date_gmt":"2022-11-10T19:55:02","guid":{"rendered":"https:\/\/marktxxl.de\/markt\/produkt\/maymom-pumpenventil-myfit-19mm-schild-kompatibel-mit-lansinoh-milchpumpe-signature-pro-smartpump-manuelle-milchpumpe\/"},"modified":"2023-04-08T04:14:31","modified_gmt":"2023-04-08T02:14:31","slug":"maymom-pumpenventil-myfit-19mm-schild-kompatibel-mit-lansinoh-milchpumpe-signature-pro-smartpump-manuelle-milchpumpe","status":"publish","type":"product","link":"https:\/\/marktxxl.de\/markt\/produkt\/maymom-pumpenventil-myfit-19mm-schild-kompatibel-mit-lansinoh-milchpumpe-signature-pro-smartpump-manuelle-milchpumpe\/","title":{"rendered":"Maymom Pumpenventil &amp; Myfit 19Mm Schild Kompatibel Mit Lansinoh Milchpumpe Signature Pro\/Smartpump\/Manuelle Milchpumpe"},"content":{"rendered":"<p>Inhalt: 4 Pumpenventile, hergestellt von Maymom f\u00fcr Lansinoh Milchpumpen, einschlie\u00dflich Lansinoh Signature Pro \/ Lansinoh Smartpump \/ Lansinoh manuelle Milchpumpen.<br \/>\nIdealer Ersatz. Gleiche Saugkraft wie Lansinoh Pumpenteile. Einfaches Entfernen und Anbringen. Sparen Sie Ihre Pumpzeit.<br \/>\nLanglebige Qualit\u00e4t. Aus robustem Material f\u00fcr l\u00e4ngere Nutzung.<br \/>\nBPA- und DEHP-frei. Entspricht der US-amerikanischen FDA-Verordnung f\u00fcr Kunststoffe, die mit Lebensmitteln in Kontakt kommen.<br \/>\nSp\u00fclmaschinenfest im oberen Fach; Dampffest f\u00fcr Sterilisation. Waschen Sie dieses St\u00fcck mit hei\u00dfem Seifenwasser. Es ist nicht ratsam, irgendein Objekt in die Ventil\u00f6ffnung zu stecken, um es zu reinigen. Dies kann das Teil rei\u00dfen oder dehnen, was zu schlechter Leistung f\u00fchrt. Ventil h\u00e4ufig auf Risse pr\u00fcfen.<br \/>\n<div class=\"main-cross-sell\" data-asin=\"B086KX1GVL\">\n\n\t<div class=\"WooZone-cross-sell-loader\">\n\t\t<div>\n\t\t\t<div id=\"floatingBarsG\">\n\t\t\t\t<div class=\"blockG\" id=\"rotateG_01\"><\/div>\n\t\t\t\t<div class=\"blockG\" id=\"rotateG_02\"><\/div>\n\t\t\t\t<div class=\"blockG\" id=\"rotateG_03\"><\/div>\n\t\t\t\t<div class=\"blockG\" id=\"rotateG_04\"><\/div>\n\t\t\t\t<div class=\"blockG\" id=\"rotateG_05\"><\/div>\n\t\t\t\t<div class=\"blockG\" id=\"rotateG_06\"><\/div>\n\t\t\t\t<div class=\"blockG\" id=\"rotateG_07\"><\/div>\n\t\t\t\t<div class=\"blockG\" id=\"rotateG_08\"><\/div>\n\t\t\t<\/div>\n\t\t\t<div class=\"WooZone-cross-sell-loader-text\"><\/div>\n\t\t<\/div>\n\t<\/div>\n\n\t\t\n<\/div>\n<div style=\"clear:both;\"><\/div><\/p>\n","protected":false},"excerpt":{"rendered":"<p>Inhalt: 4 Pumpenventile, hergestellt von Maymom f\u00fcr Lansinoh Milchpumpen, einschlie\u00dflich Lansinoh Signature Pro \/ Lansinoh Smartpump \/ Lansinoh manuelle Milchpumpen.<br \/>\nIdealer Ersatz. Gleiche Saugkraft wie Lansinoh Pumpenteile. Einfaches Entfernen und Anbringen. Sparen Sie Ihre Pumpzeit.<br \/>\nLanglebige Qualit\u00e4t. Aus robustem Material f\u00fcr l\u00e4ngere Nutzung.<\/p>\n","protected":false},"featured_media":161727,"comment_status":"open","ping_status":"closed","template":"","meta":[],"product_brand":[],"product_cat":[21,9216],"product_tag":[],"class_list":{"0":"post-161726","1":"product","2":"type-product","3":"status-publish","4":"has-post-thumbnail","6":"product_cat-baby","7":"product_cat-ernaehrung-stillen-baby","8":"pa_binding-babyartikel","9":"pa_brand-maymom","10":"pa_manufacturer-maymom","11":"pa_model-lp012-f19dx2","12":"pa_size-19mm-abschirmung-plus-ventil","14":"first","15":"instock","16":"shipping-taxable","17":"purchasable","18":"product-type-simple","19":"customify-col","20":"product-has-gallery"},"yoast_head":"<!-- This site is optimized with the Yoast SEO plugin v27.4 - https:\/\/yoast.com\/product\/yoast-seo-wordpress\/ -->\n<title>Maymom Pumpenventil &amp; Myfit 19Mm Schild Kompatibel Mit Lansinoh Milchpumpe Signature Pro\/Smartpump\/Manuelle Milchpumpe - Markt-XXL<\/title>\n<meta name=\"description\" content=\"Markt-XXL Maymom Pumpenventil &amp; Myfit 19Mm Schild Kompatibel Mit Lansinoh Milchpumpe Signature Pro\/Smartpump\/Manuelle Milchpumpe\" \/>\n<meta name=\"robots\" content=\"index, follow, max-snippet:-1, max-image-preview:large, max-video-preview:-1\" \/>\n<link rel=\"canonical\" href=\"https:\/\/marktxxl.de\/markt\/produkt\/maymom-pumpenventil-myfit-19mm-schild-kompatibel-mit-lansinoh-milchpumpe-signature-pro-smartpump-manuelle-milchpumpe\/\" \/>\n<meta property=\"og:locale\" content=\"de_DE\" \/>\n<meta property=\"og:type\" content=\"article\" \/>\n<meta property=\"og:title\" content=\"Maymom Pumpenventil &amp; Myfit 19Mm Schild Kompatibel Mit Lansinoh Milchpumpe Signature Pro\/Smartpump\/Manuelle Milchpumpe - Markt-XXL\" \/>\n<meta property=\"og:description\" content=\"Markt-XXL Maymom Pumpenventil &amp; Myfit 19Mm Schild Kompatibel Mit Lansinoh Milchpumpe Signature Pro\/Smartpump\/Manuelle Milchpumpe\" \/>\n<meta property=\"og:url\" content=\"https:\/\/marktxxl.de\/markt\/produkt\/maymom-pumpenventil-myfit-19mm-schild-kompatibel-mit-lansinoh-milchpumpe-signature-pro-smartpump-manuelle-milchpumpe\/\" \/>\n<meta property=\"og:site_name\" content=\"Markt-XXL\" \/>\n<meta property=\"article:modified_time\" content=\"2023-04-08T02:14:31+00:00\" \/>\n<meta property=\"og:image\" content=\"https:\/\/m.media-amazon.com\/images\/I\/3141UzbWX6L._SL500_.jpg\" \/>\n\t<meta property=\"og:image:width\" content=\"500\" \/>\n\t<meta property=\"og:image:height\" content=\"500\" \/>\n\t<meta property=\"og:image:type\" content=\"image\/jpeg\" \/>\n<meta name=\"twitter:card\" content=\"summary_large_image\" \/>\n<meta name=\"twitter:label1\" content=\"Gesch\u00e4tzte Lesezeit\" \/>\n\t<meta name=\"twitter:data1\" content=\"1\u00a0Minute\" \/>\n<script type=\"application\/ld+json\" class=\"yoast-schema-graph\">{\"@context\":\"https:\\\/\\\/schema.org\",\"@graph\":[{\"@type\":\"WebPage\",\"@id\":\"https:\\\/\\\/marktxxl.de\\\/markt\\\/produkt\\\/maymom-pumpenventil-myfit-19mm-schild-kompatibel-mit-lansinoh-milchpumpe-signature-pro-smartpump-manuelle-milchpumpe\\\/\",\"url\":\"https:\\\/\\\/marktxxl.de\\\/markt\\\/produkt\\\/maymom-pumpenventil-myfit-19mm-schild-kompatibel-mit-lansinoh-milchpumpe-signature-pro-smartpump-manuelle-milchpumpe\\\/\",\"name\":\"Maymom Pumpenventil &amp; Myfit 19Mm Schild Kompatibel Mit Lansinoh Milchpumpe Signature Pro\\\/Smartpump\\\/Manuelle Milchpumpe - Markt-XXL\",\"isPartOf\":{\"@id\":\"https:\\\/\\\/marktxxl.de\\\/markt\\\/#website\"},\"primaryImageOfPage\":{\"@id\":\"https:\\\/\\\/marktxxl.de\\\/markt\\\/produkt\\\/maymom-pumpenventil-myfit-19mm-schild-kompatibel-mit-lansinoh-milchpumpe-signature-pro-smartpump-manuelle-milchpumpe\\\/#primaryimage\"},\"image\":{\"@id\":\"https:\\\/\\\/marktxxl.de\\\/markt\\\/produkt\\\/maymom-pumpenventil-myfit-19mm-schild-kompatibel-mit-lansinoh-milchpumpe-signature-pro-smartpump-manuelle-milchpumpe\\\/#primaryimage\"},\"thumbnailUrl\":\"https:\\\/\\\/m.media-amazon.com\\\/images\\\/I\\\/3141UzbWX6L._SL500_.jpg\",\"datePublished\":\"2022-11-10T19:55:02+00:00\",\"dateModified\":\"2023-04-08T02:14:31+00:00\",\"description\":\"Markt-XXL Maymom Pumpenventil &amp; Myfit 19Mm Schild Kompatibel Mit Lansinoh Milchpumpe Signature Pro\\\/Smartpump\\\/Manuelle Milchpumpe\",\"breadcrumb\":{\"@id\":\"https:\\\/\\\/marktxxl.de\\\/markt\\\/produkt\\\/maymom-pumpenventil-myfit-19mm-schild-kompatibel-mit-lansinoh-milchpumpe-signature-pro-smartpump-manuelle-milchpumpe\\\/#breadcrumb\"},\"inLanguage\":\"de\",\"potentialAction\":[{\"@type\":\"ReadAction\",\"target\":[\"https:\\\/\\\/marktxxl.de\\\/markt\\\/produkt\\\/maymom-pumpenventil-myfit-19mm-schild-kompatibel-mit-lansinoh-milchpumpe-signature-pro-smartpump-manuelle-milchpumpe\\\/\"]}]},{\"@type\":\"ImageObject\",\"inLanguage\":\"de\",\"@id\":\"https:\\\/\\\/marktxxl.de\\\/markt\\\/produkt\\\/maymom-pumpenventil-myfit-19mm-schild-kompatibel-mit-lansinoh-milchpumpe-signature-pro-smartpump-manuelle-milchpumpe\\\/#primaryimage\",\"url\":\"https:\\\/\\\/m.media-amazon.com\\\/images\\\/I\\\/3141UzbWX6L._SL500_.jpg\",\"contentUrl\":\"https:\\\/\\\/m.media-amazon.com\\\/images\\\/I\\\/3141UzbWX6L._SL500_.jpg\",\"width\":500,\"height\":500},{\"@type\":\"BreadcrumbList\",\"@id\":\"https:\\\/\\\/marktxxl.de\\\/markt\\\/produkt\\\/maymom-pumpenventil-myfit-19mm-schild-kompatibel-mit-lansinoh-milchpumpe-signature-pro-smartpump-manuelle-milchpumpe\\\/#breadcrumb\",\"itemListElement\":[{\"@type\":\"ListItem\",\"position\":1,\"name\":\"Startseite\",\"item\":\"https:\\\/\\\/marktxxl.de\\\/markt\\\/\"},{\"@type\":\"ListItem\",\"position\":2,\"name\":\"Markt\",\"item\":\"https:\\\/\\\/marktxxl.de\\\/markt\\\/\"},{\"@type\":\"ListItem\",\"position\":3,\"name\":\"Maymom Pumpenventil &amp; Myfit 19Mm Schild Kompatibel Mit Lansinoh Milchpumpe Signature Pro\\\/Smartpump\\\/Manuelle Milchpumpe\"}]},{\"@type\":\"WebSite\",\"@id\":\"https:\\\/\\\/marktxxl.de\\\/markt\\\/#website\",\"url\":\"https:\\\/\\\/marktxxl.de\\\/markt\\\/\",\"name\":\"Markt-XXL\",\"description\":\"Ihr Markt Online\",\"publisher\":{\"@id\":\"https:\\\/\\\/marktxxl.de\\\/markt\\\/#organization\"},\"potentialAction\":[{\"@type\":\"SearchAction\",\"target\":{\"@type\":\"EntryPoint\",\"urlTemplate\":\"https:\\\/\\\/marktxxl.de\\\/markt\\\/?s={search_term_string}\"},\"query-input\":{\"@type\":\"PropertyValueSpecification\",\"valueRequired\":true,\"valueName\":\"search_term_string\"}}],\"inLanguage\":\"de\"},{\"@type\":\"Organization\",\"@id\":\"https:\\\/\\\/marktxxl.de\\\/markt\\\/#organization\",\"name\":\"Markt-XXL\",\"url\":\"https:\\\/\\\/marktxxl.de\\\/markt\\\/\",\"logo\":{\"@type\":\"ImageObject\",\"inLanguage\":\"de\",\"@id\":\"https:\\\/\\\/marktxxl.de\\\/markt\\\/#\\\/schema\\\/logo\\\/image\\\/\",\"url\":\"https:\\\/\\\/marktxxl.de\\\/markt\\\/wp-content\\\/uploads\\\/sites\\\/3\\\/2020\\\/12\\\/logo.png\",\"contentUrl\":\"https:\\\/\\\/marktxxl.de\\\/markt\\\/wp-content\\\/uploads\\\/sites\\\/3\\\/2020\\\/12\\\/logo.png\",\"width\":200,\"height\":70,\"caption\":\"Markt-XXL\"},\"image\":{\"@id\":\"https:\\\/\\\/marktxxl.de\\\/markt\\\/#\\\/schema\\\/logo\\\/image\\\/\"}}]}<\/script>\n<!-- \/ Yoast SEO plugin. -->","yoast_head_json":{"title":"Maymom Pumpenventil &amp; Myfit 19Mm Schild Kompatibel Mit Lansinoh Milchpumpe Signature Pro\/Smartpump\/Manuelle Milchpumpe - Markt-XXL","description":"Markt-XXL Maymom Pumpenventil &amp; Myfit 19Mm Schild Kompatibel Mit Lansinoh Milchpumpe Signature Pro\/Smartpump\/Manuelle Milchpumpe","robots":{"index":"index","follow":"follow","max-snippet":"max-snippet:-1","max-image-preview":"max-image-preview:large","max-video-preview":"max-video-preview:-1"},"canonical":"https:\/\/marktxxl.de\/markt\/produkt\/maymom-pumpenventil-myfit-19mm-schild-kompatibel-mit-lansinoh-milchpumpe-signature-pro-smartpump-manuelle-milchpumpe\/","og_locale":"de_DE","og_type":"article","og_title":"Maymom Pumpenventil &amp; Myfit 19Mm Schild Kompatibel Mit Lansinoh Milchpumpe Signature Pro\/Smartpump\/Manuelle Milchpumpe - Markt-XXL","og_description":"Markt-XXL Maymom Pumpenventil &amp; Myfit 19Mm Schild Kompatibel Mit Lansinoh Milchpumpe Signature Pro\/Smartpump\/Manuelle Milchpumpe","og_url":"https:\/\/marktxxl.de\/markt\/produkt\/maymom-pumpenventil-myfit-19mm-schild-kompatibel-mit-lansinoh-milchpumpe-signature-pro-smartpump-manuelle-milchpumpe\/","og_site_name":"Markt-XXL","article_modified_time":"2023-04-08T02:14:31+00:00","og_image":[{"width":500,"height":500,"url":"https:\/\/m.media-amazon.com\/images\/I\/3141UzbWX6L._SL500_.jpg","type":"image\/jpeg"}],"twitter_card":"summary_large_image","twitter_misc":{"Gesch\u00e4tzte Lesezeit":"1\u00a0Minute"},"schema":{"@context":"https:\/\/schema.org","@graph":[{"@type":"WebPage","@id":"https:\/\/marktxxl.de\/markt\/produkt\/maymom-pumpenventil-myfit-19mm-schild-kompatibel-mit-lansinoh-milchpumpe-signature-pro-smartpump-manuelle-milchpumpe\/","url":"https:\/\/marktxxl.de\/markt\/produkt\/maymom-pumpenventil-myfit-19mm-schild-kompatibel-mit-lansinoh-milchpumpe-signature-pro-smartpump-manuelle-milchpumpe\/","name":"Maymom Pumpenventil &amp; Myfit 19Mm Schild Kompatibel Mit Lansinoh Milchpumpe Signature Pro\/Smartpump\/Manuelle Milchpumpe - Markt-XXL","isPartOf":{"@id":"https:\/\/marktxxl.de\/markt\/#website"},"primaryImageOfPage":{"@id":"https:\/\/marktxxl.de\/markt\/produkt\/maymom-pumpenventil-myfit-19mm-schild-kompatibel-mit-lansinoh-milchpumpe-signature-pro-smartpump-manuelle-milchpumpe\/#primaryimage"},"image":{"@id":"https:\/\/marktxxl.de\/markt\/produkt\/maymom-pumpenventil-myfit-19mm-schild-kompatibel-mit-lansinoh-milchpumpe-signature-pro-smartpump-manuelle-milchpumpe\/#primaryimage"},"thumbnailUrl":"https:\/\/m.media-amazon.com\/images\/I\/3141UzbWX6L._SL500_.jpg","datePublished":"2022-11-10T19:55:02+00:00","dateModified":"2023-04-08T02:14:31+00:00","description":"Markt-XXL Maymom Pumpenventil &amp; Myfit 19Mm Schild Kompatibel Mit Lansinoh Milchpumpe Signature Pro\/Smartpump\/Manuelle Milchpumpe","breadcrumb":{"@id":"https:\/\/marktxxl.de\/markt\/produkt\/maymom-pumpenventil-myfit-19mm-schild-kompatibel-mit-lansinoh-milchpumpe-signature-pro-smartpump-manuelle-milchpumpe\/#breadcrumb"},"inLanguage":"de","potentialAction":[{"@type":"ReadAction","target":["https:\/\/marktxxl.de\/markt\/produkt\/maymom-pumpenventil-myfit-19mm-schild-kompatibel-mit-lansinoh-milchpumpe-signature-pro-smartpump-manuelle-milchpumpe\/"]}]},{"@type":"ImageObject","inLanguage":"de","@id":"https:\/\/marktxxl.de\/markt\/produkt\/maymom-pumpenventil-myfit-19mm-schild-kompatibel-mit-lansinoh-milchpumpe-signature-pro-smartpump-manuelle-milchpumpe\/#primaryimage","url":"https:\/\/m.media-amazon.com\/images\/I\/3141UzbWX6L._SL500_.jpg","contentUrl":"https:\/\/m.media-amazon.com\/images\/I\/3141UzbWX6L._SL500_.jpg","width":500,"height":500},{"@type":"BreadcrumbList","@id":"https:\/\/marktxxl.de\/markt\/produkt\/maymom-pumpenventil-myfit-19mm-schild-kompatibel-mit-lansinoh-milchpumpe-signature-pro-smartpump-manuelle-milchpumpe\/#breadcrumb","itemListElement":[{"@type":"ListItem","position":1,"name":"Startseite","item":"https:\/\/marktxxl.de\/markt\/"},{"@type":"ListItem","position":2,"name":"Markt","item":"https:\/\/marktxxl.de\/markt\/"},{"@type":"ListItem","position":3,"name":"Maymom Pumpenventil &amp; Myfit 19Mm Schild Kompatibel Mit Lansinoh Milchpumpe Signature Pro\/Smartpump\/Manuelle Milchpumpe"}]},{"@type":"WebSite","@id":"https:\/\/marktxxl.de\/markt\/#website","url":"https:\/\/marktxxl.de\/markt\/","name":"Markt-XXL","description":"Ihr Markt Online","publisher":{"@id":"https:\/\/marktxxl.de\/markt\/#organization"},"potentialAction":[{"@type":"SearchAction","target":{"@type":"EntryPoint","urlTemplate":"https:\/\/marktxxl.de\/markt\/?s={search_term_string}"},"query-input":{"@type":"PropertyValueSpecification","valueRequired":true,"valueName":"search_term_string"}}],"inLanguage":"de"},{"@type":"Organization","@id":"https:\/\/marktxxl.de\/markt\/#organization","name":"Markt-XXL","url":"https:\/\/marktxxl.de\/markt\/","logo":{"@type":"ImageObject","inLanguage":"de","@id":"https:\/\/marktxxl.de\/markt\/#\/schema\/logo\/image\/","url":"https:\/\/marktxxl.de\/markt\/wp-content\/uploads\/sites\/3\/2020\/12\/logo.png","contentUrl":"https:\/\/marktxxl.de\/markt\/wp-content\/uploads\/sites\/3\/2020\/12\/logo.png","width":200,"height":70,"caption":"Markt-XXL"},"image":{"@id":"https:\/\/marktxxl.de\/markt\/#\/schema\/logo\/image\/"}}]}},"_links":{"self":[{"href":"https:\/\/marktxxl.de\/markt\/wp-json\/wp\/v2\/product\/161726","targetHints":{"allow":["GET"]}}],"collection":[{"href":"https:\/\/marktxxl.de\/markt\/wp-json\/wp\/v2\/product"}],"about":[{"href":"https:\/\/marktxxl.de\/markt\/wp-json\/wp\/v2\/types\/product"}],"replies":[{"embeddable":true,"href":"https:\/\/marktxxl.de\/markt\/wp-json\/wp\/v2\/comments?post=161726"}],"wp:featuredmedia":[{"embeddable":true,"href":"https:\/\/marktxxl.de\/markt\/wp-json\/wp\/v2\/media\/161727"}],"wp:attachment":[{"href":"https:\/\/marktxxl.de\/markt\/wp-json\/wp\/v2\/media?parent=161726"}],"wp:term":[{"taxonomy":"product_brand","embeddable":true,"href":"https:\/\/marktxxl.de\/markt\/wp-json\/wp\/v2\/product_brand?post=161726"},{"taxonomy":"product_cat","embeddable":true,"href":"https:\/\/marktxxl.de\/markt\/wp-json\/wp\/v2\/product_cat?post=161726"},{"taxonomy":"product_tag","embeddable":true,"href":"https:\/\/marktxxl.de\/markt\/wp-json\/wp\/v2\/product_tag?post=161726"}],"curies":[{"name":"wp","href":"https:\/\/api.w.org\/{rel}","templated":true}]}}