{"id":161704,"date":"2022-11-10T20:53:16","date_gmt":"2022-11-10T19:53:16","guid":{"rendered":"https:\/\/marktxxl.de\/markt\/produkt\/8-teiliges-besteck-set-aus-edelstahl-fuer-kinder-kleinkinder-bestehend-aus-4-loeffeln-und-4-gabel-mit-laechelndem-hochglanzpoliert-fuer-den-taeglichen-gebrauch-im-vorschulalter-mehrfarbig\/"},"modified":"2023-04-08T04:14:31","modified_gmt":"2023-04-08T02:14:31","slug":"8-teiliges-besteck-set-aus-edelstahl-fuer-kinder-kleinkinder-bestehend-aus-4-loeffeln-und-4-gabel-mit-laechelndem-hochglanzpoliert-fuer-den-taeglichen-gebrauch-im-vorschulalter-mehrfarbig","status":"publish","type":"product","link":"https:\/\/marktxxl.de\/markt\/produkt\/8-teiliges-besteck-set-aus-edelstahl-fuer-kinder-kleinkinder-bestehend-aus-4-loeffeln-und-4-gabel-mit-laechelndem-hochglanzpoliert-fuer-den-taeglichen-gebrauch-im-vorschulalter-mehrfarbig\/","title":{"rendered":"8-teiliges Besteck-Set aus Edelstahl f\u00fcr Kinder, Kleinkinder, bestehend aus 4 L\u00f6ffeln und 4 Gabel mit l\u00e4chelndem\u2026"},"content":{"rendered":"<p>Qualit\u00e4tsmaterial: Diese Kleinkindgabeln sind aus Edelstahl, ungiftig, rostfrei und sicher f\u00fcr Kinder, sie werden nicht verbiegen und brechen, auch nicht verformt sich in irgendeiner Weise, die f\u00fcr eine lange Zeit verwendet werden kann, geeignet f\u00fcr ausgefallene Feiertagsessen oder den t\u00e4glichen Gebrauch<br \/>\nLustiges Design: Diese Edelstahl-Kleinkind-Utensilien sind mit einem l\u00e4chelnden Muster gestaltet, einfach und niedlich, daher m\u00fcssen Sie keine separaten Utensilien f\u00fcr M\u00e4dchen und Jungen kaufen, was sie dazu ermutigt, sich selbst zu ern\u00e4hren<br \/>\nEinfach zu halten: Die Gabeln und L\u00f6ffel sind einfach zu halten und bequem in jeder Art und Weise, wie Sie es halten, einfacher und sicherer f\u00fcr Kinder, mit ihren kleinen H\u00e4nden zu halten, und der Griff ist glatt und flach, angenehm zu ber\u00fchren<br \/>\nNette Geschenke: Diese niedlichen Kindergabeln und L\u00f6ffel werden eine sch\u00f6ne Geschenkoption f\u00fcr Eltern auf vielen Festivals, wie Babypartys, Geburtstag, Ostern, Weihnachten, Neujahr und mehr, sie werden sehr gl\u00fccklich sein, die praktischen Geschenke zu erhalten<br \/>\nLieferumfang: Sie erhalten 8 St\u00fcck Edelstahl Kleinkind Utensilien im Paket, einschlie\u00dflich 4 St\u00fcck Gabeln und 4 St\u00fcck L\u00f6ffel, genug Menge f\u00fcr Ihren t\u00e4glichen Gebrauch und Ersatzmenge f\u00fcr Ihren t\u00e4glichen Gebrauch und Ersatz<br \/>\n<div class=\"main-cross-sell\" data-asin=\"B092PR6XTN\">\n\n\t<div class=\"WooZone-cross-sell-loader\">\n\t\t<div>\n\t\t\t<div id=\"floatingBarsG\">\n\t\t\t\t<div class=\"blockG\" id=\"rotateG_01\"><\/div>\n\t\t\t\t<div class=\"blockG\" id=\"rotateG_02\"><\/div>\n\t\t\t\t<div class=\"blockG\" id=\"rotateG_03\"><\/div>\n\t\t\t\t<div class=\"blockG\" id=\"rotateG_04\"><\/div>\n\t\t\t\t<div class=\"blockG\" id=\"rotateG_05\"><\/div>\n\t\t\t\t<div class=\"blockG\" id=\"rotateG_06\"><\/div>\n\t\t\t\t<div class=\"blockG\" id=\"rotateG_07\"><\/div>\n\t\t\t\t<div class=\"blockG\" id=\"rotateG_08\"><\/div>\n\t\t\t<\/div>\n\t\t\t<div class=\"WooZone-cross-sell-loader-text\"><\/div>\n\t\t<\/div>\n\t<\/div>\n\n\t\t\n<\/div>\n<div style=\"clear:both;\"><\/div><\/p>\n","protected":false},"excerpt":{"rendered":"<p>Qualit\u00e4tsmaterial: Diese Kleinkindgabeln sind aus Edelstahl, ungiftig, rostfrei und sicher f\u00fcr Kinder, sie werden nicht verbiegen und brechen, auch nicht verformt sich in irgendeiner Weise, die f\u00fcr eine lange Zeit verwendet werden kann, geeignet f\u00fcr ausgefallene Feiertagsessen oder den t\u00e4glichen Gebrauch<br \/>\nLustiges Design: Diese Edelstahl-Kleinkind-Utensilien sind mit einem l\u00e4chelnden Muster gestaltet, einfach und niedlich, daher m\u00fcssen Sie keine separaten Utensilien f\u00fcr M\u00e4dchen und Jungen kaufen, was sie dazu ermutigt, sich selbst zu ern\u00e4hren<br \/>\nEinfach zu halten: Die Gabeln und L\u00f6ffel sind einfach zu halten und bequem in jeder Art und Weise, wie Sie es halten, einfacher und sicherer f\u00fcr Kinder, mit ihren kleinen H\u00e4nden zu halten, und der Griff ist glatt und flach, angenehm zu ber\u00fchren<\/p>\n","protected":false},"featured_media":161705,"comment_status":"open","ping_status":"closed","template":"","meta":[],"product_brand":[],"product_cat":[21,9216],"product_tag":[],"class_list":{"0":"post-161704","1":"product","2":"type-product","3":"status-publish","4":"has-post-thumbnail","6":"product_cat-baby","7":"product_cat-ernaehrung-stillen-baby","8":"pa_brand-geiserailie","9":"pa_manufacturer-geiserailie","10":"pa_model-geiserailie-infant-rg3980","11":"pa_weight-0-440924524-pfund","13":"first","14":"instock","15":"shipping-taxable","16":"purchasable","17":"product-type-simple","18":"customify-col","19":"product-has-gallery"},"yoast_head":"<!-- This site is optimized with the Yoast SEO plugin v27.4 - https:\/\/yoast.com\/product\/yoast-seo-wordpress\/ -->\n<title>8-teiliges Besteck-Set aus Edelstahl f\u00fcr Kinder, Kleinkinder, bestehend aus 4 L\u00f6ffeln und 4 Gabel mit l\u00e4chelndem\u2026 - Markt-XXL<\/title>\n<meta name=\"description\" content=\"Markt-XXL 8-teiliges Besteck-Set aus Edelstahl f\u00fcr Kinder, Kleinkinder, bestehend aus 4 L\u00f6ffeln und 4 Gabel mit l\u00e4chelndem\u2026\" \/>\n<meta name=\"robots\" content=\"index, follow, max-snippet:-1, max-image-preview:large, max-video-preview:-1\" \/>\n<link rel=\"canonical\" href=\"https:\/\/marktxxl.de\/markt\/produkt\/8-teiliges-besteck-set-aus-edelstahl-fuer-kinder-kleinkinder-bestehend-aus-4-loeffeln-und-4-gabel-mit-laechelndem-hochglanzpoliert-fuer-den-taeglichen-gebrauch-im-vorschulalter-mehrfarbig\/\" \/>\n<meta property=\"og:locale\" content=\"de_DE\" \/>\n<meta property=\"og:type\" content=\"article\" \/>\n<meta property=\"og:title\" content=\"8-teiliges Besteck-Set aus Edelstahl f\u00fcr Kinder, Kleinkinder, bestehend aus 4 L\u00f6ffeln und 4 Gabel mit l\u00e4chelndem\u2026 - Markt-XXL\" \/>\n<meta property=\"og:description\" content=\"Markt-XXL 8-teiliges Besteck-Set aus Edelstahl f\u00fcr Kinder, Kleinkinder, bestehend aus 4 L\u00f6ffeln und 4 Gabel mit l\u00e4chelndem\u2026\" \/>\n<meta property=\"og:url\" content=\"https:\/\/marktxxl.de\/markt\/produkt\/8-teiliges-besteck-set-aus-edelstahl-fuer-kinder-kleinkinder-bestehend-aus-4-loeffeln-und-4-gabel-mit-laechelndem-hochglanzpoliert-fuer-den-taeglichen-gebrauch-im-vorschulalter-mehrfarbig\/\" \/>\n<meta property=\"og:site_name\" content=\"Markt-XXL\" \/>\n<meta property=\"article:modified_time\" content=\"2023-04-08T02:14:31+00:00\" \/>\n<meta property=\"og:image\" content=\"https:\/\/m.media-amazon.com\/images\/I\/419N24dRGTS._SL500_.jpg\" \/>\n\t<meta property=\"og:image:width\" content=\"500\" \/>\n\t<meta property=\"og:image:height\" content=\"500\" \/>\n\t<meta property=\"og:image:type\" content=\"image\/jpeg\" \/>\n<meta name=\"twitter:card\" content=\"summary_large_image\" \/>\n<meta name=\"twitter:label1\" content=\"Gesch\u00e4tzte Lesezeit\" \/>\n\t<meta name=\"twitter:data1\" content=\"1\u00a0Minute\" \/>\n<script type=\"application\/ld+json\" class=\"yoast-schema-graph\">{\"@context\":\"https:\\\/\\\/schema.org\",\"@graph\":[{\"@type\":\"WebPage\",\"@id\":\"https:\\\/\\\/marktxxl.de\\\/markt\\\/produkt\\\/8-teiliges-besteck-set-aus-edelstahl-fuer-kinder-kleinkinder-bestehend-aus-4-loeffeln-und-4-gabel-mit-laechelndem-hochglanzpoliert-fuer-den-taeglichen-gebrauch-im-vorschulalter-mehrfarbig\\\/\",\"url\":\"https:\\\/\\\/marktxxl.de\\\/markt\\\/produkt\\\/8-teiliges-besteck-set-aus-edelstahl-fuer-kinder-kleinkinder-bestehend-aus-4-loeffeln-und-4-gabel-mit-laechelndem-hochglanzpoliert-fuer-den-taeglichen-gebrauch-im-vorschulalter-mehrfarbig\\\/\",\"name\":\"8-teiliges Besteck-Set aus Edelstahl f\u00fcr Kinder, Kleinkinder, bestehend aus 4 L\u00f6ffeln und 4 Gabel mit l\u00e4chelndem\u2026 - Markt-XXL\",\"isPartOf\":{\"@id\":\"https:\\\/\\\/marktxxl.de\\\/markt\\\/#website\"},\"primaryImageOfPage\":{\"@id\":\"https:\\\/\\\/marktxxl.de\\\/markt\\\/produkt\\\/8-teiliges-besteck-set-aus-edelstahl-fuer-kinder-kleinkinder-bestehend-aus-4-loeffeln-und-4-gabel-mit-laechelndem-hochglanzpoliert-fuer-den-taeglichen-gebrauch-im-vorschulalter-mehrfarbig\\\/#primaryimage\"},\"image\":{\"@id\":\"https:\\\/\\\/marktxxl.de\\\/markt\\\/produkt\\\/8-teiliges-besteck-set-aus-edelstahl-fuer-kinder-kleinkinder-bestehend-aus-4-loeffeln-und-4-gabel-mit-laechelndem-hochglanzpoliert-fuer-den-taeglichen-gebrauch-im-vorschulalter-mehrfarbig\\\/#primaryimage\"},\"thumbnailUrl\":\"https:\\\/\\\/m.media-amazon.com\\\/images\\\/I\\\/419N24dRGTS._SL500_.jpg\",\"datePublished\":\"2022-11-10T19:53:16+00:00\",\"dateModified\":\"2023-04-08T02:14:31+00:00\",\"description\":\"Markt-XXL 8-teiliges Besteck-Set aus Edelstahl f\u00fcr Kinder, Kleinkinder, bestehend aus 4 L\u00f6ffeln und 4 Gabel mit l\u00e4chelndem\u2026\",\"breadcrumb\":{\"@id\":\"https:\\\/\\\/marktxxl.de\\\/markt\\\/produkt\\\/8-teiliges-besteck-set-aus-edelstahl-fuer-kinder-kleinkinder-bestehend-aus-4-loeffeln-und-4-gabel-mit-laechelndem-hochglanzpoliert-fuer-den-taeglichen-gebrauch-im-vorschulalter-mehrfarbig\\\/#breadcrumb\"},\"inLanguage\":\"de\",\"potentialAction\":[{\"@type\":\"ReadAction\",\"target\":[\"https:\\\/\\\/marktxxl.de\\\/markt\\\/produkt\\\/8-teiliges-besteck-set-aus-edelstahl-fuer-kinder-kleinkinder-bestehend-aus-4-loeffeln-und-4-gabel-mit-laechelndem-hochglanzpoliert-fuer-den-taeglichen-gebrauch-im-vorschulalter-mehrfarbig\\\/\"]}]},{\"@type\":\"ImageObject\",\"inLanguage\":\"de\",\"@id\":\"https:\\\/\\\/marktxxl.de\\\/markt\\\/produkt\\\/8-teiliges-besteck-set-aus-edelstahl-fuer-kinder-kleinkinder-bestehend-aus-4-loeffeln-und-4-gabel-mit-laechelndem-hochglanzpoliert-fuer-den-taeglichen-gebrauch-im-vorschulalter-mehrfarbig\\\/#primaryimage\",\"url\":\"https:\\\/\\\/m.media-amazon.com\\\/images\\\/I\\\/419N24dRGTS._SL500_.jpg\",\"contentUrl\":\"https:\\\/\\\/m.media-amazon.com\\\/images\\\/I\\\/419N24dRGTS._SL500_.jpg\",\"width\":500,\"height\":500},{\"@type\":\"BreadcrumbList\",\"@id\":\"https:\\\/\\\/marktxxl.de\\\/markt\\\/produkt\\\/8-teiliges-besteck-set-aus-edelstahl-fuer-kinder-kleinkinder-bestehend-aus-4-loeffeln-und-4-gabel-mit-laechelndem-hochglanzpoliert-fuer-den-taeglichen-gebrauch-im-vorschulalter-mehrfarbig\\\/#breadcrumb\",\"itemListElement\":[{\"@type\":\"ListItem\",\"position\":1,\"name\":\"Startseite\",\"item\":\"https:\\\/\\\/marktxxl.de\\\/markt\\\/\"},{\"@type\":\"ListItem\",\"position\":2,\"name\":\"Markt\",\"item\":\"https:\\\/\\\/marktxxl.de\\\/markt\\\/\"},{\"@type\":\"ListItem\",\"position\":3,\"name\":\"8-teiliges Besteck-Set aus Edelstahl f\u00fcr Kinder, Kleinkinder, bestehend aus 4 L\u00f6ffeln und 4 Gabel mit l\u00e4chelndem\u2026\"}]},{\"@type\":\"WebSite\",\"@id\":\"https:\\\/\\\/marktxxl.de\\\/markt\\\/#website\",\"url\":\"https:\\\/\\\/marktxxl.de\\\/markt\\\/\",\"name\":\"Markt-XXL\",\"description\":\"Ihr Markt Online\",\"publisher\":{\"@id\":\"https:\\\/\\\/marktxxl.de\\\/markt\\\/#organization\"},\"potentialAction\":[{\"@type\":\"SearchAction\",\"target\":{\"@type\":\"EntryPoint\",\"urlTemplate\":\"https:\\\/\\\/marktxxl.de\\\/markt\\\/?s={search_term_string}\"},\"query-input\":{\"@type\":\"PropertyValueSpecification\",\"valueRequired\":true,\"valueName\":\"search_term_string\"}}],\"inLanguage\":\"de\"},{\"@type\":\"Organization\",\"@id\":\"https:\\\/\\\/marktxxl.de\\\/markt\\\/#organization\",\"name\":\"Markt-XXL\",\"url\":\"https:\\\/\\\/marktxxl.de\\\/markt\\\/\",\"logo\":{\"@type\":\"ImageObject\",\"inLanguage\":\"de\",\"@id\":\"https:\\\/\\\/marktxxl.de\\\/markt\\\/#\\\/schema\\\/logo\\\/image\\\/\",\"url\":\"https:\\\/\\\/marktxxl.de\\\/markt\\\/wp-content\\\/uploads\\\/sites\\\/3\\\/2020\\\/12\\\/logo.png\",\"contentUrl\":\"https:\\\/\\\/marktxxl.de\\\/markt\\\/wp-content\\\/uploads\\\/sites\\\/3\\\/2020\\\/12\\\/logo.png\",\"width\":200,\"height\":70,\"caption\":\"Markt-XXL\"},\"image\":{\"@id\":\"https:\\\/\\\/marktxxl.de\\\/markt\\\/#\\\/schema\\\/logo\\\/image\\\/\"}}]}<\/script>\n<!-- \/ Yoast SEO plugin. -->","yoast_head_json":{"title":"8-teiliges Besteck-Set aus Edelstahl f\u00fcr Kinder, Kleinkinder, bestehend aus 4 L\u00f6ffeln und 4 Gabel mit l\u00e4chelndem\u2026 - Markt-XXL","description":"Markt-XXL 8-teiliges Besteck-Set aus Edelstahl f\u00fcr Kinder, Kleinkinder, bestehend aus 4 L\u00f6ffeln und 4 Gabel mit l\u00e4chelndem\u2026","robots":{"index":"index","follow":"follow","max-snippet":"max-snippet:-1","max-image-preview":"max-image-preview:large","max-video-preview":"max-video-preview:-1"},"canonical":"https:\/\/marktxxl.de\/markt\/produkt\/8-teiliges-besteck-set-aus-edelstahl-fuer-kinder-kleinkinder-bestehend-aus-4-loeffeln-und-4-gabel-mit-laechelndem-hochglanzpoliert-fuer-den-taeglichen-gebrauch-im-vorschulalter-mehrfarbig\/","og_locale":"de_DE","og_type":"article","og_title":"8-teiliges Besteck-Set aus Edelstahl f\u00fcr Kinder, Kleinkinder, bestehend aus 4 L\u00f6ffeln und 4 Gabel mit l\u00e4chelndem\u2026 - Markt-XXL","og_description":"Markt-XXL 8-teiliges Besteck-Set aus Edelstahl f\u00fcr Kinder, Kleinkinder, bestehend aus 4 L\u00f6ffeln und 4 Gabel mit l\u00e4chelndem\u2026","og_url":"https:\/\/marktxxl.de\/markt\/produkt\/8-teiliges-besteck-set-aus-edelstahl-fuer-kinder-kleinkinder-bestehend-aus-4-loeffeln-und-4-gabel-mit-laechelndem-hochglanzpoliert-fuer-den-taeglichen-gebrauch-im-vorschulalter-mehrfarbig\/","og_site_name":"Markt-XXL","article_modified_time":"2023-04-08T02:14:31+00:00","og_image":[{"width":500,"height":500,"url":"https:\/\/m.media-amazon.com\/images\/I\/419N24dRGTS._SL500_.jpg","type":"image\/jpeg"}],"twitter_card":"summary_large_image","twitter_misc":{"Gesch\u00e4tzte Lesezeit":"1\u00a0Minute"},"schema":{"@context":"https:\/\/schema.org","@graph":[{"@type":"WebPage","@id":"https:\/\/marktxxl.de\/markt\/produkt\/8-teiliges-besteck-set-aus-edelstahl-fuer-kinder-kleinkinder-bestehend-aus-4-loeffeln-und-4-gabel-mit-laechelndem-hochglanzpoliert-fuer-den-taeglichen-gebrauch-im-vorschulalter-mehrfarbig\/","url":"https:\/\/marktxxl.de\/markt\/produkt\/8-teiliges-besteck-set-aus-edelstahl-fuer-kinder-kleinkinder-bestehend-aus-4-loeffeln-und-4-gabel-mit-laechelndem-hochglanzpoliert-fuer-den-taeglichen-gebrauch-im-vorschulalter-mehrfarbig\/","name":"8-teiliges Besteck-Set aus Edelstahl f\u00fcr Kinder, Kleinkinder, bestehend aus 4 L\u00f6ffeln und 4 Gabel mit l\u00e4chelndem\u2026 - Markt-XXL","isPartOf":{"@id":"https:\/\/marktxxl.de\/markt\/#website"},"primaryImageOfPage":{"@id":"https:\/\/marktxxl.de\/markt\/produkt\/8-teiliges-besteck-set-aus-edelstahl-fuer-kinder-kleinkinder-bestehend-aus-4-loeffeln-und-4-gabel-mit-laechelndem-hochglanzpoliert-fuer-den-taeglichen-gebrauch-im-vorschulalter-mehrfarbig\/#primaryimage"},"image":{"@id":"https:\/\/marktxxl.de\/markt\/produkt\/8-teiliges-besteck-set-aus-edelstahl-fuer-kinder-kleinkinder-bestehend-aus-4-loeffeln-und-4-gabel-mit-laechelndem-hochglanzpoliert-fuer-den-taeglichen-gebrauch-im-vorschulalter-mehrfarbig\/#primaryimage"},"thumbnailUrl":"https:\/\/m.media-amazon.com\/images\/I\/419N24dRGTS._SL500_.jpg","datePublished":"2022-11-10T19:53:16+00:00","dateModified":"2023-04-08T02:14:31+00:00","description":"Markt-XXL 8-teiliges Besteck-Set aus Edelstahl f\u00fcr Kinder, Kleinkinder, bestehend aus 4 L\u00f6ffeln und 4 Gabel mit l\u00e4chelndem\u2026","breadcrumb":{"@id":"https:\/\/marktxxl.de\/markt\/produkt\/8-teiliges-besteck-set-aus-edelstahl-fuer-kinder-kleinkinder-bestehend-aus-4-loeffeln-und-4-gabel-mit-laechelndem-hochglanzpoliert-fuer-den-taeglichen-gebrauch-im-vorschulalter-mehrfarbig\/#breadcrumb"},"inLanguage":"de","potentialAction":[{"@type":"ReadAction","target":["https:\/\/marktxxl.de\/markt\/produkt\/8-teiliges-besteck-set-aus-edelstahl-fuer-kinder-kleinkinder-bestehend-aus-4-loeffeln-und-4-gabel-mit-laechelndem-hochglanzpoliert-fuer-den-taeglichen-gebrauch-im-vorschulalter-mehrfarbig\/"]}]},{"@type":"ImageObject","inLanguage":"de","@id":"https:\/\/marktxxl.de\/markt\/produkt\/8-teiliges-besteck-set-aus-edelstahl-fuer-kinder-kleinkinder-bestehend-aus-4-loeffeln-und-4-gabel-mit-laechelndem-hochglanzpoliert-fuer-den-taeglichen-gebrauch-im-vorschulalter-mehrfarbig\/#primaryimage","url":"https:\/\/m.media-amazon.com\/images\/I\/419N24dRGTS._SL500_.jpg","contentUrl":"https:\/\/m.media-amazon.com\/images\/I\/419N24dRGTS._SL500_.jpg","width":500,"height":500},{"@type":"BreadcrumbList","@id":"https:\/\/marktxxl.de\/markt\/produkt\/8-teiliges-besteck-set-aus-edelstahl-fuer-kinder-kleinkinder-bestehend-aus-4-loeffeln-und-4-gabel-mit-laechelndem-hochglanzpoliert-fuer-den-taeglichen-gebrauch-im-vorschulalter-mehrfarbig\/#breadcrumb","itemListElement":[{"@type":"ListItem","position":1,"name":"Startseite","item":"https:\/\/marktxxl.de\/markt\/"},{"@type":"ListItem","position":2,"name":"Markt","item":"https:\/\/marktxxl.de\/markt\/"},{"@type":"ListItem","position":3,"name":"8-teiliges Besteck-Set aus Edelstahl f\u00fcr Kinder, Kleinkinder, bestehend aus 4 L\u00f6ffeln und 4 Gabel mit l\u00e4chelndem\u2026"}]},{"@type":"WebSite","@id":"https:\/\/marktxxl.de\/markt\/#website","url":"https:\/\/marktxxl.de\/markt\/","name":"Markt-XXL","description":"Ihr Markt Online","publisher":{"@id":"https:\/\/marktxxl.de\/markt\/#organization"},"potentialAction":[{"@type":"SearchAction","target":{"@type":"EntryPoint","urlTemplate":"https:\/\/marktxxl.de\/markt\/?s={search_term_string}"},"query-input":{"@type":"PropertyValueSpecification","valueRequired":true,"valueName":"search_term_string"}}],"inLanguage":"de"},{"@type":"Organization","@id":"https:\/\/marktxxl.de\/markt\/#organization","name":"Markt-XXL","url":"https:\/\/marktxxl.de\/markt\/","logo":{"@type":"ImageObject","inLanguage":"de","@id":"https:\/\/marktxxl.de\/markt\/#\/schema\/logo\/image\/","url":"https:\/\/marktxxl.de\/markt\/wp-content\/uploads\/sites\/3\/2020\/12\/logo.png","contentUrl":"https:\/\/marktxxl.de\/markt\/wp-content\/uploads\/sites\/3\/2020\/12\/logo.png","width":200,"height":70,"caption":"Markt-XXL"},"image":{"@id":"https:\/\/marktxxl.de\/markt\/#\/schema\/logo\/image\/"}}]}},"_links":{"self":[{"href":"https:\/\/marktxxl.de\/markt\/wp-json\/wp\/v2\/product\/161704","targetHints":{"allow":["GET"]}}],"collection":[{"href":"https:\/\/marktxxl.de\/markt\/wp-json\/wp\/v2\/product"}],"about":[{"href":"https:\/\/marktxxl.de\/markt\/wp-json\/wp\/v2\/types\/product"}],"replies":[{"embeddable":true,"href":"https:\/\/marktxxl.de\/markt\/wp-json\/wp\/v2\/comments?post=161704"}],"wp:featuredmedia":[{"embeddable":true,"href":"https:\/\/marktxxl.de\/markt\/wp-json\/wp\/v2\/media\/161705"}],"wp:attachment":[{"href":"https:\/\/marktxxl.de\/markt\/wp-json\/wp\/v2\/media?parent=161704"}],"wp:term":[{"taxonomy":"product_brand","embeddable":true,"href":"https:\/\/marktxxl.de\/markt\/wp-json\/wp\/v2\/product_brand?post=161704"},{"taxonomy":"product_cat","embeddable":true,"href":"https:\/\/marktxxl.de\/markt\/wp-json\/wp\/v2\/product_cat?post=161704"},{"taxonomy":"product_tag","embeddable":true,"href":"https:\/\/marktxxl.de\/markt\/wp-json\/wp\/v2\/product_tag?post=161704"}],"curies":[{"name":"wp","href":"https:\/\/api.w.org\/{rel}","templated":true}]}}